{"id":73131,"date":"2020-04-01T10:11:23","date_gmt":"2020-04-01T08:11:23","guid":{"rendered":"https:\/\/theworldbilliards.com\/?post_type=product&#038;p=73131"},"modified":"2025-09-26T11:37:41","modified_gmt":"2025-09-26T09:37:41","slug":"billard-verona","status":"publish","type":"product","link":"https:\/\/theworldbilliards.com\/fr\/produit\/billard-verona\/","title":{"rendered":"Billard Verona"},"content":{"rendered":"<p>Le design pr\u00e9cieux et \u00e9l\u00e9gant du billard V\u00e9rone, soulign\u00e9 par des sculptures en bois \u00e9labor\u00e9es \u00e0 la main et d\u00e9cor\u00e9es \u00e0 la feuille d&rsquo;or, fait du mod\u00e8le V\u00e9rone un billard de style unique. Ce mod\u00e8le se distingue \u00e9galement par son syst\u00e8me exclusif et innovant de collecte de balles unifi\u00e9es, unique en son genre.<\/p>\n<p><strong>Tapis Simonis<\/strong><\/p>\n<p><img loading=\"lazy\" decoding=\"async\" class=\"alignnone size-medium wp-image-72699\" src=\"https:\/\/theworldbilliards.com\/wp-content\/uploads\/2017\/01\/simonis-300x218.jpg\" alt=\"\" width=\"300\" height=\"218\" srcset=\"https:\/\/theworldbilliards.com\/wp-content\/uploads\/2017\/01\/simonis-300x218.jpg 300w, https:\/\/theworldbilliards.com\/wp-content\/uploads\/2017\/01\/simonis-600x437.jpg 600w, https:\/\/theworldbilliards.com\/wp-content\/uploads\/2017\/01\/simonis-768x559.jpg 768w, https:\/\/theworldbilliards.com\/wp-content\/uploads\/2017\/01\/simonis-416x303.jpg 416w, https:\/\/theworldbilliards.com\/wp-content\/uploads\/2017\/01\/simonis.jpg 920w\" sizes=\"auto, (max-width: 300px) 100vw, 300px\" \/><\/p>\n<p class=\"product_title entry-title\"><strong>Kit d\u2019accessoires Brunswick Centennial inclus<\/strong><\/p>\n<ul>\n<li>Jeuex de boules Centennial Pocket en resine fenolique haute qualit\u00e9<\/li>\n<li>4 queues Centennial 2 pi\u00e8ces<\/li>\n<li>Queue court 2 pi\u00e8ces<\/li>\n<li>Queue allongeur 2 pi\u00e8ces<\/li>\n<li>T\u00eate pour allongeur en laiton<\/li>\n<li>Triangle en bois Big Break pour Pool boule 8<\/li>\n<li>Triangle en bois pour jeu 9 boules<\/li>\n<li>1 Brosse<\/li>\n<\/ul>\n<p><img loading=\"lazy\" decoding=\"async\" class=\"wp-image-103074 size-full alignleft\" src=\"https:\/\/theworldbilliards.com\/wp-content\/uploads\/2024\/04\/Brunswick-kit-centennial.jpg\" alt=\"\" width=\"708\" height=\"447\" srcset=\"https:\/\/theworldbilliards.com\/wp-content\/uploads\/2024\/04\/Brunswick-kit-centennial.jpg 708w, https:\/\/theworldbilliards.com\/wp-content\/uploads\/2024\/04\/Brunswick-kit-centennial-600x379.jpg 600w, https:\/\/theworldbilliards.com\/wp-content\/uploads\/2024\/04\/Brunswick-kit-centennial-300x189.jpg 300w\" sizes=\"auto, (max-width: 708px) 100vw, 708px\" \/><\/p>\n<p>&nbsp;<\/p>\n<p>&nbsp;<\/p>\n<p>&nbsp;<\/p>\n<p>&nbsp;<\/p>\n<p>&nbsp;<\/p>\n<p>&nbsp;<\/p>\n<p>&nbsp;<\/p>\n<p>&nbsp;<\/p>\n<p>&nbsp;<\/p>\n<p>Nous fabriquons nos tables Gold au billard am\u00e9ricain, en snooker anglais, billard russe pyramide, fran\u00e7ais carambole.<\/p>\n","protected":false},"excerpt":{"rendered":"<p>Le design pr\u00e9cieux et \u00e9l\u00e9gant du billard V\u00e9rone, soulign\u00e9 par des sculptures en bois \u00e9labor\u00e9es \u00e0 la main et d\u00e9cor\u00e9es [&hellip;]<\/p>\n","protected":false},"featured_media":73134,"template":"","meta":{"site-sidebar-layout":"default","site-content-layout":"","ast-site-content-layout":"default","site-content-style":"default","site-sidebar-style":"default","ast-global-header-display":"","ast-banner-title-visibility":"","ast-main-header-display":"","ast-hfb-above-header-display":"","ast-hfb-below-header-display":"","ast-hfb-mobile-header-display":"","site-post-title":"","ast-breadcrumbs-content":"","ast-featured-img":"","footer-sml-layout":"","ast-disable-related-posts":"","theme-transparent-header-meta":"default","adv-header-id-meta":"","stick-header-meta":"","header-above-stick-meta":"","header-main-stick-meta":"","header-below-stick-meta":"","astra-migrate-meta-layouts":"default","ast-page-background-enabled":"default","ast-page-background-meta":{"desktop":{"background-color":"var(--ast-global-color-4)","background-image":"","background-repeat":"repeat","background-position":"center center","background-size":"auto","background-attachment":"scroll","background-type":"","background-media":"","overlay-type":"","overlay-color":"","overlay-opacity":"","overlay-gradient":""},"tablet":{"background-color":"","background-image":"","background-repeat":"repeat","background-position":"center center","background-size":"auto","background-attachment":"scroll","background-type":"","background-media":"","overlay-type":"","overlay-color":"","overlay-opacity":"","overlay-gradient":""},"mobile":{"background-color":"","background-image":"","background-repeat":"repeat","background-position":"center center","background-size":"auto","background-attachment":"scroll","background-type":"","background-media":"","overlay-type":"","overlay-color":"","overlay-opacity":"","overlay-gradient":""}},"ast-content-background-meta":{"desktop":{"background-color":"var(--ast-global-color-5)","background-image":"","background-repeat":"repeat","background-position":"center center","background-size":"auto","background-attachment":"scroll","background-type":"","background-media":"","overlay-type":"","overlay-color":"","overlay-opacity":"","overlay-gradient":""},"tablet":{"background-color":"var(--ast-global-color-5)","background-image":"","background-repeat":"repeat","background-position":"center center","background-size":"auto","background-attachment":"scroll","background-type":"","background-media":"","overlay-type":"","overlay-color":"","overlay-opacity":"","overlay-gradient":""},"mobile":{"background-color":"var(--ast-global-color-5)","background-image":"","background-repeat":"repeat","background-position":"center center","background-size":"auto","background-attachment":"scroll","background-type":"","background-media":"","overlay-type":"","overlay-color":"","overlay-opacity":"","overlay-gradient":""}}},"product_brand":[],"product_cat":[1265],"product_tag":[],"class_list":{"0":"post-73131","1":"product","2":"type-product","3":"status-publish","4":"has-post-thumbnail","6":"product_cat-billiard-gold","7":"product_shipping_class-billard","8":"desktop-align-center","9":"tablet-align-left","10":"mobile-align-left","12":"first","13":"instock","14":"taxable","15":"shipping-taxable","16":"product-type-simple"},"yoast_head":"<!-- This site is optimized with the Yoast SEO plugin v27.4 - https:\/\/yoast.com\/product\/yoast-seo-wordpress\/ -->\n<title>Acheter Billard Verona - The World Billiards<\/title>\n<meta name=\"description\" content=\"Le design pr\u00e9cieux et \u00e9l\u00e9gant du billard V\u00e9rone, soulign\u00e9 par des sculptures en bois \u00e9labor\u00e9es \u00e0 la main et d\u00e9cor\u00e9es \u00e0 la feuille d&#039;or, fait du mod\u00e8le V\u00e9rone un billard de style unique. Ce mod\u00e8le se distingue \u00e9galement par son syst\u00e8me exclusif et innovant de collecte de balles unifi\u00e9es, unique en son genre.  Tapis Simonis   Kit d\u2019accessoires Brunswick Centennial inclus    Jeuex de boules Centennial Pocket en resine fenolique haute qualit\u00e9  4 queues Centennial 2 pi\u00e8ces  Queue court 2 pi\u00e8ces  Queue allongeur 2 pi\u00e8ces  T\u00eate pour allongeur en laiton  Triangle en bois Big Break pour Pool boule 8  Triangle en bois pour jeu 9 boules  1 Brosse   &nbsp; &nbsp; &nbsp; &nbsp; &nbsp; &nbsp; &nbsp; &nbsp; &nbsp;  Nous fabriquons nos tables Gold au billard am\u00e9ricain, en snooker anglais, billard russe pyramide, fran\u00e7ais carambole.\" \/>\n<meta name=\"robots\" content=\"index, follow, max-snippet:-1, max-image-preview:large, max-video-preview:-1\" \/>\n<link rel=\"canonical\" href=\"https:\/\/theworldbilliards.com\/fr\/produit\/billard-verona\/\" \/>\n<meta property=\"og:locale\" content=\"fr_FR\" \/>\n<meta property=\"og:type\" content=\"article\" \/>\n<meta property=\"og:title\" content=\"Acheter Billard Verona - The World Billiards\" \/>\n<meta property=\"og:description\" content=\"Le design pr\u00e9cieux et \u00e9l\u00e9gant du billard V\u00e9rone, soulign\u00e9 par des sculptures en bois \u00e9labor\u00e9es \u00e0 la main et d\u00e9cor\u00e9es \u00e0 la feuille d&#039;or, fait du mod\u00e8le V\u00e9rone un billard de style unique. Ce mod\u00e8le se distingue \u00e9galement par son syst\u00e8me exclusif et innovant de collecte de balles unifi\u00e9es, unique en son genre.  Tapis Simonis   Kit d\u2019accessoires Brunswick Centennial inclus    Jeuex de boules Centennial Pocket en resine fenolique haute qualit\u00e9  4 queues Centennial 2 pi\u00e8ces  Queue court 2 pi\u00e8ces  Queue allongeur 2 pi\u00e8ces  T\u00eate pour allongeur en laiton  Triangle en bois Big Break pour Pool boule 8  Triangle en bois pour jeu 9 boules  1 Brosse   &nbsp; &nbsp; &nbsp; &nbsp; &nbsp; &nbsp; &nbsp; &nbsp; &nbsp;  Nous fabriquons nos tables Gold au billard am\u00e9ricain, en snooker anglais, billard russe pyramide, fran\u00e7ais carambole.\" \/>\n<meta property=\"og:url\" content=\"https:\/\/theworldbilliards.com\/fr\/produit\/billard-verona\/\" \/>\n<meta property=\"og:site_name\" content=\"The World Billiards\" \/>\n<meta property=\"article:publisher\" content=\"https:\/\/www.facebook.com\/baby.foot.superbes\" \/>\n<meta property=\"article:modified_time\" content=\"2025-09-26T09:37:41+00:00\" \/>\n<meta property=\"og:image\" content=\"https:\/\/theworldbilliards.com\/wp-content\/uploads\/2020\/04\/verona.jpg\" \/>\n\t<meta property=\"og:image:width\" content=\"1200\" \/>\n\t<meta property=\"og:image:height\" content=\"675\" \/>\n\t<meta property=\"og:image:type\" content=\"image\/jpeg\" \/>\n<meta name=\"twitter:card\" content=\"summary_large_image\" \/>\n<script type=\"application\/ld+json\" class=\"yoast-schema-graph\">{\"@context\":\"https:\\\/\\\/schema.org\",\"@graph\":[{\"@type\":\"WebPage\",\"@id\":\"https:\\\/\\\/theworldbilliards.com\\\/fr\\\/produit\\\/billard-verona\\\/\",\"url\":\"https:\\\/\\\/theworldbilliards.com\\\/fr\\\/produit\\\/billard-verona\\\/\",\"name\":\"Acheter Billard Verona - The World Billiards\",\"isPartOf\":{\"@id\":\"https:\\\/\\\/theworldbilliards.com\\\/fr\\\/#website\"},\"primaryImageOfPage\":{\"@id\":\"https:\\\/\\\/theworldbilliards.com\\\/fr\\\/produit\\\/billard-verona\\\/#primaryimage\"},\"image\":{\"@id\":\"https:\\\/\\\/theworldbilliards.com\\\/fr\\\/produit\\\/billard-verona\\\/#primaryimage\"},\"thumbnailUrl\":\"https:\\\/\\\/theworldbilliards.com\\\/wp-content\\\/uploads\\\/2020\\\/04\\\/verona.jpg\",\"datePublished\":\"2020-04-01T08:11:23+00:00\",\"dateModified\":\"2025-09-26T09:37:41+00:00\",\"description\":\"Le design pr\u00e9cieux et \u00e9l\u00e9gant du billard V\u00e9rone, soulign\u00e9 par des sculptures en bois \u00e9labor\u00e9es \u00e0 la main et d\u00e9cor\u00e9es \u00e0 la feuille d'or, fait du mod\u00e8le V\u00e9rone un billard de style unique. Ce mod\u00e8le se distingue \u00e9galement par son syst\u00e8me exclusif et innovant de collecte de balles unifi\u00e9es, unique en son genre. Tapis Simonis Kit d\u2019accessoires Brunswick Centennial inclus Jeuex de boules Centennial Pocket en resine fenolique haute qualit\u00e9 4 queues Centennial 2 pi\u00e8ces Queue court 2 pi\u00e8ces Queue allongeur 2 pi\u00e8ces T\u00eate pour allongeur en laiton Triangle en bois Big Break pour Pool boule 8 Triangle en bois pour jeu 9 boules 1 Brosse &nbsp; &nbsp; &nbsp; &nbsp; &nbsp; &nbsp; &nbsp; &nbsp; &nbsp; Nous fabriquons nos tables Gold au billard am\u00e9ricain, en snooker anglais, billard russe pyramide, fran\u00e7ais carambole.\",\"breadcrumb\":{\"@id\":\"https:\\\/\\\/theworldbilliards.com\\\/fr\\\/produit\\\/billard-verona\\\/#breadcrumb\"},\"inLanguage\":\"fr-FR\",\"potentialAction\":[{\"@type\":\"ReadAction\",\"target\":[\"https:\\\/\\\/theworldbilliards.com\\\/fr\\\/produit\\\/billard-verona\\\/\"]}]},{\"@type\":\"ImageObject\",\"inLanguage\":\"fr-FR\",\"@id\":\"https:\\\/\\\/theworldbilliards.com\\\/fr\\\/produit\\\/billard-verona\\\/#primaryimage\",\"url\":\"https:\\\/\\\/theworldbilliards.com\\\/wp-content\\\/uploads\\\/2020\\\/04\\\/verona.jpg\",\"contentUrl\":\"https:\\\/\\\/theworldbilliards.com\\\/wp-content\\\/uploads\\\/2020\\\/04\\\/verona.jpg\",\"width\":1200,\"height\":675},{\"@type\":\"BreadcrumbList\",\"@id\":\"https:\\\/\\\/theworldbilliards.com\\\/fr\\\/produit\\\/billard-verona\\\/#breadcrumb\",\"itemListElement\":[{\"@type\":\"ListItem\",\"position\":1,\"name\":\"In\u00edcio\",\"item\":\"https:\\\/\\\/theworldbilliards.com\\\/fr\\\/\"},{\"@type\":\"ListItem\",\"position\":2,\"name\":\"Boutique en ligne\",\"item\":\"https:\\\/\\\/theworldbilliards.com\\\/fr\\\/boutique-theworldbilliards\\\/\"},{\"@type\":\"ListItem\",\"position\":3,\"name\":\"Billard Verona\"}]},{\"@type\":\"WebSite\",\"@id\":\"https:\\\/\\\/theworldbilliards.com\\\/fr\\\/#website\",\"url\":\"https:\\\/\\\/theworldbilliards.com\\\/fr\\\/\",\"name\":\"TheWorldBilliards\",\"description\":\"Achetez ici billard, baby-foot, ping-pong et bowling\",\"publisher\":{\"@id\":\"https:\\\/\\\/theworldbilliards.com\\\/fr\\\/#organization\"},\"alternateName\":\"The world billiards\",\"potentialAction\":[{\"@type\":\"SearchAction\",\"target\":{\"@type\":\"EntryPoint\",\"urlTemplate\":\"https:\\\/\\\/theworldbilliards.com\\\/fr\\\/?s={search_term_string}\"},\"query-input\":{\"@type\":\"PropertyValueSpecification\",\"valueRequired\":true,\"valueName\":\"search_term_string\"}}],\"inLanguage\":\"fr-FR\"},{\"@type\":\"Organization\",\"@id\":\"https:\\\/\\\/theworldbilliards.com\\\/fr\\\/#organization\",\"name\":\"The World Billiards\",\"alternateName\":\"The World Billiards\",\"url\":\"https:\\\/\\\/theworldbilliards.com\\\/fr\\\/\",\"logo\":{\"@type\":\"ImageObject\",\"inLanguage\":\"fr-FR\",\"@id\":\"https:\\\/\\\/theworldbilliards.com\\\/fr\\\/#\\\/schema\\\/logo\\\/image\\\/\",\"url\":\"\",\"contentUrl\":\"\",\"caption\":\"The World Billiards\"},\"image\":{\"@id\":\"https:\\\/\\\/theworldbilliards.com\\\/fr\\\/#\\\/schema\\\/logo\\\/image\\\/\"},\"sameAs\":[\"https:\\\/\\\/www.facebook.com\\\/baby.foot.superbes\",\"https:\\\/\\\/www.youtube.com\\\/channel\\\/UCIMuOVAaUcH6UpZcsZlH0Tg\",\"https:\\\/\\\/www.facebook.com\\\/people\\\/Brunswick-Billiards-EspaaPortugal\\\/100066446264309\\\/\",\"https:\\\/\\\/www.instagram.com\\\/the_world_billiards\\\/\",\"https:\\\/\\\/www.pinterest.es\\\/Theworldbilliards\\\/\"]}]}<\/script>\n<!-- \/ Yoast SEO plugin. -->","yoast_head_json":{"title":"Acheter Billard Verona - The World Billiards","description":"Le design pr\u00e9cieux et \u00e9l\u00e9gant du billard V\u00e9rone, soulign\u00e9 par des sculptures en bois \u00e9labor\u00e9es \u00e0 la main et d\u00e9cor\u00e9es \u00e0 la feuille d'or, fait du mod\u00e8le V\u00e9rone un billard de style unique. Ce mod\u00e8le se distingue \u00e9galement par son syst\u00e8me exclusif et innovant de collecte de balles unifi\u00e9es, unique en son genre.  Tapis Simonis   Kit d\u2019accessoires Brunswick Centennial inclus    Jeuex de boules Centennial Pocket en resine fenolique haute qualit\u00e9  4 queues Centennial 2 pi\u00e8ces  Queue court 2 pi\u00e8ces  Queue allongeur 2 pi\u00e8ces  T\u00eate pour allongeur en laiton  Triangle en bois Big Break pour Pool boule 8  Triangle en bois pour jeu 9 boules  1 Brosse   &nbsp; &nbsp; &nbsp; &nbsp; &nbsp; &nbsp; &nbsp; &nbsp; &nbsp;  Nous fabriquons nos tables Gold au billard am\u00e9ricain, en snooker anglais, billard russe pyramide, fran\u00e7ais carambole.","robots":{"index":"index","follow":"follow","max-snippet":"max-snippet:-1","max-image-preview":"max-image-preview:large","max-video-preview":"max-video-preview:-1"},"canonical":"https:\/\/theworldbilliards.com\/fr\/produit\/billard-verona\/","og_locale":"fr_FR","og_type":"article","og_title":"Acheter Billard Verona - The World Billiards","og_description":"Le design pr\u00e9cieux et \u00e9l\u00e9gant du billard V\u00e9rone, soulign\u00e9 par des sculptures en bois \u00e9labor\u00e9es \u00e0 la main et d\u00e9cor\u00e9es \u00e0 la feuille d'or, fait du mod\u00e8le V\u00e9rone un billard de style unique. Ce mod\u00e8le se distingue \u00e9galement par son syst\u00e8me exclusif et innovant de collecte de balles unifi\u00e9es, unique en son genre.  Tapis Simonis   Kit d\u2019accessoires Brunswick Centennial inclus    Jeuex de boules Centennial Pocket en resine fenolique haute qualit\u00e9  4 queues Centennial 2 pi\u00e8ces  Queue court 2 pi\u00e8ces  Queue allongeur 2 pi\u00e8ces  T\u00eate pour allongeur en laiton  Triangle en bois Big Break pour Pool boule 8  Triangle en bois pour jeu 9 boules  1 Brosse   &nbsp; &nbsp; &nbsp; &nbsp; &nbsp; &nbsp; &nbsp; &nbsp; &nbsp;  Nous fabriquons nos tables Gold au billard am\u00e9ricain, en snooker anglais, billard russe pyramide, fran\u00e7ais carambole.","og_url":"https:\/\/theworldbilliards.com\/fr\/produit\/billard-verona\/","og_site_name":"The World Billiards","article_publisher":"https:\/\/www.facebook.com\/baby.foot.superbes","article_modified_time":"2025-09-26T09:37:41+00:00","og_image":[{"width":1200,"height":675,"url":"https:\/\/theworldbilliards.com\/wp-content\/uploads\/2020\/04\/verona.jpg","type":"image\/jpeg"}],"twitter_card":"summary_large_image","schema":{"@context":"https:\/\/schema.org","@graph":[{"@type":"WebPage","@id":"https:\/\/theworldbilliards.com\/fr\/produit\/billard-verona\/","url":"https:\/\/theworldbilliards.com\/fr\/produit\/billard-verona\/","name":"Acheter Billard Verona - The World Billiards","isPartOf":{"@id":"https:\/\/theworldbilliards.com\/fr\/#website"},"primaryImageOfPage":{"@id":"https:\/\/theworldbilliards.com\/fr\/produit\/billard-verona\/#primaryimage"},"image":{"@id":"https:\/\/theworldbilliards.com\/fr\/produit\/billard-verona\/#primaryimage"},"thumbnailUrl":"https:\/\/theworldbilliards.com\/wp-content\/uploads\/2020\/04\/verona.jpg","datePublished":"2020-04-01T08:11:23+00:00","dateModified":"2025-09-26T09:37:41+00:00","description":"Le design pr\u00e9cieux et \u00e9l\u00e9gant du billard V\u00e9rone, soulign\u00e9 par des sculptures en bois \u00e9labor\u00e9es \u00e0 la main et d\u00e9cor\u00e9es \u00e0 la feuille d'or, fait du mod\u00e8le V\u00e9rone un billard de style unique. Ce mod\u00e8le se distingue \u00e9galement par son syst\u00e8me exclusif et innovant de collecte de balles unifi\u00e9es, unique en son genre. Tapis Simonis Kit d\u2019accessoires Brunswick Centennial inclus Jeuex de boules Centennial Pocket en resine fenolique haute qualit\u00e9 4 queues Centennial 2 pi\u00e8ces Queue court 2 pi\u00e8ces Queue allongeur 2 pi\u00e8ces T\u00eate pour allongeur en laiton Triangle en bois Big Break pour Pool boule 8 Triangle en bois pour jeu 9 boules 1 Brosse &nbsp; &nbsp; &nbsp; &nbsp; &nbsp; &nbsp; &nbsp; &nbsp; &nbsp; Nous fabriquons nos tables Gold au billard am\u00e9ricain, en snooker anglais, billard russe pyramide, fran\u00e7ais carambole.","breadcrumb":{"@id":"https:\/\/theworldbilliards.com\/fr\/produit\/billard-verona\/#breadcrumb"},"inLanguage":"fr-FR","potentialAction":[{"@type":"ReadAction","target":["https:\/\/theworldbilliards.com\/fr\/produit\/billard-verona\/"]}]},{"@type":"ImageObject","inLanguage":"fr-FR","@id":"https:\/\/theworldbilliards.com\/fr\/produit\/billard-verona\/#primaryimage","url":"https:\/\/theworldbilliards.com\/wp-content\/uploads\/2020\/04\/verona.jpg","contentUrl":"https:\/\/theworldbilliards.com\/wp-content\/uploads\/2020\/04\/verona.jpg","width":1200,"height":675},{"@type":"BreadcrumbList","@id":"https:\/\/theworldbilliards.com\/fr\/produit\/billard-verona\/#breadcrumb","itemListElement":[{"@type":"ListItem","position":1,"name":"In\u00edcio","item":"https:\/\/theworldbilliards.com\/fr\/"},{"@type":"ListItem","position":2,"name":"Boutique en ligne","item":"https:\/\/theworldbilliards.com\/fr\/boutique-theworldbilliards\/"},{"@type":"ListItem","position":3,"name":"Billard Verona"}]},{"@type":"WebSite","@id":"https:\/\/theworldbilliards.com\/fr\/#website","url":"https:\/\/theworldbilliards.com\/fr\/","name":"TheWorldBilliards","description":"Achetez ici billard, baby-foot, ping-pong et bowling","publisher":{"@id":"https:\/\/theworldbilliards.com\/fr\/#organization"},"alternateName":"The world billiards","potentialAction":[{"@type":"SearchAction","target":{"@type":"EntryPoint","urlTemplate":"https:\/\/theworldbilliards.com\/fr\/?s={search_term_string}"},"query-input":{"@type":"PropertyValueSpecification","valueRequired":true,"valueName":"search_term_string"}}],"inLanguage":"fr-FR"},{"@type":"Organization","@id":"https:\/\/theworldbilliards.com\/fr\/#organization","name":"The World Billiards","alternateName":"The World Billiards","url":"https:\/\/theworldbilliards.com\/fr\/","logo":{"@type":"ImageObject","inLanguage":"fr-FR","@id":"https:\/\/theworldbilliards.com\/fr\/#\/schema\/logo\/image\/","url":"","contentUrl":"","caption":"The World Billiards"},"image":{"@id":"https:\/\/theworldbilliards.com\/fr\/#\/schema\/logo\/image\/"},"sameAs":["https:\/\/www.facebook.com\/baby.foot.superbes","https:\/\/www.youtube.com\/channel\/UCIMuOVAaUcH6UpZcsZlH0Tg","https:\/\/www.facebook.com\/people\/Brunswick-Billiards-EspaaPortugal\/100066446264309\/","https:\/\/www.instagram.com\/the_world_billiards\/","https:\/\/www.pinterest.es\/Theworldbilliards\/"]}]}},"_links":{"self":[{"href":"https:\/\/theworldbilliards.com\/fr\/wp-json\/wp\/v2\/product\/73131","targetHints":{"allow":["GET"]}}],"collection":[{"href":"https:\/\/theworldbilliards.com\/fr\/wp-json\/wp\/v2\/product"}],"about":[{"href":"https:\/\/theworldbilliards.com\/fr\/wp-json\/wp\/v2\/types\/product"}],"wp:featuredmedia":[{"embeddable":true,"href":"https:\/\/theworldbilliards.com\/fr\/wp-json\/wp\/v2\/media\/73134"}],"wp:attachment":[{"href":"https:\/\/theworldbilliards.com\/fr\/wp-json\/wp\/v2\/media?parent=73131"}],"wp:term":[{"taxonomy":"product_brand","embeddable":true,"href":"https:\/\/theworldbilliards.com\/fr\/wp-json\/wp\/v2\/product_brand?post=73131"},{"taxonomy":"product_cat","embeddable":true,"href":"https:\/\/theworldbilliards.com\/fr\/wp-json\/wp\/v2\/product_cat?post=73131"},{"taxonomy":"product_tag","embeddable":true,"href":"https:\/\/theworldbilliards.com\/fr\/wp-json\/wp\/v2\/product_tag?post=73131"}],"curies":[{"name":"wp","href":"https:\/\/api.w.org\/{rel}","templated":true}]}}