{"id":73479,"date":"2020-04-06T11:57:59","date_gmt":"2020-04-06T09:57:59","guid":{"rendered":"https:\/\/theworldbilliards.com\/?post_type=product&#038;p=73479"},"modified":"2025-09-25T12:04:59","modified_gmt":"2025-09-25T10:04:59","slug":"billard-bruselas","status":"publish","type":"product","link":"https:\/\/theworldbilliards.com\/fr\/produit\/billard-bruselas\/","title":{"rendered":"Billard Bruselas"},"content":{"rendered":"<p>La table de billard moderne Bruselas a un design qui cr\u00e9e un jeu d&rsquo;espaces pleins et vides, un entrelacement dynamique qui cr\u00e9e un mouvement pour la structure de ce mod\u00e8le particulier, meublant votre maison avec d\u00e9cision.<\/span><\/span><\/span><\/p>\n<p><strong>Tapis Simonis<\/strong><\/p>\n<p><img loading=\"lazy\" decoding=\"async\" class=\"alignnone size-medium wp-image-72699\" src=\"https:\/\/theworldbilliards.com\/wp-content\/uploads\/2017\/01\/simonis-300x218.jpg\" alt=\"\" width=\"300\" height=\"218\" srcset=\"https:\/\/theworldbilliards.com\/wp-content\/uploads\/2017\/01\/simonis-300x218.jpg 300w, https:\/\/theworldbilliards.com\/wp-content\/uploads\/2017\/01\/simonis-600x437.jpg 600w, https:\/\/theworldbilliards.com\/wp-content\/uploads\/2017\/01\/simonis-768x559.jpg 768w, https:\/\/theworldbilliards.com\/wp-content\/uploads\/2017\/01\/simonis-416x303.jpg 416w, https:\/\/theworldbilliards.com\/wp-content\/uploads\/2017\/01\/simonis.jpg 920w\" sizes=\"auto, (max-width: 300px) 100vw, 300px\" \/><\/p>\n<p class=\"product_title entry-title\"><strong>Kit d\u2019accessoires Brunswick Centennial inclus<\/strong><\/p>\n<ul>\n<li>Jeuex de boules Centennial Pocket en resine fenolique haute qualit\u00e9<\/li>\n<li>4 queues Centennial 2 pi\u00e8ces<\/li>\n<li>Queue court 2 pi\u00e8ces<\/li>\n<li>Queue allongeur 2 pi\u00e8ces<\/li>\n<li>T\u00eate pour allongeur en laiton<\/li>\n<li>Triangle en bois Big Break pour Pool boule 8<\/li>\n<li>Triangle en bois pour jeu 9 boules<\/li>\n<li>1 Brosse<\/li>\n<\/ul>\n<p><img loading=\"lazy\" decoding=\"async\" class=\"wp-image-103074 size-full alignleft\" src=\"https:\/\/theworldbilliards.com\/wp-content\/uploads\/2024\/04\/Brunswick-kit-centennial.jpg\" alt=\"\" width=\"708\" height=\"447\" srcset=\"https:\/\/theworldbilliards.com\/wp-content\/uploads\/2024\/04\/Brunswick-kit-centennial.jpg 708w, https:\/\/theworldbilliards.com\/wp-content\/uploads\/2024\/04\/Brunswick-kit-centennial-600x379.jpg 600w, https:\/\/theworldbilliards.com\/wp-content\/uploads\/2024\/04\/Brunswick-kit-centennial-300x189.jpg 300w\" sizes=\"auto, (max-width: 708px) 100vw, 708px\" \/><\/p>\n<p>&nbsp;<\/p>\n<p>&nbsp;<\/p>\n<p>&nbsp;<\/p>\n<p>&nbsp;<\/p>\n<p>&nbsp;<\/p>\n<p>&nbsp;<\/p>\n<p>&nbsp;<\/p>\n<p>&nbsp;<\/p>\n<p>&nbsp;<\/p>\n<p>Nous fabriquons nos tables Gold au billard am\u00e9ricain, en snooker anglais, billard russe pyramide, fran\u00e7ais carambole.<\/p>\n","protected":false},"excerpt":{"rendered":"<p>La table de billard moderne Bruselas a un design qui cr\u00e9e un jeu d&rsquo;espaces pleins et vides, un entrelacement dynamique [&hellip;]<\/p>\n","protected":false},"featured_media":73482,"template":"","meta":{"site-sidebar-layout":"default","site-content-layout":"","ast-site-content-layout":"default","site-content-style":"default","site-sidebar-style":"default","ast-global-header-display":"","ast-banner-title-visibility":"","ast-main-header-display":"","ast-hfb-above-header-display":"","ast-hfb-below-header-display":"","ast-hfb-mobile-header-display":"","site-post-title":"","ast-breadcrumbs-content":"","ast-featured-img":"","footer-sml-layout":"","ast-disable-related-posts":"","theme-transparent-header-meta":"default","adv-header-id-meta":"","stick-header-meta":"","header-above-stick-meta":"","header-main-stick-meta":"","header-below-stick-meta":"","astra-migrate-meta-layouts":"default","ast-page-background-enabled":"default","ast-page-background-meta":{"desktop":{"background-color":"var(--ast-global-color-4)","background-image":"","background-repeat":"repeat","background-position":"center center","background-size":"auto","background-attachment":"scroll","background-type":"","background-media":"","overlay-type":"","overlay-color":"","overlay-opacity":"","overlay-gradient":""},"tablet":{"background-color":"","background-image":"","background-repeat":"repeat","background-position":"center center","background-size":"auto","background-attachment":"scroll","background-type":"","background-media":"","overlay-type":"","overlay-color":"","overlay-opacity":"","overlay-gradient":""},"mobile":{"background-color":"","background-image":"","background-repeat":"repeat","background-position":"center center","background-size":"auto","background-attachment":"scroll","background-type":"","background-media":"","overlay-type":"","overlay-color":"","overlay-opacity":"","overlay-gradient":""}},"ast-content-background-meta":{"desktop":{"background-color":"var(--ast-global-color-5)","background-image":"","background-repeat":"repeat","background-position":"center center","background-size":"auto","background-attachment":"scroll","background-type":"","background-media":"","overlay-type":"","overlay-color":"","overlay-opacity":"","overlay-gradient":""},"tablet":{"background-color":"var(--ast-global-color-5)","background-image":"","background-repeat":"repeat","background-position":"center center","background-size":"auto","background-attachment":"scroll","background-type":"","background-media":"","overlay-type":"","overlay-color":"","overlay-opacity":"","overlay-gradient":""},"mobile":{"background-color":"var(--ast-global-color-5)","background-image":"","background-repeat":"repeat","background-position":"center center","background-size":"auto","background-attachment":"scroll","background-type":"","background-media":"","overlay-type":"","overlay-color":"","overlay-opacity":"","overlay-gradient":""}}},"product_brand":[],"product_cat":[1265],"product_tag":[],"class_list":{"0":"post-73479","1":"product","2":"type-product","3":"status-publish","4":"has-post-thumbnail","6":"product_cat-billiard-gold","7":"product_shipping_class-billard","8":"desktop-align-center","9":"tablet-align-left","10":"mobile-align-left","12":"first","13":"instock","14":"taxable","15":"shipping-taxable","16":"product-type-simple"},"yoast_head":"<!-- This site is optimized with the Yoast SEO plugin v27.4 - https:\/\/yoast.com\/product\/yoast-seo-wordpress\/ -->\n<title>Acheter Billard Bruselas - The World Billiards<\/title>\n<meta name=\"description\" content=\"La table de billard moderne Bruselas a un design qui cr\u00e9e un jeu d&#039;espaces pleins et vides, un entrelacement dynamique qui cr\u00e9e un mouvement pour la structure de ce mod\u00e8le particulier, meublant votre maison avec d\u00e9cision.  Tapis Simonis   Kit d\u2019accessoires Brunswick Centennial inclus    Jeuex de boules Centennial Pocket en resine fenolique haute qualit\u00e9  4 queues Centennial 2 pi\u00e8ces  Queue court 2 pi\u00e8ces  Queue allongeur 2 pi\u00e8ces  T\u00eate pour allongeur en laiton  Triangle en bois Big Break pour Pool boule 8  Triangle en bois pour jeu 9 boules  1 Brosse   &nbsp; &nbsp; &nbsp; &nbsp; &nbsp; &nbsp; &nbsp; &nbsp; &nbsp;  Nous fabriquons nos tables Gold au billard am\u00e9ricain, en snooker anglais, billard russe pyramide, fran\u00e7ais carambole.\" \/>\n<meta name=\"robots\" content=\"index, follow, max-snippet:-1, max-image-preview:large, max-video-preview:-1\" \/>\n<link rel=\"canonical\" href=\"https:\/\/theworldbilliards.com\/fr\/produit\/billard-bruselas\/\" \/>\n<meta property=\"og:locale\" content=\"fr_FR\" \/>\n<meta property=\"og:type\" content=\"article\" \/>\n<meta property=\"og:title\" content=\"Acheter Billard Bruselas - The World Billiards\" \/>\n<meta property=\"og:description\" content=\"La table de billard moderne Bruselas a un design qui cr\u00e9e un jeu d&#039;espaces pleins et vides, un entrelacement dynamique qui cr\u00e9e un mouvement pour la structure de ce mod\u00e8le particulier, meublant votre maison avec d\u00e9cision.  Tapis Simonis   Kit d\u2019accessoires Brunswick Centennial inclus    Jeuex de boules Centennial Pocket en resine fenolique haute qualit\u00e9  4 queues Centennial 2 pi\u00e8ces  Queue court 2 pi\u00e8ces  Queue allongeur 2 pi\u00e8ces  T\u00eate pour allongeur en laiton  Triangle en bois Big Break pour Pool boule 8  Triangle en bois pour jeu 9 boules  1 Brosse   &nbsp; &nbsp; &nbsp; &nbsp; &nbsp; &nbsp; &nbsp; &nbsp; &nbsp;  Nous fabriquons nos tables Gold au billard am\u00e9ricain, en snooker anglais, billard russe pyramide, fran\u00e7ais carambole.\" \/>\n<meta property=\"og:url\" content=\"https:\/\/theworldbilliards.com\/fr\/produit\/billard-bruselas\/\" \/>\n<meta property=\"og:site_name\" content=\"The World Billiards\" \/>\n<meta property=\"article:publisher\" content=\"https:\/\/www.facebook.com\/baby.foot.superbes\" \/>\n<meta property=\"article:modified_time\" content=\"2025-09-25T10:04:59+00:00\" \/>\n<meta property=\"og:image\" content=\"https:\/\/theworldbilliards.com\/wp-content\/uploads\/2020\/04\/billar-bruselas.jpg\" \/>\n\t<meta property=\"og:image:width\" content=\"1001\" \/>\n\t<meta property=\"og:image:height\" content=\"1001\" \/>\n\t<meta property=\"og:image:type\" content=\"image\/jpeg\" \/>\n<meta name=\"twitter:card\" content=\"summary_large_image\" \/>\n<script type=\"application\/ld+json\" class=\"yoast-schema-graph\">{\"@context\":\"https:\\\/\\\/schema.org\",\"@graph\":[{\"@type\":\"WebPage\",\"@id\":\"https:\\\/\\\/theworldbilliards.com\\\/fr\\\/produit\\\/billard-bruselas\\\/\",\"url\":\"https:\\\/\\\/theworldbilliards.com\\\/fr\\\/produit\\\/billard-bruselas\\\/\",\"name\":\"Acheter Billard Bruselas - The World Billiards\",\"isPartOf\":{\"@id\":\"https:\\\/\\\/theworldbilliards.com\\\/fr\\\/#website\"},\"primaryImageOfPage\":{\"@id\":\"https:\\\/\\\/theworldbilliards.com\\\/fr\\\/produit\\\/billard-bruselas\\\/#primaryimage\"},\"image\":{\"@id\":\"https:\\\/\\\/theworldbilliards.com\\\/fr\\\/produit\\\/billard-bruselas\\\/#primaryimage\"},\"thumbnailUrl\":\"https:\\\/\\\/theworldbilliards.com\\\/wp-content\\\/uploads\\\/2020\\\/04\\\/Bruselas.jpg\",\"datePublished\":\"2020-04-06T09:57:59+00:00\",\"dateModified\":\"2025-09-25T10:04:59+00:00\",\"description\":\"La table de billard moderne Bruselas a un design qui cr\u00e9e un jeu d'espaces pleins et vides, un entrelacement dynamique qui cr\u00e9e un mouvement pour la structure de ce mod\u00e8le particulier, meublant votre maison avec d\u00e9cision. Tapis Simonis Kit d\u2019accessoires Brunswick Centennial inclus Jeuex de boules Centennial Pocket en resine fenolique haute qualit\u00e9 4 queues Centennial 2 pi\u00e8ces Queue court 2 pi\u00e8ces Queue allongeur 2 pi\u00e8ces T\u00eate pour allongeur en laiton Triangle en bois Big Break pour Pool boule 8 Triangle en bois pour jeu 9 boules 1 Brosse &nbsp; &nbsp; &nbsp; &nbsp; &nbsp; &nbsp; &nbsp; &nbsp; &nbsp; Nous fabriquons nos tables Gold au billard am\u00e9ricain, en snooker anglais, billard russe pyramide, fran\u00e7ais carambole.\",\"breadcrumb\":{\"@id\":\"https:\\\/\\\/theworldbilliards.com\\\/fr\\\/produit\\\/billard-bruselas\\\/#breadcrumb\"},\"inLanguage\":\"fr-FR\",\"potentialAction\":[{\"@type\":\"ReadAction\",\"target\":[\"https:\\\/\\\/theworldbilliards.com\\\/fr\\\/produit\\\/billard-bruselas\\\/\"]}]},{\"@type\":\"ImageObject\",\"inLanguage\":\"fr-FR\",\"@id\":\"https:\\\/\\\/theworldbilliards.com\\\/fr\\\/produit\\\/billard-bruselas\\\/#primaryimage\",\"url\":\"https:\\\/\\\/theworldbilliards.com\\\/wp-content\\\/uploads\\\/2020\\\/04\\\/Bruselas.jpg\",\"contentUrl\":\"https:\\\/\\\/theworldbilliards.com\\\/wp-content\\\/uploads\\\/2020\\\/04\\\/Bruselas.jpg\",\"width\":1200,\"height\":675},{\"@type\":\"BreadcrumbList\",\"@id\":\"https:\\\/\\\/theworldbilliards.com\\\/fr\\\/produit\\\/billard-bruselas\\\/#breadcrumb\",\"itemListElement\":[{\"@type\":\"ListItem\",\"position\":1,\"name\":\"In\u00edcio\",\"item\":\"https:\\\/\\\/theworldbilliards.com\\\/fr\\\/\"},{\"@type\":\"ListItem\",\"position\":2,\"name\":\"Boutique en ligne\",\"item\":\"https:\\\/\\\/theworldbilliards.com\\\/fr\\\/boutique-theworldbilliards\\\/\"},{\"@type\":\"ListItem\",\"position\":3,\"name\":\"Billard Bruselas\"}]},{\"@type\":\"WebSite\",\"@id\":\"https:\\\/\\\/theworldbilliards.com\\\/fr\\\/#website\",\"url\":\"https:\\\/\\\/theworldbilliards.com\\\/fr\\\/\",\"name\":\"TheWorldBilliards\",\"description\":\"Achetez ici billard, baby-foot, ping-pong et bowling\",\"publisher\":{\"@id\":\"https:\\\/\\\/theworldbilliards.com\\\/fr\\\/#organization\"},\"alternateName\":\"The world billiards\",\"potentialAction\":[{\"@type\":\"SearchAction\",\"target\":{\"@type\":\"EntryPoint\",\"urlTemplate\":\"https:\\\/\\\/theworldbilliards.com\\\/fr\\\/?s={search_term_string}\"},\"query-input\":{\"@type\":\"PropertyValueSpecification\",\"valueRequired\":true,\"valueName\":\"search_term_string\"}}],\"inLanguage\":\"fr-FR\"},{\"@type\":\"Organization\",\"@id\":\"https:\\\/\\\/theworldbilliards.com\\\/fr\\\/#organization\",\"name\":\"The World Billiards\",\"alternateName\":\"The World Billiards\",\"url\":\"https:\\\/\\\/theworldbilliards.com\\\/fr\\\/\",\"logo\":{\"@type\":\"ImageObject\",\"inLanguage\":\"fr-FR\",\"@id\":\"https:\\\/\\\/theworldbilliards.com\\\/fr\\\/#\\\/schema\\\/logo\\\/image\\\/\",\"url\":\"\",\"contentUrl\":\"\",\"caption\":\"The World Billiards\"},\"image\":{\"@id\":\"https:\\\/\\\/theworldbilliards.com\\\/fr\\\/#\\\/schema\\\/logo\\\/image\\\/\"},\"sameAs\":[\"https:\\\/\\\/www.facebook.com\\\/baby.foot.superbes\",\"https:\\\/\\\/www.youtube.com\\\/channel\\\/UCIMuOVAaUcH6UpZcsZlH0Tg\",\"https:\\\/\\\/www.facebook.com\\\/people\\\/Brunswick-Billiards-EspaaPortugal\\\/100066446264309\\\/\",\"https:\\\/\\\/www.instagram.com\\\/the_world_billiards\\\/\",\"https:\\\/\\\/www.pinterest.es\\\/Theworldbilliards\\\/\"]}]}<\/script>\n<!-- \/ Yoast SEO plugin. -->","yoast_head_json":{"title":"Acheter Billard Bruselas - The World Billiards","description":"La table de billard moderne Bruselas a un design qui cr\u00e9e un jeu d'espaces pleins et vides, un entrelacement dynamique qui cr\u00e9e un mouvement pour la structure de ce mod\u00e8le particulier, meublant votre maison avec d\u00e9cision.  Tapis Simonis   Kit d\u2019accessoires Brunswick Centennial inclus    Jeuex de boules Centennial Pocket en resine fenolique haute qualit\u00e9  4 queues Centennial 2 pi\u00e8ces  Queue court 2 pi\u00e8ces  Queue allongeur 2 pi\u00e8ces  T\u00eate pour allongeur en laiton  Triangle en bois Big Break pour Pool boule 8  Triangle en bois pour jeu 9 boules  1 Brosse   &nbsp; &nbsp; &nbsp; &nbsp; &nbsp; &nbsp; &nbsp; &nbsp; &nbsp;  Nous fabriquons nos tables Gold au billard am\u00e9ricain, en snooker anglais, billard russe pyramide, fran\u00e7ais carambole.","robots":{"index":"index","follow":"follow","max-snippet":"max-snippet:-1","max-image-preview":"max-image-preview:large","max-video-preview":"max-video-preview:-1"},"canonical":"https:\/\/theworldbilliards.com\/fr\/produit\/billard-bruselas\/","og_locale":"fr_FR","og_type":"article","og_title":"Acheter Billard Bruselas - The World Billiards","og_description":"La table de billard moderne Bruselas a un design qui cr\u00e9e un jeu d'espaces pleins et vides, un entrelacement dynamique qui cr\u00e9e un mouvement pour la structure de ce mod\u00e8le particulier, meublant votre maison avec d\u00e9cision.  Tapis Simonis   Kit d\u2019accessoires Brunswick Centennial inclus    Jeuex de boules Centennial Pocket en resine fenolique haute qualit\u00e9  4 queues Centennial 2 pi\u00e8ces  Queue court 2 pi\u00e8ces  Queue allongeur 2 pi\u00e8ces  T\u00eate pour allongeur en laiton  Triangle en bois Big Break pour Pool boule 8  Triangle en bois pour jeu 9 boules  1 Brosse   &nbsp; &nbsp; &nbsp; &nbsp; &nbsp; &nbsp; &nbsp; &nbsp; &nbsp;  Nous fabriquons nos tables Gold au billard am\u00e9ricain, en snooker anglais, billard russe pyramide, fran\u00e7ais carambole.","og_url":"https:\/\/theworldbilliards.com\/fr\/produit\/billard-bruselas\/","og_site_name":"The World Billiards","article_publisher":"https:\/\/www.facebook.com\/baby.foot.superbes","article_modified_time":"2025-09-25T10:04:59+00:00","og_image":[{"width":1001,"height":1001,"url":"https:\/\/theworldbilliards.com\/wp-content\/uploads\/2020\/04\/billar-bruselas.jpg","type":"image\/jpeg"}],"twitter_card":"summary_large_image","schema":{"@context":"https:\/\/schema.org","@graph":[{"@type":"WebPage","@id":"https:\/\/theworldbilliards.com\/fr\/produit\/billard-bruselas\/","url":"https:\/\/theworldbilliards.com\/fr\/produit\/billard-bruselas\/","name":"Acheter Billard Bruselas - The World Billiards","isPartOf":{"@id":"https:\/\/theworldbilliards.com\/fr\/#website"},"primaryImageOfPage":{"@id":"https:\/\/theworldbilliards.com\/fr\/produit\/billard-bruselas\/#primaryimage"},"image":{"@id":"https:\/\/theworldbilliards.com\/fr\/produit\/billard-bruselas\/#primaryimage"},"thumbnailUrl":"https:\/\/theworldbilliards.com\/wp-content\/uploads\/2020\/04\/Bruselas.jpg","datePublished":"2020-04-06T09:57:59+00:00","dateModified":"2025-09-25T10:04:59+00:00","description":"La table de billard moderne Bruselas a un design qui cr\u00e9e un jeu d'espaces pleins et vides, un entrelacement dynamique qui cr\u00e9e un mouvement pour la structure de ce mod\u00e8le particulier, meublant votre maison avec d\u00e9cision. Tapis Simonis Kit d\u2019accessoires Brunswick Centennial inclus Jeuex de boules Centennial Pocket en resine fenolique haute qualit\u00e9 4 queues Centennial 2 pi\u00e8ces Queue court 2 pi\u00e8ces Queue allongeur 2 pi\u00e8ces T\u00eate pour allongeur en laiton Triangle en bois Big Break pour Pool boule 8 Triangle en bois pour jeu 9 boules 1 Brosse &nbsp; &nbsp; &nbsp; &nbsp; &nbsp; &nbsp; &nbsp; &nbsp; &nbsp; Nous fabriquons nos tables Gold au billard am\u00e9ricain, en snooker anglais, billard russe pyramide, fran\u00e7ais carambole.","breadcrumb":{"@id":"https:\/\/theworldbilliards.com\/fr\/produit\/billard-bruselas\/#breadcrumb"},"inLanguage":"fr-FR","potentialAction":[{"@type":"ReadAction","target":["https:\/\/theworldbilliards.com\/fr\/produit\/billard-bruselas\/"]}]},{"@type":"ImageObject","inLanguage":"fr-FR","@id":"https:\/\/theworldbilliards.com\/fr\/produit\/billard-bruselas\/#primaryimage","url":"https:\/\/theworldbilliards.com\/wp-content\/uploads\/2020\/04\/Bruselas.jpg","contentUrl":"https:\/\/theworldbilliards.com\/wp-content\/uploads\/2020\/04\/Bruselas.jpg","width":1200,"height":675},{"@type":"BreadcrumbList","@id":"https:\/\/theworldbilliards.com\/fr\/produit\/billard-bruselas\/#breadcrumb","itemListElement":[{"@type":"ListItem","position":1,"name":"In\u00edcio","item":"https:\/\/theworldbilliards.com\/fr\/"},{"@type":"ListItem","position":2,"name":"Boutique en ligne","item":"https:\/\/theworldbilliards.com\/fr\/boutique-theworldbilliards\/"},{"@type":"ListItem","position":3,"name":"Billard Bruselas"}]},{"@type":"WebSite","@id":"https:\/\/theworldbilliards.com\/fr\/#website","url":"https:\/\/theworldbilliards.com\/fr\/","name":"TheWorldBilliards","description":"Achetez ici billard, baby-foot, ping-pong et bowling","publisher":{"@id":"https:\/\/theworldbilliards.com\/fr\/#organization"},"alternateName":"The world billiards","potentialAction":[{"@type":"SearchAction","target":{"@type":"EntryPoint","urlTemplate":"https:\/\/theworldbilliards.com\/fr\/?s={search_term_string}"},"query-input":{"@type":"PropertyValueSpecification","valueRequired":true,"valueName":"search_term_string"}}],"inLanguage":"fr-FR"},{"@type":"Organization","@id":"https:\/\/theworldbilliards.com\/fr\/#organization","name":"The World Billiards","alternateName":"The World Billiards","url":"https:\/\/theworldbilliards.com\/fr\/","logo":{"@type":"ImageObject","inLanguage":"fr-FR","@id":"https:\/\/theworldbilliards.com\/fr\/#\/schema\/logo\/image\/","url":"","contentUrl":"","caption":"The World Billiards"},"image":{"@id":"https:\/\/theworldbilliards.com\/fr\/#\/schema\/logo\/image\/"},"sameAs":["https:\/\/www.facebook.com\/baby.foot.superbes","https:\/\/www.youtube.com\/channel\/UCIMuOVAaUcH6UpZcsZlH0Tg","https:\/\/www.facebook.com\/people\/Brunswick-Billiards-EspaaPortugal\/100066446264309\/","https:\/\/www.instagram.com\/the_world_billiards\/","https:\/\/www.pinterest.es\/Theworldbilliards\/"]}]}},"_links":{"self":[{"href":"https:\/\/theworldbilliards.com\/fr\/wp-json\/wp\/v2\/product\/73479","targetHints":{"allow":["GET"]}}],"collection":[{"href":"https:\/\/theworldbilliards.com\/fr\/wp-json\/wp\/v2\/product"}],"about":[{"href":"https:\/\/theworldbilliards.com\/fr\/wp-json\/wp\/v2\/types\/product"}],"wp:featuredmedia":[{"embeddable":true,"href":"https:\/\/theworldbilliards.com\/fr\/wp-json\/wp\/v2\/media\/73482"}],"wp:attachment":[{"href":"https:\/\/theworldbilliards.com\/fr\/wp-json\/wp\/v2\/media?parent=73479"}],"wp:term":[{"taxonomy":"product_brand","embeddable":true,"href":"https:\/\/theworldbilliards.com\/fr\/wp-json\/wp\/v2\/product_brand?post=73479"},{"taxonomy":"product_cat","embeddable":true,"href":"https:\/\/theworldbilliards.com\/fr\/wp-json\/wp\/v2\/product_cat?post=73479"},{"taxonomy":"product_tag","embeddable":true,"href":"https:\/\/theworldbilliards.com\/fr\/wp-json\/wp\/v2\/product_tag?post=73479"}],"curies":[{"name":"wp","href":"https:\/\/api.w.org\/{rel}","templated":true}]}}