{"id":73889,"date":"2020-04-16T10:51:24","date_gmt":"2020-04-16T08:51:24","guid":{"rendered":"https:\/\/theworldbilliards.com\/produto\/chaise-joueur-brunswick-traditional\/"},"modified":"2021-12-30T12:38:43","modified_gmt":"2021-12-30T11:38:43","slug":"chaise-joueur-brunswick-traditional","status":"publish","type":"product","link":"https:\/\/theworldbilliards.com\/fr\/produit\/chaise-joueur-brunswick-traditional\/","title":{"rendered":"Chaise  joueur Brunswick traditional"},"content":{"rendered":"<p><span class=\"tlid-translation translation\" lang=\"fr\"><span class=\"\" title=\"\">Prenez place pendant que votre adversaire joue.<\/span> <span class=\"\" title=\"\">Dot\u00e9 d&rsquo;un si\u00e8ge et d&rsquo;un dossier moelleux, d&rsquo;un dessous de verre int\u00e9gr\u00e9 dans un bras et d&rsquo;un support de rep\u00e8re dans l&rsquo;autre, la chaise de joueur traditionnelle est l&rsquo;endroit id\u00e9al pour attendre votre tour.<\/span> <span class=\"\" title=\"\">Vous serez assis assez haut pour voir toute l&rsquo;action avec sa hauteur de si\u00e8ge de 27 \u00ab\u00a0.<\/span><\/span><\/p>\n","protected":false},"excerpt":{"rendered":"<p>Prenez place pendant que votre adversaire joue. Dot\u00e9 d&rsquo;un si\u00e8ge et d&rsquo;un dossier moelleux, d&rsquo;un dessous de verre int\u00e9gr\u00e9 dans [&hellip;]<\/p>\n","protected":false},"featured_media":73883,"template":"","meta":{"site-sidebar-layout":"default","site-content-layout":"","ast-site-content-layout":"default","site-content-style":"default","site-sidebar-style":"default","ast-global-header-display":"","ast-banner-title-visibility":"","ast-main-header-display":"","ast-hfb-above-header-display":"","ast-hfb-below-header-display":"","ast-hfb-mobile-header-display":"","site-post-title":"","ast-breadcrumbs-content":"","ast-featured-img":"","footer-sml-layout":"","ast-disable-related-posts":"","theme-transparent-header-meta":"default","adv-header-id-meta":"","stick-header-meta":"","header-above-stick-meta":"","header-main-stick-meta":"","header-below-stick-meta":"","astra-migrate-meta-layouts":"default","ast-page-background-enabled":"default","ast-page-background-meta":{"desktop":{"background-color":"var(--ast-global-color-4)","background-image":"","background-repeat":"repeat","background-position":"center center","background-size":"auto","background-attachment":"scroll","background-type":"","background-media":"","overlay-type":"","overlay-color":"","overlay-opacity":"","overlay-gradient":""},"tablet":{"background-color":"","background-image":"","background-repeat":"repeat","background-position":"center center","background-size":"auto","background-attachment":"scroll","background-type":"","background-media":"","overlay-type":"","overlay-color":"","overlay-opacity":"","overlay-gradient":""},"mobile":{"background-color":"","background-image":"","background-repeat":"repeat","background-position":"center center","background-size":"auto","background-attachment":"scroll","background-type":"","background-media":"","overlay-type":"","overlay-color":"","overlay-opacity":"","overlay-gradient":""}},"ast-content-background-meta":{"desktop":{"background-color":"var(--ast-global-color-5)","background-image":"","background-repeat":"repeat","background-position":"center center","background-size":"auto","background-attachment":"scroll","background-type":"","background-media":"","overlay-type":"","overlay-color":"","overlay-opacity":"","overlay-gradient":""},"tablet":{"background-color":"var(--ast-global-color-5)","background-image":"","background-repeat":"repeat","background-position":"center center","background-size":"auto","background-attachment":"scroll","background-type":"","background-media":"","overlay-type":"","overlay-color":"","overlay-opacity":"","overlay-gradient":""},"mobile":{"background-color":"var(--ast-global-color-5)","background-image":"","background-repeat":"repeat","background-position":"center center","background-size":"auto","background-attachment":"scroll","background-type":"","background-media":"","overlay-type":"","overlay-color":"","overlay-opacity":"","overlay-gradient":""}}},"product_brand":[5198],"product_cat":[4946,4097],"product_tag":[],"class_list":{"0":"post-73889","1":"product","2":"type-product","3":"status-publish","4":"has-post-thumbnail","6":"product_brand-brunswick-billiards-fr","7":"product_cat-accessoire-billard-brunswick","8":"product_cat-meubles","9":"product_shipping_class-accessoires-longs-ou-20kg","10":"desktop-align-center","11":"tablet-align-left","12":"mobile-align-left","14":"first","15":"onbackorder","16":"taxable","17":"shipping-taxable","18":"purchasable","19":"product-type-variable"},"yoast_head":"<!-- This site is optimized with the Yoast SEO plugin v27.4 - https:\/\/yoast.com\/product\/yoast-seo-wordpress\/ -->\n<title>Acheter Chaise joueur Brunswick traditional - The World Billiards<\/title>\n<meta name=\"description\" content=\"Prenez place pendant que votre adversaire joue. Dot\u00e9 d&#039;un si\u00e8ge et d&#039;un dossier moelleux, d&#039;un dessous de verre int\u00e9gr\u00e9 dans un bras et d&#039;un support de rep\u00e8re dans l&#039;autre, la chaise de joueur traditionnelle est l&#039;endroit id\u00e9al pour attendre votre tour. Vous serez assis assez haut pour voir toute l&#039;action avec sa hauteur de si\u00e8ge de 27 &quot;.\" \/>\n<meta name=\"robots\" content=\"index, follow, max-snippet:-1, max-image-preview:large, max-video-preview:-1\" \/>\n<link rel=\"canonical\" href=\"https:\/\/theworldbilliards.com\/fr\/produit\/chaise-joueur-brunswick-traditional\/\" \/>\n<meta property=\"og:locale\" content=\"fr_FR\" \/>\n<meta property=\"og:type\" content=\"article\" \/>\n<meta property=\"og:title\" content=\"Acheter Chaise joueur Brunswick traditional - The World Billiards\" \/>\n<meta property=\"og:description\" content=\"Prenez place pendant que votre adversaire joue. Dot\u00e9 d&#039;un si\u00e8ge et d&#039;un dossier moelleux, d&#039;un dessous de verre int\u00e9gr\u00e9 dans un bras et d&#039;un support de rep\u00e8re dans l&#039;autre, la chaise de joueur traditionnelle est l&#039;endroit id\u00e9al pour attendre votre tour. Vous serez assis assez haut pour voir toute l&#039;action avec sa hauteur de si\u00e8ge de 27 &quot;.\" \/>\n<meta property=\"og:url\" content=\"https:\/\/theworldbilliards.com\/fr\/produit\/chaise-joueur-brunswick-traditional\/\" \/>\n<meta property=\"og:site_name\" content=\"The World Billiards\" \/>\n<meta property=\"article:publisher\" content=\"https:\/\/www.facebook.com\/baby.foot.superbes\" \/>\n<meta property=\"article:modified_time\" content=\"2021-12-30T11:38:43+00:00\" \/>\n<meta property=\"og:image\" content=\"https:\/\/theworldbilliards.com\/wp-content\/uploads\/2020\/04\/contender-players-chair-espresso.jpg\" \/>\n\t<meta property=\"og:image:width\" content=\"1200\" \/>\n\t<meta property=\"og:image:height\" content=\"533\" \/>\n\t<meta property=\"og:image:type\" content=\"image\/jpeg\" \/>\n<meta name=\"twitter:card\" content=\"summary_large_image\" \/>\n<script type=\"application\/ld+json\" class=\"yoast-schema-graph\">{\"@context\":\"https:\\\/\\\/schema.org\",\"@graph\":[{\"@type\":\"WebPage\",\"@id\":\"https:\\\/\\\/theworldbilliards.com\\\/fr\\\/produit\\\/chaise-joueur-brunswick-traditional\\\/\",\"url\":\"https:\\\/\\\/theworldbilliards.com\\\/fr\\\/produit\\\/chaise-joueur-brunswick-traditional\\\/\",\"name\":\"Acheter Chaise joueur Brunswick traditional - The World Billiards\",\"isPartOf\":{\"@id\":\"https:\\\/\\\/theworldbilliards.com\\\/fr\\\/#website\"},\"primaryImageOfPage\":{\"@id\":\"https:\\\/\\\/theworldbilliards.com\\\/fr\\\/produit\\\/chaise-joueur-brunswick-traditional\\\/#primaryimage\"},\"image\":{\"@id\":\"https:\\\/\\\/theworldbilliards.com\\\/fr\\\/produit\\\/chaise-joueur-brunswick-traditional\\\/#primaryimage\"},\"thumbnailUrl\":\"https:\\\/\\\/theworldbilliards.com\\\/wp-content\\\/uploads\\\/2020\\\/04\\\/contender-players-chair-espresso.jpg\",\"datePublished\":\"2020-04-16T08:51:24+00:00\",\"dateModified\":\"2021-12-30T11:38:43+00:00\",\"description\":\"Prenez place pendant que votre adversaire joue. Dot\u00e9 d'un si\u00e8ge et d'un dossier moelleux, d'un dessous de verre int\u00e9gr\u00e9 dans un bras et d'un support de rep\u00e8re dans l'autre, la chaise de joueur traditionnelle est l'endroit id\u00e9al pour attendre votre tour. Vous serez assis assez haut pour voir toute l'action avec sa hauteur de si\u00e8ge de 27 \\\".\",\"breadcrumb\":{\"@id\":\"https:\\\/\\\/theworldbilliards.com\\\/fr\\\/produit\\\/chaise-joueur-brunswick-traditional\\\/#breadcrumb\"},\"inLanguage\":\"fr-FR\",\"potentialAction\":[{\"@type\":\"ReadAction\",\"target\":[\"https:\\\/\\\/theworldbilliards.com\\\/fr\\\/produit\\\/chaise-joueur-brunswick-traditional\\\/\"]}]},{\"@type\":\"ImageObject\",\"inLanguage\":\"fr-FR\",\"@id\":\"https:\\\/\\\/theworldbilliards.com\\\/fr\\\/produit\\\/chaise-joueur-brunswick-traditional\\\/#primaryimage\",\"url\":\"https:\\\/\\\/theworldbilliards.com\\\/wp-content\\\/uploads\\\/2020\\\/04\\\/contender-players-chair-espresso.jpg\",\"contentUrl\":\"https:\\\/\\\/theworldbilliards.com\\\/wp-content\\\/uploads\\\/2020\\\/04\\\/contender-players-chair-espresso.jpg\",\"width\":1200,\"height\":533},{\"@type\":\"BreadcrumbList\",\"@id\":\"https:\\\/\\\/theworldbilliards.com\\\/fr\\\/produit\\\/chaise-joueur-brunswick-traditional\\\/#breadcrumb\",\"itemListElement\":[{\"@type\":\"ListItem\",\"position\":1,\"name\":\"In\u00edcio\",\"item\":\"https:\\\/\\\/theworldbilliards.com\\\/fr\\\/\"},{\"@type\":\"ListItem\",\"position\":2,\"name\":\"Boutique en ligne\",\"item\":\"https:\\\/\\\/theworldbilliards.com\\\/fr\\\/boutique-theworldbilliards\\\/\"},{\"@type\":\"ListItem\",\"position\":3,\"name\":\"Chaise joueur Brunswick traditional\"}]},{\"@type\":\"WebSite\",\"@id\":\"https:\\\/\\\/theworldbilliards.com\\\/fr\\\/#website\",\"url\":\"https:\\\/\\\/theworldbilliards.com\\\/fr\\\/\",\"name\":\"TheWorldBilliards\",\"description\":\"Achetez ici billard, baby-foot, ping-pong et bowling\",\"publisher\":{\"@id\":\"https:\\\/\\\/theworldbilliards.com\\\/fr\\\/#organization\"},\"alternateName\":\"The world billiards\",\"potentialAction\":[{\"@type\":\"SearchAction\",\"target\":{\"@type\":\"EntryPoint\",\"urlTemplate\":\"https:\\\/\\\/theworldbilliards.com\\\/fr\\\/?s={search_term_string}\"},\"query-input\":{\"@type\":\"PropertyValueSpecification\",\"valueRequired\":true,\"valueName\":\"search_term_string\"}}],\"inLanguage\":\"fr-FR\"},{\"@type\":\"Organization\",\"@id\":\"https:\\\/\\\/theworldbilliards.com\\\/fr\\\/#organization\",\"name\":\"The World Billiards\",\"alternateName\":\"The World Billiards\",\"url\":\"https:\\\/\\\/theworldbilliards.com\\\/fr\\\/\",\"logo\":{\"@type\":\"ImageObject\",\"inLanguage\":\"fr-FR\",\"@id\":\"https:\\\/\\\/theworldbilliards.com\\\/fr\\\/#\\\/schema\\\/logo\\\/image\\\/\",\"url\":\"\",\"contentUrl\":\"\",\"caption\":\"The World Billiards\"},\"image\":{\"@id\":\"https:\\\/\\\/theworldbilliards.com\\\/fr\\\/#\\\/schema\\\/logo\\\/image\\\/\"},\"sameAs\":[\"https:\\\/\\\/www.facebook.com\\\/baby.foot.superbes\",\"https:\\\/\\\/www.youtube.com\\\/channel\\\/UCIMuOVAaUcH6UpZcsZlH0Tg\",\"https:\\\/\\\/www.facebook.com\\\/people\\\/Brunswick-Billiards-EspaaPortugal\\\/100066446264309\\\/\",\"https:\\\/\\\/www.instagram.com\\\/the_world_billiards\\\/\",\"https:\\\/\\\/www.pinterest.es\\\/Theworldbilliards\\\/\"]}]}<\/script>\n<!-- \/ Yoast SEO plugin. -->","yoast_head_json":{"title":"Acheter Chaise joueur Brunswick traditional - The World Billiards","description":"Prenez place pendant que votre adversaire joue. Dot\u00e9 d'un si\u00e8ge et d'un dossier moelleux, d'un dessous de verre int\u00e9gr\u00e9 dans un bras et d'un support de rep\u00e8re dans l'autre, la chaise de joueur traditionnelle est l'endroit id\u00e9al pour attendre votre tour. Vous serez assis assez haut pour voir toute l'action avec sa hauteur de si\u00e8ge de 27 \".","robots":{"index":"index","follow":"follow","max-snippet":"max-snippet:-1","max-image-preview":"max-image-preview:large","max-video-preview":"max-video-preview:-1"},"canonical":"https:\/\/theworldbilliards.com\/fr\/produit\/chaise-joueur-brunswick-traditional\/","og_locale":"fr_FR","og_type":"article","og_title":"Acheter Chaise joueur Brunswick traditional - The World Billiards","og_description":"Prenez place pendant que votre adversaire joue. Dot\u00e9 d'un si\u00e8ge et d'un dossier moelleux, d'un dessous de verre int\u00e9gr\u00e9 dans un bras et d'un support de rep\u00e8re dans l'autre, la chaise de joueur traditionnelle est l'endroit id\u00e9al pour attendre votre tour. Vous serez assis assez haut pour voir toute l'action avec sa hauteur de si\u00e8ge de 27 \".","og_url":"https:\/\/theworldbilliards.com\/fr\/produit\/chaise-joueur-brunswick-traditional\/","og_site_name":"The World Billiards","article_publisher":"https:\/\/www.facebook.com\/baby.foot.superbes","article_modified_time":"2021-12-30T11:38:43+00:00","og_image":[{"width":1200,"height":533,"url":"https:\/\/theworldbilliards.com\/wp-content\/uploads\/2020\/04\/contender-players-chair-espresso.jpg","type":"image\/jpeg"}],"twitter_card":"summary_large_image","schema":{"@context":"https:\/\/schema.org","@graph":[{"@type":"WebPage","@id":"https:\/\/theworldbilliards.com\/fr\/produit\/chaise-joueur-brunswick-traditional\/","url":"https:\/\/theworldbilliards.com\/fr\/produit\/chaise-joueur-brunswick-traditional\/","name":"Acheter Chaise joueur Brunswick traditional - The World Billiards","isPartOf":{"@id":"https:\/\/theworldbilliards.com\/fr\/#website"},"primaryImageOfPage":{"@id":"https:\/\/theworldbilliards.com\/fr\/produit\/chaise-joueur-brunswick-traditional\/#primaryimage"},"image":{"@id":"https:\/\/theworldbilliards.com\/fr\/produit\/chaise-joueur-brunswick-traditional\/#primaryimage"},"thumbnailUrl":"https:\/\/theworldbilliards.com\/wp-content\/uploads\/2020\/04\/contender-players-chair-espresso.jpg","datePublished":"2020-04-16T08:51:24+00:00","dateModified":"2021-12-30T11:38:43+00:00","description":"Prenez place pendant que votre adversaire joue. Dot\u00e9 d'un si\u00e8ge et d'un dossier moelleux, d'un dessous de verre int\u00e9gr\u00e9 dans un bras et d'un support de rep\u00e8re dans l'autre, la chaise de joueur traditionnelle est l'endroit id\u00e9al pour attendre votre tour. Vous serez assis assez haut pour voir toute l'action avec sa hauteur de si\u00e8ge de 27 \".","breadcrumb":{"@id":"https:\/\/theworldbilliards.com\/fr\/produit\/chaise-joueur-brunswick-traditional\/#breadcrumb"},"inLanguage":"fr-FR","potentialAction":[{"@type":"ReadAction","target":["https:\/\/theworldbilliards.com\/fr\/produit\/chaise-joueur-brunswick-traditional\/"]}]},{"@type":"ImageObject","inLanguage":"fr-FR","@id":"https:\/\/theworldbilliards.com\/fr\/produit\/chaise-joueur-brunswick-traditional\/#primaryimage","url":"https:\/\/theworldbilliards.com\/wp-content\/uploads\/2020\/04\/contender-players-chair-espresso.jpg","contentUrl":"https:\/\/theworldbilliards.com\/wp-content\/uploads\/2020\/04\/contender-players-chair-espresso.jpg","width":1200,"height":533},{"@type":"BreadcrumbList","@id":"https:\/\/theworldbilliards.com\/fr\/produit\/chaise-joueur-brunswick-traditional\/#breadcrumb","itemListElement":[{"@type":"ListItem","position":1,"name":"In\u00edcio","item":"https:\/\/theworldbilliards.com\/fr\/"},{"@type":"ListItem","position":2,"name":"Boutique en ligne","item":"https:\/\/theworldbilliards.com\/fr\/boutique-theworldbilliards\/"},{"@type":"ListItem","position":3,"name":"Chaise joueur Brunswick traditional"}]},{"@type":"WebSite","@id":"https:\/\/theworldbilliards.com\/fr\/#website","url":"https:\/\/theworldbilliards.com\/fr\/","name":"TheWorldBilliards","description":"Achetez ici billard, baby-foot, ping-pong et bowling","publisher":{"@id":"https:\/\/theworldbilliards.com\/fr\/#organization"},"alternateName":"The world billiards","potentialAction":[{"@type":"SearchAction","target":{"@type":"EntryPoint","urlTemplate":"https:\/\/theworldbilliards.com\/fr\/?s={search_term_string}"},"query-input":{"@type":"PropertyValueSpecification","valueRequired":true,"valueName":"search_term_string"}}],"inLanguage":"fr-FR"},{"@type":"Organization","@id":"https:\/\/theworldbilliards.com\/fr\/#organization","name":"The World Billiards","alternateName":"The World Billiards","url":"https:\/\/theworldbilliards.com\/fr\/","logo":{"@type":"ImageObject","inLanguage":"fr-FR","@id":"https:\/\/theworldbilliards.com\/fr\/#\/schema\/logo\/image\/","url":"","contentUrl":"","caption":"The World Billiards"},"image":{"@id":"https:\/\/theworldbilliards.com\/fr\/#\/schema\/logo\/image\/"},"sameAs":["https:\/\/www.facebook.com\/baby.foot.superbes","https:\/\/www.youtube.com\/channel\/UCIMuOVAaUcH6UpZcsZlH0Tg","https:\/\/www.facebook.com\/people\/Brunswick-Billiards-EspaaPortugal\/100066446264309\/","https:\/\/www.instagram.com\/the_world_billiards\/","https:\/\/www.pinterest.es\/Theworldbilliards\/"]}]}},"_links":{"self":[{"href":"https:\/\/theworldbilliards.com\/fr\/wp-json\/wp\/v2\/product\/73889","targetHints":{"allow":["GET"]}}],"collection":[{"href":"https:\/\/theworldbilliards.com\/fr\/wp-json\/wp\/v2\/product"}],"about":[{"href":"https:\/\/theworldbilliards.com\/fr\/wp-json\/wp\/v2\/types\/product"}],"wp:featuredmedia":[{"embeddable":true,"href":"https:\/\/theworldbilliards.com\/fr\/wp-json\/wp\/v2\/media\/73883"}],"wp:attachment":[{"href":"https:\/\/theworldbilliards.com\/fr\/wp-json\/wp\/v2\/media?parent=73889"}],"wp:term":[{"taxonomy":"product_brand","embeddable":true,"href":"https:\/\/theworldbilliards.com\/fr\/wp-json\/wp\/v2\/product_brand?post=73889"},{"taxonomy":"product_cat","embeddable":true,"href":"https:\/\/theworldbilliards.com\/fr\/wp-json\/wp\/v2\/product_cat?post=73889"},{"taxonomy":"product_tag","embeddable":true,"href":"https:\/\/theworldbilliards.com\/fr\/wp-json\/wp\/v2\/product_tag?post=73889"}],"curies":[{"name":"wp","href":"https:\/\/api.w.org\/{rel}","templated":true}]}}