{"id":73961,"date":"2020-04-17T08:02:03","date_gmt":"2020-04-17T06:02:03","guid":{"rendered":"https:\/\/theworldbilliards.com\/?post_type=product&#038;p=73961"},"modified":"2021-12-14T10:24:09","modified_gmt":"2021-12-14T09:24:09","slug":"table-de-pub-brunswick-centennial","status":"publish","type":"product","link":"https:\/\/theworldbilliards.com\/fr\/produit\/table-de-pub-brunswick-centennial\/","title":{"rendered":"Table de pub Brunswick Centennial"},"content":{"rendered":"<p><span class=\"tlid-translation translation\" lang=\"fr\"><span class=\"\" title=\"\">Prenez place autour de cette table de pub accueillante pour de nombreuses soir\u00e9es agr\u00e9ables en famille et entre amis. Avec ses pieds arqu\u00e9s embl\u00e9matiques et sa hauteur de 42 \u00ab\u00a0, la table de pub\u00a0 Centennial offre un style et un confort intemporels. Aussi beaux que fonctionnels, les pieds gracieusement arqu\u00e9s avec leur base d&rsquo;anneau en fer forg\u00e9 vieilli distinctif cr\u00e9ent une silhouette \u00e9l\u00e9gante et contemporaine.<\/span><\/span><\/p>\n","protected":false},"excerpt":{"rendered":"<p>Prenez place autour de cette table de pub accueillante pour de nombreuses soir\u00e9es agr\u00e9ables en famille et entre amis. Avec [&hellip;]<\/p>\n","protected":false},"featured_media":73977,"template":"","meta":{"site-sidebar-layout":"default","site-content-layout":"","ast-site-content-layout":"default","site-content-style":"default","site-sidebar-style":"default","ast-global-header-display":"","ast-banner-title-visibility":"","ast-main-header-display":"","ast-hfb-above-header-display":"","ast-hfb-below-header-display":"","ast-hfb-mobile-header-display":"","site-post-title":"","ast-breadcrumbs-content":"","ast-featured-img":"","footer-sml-layout":"","ast-disable-related-posts":"","theme-transparent-header-meta":"default","adv-header-id-meta":"","stick-header-meta":"","header-above-stick-meta":"","header-main-stick-meta":"","header-below-stick-meta":"","astra-migrate-meta-layouts":"default","ast-page-background-enabled":"default","ast-page-background-meta":{"desktop":{"background-color":"var(--ast-global-color-4)","background-image":"","background-repeat":"repeat","background-position":"center center","background-size":"auto","background-attachment":"scroll","background-type":"","background-media":"","overlay-type":"","overlay-color":"","overlay-opacity":"","overlay-gradient":""},"tablet":{"background-color":"","background-image":"","background-repeat":"repeat","background-position":"center center","background-size":"auto","background-attachment":"scroll","background-type":"","background-media":"","overlay-type":"","overlay-color":"","overlay-opacity":"","overlay-gradient":""},"mobile":{"background-color":"","background-image":"","background-repeat":"repeat","background-position":"center center","background-size":"auto","background-attachment":"scroll","background-type":"","background-media":"","overlay-type":"","overlay-color":"","overlay-opacity":"","overlay-gradient":""}},"ast-content-background-meta":{"desktop":{"background-color":"var(--ast-global-color-5)","background-image":"","background-repeat":"repeat","background-position":"center center","background-size":"auto","background-attachment":"scroll","background-type":"","background-media":"","overlay-type":"","overlay-color":"","overlay-opacity":"","overlay-gradient":""},"tablet":{"background-color":"var(--ast-global-color-5)","background-image":"","background-repeat":"repeat","background-position":"center center","background-size":"auto","background-attachment":"scroll","background-type":"","background-media":"","overlay-type":"","overlay-color":"","overlay-opacity":"","overlay-gradient":""},"mobile":{"background-color":"var(--ast-global-color-5)","background-image":"","background-repeat":"repeat","background-position":"center center","background-size":"auto","background-attachment":"scroll","background-type":"","background-media":"","overlay-type":"","overlay-color":"","overlay-opacity":"","overlay-gradient":""}}},"product_brand":[5198],"product_cat":[4946,4097],"product_tag":[],"class_list":{"0":"post-73961","1":"product","2":"type-product","3":"status-publish","4":"has-post-thumbnail","6":"product_brand-brunswick-billiards-fr","7":"product_cat-accessoire-billard-brunswick","8":"product_cat-meubles","9":"product_shipping_class-accessoires-longs-ou-20kg","10":"desktop-align-center","11":"tablet-align-left","12":"mobile-align-left","14":"first","15":"onbackorder","16":"taxable","17":"shipping-taxable","18":"purchasable","19":"product-type-variable"},"yoast_head":"<!-- This site is optimized with the Yoast SEO plugin v27.5 - https:\/\/yoast.com\/product\/yoast-seo-wordpress\/ -->\n<title>Acheter Table de pub Brunswick Centennial - The World Billiards<\/title>\n<meta name=\"description\" content=\"Prenez place autour de cette table de pub accueillante pour de nombreuses soir\u00e9es agr\u00e9ables en famille et entre amis. Avec ses pieds arqu\u00e9s embl\u00e9matiques et sa hauteur de 42 &quot;, la table de pub\u00a0 Centennial offre un style et un confort intemporels. Aussi beaux que fonctionnels, les pieds gracieusement arqu\u00e9s avec leur base d&#039;anneau en fer forg\u00e9 vieilli distinctif cr\u00e9ent une silhouette \u00e9l\u00e9gante et contemporaine.\" \/>\n<meta name=\"robots\" content=\"index, follow, max-snippet:-1, max-image-preview:large, max-video-preview:-1\" \/>\n<link rel=\"canonical\" href=\"https:\/\/theworldbilliards.com\/fr\/produit\/table-de-pub-brunswick-centennial\/\" \/>\n<meta property=\"og:locale\" content=\"fr_FR\" \/>\n<meta property=\"og:type\" content=\"article\" \/>\n<meta property=\"og:title\" content=\"Acheter Table de pub Brunswick Centennial - The World Billiards\" \/>\n<meta property=\"og:description\" content=\"Prenez place autour de cette table de pub accueillante pour de nombreuses soir\u00e9es agr\u00e9ables en famille et entre amis. Avec ses pieds arqu\u00e9s embl\u00e9matiques et sa hauteur de 42 &quot;, la table de pub\u00a0 Centennial offre un style et un confort intemporels. Aussi beaux que fonctionnels, les pieds gracieusement arqu\u00e9s avec leur base d&#039;anneau en fer forg\u00e9 vieilli distinctif cr\u00e9ent une silhouette \u00e9l\u00e9gante et contemporaine.\" \/>\n<meta property=\"og:url\" content=\"https:\/\/theworldbilliards.com\/fr\/produit\/table-de-pub-brunswick-centennial\/\" \/>\n<meta property=\"og:site_name\" content=\"The World Billiards\" \/>\n<meta property=\"article:publisher\" content=\"https:\/\/www.facebook.com\/baby.foot.superbes\" \/>\n<meta property=\"article:modified_time\" content=\"2021-12-14T09:24:09+00:00\" \/>\n<meta property=\"og:image\" content=\"https:\/\/theworldbilliards.com\/wp-content\/uploads\/2020\/04\/pub_table_centennial_espresso.png\" \/>\n\t<meta property=\"og:image:width\" content=\"531\" \/>\n\t<meta property=\"og:image:height\" content=\"531\" \/>\n\t<meta property=\"og:image:type\" content=\"image\/png\" \/>\n<meta name=\"twitter:card\" content=\"summary_large_image\" \/>\n<script type=\"application\/ld+json\" class=\"yoast-schema-graph\">{\"@context\":\"https:\\\/\\\/schema.org\",\"@graph\":[{\"@type\":\"WebPage\",\"@id\":\"https:\\\/\\\/theworldbilliards.com\\\/fr\\\/produit\\\/table-de-pub-brunswick-centennial\\\/\",\"url\":\"https:\\\/\\\/theworldbilliards.com\\\/fr\\\/produit\\\/table-de-pub-brunswick-centennial\\\/\",\"name\":\"Acheter Table de pub Brunswick Centennial - The World Billiards\",\"isPartOf\":{\"@id\":\"https:\\\/\\\/theworldbilliards.com\\\/fr\\\/#website\"},\"primaryImageOfPage\":{\"@id\":\"https:\\\/\\\/theworldbilliards.com\\\/fr\\\/produit\\\/table-de-pub-brunswick-centennial\\\/#primaryimage\"},\"image\":{\"@id\":\"https:\\\/\\\/theworldbilliards.com\\\/fr\\\/produit\\\/table-de-pub-brunswick-centennial\\\/#primaryimage\"},\"thumbnailUrl\":\"https:\\\/\\\/theworldbilliards.com\\\/wp-content\\\/uploads\\\/2020\\\/04\\\/pub_table_centennial_espresso.png\",\"datePublished\":\"2020-04-17T06:02:03+00:00\",\"dateModified\":\"2021-12-14T09:24:09+00:00\",\"description\":\"Prenez place autour de cette table de pub accueillante pour de nombreuses soir\u00e9es agr\u00e9ables en famille et entre amis. Avec ses pieds arqu\u00e9s embl\u00e9matiques et sa hauteur de 42 \\\", la table de pub\u00a0 Centennial offre un style et un confort intemporels. Aussi beaux que fonctionnels, les pieds gracieusement arqu\u00e9s avec leur base d'anneau en fer forg\u00e9 vieilli distinctif cr\u00e9ent une silhouette \u00e9l\u00e9gante et contemporaine.\",\"breadcrumb\":{\"@id\":\"https:\\\/\\\/theworldbilliards.com\\\/fr\\\/produit\\\/table-de-pub-brunswick-centennial\\\/#breadcrumb\"},\"inLanguage\":\"fr-FR\",\"potentialAction\":[{\"@type\":\"ReadAction\",\"target\":[\"https:\\\/\\\/theworldbilliards.com\\\/fr\\\/produit\\\/table-de-pub-brunswick-centennial\\\/\"]}]},{\"@type\":\"ImageObject\",\"inLanguage\":\"fr-FR\",\"@id\":\"https:\\\/\\\/theworldbilliards.com\\\/fr\\\/produit\\\/table-de-pub-brunswick-centennial\\\/#primaryimage\",\"url\":\"https:\\\/\\\/theworldbilliards.com\\\/wp-content\\\/uploads\\\/2020\\\/04\\\/pub_table_centennial_espresso.png\",\"contentUrl\":\"https:\\\/\\\/theworldbilliards.com\\\/wp-content\\\/uploads\\\/2020\\\/04\\\/pub_table_centennial_espresso.png\",\"width\":531,\"height\":531},{\"@type\":\"BreadcrumbList\",\"@id\":\"https:\\\/\\\/theworldbilliards.com\\\/fr\\\/produit\\\/table-de-pub-brunswick-centennial\\\/#breadcrumb\",\"itemListElement\":[{\"@type\":\"ListItem\",\"position\":1,\"name\":\"In\u00edcio\",\"item\":\"https:\\\/\\\/theworldbilliards.com\\\/fr\\\/\"},{\"@type\":\"ListItem\",\"position\":2,\"name\":\"Boutique en ligne\",\"item\":\"https:\\\/\\\/theworldbilliards.com\\\/fr\\\/boutique-theworldbilliards\\\/\"},{\"@type\":\"ListItem\",\"position\":3,\"name\":\"Table de pub Brunswick Centennial\"}]},{\"@type\":\"WebSite\",\"@id\":\"https:\\\/\\\/theworldbilliards.com\\\/fr\\\/#website\",\"url\":\"https:\\\/\\\/theworldbilliards.com\\\/fr\\\/\",\"name\":\"TheWorldBilliards\",\"description\":\"Achetez ici billard, baby-foot, ping-pong et bowling\",\"publisher\":{\"@id\":\"https:\\\/\\\/theworldbilliards.com\\\/fr\\\/#organization\"},\"alternateName\":\"The world billiards\",\"potentialAction\":[{\"@type\":\"SearchAction\",\"target\":{\"@type\":\"EntryPoint\",\"urlTemplate\":\"https:\\\/\\\/theworldbilliards.com\\\/fr\\\/?s={search_term_string}\"},\"query-input\":{\"@type\":\"PropertyValueSpecification\",\"valueRequired\":true,\"valueName\":\"search_term_string\"}}],\"inLanguage\":\"fr-FR\"},{\"@type\":\"Organization\",\"@id\":\"https:\\\/\\\/theworldbilliards.com\\\/fr\\\/#organization\",\"name\":\"The World Billiards\",\"alternateName\":\"The World Billiards\",\"url\":\"https:\\\/\\\/theworldbilliards.com\\\/fr\\\/\",\"logo\":{\"@type\":\"ImageObject\",\"inLanguage\":\"fr-FR\",\"@id\":\"https:\\\/\\\/theworldbilliards.com\\\/fr\\\/#\\\/schema\\\/logo\\\/image\\\/\",\"url\":\"\",\"contentUrl\":\"\",\"caption\":\"The World Billiards\"},\"image\":{\"@id\":\"https:\\\/\\\/theworldbilliards.com\\\/fr\\\/#\\\/schema\\\/logo\\\/image\\\/\"},\"sameAs\":[\"https:\\\/\\\/www.facebook.com\\\/baby.foot.superbes\",\"https:\\\/\\\/www.youtube.com\\\/channel\\\/UCIMuOVAaUcH6UpZcsZlH0Tg\",\"https:\\\/\\\/www.facebook.com\\\/people\\\/Brunswick-Billiards-EspaaPortugal\\\/100066446264309\\\/\",\"https:\\\/\\\/www.instagram.com\\\/the_world_billiards\\\/\",\"https:\\\/\\\/www.pinterest.es\\\/Theworldbilliards\\\/\"]}]}<\/script>\n<!-- \/ Yoast SEO plugin. -->","yoast_head_json":{"title":"Acheter Table de pub Brunswick Centennial - The World Billiards","description":"Prenez place autour de cette table de pub accueillante pour de nombreuses soir\u00e9es agr\u00e9ables en famille et entre amis. Avec ses pieds arqu\u00e9s embl\u00e9matiques et sa hauteur de 42 \", la table de pub\u00a0 Centennial offre un style et un confort intemporels. Aussi beaux que fonctionnels, les pieds gracieusement arqu\u00e9s avec leur base d'anneau en fer forg\u00e9 vieilli distinctif cr\u00e9ent une silhouette \u00e9l\u00e9gante et contemporaine.","robots":{"index":"index","follow":"follow","max-snippet":"max-snippet:-1","max-image-preview":"max-image-preview:large","max-video-preview":"max-video-preview:-1"},"canonical":"https:\/\/theworldbilliards.com\/fr\/produit\/table-de-pub-brunswick-centennial\/","og_locale":"fr_FR","og_type":"article","og_title":"Acheter Table de pub Brunswick Centennial - The World Billiards","og_description":"Prenez place autour de cette table de pub accueillante pour de nombreuses soir\u00e9es agr\u00e9ables en famille et entre amis. Avec ses pieds arqu\u00e9s embl\u00e9matiques et sa hauteur de 42 \", la table de pub\u00a0 Centennial offre un style et un confort intemporels. Aussi beaux que fonctionnels, les pieds gracieusement arqu\u00e9s avec leur base d'anneau en fer forg\u00e9 vieilli distinctif cr\u00e9ent une silhouette \u00e9l\u00e9gante et contemporaine.","og_url":"https:\/\/theworldbilliards.com\/fr\/produit\/table-de-pub-brunswick-centennial\/","og_site_name":"The World Billiards","article_publisher":"https:\/\/www.facebook.com\/baby.foot.superbes","article_modified_time":"2021-12-14T09:24:09+00:00","og_image":[{"width":531,"height":531,"url":"https:\/\/theworldbilliards.com\/wp-content\/uploads\/2020\/04\/pub_table_centennial_espresso.png","type":"image\/png"}],"twitter_card":"summary_large_image","schema":{"@context":"https:\/\/schema.org","@graph":[{"@type":"WebPage","@id":"https:\/\/theworldbilliards.com\/fr\/produit\/table-de-pub-brunswick-centennial\/","url":"https:\/\/theworldbilliards.com\/fr\/produit\/table-de-pub-brunswick-centennial\/","name":"Acheter Table de pub Brunswick Centennial - The World Billiards","isPartOf":{"@id":"https:\/\/theworldbilliards.com\/fr\/#website"},"primaryImageOfPage":{"@id":"https:\/\/theworldbilliards.com\/fr\/produit\/table-de-pub-brunswick-centennial\/#primaryimage"},"image":{"@id":"https:\/\/theworldbilliards.com\/fr\/produit\/table-de-pub-brunswick-centennial\/#primaryimage"},"thumbnailUrl":"https:\/\/theworldbilliards.com\/wp-content\/uploads\/2020\/04\/pub_table_centennial_espresso.png","datePublished":"2020-04-17T06:02:03+00:00","dateModified":"2021-12-14T09:24:09+00:00","description":"Prenez place autour de cette table de pub accueillante pour de nombreuses soir\u00e9es agr\u00e9ables en famille et entre amis. Avec ses pieds arqu\u00e9s embl\u00e9matiques et sa hauteur de 42 \", la table de pub\u00a0 Centennial offre un style et un confort intemporels. Aussi beaux que fonctionnels, les pieds gracieusement arqu\u00e9s avec leur base d'anneau en fer forg\u00e9 vieilli distinctif cr\u00e9ent une silhouette \u00e9l\u00e9gante et contemporaine.","breadcrumb":{"@id":"https:\/\/theworldbilliards.com\/fr\/produit\/table-de-pub-brunswick-centennial\/#breadcrumb"},"inLanguage":"fr-FR","potentialAction":[{"@type":"ReadAction","target":["https:\/\/theworldbilliards.com\/fr\/produit\/table-de-pub-brunswick-centennial\/"]}]},{"@type":"ImageObject","inLanguage":"fr-FR","@id":"https:\/\/theworldbilliards.com\/fr\/produit\/table-de-pub-brunswick-centennial\/#primaryimage","url":"https:\/\/theworldbilliards.com\/wp-content\/uploads\/2020\/04\/pub_table_centennial_espresso.png","contentUrl":"https:\/\/theworldbilliards.com\/wp-content\/uploads\/2020\/04\/pub_table_centennial_espresso.png","width":531,"height":531},{"@type":"BreadcrumbList","@id":"https:\/\/theworldbilliards.com\/fr\/produit\/table-de-pub-brunswick-centennial\/#breadcrumb","itemListElement":[{"@type":"ListItem","position":1,"name":"In\u00edcio","item":"https:\/\/theworldbilliards.com\/fr\/"},{"@type":"ListItem","position":2,"name":"Boutique en ligne","item":"https:\/\/theworldbilliards.com\/fr\/boutique-theworldbilliards\/"},{"@type":"ListItem","position":3,"name":"Table de pub Brunswick Centennial"}]},{"@type":"WebSite","@id":"https:\/\/theworldbilliards.com\/fr\/#website","url":"https:\/\/theworldbilliards.com\/fr\/","name":"TheWorldBilliards","description":"Achetez ici billard, baby-foot, ping-pong et bowling","publisher":{"@id":"https:\/\/theworldbilliards.com\/fr\/#organization"},"alternateName":"The world billiards","potentialAction":[{"@type":"SearchAction","target":{"@type":"EntryPoint","urlTemplate":"https:\/\/theworldbilliards.com\/fr\/?s={search_term_string}"},"query-input":{"@type":"PropertyValueSpecification","valueRequired":true,"valueName":"search_term_string"}}],"inLanguage":"fr-FR"},{"@type":"Organization","@id":"https:\/\/theworldbilliards.com\/fr\/#organization","name":"The World Billiards","alternateName":"The World Billiards","url":"https:\/\/theworldbilliards.com\/fr\/","logo":{"@type":"ImageObject","inLanguage":"fr-FR","@id":"https:\/\/theworldbilliards.com\/fr\/#\/schema\/logo\/image\/","url":"","contentUrl":"","caption":"The World Billiards"},"image":{"@id":"https:\/\/theworldbilliards.com\/fr\/#\/schema\/logo\/image\/"},"sameAs":["https:\/\/www.facebook.com\/baby.foot.superbes","https:\/\/www.youtube.com\/channel\/UCIMuOVAaUcH6UpZcsZlH0Tg","https:\/\/www.facebook.com\/people\/Brunswick-Billiards-EspaaPortugal\/100066446264309\/","https:\/\/www.instagram.com\/the_world_billiards\/","https:\/\/www.pinterest.es\/Theworldbilliards\/"]}]}},"_links":{"self":[{"href":"https:\/\/theworldbilliards.com\/fr\/wp-json\/wp\/v2\/product\/73961","targetHints":{"allow":["GET"]}}],"collection":[{"href":"https:\/\/theworldbilliards.com\/fr\/wp-json\/wp\/v2\/product"}],"about":[{"href":"https:\/\/theworldbilliards.com\/fr\/wp-json\/wp\/v2\/types\/product"}],"wp:featuredmedia":[{"embeddable":true,"href":"https:\/\/theworldbilliards.com\/fr\/wp-json\/wp\/v2\/media\/73977"}],"wp:attachment":[{"href":"https:\/\/theworldbilliards.com\/fr\/wp-json\/wp\/v2\/media?parent=73961"}],"wp:term":[{"taxonomy":"product_brand","embeddable":true,"href":"https:\/\/theworldbilliards.com\/fr\/wp-json\/wp\/v2\/product_brand?post=73961"},{"taxonomy":"product_cat","embeddable":true,"href":"https:\/\/theworldbilliards.com\/fr\/wp-json\/wp\/v2\/product_cat?post=73961"},{"taxonomy":"product_tag","embeddable":true,"href":"https:\/\/theworldbilliards.com\/fr\/wp-json\/wp\/v2\/product_tag?post=73961"}],"curies":[{"name":"wp","href":"https:\/\/api.w.org\/{rel}","templated":true}]}}