{"id":74164,"date":"2020-04-17T11:05:59","date_gmt":"2020-04-17T09:05:59","guid":{"rendered":"https:\/\/theworldbilliards.com\/?post_type=product&#038;p=74164"},"modified":"2020-04-17T11:20:43","modified_gmt":"2020-04-17T09:20:43","slug":"banc-de-rangement-brunswick-centennial","status":"publish","type":"product","link":"https:\/\/theworldbilliards.com\/fr\/produit\/banc-de-rangement-brunswick-centennial\/","title":{"rendered":"Banc de rangement Brunswick Centennial"},"content":{"rendered":"<p><span class=\"tlid-translation translation\" lang=\"fr\"><span class=\"\" title=\"\"><span title=\"\">Le banc de rangement Centennial pr\u00e9sente un design moderne et est con\u00e7u pour s&rsquo;agencer \u00e0 votre table de billard et \u00e0 vos meubles pr\u00e9f\u00e9r\u00e9s.<\/span> <span title=\"\">Les caract\u00e9ristiques incluent le stockage de tous les accessoires inclus dans notre ensemble Centennial Play et des charni\u00e8res \u00e0 gaz pour une ouverture et une fermeture faciles.<\/span> <span title=\"\">Le banc de rangement peut accueillir 3 personnes confortablement.<\/span> 21 \u00ab\u00a0hauteur de si\u00e8ge<br \/>\n<\/span><\/span><\/p>\n","protected":false},"excerpt":{"rendered":"<p>Le banc de rangement Centennial pr\u00e9sente un design moderne et est con\u00e7u pour s&rsquo;agencer \u00e0 votre table de billard et [&hellip;]<\/p>\n","protected":false},"featured_media":74180,"template":"","meta":{"site-sidebar-layout":"default","site-content-layout":"","ast-site-content-layout":"default","site-content-style":"default","site-sidebar-style":"default","ast-global-header-display":"","ast-banner-title-visibility":"","ast-main-header-display":"","ast-hfb-above-header-display":"","ast-hfb-below-header-display":"","ast-hfb-mobile-header-display":"","site-post-title":"","ast-breadcrumbs-content":"","ast-featured-img":"","footer-sml-layout":"","ast-disable-related-posts":"","theme-transparent-header-meta":"default","adv-header-id-meta":"","stick-header-meta":"","header-above-stick-meta":"","header-main-stick-meta":"","header-below-stick-meta":"","astra-migrate-meta-layouts":"default","ast-page-background-enabled":"default","ast-page-background-meta":{"desktop":{"background-color":"var(--ast-global-color-4)","background-image":"","background-repeat":"repeat","background-position":"center center","background-size":"auto","background-attachment":"scroll","background-type":"","background-media":"","overlay-type":"","overlay-color":"","overlay-opacity":"","overlay-gradient":""},"tablet":{"background-color":"","background-image":"","background-repeat":"repeat","background-position":"center center","background-size":"auto","background-attachment":"scroll","background-type":"","background-media":"","overlay-type":"","overlay-color":"","overlay-opacity":"","overlay-gradient":""},"mobile":{"background-color":"","background-image":"","background-repeat":"repeat","background-position":"center center","background-size":"auto","background-attachment":"scroll","background-type":"","background-media":"","overlay-type":"","overlay-color":"","overlay-opacity":"","overlay-gradient":""}},"ast-content-background-meta":{"desktop":{"background-color":"var(--ast-global-color-5)","background-image":"","background-repeat":"repeat","background-position":"center center","background-size":"auto","background-attachment":"scroll","background-type":"","background-media":"","overlay-type":"","overlay-color":"","overlay-opacity":"","overlay-gradient":""},"tablet":{"background-color":"var(--ast-global-color-5)","background-image":"","background-repeat":"repeat","background-position":"center center","background-size":"auto","background-attachment":"scroll","background-type":"","background-media":"","overlay-type":"","overlay-color":"","overlay-opacity":"","overlay-gradient":""},"mobile":{"background-color":"var(--ast-global-color-5)","background-image":"","background-repeat":"repeat","background-position":"center center","background-size":"auto","background-attachment":"scroll","background-type":"","background-media":"","overlay-type":"","overlay-color":"","overlay-opacity":"","overlay-gradient":""}}},"product_brand":[5198],"product_cat":[4946,4097,1555],"product_tag":[],"class_list":{"0":"post-74164","1":"product","2":"type-product","3":"status-publish","4":"has-post-thumbnail","6":"product_brand-brunswick-billiards-fr","7":"product_cat-accessoire-billard-brunswick","8":"product_cat-meubles","9":"product_cat-plateau-pour-billard","10":"product_shipping_class-accessoires-longs-ou-20kg","11":"desktop-align-center","12":"tablet-align-left","13":"mobile-align-left","15":"first","16":"onbackorder","17":"taxable","18":"shipping-taxable","19":"purchasable","20":"product-type-variable"},"yoast_head":"<!-- This site is optimized with the Yoast SEO plugin v27.4 - https:\/\/yoast.com\/product\/yoast-seo-wordpress\/ -->\n<title>Acheter Banc de rangement Brunswick Centennial - The World Billiards<\/title>\n<meta name=\"description\" content=\"Le banc de rangement Centennial pr\u00e9sente un design moderne et est con\u00e7u pour s&#039;agencer \u00e0 votre table de billard et \u00e0 vos meubles pr\u00e9f\u00e9r\u00e9s. Les caract\u00e9ristiques incluent le stockage de tous les accessoires inclus dans notre ensemble Centennial Play et des charni\u00e8res \u00e0 gaz pour une ouverture et une fermeture faciles. Le banc de rangement peut accueillir 3 personnes confortablement. 21 &quot;hauteur de si\u00e8ge\" \/>\n<meta name=\"robots\" content=\"index, follow, max-snippet:-1, max-image-preview:large, max-video-preview:-1\" \/>\n<link rel=\"canonical\" href=\"https:\/\/theworldbilliards.com\/fr\/produit\/banc-de-rangement-brunswick-centennial\/\" \/>\n<meta property=\"og:locale\" content=\"fr_FR\" \/>\n<meta property=\"og:type\" content=\"article\" \/>\n<meta property=\"og:title\" content=\"Acheter Banc de rangement Brunswick Centennial - The World Billiards\" \/>\n<meta property=\"og:description\" content=\"Le banc de rangement Centennial pr\u00e9sente un design moderne et est con\u00e7u pour s&#039;agencer \u00e0 votre table de billard et \u00e0 vos meubles pr\u00e9f\u00e9r\u00e9s. Les caract\u00e9ristiques incluent le stockage de tous les accessoires inclus dans notre ensemble Centennial Play et des charni\u00e8res \u00e0 gaz pour une ouverture et une fermeture faciles. Le banc de rangement peut accueillir 3 personnes confortablement. 21 &quot;hauteur de si\u00e8ge\" \/>\n<meta property=\"og:url\" content=\"https:\/\/theworldbilliards.com\/fr\/produit\/banc-de-rangement-brunswick-centennial\/\" \/>\n<meta property=\"og:site_name\" content=\"The World Billiards\" \/>\n<meta property=\"article:publisher\" content=\"https:\/\/www.facebook.com\/baby.foot.superbes\" \/>\n<meta property=\"article:modified_time\" content=\"2020-04-17T09:20:43+00:00\" \/>\n<meta property=\"og:image\" content=\"https:\/\/theworldbilliards.com\/wp-content\/uploads\/2020\/04\/storage_bench_centennial_cerrado.jpg\" \/>\n\t<meta property=\"og:image:width\" content=\"790\" \/>\n\t<meta property=\"og:image:height\" content=\"790\" \/>\n\t<meta property=\"og:image:type\" content=\"image\/jpeg\" \/>\n<meta name=\"twitter:card\" content=\"summary_large_image\" \/>\n<script type=\"application\/ld+json\" class=\"yoast-schema-graph\">{\"@context\":\"https:\\\/\\\/schema.org\",\"@graph\":[{\"@type\":\"WebPage\",\"@id\":\"https:\\\/\\\/theworldbilliards.com\\\/fr\\\/produit\\\/banc-de-rangement-brunswick-centennial\\\/\",\"url\":\"https:\\\/\\\/theworldbilliards.com\\\/fr\\\/produit\\\/banc-de-rangement-brunswick-centennial\\\/\",\"name\":\"Acheter Banc de rangement Brunswick Centennial - The World Billiards\",\"isPartOf\":{\"@id\":\"https:\\\/\\\/theworldbilliards.com\\\/fr\\\/#website\"},\"primaryImageOfPage\":{\"@id\":\"https:\\\/\\\/theworldbilliards.com\\\/fr\\\/produit\\\/banc-de-rangement-brunswick-centennial\\\/#primaryimage\"},\"image\":{\"@id\":\"https:\\\/\\\/theworldbilliards.com\\\/fr\\\/produit\\\/banc-de-rangement-brunswick-centennial\\\/#primaryimage\"},\"thumbnailUrl\":\"https:\\\/\\\/theworldbilliards.com\\\/wp-content\\\/uploads\\\/2020\\\/04\\\/storage_bench_centennial_cerrado.jpg\",\"datePublished\":\"2020-04-17T09:05:59+00:00\",\"dateModified\":\"2020-04-17T09:20:43+00:00\",\"description\":\"Le banc de rangement Centennial pr\u00e9sente un design moderne et est con\u00e7u pour s'agencer \u00e0 votre table de billard et \u00e0 vos meubles pr\u00e9f\u00e9r\u00e9s. Les caract\u00e9ristiques incluent le stockage de tous les accessoires inclus dans notre ensemble Centennial Play et des charni\u00e8res \u00e0 gaz pour une ouverture et une fermeture faciles. Le banc de rangement peut accueillir 3 personnes confortablement. 21 \\\"hauteur de si\u00e8ge\",\"breadcrumb\":{\"@id\":\"https:\\\/\\\/theworldbilliards.com\\\/fr\\\/produit\\\/banc-de-rangement-brunswick-centennial\\\/#breadcrumb\"},\"inLanguage\":\"fr-FR\",\"potentialAction\":[{\"@type\":\"ReadAction\",\"target\":[\"https:\\\/\\\/theworldbilliards.com\\\/fr\\\/produit\\\/banc-de-rangement-brunswick-centennial\\\/\"]}]},{\"@type\":\"ImageObject\",\"inLanguage\":\"fr-FR\",\"@id\":\"https:\\\/\\\/theworldbilliards.com\\\/fr\\\/produit\\\/banc-de-rangement-brunswick-centennial\\\/#primaryimage\",\"url\":\"https:\\\/\\\/theworldbilliards.com\\\/wp-content\\\/uploads\\\/2020\\\/04\\\/storage_bench_centennial_cerrado.jpg\",\"contentUrl\":\"https:\\\/\\\/theworldbilliards.com\\\/wp-content\\\/uploads\\\/2020\\\/04\\\/storage_bench_centennial_cerrado.jpg\",\"width\":790,\"height\":790},{\"@type\":\"BreadcrumbList\",\"@id\":\"https:\\\/\\\/theworldbilliards.com\\\/fr\\\/produit\\\/banc-de-rangement-brunswick-centennial\\\/#breadcrumb\",\"itemListElement\":[{\"@type\":\"ListItem\",\"position\":1,\"name\":\"In\u00edcio\",\"item\":\"https:\\\/\\\/theworldbilliards.com\\\/fr\\\/\"},{\"@type\":\"ListItem\",\"position\":2,\"name\":\"Boutique en ligne\",\"item\":\"https:\\\/\\\/theworldbilliards.com\\\/fr\\\/boutique-theworldbilliards\\\/\"},{\"@type\":\"ListItem\",\"position\":3,\"name\":\"Banc de rangement Brunswick Centennial\"}]},{\"@type\":\"WebSite\",\"@id\":\"https:\\\/\\\/theworldbilliards.com\\\/fr\\\/#website\",\"url\":\"https:\\\/\\\/theworldbilliards.com\\\/fr\\\/\",\"name\":\"TheWorldBilliards\",\"description\":\"Achetez ici billard, baby-foot, ping-pong et bowling\",\"publisher\":{\"@id\":\"https:\\\/\\\/theworldbilliards.com\\\/fr\\\/#organization\"},\"alternateName\":\"The world billiards\",\"potentialAction\":[{\"@type\":\"SearchAction\",\"target\":{\"@type\":\"EntryPoint\",\"urlTemplate\":\"https:\\\/\\\/theworldbilliards.com\\\/fr\\\/?s={search_term_string}\"},\"query-input\":{\"@type\":\"PropertyValueSpecification\",\"valueRequired\":true,\"valueName\":\"search_term_string\"}}],\"inLanguage\":\"fr-FR\"},{\"@type\":\"Organization\",\"@id\":\"https:\\\/\\\/theworldbilliards.com\\\/fr\\\/#organization\",\"name\":\"The World Billiards\",\"alternateName\":\"The World Billiards\",\"url\":\"https:\\\/\\\/theworldbilliards.com\\\/fr\\\/\",\"logo\":{\"@type\":\"ImageObject\",\"inLanguage\":\"fr-FR\",\"@id\":\"https:\\\/\\\/theworldbilliards.com\\\/fr\\\/#\\\/schema\\\/logo\\\/image\\\/\",\"url\":\"\",\"contentUrl\":\"\",\"caption\":\"The World Billiards\"},\"image\":{\"@id\":\"https:\\\/\\\/theworldbilliards.com\\\/fr\\\/#\\\/schema\\\/logo\\\/image\\\/\"},\"sameAs\":[\"https:\\\/\\\/www.facebook.com\\\/baby.foot.superbes\",\"https:\\\/\\\/www.youtube.com\\\/channel\\\/UCIMuOVAaUcH6UpZcsZlH0Tg\",\"https:\\\/\\\/www.facebook.com\\\/people\\\/Brunswick-Billiards-EspaaPortugal\\\/100066446264309\\\/\",\"https:\\\/\\\/www.instagram.com\\\/the_world_billiards\\\/\",\"https:\\\/\\\/www.pinterest.es\\\/Theworldbilliards\\\/\"]}]}<\/script>\n<!-- \/ Yoast SEO plugin. -->","yoast_head_json":{"title":"Acheter Banc de rangement Brunswick Centennial - The World Billiards","description":"Le banc de rangement Centennial pr\u00e9sente un design moderne et est con\u00e7u pour s'agencer \u00e0 votre table de billard et \u00e0 vos meubles pr\u00e9f\u00e9r\u00e9s. Les caract\u00e9ristiques incluent le stockage de tous les accessoires inclus dans notre ensemble Centennial Play et des charni\u00e8res \u00e0 gaz pour une ouverture et une fermeture faciles. Le banc de rangement peut accueillir 3 personnes confortablement. 21 \"hauteur de si\u00e8ge","robots":{"index":"index","follow":"follow","max-snippet":"max-snippet:-1","max-image-preview":"max-image-preview:large","max-video-preview":"max-video-preview:-1"},"canonical":"https:\/\/theworldbilliards.com\/fr\/produit\/banc-de-rangement-brunswick-centennial\/","og_locale":"fr_FR","og_type":"article","og_title":"Acheter Banc de rangement Brunswick Centennial - The World Billiards","og_description":"Le banc de rangement Centennial pr\u00e9sente un design moderne et est con\u00e7u pour s'agencer \u00e0 votre table de billard et \u00e0 vos meubles pr\u00e9f\u00e9r\u00e9s. Les caract\u00e9ristiques incluent le stockage de tous les accessoires inclus dans notre ensemble Centennial Play et des charni\u00e8res \u00e0 gaz pour une ouverture et une fermeture faciles. Le banc de rangement peut accueillir 3 personnes confortablement. 21 \"hauteur de si\u00e8ge","og_url":"https:\/\/theworldbilliards.com\/fr\/produit\/banc-de-rangement-brunswick-centennial\/","og_site_name":"The World Billiards","article_publisher":"https:\/\/www.facebook.com\/baby.foot.superbes","article_modified_time":"2020-04-17T09:20:43+00:00","og_image":[{"width":790,"height":790,"url":"https:\/\/theworldbilliards.com\/wp-content\/uploads\/2020\/04\/storage_bench_centennial_cerrado.jpg","type":"image\/jpeg"}],"twitter_card":"summary_large_image","schema":{"@context":"https:\/\/schema.org","@graph":[{"@type":"WebPage","@id":"https:\/\/theworldbilliards.com\/fr\/produit\/banc-de-rangement-brunswick-centennial\/","url":"https:\/\/theworldbilliards.com\/fr\/produit\/banc-de-rangement-brunswick-centennial\/","name":"Acheter Banc de rangement Brunswick Centennial - The World Billiards","isPartOf":{"@id":"https:\/\/theworldbilliards.com\/fr\/#website"},"primaryImageOfPage":{"@id":"https:\/\/theworldbilliards.com\/fr\/produit\/banc-de-rangement-brunswick-centennial\/#primaryimage"},"image":{"@id":"https:\/\/theworldbilliards.com\/fr\/produit\/banc-de-rangement-brunswick-centennial\/#primaryimage"},"thumbnailUrl":"https:\/\/theworldbilliards.com\/wp-content\/uploads\/2020\/04\/storage_bench_centennial_cerrado.jpg","datePublished":"2020-04-17T09:05:59+00:00","dateModified":"2020-04-17T09:20:43+00:00","description":"Le banc de rangement Centennial pr\u00e9sente un design moderne et est con\u00e7u pour s'agencer \u00e0 votre table de billard et \u00e0 vos meubles pr\u00e9f\u00e9r\u00e9s. Les caract\u00e9ristiques incluent le stockage de tous les accessoires inclus dans notre ensemble Centennial Play et des charni\u00e8res \u00e0 gaz pour une ouverture et une fermeture faciles. Le banc de rangement peut accueillir 3 personnes confortablement. 21 \"hauteur de si\u00e8ge","breadcrumb":{"@id":"https:\/\/theworldbilliards.com\/fr\/produit\/banc-de-rangement-brunswick-centennial\/#breadcrumb"},"inLanguage":"fr-FR","potentialAction":[{"@type":"ReadAction","target":["https:\/\/theworldbilliards.com\/fr\/produit\/banc-de-rangement-brunswick-centennial\/"]}]},{"@type":"ImageObject","inLanguage":"fr-FR","@id":"https:\/\/theworldbilliards.com\/fr\/produit\/banc-de-rangement-brunswick-centennial\/#primaryimage","url":"https:\/\/theworldbilliards.com\/wp-content\/uploads\/2020\/04\/storage_bench_centennial_cerrado.jpg","contentUrl":"https:\/\/theworldbilliards.com\/wp-content\/uploads\/2020\/04\/storage_bench_centennial_cerrado.jpg","width":790,"height":790},{"@type":"BreadcrumbList","@id":"https:\/\/theworldbilliards.com\/fr\/produit\/banc-de-rangement-brunswick-centennial\/#breadcrumb","itemListElement":[{"@type":"ListItem","position":1,"name":"In\u00edcio","item":"https:\/\/theworldbilliards.com\/fr\/"},{"@type":"ListItem","position":2,"name":"Boutique en ligne","item":"https:\/\/theworldbilliards.com\/fr\/boutique-theworldbilliards\/"},{"@type":"ListItem","position":3,"name":"Banc de rangement Brunswick Centennial"}]},{"@type":"WebSite","@id":"https:\/\/theworldbilliards.com\/fr\/#website","url":"https:\/\/theworldbilliards.com\/fr\/","name":"TheWorldBilliards","description":"Achetez ici billard, baby-foot, ping-pong et bowling","publisher":{"@id":"https:\/\/theworldbilliards.com\/fr\/#organization"},"alternateName":"The world billiards","potentialAction":[{"@type":"SearchAction","target":{"@type":"EntryPoint","urlTemplate":"https:\/\/theworldbilliards.com\/fr\/?s={search_term_string}"},"query-input":{"@type":"PropertyValueSpecification","valueRequired":true,"valueName":"search_term_string"}}],"inLanguage":"fr-FR"},{"@type":"Organization","@id":"https:\/\/theworldbilliards.com\/fr\/#organization","name":"The World Billiards","alternateName":"The World Billiards","url":"https:\/\/theworldbilliards.com\/fr\/","logo":{"@type":"ImageObject","inLanguage":"fr-FR","@id":"https:\/\/theworldbilliards.com\/fr\/#\/schema\/logo\/image\/","url":"","contentUrl":"","caption":"The World Billiards"},"image":{"@id":"https:\/\/theworldbilliards.com\/fr\/#\/schema\/logo\/image\/"},"sameAs":["https:\/\/www.facebook.com\/baby.foot.superbes","https:\/\/www.youtube.com\/channel\/UCIMuOVAaUcH6UpZcsZlH0Tg","https:\/\/www.facebook.com\/people\/Brunswick-Billiards-EspaaPortugal\/100066446264309\/","https:\/\/www.instagram.com\/the_world_billiards\/","https:\/\/www.pinterest.es\/Theworldbilliards\/"]}]}},"_links":{"self":[{"href":"https:\/\/theworldbilliards.com\/fr\/wp-json\/wp\/v2\/product\/74164","targetHints":{"allow":["GET"]}}],"collection":[{"href":"https:\/\/theworldbilliards.com\/fr\/wp-json\/wp\/v2\/product"}],"about":[{"href":"https:\/\/theworldbilliards.com\/fr\/wp-json\/wp\/v2\/types\/product"}],"wp:featuredmedia":[{"embeddable":true,"href":"https:\/\/theworldbilliards.com\/fr\/wp-json\/wp\/v2\/media\/74180"}],"wp:attachment":[{"href":"https:\/\/theworldbilliards.com\/fr\/wp-json\/wp\/v2\/media?parent=74164"}],"wp:term":[{"taxonomy":"product_brand","embeddable":true,"href":"https:\/\/theworldbilliards.com\/fr\/wp-json\/wp\/v2\/product_brand?post=74164"},{"taxonomy":"product_cat","embeddable":true,"href":"https:\/\/theworldbilliards.com\/fr\/wp-json\/wp\/v2\/product_cat?post=74164"},{"taxonomy":"product_tag","embeddable":true,"href":"https:\/\/theworldbilliards.com\/fr\/wp-json\/wp\/v2\/product_tag?post=74164"}],"curies":[{"name":"wp","href":"https:\/\/api.w.org\/{rel}","templated":true}]}}