{"id":74246,"date":"2020-04-20T10:14:17","date_gmt":"2020-04-20T08:14:17","guid":{"rendered":"https:\/\/theworldbilliards.com\/?post_type=product&#038;p=74246"},"modified":"2021-12-14T12:30:53","modified_gmt":"2021-12-14T11:30:53","slug":"larmoire-de-jeu-de-fleches-brunswick","status":"publish","type":"product","link":"https:\/\/theworldbilliards.com\/fr\/produit\/larmoire-de-jeu-de-fleches-brunswick\/","title":{"rendered":"L&rsquo;armoire de jeu de fl\u00e9ches Brunswick"},"content":{"rendered":"<p><span class=\"tlid-translation translation\" lang=\"fr\"><span class=\"\" title=\"\">L&rsquo;armoire de jeu de fl\u00e9chettes Brunswick est un excellent ajout \u00e0 n&rsquo;importe quelle salle de jeux et fournit la meilleure solution pour garder votre jeu organis\u00e9 et vos murs prot\u00e9g\u00e9s.<\/span> <span class=\"\" title=\"\">Ses portes d&rsquo;armoire sont dot\u00e9es de tableaux d&rsquo;affichage \u00e0 double craie, de loquets magn\u00e9tiques, de rainures de craie et de supports de fl\u00e9chettes pour le rangement.<\/span> <span class=\"\" title=\"\">Dispose d&rsquo;un panneau en li\u00e8ge pour les fl\u00e9chettes \u00e0 pointe d&rsquo;acier.<\/span><\/p>\n<p><span title=\"\">L&rsquo;armoire contient la plupart des fl\u00e9chettes en acier et \u00e0 pointe souple.<\/span> <span title=\"\">(Dimensions de la zone de jeu de fl\u00e9chettes: 31 \u00bc \u201dde hauteur x 25\u201d de largeur x 2 7\/8 \u201dde profondeur)<\/span><\/p>\n<p><span title=\"\">Les dimensions de l&rsquo;armoire sont de 37 \u00ab\u00a0x 30,25\u00a0\u00bb x 7,25 \u00ab\u00a0.<\/span><br \/>\n<span class=\"\" title=\"\">Jeu de fl\u00e9chettes et fl\u00e9chettes non inclus.<\/span><\/span><\/p>\n","protected":false},"excerpt":{"rendered":"<p>L&rsquo;armoire de jeu de fl\u00e9chettes Brunswick est un excellent ajout \u00e0 n&rsquo;importe quelle salle de jeux et fournit la meilleure [&hellip;]<\/p>\n","protected":false},"featured_media":85945,"template":"","meta":{"site-sidebar-layout":"default","site-content-layout":"","ast-site-content-layout":"default","site-content-style":"default","site-sidebar-style":"default","ast-global-header-display":"","ast-banner-title-visibility":"","ast-main-header-display":"","ast-hfb-above-header-display":"","ast-hfb-below-header-display":"","ast-hfb-mobile-header-display":"","site-post-title":"","ast-breadcrumbs-content":"","ast-featured-img":"","footer-sml-layout":"","ast-disable-related-posts":"","theme-transparent-header-meta":"default","adv-header-id-meta":"","stick-header-meta":"","header-above-stick-meta":"","header-main-stick-meta":"","header-below-stick-meta":"","astra-migrate-meta-layouts":"default","ast-page-background-enabled":"default","ast-page-background-meta":{"desktop":{"background-color":"var(--ast-global-color-4)","background-image":"","background-repeat":"repeat","background-position":"center center","background-size":"auto","background-attachment":"scroll","background-type":"","background-media":"","overlay-type":"","overlay-color":"","overlay-opacity":"","overlay-gradient":""},"tablet":{"background-color":"","background-image":"","background-repeat":"repeat","background-position":"center center","background-size":"auto","background-attachment":"scroll","background-type":"","background-media":"","overlay-type":"","overlay-color":"","overlay-opacity":"","overlay-gradient":""},"mobile":{"background-color":"","background-image":"","background-repeat":"repeat","background-position":"center center","background-size":"auto","background-attachment":"scroll","background-type":"","background-media":"","overlay-type":"","overlay-color":"","overlay-opacity":"","overlay-gradient":""}},"ast-content-background-meta":{"desktop":{"background-color":"var(--ast-global-color-5)","background-image":"","background-repeat":"repeat","background-position":"center center","background-size":"auto","background-attachment":"scroll","background-type":"","background-media":"","overlay-type":"","overlay-color":"","overlay-opacity":"","overlay-gradient":""},"tablet":{"background-color":"var(--ast-global-color-5)","background-image":"","background-repeat":"repeat","background-position":"center center","background-size":"auto","background-attachment":"scroll","background-type":"","background-media":"","overlay-type":"","overlay-color":"","overlay-opacity":"","overlay-gradient":""},"mobile":{"background-color":"var(--ast-global-color-5)","background-image":"","background-repeat":"repeat","background-position":"center center","background-size":"auto","background-attachment":"scroll","background-type":"","background-media":"","overlay-type":"","overlay-color":"","overlay-opacity":"","overlay-gradient":""}}},"product_brand":[5198],"product_cat":[1413],"product_tag":[],"class_list":{"0":"post-74246","1":"product","2":"type-product","3":"status-publish","4":"has-post-thumbnail","6":"product_brand-brunswick-billiards-fr","7":"product_cat-jeu-de-fleches","8":"product_shipping_class-baby-foot","9":"desktop-align-center","10":"tablet-align-left","11":"mobile-align-left","13":"first","14":"onbackorder","15":"taxable","16":"shipping-taxable","17":"purchasable","18":"product-type-variable"},"yoast_head":"<!-- This site is optimized with the Yoast SEO plugin v27.4 - https:\/\/yoast.com\/product\/yoast-seo-wordpress\/ -->\n<title>Acheter L&#039;armoire de jeu de fl\u00e9ches Brunswick - The World Billiards<\/title>\n<meta name=\"description\" content=\"L&#039;armoire de jeu de fl\u00e9chettes Brunswick est un excellent ajout \u00e0 n&#039;importe quelle salle de jeux et fournit la meilleure solution pour garder votre jeu organis\u00e9 et vos murs prot\u00e9g\u00e9s. Ses portes d&#039;armoire sont dot\u00e9es de tableaux d&#039;affichage \u00e0 double craie, de loquets magn\u00e9tiques, de rainures de craie et de supports de fl\u00e9chettes pour le rangement. Dispose d&#039;un panneau en li\u00e8ge pour les fl\u00e9chettes \u00e0 pointe d&#039;acier.  L&#039;armoire contient la plupart des fl\u00e9chettes en acier et \u00e0 pointe souple. (Dimensions de la zone de jeu de fl\u00e9chettes: 31 \u00bc \u201dde hauteur x 25\u201d de largeur x 2 7\/8 \u201dde profondeur)  Les dimensions de l&#039;armoire sont de 37 &quot;x 30,25&quot; x 7,25 &quot;. Jeu de fl\u00e9chettes et fl\u00e9chettes non inclus.\" \/>\n<meta name=\"robots\" content=\"index, follow, max-snippet:-1, max-image-preview:large, max-video-preview:-1\" \/>\n<link rel=\"canonical\" href=\"https:\/\/theworldbilliards.com\/fr\/produit\/larmoire-de-jeu-de-fleches-brunswick\/\" \/>\n<meta property=\"og:locale\" content=\"fr_FR\" \/>\n<meta property=\"og:type\" content=\"article\" \/>\n<meta property=\"og:title\" content=\"Acheter L&#039;armoire de jeu de fl\u00e9ches Brunswick - The World Billiards\" \/>\n<meta property=\"og:description\" content=\"L&#039;armoire de jeu de fl\u00e9chettes Brunswick est un excellent ajout \u00e0 n&#039;importe quelle salle de jeux et fournit la meilleure solution pour garder votre jeu organis\u00e9 et vos murs prot\u00e9g\u00e9s. Ses portes d&#039;armoire sont dot\u00e9es de tableaux d&#039;affichage \u00e0 double craie, de loquets magn\u00e9tiques, de rainures de craie et de supports de fl\u00e9chettes pour le rangement. Dispose d&#039;un panneau en li\u00e8ge pour les fl\u00e9chettes \u00e0 pointe d&#039;acier.  L&#039;armoire contient la plupart des fl\u00e9chettes en acier et \u00e0 pointe souple. (Dimensions de la zone de jeu de fl\u00e9chettes: 31 \u00bc \u201dde hauteur x 25\u201d de largeur x 2 7\/8 \u201dde profondeur)  Les dimensions de l&#039;armoire sont de 37 &quot;x 30,25&quot; x 7,25 &quot;. Jeu de fl\u00e9chettes et fl\u00e9chettes non inclus.\" \/>\n<meta property=\"og:url\" content=\"https:\/\/theworldbilliards.com\/fr\/produit\/larmoire-de-jeu-de-fleches-brunswick\/\" \/>\n<meta property=\"og:site_name\" content=\"The World Billiards\" \/>\n<meta property=\"article:publisher\" content=\"https:\/\/www.facebook.com\/baby.foot.superbes\" \/>\n<meta property=\"article:modified_time\" content=\"2021-12-14T11:30:53+00:00\" \/>\n<meta property=\"og:image\" content=\"https:\/\/theworldbilliards.com\/wp-content\/uploads\/2020\/04\/dartboard_cabinet_rustic-dark-brown_detail_2.jpg\" \/>\n\t<meta property=\"og:image:width\" content=\"788\" \/>\n\t<meta property=\"og:image:height\" content=\"788\" \/>\n\t<meta property=\"og:image:type\" content=\"image\/jpeg\" \/>\n<meta name=\"twitter:card\" content=\"summary_large_image\" \/>\n<meta name=\"twitter:label1\" content=\"Dur\u00e9e de lecture estim\u00e9e\" \/>\n\t<meta name=\"twitter:data1\" content=\"1 minute\" \/>\n<script type=\"application\/ld+json\" class=\"yoast-schema-graph\">{\"@context\":\"https:\\\/\\\/schema.org\",\"@graph\":[{\"@type\":\"WebPage\",\"@id\":\"https:\\\/\\\/theworldbilliards.com\\\/fr\\\/produit\\\/larmoire-de-jeu-de-fleches-brunswick\\\/\",\"url\":\"https:\\\/\\\/theworldbilliards.com\\\/fr\\\/produit\\\/larmoire-de-jeu-de-fleches-brunswick\\\/\",\"name\":\"Acheter L'armoire de jeu de fl\u00e9ches Brunswick - The World Billiards\",\"isPartOf\":{\"@id\":\"https:\\\/\\\/theworldbilliards.com\\\/fr\\\/#website\"},\"primaryImageOfPage\":{\"@id\":\"https:\\\/\\\/theworldbilliards.com\\\/fr\\\/produit\\\/larmoire-de-jeu-de-fleches-brunswick\\\/#primaryimage\"},\"image\":{\"@id\":\"https:\\\/\\\/theworldbilliards.com\\\/fr\\\/produit\\\/larmoire-de-jeu-de-fleches-brunswick\\\/#primaryimage\"},\"thumbnailUrl\":\"https:\\\/\\\/theworldbilliards.com\\\/wp-content\\\/uploads\\\/2020\\\/04\\\/dartboard_cabinet_rustic-dark-brown_detail_2.jpg\",\"datePublished\":\"2020-04-20T08:14:17+00:00\",\"dateModified\":\"2021-12-14T11:30:53+00:00\",\"description\":\"L'armoire de jeu de fl\u00e9chettes Brunswick est un excellent ajout \u00e0 n'importe quelle salle de jeux et fournit la meilleure solution pour garder votre jeu organis\u00e9 et vos murs prot\u00e9g\u00e9s. Ses portes d'armoire sont dot\u00e9es de tableaux d'affichage \u00e0 double craie, de loquets magn\u00e9tiques, de rainures de craie et de supports de fl\u00e9chettes pour le rangement. Dispose d'un panneau en li\u00e8ge pour les fl\u00e9chettes \u00e0 pointe d'acier. L'armoire contient la plupart des fl\u00e9chettes en acier et \u00e0 pointe souple. (Dimensions de la zone de jeu de fl\u00e9chettes: 31 \u00bc \u201dde hauteur x 25\u201d de largeur x 2 7\\\/8 \u201dde profondeur) Les dimensions de l'armoire sont de 37 \\\"x 30,25\\\" x 7,25 \\\". Jeu de fl\u00e9chettes et fl\u00e9chettes non inclus.\",\"breadcrumb\":{\"@id\":\"https:\\\/\\\/theworldbilliards.com\\\/fr\\\/produit\\\/larmoire-de-jeu-de-fleches-brunswick\\\/#breadcrumb\"},\"inLanguage\":\"fr-FR\",\"potentialAction\":[{\"@type\":\"ReadAction\",\"target\":[\"https:\\\/\\\/theworldbilliards.com\\\/fr\\\/produit\\\/larmoire-de-jeu-de-fleches-brunswick\\\/\"]}]},{\"@type\":\"ImageObject\",\"inLanguage\":\"fr-FR\",\"@id\":\"https:\\\/\\\/theworldbilliards.com\\\/fr\\\/produit\\\/larmoire-de-jeu-de-fleches-brunswick\\\/#primaryimage\",\"url\":\"https:\\\/\\\/theworldbilliards.com\\\/wp-content\\\/uploads\\\/2020\\\/04\\\/dartboard_cabinet_rustic-dark-brown_detail_2.jpg\",\"contentUrl\":\"https:\\\/\\\/theworldbilliards.com\\\/wp-content\\\/uploads\\\/2020\\\/04\\\/dartboard_cabinet_rustic-dark-brown_detail_2.jpg\",\"width\":788,\"height\":788},{\"@type\":\"BreadcrumbList\",\"@id\":\"https:\\\/\\\/theworldbilliards.com\\\/fr\\\/produit\\\/larmoire-de-jeu-de-fleches-brunswick\\\/#breadcrumb\",\"itemListElement\":[{\"@type\":\"ListItem\",\"position\":1,\"name\":\"In\u00edcio\",\"item\":\"https:\\\/\\\/theworldbilliards.com\\\/fr\\\/\"},{\"@type\":\"ListItem\",\"position\":2,\"name\":\"Boutique en ligne\",\"item\":\"https:\\\/\\\/theworldbilliards.com\\\/fr\\\/boutique-theworldbilliards\\\/\"},{\"@type\":\"ListItem\",\"position\":3,\"name\":\"L&#8217;armoire de jeu de fl\u00e9ches Brunswick\"}]},{\"@type\":\"WebSite\",\"@id\":\"https:\\\/\\\/theworldbilliards.com\\\/fr\\\/#website\",\"url\":\"https:\\\/\\\/theworldbilliards.com\\\/fr\\\/\",\"name\":\"TheWorldBilliards\",\"description\":\"Achetez ici billard, baby-foot, ping-pong et bowling\",\"publisher\":{\"@id\":\"https:\\\/\\\/theworldbilliards.com\\\/fr\\\/#organization\"},\"alternateName\":\"The world billiards\",\"potentialAction\":[{\"@type\":\"SearchAction\",\"target\":{\"@type\":\"EntryPoint\",\"urlTemplate\":\"https:\\\/\\\/theworldbilliards.com\\\/fr\\\/?s={search_term_string}\"},\"query-input\":{\"@type\":\"PropertyValueSpecification\",\"valueRequired\":true,\"valueName\":\"search_term_string\"}}],\"inLanguage\":\"fr-FR\"},{\"@type\":\"Organization\",\"@id\":\"https:\\\/\\\/theworldbilliards.com\\\/fr\\\/#organization\",\"name\":\"The World Billiards\",\"alternateName\":\"The World Billiards\",\"url\":\"https:\\\/\\\/theworldbilliards.com\\\/fr\\\/\",\"logo\":{\"@type\":\"ImageObject\",\"inLanguage\":\"fr-FR\",\"@id\":\"https:\\\/\\\/theworldbilliards.com\\\/fr\\\/#\\\/schema\\\/logo\\\/image\\\/\",\"url\":\"\",\"contentUrl\":\"\",\"caption\":\"The World Billiards\"},\"image\":{\"@id\":\"https:\\\/\\\/theworldbilliards.com\\\/fr\\\/#\\\/schema\\\/logo\\\/image\\\/\"},\"sameAs\":[\"https:\\\/\\\/www.facebook.com\\\/baby.foot.superbes\",\"https:\\\/\\\/www.youtube.com\\\/channel\\\/UCIMuOVAaUcH6UpZcsZlH0Tg\",\"https:\\\/\\\/www.facebook.com\\\/people\\\/Brunswick-Billiards-EspaaPortugal\\\/100066446264309\\\/\",\"https:\\\/\\\/www.instagram.com\\\/the_world_billiards\\\/\",\"https:\\\/\\\/www.pinterest.es\\\/Theworldbilliards\\\/\"]}]}<\/script>\n<!-- \/ Yoast SEO plugin. -->","yoast_head_json":{"title":"Acheter L'armoire de jeu de fl\u00e9ches Brunswick - The World Billiards","description":"L'armoire de jeu de fl\u00e9chettes Brunswick est un excellent ajout \u00e0 n'importe quelle salle de jeux et fournit la meilleure solution pour garder votre jeu organis\u00e9 et vos murs prot\u00e9g\u00e9s. Ses portes d'armoire sont dot\u00e9es de tableaux d'affichage \u00e0 double craie, de loquets magn\u00e9tiques, de rainures de craie et de supports de fl\u00e9chettes pour le rangement. Dispose d'un panneau en li\u00e8ge pour les fl\u00e9chettes \u00e0 pointe d'acier.  L'armoire contient la plupart des fl\u00e9chettes en acier et \u00e0 pointe souple. (Dimensions de la zone de jeu de fl\u00e9chettes: 31 \u00bc \u201dde hauteur x 25\u201d de largeur x 2 7\/8 \u201dde profondeur)  Les dimensions de l'armoire sont de 37 \"x 30,25\" x 7,25 \". Jeu de fl\u00e9chettes et fl\u00e9chettes non inclus.","robots":{"index":"index","follow":"follow","max-snippet":"max-snippet:-1","max-image-preview":"max-image-preview:large","max-video-preview":"max-video-preview:-1"},"canonical":"https:\/\/theworldbilliards.com\/fr\/produit\/larmoire-de-jeu-de-fleches-brunswick\/","og_locale":"fr_FR","og_type":"article","og_title":"Acheter L'armoire de jeu de fl\u00e9ches Brunswick - The World Billiards","og_description":"L'armoire de jeu de fl\u00e9chettes Brunswick est un excellent ajout \u00e0 n'importe quelle salle de jeux et fournit la meilleure solution pour garder votre jeu organis\u00e9 et vos murs prot\u00e9g\u00e9s. Ses portes d'armoire sont dot\u00e9es de tableaux d'affichage \u00e0 double craie, de loquets magn\u00e9tiques, de rainures de craie et de supports de fl\u00e9chettes pour le rangement. Dispose d'un panneau en li\u00e8ge pour les fl\u00e9chettes \u00e0 pointe d'acier.  L'armoire contient la plupart des fl\u00e9chettes en acier et \u00e0 pointe souple. (Dimensions de la zone de jeu de fl\u00e9chettes: 31 \u00bc \u201dde hauteur x 25\u201d de largeur x 2 7\/8 \u201dde profondeur)  Les dimensions de l'armoire sont de 37 \"x 30,25\" x 7,25 \". Jeu de fl\u00e9chettes et fl\u00e9chettes non inclus.","og_url":"https:\/\/theworldbilliards.com\/fr\/produit\/larmoire-de-jeu-de-fleches-brunswick\/","og_site_name":"The World Billiards","article_publisher":"https:\/\/www.facebook.com\/baby.foot.superbes","article_modified_time":"2021-12-14T11:30:53+00:00","og_image":[{"width":788,"height":788,"url":"https:\/\/theworldbilliards.com\/wp-content\/uploads\/2020\/04\/dartboard_cabinet_rustic-dark-brown_detail_2.jpg","type":"image\/jpeg"}],"twitter_card":"summary_large_image","twitter_misc":{"Dur\u00e9e de lecture estim\u00e9e":"1 minute"},"schema":{"@context":"https:\/\/schema.org","@graph":[{"@type":"WebPage","@id":"https:\/\/theworldbilliards.com\/fr\/produit\/larmoire-de-jeu-de-fleches-brunswick\/","url":"https:\/\/theworldbilliards.com\/fr\/produit\/larmoire-de-jeu-de-fleches-brunswick\/","name":"Acheter L'armoire de jeu de fl\u00e9ches Brunswick - The World Billiards","isPartOf":{"@id":"https:\/\/theworldbilliards.com\/fr\/#website"},"primaryImageOfPage":{"@id":"https:\/\/theworldbilliards.com\/fr\/produit\/larmoire-de-jeu-de-fleches-brunswick\/#primaryimage"},"image":{"@id":"https:\/\/theworldbilliards.com\/fr\/produit\/larmoire-de-jeu-de-fleches-brunswick\/#primaryimage"},"thumbnailUrl":"https:\/\/theworldbilliards.com\/wp-content\/uploads\/2020\/04\/dartboard_cabinet_rustic-dark-brown_detail_2.jpg","datePublished":"2020-04-20T08:14:17+00:00","dateModified":"2021-12-14T11:30:53+00:00","description":"L'armoire de jeu de fl\u00e9chettes Brunswick est un excellent ajout \u00e0 n'importe quelle salle de jeux et fournit la meilleure solution pour garder votre jeu organis\u00e9 et vos murs prot\u00e9g\u00e9s. Ses portes d'armoire sont dot\u00e9es de tableaux d'affichage \u00e0 double craie, de loquets magn\u00e9tiques, de rainures de craie et de supports de fl\u00e9chettes pour le rangement. Dispose d'un panneau en li\u00e8ge pour les fl\u00e9chettes \u00e0 pointe d'acier. L'armoire contient la plupart des fl\u00e9chettes en acier et \u00e0 pointe souple. (Dimensions de la zone de jeu de fl\u00e9chettes: 31 \u00bc \u201dde hauteur x 25\u201d de largeur x 2 7\/8 \u201dde profondeur) Les dimensions de l'armoire sont de 37 \"x 30,25\" x 7,25 \". Jeu de fl\u00e9chettes et fl\u00e9chettes non inclus.","breadcrumb":{"@id":"https:\/\/theworldbilliards.com\/fr\/produit\/larmoire-de-jeu-de-fleches-brunswick\/#breadcrumb"},"inLanguage":"fr-FR","potentialAction":[{"@type":"ReadAction","target":["https:\/\/theworldbilliards.com\/fr\/produit\/larmoire-de-jeu-de-fleches-brunswick\/"]}]},{"@type":"ImageObject","inLanguage":"fr-FR","@id":"https:\/\/theworldbilliards.com\/fr\/produit\/larmoire-de-jeu-de-fleches-brunswick\/#primaryimage","url":"https:\/\/theworldbilliards.com\/wp-content\/uploads\/2020\/04\/dartboard_cabinet_rustic-dark-brown_detail_2.jpg","contentUrl":"https:\/\/theworldbilliards.com\/wp-content\/uploads\/2020\/04\/dartboard_cabinet_rustic-dark-brown_detail_2.jpg","width":788,"height":788},{"@type":"BreadcrumbList","@id":"https:\/\/theworldbilliards.com\/fr\/produit\/larmoire-de-jeu-de-fleches-brunswick\/#breadcrumb","itemListElement":[{"@type":"ListItem","position":1,"name":"In\u00edcio","item":"https:\/\/theworldbilliards.com\/fr\/"},{"@type":"ListItem","position":2,"name":"Boutique en ligne","item":"https:\/\/theworldbilliards.com\/fr\/boutique-theworldbilliards\/"},{"@type":"ListItem","position":3,"name":"L&#8217;armoire de jeu de fl\u00e9ches Brunswick"}]},{"@type":"WebSite","@id":"https:\/\/theworldbilliards.com\/fr\/#website","url":"https:\/\/theworldbilliards.com\/fr\/","name":"TheWorldBilliards","description":"Achetez ici billard, baby-foot, ping-pong et bowling","publisher":{"@id":"https:\/\/theworldbilliards.com\/fr\/#organization"},"alternateName":"The world billiards","potentialAction":[{"@type":"SearchAction","target":{"@type":"EntryPoint","urlTemplate":"https:\/\/theworldbilliards.com\/fr\/?s={search_term_string}"},"query-input":{"@type":"PropertyValueSpecification","valueRequired":true,"valueName":"search_term_string"}}],"inLanguage":"fr-FR"},{"@type":"Organization","@id":"https:\/\/theworldbilliards.com\/fr\/#organization","name":"The World Billiards","alternateName":"The World Billiards","url":"https:\/\/theworldbilliards.com\/fr\/","logo":{"@type":"ImageObject","inLanguage":"fr-FR","@id":"https:\/\/theworldbilliards.com\/fr\/#\/schema\/logo\/image\/","url":"","contentUrl":"","caption":"The World Billiards"},"image":{"@id":"https:\/\/theworldbilliards.com\/fr\/#\/schema\/logo\/image\/"},"sameAs":["https:\/\/www.facebook.com\/baby.foot.superbes","https:\/\/www.youtube.com\/channel\/UCIMuOVAaUcH6UpZcsZlH0Tg","https:\/\/www.facebook.com\/people\/Brunswick-Billiards-EspaaPortugal\/100066446264309\/","https:\/\/www.instagram.com\/the_world_billiards\/","https:\/\/www.pinterest.es\/Theworldbilliards\/"]}]}},"_links":{"self":[{"href":"https:\/\/theworldbilliards.com\/fr\/wp-json\/wp\/v2\/product\/74246","targetHints":{"allow":["GET"]}}],"collection":[{"href":"https:\/\/theworldbilliards.com\/fr\/wp-json\/wp\/v2\/product"}],"about":[{"href":"https:\/\/theworldbilliards.com\/fr\/wp-json\/wp\/v2\/types\/product"}],"wp:featuredmedia":[{"embeddable":true,"href":"https:\/\/theworldbilliards.com\/fr\/wp-json\/wp\/v2\/media\/85945"}],"wp:attachment":[{"href":"https:\/\/theworldbilliards.com\/fr\/wp-json\/wp\/v2\/media?parent=74246"}],"wp:term":[{"taxonomy":"product_brand","embeddable":true,"href":"https:\/\/theworldbilliards.com\/fr\/wp-json\/wp\/v2\/product_brand?post=74246"},{"taxonomy":"product_cat","embeddable":true,"href":"https:\/\/theworldbilliards.com\/fr\/wp-json\/wp\/v2\/product_cat?post=74246"},{"taxonomy":"product_tag","embeddable":true,"href":"https:\/\/theworldbilliards.com\/fr\/wp-json\/wp\/v2\/product_tag?post=74246"}],"curies":[{"name":"wp","href":"https:\/\/api.w.org\/{rel}","templated":true}]}}