{"id":77898,"date":"2020-12-01T19:32:35","date_gmt":"2020-12-01T18:32:35","guid":{"rendered":"https:\/\/theworldbilliards.com\/produto\/table-de-billard-brunswick-botanic\/"},"modified":"2024-12-24T11:37:59","modified_gmt":"2024-12-24T10:37:59","slug":"billard-brunswick-botanic","status":"publish","type":"product","link":"https:\/\/theworldbilliards.com\/fr\/produit\/billard-brunswick-botanic\/","title":{"rendered":"Billard Brunswick Botanic"},"content":{"rendered":"<p>Inspir\u00e9 par la demande actuelle de conception et de finition rustiques avec une touche contemporaine, le Botanic offre un style combin\u00e9 aux sp\u00e9cifications l\u00e9gendaires des tables de billard de marque Brunswick. Une belle apparence robuste avec une jouabilit\u00e9 exceptionnelle font du Botanic un incontournable pour la salle de jeu moderne mais rustique.<\/p>\n<p>Sp\u00e9cifications du produit:<\/p>\n<ul>\n<li>Ardoise: plaque d&rsquo;ardoise 3 pi\u00e8ces d&rsquo;une \u00e9paisseur de 2,54 cm.<\/li>\n<li>Taille: 7 ou 8 pieds.<\/li>\n<li>Couleur: \u00ab\u00a0Rustic Dark Brown\u00a0\u00bb o \u00ab\u00a0Dark Charcoal\u00a0\u00bb<\/li>\n<li>Pes: \u00ab\u00a0Standard\u00a0\u00bb.<\/li>\n<li>Il est livr\u00e9 avec le tapis Pro Cup Tournament inclus en diff\u00e9rentes couleurs que vous pouvez choisir, en option vous avez d\u2019autres tapis comme le Pro Cup T\u00e9flon anti-taches, Simonis, Championship and Brunswick Centennial.<\/li>\n<\/ul>\n<p><strong>Options:<\/strong>\u00a0Plateau table \u00e0 manger, plateau\u00a0table de ping-pong,\u00a0syst\u00e8me multi bandes de billard Fran\u00e7ais \/ Billard Am\u00e9ricain\u00a0\/\u00a0Snooker Anglais.<\/p>\n<p>&nbsp;<\/p>\n","protected":false},"excerpt":{"rendered":"<p><strong>Accessoires inclus<\/strong><br \/>\n\u2022 1 Jeu de Boules<br \/>\n\u2022 Triangle (en pool)<br \/>\n\u2022 4 Queues une-piece<br \/>\n\u2022 6 Cubes de Craie<br \/>\n\u2022 Brosse<\/p>\n<p><a href=\"https:\/\/theworldbilliards.com\/fr\/categorie-produit\/billard\/acessorios-de-billard\/kit-daccessoires\/\" target=\"_blank\" rel=\"noopener\"><strong>Autres options de kit d\u2019accessoires<\/strong><\/a><strong><a href=\"https:\/\/theworldbilliards.com\/fr\/categorie-produit\/billard\/acessorios-de-billard\/kit-daccessoires\/\" target=\"_blank\" rel=\"noopener\"><img loading=\"lazy\" decoding=\"async\" class=\"alignnone wp-image-103074\" src=\"https:\/\/theworldbilliards.com\/wp-content\/uploads\/2024\/04\/Brunswick-kit-centennial-300x189.jpg\" alt=\"\" width=\"200\" height=\"126\" srcset=\"https:\/\/theworldbilliards.com\/wp-content\/uploads\/2024\/04\/Brunswick-kit-centennial-300x189.jpg 300w, https:\/\/theworldbilliards.com\/wp-content\/uploads\/2024\/04\/Brunswick-kit-centennial-600x379.jpg 600w, https:\/\/theworldbilliards.com\/wp-content\/uploads\/2024\/04\/Brunswick-kit-centennial.jpg 708w\" sizes=\"auto, (max-width: 200px) 100vw, 200px\" \/><\/a><\/strong><\/p>\n","protected":false},"featured_media":82464,"template":"","meta":{"site-sidebar-layout":"default","site-content-layout":"","ast-site-content-layout":"default","site-content-style":"default","site-sidebar-style":"default","ast-global-header-display":"","ast-banner-title-visibility":"","ast-main-header-display":"","ast-hfb-above-header-display":"","ast-hfb-below-header-display":"","ast-hfb-mobile-header-display":"","site-post-title":"","ast-breadcrumbs-content":"","ast-featured-img":"","footer-sml-layout":"","ast-disable-related-posts":"","theme-transparent-header-meta":"default","adv-header-id-meta":"","stick-header-meta":"","header-above-stick-meta":"","header-main-stick-meta":"","header-below-stick-meta":"","astra-migrate-meta-layouts":"default","ast-page-background-enabled":"default","ast-page-background-meta":{"desktop":{"background-color":"var(--ast-global-color-4)","background-image":"","background-repeat":"repeat","background-position":"center center","background-size":"auto","background-attachment":"scroll","background-type":"","background-media":"","overlay-type":"","overlay-color":"","overlay-opacity":"","overlay-gradient":""},"tablet":{"background-color":"","background-image":"","background-repeat":"repeat","background-position":"center center","background-size":"auto","background-attachment":"scroll","background-type":"","background-media":"","overlay-type":"","overlay-color":"","overlay-opacity":"","overlay-gradient":""},"mobile":{"background-color":"","background-image":"","background-repeat":"repeat","background-position":"center center","background-size":"auto","background-attachment":"scroll","background-type":"","background-media":"","overlay-type":"","overlay-color":"","overlay-opacity":"","overlay-gradient":""}},"ast-content-background-meta":{"desktop":{"background-color":"var(--ast-global-color-5)","background-image":"","background-repeat":"repeat","background-position":"center center","background-size":"auto","background-attachment":"scroll","background-type":"","background-media":"","overlay-type":"","overlay-color":"","overlay-opacity":"","overlay-gradient":""},"tablet":{"background-color":"var(--ast-global-color-5)","background-image":"","background-repeat":"repeat","background-position":"center center","background-size":"auto","background-attachment":"scroll","background-type":"","background-media":"","overlay-type":"","overlay-color":"","overlay-opacity":"","overlay-gradient":""},"mobile":{"background-color":"var(--ast-global-color-5)","background-image":"","background-repeat":"repeat","background-position":"center center","background-size":"auto","background-attachment":"scroll","background-type":"","background-media":"","overlay-type":"","overlay-color":"","overlay-opacity":"","overlay-gradient":""}}},"product_brand":[5198],"product_cat":[1252],"product_tag":[],"class_list":{"0":"post-77898","1":"product","2":"type-product","3":"status-publish","4":"has-post-thumbnail","6":"product_brand-brunswick-billiards-fr","7":"product_cat-billard-brunswick","8":"product_shipping_class-billard","9":"desktop-align-center","10":"tablet-align-left","11":"mobile-align-left","13":"first","14":"onbackorder","15":"taxable","16":"shipping-taxable","17":"purchasable","18":"product-type-variable"},"yoast_head":"<!-- This site is optimized with the Yoast SEO plugin v27.4 - https:\/\/yoast.com\/product\/yoast-seo-wordpress\/ -->\n<title>Acheter Billard Brunswick Botanic - The World Billiards<\/title>\n<meta name=\"description\" content=\"Inspir\u00e9 par la demande actuelle de conception et de finition rustiques avec une touche contemporaine, le Botanic offre un style combin\u00e9 aux sp\u00e9cifications l\u00e9gendaires des tables de billard de marque Brunswick. Une belle apparence robuste avec une jouabilit\u00e9 exceptionnelle font du Botanic un incontournable pour la salle de jeu moderne mais rustique.  Sp\u00e9cifications du produit:   Ardoise: plaque d&#039;ardoise 3 pi\u00e8ces d&#039;une \u00e9paisseur de 2,54 cm.  Taille: 7 ou 8 pieds.  Couleur: &quot;Rustic Dark Brown&quot; o &quot;Dark Charcoal&quot;  Pes: &quot;Standard&quot;.  Il est livr\u00e9 avec le tapis Pro Cup Tournament inclus en diff\u00e9rentes couleurs que vous pouvez choisir, en option vous avez d\u2019autres tapis comme le Pro Cup T\u00e9flon anti-taches, Simonis, Championship and Brunswick Centennial.  Options:\u00a0Plateau table \u00e0 manger, plateau\u00a0table de ping-pong,\u00a0syst\u00e8me multi bandes de billard Fran\u00e7ais \/ Billard Am\u00e9ricain\u00a0\/\u00a0Snooker Anglais.  &nbsp;\" \/>\n<meta name=\"robots\" content=\"index, follow, max-snippet:-1, max-image-preview:large, max-video-preview:-1\" \/>\n<link rel=\"canonical\" href=\"https:\/\/theworldbilliards.com\/fr\/produit\/billard-brunswick-botanic\/\" \/>\n<meta property=\"og:locale\" content=\"fr_FR\" \/>\n<meta property=\"og:type\" content=\"article\" \/>\n<meta property=\"og:title\" content=\"Acheter Billard Brunswick Botanic - The World Billiards\" \/>\n<meta property=\"og:description\" content=\"Inspir\u00e9 par la demande actuelle de conception et de finition rustiques avec une touche contemporaine, le Botanic offre un style combin\u00e9 aux sp\u00e9cifications l\u00e9gendaires des tables de billard de marque Brunswick. Une belle apparence robuste avec une jouabilit\u00e9 exceptionnelle font du Botanic un incontournable pour la salle de jeu moderne mais rustique.  Sp\u00e9cifications du produit:   Ardoise: plaque d&#039;ardoise 3 pi\u00e8ces d&#039;une \u00e9paisseur de 2,54 cm.  Taille: 7 ou 8 pieds.  Couleur: &quot;Rustic Dark Brown&quot; o &quot;Dark Charcoal&quot;  Pes: &quot;Standard&quot;.  Il est livr\u00e9 avec le tapis Pro Cup Tournament inclus en diff\u00e9rentes couleurs que vous pouvez choisir, en option vous avez d\u2019autres tapis comme le Pro Cup T\u00e9flon anti-taches, Simonis, Championship and Brunswick Centennial.  Options:\u00a0Plateau table \u00e0 manger, plateau\u00a0table de ping-pong,\u00a0syst\u00e8me multi bandes de billard Fran\u00e7ais \/ Billard Am\u00e9ricain\u00a0\/\u00a0Snooker Anglais.  &nbsp;\" \/>\n<meta property=\"og:url\" content=\"https:\/\/theworldbilliards.com\/fr\/produit\/billard-brunswick-botanic\/\" \/>\n<meta property=\"og:site_name\" content=\"The World Billiards\" \/>\n<meta property=\"article:publisher\" content=\"https:\/\/www.facebook.com\/baby.foot.superbes\" \/>\n<meta property=\"article:modified_time\" content=\"2024-12-24T10:37:59+00:00\" \/>\n<meta property=\"og:image\" content=\"https:\/\/theworldbilliards.com\/wp-content\/uploads\/2020\/12\/billar-botanic.jpg\" \/>\n\t<meta property=\"og:image:width\" content=\"689\" \/>\n\t<meta property=\"og:image:height\" content=\"689\" \/>\n\t<meta property=\"og:image:type\" content=\"image\/jpeg\" \/>\n<meta name=\"twitter:card\" content=\"summary_large_image\" \/>\n<script type=\"application\/ld+json\" class=\"yoast-schema-graph\">{\"@context\":\"https:\\\/\\\/schema.org\",\"@graph\":[{\"@type\":\"WebPage\",\"@id\":\"https:\\\/\\\/theworldbilliards.com\\\/fr\\\/produit\\\/billard-brunswick-botanic\\\/\",\"url\":\"https:\\\/\\\/theworldbilliards.com\\\/fr\\\/produit\\\/billard-brunswick-botanic\\\/\",\"name\":\"Acheter Billard Brunswick Botanic - The World Billiards\",\"isPartOf\":{\"@id\":\"https:\\\/\\\/theworldbilliards.com\\\/fr\\\/#website\"},\"primaryImageOfPage\":{\"@id\":\"https:\\\/\\\/theworldbilliards.com\\\/fr\\\/produit\\\/billard-brunswick-botanic\\\/#primaryimage\"},\"image\":{\"@id\":\"https:\\\/\\\/theworldbilliards.com\\\/fr\\\/produit\\\/billard-brunswick-botanic\\\/#primaryimage\"},\"thumbnailUrl\":\"https:\\\/\\\/theworldbilliards.com\\\/wp-content\\\/uploads\\\/2020\\\/12\\\/billar-botanic.jpg\",\"datePublished\":\"2020-12-01T18:32:35+00:00\",\"dateModified\":\"2024-12-24T10:37:59+00:00\",\"description\":\"Inspir\u00e9 par la demande actuelle de conception et de finition rustiques avec une touche contemporaine, le Botanic offre un style combin\u00e9 aux sp\u00e9cifications l\u00e9gendaires des tables de billard de marque Brunswick. Une belle apparence robuste avec une jouabilit\u00e9 exceptionnelle font du Botanic un incontournable pour la salle de jeu moderne mais rustique. Sp\u00e9cifications du produit: Ardoise: plaque d'ardoise 3 pi\u00e8ces d'une \u00e9paisseur de 2,54 cm. Taille: 7 ou 8 pieds. Couleur: \\\"Rustic Dark Brown\\\" o \\\"Dark Charcoal\\\" Pes: \\\"Standard\\\". Il est livr\u00e9 avec le tapis Pro Cup Tournament inclus en diff\u00e9rentes couleurs que vous pouvez choisir, en option vous avez d\u2019autres tapis comme le Pro Cup T\u00e9flon anti-taches, Simonis, Championship and Brunswick Centennial. Options:\u00a0Plateau table \u00e0 manger, plateau\u00a0table de ping-pong,\u00a0syst\u00e8me multi bandes de billard Fran\u00e7ais \\\/ Billard Am\u00e9ricain\u00a0\\\/\u00a0Snooker Anglais. &nbsp;\",\"breadcrumb\":{\"@id\":\"https:\\\/\\\/theworldbilliards.com\\\/fr\\\/produit\\\/billard-brunswick-botanic\\\/#breadcrumb\"},\"inLanguage\":\"fr-FR\",\"potentialAction\":[{\"@type\":\"ReadAction\",\"target\":[\"https:\\\/\\\/theworldbilliards.com\\\/fr\\\/produit\\\/billard-brunswick-botanic\\\/\"]}]},{\"@type\":\"ImageObject\",\"inLanguage\":\"fr-FR\",\"@id\":\"https:\\\/\\\/theworldbilliards.com\\\/fr\\\/produit\\\/billard-brunswick-botanic\\\/#primaryimage\",\"url\":\"https:\\\/\\\/theworldbilliards.com\\\/wp-content\\\/uploads\\\/2020\\\/12\\\/billar-botanic.jpg\",\"contentUrl\":\"https:\\\/\\\/theworldbilliards.com\\\/wp-content\\\/uploads\\\/2020\\\/12\\\/billar-botanic.jpg\",\"width\":689,\"height\":689,\"caption\":\"binary comment\"},{\"@type\":\"BreadcrumbList\",\"@id\":\"https:\\\/\\\/theworldbilliards.com\\\/fr\\\/produit\\\/billard-brunswick-botanic\\\/#breadcrumb\",\"itemListElement\":[{\"@type\":\"ListItem\",\"position\":1,\"name\":\"In\u00edcio\",\"item\":\"https:\\\/\\\/theworldbilliards.com\\\/fr\\\/\"},{\"@type\":\"ListItem\",\"position\":2,\"name\":\"Boutique en ligne\",\"item\":\"https:\\\/\\\/theworldbilliards.com\\\/fr\\\/boutique-theworldbilliards\\\/\"},{\"@type\":\"ListItem\",\"position\":3,\"name\":\"Billard Brunswick Botanic\"}]},{\"@type\":\"WebSite\",\"@id\":\"https:\\\/\\\/theworldbilliards.com\\\/fr\\\/#website\",\"url\":\"https:\\\/\\\/theworldbilliards.com\\\/fr\\\/\",\"name\":\"TheWorldBilliards\",\"description\":\"Achetez ici billard, baby-foot, ping-pong et bowling\",\"publisher\":{\"@id\":\"https:\\\/\\\/theworldbilliards.com\\\/fr\\\/#organization\"},\"alternateName\":\"The world billiards\",\"potentialAction\":[{\"@type\":\"SearchAction\",\"target\":{\"@type\":\"EntryPoint\",\"urlTemplate\":\"https:\\\/\\\/theworldbilliards.com\\\/fr\\\/?s={search_term_string}\"},\"query-input\":{\"@type\":\"PropertyValueSpecification\",\"valueRequired\":true,\"valueName\":\"search_term_string\"}}],\"inLanguage\":\"fr-FR\"},{\"@type\":\"Organization\",\"@id\":\"https:\\\/\\\/theworldbilliards.com\\\/fr\\\/#organization\",\"name\":\"The World Billiards\",\"alternateName\":\"The World Billiards\",\"url\":\"https:\\\/\\\/theworldbilliards.com\\\/fr\\\/\",\"logo\":{\"@type\":\"ImageObject\",\"inLanguage\":\"fr-FR\",\"@id\":\"https:\\\/\\\/theworldbilliards.com\\\/fr\\\/#\\\/schema\\\/logo\\\/image\\\/\",\"url\":\"\",\"contentUrl\":\"\",\"caption\":\"The World Billiards\"},\"image\":{\"@id\":\"https:\\\/\\\/theworldbilliards.com\\\/fr\\\/#\\\/schema\\\/logo\\\/image\\\/\"},\"sameAs\":[\"https:\\\/\\\/www.facebook.com\\\/baby.foot.superbes\",\"https:\\\/\\\/www.youtube.com\\\/channel\\\/UCIMuOVAaUcH6UpZcsZlH0Tg\",\"https:\\\/\\\/www.facebook.com\\\/people\\\/Brunswick-Billiards-EspaaPortugal\\\/100066446264309\\\/\",\"https:\\\/\\\/www.instagram.com\\\/the_world_billiards\\\/\",\"https:\\\/\\\/www.pinterest.es\\\/Theworldbilliards\\\/\"]}]}<\/script>\n<!-- \/ Yoast SEO plugin. -->","yoast_head_json":{"title":"Acheter Billard Brunswick Botanic - The World Billiards","description":"Inspir\u00e9 par la demande actuelle de conception et de finition rustiques avec une touche contemporaine, le Botanic offre un style combin\u00e9 aux sp\u00e9cifications l\u00e9gendaires des tables de billard de marque Brunswick. Une belle apparence robuste avec une jouabilit\u00e9 exceptionnelle font du Botanic un incontournable pour la salle de jeu moderne mais rustique.  Sp\u00e9cifications du produit:   Ardoise: plaque d'ardoise 3 pi\u00e8ces d'une \u00e9paisseur de 2,54 cm.  Taille: 7 ou 8 pieds.  Couleur: \"Rustic Dark Brown\" o \"Dark Charcoal\"  Pes: \"Standard\".  Il est livr\u00e9 avec le tapis Pro Cup Tournament inclus en diff\u00e9rentes couleurs que vous pouvez choisir, en option vous avez d\u2019autres tapis comme le Pro Cup T\u00e9flon anti-taches, Simonis, Championship and Brunswick Centennial.  Options:\u00a0Plateau table \u00e0 manger, plateau\u00a0table de ping-pong,\u00a0syst\u00e8me multi bandes de billard Fran\u00e7ais \/ Billard Am\u00e9ricain\u00a0\/\u00a0Snooker Anglais.  &nbsp;","robots":{"index":"index","follow":"follow","max-snippet":"max-snippet:-1","max-image-preview":"max-image-preview:large","max-video-preview":"max-video-preview:-1"},"canonical":"https:\/\/theworldbilliards.com\/fr\/produit\/billard-brunswick-botanic\/","og_locale":"fr_FR","og_type":"article","og_title":"Acheter Billard Brunswick Botanic - The World Billiards","og_description":"Inspir\u00e9 par la demande actuelle de conception et de finition rustiques avec une touche contemporaine, le Botanic offre un style combin\u00e9 aux sp\u00e9cifications l\u00e9gendaires des tables de billard de marque Brunswick. Une belle apparence robuste avec une jouabilit\u00e9 exceptionnelle font du Botanic un incontournable pour la salle de jeu moderne mais rustique.  Sp\u00e9cifications du produit:   Ardoise: plaque d'ardoise 3 pi\u00e8ces d'une \u00e9paisseur de 2,54 cm.  Taille: 7 ou 8 pieds.  Couleur: \"Rustic Dark Brown\" o \"Dark Charcoal\"  Pes: \"Standard\".  Il est livr\u00e9 avec le tapis Pro Cup Tournament inclus en diff\u00e9rentes couleurs que vous pouvez choisir, en option vous avez d\u2019autres tapis comme le Pro Cup T\u00e9flon anti-taches, Simonis, Championship and Brunswick Centennial.  Options:\u00a0Plateau table \u00e0 manger, plateau\u00a0table de ping-pong,\u00a0syst\u00e8me multi bandes de billard Fran\u00e7ais \/ Billard Am\u00e9ricain\u00a0\/\u00a0Snooker Anglais.  &nbsp;","og_url":"https:\/\/theworldbilliards.com\/fr\/produit\/billard-brunswick-botanic\/","og_site_name":"The World Billiards","article_publisher":"https:\/\/www.facebook.com\/baby.foot.superbes","article_modified_time":"2024-12-24T10:37:59+00:00","og_image":[{"width":689,"height":689,"url":"https:\/\/theworldbilliards.com\/wp-content\/uploads\/2020\/12\/billar-botanic.jpg","type":"image\/jpeg"}],"twitter_card":"summary_large_image","schema":{"@context":"https:\/\/schema.org","@graph":[{"@type":"WebPage","@id":"https:\/\/theworldbilliards.com\/fr\/produit\/billard-brunswick-botanic\/","url":"https:\/\/theworldbilliards.com\/fr\/produit\/billard-brunswick-botanic\/","name":"Acheter Billard Brunswick Botanic - The World Billiards","isPartOf":{"@id":"https:\/\/theworldbilliards.com\/fr\/#website"},"primaryImageOfPage":{"@id":"https:\/\/theworldbilliards.com\/fr\/produit\/billard-brunswick-botanic\/#primaryimage"},"image":{"@id":"https:\/\/theworldbilliards.com\/fr\/produit\/billard-brunswick-botanic\/#primaryimage"},"thumbnailUrl":"https:\/\/theworldbilliards.com\/wp-content\/uploads\/2020\/12\/billar-botanic.jpg","datePublished":"2020-12-01T18:32:35+00:00","dateModified":"2024-12-24T10:37:59+00:00","description":"Inspir\u00e9 par la demande actuelle de conception et de finition rustiques avec une touche contemporaine, le Botanic offre un style combin\u00e9 aux sp\u00e9cifications l\u00e9gendaires des tables de billard de marque Brunswick. Une belle apparence robuste avec une jouabilit\u00e9 exceptionnelle font du Botanic un incontournable pour la salle de jeu moderne mais rustique. Sp\u00e9cifications du produit: Ardoise: plaque d'ardoise 3 pi\u00e8ces d'une \u00e9paisseur de 2,54 cm. Taille: 7 ou 8 pieds. Couleur: \"Rustic Dark Brown\" o \"Dark Charcoal\" Pes: \"Standard\". Il est livr\u00e9 avec le tapis Pro Cup Tournament inclus en diff\u00e9rentes couleurs que vous pouvez choisir, en option vous avez d\u2019autres tapis comme le Pro Cup T\u00e9flon anti-taches, Simonis, Championship and Brunswick Centennial. Options:\u00a0Plateau table \u00e0 manger, plateau\u00a0table de ping-pong,\u00a0syst\u00e8me multi bandes de billard Fran\u00e7ais \/ Billard Am\u00e9ricain\u00a0\/\u00a0Snooker Anglais. &nbsp;","breadcrumb":{"@id":"https:\/\/theworldbilliards.com\/fr\/produit\/billard-brunswick-botanic\/#breadcrumb"},"inLanguage":"fr-FR","potentialAction":[{"@type":"ReadAction","target":["https:\/\/theworldbilliards.com\/fr\/produit\/billard-brunswick-botanic\/"]}]},{"@type":"ImageObject","inLanguage":"fr-FR","@id":"https:\/\/theworldbilliards.com\/fr\/produit\/billard-brunswick-botanic\/#primaryimage","url":"https:\/\/theworldbilliards.com\/wp-content\/uploads\/2020\/12\/billar-botanic.jpg","contentUrl":"https:\/\/theworldbilliards.com\/wp-content\/uploads\/2020\/12\/billar-botanic.jpg","width":689,"height":689,"caption":"binary comment"},{"@type":"BreadcrumbList","@id":"https:\/\/theworldbilliards.com\/fr\/produit\/billard-brunswick-botanic\/#breadcrumb","itemListElement":[{"@type":"ListItem","position":1,"name":"In\u00edcio","item":"https:\/\/theworldbilliards.com\/fr\/"},{"@type":"ListItem","position":2,"name":"Boutique en ligne","item":"https:\/\/theworldbilliards.com\/fr\/boutique-theworldbilliards\/"},{"@type":"ListItem","position":3,"name":"Billard Brunswick Botanic"}]},{"@type":"WebSite","@id":"https:\/\/theworldbilliards.com\/fr\/#website","url":"https:\/\/theworldbilliards.com\/fr\/","name":"TheWorldBilliards","description":"Achetez ici billard, baby-foot, ping-pong et bowling","publisher":{"@id":"https:\/\/theworldbilliards.com\/fr\/#organization"},"alternateName":"The world billiards","potentialAction":[{"@type":"SearchAction","target":{"@type":"EntryPoint","urlTemplate":"https:\/\/theworldbilliards.com\/fr\/?s={search_term_string}"},"query-input":{"@type":"PropertyValueSpecification","valueRequired":true,"valueName":"search_term_string"}}],"inLanguage":"fr-FR"},{"@type":"Organization","@id":"https:\/\/theworldbilliards.com\/fr\/#organization","name":"The World Billiards","alternateName":"The World Billiards","url":"https:\/\/theworldbilliards.com\/fr\/","logo":{"@type":"ImageObject","inLanguage":"fr-FR","@id":"https:\/\/theworldbilliards.com\/fr\/#\/schema\/logo\/image\/","url":"","contentUrl":"","caption":"The World Billiards"},"image":{"@id":"https:\/\/theworldbilliards.com\/fr\/#\/schema\/logo\/image\/"},"sameAs":["https:\/\/www.facebook.com\/baby.foot.superbes","https:\/\/www.youtube.com\/channel\/UCIMuOVAaUcH6UpZcsZlH0Tg","https:\/\/www.facebook.com\/people\/Brunswick-Billiards-EspaaPortugal\/100066446264309\/","https:\/\/www.instagram.com\/the_world_billiards\/","https:\/\/www.pinterest.es\/Theworldbilliards\/"]}]}},"_links":{"self":[{"href":"https:\/\/theworldbilliards.com\/fr\/wp-json\/wp\/v2\/product\/77898","targetHints":{"allow":["GET"]}}],"collection":[{"href":"https:\/\/theworldbilliards.com\/fr\/wp-json\/wp\/v2\/product"}],"about":[{"href":"https:\/\/theworldbilliards.com\/fr\/wp-json\/wp\/v2\/types\/product"}],"wp:featuredmedia":[{"embeddable":true,"href":"https:\/\/theworldbilliards.com\/fr\/wp-json\/wp\/v2\/media\/82464"}],"wp:attachment":[{"href":"https:\/\/theworldbilliards.com\/fr\/wp-json\/wp\/v2\/media?parent=77898"}],"wp:term":[{"taxonomy":"product_brand","embeddable":true,"href":"https:\/\/theworldbilliards.com\/fr\/wp-json\/wp\/v2\/product_brand?post=77898"},{"taxonomy":"product_cat","embeddable":true,"href":"https:\/\/theworldbilliards.com\/fr\/wp-json\/wp\/v2\/product_cat?post=77898"},{"taxonomy":"product_tag","embeddable":true,"href":"https:\/\/theworldbilliards.com\/fr\/wp-json\/wp\/v2\/product_tag?post=77898"}],"curies":[{"name":"wp","href":"https:\/\/api.w.org\/{rel}","templated":true}]}}