{"id":82822,"date":"2021-03-03T15:16:22","date_gmt":"2021-03-03T14:16:22","guid":{"rendered":"https:\/\/theworldbilliards.com\/?post_type=product&#038;p=82822"},"modified":"2021-03-09T10:23:23","modified_gmt":"2021-03-09T09:23:23","slug":"luminaire-gold-noblanis","status":"publish","type":"product","link":"https:\/\/theworldbilliards.com\/fr\/produit\/luminaire-gold-noblanis\/","title":{"rendered":"Luminaire Gold Noblanis"},"content":{"rendered":"<p>Cette pi\u00e8ce a \u00e9t\u00e9 con\u00e7ue pour \u00eatre distinctive et se d\u00e9marquer par son design, devenant la solution id\u00e9ale pour les int\u00e9rieurs soign\u00e9s qui combinent une diversit\u00e9 de styles. Cette \u00e9l\u00e9gante suspension comporte de longs tubes en laiton plaqu\u00e9 or qui conf\u00e8rent au design un look exclusif et luxueux, \u00e9tablissant un autre niveau par son apparence distinctive.<\/p>\n<p>&nbsp;<\/p>\n","protected":false},"excerpt":{"rendered":"<p>Cette pi\u00e8ce a \u00e9t\u00e9 con\u00e7ue pour \u00eatre distinctive et se d\u00e9marquer par son design, devenant la solution id\u00e9ale pour les [&hellip;]<\/p>\n","protected":false},"featured_media":92954,"template":"","meta":{"site-sidebar-layout":"default","site-content-layout":"","ast-site-content-layout":"default","site-content-style":"default","site-sidebar-style":"default","ast-global-header-display":"","ast-banner-title-visibility":"","ast-main-header-display":"","ast-hfb-above-header-display":"","ast-hfb-below-header-display":"","ast-hfb-mobile-header-display":"","site-post-title":"","ast-breadcrumbs-content":"","ast-featured-img":"","footer-sml-layout":"","ast-disable-related-posts":"","theme-transparent-header-meta":"","adv-header-id-meta":"","stick-header-meta":"","header-above-stick-meta":"","header-main-stick-meta":"","header-below-stick-meta":"","astra-migrate-meta-layouts":"default","ast-page-background-enabled":"default","ast-page-background-meta":{"desktop":{"background-color":"var(--ast-global-color-4)","background-image":"","background-repeat":"repeat","background-position":"center center","background-size":"auto","background-attachment":"scroll","background-type":"","background-media":"","overlay-type":"","overlay-color":"","overlay-opacity":"","overlay-gradient":""},"tablet":{"background-color":"","background-image":"","background-repeat":"repeat","background-position":"center center","background-size":"auto","background-attachment":"scroll","background-type":"","background-media":"","overlay-type":"","overlay-color":"","overlay-opacity":"","overlay-gradient":""},"mobile":{"background-color":"","background-image":"","background-repeat":"repeat","background-position":"center center","background-size":"auto","background-attachment":"scroll","background-type":"","background-media":"","overlay-type":"","overlay-color":"","overlay-opacity":"","overlay-gradient":""}},"ast-content-background-meta":{"desktop":{"background-color":"var(--ast-global-color-5)","background-image":"","background-repeat":"repeat","background-position":"center center","background-size":"auto","background-attachment":"scroll","background-type":"","background-media":"","overlay-type":"","overlay-color":"","overlay-opacity":"","overlay-gradient":""},"tablet":{"background-color":"var(--ast-global-color-5)","background-image":"","background-repeat":"repeat","background-position":"center center","background-size":"auto","background-attachment":"scroll","background-type":"","background-media":"","overlay-type":"","overlay-color":"","overlay-opacity":"","overlay-gradient":""},"mobile":{"background-color":"var(--ast-global-color-5)","background-image":"","background-repeat":"repeat","background-position":"center center","background-size":"auto","background-attachment":"scroll","background-type":"","background-media":"","overlay-type":"","overlay-color":"","overlay-opacity":"","overlay-gradient":""}}},"product_brand":[],"product_cat":[1511],"product_tag":[],"class_list":{"0":"post-82822","1":"product","2":"type-product","3":"status-publish","4":"has-post-thumbnail","6":"product_cat-luminaires-pour-billard","7":"desktop-align-center","8":"tablet-align-left","9":"mobile-align-left","11":"first","12":"instock","13":"taxable","14":"shipping-taxable","15":"purchasable","16":"product-type-variable"},"yoast_head":"<!-- This site is optimized with the Yoast SEO plugin v27.5 - https:\/\/yoast.com\/product\/yoast-seo-wordpress\/ -->\n<title>Acheter Luminaire Gold Noblanis - The World Billiards<\/title>\n<meta name=\"description\" content=\"Cette pi\u00e8ce a \u00e9t\u00e9 con\u00e7ue pour \u00eatre distinctive et se d\u00e9marquer par son design, devenant la solution id\u00e9ale pour les int\u00e9rieurs soign\u00e9s qui combinent une diversit\u00e9 de styles. Cette \u00e9l\u00e9gante suspension comporte de longs tubes en laiton plaqu\u00e9 or qui conf\u00e8rent au design un look exclusif et luxueux, \u00e9tablissant un autre niveau par son apparence distinctive.  &nbsp;\" \/>\n<meta name=\"robots\" content=\"index, follow, max-snippet:-1, max-image-preview:large, max-video-preview:-1\" \/>\n<link rel=\"canonical\" href=\"https:\/\/theworldbilliards.com\/fr\/produit\/luminaire-gold-noblanis\/\" \/>\n<meta property=\"og:locale\" content=\"fr_FR\" \/>\n<meta property=\"og:type\" content=\"article\" \/>\n<meta property=\"og:title\" content=\"Acheter Luminaire Gold Noblanis - The World Billiards\" \/>\n<meta property=\"og:description\" content=\"Cette pi\u00e8ce a \u00e9t\u00e9 con\u00e7ue pour \u00eatre distinctive et se d\u00e9marquer par son design, devenant la solution id\u00e9ale pour les int\u00e9rieurs soign\u00e9s qui combinent une diversit\u00e9 de styles. Cette \u00e9l\u00e9gante suspension comporte de longs tubes en laiton plaqu\u00e9 or qui conf\u00e8rent au design un look exclusif et luxueux, \u00e9tablissant un autre niveau par son apparence distinctive.  &nbsp;\" \/>\n<meta property=\"og:url\" content=\"https:\/\/theworldbilliards.com\/fr\/produit\/luminaire-gold-noblanis\/\" \/>\n<meta property=\"og:site_name\" content=\"The World Billiards\" \/>\n<meta property=\"article:publisher\" content=\"https:\/\/www.facebook.com\/baby.foot.superbes\" \/>\n<meta property=\"article:modified_time\" content=\"2021-03-09T09:23:23+00:00\" \/>\n<meta property=\"og:image\" content=\"https:\/\/theworldbilliards.com\/wp-content\/uploads\/2021\/03\/noblanis-candeeiro.png\" \/>\n\t<meta property=\"og:image:width\" content=\"721\" \/>\n\t<meta property=\"og:image:height\" content=\"722\" \/>\n\t<meta property=\"og:image:type\" content=\"image\/png\" \/>\n<meta name=\"twitter:card\" content=\"summary_large_image\" \/>\n<script type=\"application\/ld+json\" class=\"yoast-schema-graph\">{\"@context\":\"https:\\\/\\\/schema.org\",\"@graph\":[{\"@type\":\"WebPage\",\"@id\":\"https:\\\/\\\/theworldbilliards.com\\\/fr\\\/produit\\\/luminaire-gold-noblanis\\\/\",\"url\":\"https:\\\/\\\/theworldbilliards.com\\\/fr\\\/produit\\\/luminaire-gold-noblanis\\\/\",\"name\":\"Acheter Luminaire Gold Noblanis - The World Billiards\",\"isPartOf\":{\"@id\":\"https:\\\/\\\/theworldbilliards.com\\\/fr\\\/#website\"},\"primaryImageOfPage\":{\"@id\":\"https:\\\/\\\/theworldbilliards.com\\\/fr\\\/produit\\\/luminaire-gold-noblanis\\\/#primaryimage\"},\"image\":{\"@id\":\"https:\\\/\\\/theworldbilliards.com\\\/fr\\\/produit\\\/luminaire-gold-noblanis\\\/#primaryimage\"},\"thumbnailUrl\":\"https:\\\/\\\/theworldbilliards.com\\\/wp-content\\\/uploads\\\/2021\\\/03\\\/noblanis-candeeiro.png\",\"datePublished\":\"2021-03-03T14:16:22+00:00\",\"dateModified\":\"2021-03-09T09:23:23+00:00\",\"description\":\"Cette pi\u00e8ce a \u00e9t\u00e9 con\u00e7ue pour \u00eatre distinctive et se d\u00e9marquer par son design, devenant la solution id\u00e9ale pour les int\u00e9rieurs soign\u00e9s qui combinent une diversit\u00e9 de styles. Cette \u00e9l\u00e9gante suspension comporte de longs tubes en laiton plaqu\u00e9 or qui conf\u00e8rent au design un look exclusif et luxueux, \u00e9tablissant un autre niveau par son apparence distinctive. &nbsp;\",\"breadcrumb\":{\"@id\":\"https:\\\/\\\/theworldbilliards.com\\\/fr\\\/produit\\\/luminaire-gold-noblanis\\\/#breadcrumb\"},\"inLanguage\":\"fr-FR\",\"potentialAction\":[{\"@type\":\"ReadAction\",\"target\":[\"https:\\\/\\\/theworldbilliards.com\\\/fr\\\/produit\\\/luminaire-gold-noblanis\\\/\"]}]},{\"@type\":\"ImageObject\",\"inLanguage\":\"fr-FR\",\"@id\":\"https:\\\/\\\/theworldbilliards.com\\\/fr\\\/produit\\\/luminaire-gold-noblanis\\\/#primaryimage\",\"url\":\"https:\\\/\\\/theworldbilliards.com\\\/wp-content\\\/uploads\\\/2021\\\/03\\\/noblanis-candeeiro.png\",\"contentUrl\":\"https:\\\/\\\/theworldbilliards.com\\\/wp-content\\\/uploads\\\/2021\\\/03\\\/noblanis-candeeiro.png\",\"width\":721,\"height\":722},{\"@type\":\"BreadcrumbList\",\"@id\":\"https:\\\/\\\/theworldbilliards.com\\\/fr\\\/produit\\\/luminaire-gold-noblanis\\\/#breadcrumb\",\"itemListElement\":[{\"@type\":\"ListItem\",\"position\":1,\"name\":\"In\u00edcio\",\"item\":\"https:\\\/\\\/theworldbilliards.com\\\/fr\\\/\"},{\"@type\":\"ListItem\",\"position\":2,\"name\":\"Boutique en ligne\",\"item\":\"https:\\\/\\\/theworldbilliards.com\\\/fr\\\/boutique-theworldbilliards\\\/\"},{\"@type\":\"ListItem\",\"position\":3,\"name\":\"Luminaire Gold Noblanis\"}]},{\"@type\":\"WebSite\",\"@id\":\"https:\\\/\\\/theworldbilliards.com\\\/fr\\\/#website\",\"url\":\"https:\\\/\\\/theworldbilliards.com\\\/fr\\\/\",\"name\":\"TheWorldBilliards\",\"description\":\"Achetez ici billard, baby-foot, ping-pong et bowling\",\"publisher\":{\"@id\":\"https:\\\/\\\/theworldbilliards.com\\\/fr\\\/#organization\"},\"alternateName\":\"The world billiards\",\"potentialAction\":[{\"@type\":\"SearchAction\",\"target\":{\"@type\":\"EntryPoint\",\"urlTemplate\":\"https:\\\/\\\/theworldbilliards.com\\\/fr\\\/?s={search_term_string}\"},\"query-input\":{\"@type\":\"PropertyValueSpecification\",\"valueRequired\":true,\"valueName\":\"search_term_string\"}}],\"inLanguage\":\"fr-FR\"},{\"@type\":\"Organization\",\"@id\":\"https:\\\/\\\/theworldbilliards.com\\\/fr\\\/#organization\",\"name\":\"The World Billiards\",\"alternateName\":\"The World Billiards\",\"url\":\"https:\\\/\\\/theworldbilliards.com\\\/fr\\\/\",\"logo\":{\"@type\":\"ImageObject\",\"inLanguage\":\"fr-FR\",\"@id\":\"https:\\\/\\\/theworldbilliards.com\\\/fr\\\/#\\\/schema\\\/logo\\\/image\\\/\",\"url\":\"\",\"contentUrl\":\"\",\"caption\":\"The World Billiards\"},\"image\":{\"@id\":\"https:\\\/\\\/theworldbilliards.com\\\/fr\\\/#\\\/schema\\\/logo\\\/image\\\/\"},\"sameAs\":[\"https:\\\/\\\/www.facebook.com\\\/baby.foot.superbes\",\"https:\\\/\\\/www.youtube.com\\\/channel\\\/UCIMuOVAaUcH6UpZcsZlH0Tg\",\"https:\\\/\\\/www.facebook.com\\\/people\\\/Brunswick-Billiards-EspaaPortugal\\\/100066446264309\\\/\",\"https:\\\/\\\/www.instagram.com\\\/the_world_billiards\\\/\",\"https:\\\/\\\/www.pinterest.es\\\/Theworldbilliards\\\/\"]}]}<\/script>\n<!-- \/ Yoast SEO plugin. -->","yoast_head_json":{"title":"Acheter Luminaire Gold Noblanis - The World Billiards","description":"Cette pi\u00e8ce a \u00e9t\u00e9 con\u00e7ue pour \u00eatre distinctive et se d\u00e9marquer par son design, devenant la solution id\u00e9ale pour les int\u00e9rieurs soign\u00e9s qui combinent une diversit\u00e9 de styles. Cette \u00e9l\u00e9gante suspension comporte de longs tubes en laiton plaqu\u00e9 or qui conf\u00e8rent au design un look exclusif et luxueux, \u00e9tablissant un autre niveau par son apparence distinctive.  &nbsp;","robots":{"index":"index","follow":"follow","max-snippet":"max-snippet:-1","max-image-preview":"max-image-preview:large","max-video-preview":"max-video-preview:-1"},"canonical":"https:\/\/theworldbilliards.com\/fr\/produit\/luminaire-gold-noblanis\/","og_locale":"fr_FR","og_type":"article","og_title":"Acheter Luminaire Gold Noblanis - The World Billiards","og_description":"Cette pi\u00e8ce a \u00e9t\u00e9 con\u00e7ue pour \u00eatre distinctive et se d\u00e9marquer par son design, devenant la solution id\u00e9ale pour les int\u00e9rieurs soign\u00e9s qui combinent une diversit\u00e9 de styles. Cette \u00e9l\u00e9gante suspension comporte de longs tubes en laiton plaqu\u00e9 or qui conf\u00e8rent au design un look exclusif et luxueux, \u00e9tablissant un autre niveau par son apparence distinctive.  &nbsp;","og_url":"https:\/\/theworldbilliards.com\/fr\/produit\/luminaire-gold-noblanis\/","og_site_name":"The World Billiards","article_publisher":"https:\/\/www.facebook.com\/baby.foot.superbes","article_modified_time":"2021-03-09T09:23:23+00:00","og_image":[{"width":721,"height":722,"url":"https:\/\/theworldbilliards.com\/wp-content\/uploads\/2021\/03\/noblanis-candeeiro.png","type":"image\/png"}],"twitter_card":"summary_large_image","schema":{"@context":"https:\/\/schema.org","@graph":[{"@type":"WebPage","@id":"https:\/\/theworldbilliards.com\/fr\/produit\/luminaire-gold-noblanis\/","url":"https:\/\/theworldbilliards.com\/fr\/produit\/luminaire-gold-noblanis\/","name":"Acheter Luminaire Gold Noblanis - The World Billiards","isPartOf":{"@id":"https:\/\/theworldbilliards.com\/fr\/#website"},"primaryImageOfPage":{"@id":"https:\/\/theworldbilliards.com\/fr\/produit\/luminaire-gold-noblanis\/#primaryimage"},"image":{"@id":"https:\/\/theworldbilliards.com\/fr\/produit\/luminaire-gold-noblanis\/#primaryimage"},"thumbnailUrl":"https:\/\/theworldbilliards.com\/wp-content\/uploads\/2021\/03\/noblanis-candeeiro.png","datePublished":"2021-03-03T14:16:22+00:00","dateModified":"2021-03-09T09:23:23+00:00","description":"Cette pi\u00e8ce a \u00e9t\u00e9 con\u00e7ue pour \u00eatre distinctive et se d\u00e9marquer par son design, devenant la solution id\u00e9ale pour les int\u00e9rieurs soign\u00e9s qui combinent une diversit\u00e9 de styles. Cette \u00e9l\u00e9gante suspension comporte de longs tubes en laiton plaqu\u00e9 or qui conf\u00e8rent au design un look exclusif et luxueux, \u00e9tablissant un autre niveau par son apparence distinctive. &nbsp;","breadcrumb":{"@id":"https:\/\/theworldbilliards.com\/fr\/produit\/luminaire-gold-noblanis\/#breadcrumb"},"inLanguage":"fr-FR","potentialAction":[{"@type":"ReadAction","target":["https:\/\/theworldbilliards.com\/fr\/produit\/luminaire-gold-noblanis\/"]}]},{"@type":"ImageObject","inLanguage":"fr-FR","@id":"https:\/\/theworldbilliards.com\/fr\/produit\/luminaire-gold-noblanis\/#primaryimage","url":"https:\/\/theworldbilliards.com\/wp-content\/uploads\/2021\/03\/noblanis-candeeiro.png","contentUrl":"https:\/\/theworldbilliards.com\/wp-content\/uploads\/2021\/03\/noblanis-candeeiro.png","width":721,"height":722},{"@type":"BreadcrumbList","@id":"https:\/\/theworldbilliards.com\/fr\/produit\/luminaire-gold-noblanis\/#breadcrumb","itemListElement":[{"@type":"ListItem","position":1,"name":"In\u00edcio","item":"https:\/\/theworldbilliards.com\/fr\/"},{"@type":"ListItem","position":2,"name":"Boutique en ligne","item":"https:\/\/theworldbilliards.com\/fr\/boutique-theworldbilliards\/"},{"@type":"ListItem","position":3,"name":"Luminaire Gold Noblanis"}]},{"@type":"WebSite","@id":"https:\/\/theworldbilliards.com\/fr\/#website","url":"https:\/\/theworldbilliards.com\/fr\/","name":"TheWorldBilliards","description":"Achetez ici billard, baby-foot, ping-pong et bowling","publisher":{"@id":"https:\/\/theworldbilliards.com\/fr\/#organization"},"alternateName":"The world billiards","potentialAction":[{"@type":"SearchAction","target":{"@type":"EntryPoint","urlTemplate":"https:\/\/theworldbilliards.com\/fr\/?s={search_term_string}"},"query-input":{"@type":"PropertyValueSpecification","valueRequired":true,"valueName":"search_term_string"}}],"inLanguage":"fr-FR"},{"@type":"Organization","@id":"https:\/\/theworldbilliards.com\/fr\/#organization","name":"The World Billiards","alternateName":"The World Billiards","url":"https:\/\/theworldbilliards.com\/fr\/","logo":{"@type":"ImageObject","inLanguage":"fr-FR","@id":"https:\/\/theworldbilliards.com\/fr\/#\/schema\/logo\/image\/","url":"","contentUrl":"","caption":"The World Billiards"},"image":{"@id":"https:\/\/theworldbilliards.com\/fr\/#\/schema\/logo\/image\/"},"sameAs":["https:\/\/www.facebook.com\/baby.foot.superbes","https:\/\/www.youtube.com\/channel\/UCIMuOVAaUcH6UpZcsZlH0Tg","https:\/\/www.facebook.com\/people\/Brunswick-Billiards-EspaaPortugal\/100066446264309\/","https:\/\/www.instagram.com\/the_world_billiards\/","https:\/\/www.pinterest.es\/Theworldbilliards\/"]}]}},"_links":{"self":[{"href":"https:\/\/theworldbilliards.com\/fr\/wp-json\/wp\/v2\/product\/82822","targetHints":{"allow":["GET"]}}],"collection":[{"href":"https:\/\/theworldbilliards.com\/fr\/wp-json\/wp\/v2\/product"}],"about":[{"href":"https:\/\/theworldbilliards.com\/fr\/wp-json\/wp\/v2\/types\/product"}],"wp:featuredmedia":[{"embeddable":true,"href":"https:\/\/theworldbilliards.com\/fr\/wp-json\/wp\/v2\/media\/92954"}],"wp:attachment":[{"href":"https:\/\/theworldbilliards.com\/fr\/wp-json\/wp\/v2\/media?parent=82822"}],"wp:term":[{"taxonomy":"product_brand","embeddable":true,"href":"https:\/\/theworldbilliards.com\/fr\/wp-json\/wp\/v2\/product_brand?post=82822"},{"taxonomy":"product_cat","embeddable":true,"href":"https:\/\/theworldbilliards.com\/fr\/wp-json\/wp\/v2\/product_cat?post=82822"},{"taxonomy":"product_tag","embeddable":true,"href":"https:\/\/theworldbilliards.com\/fr\/wp-json\/wp\/v2\/product_tag?post=82822"}],"curies":[{"name":"wp","href":"https:\/\/api.w.org\/{rel}","templated":true}]}}