{"id":83217,"date":"2021-03-16T11:08:19","date_gmt":"2021-03-16T10:08:19","guid":{"rendered":"https:\/\/theworldbilliards.com\/?post_type=product&#038;p=83217"},"modified":"2024-07-12T12:21:03","modified_gmt":"2024-07-12T10:21:03","slug":"shuffleboard-brunswick-canton","status":"publish","type":"product","link":"https:\/\/theworldbilliards.com\/fr\/produit\/shuffleboard-brunswick-canton\/","title":{"rendered":"Shuffleboard Brunswick Canton"},"content":{"rendered":"<p>Le jeu de palets Canton, avec ses civi\u00e8res de ridoir en m\u00e9tal vieilli, ses coins et ses \u00e9l\u00e9ments de quincaillerie, font de cette table de palet le m\u00e9lange parfait de raftsmanship et rustique-industriel. Le Canton est disponible en 12 &lsquo;et 14&rsquo; avec un terrain de jeu de 20 \u00ab\u00a0de large sur 2,5&Prime; d&rsquo;\u00e9paisseur pour un jeu optimal.<\/p>\n<p>&nbsp;<\/p>\n<p>Fonctionnalit\u00e9s<br \/>\nCivi\u00e8re, coins et quincaillerie \u00e0 boucle tournante en m\u00e9tal vieilli<br \/>\nFini antique frott\u00e9 \u00e0 la main mettant en valeur les grains naturels et la texture du bois taill\u00e9 grossi\u00e8rement du meuble<br \/>\nAccessoires inclus: quatre poids noirs, quatre poids rouges, syst\u00e8me de notation abaque int\u00e9gr\u00e9, brosse de table et cire de jeu de palets<\/p>\n<p>Mesures<\/p>\n<p>Aire de jeux:<br \/>\n12\u2032: 132.5\u2033 x 20\u2033 x 2.5\u2033 (12 ft) (336.55 x 51 x 6.35 cm)<br \/>\n14\u2032: 156.5\u2033 x 20\u2033 x 2.5\u2033 (14 ft) (397.51 x 51 x 6.35 cm)<br \/>\nDimensions<br \/>\n12\u2032: 147.3&Prime; x 29.9&Prime; x 32.3&Prime; (374 x 76 x 82 cm)<br \/>\n14\u2032: 171.5&Prime; x 29.9&Prime; x 32.3\u00a0\u00bb (436 x 76 x 82 cm)<\/p>\n","protected":false},"excerpt":{"rendered":"<p><strong>Accessoires inclus<\/strong><br \/>\n\u2022 4 quatre poids noirs<br \/>\n\u2022 4 poids rouges<br \/>\n\u2022 Syst\u00e8me de notation de boulier int\u00e9gr\u00e9<br \/>\n\u2022 Brosse de table<br \/>\n\u2022 Cire pour jeu de palets<\/p>\n","protected":false},"featured_media":83222,"template":"","meta":{"site-sidebar-layout":"default","site-content-layout":"","ast-site-content-layout":"default","site-content-style":"default","site-sidebar-style":"default","ast-global-header-display":"","ast-banner-title-visibility":"","ast-main-header-display":"","ast-hfb-above-header-display":"","ast-hfb-below-header-display":"","ast-hfb-mobile-header-display":"","site-post-title":"","ast-breadcrumbs-content":"","ast-featured-img":"","footer-sml-layout":"","ast-disable-related-posts":"","theme-transparent-header-meta":"default","adv-header-id-meta":"","stick-header-meta":"","header-above-stick-meta":"","header-main-stick-meta":"","header-below-stick-meta":"","astra-migrate-meta-layouts":"default","ast-page-background-enabled":"default","ast-page-background-meta":{"desktop":{"background-color":"var(--ast-global-color-4)","background-image":"","background-repeat":"repeat","background-position":"center center","background-size":"auto","background-attachment":"scroll","background-type":"","background-media":"","overlay-type":"","overlay-color":"","overlay-opacity":"","overlay-gradient":""},"tablet":{"background-color":"","background-image":"","background-repeat":"repeat","background-position":"center center","background-size":"auto","background-attachment":"scroll","background-type":"","background-media":"","overlay-type":"","overlay-color":"","overlay-opacity":"","overlay-gradient":""},"mobile":{"background-color":"","background-image":"","background-repeat":"repeat","background-position":"center center","background-size":"auto","background-attachment":"scroll","background-type":"","background-media":"","overlay-type":"","overlay-color":"","overlay-opacity":"","overlay-gradient":""}},"ast-content-background-meta":{"desktop":{"background-color":"var(--ast-global-color-5)","background-image":"","background-repeat":"repeat","background-position":"center center","background-size":"auto","background-attachment":"scroll","background-type":"","background-media":"","overlay-type":"","overlay-color":"","overlay-opacity":"","overlay-gradient":""},"tablet":{"background-color":"var(--ast-global-color-5)","background-image":"","background-repeat":"repeat","background-position":"center center","background-size":"auto","background-attachment":"scroll","background-type":"","background-media":"","overlay-type":"","overlay-color":"","overlay-opacity":"","overlay-gradient":""},"mobile":{"background-color":"var(--ast-global-color-5)","background-image":"","background-repeat":"repeat","background-position":"center center","background-size":"auto","background-attachment":"scroll","background-type":"","background-media":"","overlay-type":"","overlay-color":"","overlay-opacity":"","overlay-gradient":""}}},"product_brand":[5198],"product_cat":[4334],"product_tag":[],"class_list":{"0":"post-83217","1":"product","2":"type-product","3":"status-publish","4":"has-post-thumbnail","6":"product_brand-brunswick-billiards-fr","7":"product_cat-shuffleboard-fr","8":"product_shipping_class-grand-air-hockey","9":"desktop-align-center","10":"tablet-align-left","11":"mobile-align-left","13":"first","14":"onbackorder","15":"taxable","16":"shipping-taxable","17":"purchasable","18":"product-type-variable"},"yoast_head":"<!-- This site is optimized with the Yoast SEO plugin v27.4 - https:\/\/yoast.com\/product\/yoast-seo-wordpress\/ -->\n<title>Acheter Shuffleboard Brunswick Canton - The World Billiards<\/title>\n<meta name=\"description\" content=\"Le jeu de palets Canton, avec ses civi\u00e8res de ridoir en m\u00e9tal vieilli, ses coins et ses \u00e9l\u00e9ments de quincaillerie, font de cette table de palet le m\u00e9lange parfait de raftsmanship et rustique-industriel. Le Canton est disponible en 12 &#039;et 14&#039; avec un terrain de jeu de 20 &quot;de large sur 2,5&quot; d&#039;\u00e9paisseur pour un jeu optimal.  &nbsp;  Fonctionnalit\u00e9s Civi\u00e8re, coins et quincaillerie \u00e0 boucle tournante en m\u00e9tal vieilli Fini antique frott\u00e9 \u00e0 la main mettant en valeur les grains naturels et la texture du bois taill\u00e9 grossi\u00e8rement du meuble Accessoires inclus: quatre poids noirs, quatre poids rouges, syst\u00e8me de notation abaque int\u00e9gr\u00e9, brosse de table et cire de jeu de palets  Mesures  Aire de jeux: 12\u2032: 132.5\u2033 x 20\u2033 x 2.5\u2033 (12 ft) (336.55 x 51 x 6.35 cm) 14\u2032: 156.5\u2033 x 20\u2033 x 2.5\u2033 (14 ft) (397.51 x 51 x 6.35 cm) Dimensions 12\u2032: 147.3&quot; x 29.9&quot; x 32.3&quot; (374 x 76 x 82 cm) 14\u2032: 171.5&quot; x 29.9&quot; x 32.3&quot; (436 x 76 x 82 cm)\" \/>\n<meta name=\"robots\" content=\"index, follow, max-snippet:-1, max-image-preview:large, max-video-preview:-1\" \/>\n<link rel=\"canonical\" href=\"https:\/\/theworldbilliards.com\/fr\/produit\/shuffleboard-brunswick-canton\/\" \/>\n<meta property=\"og:locale\" content=\"fr_FR\" \/>\n<meta property=\"og:type\" content=\"article\" \/>\n<meta property=\"og:title\" content=\"Acheter Shuffleboard Brunswick Canton - The World Billiards\" \/>\n<meta property=\"og:description\" content=\"Le jeu de palets Canton, avec ses civi\u00e8res de ridoir en m\u00e9tal vieilli, ses coins et ses \u00e9l\u00e9ments de quincaillerie, font de cette table de palet le m\u00e9lange parfait de raftsmanship et rustique-industriel. Le Canton est disponible en 12 &#039;et 14&#039; avec un terrain de jeu de 20 &quot;de large sur 2,5&quot; d&#039;\u00e9paisseur pour un jeu optimal.  &nbsp;  Fonctionnalit\u00e9s Civi\u00e8re, coins et quincaillerie \u00e0 boucle tournante en m\u00e9tal vieilli Fini antique frott\u00e9 \u00e0 la main mettant en valeur les grains naturels et la texture du bois taill\u00e9 grossi\u00e8rement du meuble Accessoires inclus: quatre poids noirs, quatre poids rouges, syst\u00e8me de notation abaque int\u00e9gr\u00e9, brosse de table et cire de jeu de palets  Mesures  Aire de jeux: 12\u2032: 132.5\u2033 x 20\u2033 x 2.5\u2033 (12 ft) (336.55 x 51 x 6.35 cm) 14\u2032: 156.5\u2033 x 20\u2033 x 2.5\u2033 (14 ft) (397.51 x 51 x 6.35 cm) Dimensions 12\u2032: 147.3&quot; x 29.9&quot; x 32.3&quot; (374 x 76 x 82 cm) 14\u2032: 171.5&quot; x 29.9&quot; x 32.3&quot; (436 x 76 x 82 cm)\" \/>\n<meta property=\"og:url\" content=\"https:\/\/theworldbilliards.com\/fr\/produit\/shuffleboard-brunswick-canton\/\" \/>\n<meta property=\"og:site_name\" content=\"The World Billiards\" \/>\n<meta property=\"article:publisher\" content=\"https:\/\/www.facebook.com\/baby.foot.superbes\" \/>\n<meta property=\"article:modified_time\" content=\"2024-07-12T10:21:03+00:00\" \/>\n<meta property=\"og:image\" content=\"https:\/\/theworldbilliards.com\/wp-content\/uploads\/2021\/03\/canton-suffleboard.jpg\" \/>\n\t<meta property=\"og:image:width\" content=\"827\" \/>\n\t<meta property=\"og:image:height\" content=\"827\" \/>\n\t<meta property=\"og:image:type\" content=\"image\/jpeg\" \/>\n<meta name=\"twitter:card\" content=\"summary_large_image\" \/>\n<script type=\"application\/ld+json\" class=\"yoast-schema-graph\">{\"@context\":\"https:\\\/\\\/schema.org\",\"@graph\":[{\"@type\":\"WebPage\",\"@id\":\"https:\\\/\\\/theworldbilliards.com\\\/fr\\\/produit\\\/shuffleboard-brunswick-canton\\\/\",\"url\":\"https:\\\/\\\/theworldbilliards.com\\\/fr\\\/produit\\\/shuffleboard-brunswick-canton\\\/\",\"name\":\"Acheter Shuffleboard Brunswick Canton - The World Billiards\",\"isPartOf\":{\"@id\":\"https:\\\/\\\/theworldbilliards.com\\\/fr\\\/#website\"},\"primaryImageOfPage\":{\"@id\":\"https:\\\/\\\/theworldbilliards.com\\\/fr\\\/produit\\\/shuffleboard-brunswick-canton\\\/#primaryimage\"},\"image\":{\"@id\":\"https:\\\/\\\/theworldbilliards.com\\\/fr\\\/produit\\\/shuffleboard-brunswick-canton\\\/#primaryimage\"},\"thumbnailUrl\":\"https:\\\/\\\/theworldbilliards.com\\\/wp-content\\\/uploads\\\/2021\\\/03\\\/canton-suffleboard.jpg\",\"datePublished\":\"2021-03-16T10:08:19+00:00\",\"dateModified\":\"2024-07-12T10:21:03+00:00\",\"description\":\"Le jeu de palets Canton, avec ses civi\u00e8res de ridoir en m\u00e9tal vieilli, ses coins et ses \u00e9l\u00e9ments de quincaillerie, font de cette table de palet le m\u00e9lange parfait de raftsmanship et rustique-industriel. Le Canton est disponible en 12 'et 14' avec un terrain de jeu de 20 \\\"de large sur 2,5\\\" d'\u00e9paisseur pour un jeu optimal. &nbsp; Fonctionnalit\u00e9s Civi\u00e8re, coins et quincaillerie \u00e0 boucle tournante en m\u00e9tal vieilli Fini antique frott\u00e9 \u00e0 la main mettant en valeur les grains naturels et la texture du bois taill\u00e9 grossi\u00e8rement du meuble Accessoires inclus: quatre poids noirs, quatre poids rouges, syst\u00e8me de notation abaque int\u00e9gr\u00e9, brosse de table et cire de jeu de palets Mesures Aire de jeux: 12\u2032: 132.5\u2033 x 20\u2033 x 2.5\u2033 (12 ft) (336.55 x 51 x 6.35 cm) 14\u2032: 156.5\u2033 x 20\u2033 x 2.5\u2033 (14 ft) (397.51 x 51 x 6.35 cm) Dimensions 12\u2032: 147.3\\\" x 29.9\\\" x 32.3\\\" (374 x 76 x 82 cm) 14\u2032: 171.5\\\" x 29.9\\\" x 32.3\\\" (436 x 76 x 82 cm)\",\"breadcrumb\":{\"@id\":\"https:\\\/\\\/theworldbilliards.com\\\/fr\\\/produit\\\/shuffleboard-brunswick-canton\\\/#breadcrumb\"},\"inLanguage\":\"fr-FR\",\"potentialAction\":[{\"@type\":\"ReadAction\",\"target\":[\"https:\\\/\\\/theworldbilliards.com\\\/fr\\\/produit\\\/shuffleboard-brunswick-canton\\\/\"]}]},{\"@type\":\"ImageObject\",\"inLanguage\":\"fr-FR\",\"@id\":\"https:\\\/\\\/theworldbilliards.com\\\/fr\\\/produit\\\/shuffleboard-brunswick-canton\\\/#primaryimage\",\"url\":\"https:\\\/\\\/theworldbilliards.com\\\/wp-content\\\/uploads\\\/2021\\\/03\\\/canton-suffleboard.jpg\",\"contentUrl\":\"https:\\\/\\\/theworldbilliards.com\\\/wp-content\\\/uploads\\\/2021\\\/03\\\/canton-suffleboard.jpg\",\"width\":827,\"height\":827},{\"@type\":\"BreadcrumbList\",\"@id\":\"https:\\\/\\\/theworldbilliards.com\\\/fr\\\/produit\\\/shuffleboard-brunswick-canton\\\/#breadcrumb\",\"itemListElement\":[{\"@type\":\"ListItem\",\"position\":1,\"name\":\"In\u00edcio\",\"item\":\"https:\\\/\\\/theworldbilliards.com\\\/fr\\\/\"},{\"@type\":\"ListItem\",\"position\":2,\"name\":\"Boutique en ligne\",\"item\":\"https:\\\/\\\/theworldbilliards.com\\\/fr\\\/boutique-theworldbilliards\\\/\"},{\"@type\":\"ListItem\",\"position\":3,\"name\":\"Shuffleboard Brunswick Canton\"}]},{\"@type\":\"WebSite\",\"@id\":\"https:\\\/\\\/theworldbilliards.com\\\/fr\\\/#website\",\"url\":\"https:\\\/\\\/theworldbilliards.com\\\/fr\\\/\",\"name\":\"TheWorldBilliards\",\"description\":\"Achetez ici billard, baby-foot, ping-pong et bowling\",\"publisher\":{\"@id\":\"https:\\\/\\\/theworldbilliards.com\\\/fr\\\/#organization\"},\"alternateName\":\"The world billiards\",\"potentialAction\":[{\"@type\":\"SearchAction\",\"target\":{\"@type\":\"EntryPoint\",\"urlTemplate\":\"https:\\\/\\\/theworldbilliards.com\\\/fr\\\/?s={search_term_string}\"},\"query-input\":{\"@type\":\"PropertyValueSpecification\",\"valueRequired\":true,\"valueName\":\"search_term_string\"}}],\"inLanguage\":\"fr-FR\"},{\"@type\":\"Organization\",\"@id\":\"https:\\\/\\\/theworldbilliards.com\\\/fr\\\/#organization\",\"name\":\"The World Billiards\",\"alternateName\":\"The World Billiards\",\"url\":\"https:\\\/\\\/theworldbilliards.com\\\/fr\\\/\",\"logo\":{\"@type\":\"ImageObject\",\"inLanguage\":\"fr-FR\",\"@id\":\"https:\\\/\\\/theworldbilliards.com\\\/fr\\\/#\\\/schema\\\/logo\\\/image\\\/\",\"url\":\"\",\"contentUrl\":\"\",\"caption\":\"The World Billiards\"},\"image\":{\"@id\":\"https:\\\/\\\/theworldbilliards.com\\\/fr\\\/#\\\/schema\\\/logo\\\/image\\\/\"},\"sameAs\":[\"https:\\\/\\\/www.facebook.com\\\/baby.foot.superbes\",\"https:\\\/\\\/www.youtube.com\\\/channel\\\/UCIMuOVAaUcH6UpZcsZlH0Tg\",\"https:\\\/\\\/www.facebook.com\\\/people\\\/Brunswick-Billiards-EspaaPortugal\\\/100066446264309\\\/\",\"https:\\\/\\\/www.instagram.com\\\/the_world_billiards\\\/\",\"https:\\\/\\\/www.pinterest.es\\\/Theworldbilliards\\\/\"]}]}<\/script>\n<!-- \/ Yoast SEO plugin. -->","yoast_head_json":{"title":"Acheter Shuffleboard Brunswick Canton - The World Billiards","description":"Le jeu de palets Canton, avec ses civi\u00e8res de ridoir en m\u00e9tal vieilli, ses coins et ses \u00e9l\u00e9ments de quincaillerie, font de cette table de palet le m\u00e9lange parfait de raftsmanship et rustique-industriel. Le Canton est disponible en 12 'et 14' avec un terrain de jeu de 20 \"de large sur 2,5\" d'\u00e9paisseur pour un jeu optimal.  &nbsp;  Fonctionnalit\u00e9s Civi\u00e8re, coins et quincaillerie \u00e0 boucle tournante en m\u00e9tal vieilli Fini antique frott\u00e9 \u00e0 la main mettant en valeur les grains naturels et la texture du bois taill\u00e9 grossi\u00e8rement du meuble Accessoires inclus: quatre poids noirs, quatre poids rouges, syst\u00e8me de notation abaque int\u00e9gr\u00e9, brosse de table et cire de jeu de palets  Mesures  Aire de jeux: 12\u2032: 132.5\u2033 x 20\u2033 x 2.5\u2033 (12 ft) (336.55 x 51 x 6.35 cm) 14\u2032: 156.5\u2033 x 20\u2033 x 2.5\u2033 (14 ft) (397.51 x 51 x 6.35 cm) Dimensions 12\u2032: 147.3\" x 29.9\" x 32.3\" (374 x 76 x 82 cm) 14\u2032: 171.5\" x 29.9\" x 32.3\" (436 x 76 x 82 cm)","robots":{"index":"index","follow":"follow","max-snippet":"max-snippet:-1","max-image-preview":"max-image-preview:large","max-video-preview":"max-video-preview:-1"},"canonical":"https:\/\/theworldbilliards.com\/fr\/produit\/shuffleboard-brunswick-canton\/","og_locale":"fr_FR","og_type":"article","og_title":"Acheter Shuffleboard Brunswick Canton - The World Billiards","og_description":"Le jeu de palets Canton, avec ses civi\u00e8res de ridoir en m\u00e9tal vieilli, ses coins et ses \u00e9l\u00e9ments de quincaillerie, font de cette table de palet le m\u00e9lange parfait de raftsmanship et rustique-industriel. Le Canton est disponible en 12 'et 14' avec un terrain de jeu de 20 \"de large sur 2,5\" d'\u00e9paisseur pour un jeu optimal.  &nbsp;  Fonctionnalit\u00e9s Civi\u00e8re, coins et quincaillerie \u00e0 boucle tournante en m\u00e9tal vieilli Fini antique frott\u00e9 \u00e0 la main mettant en valeur les grains naturels et la texture du bois taill\u00e9 grossi\u00e8rement du meuble Accessoires inclus: quatre poids noirs, quatre poids rouges, syst\u00e8me de notation abaque int\u00e9gr\u00e9, brosse de table et cire de jeu de palets  Mesures  Aire de jeux: 12\u2032: 132.5\u2033 x 20\u2033 x 2.5\u2033 (12 ft) (336.55 x 51 x 6.35 cm) 14\u2032: 156.5\u2033 x 20\u2033 x 2.5\u2033 (14 ft) (397.51 x 51 x 6.35 cm) Dimensions 12\u2032: 147.3\" x 29.9\" x 32.3\" (374 x 76 x 82 cm) 14\u2032: 171.5\" x 29.9\" x 32.3\" (436 x 76 x 82 cm)","og_url":"https:\/\/theworldbilliards.com\/fr\/produit\/shuffleboard-brunswick-canton\/","og_site_name":"The World Billiards","article_publisher":"https:\/\/www.facebook.com\/baby.foot.superbes","article_modified_time":"2024-07-12T10:21:03+00:00","og_image":[{"width":827,"height":827,"url":"https:\/\/theworldbilliards.com\/wp-content\/uploads\/2021\/03\/canton-suffleboard.jpg","type":"image\/jpeg"}],"twitter_card":"summary_large_image","schema":{"@context":"https:\/\/schema.org","@graph":[{"@type":"WebPage","@id":"https:\/\/theworldbilliards.com\/fr\/produit\/shuffleboard-brunswick-canton\/","url":"https:\/\/theworldbilliards.com\/fr\/produit\/shuffleboard-brunswick-canton\/","name":"Acheter Shuffleboard Brunswick Canton - The World Billiards","isPartOf":{"@id":"https:\/\/theworldbilliards.com\/fr\/#website"},"primaryImageOfPage":{"@id":"https:\/\/theworldbilliards.com\/fr\/produit\/shuffleboard-brunswick-canton\/#primaryimage"},"image":{"@id":"https:\/\/theworldbilliards.com\/fr\/produit\/shuffleboard-brunswick-canton\/#primaryimage"},"thumbnailUrl":"https:\/\/theworldbilliards.com\/wp-content\/uploads\/2021\/03\/canton-suffleboard.jpg","datePublished":"2021-03-16T10:08:19+00:00","dateModified":"2024-07-12T10:21:03+00:00","description":"Le jeu de palets Canton, avec ses civi\u00e8res de ridoir en m\u00e9tal vieilli, ses coins et ses \u00e9l\u00e9ments de quincaillerie, font de cette table de palet le m\u00e9lange parfait de raftsmanship et rustique-industriel. Le Canton est disponible en 12 'et 14' avec un terrain de jeu de 20 \"de large sur 2,5\" d'\u00e9paisseur pour un jeu optimal. &nbsp; Fonctionnalit\u00e9s Civi\u00e8re, coins et quincaillerie \u00e0 boucle tournante en m\u00e9tal vieilli Fini antique frott\u00e9 \u00e0 la main mettant en valeur les grains naturels et la texture du bois taill\u00e9 grossi\u00e8rement du meuble Accessoires inclus: quatre poids noirs, quatre poids rouges, syst\u00e8me de notation abaque int\u00e9gr\u00e9, brosse de table et cire de jeu de palets Mesures Aire de jeux: 12\u2032: 132.5\u2033 x 20\u2033 x 2.5\u2033 (12 ft) (336.55 x 51 x 6.35 cm) 14\u2032: 156.5\u2033 x 20\u2033 x 2.5\u2033 (14 ft) (397.51 x 51 x 6.35 cm) Dimensions 12\u2032: 147.3\" x 29.9\" x 32.3\" (374 x 76 x 82 cm) 14\u2032: 171.5\" x 29.9\" x 32.3\" (436 x 76 x 82 cm)","breadcrumb":{"@id":"https:\/\/theworldbilliards.com\/fr\/produit\/shuffleboard-brunswick-canton\/#breadcrumb"},"inLanguage":"fr-FR","potentialAction":[{"@type":"ReadAction","target":["https:\/\/theworldbilliards.com\/fr\/produit\/shuffleboard-brunswick-canton\/"]}]},{"@type":"ImageObject","inLanguage":"fr-FR","@id":"https:\/\/theworldbilliards.com\/fr\/produit\/shuffleboard-brunswick-canton\/#primaryimage","url":"https:\/\/theworldbilliards.com\/wp-content\/uploads\/2021\/03\/canton-suffleboard.jpg","contentUrl":"https:\/\/theworldbilliards.com\/wp-content\/uploads\/2021\/03\/canton-suffleboard.jpg","width":827,"height":827},{"@type":"BreadcrumbList","@id":"https:\/\/theworldbilliards.com\/fr\/produit\/shuffleboard-brunswick-canton\/#breadcrumb","itemListElement":[{"@type":"ListItem","position":1,"name":"In\u00edcio","item":"https:\/\/theworldbilliards.com\/fr\/"},{"@type":"ListItem","position":2,"name":"Boutique en ligne","item":"https:\/\/theworldbilliards.com\/fr\/boutique-theworldbilliards\/"},{"@type":"ListItem","position":3,"name":"Shuffleboard Brunswick Canton"}]},{"@type":"WebSite","@id":"https:\/\/theworldbilliards.com\/fr\/#website","url":"https:\/\/theworldbilliards.com\/fr\/","name":"TheWorldBilliards","description":"Achetez ici billard, baby-foot, ping-pong et bowling","publisher":{"@id":"https:\/\/theworldbilliards.com\/fr\/#organization"},"alternateName":"The world billiards","potentialAction":[{"@type":"SearchAction","target":{"@type":"EntryPoint","urlTemplate":"https:\/\/theworldbilliards.com\/fr\/?s={search_term_string}"},"query-input":{"@type":"PropertyValueSpecification","valueRequired":true,"valueName":"search_term_string"}}],"inLanguage":"fr-FR"},{"@type":"Organization","@id":"https:\/\/theworldbilliards.com\/fr\/#organization","name":"The World Billiards","alternateName":"The World Billiards","url":"https:\/\/theworldbilliards.com\/fr\/","logo":{"@type":"ImageObject","inLanguage":"fr-FR","@id":"https:\/\/theworldbilliards.com\/fr\/#\/schema\/logo\/image\/","url":"","contentUrl":"","caption":"The World Billiards"},"image":{"@id":"https:\/\/theworldbilliards.com\/fr\/#\/schema\/logo\/image\/"},"sameAs":["https:\/\/www.facebook.com\/baby.foot.superbes","https:\/\/www.youtube.com\/channel\/UCIMuOVAaUcH6UpZcsZlH0Tg","https:\/\/www.facebook.com\/people\/Brunswick-Billiards-EspaaPortugal\/100066446264309\/","https:\/\/www.instagram.com\/the_world_billiards\/","https:\/\/www.pinterest.es\/Theworldbilliards\/"]}]}},"_links":{"self":[{"href":"https:\/\/theworldbilliards.com\/fr\/wp-json\/wp\/v2\/product\/83217","targetHints":{"allow":["GET"]}}],"collection":[{"href":"https:\/\/theworldbilliards.com\/fr\/wp-json\/wp\/v2\/product"}],"about":[{"href":"https:\/\/theworldbilliards.com\/fr\/wp-json\/wp\/v2\/types\/product"}],"wp:featuredmedia":[{"embeddable":true,"href":"https:\/\/theworldbilliards.com\/fr\/wp-json\/wp\/v2\/media\/83222"}],"wp:attachment":[{"href":"https:\/\/theworldbilliards.com\/fr\/wp-json\/wp\/v2\/media?parent=83217"}],"wp:term":[{"taxonomy":"product_brand","embeddable":true,"href":"https:\/\/theworldbilliards.com\/fr\/wp-json\/wp\/v2\/product_brand?post=83217"},{"taxonomy":"product_cat","embeddable":true,"href":"https:\/\/theworldbilliards.com\/fr\/wp-json\/wp\/v2\/product_cat?post=83217"},{"taxonomy":"product_tag","embeddable":true,"href":"https:\/\/theworldbilliards.com\/fr\/wp-json\/wp\/v2\/product_tag?post=83217"}],"curies":[{"name":"wp","href":"https:\/\/api.w.org\/{rel}","templated":true}]}}