{"id":84515,"date":"2021-06-29T10:19:36","date_gmt":"2021-06-29T08:19:36","guid":{"rendered":"https:\/\/theworldbilliards.com\/?post_type=product&#038;p=84515"},"modified":"2021-06-29T10:27:06","modified_gmt":"2021-06-29T08:27:06","slug":"boules-de-billard-super-aramith-prestige-carom","status":"publish","type":"product","link":"https:\/\/theworldbilliards.com\/fr\/produit\/boules-de-billard-super-aramith-prestige-carom\/","title":{"rendered":"Boules de billard Super Aramith Prestige Carom"},"content":{"rendered":"<p><span class=\"tlid-translation translation\" lang=\"fr\"><span class=\"\" title=\"\">Taille: 61,5cm de diam\u00e8tre<\/span><\/span><\/p>\n<p>L&rsquo;ensemble Super Aramith Pro Cup Prestige se compose de 3 boules de billard de diff\u00e9rentes couleurs avec un design saisissant \u00e0 6 points. Les boules pointill\u00e9es donnent \u00e0 la fois au spectateur et au joueur de billard une meilleure vue d&rsquo;ensemble de ce qui se passe \u00e0 table et rendent l&rsquo;utilisation des effets tr\u00e8s perceptible pour les spectateurs, les arbitres et les joueurs.<\/p>\n","protected":false},"excerpt":{"rendered":"<p>Taille: 61,5cm de diam\u00e8tre L&rsquo;ensemble Super Aramith Pro Cup Prestige se compose de 3 boules de billard de diff\u00e9rentes couleurs [&hellip;]<\/p>\n","protected":false},"featured_media":84520,"template":"","meta":{"site-sidebar-layout":"default","site-content-layout":"","ast-site-content-layout":"default","site-content-style":"default","site-sidebar-style":"default","ast-global-header-display":"","ast-banner-title-visibility":"","ast-main-header-display":"","ast-hfb-above-header-display":"","ast-hfb-below-header-display":"","ast-hfb-mobile-header-display":"","site-post-title":"","ast-breadcrumbs-content":"","ast-featured-img":"","footer-sml-layout":"","ast-disable-related-posts":"","theme-transparent-header-meta":"default","adv-header-id-meta":"","stick-header-meta":"","header-above-stick-meta":"","header-main-stick-meta":"","header-below-stick-meta":"","astra-migrate-meta-layouts":"default","ast-page-background-enabled":"default","ast-page-background-meta":{"desktop":{"background-color":"var(--ast-global-color-4)","background-image":"","background-repeat":"repeat","background-position":"center center","background-size":"auto","background-attachment":"scroll","background-type":"","background-media":"","overlay-type":"","overlay-color":"","overlay-opacity":"","overlay-gradient":""},"tablet":{"background-color":"","background-image":"","background-repeat":"repeat","background-position":"center center","background-size":"auto","background-attachment":"scroll","background-type":"","background-media":"","overlay-type":"","overlay-color":"","overlay-opacity":"","overlay-gradient":""},"mobile":{"background-color":"","background-image":"","background-repeat":"repeat","background-position":"center center","background-size":"auto","background-attachment":"scroll","background-type":"","background-media":"","overlay-type":"","overlay-color":"","overlay-opacity":"","overlay-gradient":""}},"ast-content-background-meta":{"desktop":{"background-color":"var(--ast-global-color-5)","background-image":"","background-repeat":"repeat","background-position":"center center","background-size":"auto","background-attachment":"scroll","background-type":"","background-media":"","overlay-type":"","overlay-color":"","overlay-opacity":"","overlay-gradient":""},"tablet":{"background-color":"var(--ast-global-color-5)","background-image":"","background-repeat":"repeat","background-position":"center center","background-size":"auto","background-attachment":"scroll","background-type":"","background-media":"","overlay-type":"","overlay-color":"","overlay-opacity":"","overlay-gradient":""},"mobile":{"background-color":"var(--ast-global-color-5)","background-image":"","background-repeat":"repeat","background-position":"center center","background-size":"auto","background-attachment":"scroll","background-type":"","background-media":"","overlay-type":"","overlay-color":"","overlay-opacity":"","overlay-gradient":""}}},"product_brand":[5234],"product_cat":[1457],"product_tag":[],"class_list":{"0":"post-84515","1":"product","2":"type-product","3":"status-publish","4":"has-post-thumbnail","6":"product_brand-aramith-billiard-balls-fr","7":"product_cat-boules-de-billard","8":"product_shipping_class-accessoires","9":"desktop-align-center","10":"tablet-align-left","11":"mobile-align-left","13":"first","14":"instock","15":"taxable","16":"shipping-taxable","17":"purchasable","18":"product-type-simple"},"yoast_head":"<!-- This site is optimized with the Yoast SEO plugin v27.5 - https:\/\/yoast.com\/product\/yoast-seo-wordpress\/ -->\n<title>Acheter Boules de billard Super Aramith Prestige Carom - The World Billiards<\/title>\n<meta name=\"description\" content=\"Taille: 61,5cm de diam\u00e8tre  L&#039;ensemble Super Aramith Pro Cup Prestige se compose de 3 boules de billard de diff\u00e9rentes couleurs avec un design saisissant \u00e0 6 points. Les boules pointill\u00e9es donnent \u00e0 la fois au spectateur et au joueur de billard une meilleure vue d&#039;ensemble de ce qui se passe \u00e0 table et rendent l&#039;utilisation des effets tr\u00e8s perceptible pour les spectateurs, les arbitres et les joueurs.\" \/>\n<meta name=\"robots\" content=\"index, follow, max-snippet:-1, max-image-preview:large, max-video-preview:-1\" \/>\n<link rel=\"canonical\" href=\"https:\/\/theworldbilliards.com\/fr\/produit\/boules-de-billard-super-aramith-prestige-carom\/\" \/>\n<meta property=\"og:locale\" content=\"fr_FR\" \/>\n<meta property=\"og:type\" content=\"article\" \/>\n<meta property=\"og:title\" content=\"Acheter Boules de billard Super Aramith Prestige Carom - The World Billiards\" \/>\n<meta property=\"og:description\" content=\"Taille: 61,5cm de diam\u00e8tre  L&#039;ensemble Super Aramith Pro Cup Prestige se compose de 3 boules de billard de diff\u00e9rentes couleurs avec un design saisissant \u00e0 6 points. Les boules pointill\u00e9es donnent \u00e0 la fois au spectateur et au joueur de billard une meilleure vue d&#039;ensemble de ce qui se passe \u00e0 table et rendent l&#039;utilisation des effets tr\u00e8s perceptible pour les spectateurs, les arbitres et les joueurs.\" \/>\n<meta property=\"og:url\" content=\"https:\/\/theworldbilliards.com\/fr\/produit\/boules-de-billard-super-aramith-prestige-carom\/\" \/>\n<meta property=\"og:site_name\" content=\"The World Billiards\" \/>\n<meta property=\"article:publisher\" content=\"https:\/\/www.facebook.com\/baby.foot.superbes\" \/>\n<meta property=\"article:modified_time\" content=\"2021-06-29T08:27:06+00:00\" \/>\n<meta property=\"og:image\" content=\"https:\/\/theworldbilliards.com\/wp-content\/uploads\/2021\/06\/Bolas_billar_Aramith_prestige.jpg\" \/>\n\t<meta property=\"og:image:width\" content=\"700\" \/>\n\t<meta property=\"og:image:height\" content=\"700\" \/>\n\t<meta property=\"og:image:type\" content=\"image\/jpeg\" \/>\n<meta name=\"twitter:card\" content=\"summary_large_image\" \/>\n<script type=\"application\/ld+json\" class=\"yoast-schema-graph\">{\"@context\":\"https:\\\/\\\/schema.org\",\"@graph\":[{\"@type\":\"WebPage\",\"@id\":\"https:\\\/\\\/theworldbilliards.com\\\/fr\\\/produit\\\/boules-de-billard-super-aramith-prestige-carom\\\/\",\"url\":\"https:\\\/\\\/theworldbilliards.com\\\/fr\\\/produit\\\/boules-de-billard-super-aramith-prestige-carom\\\/\",\"name\":\"Acheter Boules de billard Super Aramith Prestige Carom - The World Billiards\",\"isPartOf\":{\"@id\":\"https:\\\/\\\/theworldbilliards.com\\\/fr\\\/#website\"},\"primaryImageOfPage\":{\"@id\":\"https:\\\/\\\/theworldbilliards.com\\\/fr\\\/produit\\\/boules-de-billard-super-aramith-prestige-carom\\\/#primaryimage\"},\"image\":{\"@id\":\"https:\\\/\\\/theworldbilliards.com\\\/fr\\\/produit\\\/boules-de-billard-super-aramith-prestige-carom\\\/#primaryimage\"},\"thumbnailUrl\":\"https:\\\/\\\/theworldbilliards.com\\\/wp-content\\\/uploads\\\/2021\\\/06\\\/Bolas_billar_Aramith_prestige.jpg\",\"datePublished\":\"2021-06-29T08:19:36+00:00\",\"dateModified\":\"2021-06-29T08:27:06+00:00\",\"description\":\"Taille: 61,5cm de diam\u00e8tre L'ensemble Super Aramith Pro Cup Prestige se compose de 3 boules de billard de diff\u00e9rentes couleurs avec un design saisissant \u00e0 6 points. Les boules pointill\u00e9es donnent \u00e0 la fois au spectateur et au joueur de billard une meilleure vue d'ensemble de ce qui se passe \u00e0 table et rendent l'utilisation des effets tr\u00e8s perceptible pour les spectateurs, les arbitres et les joueurs.\",\"breadcrumb\":{\"@id\":\"https:\\\/\\\/theworldbilliards.com\\\/fr\\\/produit\\\/boules-de-billard-super-aramith-prestige-carom\\\/#breadcrumb\"},\"inLanguage\":\"fr-FR\",\"potentialAction\":[{\"@type\":\"ReadAction\",\"target\":[\"https:\\\/\\\/theworldbilliards.com\\\/fr\\\/produit\\\/boules-de-billard-super-aramith-prestige-carom\\\/\"]}]},{\"@type\":\"ImageObject\",\"inLanguage\":\"fr-FR\",\"@id\":\"https:\\\/\\\/theworldbilliards.com\\\/fr\\\/produit\\\/boules-de-billard-super-aramith-prestige-carom\\\/#primaryimage\",\"url\":\"https:\\\/\\\/theworldbilliards.com\\\/wp-content\\\/uploads\\\/2021\\\/06\\\/Bolas_billar_Aramith_prestige.jpg\",\"contentUrl\":\"https:\\\/\\\/theworldbilliards.com\\\/wp-content\\\/uploads\\\/2021\\\/06\\\/Bolas_billar_Aramith_prestige.jpg\",\"width\":700,\"height\":700},{\"@type\":\"BreadcrumbList\",\"@id\":\"https:\\\/\\\/theworldbilliards.com\\\/fr\\\/produit\\\/boules-de-billard-super-aramith-prestige-carom\\\/#breadcrumb\",\"itemListElement\":[{\"@type\":\"ListItem\",\"position\":1,\"name\":\"In\u00edcio\",\"item\":\"https:\\\/\\\/theworldbilliards.com\\\/fr\\\/\"},{\"@type\":\"ListItem\",\"position\":2,\"name\":\"Boutique en ligne\",\"item\":\"https:\\\/\\\/theworldbilliards.com\\\/fr\\\/boutique-theworldbilliards\\\/\"},{\"@type\":\"ListItem\",\"position\":3,\"name\":\"Boules de billard Super Aramith Prestige Carom\"}]},{\"@type\":\"WebSite\",\"@id\":\"https:\\\/\\\/theworldbilliards.com\\\/fr\\\/#website\",\"url\":\"https:\\\/\\\/theworldbilliards.com\\\/fr\\\/\",\"name\":\"TheWorldBilliards\",\"description\":\"Achetez ici billard, baby-foot, ping-pong et bowling\",\"publisher\":{\"@id\":\"https:\\\/\\\/theworldbilliards.com\\\/fr\\\/#organization\"},\"alternateName\":\"The world billiards\",\"potentialAction\":[{\"@type\":\"SearchAction\",\"target\":{\"@type\":\"EntryPoint\",\"urlTemplate\":\"https:\\\/\\\/theworldbilliards.com\\\/fr\\\/?s={search_term_string}\"},\"query-input\":{\"@type\":\"PropertyValueSpecification\",\"valueRequired\":true,\"valueName\":\"search_term_string\"}}],\"inLanguage\":\"fr-FR\"},{\"@type\":\"Organization\",\"@id\":\"https:\\\/\\\/theworldbilliards.com\\\/fr\\\/#organization\",\"name\":\"The World Billiards\",\"alternateName\":\"The World Billiards\",\"url\":\"https:\\\/\\\/theworldbilliards.com\\\/fr\\\/\",\"logo\":{\"@type\":\"ImageObject\",\"inLanguage\":\"fr-FR\",\"@id\":\"https:\\\/\\\/theworldbilliards.com\\\/fr\\\/#\\\/schema\\\/logo\\\/image\\\/\",\"url\":\"\",\"contentUrl\":\"\",\"caption\":\"The World Billiards\"},\"image\":{\"@id\":\"https:\\\/\\\/theworldbilliards.com\\\/fr\\\/#\\\/schema\\\/logo\\\/image\\\/\"},\"sameAs\":[\"https:\\\/\\\/www.facebook.com\\\/baby.foot.superbes\",\"https:\\\/\\\/www.youtube.com\\\/channel\\\/UCIMuOVAaUcH6UpZcsZlH0Tg\",\"https:\\\/\\\/www.facebook.com\\\/people\\\/Brunswick-Billiards-EspaaPortugal\\\/100066446264309\\\/\",\"https:\\\/\\\/www.instagram.com\\\/the_world_billiards\\\/\",\"https:\\\/\\\/www.pinterest.es\\\/Theworldbilliards\\\/\"]}]}<\/script>\n<!-- \/ Yoast SEO plugin. -->","yoast_head_json":{"title":"Acheter Boules de billard Super Aramith Prestige Carom - The World Billiards","description":"Taille: 61,5cm de diam\u00e8tre  L'ensemble Super Aramith Pro Cup Prestige se compose de 3 boules de billard de diff\u00e9rentes couleurs avec un design saisissant \u00e0 6 points. Les boules pointill\u00e9es donnent \u00e0 la fois au spectateur et au joueur de billard une meilleure vue d'ensemble de ce qui se passe \u00e0 table et rendent l'utilisation des effets tr\u00e8s perceptible pour les spectateurs, les arbitres et les joueurs.","robots":{"index":"index","follow":"follow","max-snippet":"max-snippet:-1","max-image-preview":"max-image-preview:large","max-video-preview":"max-video-preview:-1"},"canonical":"https:\/\/theworldbilliards.com\/fr\/produit\/boules-de-billard-super-aramith-prestige-carom\/","og_locale":"fr_FR","og_type":"article","og_title":"Acheter Boules de billard Super Aramith Prestige Carom - The World Billiards","og_description":"Taille: 61,5cm de diam\u00e8tre  L'ensemble Super Aramith Pro Cup Prestige se compose de 3 boules de billard de diff\u00e9rentes couleurs avec un design saisissant \u00e0 6 points. Les boules pointill\u00e9es donnent \u00e0 la fois au spectateur et au joueur de billard une meilleure vue d'ensemble de ce qui se passe \u00e0 table et rendent l'utilisation des effets tr\u00e8s perceptible pour les spectateurs, les arbitres et les joueurs.","og_url":"https:\/\/theworldbilliards.com\/fr\/produit\/boules-de-billard-super-aramith-prestige-carom\/","og_site_name":"The World Billiards","article_publisher":"https:\/\/www.facebook.com\/baby.foot.superbes","article_modified_time":"2021-06-29T08:27:06+00:00","og_image":[{"width":700,"height":700,"url":"https:\/\/theworldbilliards.com\/wp-content\/uploads\/2021\/06\/Bolas_billar_Aramith_prestige.jpg","type":"image\/jpeg"}],"twitter_card":"summary_large_image","schema":{"@context":"https:\/\/schema.org","@graph":[{"@type":"WebPage","@id":"https:\/\/theworldbilliards.com\/fr\/produit\/boules-de-billard-super-aramith-prestige-carom\/","url":"https:\/\/theworldbilliards.com\/fr\/produit\/boules-de-billard-super-aramith-prestige-carom\/","name":"Acheter Boules de billard Super Aramith Prestige Carom - The World Billiards","isPartOf":{"@id":"https:\/\/theworldbilliards.com\/fr\/#website"},"primaryImageOfPage":{"@id":"https:\/\/theworldbilliards.com\/fr\/produit\/boules-de-billard-super-aramith-prestige-carom\/#primaryimage"},"image":{"@id":"https:\/\/theworldbilliards.com\/fr\/produit\/boules-de-billard-super-aramith-prestige-carom\/#primaryimage"},"thumbnailUrl":"https:\/\/theworldbilliards.com\/wp-content\/uploads\/2021\/06\/Bolas_billar_Aramith_prestige.jpg","datePublished":"2021-06-29T08:19:36+00:00","dateModified":"2021-06-29T08:27:06+00:00","description":"Taille: 61,5cm de diam\u00e8tre L'ensemble Super Aramith Pro Cup Prestige se compose de 3 boules de billard de diff\u00e9rentes couleurs avec un design saisissant \u00e0 6 points. Les boules pointill\u00e9es donnent \u00e0 la fois au spectateur et au joueur de billard une meilleure vue d'ensemble de ce qui se passe \u00e0 table et rendent l'utilisation des effets tr\u00e8s perceptible pour les spectateurs, les arbitres et les joueurs.","breadcrumb":{"@id":"https:\/\/theworldbilliards.com\/fr\/produit\/boules-de-billard-super-aramith-prestige-carom\/#breadcrumb"},"inLanguage":"fr-FR","potentialAction":[{"@type":"ReadAction","target":["https:\/\/theworldbilliards.com\/fr\/produit\/boules-de-billard-super-aramith-prestige-carom\/"]}]},{"@type":"ImageObject","inLanguage":"fr-FR","@id":"https:\/\/theworldbilliards.com\/fr\/produit\/boules-de-billard-super-aramith-prestige-carom\/#primaryimage","url":"https:\/\/theworldbilliards.com\/wp-content\/uploads\/2021\/06\/Bolas_billar_Aramith_prestige.jpg","contentUrl":"https:\/\/theworldbilliards.com\/wp-content\/uploads\/2021\/06\/Bolas_billar_Aramith_prestige.jpg","width":700,"height":700},{"@type":"BreadcrumbList","@id":"https:\/\/theworldbilliards.com\/fr\/produit\/boules-de-billard-super-aramith-prestige-carom\/#breadcrumb","itemListElement":[{"@type":"ListItem","position":1,"name":"In\u00edcio","item":"https:\/\/theworldbilliards.com\/fr\/"},{"@type":"ListItem","position":2,"name":"Boutique en ligne","item":"https:\/\/theworldbilliards.com\/fr\/boutique-theworldbilliards\/"},{"@type":"ListItem","position":3,"name":"Boules de billard Super Aramith Prestige Carom"}]},{"@type":"WebSite","@id":"https:\/\/theworldbilliards.com\/fr\/#website","url":"https:\/\/theworldbilliards.com\/fr\/","name":"TheWorldBilliards","description":"Achetez ici billard, baby-foot, ping-pong et bowling","publisher":{"@id":"https:\/\/theworldbilliards.com\/fr\/#organization"},"alternateName":"The world billiards","potentialAction":[{"@type":"SearchAction","target":{"@type":"EntryPoint","urlTemplate":"https:\/\/theworldbilliards.com\/fr\/?s={search_term_string}"},"query-input":{"@type":"PropertyValueSpecification","valueRequired":true,"valueName":"search_term_string"}}],"inLanguage":"fr-FR"},{"@type":"Organization","@id":"https:\/\/theworldbilliards.com\/fr\/#organization","name":"The World Billiards","alternateName":"The World Billiards","url":"https:\/\/theworldbilliards.com\/fr\/","logo":{"@type":"ImageObject","inLanguage":"fr-FR","@id":"https:\/\/theworldbilliards.com\/fr\/#\/schema\/logo\/image\/","url":"","contentUrl":"","caption":"The World Billiards"},"image":{"@id":"https:\/\/theworldbilliards.com\/fr\/#\/schema\/logo\/image\/"},"sameAs":["https:\/\/www.facebook.com\/baby.foot.superbes","https:\/\/www.youtube.com\/channel\/UCIMuOVAaUcH6UpZcsZlH0Tg","https:\/\/www.facebook.com\/people\/Brunswick-Billiards-EspaaPortugal\/100066446264309\/","https:\/\/www.instagram.com\/the_world_billiards\/","https:\/\/www.pinterest.es\/Theworldbilliards\/"]}]}},"_links":{"self":[{"href":"https:\/\/theworldbilliards.com\/fr\/wp-json\/wp\/v2\/product\/84515","targetHints":{"allow":["GET"]}}],"collection":[{"href":"https:\/\/theworldbilliards.com\/fr\/wp-json\/wp\/v2\/product"}],"about":[{"href":"https:\/\/theworldbilliards.com\/fr\/wp-json\/wp\/v2\/types\/product"}],"wp:featuredmedia":[{"embeddable":true,"href":"https:\/\/theworldbilliards.com\/fr\/wp-json\/wp\/v2\/media\/84520"}],"wp:attachment":[{"href":"https:\/\/theworldbilliards.com\/fr\/wp-json\/wp\/v2\/media?parent=84515"}],"wp:term":[{"taxonomy":"product_brand","embeddable":true,"href":"https:\/\/theworldbilliards.com\/fr\/wp-json\/wp\/v2\/product_brand?post=84515"},{"taxonomy":"product_cat","embeddable":true,"href":"https:\/\/theworldbilliards.com\/fr\/wp-json\/wp\/v2\/product_cat?post=84515"},{"taxonomy":"product_tag","embeddable":true,"href":"https:\/\/theworldbilliards.com\/fr\/wp-json\/wp\/v2\/product_tag?post=84515"}],"curies":[{"name":"wp","href":"https:\/\/api.w.org\/{rel}","templated":true}]}}