{"id":85604,"date":"2021-10-20T09:33:17","date_gmt":"2021-10-20T07:33:17","guid":{"rendered":"https:\/\/theworldbilliards.com\/?post_type=product&#038;p=85604"},"modified":"2024-01-15T12:28:45","modified_gmt":"2024-01-15T11:28:45","slug":"baby-foot-exterieur-roberto-sport-summer-cover-sans-monnayeur","status":"publish","type":"product","link":"https:\/\/theworldbilliards.com\/fr\/produit\/baby-foot-exterieur-roberto-sport-summer-cover-sans-monnayeur\/","title":{"rendered":"Baby Foot Ext\u00e9rieur Roberto Sport Summer Cover sans Monnayeur"},"content":{"rendered":"<p>Structure monobloc en peuplier marin multicouche recouvert de plastique lamin\u00e9 10\/10.<\/p>\n<p>Un plateau en aluminium extrud\u00e9 anodis\u00e9 forme une barri\u00e8re de protection contre les infiltrations d&rsquo;eau pr\u00e9servant la table de l&rsquo;humidit\u00e9 et du soleil.<\/p>\n<p>Pieds en aluminium anodis\u00e9<\/p>\n<p>Les pieds sont fabriqu\u00e9s dans une mati\u00e8re plastique souple sp\u00e9ciale qui garantit l&rsquo;adh\u00e9rence au sol<\/p>\n<p>Plateau de jeu en verre verni vert et tremp\u00e9 de 5 mm qui n&rsquo;est pas affect\u00e9 par le soleil ou l&rsquo;humidit\u00e9.<\/p>\n<p>Verre de protection sup\u00e9rieur incassable pour \u00e9viter d&rsquo;endommager le terrain de jeu ou le vol de balles et pour r\u00e9duire le bruit pendant le jeu<\/p>\n<p>Tiges t\u00e9lescopiques en acier inoxydable diam. 18 mm avec poign\u00e9es en plastique dur.<\/p>\n<p>Sp\u00e9cifications:<\/p>\n<ul>\n<li>Poids net 52,3 Kgs.<\/li>\n<li>Terrain de jeu 111cm x 70cm.<\/li>\n<li>Dimensions Emballage 138cm x 80cm x 25cm<\/li>\n<li>Dimensions construites 135cm x 110cm x 90cm.<\/li>\n<\/ul>\n","protected":false},"excerpt":{"rendered":"<p>Structure monobloc en peuplier marin multicouche recouvert de plastique lamin\u00e9 10\/10. Un plateau en aluminium extrud\u00e9 anodis\u00e9 forme une barri\u00e8re [&hellip;]<\/p>\n","protected":false},"featured_media":107079,"template":"","meta":{"site-sidebar-layout":"default","site-content-layout":"","ast-site-content-layout":"default","site-content-style":"default","site-sidebar-style":"default","ast-global-header-display":"","ast-banner-title-visibility":"","ast-main-header-display":"","ast-hfb-above-header-display":"","ast-hfb-below-header-display":"","ast-hfb-mobile-header-display":"","site-post-title":"","ast-breadcrumbs-content":"","ast-featured-img":"","footer-sml-layout":"","ast-disable-related-posts":"","theme-transparent-header-meta":"default","adv-header-id-meta":"","stick-header-meta":"","header-above-stick-meta":"","header-main-stick-meta":"","header-below-stick-meta":"","astra-migrate-meta-layouts":"default","ast-page-background-enabled":"default","ast-page-background-meta":{"desktop":{"background-color":"var(--ast-global-color-4)","background-image":"","background-repeat":"repeat","background-position":"center center","background-size":"auto","background-attachment":"scroll","background-type":"","background-media":"","overlay-type":"","overlay-color":"","overlay-opacity":"","overlay-gradient":""},"tablet":{"background-color":"","background-image":"","background-repeat":"repeat","background-position":"center center","background-size":"auto","background-attachment":"scroll","background-type":"","background-media":"","overlay-type":"","overlay-color":"","overlay-opacity":"","overlay-gradient":""},"mobile":{"background-color":"","background-image":"","background-repeat":"repeat","background-position":"center center","background-size":"auto","background-attachment":"scroll","background-type":"","background-media":"","overlay-type":"","overlay-color":"","overlay-opacity":"","overlay-gradient":""}},"ast-content-background-meta":{"desktop":{"background-color":"var(--ast-global-color-5)","background-image":"","background-repeat":"repeat","background-position":"center center","background-size":"auto","background-attachment":"scroll","background-type":"","background-media":"","overlay-type":"","overlay-color":"","overlay-opacity":"","overlay-gradient":""},"tablet":{"background-color":"var(--ast-global-color-5)","background-image":"","background-repeat":"repeat","background-position":"center center","background-size":"auto","background-attachment":"scroll","background-type":"","background-media":"","overlay-type":"","overlay-color":"","overlay-opacity":"","overlay-gradient":""},"mobile":{"background-color":"var(--ast-global-color-5)","background-image":"","background-repeat":"repeat","background-position":"center center","background-size":"auto","background-attachment":"scroll","background-type":"","background-media":"","overlay-type":"","overlay-color":"","overlay-opacity":"","overlay-gradient":""}}},"product_brand":[5226],"product_cat":[1437,3450],"product_tag":[],"class_list":{"0":"post-85604","1":"product","2":"type-product","3":"status-publish","4":"has-post-thumbnail","6":"product_brand-roberto-sport-fr","7":"product_cat-baby-foot-sans-monnayeur","8":"product_cat-jeux-de-exterieur","9":"product_shipping_class-baby-foot","10":"desktop-align-center","11":"tablet-align-left","12":"mobile-align-left","14":"first","15":"instock","16":"taxable","17":"shipping-taxable","18":"purchasable","19":"product-type-simple"},"yoast_head":"<!-- This site is optimized with the Yoast SEO plugin v27.4 - https:\/\/yoast.com\/product\/yoast-seo-wordpress\/ -->\n<title>Acheter Baby Foot Ext\u00e9rieur Roberto Sport Summer Cover sans Monnayeur - The World Billiards<\/title>\n<meta name=\"description\" content=\"Structure monobloc en peuplier marin multicouche recouvert de plastique lamin\u00e9 10\/10.  Un plateau en aluminium extrud\u00e9 anodis\u00e9 forme une barri\u00e8re de protection contre les infiltrations d&#039;eau pr\u00e9servant la table de l&#039;humidit\u00e9 et du soleil.  Pieds en aluminium anodis\u00e9  Les pieds sont fabriqu\u00e9s dans une mati\u00e8re plastique souple sp\u00e9ciale qui garantit l&#039;adh\u00e9rence au sol  Plateau de jeu en verre verni vert et tremp\u00e9 de 5 mm qui n&#039;est pas affect\u00e9 par le soleil ou l&#039;humidit\u00e9.  Verre de protection sup\u00e9rieur incassable pour \u00e9viter d&#039;endommager le terrain de jeu ou le vol de balles et pour r\u00e9duire le bruit pendant le jeu  Tiges t\u00e9lescopiques en acier inoxydable diam. 18 mm avec poign\u00e9es en plastique dur.  Sp\u00e9cifications:   Poids net 52,3 Kgs.  Terrain de jeu 111cm x 70cm.  Dimensions Emballage 138cm x 80cm x 25cm  Dimensions construites 135cm x 110cm x 90cm.\" \/>\n<meta name=\"robots\" content=\"index, follow, max-snippet:-1, max-image-preview:large, max-video-preview:-1\" \/>\n<link rel=\"canonical\" href=\"https:\/\/theworldbilliards.com\/fr\/produit\/baby-foot-exterieur-roberto-sport-summer-cover-sans-monnayeur\/\" \/>\n<meta property=\"og:locale\" content=\"fr_FR\" \/>\n<meta property=\"og:type\" content=\"article\" \/>\n<meta property=\"og:title\" content=\"Acheter Baby Foot Ext\u00e9rieur Roberto Sport Summer Cover sans Monnayeur - The World Billiards\" \/>\n<meta property=\"og:description\" content=\"Structure monobloc en peuplier marin multicouche recouvert de plastique lamin\u00e9 10\/10.  Un plateau en aluminium extrud\u00e9 anodis\u00e9 forme une barri\u00e8re de protection contre les infiltrations d&#039;eau pr\u00e9servant la table de l&#039;humidit\u00e9 et du soleil.  Pieds en aluminium anodis\u00e9  Les pieds sont fabriqu\u00e9s dans une mati\u00e8re plastique souple sp\u00e9ciale qui garantit l&#039;adh\u00e9rence au sol  Plateau de jeu en verre verni vert et tremp\u00e9 de 5 mm qui n&#039;est pas affect\u00e9 par le soleil ou l&#039;humidit\u00e9.  Verre de protection sup\u00e9rieur incassable pour \u00e9viter d&#039;endommager le terrain de jeu ou le vol de balles et pour r\u00e9duire le bruit pendant le jeu  Tiges t\u00e9lescopiques en acier inoxydable diam. 18 mm avec poign\u00e9es en plastique dur.  Sp\u00e9cifications:   Poids net 52,3 Kgs.  Terrain de jeu 111cm x 70cm.  Dimensions Emballage 138cm x 80cm x 25cm  Dimensions construites 135cm x 110cm x 90cm.\" \/>\n<meta property=\"og:url\" content=\"https:\/\/theworldbilliards.com\/fr\/produit\/baby-foot-exterieur-roberto-sport-summer-cover-sans-monnayeur\/\" \/>\n<meta property=\"og:site_name\" content=\"The World Billiards\" \/>\n<meta property=\"article:publisher\" content=\"https:\/\/www.facebook.com\/baby.foot.superbes\" \/>\n<meta property=\"article:modified_time\" content=\"2024-01-15T11:28:45+00:00\" \/>\n<meta property=\"og:image\" content=\"https:\/\/theworldbilliards.com\/wp-content\/uploads\/2021\/10\/summerFreeCover.jpg\" \/>\n\t<meta property=\"og:image:width\" content=\"800\" \/>\n\t<meta property=\"og:image:height\" content=\"800\" \/>\n\t<meta property=\"og:image:type\" content=\"image\/jpeg\" \/>\n<meta name=\"twitter:card\" content=\"summary_large_image\" \/>\n<meta name=\"twitter:label1\" content=\"Dur\u00e9e de lecture estim\u00e9e\" \/>\n\t<meta name=\"twitter:data1\" content=\"1 minute\" \/>\n<script type=\"application\/ld+json\" class=\"yoast-schema-graph\">{\"@context\":\"https:\\\/\\\/schema.org\",\"@graph\":[{\"@type\":\"WebPage\",\"@id\":\"https:\\\/\\\/theworldbilliards.com\\\/fr\\\/produit\\\/baby-foot-exterieur-roberto-sport-summer-cover-sans-monnayeur\\\/\",\"url\":\"https:\\\/\\\/theworldbilliards.com\\\/fr\\\/produit\\\/baby-foot-exterieur-roberto-sport-summer-cover-sans-monnayeur\\\/\",\"name\":\"Acheter Baby Foot Ext\u00e9rieur Roberto Sport Summer Cover sans Monnayeur - The World Billiards\",\"isPartOf\":{\"@id\":\"https:\\\/\\\/theworldbilliards.com\\\/fr\\\/#website\"},\"primaryImageOfPage\":{\"@id\":\"https:\\\/\\\/theworldbilliards.com\\\/fr\\\/produit\\\/baby-foot-exterieur-roberto-sport-summer-cover-sans-monnayeur\\\/#primaryimage\"},\"image\":{\"@id\":\"https:\\\/\\\/theworldbilliards.com\\\/fr\\\/produit\\\/baby-foot-exterieur-roberto-sport-summer-cover-sans-monnayeur\\\/#primaryimage\"},\"thumbnailUrl\":\"https:\\\/\\\/theworldbilliards.com\\\/wp-content\\\/uploads\\\/2021\\\/10\\\/summerFreeCover-RobertoSport-1.webp\",\"datePublished\":\"2021-10-20T07:33:17+00:00\",\"dateModified\":\"2024-01-15T11:28:45+00:00\",\"description\":\"Structure monobloc en peuplier marin multicouche recouvert de plastique lamin\u00e9 10\\\/10. Un plateau en aluminium extrud\u00e9 anodis\u00e9 forme une barri\u00e8re de protection contre les infiltrations d'eau pr\u00e9servant la table de l'humidit\u00e9 et du soleil. Pieds en aluminium anodis\u00e9 Les pieds sont fabriqu\u00e9s dans une mati\u00e8re plastique souple sp\u00e9ciale qui garantit l'adh\u00e9rence au sol Plateau de jeu en verre verni vert et tremp\u00e9 de 5 mm qui n'est pas affect\u00e9 par le soleil ou l'humidit\u00e9. Verre de protection sup\u00e9rieur incassable pour \u00e9viter d'endommager le terrain de jeu ou le vol de balles et pour r\u00e9duire le bruit pendant le jeu Tiges t\u00e9lescopiques en acier inoxydable diam. 18 mm avec poign\u00e9es en plastique dur. Sp\u00e9cifications: Poids net 52,3 Kgs. Terrain de jeu 111cm x 70cm. Dimensions Emballage 138cm x 80cm x 25cm Dimensions construites 135cm x 110cm x 90cm.\",\"breadcrumb\":{\"@id\":\"https:\\\/\\\/theworldbilliards.com\\\/fr\\\/produit\\\/baby-foot-exterieur-roberto-sport-summer-cover-sans-monnayeur\\\/#breadcrumb\"},\"inLanguage\":\"fr-FR\",\"potentialAction\":[{\"@type\":\"ReadAction\",\"target\":[\"https:\\\/\\\/theworldbilliards.com\\\/fr\\\/produit\\\/baby-foot-exterieur-roberto-sport-summer-cover-sans-monnayeur\\\/\"]}]},{\"@type\":\"ImageObject\",\"inLanguage\":\"fr-FR\",\"@id\":\"https:\\\/\\\/theworldbilliards.com\\\/fr\\\/produit\\\/baby-foot-exterieur-roberto-sport-summer-cover-sans-monnayeur\\\/#primaryimage\",\"url\":\"https:\\\/\\\/theworldbilliards.com\\\/wp-content\\\/uploads\\\/2021\\\/10\\\/summerFreeCover-RobertoSport-1.webp\",\"contentUrl\":\"https:\\\/\\\/theworldbilliards.com\\\/wp-content\\\/uploads\\\/2021\\\/10\\\/summerFreeCover-RobertoSport-1.webp\",\"width\":410,\"height\":410},{\"@type\":\"BreadcrumbList\",\"@id\":\"https:\\\/\\\/theworldbilliards.com\\\/fr\\\/produit\\\/baby-foot-exterieur-roberto-sport-summer-cover-sans-monnayeur\\\/#breadcrumb\",\"itemListElement\":[{\"@type\":\"ListItem\",\"position\":1,\"name\":\"In\u00edcio\",\"item\":\"https:\\\/\\\/theworldbilliards.com\\\/fr\\\/\"},{\"@type\":\"ListItem\",\"position\":2,\"name\":\"Boutique en ligne\",\"item\":\"https:\\\/\\\/theworldbilliards.com\\\/fr\\\/boutique-theworldbilliards\\\/\"},{\"@type\":\"ListItem\",\"position\":3,\"name\":\"Baby Foot Ext\u00e9rieur Roberto Sport Summer Cover sans Monnayeur\"}]},{\"@type\":\"WebSite\",\"@id\":\"https:\\\/\\\/theworldbilliards.com\\\/fr\\\/#website\",\"url\":\"https:\\\/\\\/theworldbilliards.com\\\/fr\\\/\",\"name\":\"TheWorldBilliards\",\"description\":\"Achetez ici billard, baby-foot, ping-pong et bowling\",\"publisher\":{\"@id\":\"https:\\\/\\\/theworldbilliards.com\\\/fr\\\/#organization\"},\"alternateName\":\"The world billiards\",\"potentialAction\":[{\"@type\":\"SearchAction\",\"target\":{\"@type\":\"EntryPoint\",\"urlTemplate\":\"https:\\\/\\\/theworldbilliards.com\\\/fr\\\/?s={search_term_string}\"},\"query-input\":{\"@type\":\"PropertyValueSpecification\",\"valueRequired\":true,\"valueName\":\"search_term_string\"}}],\"inLanguage\":\"fr-FR\"},{\"@type\":\"Organization\",\"@id\":\"https:\\\/\\\/theworldbilliards.com\\\/fr\\\/#organization\",\"name\":\"The World Billiards\",\"alternateName\":\"The World Billiards\",\"url\":\"https:\\\/\\\/theworldbilliards.com\\\/fr\\\/\",\"logo\":{\"@type\":\"ImageObject\",\"inLanguage\":\"fr-FR\",\"@id\":\"https:\\\/\\\/theworldbilliards.com\\\/fr\\\/#\\\/schema\\\/logo\\\/image\\\/\",\"url\":\"\",\"contentUrl\":\"\",\"caption\":\"The World Billiards\"},\"image\":{\"@id\":\"https:\\\/\\\/theworldbilliards.com\\\/fr\\\/#\\\/schema\\\/logo\\\/image\\\/\"},\"sameAs\":[\"https:\\\/\\\/www.facebook.com\\\/baby.foot.superbes\",\"https:\\\/\\\/www.youtube.com\\\/channel\\\/UCIMuOVAaUcH6UpZcsZlH0Tg\",\"https:\\\/\\\/www.facebook.com\\\/people\\\/Brunswick-Billiards-EspaaPortugal\\\/100066446264309\\\/\",\"https:\\\/\\\/www.instagram.com\\\/the_world_billiards\\\/\",\"https:\\\/\\\/www.pinterest.es\\\/Theworldbilliards\\\/\"]}]}<\/script>\n<!-- \/ Yoast SEO plugin. -->","yoast_head_json":{"title":"Acheter Baby Foot Ext\u00e9rieur Roberto Sport Summer Cover sans Monnayeur - The World Billiards","description":"Structure monobloc en peuplier marin multicouche recouvert de plastique lamin\u00e9 10\/10.  Un plateau en aluminium extrud\u00e9 anodis\u00e9 forme une barri\u00e8re de protection contre les infiltrations d'eau pr\u00e9servant la table de l'humidit\u00e9 et du soleil.  Pieds en aluminium anodis\u00e9  Les pieds sont fabriqu\u00e9s dans une mati\u00e8re plastique souple sp\u00e9ciale qui garantit l'adh\u00e9rence au sol  Plateau de jeu en verre verni vert et tremp\u00e9 de 5 mm qui n'est pas affect\u00e9 par le soleil ou l'humidit\u00e9.  Verre de protection sup\u00e9rieur incassable pour \u00e9viter d'endommager le terrain de jeu ou le vol de balles et pour r\u00e9duire le bruit pendant le jeu  Tiges t\u00e9lescopiques en acier inoxydable diam. 18 mm avec poign\u00e9es en plastique dur.  Sp\u00e9cifications:   Poids net 52,3 Kgs.  Terrain de jeu 111cm x 70cm.  Dimensions Emballage 138cm x 80cm x 25cm  Dimensions construites 135cm x 110cm x 90cm.","robots":{"index":"index","follow":"follow","max-snippet":"max-snippet:-1","max-image-preview":"max-image-preview:large","max-video-preview":"max-video-preview:-1"},"canonical":"https:\/\/theworldbilliards.com\/fr\/produit\/baby-foot-exterieur-roberto-sport-summer-cover-sans-monnayeur\/","og_locale":"fr_FR","og_type":"article","og_title":"Acheter Baby Foot Ext\u00e9rieur Roberto Sport Summer Cover sans Monnayeur - The World Billiards","og_description":"Structure monobloc en peuplier marin multicouche recouvert de plastique lamin\u00e9 10\/10.  Un plateau en aluminium extrud\u00e9 anodis\u00e9 forme une barri\u00e8re de protection contre les infiltrations d'eau pr\u00e9servant la table de l'humidit\u00e9 et du soleil.  Pieds en aluminium anodis\u00e9  Les pieds sont fabriqu\u00e9s dans une mati\u00e8re plastique souple sp\u00e9ciale qui garantit l'adh\u00e9rence au sol  Plateau de jeu en verre verni vert et tremp\u00e9 de 5 mm qui n'est pas affect\u00e9 par le soleil ou l'humidit\u00e9.  Verre de protection sup\u00e9rieur incassable pour \u00e9viter d'endommager le terrain de jeu ou le vol de balles et pour r\u00e9duire le bruit pendant le jeu  Tiges t\u00e9lescopiques en acier inoxydable diam. 18 mm avec poign\u00e9es en plastique dur.  Sp\u00e9cifications:   Poids net 52,3 Kgs.  Terrain de jeu 111cm x 70cm.  Dimensions Emballage 138cm x 80cm x 25cm  Dimensions construites 135cm x 110cm x 90cm.","og_url":"https:\/\/theworldbilliards.com\/fr\/produit\/baby-foot-exterieur-roberto-sport-summer-cover-sans-monnayeur\/","og_site_name":"The World Billiards","article_publisher":"https:\/\/www.facebook.com\/baby.foot.superbes","article_modified_time":"2024-01-15T11:28:45+00:00","og_image":[{"width":800,"height":800,"url":"https:\/\/theworldbilliards.com\/wp-content\/uploads\/2021\/10\/summerFreeCover.jpg","type":"image\/jpeg"}],"twitter_card":"summary_large_image","twitter_misc":{"Dur\u00e9e de lecture estim\u00e9e":"1 minute"},"schema":{"@context":"https:\/\/schema.org","@graph":[{"@type":"WebPage","@id":"https:\/\/theworldbilliards.com\/fr\/produit\/baby-foot-exterieur-roberto-sport-summer-cover-sans-monnayeur\/","url":"https:\/\/theworldbilliards.com\/fr\/produit\/baby-foot-exterieur-roberto-sport-summer-cover-sans-monnayeur\/","name":"Acheter Baby Foot Ext\u00e9rieur Roberto Sport Summer Cover sans Monnayeur - The World Billiards","isPartOf":{"@id":"https:\/\/theworldbilliards.com\/fr\/#website"},"primaryImageOfPage":{"@id":"https:\/\/theworldbilliards.com\/fr\/produit\/baby-foot-exterieur-roberto-sport-summer-cover-sans-monnayeur\/#primaryimage"},"image":{"@id":"https:\/\/theworldbilliards.com\/fr\/produit\/baby-foot-exterieur-roberto-sport-summer-cover-sans-monnayeur\/#primaryimage"},"thumbnailUrl":"https:\/\/theworldbilliards.com\/wp-content\/uploads\/2021\/10\/summerFreeCover-RobertoSport-1.webp","datePublished":"2021-10-20T07:33:17+00:00","dateModified":"2024-01-15T11:28:45+00:00","description":"Structure monobloc en peuplier marin multicouche recouvert de plastique lamin\u00e9 10\/10. Un plateau en aluminium extrud\u00e9 anodis\u00e9 forme une barri\u00e8re de protection contre les infiltrations d'eau pr\u00e9servant la table de l'humidit\u00e9 et du soleil. Pieds en aluminium anodis\u00e9 Les pieds sont fabriqu\u00e9s dans une mati\u00e8re plastique souple sp\u00e9ciale qui garantit l'adh\u00e9rence au sol Plateau de jeu en verre verni vert et tremp\u00e9 de 5 mm qui n'est pas affect\u00e9 par le soleil ou l'humidit\u00e9. Verre de protection sup\u00e9rieur incassable pour \u00e9viter d'endommager le terrain de jeu ou le vol de balles et pour r\u00e9duire le bruit pendant le jeu Tiges t\u00e9lescopiques en acier inoxydable diam. 18 mm avec poign\u00e9es en plastique dur. Sp\u00e9cifications: Poids net 52,3 Kgs. Terrain de jeu 111cm x 70cm. Dimensions Emballage 138cm x 80cm x 25cm Dimensions construites 135cm x 110cm x 90cm.","breadcrumb":{"@id":"https:\/\/theworldbilliards.com\/fr\/produit\/baby-foot-exterieur-roberto-sport-summer-cover-sans-monnayeur\/#breadcrumb"},"inLanguage":"fr-FR","potentialAction":[{"@type":"ReadAction","target":["https:\/\/theworldbilliards.com\/fr\/produit\/baby-foot-exterieur-roberto-sport-summer-cover-sans-monnayeur\/"]}]},{"@type":"ImageObject","inLanguage":"fr-FR","@id":"https:\/\/theworldbilliards.com\/fr\/produit\/baby-foot-exterieur-roberto-sport-summer-cover-sans-monnayeur\/#primaryimage","url":"https:\/\/theworldbilliards.com\/wp-content\/uploads\/2021\/10\/summerFreeCover-RobertoSport-1.webp","contentUrl":"https:\/\/theworldbilliards.com\/wp-content\/uploads\/2021\/10\/summerFreeCover-RobertoSport-1.webp","width":410,"height":410},{"@type":"BreadcrumbList","@id":"https:\/\/theworldbilliards.com\/fr\/produit\/baby-foot-exterieur-roberto-sport-summer-cover-sans-monnayeur\/#breadcrumb","itemListElement":[{"@type":"ListItem","position":1,"name":"In\u00edcio","item":"https:\/\/theworldbilliards.com\/fr\/"},{"@type":"ListItem","position":2,"name":"Boutique en ligne","item":"https:\/\/theworldbilliards.com\/fr\/boutique-theworldbilliards\/"},{"@type":"ListItem","position":3,"name":"Baby Foot Ext\u00e9rieur Roberto Sport Summer Cover sans Monnayeur"}]},{"@type":"WebSite","@id":"https:\/\/theworldbilliards.com\/fr\/#website","url":"https:\/\/theworldbilliards.com\/fr\/","name":"TheWorldBilliards","description":"Achetez ici billard, baby-foot, ping-pong et bowling","publisher":{"@id":"https:\/\/theworldbilliards.com\/fr\/#organization"},"alternateName":"The world billiards","potentialAction":[{"@type":"SearchAction","target":{"@type":"EntryPoint","urlTemplate":"https:\/\/theworldbilliards.com\/fr\/?s={search_term_string}"},"query-input":{"@type":"PropertyValueSpecification","valueRequired":true,"valueName":"search_term_string"}}],"inLanguage":"fr-FR"},{"@type":"Organization","@id":"https:\/\/theworldbilliards.com\/fr\/#organization","name":"The World Billiards","alternateName":"The World Billiards","url":"https:\/\/theworldbilliards.com\/fr\/","logo":{"@type":"ImageObject","inLanguage":"fr-FR","@id":"https:\/\/theworldbilliards.com\/fr\/#\/schema\/logo\/image\/","url":"","contentUrl":"","caption":"The World Billiards"},"image":{"@id":"https:\/\/theworldbilliards.com\/fr\/#\/schema\/logo\/image\/"},"sameAs":["https:\/\/www.facebook.com\/baby.foot.superbes","https:\/\/www.youtube.com\/channel\/UCIMuOVAaUcH6UpZcsZlH0Tg","https:\/\/www.facebook.com\/people\/Brunswick-Billiards-EspaaPortugal\/100066446264309\/","https:\/\/www.instagram.com\/the_world_billiards\/","https:\/\/www.pinterest.es\/Theworldbilliards\/"]}]}},"_links":{"self":[{"href":"https:\/\/theworldbilliards.com\/fr\/wp-json\/wp\/v2\/product\/85604","targetHints":{"allow":["GET"]}}],"collection":[{"href":"https:\/\/theworldbilliards.com\/fr\/wp-json\/wp\/v2\/product"}],"about":[{"href":"https:\/\/theworldbilliards.com\/fr\/wp-json\/wp\/v2\/types\/product"}],"wp:featuredmedia":[{"embeddable":true,"href":"https:\/\/theworldbilliards.com\/fr\/wp-json\/wp\/v2\/media\/107079"}],"wp:attachment":[{"href":"https:\/\/theworldbilliards.com\/fr\/wp-json\/wp\/v2\/media?parent=85604"}],"wp:term":[{"taxonomy":"product_brand","embeddable":true,"href":"https:\/\/theworldbilliards.com\/fr\/wp-json\/wp\/v2\/product_brand?post=85604"},{"taxonomy":"product_cat","embeddable":true,"href":"https:\/\/theworldbilliards.com\/fr\/wp-json\/wp\/v2\/product_cat?post=85604"},{"taxonomy":"product_tag","embeddable":true,"href":"https:\/\/theworldbilliards.com\/fr\/wp-json\/wp\/v2\/product_tag?post=85604"}],"curies":[{"name":"wp","href":"https:\/\/api.w.org\/{rel}","templated":true}]}}