{"id":85702,"date":"2021-11-16T12:47:10","date_gmt":"2021-11-16T11:47:10","guid":{"rendered":"https:\/\/theworldbilliards.com\/?post_type=product&#038;p=85702"},"modified":"2025-12-29T19:44:45","modified_gmt":"2025-12-29T18:44:45","slug":"lubrifiant-special-pour-baby-foot-xl","status":"publish","type":"product","link":"https:\/\/theworldbilliards.com\/fr\/produit\/lubrifiant-special-pour-baby-foot-xl\/","title":{"rendered":"Lubrifiant special pour baby foot"},"content":{"rendered":"<p>Voici le Lubricant pour le baby-foot, un produit sp\u00e9cialis\u00e9, con\u00e7u pour assurer un glissement en douceur des barres et une exp\u00e9rience de jeu am\u00e9lior\u00e9e.<\/p>\n<p>Sa formule avanc\u00e9e offre une lubrification longue dur\u00e9e, favorisant un jeu pr\u00e9cis et sans frottement.<\/p>\n<p>Appliquez-le facilement pour que votre baby-foot fonctionne de mani\u00e8re optimale. Jouez de mani\u00e8re fluide, jouez avec XL.<\/p>\n<div class=\"ast-oembed-container \" style=\"height: 100%;\"><iframe loading=\"lazy\" title=\"Tutorial Lubricar Futbolin - Lubrificar Matraquilho - Lubrifier Babyfoot - Lubriby Foosball\" width=\"500\" height=\"281\" src=\"https:\/\/www.youtube.com\/embed\/mIyv7r3__NA?start=1&#038;feature=oembed\" frameborder=\"0\" allow=\"accelerometer; autoplay; clipboard-write; encrypted-media; gyroscope; picture-in-picture; web-share\" referrerpolicy=\"strict-origin-when-cross-origin\" allowfullscreen><\/iframe><\/div>\n","protected":false},"excerpt":{"rendered":"<p>Voici le Lubricant pour le baby-foot, un produit sp\u00e9cialis\u00e9, con\u00e7u pour assurer un glissement en douceur des barres et une [&hellip;]<\/p>\n","protected":false},"featured_media":109909,"template":"","meta":{"site-sidebar-layout":"default","site-content-layout":"","ast-site-content-layout":"default","site-content-style":"default","site-sidebar-style":"default","ast-global-header-display":"","ast-banner-title-visibility":"","ast-main-header-display":"","ast-hfb-above-header-display":"","ast-hfb-below-header-display":"","ast-hfb-mobile-header-display":"","site-post-title":"","ast-breadcrumbs-content":"","ast-featured-img":"","footer-sml-layout":"","ast-disable-related-posts":"","theme-transparent-header-meta":"default","adv-header-id-meta":"","stick-header-meta":"","header-above-stick-meta":"","header-main-stick-meta":"","header-below-stick-meta":"","astra-migrate-meta-layouts":"set","ast-page-background-enabled":"default","ast-page-background-meta":{"desktop":{"background-color":"var(--ast-global-color-4)","background-image":"","background-repeat":"repeat","background-position":"center center","background-size":"auto","background-attachment":"scroll","background-type":"","background-media":"","overlay-type":"","overlay-color":"","overlay-opacity":"","overlay-gradient":""},"tablet":{"background-color":"","background-image":"","background-repeat":"repeat","background-position":"center center","background-size":"auto","background-attachment":"scroll","background-type":"","background-media":"","overlay-type":"","overlay-color":"","overlay-opacity":"","overlay-gradient":""},"mobile":{"background-color":"","background-image":"","background-repeat":"repeat","background-position":"center center","background-size":"auto","background-attachment":"scroll","background-type":"","background-media":"","overlay-type":"","overlay-color":"","overlay-opacity":"","overlay-gradient":""}},"ast-content-background-meta":{"desktop":{"background-color":"var(--ast-global-color-5)","background-image":"","background-repeat":"repeat","background-position":"center center","background-size":"auto","background-attachment":"scroll","background-type":"","background-media":"","overlay-type":"","overlay-color":"","overlay-opacity":"","overlay-gradient":""},"tablet":{"background-color":"var(--ast-global-color-5)","background-image":"","background-repeat":"repeat","background-position":"center center","background-size":"auto","background-attachment":"scroll","background-type":"","background-media":"","overlay-type":"","overlay-color":"","overlay-opacity":"","overlay-gradient":""},"mobile":{"background-color":"var(--ast-global-color-5)","background-image":"","background-repeat":"repeat","background-position":"center center","background-size":"auto","background-attachment":"scroll","background-type":"","background-media":"","overlay-type":"","overlay-color":"","overlay-opacity":"","overlay-gradient":""}}},"product_brand":[],"product_cat":[1419],"product_tag":[],"class_list":{"0":"post-85702","1":"product","2":"type-product","3":"status-publish","4":"has-post-thumbnail","6":"product_cat-accessoires-baby-foot","7":"product_shipping_class-accessoires","8":"desktop-align-center","9":"tablet-align-left","10":"mobile-align-left","12":"first","13":"instock","14":"taxable","15":"shipping-taxable","16":"purchasable","17":"product-type-simple"},"yoast_head":"<!-- This site is optimized with the Yoast SEO plugin v27.4 - https:\/\/yoast.com\/product\/yoast-seo-wordpress\/ -->\n<title>Acheter Lubrifiant special pour baby foot - The World Billiards<\/title>\n<meta name=\"description\" content=\"Voici le Lubricant pour le baby-foot, un produit sp\u00e9cialis\u00e9, con\u00e7u pour assurer un glissement en douceur des barres et une exp\u00e9rience de jeu am\u00e9lior\u00e9e.  Sa formule avanc\u00e9e offre une lubrification longue dur\u00e9e, favorisant un jeu pr\u00e9cis et sans frottement.  Appliquez-le facilement pour que votre baby-foot fonctionne de mani\u00e8re optimale. Jouez de mani\u00e8re fluide, jouez avec XL.\" \/>\n<meta name=\"robots\" content=\"index, follow, max-snippet:-1, max-image-preview:large, max-video-preview:-1\" \/>\n<link rel=\"canonical\" href=\"https:\/\/theworldbilliards.com\/fr\/produit\/lubrifiant-special-pour-baby-foot-xl\/\" \/>\n<meta property=\"og:locale\" content=\"fr_FR\" \/>\n<meta property=\"og:type\" content=\"article\" \/>\n<meta property=\"og:title\" content=\"Acheter Lubrifiant special pour baby foot - The World Billiards\" \/>\n<meta property=\"og:description\" content=\"Voici le Lubricant pour le baby-foot, un produit sp\u00e9cialis\u00e9, con\u00e7u pour assurer un glissement en douceur des barres et une exp\u00e9rience de jeu am\u00e9lior\u00e9e.  Sa formule avanc\u00e9e offre une lubrification longue dur\u00e9e, favorisant un jeu pr\u00e9cis et sans frottement.  Appliquez-le facilement pour que votre baby-foot fonctionne de mani\u00e8re optimale. Jouez de mani\u00e8re fluide, jouez avec XL.\" \/>\n<meta property=\"og:url\" content=\"https:\/\/theworldbilliards.com\/fr\/produit\/lubrifiant-special-pour-baby-foot-xl\/\" \/>\n<meta property=\"og:site_name\" content=\"The World Billiards\" \/>\n<meta property=\"article:publisher\" content=\"https:\/\/www.facebook.com\/baby.foot.superbes\" \/>\n<meta property=\"article:modified_time\" content=\"2025-12-29T18:44:45+00:00\" \/>\n<meta property=\"og:image\" content=\"https:\/\/theworldbilliards.com\/wp-content\/uploads\/2021\/11\/lubrificante.jpeg\" \/>\n\t<meta property=\"og:image:width\" content=\"2000\" \/>\n\t<meta property=\"og:image:height\" content=\"2000\" \/>\n\t<meta property=\"og:image:type\" content=\"image\/jpeg\" \/>\n<meta name=\"twitter:card\" content=\"summary_large_image\" \/>\n<meta name=\"twitter:label1\" content=\"Dur\u00e9e de lecture estim\u00e9e\" \/>\n\t<meta name=\"twitter:data1\" content=\"1 minute\" \/>\n<script type=\"application\/ld+json\" class=\"yoast-schema-graph\">{\"@context\":\"https:\\\/\\\/schema.org\",\"@graph\":[{\"@type\":\"WebPage\",\"@id\":\"https:\\\/\\\/theworldbilliards.com\\\/fr\\\/produit\\\/lubrifiant-special-pour-baby-foot-xl\\\/\",\"url\":\"https:\\\/\\\/theworldbilliards.com\\\/fr\\\/produit\\\/lubrifiant-special-pour-baby-foot-xl\\\/\",\"name\":\"Acheter Lubrifiant special pour baby foot - The World Billiards\",\"isPartOf\":{\"@id\":\"https:\\\/\\\/theworldbilliards.com\\\/fr\\\/#website\"},\"primaryImageOfPage\":{\"@id\":\"https:\\\/\\\/theworldbilliards.com\\\/fr\\\/produit\\\/lubrifiant-special-pour-baby-foot-xl\\\/#primaryimage\"},\"image\":{\"@id\":\"https:\\\/\\\/theworldbilliards.com\\\/fr\\\/produit\\\/lubrifiant-special-pour-baby-foot-xl\\\/#primaryimage\"},\"thumbnailUrl\":\"https:\\\/\\\/theworldbilliards.com\\\/wp-content\\\/uploads\\\/2021\\\/11\\\/lubrificante.jpeg\",\"datePublished\":\"2021-11-16T11:47:10+00:00\",\"dateModified\":\"2025-12-29T18:44:45+00:00\",\"description\":\"Voici le Lubricant pour le baby-foot, un produit sp\u00e9cialis\u00e9, con\u00e7u pour assurer un glissement en douceur des barres et une exp\u00e9rience de jeu am\u00e9lior\u00e9e. Sa formule avanc\u00e9e offre une lubrification longue dur\u00e9e, favorisant un jeu pr\u00e9cis et sans frottement. Appliquez-le facilement pour que votre baby-foot fonctionne de mani\u00e8re optimale. Jouez de mani\u00e8re fluide, jouez avec XL.\",\"breadcrumb\":{\"@id\":\"https:\\\/\\\/theworldbilliards.com\\\/fr\\\/produit\\\/lubrifiant-special-pour-baby-foot-xl\\\/#breadcrumb\"},\"inLanguage\":\"fr-FR\",\"potentialAction\":[{\"@type\":\"ReadAction\",\"target\":[\"https:\\\/\\\/theworldbilliards.com\\\/fr\\\/produit\\\/lubrifiant-special-pour-baby-foot-xl\\\/\"]}]},{\"@type\":\"ImageObject\",\"inLanguage\":\"fr-FR\",\"@id\":\"https:\\\/\\\/theworldbilliards.com\\\/fr\\\/produit\\\/lubrifiant-special-pour-baby-foot-xl\\\/#primaryimage\",\"url\":\"https:\\\/\\\/theworldbilliards.com\\\/wp-content\\\/uploads\\\/2021\\\/11\\\/lubrificante.jpeg\",\"contentUrl\":\"https:\\\/\\\/theworldbilliards.com\\\/wp-content\\\/uploads\\\/2021\\\/11\\\/lubrificante.jpeg\",\"width\":2000,\"height\":2000},{\"@type\":\"BreadcrumbList\",\"@id\":\"https:\\\/\\\/theworldbilliards.com\\\/fr\\\/produit\\\/lubrifiant-special-pour-baby-foot-xl\\\/#breadcrumb\",\"itemListElement\":[{\"@type\":\"ListItem\",\"position\":1,\"name\":\"In\u00edcio\",\"item\":\"https:\\\/\\\/theworldbilliards.com\\\/fr\\\/\"},{\"@type\":\"ListItem\",\"position\":2,\"name\":\"Boutique en ligne\",\"item\":\"https:\\\/\\\/theworldbilliards.com\\\/fr\\\/boutique-theworldbilliards\\\/\"},{\"@type\":\"ListItem\",\"position\":3,\"name\":\"Lubrifiant special pour baby foot\"}]},{\"@type\":\"WebSite\",\"@id\":\"https:\\\/\\\/theworldbilliards.com\\\/fr\\\/#website\",\"url\":\"https:\\\/\\\/theworldbilliards.com\\\/fr\\\/\",\"name\":\"TheWorldBilliards\",\"description\":\"Achetez ici billard, baby-foot, ping-pong et bowling\",\"publisher\":{\"@id\":\"https:\\\/\\\/theworldbilliards.com\\\/fr\\\/#organization\"},\"alternateName\":\"The world billiards\",\"potentialAction\":[{\"@type\":\"SearchAction\",\"target\":{\"@type\":\"EntryPoint\",\"urlTemplate\":\"https:\\\/\\\/theworldbilliards.com\\\/fr\\\/?s={search_term_string}\"},\"query-input\":{\"@type\":\"PropertyValueSpecification\",\"valueRequired\":true,\"valueName\":\"search_term_string\"}}],\"inLanguage\":\"fr-FR\"},{\"@type\":\"Organization\",\"@id\":\"https:\\\/\\\/theworldbilliards.com\\\/fr\\\/#organization\",\"name\":\"The World Billiards\",\"alternateName\":\"The World Billiards\",\"url\":\"https:\\\/\\\/theworldbilliards.com\\\/fr\\\/\",\"logo\":{\"@type\":\"ImageObject\",\"inLanguage\":\"fr-FR\",\"@id\":\"https:\\\/\\\/theworldbilliards.com\\\/fr\\\/#\\\/schema\\\/logo\\\/image\\\/\",\"url\":\"\",\"contentUrl\":\"\",\"caption\":\"The World Billiards\"},\"image\":{\"@id\":\"https:\\\/\\\/theworldbilliards.com\\\/fr\\\/#\\\/schema\\\/logo\\\/image\\\/\"},\"sameAs\":[\"https:\\\/\\\/www.facebook.com\\\/baby.foot.superbes\",\"https:\\\/\\\/www.youtube.com\\\/channel\\\/UCIMuOVAaUcH6UpZcsZlH0Tg\",\"https:\\\/\\\/www.facebook.com\\\/people\\\/Brunswick-Billiards-EspaaPortugal\\\/100066446264309\\\/\",\"https:\\\/\\\/www.instagram.com\\\/the_world_billiards\\\/\",\"https:\\\/\\\/www.pinterest.es\\\/Theworldbilliards\\\/\"]}]}<\/script>\n<!-- \/ Yoast SEO plugin. -->","yoast_head_json":{"title":"Acheter Lubrifiant special pour baby foot - The World Billiards","description":"Voici le Lubricant pour le baby-foot, un produit sp\u00e9cialis\u00e9, con\u00e7u pour assurer un glissement en douceur des barres et une exp\u00e9rience de jeu am\u00e9lior\u00e9e.  Sa formule avanc\u00e9e offre une lubrification longue dur\u00e9e, favorisant un jeu pr\u00e9cis et sans frottement.  Appliquez-le facilement pour que votre baby-foot fonctionne de mani\u00e8re optimale. Jouez de mani\u00e8re fluide, jouez avec XL.","robots":{"index":"index","follow":"follow","max-snippet":"max-snippet:-1","max-image-preview":"max-image-preview:large","max-video-preview":"max-video-preview:-1"},"canonical":"https:\/\/theworldbilliards.com\/fr\/produit\/lubrifiant-special-pour-baby-foot-xl\/","og_locale":"fr_FR","og_type":"article","og_title":"Acheter Lubrifiant special pour baby foot - The World Billiards","og_description":"Voici le Lubricant pour le baby-foot, un produit sp\u00e9cialis\u00e9, con\u00e7u pour assurer un glissement en douceur des barres et une exp\u00e9rience de jeu am\u00e9lior\u00e9e.  Sa formule avanc\u00e9e offre une lubrification longue dur\u00e9e, favorisant un jeu pr\u00e9cis et sans frottement.  Appliquez-le facilement pour que votre baby-foot fonctionne de mani\u00e8re optimale. Jouez de mani\u00e8re fluide, jouez avec XL.","og_url":"https:\/\/theworldbilliards.com\/fr\/produit\/lubrifiant-special-pour-baby-foot-xl\/","og_site_name":"The World Billiards","article_publisher":"https:\/\/www.facebook.com\/baby.foot.superbes","article_modified_time":"2025-12-29T18:44:45+00:00","og_image":[{"width":2000,"height":2000,"url":"https:\/\/theworldbilliards.com\/wp-content\/uploads\/2021\/11\/lubrificante.jpeg","type":"image\/jpeg"}],"twitter_card":"summary_large_image","twitter_misc":{"Dur\u00e9e de lecture estim\u00e9e":"1 minute"},"schema":{"@context":"https:\/\/schema.org","@graph":[{"@type":"WebPage","@id":"https:\/\/theworldbilliards.com\/fr\/produit\/lubrifiant-special-pour-baby-foot-xl\/","url":"https:\/\/theworldbilliards.com\/fr\/produit\/lubrifiant-special-pour-baby-foot-xl\/","name":"Acheter Lubrifiant special pour baby foot - The World Billiards","isPartOf":{"@id":"https:\/\/theworldbilliards.com\/fr\/#website"},"primaryImageOfPage":{"@id":"https:\/\/theworldbilliards.com\/fr\/produit\/lubrifiant-special-pour-baby-foot-xl\/#primaryimage"},"image":{"@id":"https:\/\/theworldbilliards.com\/fr\/produit\/lubrifiant-special-pour-baby-foot-xl\/#primaryimage"},"thumbnailUrl":"https:\/\/theworldbilliards.com\/wp-content\/uploads\/2021\/11\/lubrificante.jpeg","datePublished":"2021-11-16T11:47:10+00:00","dateModified":"2025-12-29T18:44:45+00:00","description":"Voici le Lubricant pour le baby-foot, un produit sp\u00e9cialis\u00e9, con\u00e7u pour assurer un glissement en douceur des barres et une exp\u00e9rience de jeu am\u00e9lior\u00e9e. Sa formule avanc\u00e9e offre une lubrification longue dur\u00e9e, favorisant un jeu pr\u00e9cis et sans frottement. Appliquez-le facilement pour que votre baby-foot fonctionne de mani\u00e8re optimale. Jouez de mani\u00e8re fluide, jouez avec XL.","breadcrumb":{"@id":"https:\/\/theworldbilliards.com\/fr\/produit\/lubrifiant-special-pour-baby-foot-xl\/#breadcrumb"},"inLanguage":"fr-FR","potentialAction":[{"@type":"ReadAction","target":["https:\/\/theworldbilliards.com\/fr\/produit\/lubrifiant-special-pour-baby-foot-xl\/"]}]},{"@type":"ImageObject","inLanguage":"fr-FR","@id":"https:\/\/theworldbilliards.com\/fr\/produit\/lubrifiant-special-pour-baby-foot-xl\/#primaryimage","url":"https:\/\/theworldbilliards.com\/wp-content\/uploads\/2021\/11\/lubrificante.jpeg","contentUrl":"https:\/\/theworldbilliards.com\/wp-content\/uploads\/2021\/11\/lubrificante.jpeg","width":2000,"height":2000},{"@type":"BreadcrumbList","@id":"https:\/\/theworldbilliards.com\/fr\/produit\/lubrifiant-special-pour-baby-foot-xl\/#breadcrumb","itemListElement":[{"@type":"ListItem","position":1,"name":"In\u00edcio","item":"https:\/\/theworldbilliards.com\/fr\/"},{"@type":"ListItem","position":2,"name":"Boutique en ligne","item":"https:\/\/theworldbilliards.com\/fr\/boutique-theworldbilliards\/"},{"@type":"ListItem","position":3,"name":"Lubrifiant special pour baby foot"}]},{"@type":"WebSite","@id":"https:\/\/theworldbilliards.com\/fr\/#website","url":"https:\/\/theworldbilliards.com\/fr\/","name":"TheWorldBilliards","description":"Achetez ici billard, baby-foot, ping-pong et bowling","publisher":{"@id":"https:\/\/theworldbilliards.com\/fr\/#organization"},"alternateName":"The world billiards","potentialAction":[{"@type":"SearchAction","target":{"@type":"EntryPoint","urlTemplate":"https:\/\/theworldbilliards.com\/fr\/?s={search_term_string}"},"query-input":{"@type":"PropertyValueSpecification","valueRequired":true,"valueName":"search_term_string"}}],"inLanguage":"fr-FR"},{"@type":"Organization","@id":"https:\/\/theworldbilliards.com\/fr\/#organization","name":"The World Billiards","alternateName":"The World Billiards","url":"https:\/\/theworldbilliards.com\/fr\/","logo":{"@type":"ImageObject","inLanguage":"fr-FR","@id":"https:\/\/theworldbilliards.com\/fr\/#\/schema\/logo\/image\/","url":"","contentUrl":"","caption":"The World Billiards"},"image":{"@id":"https:\/\/theworldbilliards.com\/fr\/#\/schema\/logo\/image\/"},"sameAs":["https:\/\/www.facebook.com\/baby.foot.superbes","https:\/\/www.youtube.com\/channel\/UCIMuOVAaUcH6UpZcsZlH0Tg","https:\/\/www.facebook.com\/people\/Brunswick-Billiards-EspaaPortugal\/100066446264309\/","https:\/\/www.instagram.com\/the_world_billiards\/","https:\/\/www.pinterest.es\/Theworldbilliards\/"]}]}},"_links":{"self":[{"href":"https:\/\/theworldbilliards.com\/fr\/wp-json\/wp\/v2\/product\/85702","targetHints":{"allow":["GET"]}}],"collection":[{"href":"https:\/\/theworldbilliards.com\/fr\/wp-json\/wp\/v2\/product"}],"about":[{"href":"https:\/\/theworldbilliards.com\/fr\/wp-json\/wp\/v2\/types\/product"}],"wp:featuredmedia":[{"embeddable":true,"href":"https:\/\/theworldbilliards.com\/fr\/wp-json\/wp\/v2\/media\/109909"}],"wp:attachment":[{"href":"https:\/\/theworldbilliards.com\/fr\/wp-json\/wp\/v2\/media?parent=85702"}],"wp:term":[{"taxonomy":"product_brand","embeddable":true,"href":"https:\/\/theworldbilliards.com\/fr\/wp-json\/wp\/v2\/product_brand?post=85702"},{"taxonomy":"product_cat","embeddable":true,"href":"https:\/\/theworldbilliards.com\/fr\/wp-json\/wp\/v2\/product_cat?post=85702"},{"taxonomy":"product_tag","embeddable":true,"href":"https:\/\/theworldbilliards.com\/fr\/wp-json\/wp\/v2\/product_tag?post=85702"}],"curies":[{"name":"wp","href":"https:\/\/api.w.org\/{rel}","templated":true}]}}