{"id":87026,"date":"2022-04-06T12:41:05","date_gmt":"2022-04-06T10:41:05","guid":{"rendered":"https:\/\/theworldbilliards.com\/?post_type=product&#038;p=87026"},"modified":"2025-12-03T12:52:12","modified_gmt":"2025-12-03T11:52:12","slug":"table-tennis-de-table-basic","status":"publish","type":"product","link":"https:\/\/theworldbilliards.com\/fr\/produit\/table-tennis-de-table-basic\/","title":{"rendered":"Table Tennis de table Basic"},"content":{"rendered":"<p>La table de ping-pong mod\u00e8le Basic est une table d&rsquo;int\u00e9rieur solide avec un plateau bleu.<br \/>\nIl est pliable et est livr\u00e9 avec 4 roues doubles, ce qui facilite le rangement de la table.<br \/>\nLa table a la capacit\u00e9 de se plier en deux pour pouvoir \u00eatre utilis\u00e9e dans une position d&rsquo;auto-entra\u00eenement ; pour pratiquer et perfectionner vos comp\u00e9tences.<br \/>\nLivr\u00e9 sans accessoires.<\/p>\n<p>Caract\u00e9ristiques<br \/>\n\u2022 Format de comp\u00e9tition<br \/>\n\u2022 Ch\u00e2ssis compact (pour \u00e9conomiser de l&rsquo;espace)<br \/>\n\u2022 Profil tubulaire de 25\u00a0mm<br \/>\n\u2022 pliable et portable<br \/>\n\u2022 Mode d&rsquo;autoformation disponible<br \/>\n\u2022\u00a0Dimensions\u00a0: 274\u00a0x\u00a0152,5\u00a0x\u00a076\u00a0cm (LBH)<br \/>\n\u2022 Poids\u00a0: 70\u00a0kg<br \/>\n\u2022 Couleur bleu<\/p>\n","protected":false},"excerpt":{"rendered":"<p>La table de ping-pong mod\u00e8le Basic est une table d&rsquo;int\u00e9rieur solide avec un plateau bleu. Il est pliable et est [&hellip;]<\/p>\n","protected":false},"featured_media":87029,"template":"","meta":{"site-sidebar-layout":"default","site-content-layout":"","ast-site-content-layout":"default","site-content-style":"default","site-sidebar-style":"default","ast-global-header-display":"","ast-banner-title-visibility":"","ast-main-header-display":"","ast-hfb-above-header-display":"","ast-hfb-below-header-display":"","ast-hfb-mobile-header-display":"","site-post-title":"","ast-breadcrumbs-content":"","ast-featured-img":"","footer-sml-layout":"","ast-disable-related-posts":"","theme-transparent-header-meta":"default","adv-header-id-meta":"","stick-header-meta":"","header-above-stick-meta":"","header-main-stick-meta":"","header-below-stick-meta":"","astra-migrate-meta-layouts":"default","ast-page-background-enabled":"default","ast-page-background-meta":{"desktop":{"background-color":"var(--ast-global-color-4)","background-image":"","background-repeat":"repeat","background-position":"center center","background-size":"auto","background-attachment":"scroll","background-type":"","background-media":"","overlay-type":"","overlay-color":"","overlay-opacity":"","overlay-gradient":""},"tablet":{"background-color":"","background-image":"","background-repeat":"repeat","background-position":"center center","background-size":"auto","background-attachment":"scroll","background-type":"","background-media":"","overlay-type":"","overlay-color":"","overlay-opacity":"","overlay-gradient":""},"mobile":{"background-color":"","background-image":"","background-repeat":"repeat","background-position":"center center","background-size":"auto","background-attachment":"scroll","background-type":"","background-media":"","overlay-type":"","overlay-color":"","overlay-opacity":"","overlay-gradient":""}},"ast-content-background-meta":{"desktop":{"background-color":"var(--ast-global-color-5)","background-image":"","background-repeat":"repeat","background-position":"center center","background-size":"auto","background-attachment":"scroll","background-type":"","background-media":"","overlay-type":"","overlay-color":"","overlay-opacity":"","overlay-gradient":""},"tablet":{"background-color":"var(--ast-global-color-5)","background-image":"","background-repeat":"repeat","background-position":"center center","background-size":"auto","background-attachment":"scroll","background-type":"","background-media":"","overlay-type":"","overlay-color":"","overlay-opacity":"","overlay-gradient":""},"mobile":{"background-color":"var(--ast-global-color-5)","background-image":"","background-repeat":"repeat","background-position":"center center","background-size":"auto","background-attachment":"scroll","background-type":"","background-media":"","overlay-type":"","overlay-color":"","overlay-opacity":"","overlay-gradient":""}}},"product_brand":[],"product_cat":[5304],"product_tag":[],"class_list":{"0":"post-87026","1":"product","2":"type-product","3":"status-publish","4":"has-post-thumbnail","6":"product_cat-table-de-ping-pong","7":"product_shipping_class-tennis-de-table","8":"desktop-align-center","9":"tablet-align-left","10":"mobile-align-left","12":"first","13":"instock","14":"taxable","15":"shipping-taxable","16":"purchasable","17":"product-type-simple"},"yoast_head":"<!-- This site is optimized with the Yoast SEO plugin v27.4 - https:\/\/yoast.com\/product\/yoast-seo-wordpress\/ -->\n<title>Acheter Table Tennis de table Basic - The World Billiards<\/title>\n<meta name=\"description\" content=\"La table de ping-pong mod\u00e8le Basic est une table d&#039;int\u00e9rieur solide avec un plateau bleu. Il est pliable et est livr\u00e9 avec 4 roues doubles, ce qui facilite le rangement de la table. La table a la capacit\u00e9 de se plier en deux pour pouvoir \u00eatre utilis\u00e9e dans une position d&#039;auto-entra\u00eenement ; pour pratiquer et perfectionner vos comp\u00e9tences. Livr\u00e9 sans accessoires.  Caract\u00e9ristiques \u2022 Format de comp\u00e9tition \u2022 Ch\u00e2ssis compact (pour \u00e9conomiser de l&#039;espace) \u2022 Profil tubulaire de 25\u00a0mm \u2022 pliable et portable \u2022 Mode d&#039;autoformation disponible \u2022\u00a0Dimensions\u00a0: 274\u00a0x\u00a0152,5\u00a0x\u00a076\u00a0cm (LBH) \u2022 Poids\u00a0: 70\u00a0kg \u2022 Couleur bleu\" \/>\n<meta name=\"robots\" content=\"index, follow, max-snippet:-1, max-image-preview:large, max-video-preview:-1\" \/>\n<link rel=\"canonical\" href=\"https:\/\/theworldbilliards.com\/fr\/produit\/table-tennis-de-table-basic\/\" \/>\n<meta property=\"og:locale\" content=\"fr_FR\" \/>\n<meta property=\"og:type\" content=\"article\" \/>\n<meta property=\"og:title\" content=\"Acheter Table Tennis de table Basic - The World Billiards\" \/>\n<meta property=\"og:description\" content=\"La table de ping-pong mod\u00e8le Basic est une table d&#039;int\u00e9rieur solide avec un plateau bleu. Il est pliable et est livr\u00e9 avec 4 roues doubles, ce qui facilite le rangement de la table. La table a la capacit\u00e9 de se plier en deux pour pouvoir \u00eatre utilis\u00e9e dans une position d&#039;auto-entra\u00eenement ; pour pratiquer et perfectionner vos comp\u00e9tences. Livr\u00e9 sans accessoires.  Caract\u00e9ristiques \u2022 Format de comp\u00e9tition \u2022 Ch\u00e2ssis compact (pour \u00e9conomiser de l&#039;espace) \u2022 Profil tubulaire de 25\u00a0mm \u2022 pliable et portable \u2022 Mode d&#039;autoformation disponible \u2022\u00a0Dimensions\u00a0: 274\u00a0x\u00a0152,5\u00a0x\u00a076\u00a0cm (LBH) \u2022 Poids\u00a0: 70\u00a0kg \u2022 Couleur bleu\" \/>\n<meta property=\"og:url\" content=\"https:\/\/theworldbilliards.com\/fr\/produit\/table-tennis-de-table-basic\/\" \/>\n<meta property=\"og:site_name\" content=\"The World Billiards\" \/>\n<meta property=\"article:publisher\" content=\"https:\/\/www.facebook.com\/baby.foot.superbes\" \/>\n<meta property=\"article:modified_time\" content=\"2025-12-03T11:52:12+00:00\" \/>\n<meta property=\"og:image\" content=\"https:\/\/theworldbilliards.com\/wp-content\/uploads\/2022\/04\/tenis-ping-pong-basic2.jpg\" \/>\n\t<meta property=\"og:image:width\" content=\"700\" \/>\n\t<meta property=\"og:image:height\" content=\"700\" \/>\n\t<meta property=\"og:image:type\" content=\"image\/jpeg\" \/>\n<meta name=\"twitter:card\" content=\"summary_large_image\" \/>\n<script type=\"application\/ld+json\" class=\"yoast-schema-graph\">{\"@context\":\"https:\\\/\\\/schema.org\",\"@graph\":[{\"@type\":\"WebPage\",\"@id\":\"https:\\\/\\\/theworldbilliards.com\\\/fr\\\/produit\\\/table-tennis-de-table-basic\\\/\",\"url\":\"https:\\\/\\\/theworldbilliards.com\\\/fr\\\/produit\\\/table-tennis-de-table-basic\\\/\",\"name\":\"Acheter Table Tennis de table Basic - The World Billiards\",\"isPartOf\":{\"@id\":\"https:\\\/\\\/theworldbilliards.com\\\/fr\\\/#website\"},\"primaryImageOfPage\":{\"@id\":\"https:\\\/\\\/theworldbilliards.com\\\/fr\\\/produit\\\/table-tennis-de-table-basic\\\/#primaryimage\"},\"image\":{\"@id\":\"https:\\\/\\\/theworldbilliards.com\\\/fr\\\/produit\\\/table-tennis-de-table-basic\\\/#primaryimage\"},\"thumbnailUrl\":\"https:\\\/\\\/theworldbilliards.com\\\/wp-content\\\/uploads\\\/2022\\\/04\\\/tenis-ping-pong-basic2.jpg\",\"datePublished\":\"2022-04-06T10:41:05+00:00\",\"dateModified\":\"2025-12-03T11:52:12+00:00\",\"description\":\"La table de ping-pong mod\u00e8le Basic est une table d'int\u00e9rieur solide avec un plateau bleu. Il est pliable et est livr\u00e9 avec 4 roues doubles, ce qui facilite le rangement de la table. La table a la capacit\u00e9 de se plier en deux pour pouvoir \u00eatre utilis\u00e9e dans une position d'auto-entra\u00eenement ; pour pratiquer et perfectionner vos comp\u00e9tences. Livr\u00e9 sans accessoires. Caract\u00e9ristiques \u2022 Format de comp\u00e9tition \u2022 Ch\u00e2ssis compact (pour \u00e9conomiser de l'espace) \u2022 Profil tubulaire de 25\u00a0mm \u2022 pliable et portable \u2022 Mode d'autoformation disponible \u2022\u00a0Dimensions\u00a0: 274\u00a0x\u00a0152,5\u00a0x\u00a076\u00a0cm (LBH) \u2022 Poids\u00a0: 70\u00a0kg \u2022 Couleur bleu\",\"breadcrumb\":{\"@id\":\"https:\\\/\\\/theworldbilliards.com\\\/fr\\\/produit\\\/table-tennis-de-table-basic\\\/#breadcrumb\"},\"inLanguage\":\"fr-FR\",\"potentialAction\":[{\"@type\":\"ReadAction\",\"target\":[\"https:\\\/\\\/theworldbilliards.com\\\/fr\\\/produit\\\/table-tennis-de-table-basic\\\/\"]}]},{\"@type\":\"ImageObject\",\"inLanguage\":\"fr-FR\",\"@id\":\"https:\\\/\\\/theworldbilliards.com\\\/fr\\\/produit\\\/table-tennis-de-table-basic\\\/#primaryimage\",\"url\":\"https:\\\/\\\/theworldbilliards.com\\\/wp-content\\\/uploads\\\/2022\\\/04\\\/tenis-ping-pong-basic2.jpg\",\"contentUrl\":\"https:\\\/\\\/theworldbilliards.com\\\/wp-content\\\/uploads\\\/2022\\\/04\\\/tenis-ping-pong-basic2.jpg\",\"width\":700,\"height\":700},{\"@type\":\"BreadcrumbList\",\"@id\":\"https:\\\/\\\/theworldbilliards.com\\\/fr\\\/produit\\\/table-tennis-de-table-basic\\\/#breadcrumb\",\"itemListElement\":[{\"@type\":\"ListItem\",\"position\":1,\"name\":\"In\u00edcio\",\"item\":\"https:\\\/\\\/theworldbilliards.com\\\/fr\\\/\"},{\"@type\":\"ListItem\",\"position\":2,\"name\":\"Boutique en ligne\",\"item\":\"https:\\\/\\\/theworldbilliards.com\\\/fr\\\/boutique-theworldbilliards\\\/\"},{\"@type\":\"ListItem\",\"position\":3,\"name\":\"Table Tennis de table Basic\"}]},{\"@type\":\"WebSite\",\"@id\":\"https:\\\/\\\/theworldbilliards.com\\\/fr\\\/#website\",\"url\":\"https:\\\/\\\/theworldbilliards.com\\\/fr\\\/\",\"name\":\"TheWorldBilliards\",\"description\":\"Achetez ici billard, baby-foot, ping-pong et bowling\",\"publisher\":{\"@id\":\"https:\\\/\\\/theworldbilliards.com\\\/fr\\\/#organization\"},\"alternateName\":\"The world billiards\",\"potentialAction\":[{\"@type\":\"SearchAction\",\"target\":{\"@type\":\"EntryPoint\",\"urlTemplate\":\"https:\\\/\\\/theworldbilliards.com\\\/fr\\\/?s={search_term_string}\"},\"query-input\":{\"@type\":\"PropertyValueSpecification\",\"valueRequired\":true,\"valueName\":\"search_term_string\"}}],\"inLanguage\":\"fr-FR\"},{\"@type\":\"Organization\",\"@id\":\"https:\\\/\\\/theworldbilliards.com\\\/fr\\\/#organization\",\"name\":\"The World Billiards\",\"alternateName\":\"The World Billiards\",\"url\":\"https:\\\/\\\/theworldbilliards.com\\\/fr\\\/\",\"logo\":{\"@type\":\"ImageObject\",\"inLanguage\":\"fr-FR\",\"@id\":\"https:\\\/\\\/theworldbilliards.com\\\/fr\\\/#\\\/schema\\\/logo\\\/image\\\/\",\"url\":\"\",\"contentUrl\":\"\",\"caption\":\"The World Billiards\"},\"image\":{\"@id\":\"https:\\\/\\\/theworldbilliards.com\\\/fr\\\/#\\\/schema\\\/logo\\\/image\\\/\"},\"sameAs\":[\"https:\\\/\\\/www.facebook.com\\\/baby.foot.superbes\",\"https:\\\/\\\/www.youtube.com\\\/channel\\\/UCIMuOVAaUcH6UpZcsZlH0Tg\",\"https:\\\/\\\/www.facebook.com\\\/people\\\/Brunswick-Billiards-EspaaPortugal\\\/100066446264309\\\/\",\"https:\\\/\\\/www.instagram.com\\\/the_world_billiards\\\/\",\"https:\\\/\\\/www.pinterest.es\\\/Theworldbilliards\\\/\"]}]}<\/script>\n<!-- \/ Yoast SEO plugin. -->","yoast_head_json":{"title":"Acheter Table Tennis de table Basic - The World Billiards","description":"La table de ping-pong mod\u00e8le Basic est une table d'int\u00e9rieur solide avec un plateau bleu. Il est pliable et est livr\u00e9 avec 4 roues doubles, ce qui facilite le rangement de la table. La table a la capacit\u00e9 de se plier en deux pour pouvoir \u00eatre utilis\u00e9e dans une position d'auto-entra\u00eenement ; pour pratiquer et perfectionner vos comp\u00e9tences. Livr\u00e9 sans accessoires.  Caract\u00e9ristiques \u2022 Format de comp\u00e9tition \u2022 Ch\u00e2ssis compact (pour \u00e9conomiser de l'espace) \u2022 Profil tubulaire de 25\u00a0mm \u2022 pliable et portable \u2022 Mode d'autoformation disponible \u2022\u00a0Dimensions\u00a0: 274\u00a0x\u00a0152,5\u00a0x\u00a076\u00a0cm (LBH) \u2022 Poids\u00a0: 70\u00a0kg \u2022 Couleur bleu","robots":{"index":"index","follow":"follow","max-snippet":"max-snippet:-1","max-image-preview":"max-image-preview:large","max-video-preview":"max-video-preview:-1"},"canonical":"https:\/\/theworldbilliards.com\/fr\/produit\/table-tennis-de-table-basic\/","og_locale":"fr_FR","og_type":"article","og_title":"Acheter Table Tennis de table Basic - The World Billiards","og_description":"La table de ping-pong mod\u00e8le Basic est une table d'int\u00e9rieur solide avec un plateau bleu. Il est pliable et est livr\u00e9 avec 4 roues doubles, ce qui facilite le rangement de la table. La table a la capacit\u00e9 de se plier en deux pour pouvoir \u00eatre utilis\u00e9e dans une position d'auto-entra\u00eenement ; pour pratiquer et perfectionner vos comp\u00e9tences. Livr\u00e9 sans accessoires.  Caract\u00e9ristiques \u2022 Format de comp\u00e9tition \u2022 Ch\u00e2ssis compact (pour \u00e9conomiser de l'espace) \u2022 Profil tubulaire de 25\u00a0mm \u2022 pliable et portable \u2022 Mode d'autoformation disponible \u2022\u00a0Dimensions\u00a0: 274\u00a0x\u00a0152,5\u00a0x\u00a076\u00a0cm (LBH) \u2022 Poids\u00a0: 70\u00a0kg \u2022 Couleur bleu","og_url":"https:\/\/theworldbilliards.com\/fr\/produit\/table-tennis-de-table-basic\/","og_site_name":"The World Billiards","article_publisher":"https:\/\/www.facebook.com\/baby.foot.superbes","article_modified_time":"2025-12-03T11:52:12+00:00","og_image":[{"width":700,"height":700,"url":"https:\/\/theworldbilliards.com\/wp-content\/uploads\/2022\/04\/tenis-ping-pong-basic2.jpg","type":"image\/jpeg"}],"twitter_card":"summary_large_image","schema":{"@context":"https:\/\/schema.org","@graph":[{"@type":"WebPage","@id":"https:\/\/theworldbilliards.com\/fr\/produit\/table-tennis-de-table-basic\/","url":"https:\/\/theworldbilliards.com\/fr\/produit\/table-tennis-de-table-basic\/","name":"Acheter Table Tennis de table Basic - The World Billiards","isPartOf":{"@id":"https:\/\/theworldbilliards.com\/fr\/#website"},"primaryImageOfPage":{"@id":"https:\/\/theworldbilliards.com\/fr\/produit\/table-tennis-de-table-basic\/#primaryimage"},"image":{"@id":"https:\/\/theworldbilliards.com\/fr\/produit\/table-tennis-de-table-basic\/#primaryimage"},"thumbnailUrl":"https:\/\/theworldbilliards.com\/wp-content\/uploads\/2022\/04\/tenis-ping-pong-basic2.jpg","datePublished":"2022-04-06T10:41:05+00:00","dateModified":"2025-12-03T11:52:12+00:00","description":"La table de ping-pong mod\u00e8le Basic est une table d'int\u00e9rieur solide avec un plateau bleu. Il est pliable et est livr\u00e9 avec 4 roues doubles, ce qui facilite le rangement de la table. La table a la capacit\u00e9 de se plier en deux pour pouvoir \u00eatre utilis\u00e9e dans une position d'auto-entra\u00eenement ; pour pratiquer et perfectionner vos comp\u00e9tences. Livr\u00e9 sans accessoires. Caract\u00e9ristiques \u2022 Format de comp\u00e9tition \u2022 Ch\u00e2ssis compact (pour \u00e9conomiser de l'espace) \u2022 Profil tubulaire de 25\u00a0mm \u2022 pliable et portable \u2022 Mode d'autoformation disponible \u2022\u00a0Dimensions\u00a0: 274\u00a0x\u00a0152,5\u00a0x\u00a076\u00a0cm (LBH) \u2022 Poids\u00a0: 70\u00a0kg \u2022 Couleur bleu","breadcrumb":{"@id":"https:\/\/theworldbilliards.com\/fr\/produit\/table-tennis-de-table-basic\/#breadcrumb"},"inLanguage":"fr-FR","potentialAction":[{"@type":"ReadAction","target":["https:\/\/theworldbilliards.com\/fr\/produit\/table-tennis-de-table-basic\/"]}]},{"@type":"ImageObject","inLanguage":"fr-FR","@id":"https:\/\/theworldbilliards.com\/fr\/produit\/table-tennis-de-table-basic\/#primaryimage","url":"https:\/\/theworldbilliards.com\/wp-content\/uploads\/2022\/04\/tenis-ping-pong-basic2.jpg","contentUrl":"https:\/\/theworldbilliards.com\/wp-content\/uploads\/2022\/04\/tenis-ping-pong-basic2.jpg","width":700,"height":700},{"@type":"BreadcrumbList","@id":"https:\/\/theworldbilliards.com\/fr\/produit\/table-tennis-de-table-basic\/#breadcrumb","itemListElement":[{"@type":"ListItem","position":1,"name":"In\u00edcio","item":"https:\/\/theworldbilliards.com\/fr\/"},{"@type":"ListItem","position":2,"name":"Boutique en ligne","item":"https:\/\/theworldbilliards.com\/fr\/boutique-theworldbilliards\/"},{"@type":"ListItem","position":3,"name":"Table Tennis de table Basic"}]},{"@type":"WebSite","@id":"https:\/\/theworldbilliards.com\/fr\/#website","url":"https:\/\/theworldbilliards.com\/fr\/","name":"TheWorldBilliards","description":"Achetez ici billard, baby-foot, ping-pong et bowling","publisher":{"@id":"https:\/\/theworldbilliards.com\/fr\/#organization"},"alternateName":"The world billiards","potentialAction":[{"@type":"SearchAction","target":{"@type":"EntryPoint","urlTemplate":"https:\/\/theworldbilliards.com\/fr\/?s={search_term_string}"},"query-input":{"@type":"PropertyValueSpecification","valueRequired":true,"valueName":"search_term_string"}}],"inLanguage":"fr-FR"},{"@type":"Organization","@id":"https:\/\/theworldbilliards.com\/fr\/#organization","name":"The World Billiards","alternateName":"The World Billiards","url":"https:\/\/theworldbilliards.com\/fr\/","logo":{"@type":"ImageObject","inLanguage":"fr-FR","@id":"https:\/\/theworldbilliards.com\/fr\/#\/schema\/logo\/image\/","url":"","contentUrl":"","caption":"The World Billiards"},"image":{"@id":"https:\/\/theworldbilliards.com\/fr\/#\/schema\/logo\/image\/"},"sameAs":["https:\/\/www.facebook.com\/baby.foot.superbes","https:\/\/www.youtube.com\/channel\/UCIMuOVAaUcH6UpZcsZlH0Tg","https:\/\/www.facebook.com\/people\/Brunswick-Billiards-EspaaPortugal\/100066446264309\/","https:\/\/www.instagram.com\/the_world_billiards\/","https:\/\/www.pinterest.es\/Theworldbilliards\/"]}]}},"_links":{"self":[{"href":"https:\/\/theworldbilliards.com\/fr\/wp-json\/wp\/v2\/product\/87026","targetHints":{"allow":["GET"]}}],"collection":[{"href":"https:\/\/theworldbilliards.com\/fr\/wp-json\/wp\/v2\/product"}],"about":[{"href":"https:\/\/theworldbilliards.com\/fr\/wp-json\/wp\/v2\/types\/product"}],"wp:featuredmedia":[{"embeddable":true,"href":"https:\/\/theworldbilliards.com\/fr\/wp-json\/wp\/v2\/media\/87029"}],"wp:attachment":[{"href":"https:\/\/theworldbilliards.com\/fr\/wp-json\/wp\/v2\/media?parent=87026"}],"wp:term":[{"taxonomy":"product_brand","embeddable":true,"href":"https:\/\/theworldbilliards.com\/fr\/wp-json\/wp\/v2\/product_brand?post=87026"},{"taxonomy":"product_cat","embeddable":true,"href":"https:\/\/theworldbilliards.com\/fr\/wp-json\/wp\/v2\/product_cat?post=87026"},{"taxonomy":"product_tag","embeddable":true,"href":"https:\/\/theworldbilliards.com\/fr\/wp-json\/wp\/v2\/product_tag?post=87026"}],"curies":[{"name":"wp","href":"https:\/\/api.w.org\/{rel}","templated":true}]}}