{"id":88983,"date":"2022-06-30T11:47:55","date_gmt":"2022-06-30T09:47:55","guid":{"rendered":"https:\/\/theworldbilliards.com\/?post_type=product&#038;p=88983"},"modified":"2025-01-23T10:46:32","modified_gmt":"2025-01-23T09:46:32","slug":"snooker-pyramide-russe-saint-christophe-ii","status":"publish","type":"product","link":"https:\/\/theworldbilliards.com\/fr\/produit\/snooker-pyramide-russe-saint-christophe-ii\/","title":{"rendered":"Snooker \/ Pyramide Russe Saint Christophe II"},"content":{"rendered":"<p>Table de Billard Pyramide Russe ou Snooker\u00a0 avec les meilleurs mat\u00e9riaux soigneusement choisis, avec un design moderne et \u00e9l\u00e9gant pour s&rsquo;int\u00e9grer parfaitement dans votre d\u00e9cor.<\/p>\n<p>Table \u00e9quip\u00e9e d&rsquo;une technique de jeu extraordinaire.<\/p>\n<p>Finition au choix du client.<\/p>\n<p>Poches en cuir.<\/p>\n<p>Ardoise de haute qualit\u00e9.<\/p>\n<p>12ft<\/p>\n<p>Tissu de snooker sp\u00e9cial anglais (version snooker)<br \/>\nPyramide sp\u00e9cial inclus en tissu (version de billard russe)<\/p>\n","protected":false},"excerpt":{"rendered":"<p>Table de Billard Pyramide Russe ou Snooker\u00a0 avec les meilleurs mat\u00e9riaux soigneusement choisis, avec un design moderne et \u00e9l\u00e9gant pour [&hellip;]<\/p>\n","protected":false},"featured_media":89010,"template":"","meta":{"site-sidebar-layout":"default","site-content-layout":"","ast-site-content-layout":"default","site-content-style":"default","site-sidebar-style":"default","ast-global-header-display":"","ast-banner-title-visibility":"","ast-main-header-display":"","ast-hfb-above-header-display":"","ast-hfb-below-header-display":"","ast-hfb-mobile-header-display":"","site-post-title":"","ast-breadcrumbs-content":"","ast-featured-img":"","footer-sml-layout":"","ast-disable-related-posts":"","theme-transparent-header-meta":"default","adv-header-id-meta":"","stick-header-meta":"","header-above-stick-meta":"","header-main-stick-meta":"","header-below-stick-meta":"","astra-migrate-meta-layouts":"default","ast-page-background-enabled":"default","ast-page-background-meta":{"desktop":{"background-color":"var(--ast-global-color-4)","background-image":"","background-repeat":"repeat","background-position":"center center","background-size":"auto","background-attachment":"scroll","background-type":"","background-media":"","overlay-type":"","overlay-color":"","overlay-opacity":"","overlay-gradient":""},"tablet":{"background-color":"","background-image":"","background-repeat":"repeat","background-position":"center center","background-size":"auto","background-attachment":"scroll","background-type":"","background-media":"","overlay-type":"","overlay-color":"","overlay-opacity":"","overlay-gradient":""},"mobile":{"background-color":"","background-image":"","background-repeat":"repeat","background-position":"center center","background-size":"auto","background-attachment":"scroll","background-type":"","background-media":"","overlay-type":"","overlay-color":"","overlay-opacity":"","overlay-gradient":""}},"ast-content-background-meta":{"desktop":{"background-color":"var(--ast-global-color-5)","background-image":"","background-repeat":"repeat","background-position":"center center","background-size":"auto","background-attachment":"scroll","background-type":"","background-media":"","overlay-type":"","overlay-color":"","overlay-opacity":"","overlay-gradient":""},"tablet":{"background-color":"var(--ast-global-color-5)","background-image":"","background-repeat":"repeat","background-position":"center center","background-size":"auto","background-attachment":"scroll","background-type":"","background-media":"","overlay-type":"","overlay-color":"","overlay-opacity":"","overlay-gradient":""},"mobile":{"background-color":"var(--ast-global-color-5)","background-image":"","background-repeat":"repeat","background-position":"center center","background-size":"auto","background-attachment":"scroll","background-type":"","background-media":"","overlay-type":"","overlay-color":"","overlay-opacity":"","overlay-gradient":""}}},"product_brand":[5218],"product_cat":[1289],"product_tag":[],"class_list":{"0":"post-88983","1":"product","2":"type-product","3":"status-publish","4":"has-post-thumbnail","6":"product_brand-the-world-billiards","7":"product_cat-snooker-et-pyramide-russe","8":"product_shipping_class-grand-billards","9":"desktop-align-center","10":"tablet-align-left","11":"mobile-align-left","13":"first","14":"instock","15":"taxable","16":"shipping-taxable","17":"purchasable","18":"product-type-variable"},"yoast_head":"<!-- This site is optimized with the Yoast SEO plugin v27.4 - https:\/\/yoast.com\/product\/yoast-seo-wordpress\/ -->\n<title>Acheter Snooker \/ Pyramide Russe Saint Christophe II - The World Billiards<\/title>\n<meta name=\"description\" content=\"Table de Billard Pyramide Russe ou Snooker\u00a0 avec les meilleurs mat\u00e9riaux soigneusement choisis, avec un design moderne et \u00e9l\u00e9gant pour s&#039;int\u00e9grer parfaitement dans votre d\u00e9cor.  Table \u00e9quip\u00e9e d&#039;une technique de jeu extraordinaire.  Finition au choix du client.  Poches en cuir.  Ardoise de haute qualit\u00e9.  12ft  Tissu de snooker sp\u00e9cial anglais (version snooker) Pyramide sp\u00e9cial inclus en tissu (version de billard russe)\" \/>\n<meta name=\"robots\" content=\"index, follow, max-snippet:-1, max-image-preview:large, max-video-preview:-1\" \/>\n<link rel=\"canonical\" href=\"https:\/\/theworldbilliards.com\/fr\/produit\/snooker-pyramide-russe-saint-christophe-ii\/\" \/>\n<meta property=\"og:locale\" content=\"fr_FR\" \/>\n<meta property=\"og:type\" content=\"article\" \/>\n<meta property=\"og:title\" content=\"Acheter Snooker \/ Pyramide Russe Saint Christophe II - The World Billiards\" \/>\n<meta property=\"og:description\" content=\"Table de Billard Pyramide Russe ou Snooker\u00a0 avec les meilleurs mat\u00e9riaux soigneusement choisis, avec un design moderne et \u00e9l\u00e9gant pour s&#039;int\u00e9grer parfaitement dans votre d\u00e9cor.  Table \u00e9quip\u00e9e d&#039;une technique de jeu extraordinaire.  Finition au choix du client.  Poches en cuir.  Ardoise de haute qualit\u00e9.  12ft  Tissu de snooker sp\u00e9cial anglais (version snooker) Pyramide sp\u00e9cial inclus en tissu (version de billard russe)\" \/>\n<meta property=\"og:url\" content=\"https:\/\/theworldbilliards.com\/fr\/produit\/snooker-pyramide-russe-saint-christophe-ii\/\" \/>\n<meta property=\"og:site_name\" content=\"The World Billiards\" \/>\n<meta property=\"article:publisher\" content=\"https:\/\/www.facebook.com\/baby.foot.superbes\" \/>\n<meta property=\"article:modified_time\" content=\"2025-01-23T09:46:32+00:00\" \/>\n<meta property=\"og:image\" content=\"https:\/\/theworldbilliards.com\/wp-content\/uploads\/2022\/06\/saint-christophe-snooker.png\" \/>\n\t<meta property=\"og:image:width\" content=\"1583\" \/>\n\t<meta property=\"og:image:height\" content=\"1583\" \/>\n\t<meta property=\"og:image:type\" content=\"image\/png\" \/>\n<meta name=\"twitter:card\" content=\"summary_large_image\" \/>\n<script type=\"application\/ld+json\" class=\"yoast-schema-graph\">{\"@context\":\"https:\\\/\\\/schema.org\",\"@graph\":[{\"@type\":\"WebPage\",\"@id\":\"https:\\\/\\\/theworldbilliards.com\\\/fr\\\/produit\\\/snooker-pyramide-russe-saint-christophe-ii\\\/\",\"url\":\"https:\\\/\\\/theworldbilliards.com\\\/fr\\\/produit\\\/snooker-pyramide-russe-saint-christophe-ii\\\/\",\"name\":\"Acheter Snooker \\\/ Pyramide Russe Saint Christophe II - The World Billiards\",\"isPartOf\":{\"@id\":\"https:\\\/\\\/theworldbilliards.com\\\/fr\\\/#website\"},\"primaryImageOfPage\":{\"@id\":\"https:\\\/\\\/theworldbilliards.com\\\/fr\\\/produit\\\/snooker-pyramide-russe-saint-christophe-ii\\\/#primaryimage\"},\"image\":{\"@id\":\"https:\\\/\\\/theworldbilliards.com\\\/fr\\\/produit\\\/snooker-pyramide-russe-saint-christophe-ii\\\/#primaryimage\"},\"thumbnailUrl\":\"https:\\\/\\\/theworldbilliards.com\\\/wp-content\\\/uploads\\\/2022\\\/06\\\/saint-christophe-snooker.png\",\"datePublished\":\"2022-06-30T09:47:55+00:00\",\"dateModified\":\"2025-01-23T09:46:32+00:00\",\"description\":\"Table de Billard Pyramide Russe ou Snooker\u00a0 avec les meilleurs mat\u00e9riaux soigneusement choisis, avec un design moderne et \u00e9l\u00e9gant pour s'int\u00e9grer parfaitement dans votre d\u00e9cor. Table \u00e9quip\u00e9e d'une technique de jeu extraordinaire. Finition au choix du client. Poches en cuir. Ardoise de haute qualit\u00e9. 12ft Tissu de snooker sp\u00e9cial anglais (version snooker) Pyramide sp\u00e9cial inclus en tissu (version de billard russe)\",\"breadcrumb\":{\"@id\":\"https:\\\/\\\/theworldbilliards.com\\\/fr\\\/produit\\\/snooker-pyramide-russe-saint-christophe-ii\\\/#breadcrumb\"},\"inLanguage\":\"fr-FR\",\"potentialAction\":[{\"@type\":\"ReadAction\",\"target\":[\"https:\\\/\\\/theworldbilliards.com\\\/fr\\\/produit\\\/snooker-pyramide-russe-saint-christophe-ii\\\/\"]}]},{\"@type\":\"ImageObject\",\"inLanguage\":\"fr-FR\",\"@id\":\"https:\\\/\\\/theworldbilliards.com\\\/fr\\\/produit\\\/snooker-pyramide-russe-saint-christophe-ii\\\/#primaryimage\",\"url\":\"https:\\\/\\\/theworldbilliards.com\\\/wp-content\\\/uploads\\\/2022\\\/06\\\/saint-christophe-snooker.png\",\"contentUrl\":\"https:\\\/\\\/theworldbilliards.com\\\/wp-content\\\/uploads\\\/2022\\\/06\\\/saint-christophe-snooker.png\",\"width\":1583,\"height\":1583},{\"@type\":\"BreadcrumbList\",\"@id\":\"https:\\\/\\\/theworldbilliards.com\\\/fr\\\/produit\\\/snooker-pyramide-russe-saint-christophe-ii\\\/#breadcrumb\",\"itemListElement\":[{\"@type\":\"ListItem\",\"position\":1,\"name\":\"In\u00edcio\",\"item\":\"https:\\\/\\\/theworldbilliards.com\\\/fr\\\/\"},{\"@type\":\"ListItem\",\"position\":2,\"name\":\"Boutique en ligne\",\"item\":\"https:\\\/\\\/theworldbilliards.com\\\/fr\\\/boutique-theworldbilliards\\\/\"},{\"@type\":\"ListItem\",\"position\":3,\"name\":\"Snooker \\\/ Pyramide Russe Saint Christophe II\"}]},{\"@type\":\"WebSite\",\"@id\":\"https:\\\/\\\/theworldbilliards.com\\\/fr\\\/#website\",\"url\":\"https:\\\/\\\/theworldbilliards.com\\\/fr\\\/\",\"name\":\"TheWorldBilliards\",\"description\":\"Achetez ici billard, baby-foot, ping-pong et bowling\",\"publisher\":{\"@id\":\"https:\\\/\\\/theworldbilliards.com\\\/fr\\\/#organization\"},\"alternateName\":\"The world billiards\",\"potentialAction\":[{\"@type\":\"SearchAction\",\"target\":{\"@type\":\"EntryPoint\",\"urlTemplate\":\"https:\\\/\\\/theworldbilliards.com\\\/fr\\\/?s={search_term_string}\"},\"query-input\":{\"@type\":\"PropertyValueSpecification\",\"valueRequired\":true,\"valueName\":\"search_term_string\"}}],\"inLanguage\":\"fr-FR\"},{\"@type\":\"Organization\",\"@id\":\"https:\\\/\\\/theworldbilliards.com\\\/fr\\\/#organization\",\"name\":\"The World Billiards\",\"alternateName\":\"The World Billiards\",\"url\":\"https:\\\/\\\/theworldbilliards.com\\\/fr\\\/\",\"logo\":{\"@type\":\"ImageObject\",\"inLanguage\":\"fr-FR\",\"@id\":\"https:\\\/\\\/theworldbilliards.com\\\/fr\\\/#\\\/schema\\\/logo\\\/image\\\/\",\"url\":\"\",\"contentUrl\":\"\",\"caption\":\"The World Billiards\"},\"image\":{\"@id\":\"https:\\\/\\\/theworldbilliards.com\\\/fr\\\/#\\\/schema\\\/logo\\\/image\\\/\"},\"sameAs\":[\"https:\\\/\\\/www.facebook.com\\\/baby.foot.superbes\",\"https:\\\/\\\/www.youtube.com\\\/channel\\\/UCIMuOVAaUcH6UpZcsZlH0Tg\",\"https:\\\/\\\/www.facebook.com\\\/people\\\/Brunswick-Billiards-EspaaPortugal\\\/100066446264309\\\/\",\"https:\\\/\\\/www.instagram.com\\\/the_world_billiards\\\/\",\"https:\\\/\\\/www.pinterest.es\\\/Theworldbilliards\\\/\"]}]}<\/script>\n<!-- \/ Yoast SEO plugin. -->","yoast_head_json":{"title":"Acheter Snooker \/ Pyramide Russe Saint Christophe II - The World Billiards","description":"Table de Billard Pyramide Russe ou Snooker\u00a0 avec les meilleurs mat\u00e9riaux soigneusement choisis, avec un design moderne et \u00e9l\u00e9gant pour s'int\u00e9grer parfaitement dans votre d\u00e9cor.  Table \u00e9quip\u00e9e d'une technique de jeu extraordinaire.  Finition au choix du client.  Poches en cuir.  Ardoise de haute qualit\u00e9.  12ft  Tissu de snooker sp\u00e9cial anglais (version snooker) Pyramide sp\u00e9cial inclus en tissu (version de billard russe)","robots":{"index":"index","follow":"follow","max-snippet":"max-snippet:-1","max-image-preview":"max-image-preview:large","max-video-preview":"max-video-preview:-1"},"canonical":"https:\/\/theworldbilliards.com\/fr\/produit\/snooker-pyramide-russe-saint-christophe-ii\/","og_locale":"fr_FR","og_type":"article","og_title":"Acheter Snooker \/ Pyramide Russe Saint Christophe II - The World Billiards","og_description":"Table de Billard Pyramide Russe ou Snooker\u00a0 avec les meilleurs mat\u00e9riaux soigneusement choisis, avec un design moderne et \u00e9l\u00e9gant pour s'int\u00e9grer parfaitement dans votre d\u00e9cor.  Table \u00e9quip\u00e9e d'une technique de jeu extraordinaire.  Finition au choix du client.  Poches en cuir.  Ardoise de haute qualit\u00e9.  12ft  Tissu de snooker sp\u00e9cial anglais (version snooker) Pyramide sp\u00e9cial inclus en tissu (version de billard russe)","og_url":"https:\/\/theworldbilliards.com\/fr\/produit\/snooker-pyramide-russe-saint-christophe-ii\/","og_site_name":"The World Billiards","article_publisher":"https:\/\/www.facebook.com\/baby.foot.superbes","article_modified_time":"2025-01-23T09:46:32+00:00","og_image":[{"width":1583,"height":1583,"url":"https:\/\/theworldbilliards.com\/wp-content\/uploads\/2022\/06\/saint-christophe-snooker.png","type":"image\/png"}],"twitter_card":"summary_large_image","schema":{"@context":"https:\/\/schema.org","@graph":[{"@type":"WebPage","@id":"https:\/\/theworldbilliards.com\/fr\/produit\/snooker-pyramide-russe-saint-christophe-ii\/","url":"https:\/\/theworldbilliards.com\/fr\/produit\/snooker-pyramide-russe-saint-christophe-ii\/","name":"Acheter Snooker \/ Pyramide Russe Saint Christophe II - The World Billiards","isPartOf":{"@id":"https:\/\/theworldbilliards.com\/fr\/#website"},"primaryImageOfPage":{"@id":"https:\/\/theworldbilliards.com\/fr\/produit\/snooker-pyramide-russe-saint-christophe-ii\/#primaryimage"},"image":{"@id":"https:\/\/theworldbilliards.com\/fr\/produit\/snooker-pyramide-russe-saint-christophe-ii\/#primaryimage"},"thumbnailUrl":"https:\/\/theworldbilliards.com\/wp-content\/uploads\/2022\/06\/saint-christophe-snooker.png","datePublished":"2022-06-30T09:47:55+00:00","dateModified":"2025-01-23T09:46:32+00:00","description":"Table de Billard Pyramide Russe ou Snooker\u00a0 avec les meilleurs mat\u00e9riaux soigneusement choisis, avec un design moderne et \u00e9l\u00e9gant pour s'int\u00e9grer parfaitement dans votre d\u00e9cor. Table \u00e9quip\u00e9e d'une technique de jeu extraordinaire. Finition au choix du client. Poches en cuir. Ardoise de haute qualit\u00e9. 12ft Tissu de snooker sp\u00e9cial anglais (version snooker) Pyramide sp\u00e9cial inclus en tissu (version de billard russe)","breadcrumb":{"@id":"https:\/\/theworldbilliards.com\/fr\/produit\/snooker-pyramide-russe-saint-christophe-ii\/#breadcrumb"},"inLanguage":"fr-FR","potentialAction":[{"@type":"ReadAction","target":["https:\/\/theworldbilliards.com\/fr\/produit\/snooker-pyramide-russe-saint-christophe-ii\/"]}]},{"@type":"ImageObject","inLanguage":"fr-FR","@id":"https:\/\/theworldbilliards.com\/fr\/produit\/snooker-pyramide-russe-saint-christophe-ii\/#primaryimage","url":"https:\/\/theworldbilliards.com\/wp-content\/uploads\/2022\/06\/saint-christophe-snooker.png","contentUrl":"https:\/\/theworldbilliards.com\/wp-content\/uploads\/2022\/06\/saint-christophe-snooker.png","width":1583,"height":1583},{"@type":"BreadcrumbList","@id":"https:\/\/theworldbilliards.com\/fr\/produit\/snooker-pyramide-russe-saint-christophe-ii\/#breadcrumb","itemListElement":[{"@type":"ListItem","position":1,"name":"In\u00edcio","item":"https:\/\/theworldbilliards.com\/fr\/"},{"@type":"ListItem","position":2,"name":"Boutique en ligne","item":"https:\/\/theworldbilliards.com\/fr\/boutique-theworldbilliards\/"},{"@type":"ListItem","position":3,"name":"Snooker \/ Pyramide Russe Saint Christophe II"}]},{"@type":"WebSite","@id":"https:\/\/theworldbilliards.com\/fr\/#website","url":"https:\/\/theworldbilliards.com\/fr\/","name":"TheWorldBilliards","description":"Achetez ici billard, baby-foot, ping-pong et bowling","publisher":{"@id":"https:\/\/theworldbilliards.com\/fr\/#organization"},"alternateName":"The world billiards","potentialAction":[{"@type":"SearchAction","target":{"@type":"EntryPoint","urlTemplate":"https:\/\/theworldbilliards.com\/fr\/?s={search_term_string}"},"query-input":{"@type":"PropertyValueSpecification","valueRequired":true,"valueName":"search_term_string"}}],"inLanguage":"fr-FR"},{"@type":"Organization","@id":"https:\/\/theworldbilliards.com\/fr\/#organization","name":"The World Billiards","alternateName":"The World Billiards","url":"https:\/\/theworldbilliards.com\/fr\/","logo":{"@type":"ImageObject","inLanguage":"fr-FR","@id":"https:\/\/theworldbilliards.com\/fr\/#\/schema\/logo\/image\/","url":"","contentUrl":"","caption":"The World Billiards"},"image":{"@id":"https:\/\/theworldbilliards.com\/fr\/#\/schema\/logo\/image\/"},"sameAs":["https:\/\/www.facebook.com\/baby.foot.superbes","https:\/\/www.youtube.com\/channel\/UCIMuOVAaUcH6UpZcsZlH0Tg","https:\/\/www.facebook.com\/people\/Brunswick-Billiards-EspaaPortugal\/100066446264309\/","https:\/\/www.instagram.com\/the_world_billiards\/","https:\/\/www.pinterest.es\/Theworldbilliards\/"]}]}},"_links":{"self":[{"href":"https:\/\/theworldbilliards.com\/fr\/wp-json\/wp\/v2\/product\/88983","targetHints":{"allow":["GET"]}}],"collection":[{"href":"https:\/\/theworldbilliards.com\/fr\/wp-json\/wp\/v2\/product"}],"about":[{"href":"https:\/\/theworldbilliards.com\/fr\/wp-json\/wp\/v2\/types\/product"}],"wp:featuredmedia":[{"embeddable":true,"href":"https:\/\/theworldbilliards.com\/fr\/wp-json\/wp\/v2\/media\/89010"}],"wp:attachment":[{"href":"https:\/\/theworldbilliards.com\/fr\/wp-json\/wp\/v2\/media?parent=88983"}],"wp:term":[{"taxonomy":"product_brand","embeddable":true,"href":"https:\/\/theworldbilliards.com\/fr\/wp-json\/wp\/v2\/product_brand?post=88983"},{"taxonomy":"product_cat","embeddable":true,"href":"https:\/\/theworldbilliards.com\/fr\/wp-json\/wp\/v2\/product_cat?post=88983"},{"taxonomy":"product_tag","embeddable":true,"href":"https:\/\/theworldbilliards.com\/fr\/wp-json\/wp\/v2\/product_tag?post=88983"}],"curies":[{"name":"wp","href":"https:\/\/api.w.org\/{rel}","templated":true}]}}