{"id":89732,"date":"2022-08-31T11:45:57","date_gmt":"2022-08-31T09:45:57","guid":{"rendered":"https:\/\/theworldbilliards.com\/?post_type=product&#038;p=89732"},"modified":"2024-12-03T12:41:49","modified_gmt":"2024-12-03T11:41:49","slug":"billard-brunswick-oakland-ii","status":"publish","type":"product","link":"https:\/\/theworldbilliards.com\/fr\/produit\/billard-brunswick-oakland-ii\/","title":{"rendered":"Billard Brunswick Oakland II"},"content":{"rendered":"<p>Un excellent ajout pour toutes les maisons.<\/p>\n<p>Sp\u00e9cifications du produit:<\/p>\n<ul>\n<li>Ardoise: plaque d&rsquo;ardoise 3 pi\u00e8ces d&rsquo;une \u00e9paisseur de 2,54 cm.<\/li>\n<li>Taille: 8 pieds.<\/li>\n<li>Couleur: \u00ab\u00a0Espresso\u00a0\u00bb ou \u201c<span class=\"spec-item-value\">Rustic Grey<\/span>\u201d<\/li>\n<li>Pes: \u00ab\u00a0Standard\u00a0\u00bb.<\/li>\n<li>Il est livr\u00e9 avec le tapis Pro Cup Tournament inclus en diff\u00e9rentes couleurs que vous pouvez choisir, en option vous avez d\u2019autres tapis comme le Pro Cup T\u00e9flon anti-taches, Simonis, Championship and Brunswick Centennial.<\/li>\n<\/ul>\n<p><strong>Options:<\/strong>\u00a0Plateau table \u00e0 manger, plateau\u00a0table de ping-pong,\u00a0syst\u00e8me multi bandes de billard Fran\u00e7ais \/ Billard Am\u00e9ricain\u00a0\/\u00a0Snooker Anglais.<\/p>\n<p>&nbsp;<\/p>\n","protected":false},"excerpt":{"rendered":"<p><strong>Accessoires inclus<\/strong><br \/>\n\u2022 1 Jeu de Boules<br \/>\n\u2022 Triangle (en pool)<br \/>\n\u2022 4 Queues une-piece<br \/>\n\u2022 6 Cubes de Craie<br \/>\n\u2022 Brosse<\/p>\n<p><a href=\"https:\/\/theworldbilliards.com\/fr\/categorie-produit\/billard\/acessorios-de-billard\/kit-daccessoires\/\" target=\"_blank\" rel=\"noopener\"><strong>Autres options de kit d\u2019accessoires<\/strong><\/a><strong><a href=\"https:\/\/theworldbilliards.com\/fr\/categorie-produit\/billard\/acessorios-de-billard\/kit-daccessoires\/\" target=\"_blank\" rel=\"noopener\"><img loading=\"lazy\" decoding=\"async\" class=\"alignnone wp-image-103074\" src=\"https:\/\/theworldbilliards.com\/wp-content\/uploads\/2024\/04\/Brunswick-kit-centennial-300x189.jpg\" alt=\"\" width=\"200\" height=\"126\" srcset=\"https:\/\/theworldbilliards.com\/wp-content\/uploads\/2024\/04\/Brunswick-kit-centennial-300x189.jpg 300w, https:\/\/theworldbilliards.com\/wp-content\/uploads\/2024\/04\/Brunswick-kit-centennial-600x379.jpg 600w, https:\/\/theworldbilliards.com\/wp-content\/uploads\/2024\/04\/Brunswick-kit-centennial.jpg 708w\" sizes=\"auto, (max-width: 200px) 100vw, 200px\" \/><\/a><\/strong><\/p>\n","protected":false},"featured_media":89755,"template":"","meta":{"site-sidebar-layout":"default","site-content-layout":"","ast-site-content-layout":"default","site-content-style":"default","site-sidebar-style":"default","ast-global-header-display":"","ast-banner-title-visibility":"","ast-main-header-display":"","ast-hfb-above-header-display":"","ast-hfb-below-header-display":"","ast-hfb-mobile-header-display":"","site-post-title":"","ast-breadcrumbs-content":"","ast-featured-img":"","footer-sml-layout":"","ast-disable-related-posts":"","theme-transparent-header-meta":"default","adv-header-id-meta":"","stick-header-meta":"","header-above-stick-meta":"","header-main-stick-meta":"","header-below-stick-meta":"","astra-migrate-meta-layouts":"default","ast-page-background-enabled":"default","ast-page-background-meta":{"desktop":{"background-color":"var(--ast-global-color-4)","background-image":"","background-repeat":"repeat","background-position":"center center","background-size":"auto","background-attachment":"scroll","background-type":"","background-media":"","overlay-type":"","overlay-color":"","overlay-opacity":"","overlay-gradient":""},"tablet":{"background-color":"","background-image":"","background-repeat":"repeat","background-position":"center center","background-size":"auto","background-attachment":"scroll","background-type":"","background-media":"","overlay-type":"","overlay-color":"","overlay-opacity":"","overlay-gradient":""},"mobile":{"background-color":"","background-image":"","background-repeat":"repeat","background-position":"center center","background-size":"auto","background-attachment":"scroll","background-type":"","background-media":"","overlay-type":"","overlay-color":"","overlay-opacity":"","overlay-gradient":""}},"ast-content-background-meta":{"desktop":{"background-color":"var(--ast-global-color-5)","background-image":"","background-repeat":"repeat","background-position":"center center","background-size":"auto","background-attachment":"scroll","background-type":"","background-media":"","overlay-type":"","overlay-color":"","overlay-opacity":"","overlay-gradient":""},"tablet":{"background-color":"var(--ast-global-color-5)","background-image":"","background-repeat":"repeat","background-position":"center center","background-size":"auto","background-attachment":"scroll","background-type":"","background-media":"","overlay-type":"","overlay-color":"","overlay-opacity":"","overlay-gradient":""},"mobile":{"background-color":"var(--ast-global-color-5)","background-image":"","background-repeat":"repeat","background-position":"center center","background-size":"auto","background-attachment":"scroll","background-type":"","background-media":"","overlay-type":"","overlay-color":"","overlay-opacity":"","overlay-gradient":""}}},"product_brand":[5198],"product_cat":[1252],"product_tag":[],"class_list":{"0":"post-89732","1":"product","2":"type-product","3":"status-publish","4":"has-post-thumbnail","6":"product_brand-brunswick-billiards-fr","7":"product_cat-billard-brunswick","8":"product_shipping_class-billard","9":"desktop-align-center","10":"tablet-align-left","11":"mobile-align-left","13":"first","14":"onbackorder","15":"taxable","16":"shipping-taxable","17":"purchasable","18":"product-type-variable"},"yoast_head":"<!-- This site is optimized with the Yoast SEO plugin v27.4 - https:\/\/yoast.com\/product\/yoast-seo-wordpress\/ -->\n<title>Acheter Billard Brunswick Oakland II - The World Billiards<\/title>\n<meta name=\"description\" content=\"Un excellent ajout pour toutes les maisons.  Sp\u00e9cifications du produit:   Ardoise: plaque d&#039;ardoise 3 pi\u00e8ces d&#039;une \u00e9paisseur de 2,54 cm.  Taille: 8 pieds.  Couleur: &quot;Espresso&quot; ou \u201cRustic Grey\u201d  Pes: &quot;Standard&quot;.  Il est livr\u00e9 avec le tapis Pro Cup Tournament inclus en diff\u00e9rentes couleurs que vous pouvez choisir, en option vous avez d\u2019autres tapis comme le Pro Cup T\u00e9flon anti-taches, Simonis, Championship and Brunswick Centennial.  Options:\u00a0Plateau table \u00e0 manger, plateau\u00a0table de ping-pong,\u00a0syst\u00e8me multi bandes de billard Fran\u00e7ais \/ Billard Am\u00e9ricain\u00a0\/\u00a0Snooker Anglais.  &nbsp;\" \/>\n<meta name=\"robots\" content=\"index, follow, max-snippet:-1, max-image-preview:large, max-video-preview:-1\" \/>\n<link rel=\"canonical\" href=\"https:\/\/theworldbilliards.com\/fr\/produit\/billard-brunswick-oakland-ii\/\" \/>\n<meta property=\"og:locale\" content=\"fr_FR\" \/>\n<meta property=\"og:type\" content=\"article\" \/>\n<meta property=\"og:title\" content=\"Acheter Billard Brunswick Oakland II - The World Billiards\" \/>\n<meta property=\"og:description\" content=\"Un excellent ajout pour toutes les maisons.  Sp\u00e9cifications du produit:   Ardoise: plaque d&#039;ardoise 3 pi\u00e8ces d&#039;une \u00e9paisseur de 2,54 cm.  Taille: 8 pieds.  Couleur: &quot;Espresso&quot; ou \u201cRustic Grey\u201d  Pes: &quot;Standard&quot;.  Il est livr\u00e9 avec le tapis Pro Cup Tournament inclus en diff\u00e9rentes couleurs que vous pouvez choisir, en option vous avez d\u2019autres tapis comme le Pro Cup T\u00e9flon anti-taches, Simonis, Championship and Brunswick Centennial.  Options:\u00a0Plateau table \u00e0 manger, plateau\u00a0table de ping-pong,\u00a0syst\u00e8me multi bandes de billard Fran\u00e7ais \/ Billard Am\u00e9ricain\u00a0\/\u00a0Snooker Anglais.  &nbsp;\" \/>\n<meta property=\"og:url\" content=\"https:\/\/theworldbilliards.com\/fr\/produit\/billard-brunswick-oakland-ii\/\" \/>\n<meta property=\"og:site_name\" content=\"The World Billiards\" \/>\n<meta property=\"article:publisher\" content=\"https:\/\/www.facebook.com\/baby.foot.superbes\" \/>\n<meta property=\"article:modified_time\" content=\"2024-12-03T11:41:49+00:00\" \/>\n<meta property=\"og:image\" content=\"https:\/\/theworldbilliards.com\/wp-content\/uploads\/2022\/08\/oakland_ii.png\" \/>\n\t<meta property=\"og:image:width\" content=\"889\" \/>\n\t<meta property=\"og:image:height\" content=\"889\" \/>\n\t<meta property=\"og:image:type\" content=\"image\/png\" \/>\n<meta name=\"twitter:card\" content=\"summary_large_image\" \/>\n<script type=\"application\/ld+json\" class=\"yoast-schema-graph\">{\"@context\":\"https:\\\/\\\/schema.org\",\"@graph\":[{\"@type\":\"WebPage\",\"@id\":\"https:\\\/\\\/theworldbilliards.com\\\/fr\\\/produit\\\/billard-brunswick-oakland-ii\\\/\",\"url\":\"https:\\\/\\\/theworldbilliards.com\\\/fr\\\/produit\\\/billard-brunswick-oakland-ii\\\/\",\"name\":\"Acheter Billard Brunswick Oakland II - The World Billiards\",\"isPartOf\":{\"@id\":\"https:\\\/\\\/theworldbilliards.com\\\/fr\\\/#website\"},\"primaryImageOfPage\":{\"@id\":\"https:\\\/\\\/theworldbilliards.com\\\/fr\\\/produit\\\/billard-brunswick-oakland-ii\\\/#primaryimage\"},\"image\":{\"@id\":\"https:\\\/\\\/theworldbilliards.com\\\/fr\\\/produit\\\/billard-brunswick-oakland-ii\\\/#primaryimage\"},\"thumbnailUrl\":\"https:\\\/\\\/theworldbilliards.com\\\/wp-content\\\/uploads\\\/2022\\\/08\\\/oakland_ii.png\",\"datePublished\":\"2022-08-31T09:45:57+00:00\",\"dateModified\":\"2024-12-03T11:41:49+00:00\",\"description\":\"Un excellent ajout pour toutes les maisons. Sp\u00e9cifications du produit: Ardoise: plaque d'ardoise 3 pi\u00e8ces d'une \u00e9paisseur de 2,54 cm. Taille: 8 pieds. Couleur: \\\"Espresso\\\" ou \u201cRustic Grey\u201d Pes: \\\"Standard\\\". Il est livr\u00e9 avec le tapis Pro Cup Tournament inclus en diff\u00e9rentes couleurs que vous pouvez choisir, en option vous avez d\u2019autres tapis comme le Pro Cup T\u00e9flon anti-taches, Simonis, Championship and Brunswick Centennial. Options:\u00a0Plateau table \u00e0 manger, plateau\u00a0table de ping-pong,\u00a0syst\u00e8me multi bandes de billard Fran\u00e7ais \\\/ Billard Am\u00e9ricain\u00a0\\\/\u00a0Snooker Anglais. &nbsp;\",\"breadcrumb\":{\"@id\":\"https:\\\/\\\/theworldbilliards.com\\\/fr\\\/produit\\\/billard-brunswick-oakland-ii\\\/#breadcrumb\"},\"inLanguage\":\"fr-FR\",\"potentialAction\":[{\"@type\":\"ReadAction\",\"target\":[\"https:\\\/\\\/theworldbilliards.com\\\/fr\\\/produit\\\/billard-brunswick-oakland-ii\\\/\"]}]},{\"@type\":\"ImageObject\",\"inLanguage\":\"fr-FR\",\"@id\":\"https:\\\/\\\/theworldbilliards.com\\\/fr\\\/produit\\\/billard-brunswick-oakland-ii\\\/#primaryimage\",\"url\":\"https:\\\/\\\/theworldbilliards.com\\\/wp-content\\\/uploads\\\/2022\\\/08\\\/oakland_ii.png\",\"contentUrl\":\"https:\\\/\\\/theworldbilliards.com\\\/wp-content\\\/uploads\\\/2022\\\/08\\\/oakland_ii.png\",\"width\":889,\"height\":889},{\"@type\":\"BreadcrumbList\",\"@id\":\"https:\\\/\\\/theworldbilliards.com\\\/fr\\\/produit\\\/billard-brunswick-oakland-ii\\\/#breadcrumb\",\"itemListElement\":[{\"@type\":\"ListItem\",\"position\":1,\"name\":\"In\u00edcio\",\"item\":\"https:\\\/\\\/theworldbilliards.com\\\/fr\\\/\"},{\"@type\":\"ListItem\",\"position\":2,\"name\":\"Boutique en ligne\",\"item\":\"https:\\\/\\\/theworldbilliards.com\\\/fr\\\/boutique-theworldbilliards\\\/\"},{\"@type\":\"ListItem\",\"position\":3,\"name\":\"Billard Brunswick Oakland II\"}]},{\"@type\":\"WebSite\",\"@id\":\"https:\\\/\\\/theworldbilliards.com\\\/fr\\\/#website\",\"url\":\"https:\\\/\\\/theworldbilliards.com\\\/fr\\\/\",\"name\":\"TheWorldBilliards\",\"description\":\"Achetez ici billard, baby-foot, ping-pong et bowling\",\"publisher\":{\"@id\":\"https:\\\/\\\/theworldbilliards.com\\\/fr\\\/#organization\"},\"alternateName\":\"The world billiards\",\"potentialAction\":[{\"@type\":\"SearchAction\",\"target\":{\"@type\":\"EntryPoint\",\"urlTemplate\":\"https:\\\/\\\/theworldbilliards.com\\\/fr\\\/?s={search_term_string}\"},\"query-input\":{\"@type\":\"PropertyValueSpecification\",\"valueRequired\":true,\"valueName\":\"search_term_string\"}}],\"inLanguage\":\"fr-FR\"},{\"@type\":\"Organization\",\"@id\":\"https:\\\/\\\/theworldbilliards.com\\\/fr\\\/#organization\",\"name\":\"The World Billiards\",\"alternateName\":\"The World Billiards\",\"url\":\"https:\\\/\\\/theworldbilliards.com\\\/fr\\\/\",\"logo\":{\"@type\":\"ImageObject\",\"inLanguage\":\"fr-FR\",\"@id\":\"https:\\\/\\\/theworldbilliards.com\\\/fr\\\/#\\\/schema\\\/logo\\\/image\\\/\",\"url\":\"\",\"contentUrl\":\"\",\"caption\":\"The World Billiards\"},\"image\":{\"@id\":\"https:\\\/\\\/theworldbilliards.com\\\/fr\\\/#\\\/schema\\\/logo\\\/image\\\/\"},\"sameAs\":[\"https:\\\/\\\/www.facebook.com\\\/baby.foot.superbes\",\"https:\\\/\\\/www.youtube.com\\\/channel\\\/UCIMuOVAaUcH6UpZcsZlH0Tg\",\"https:\\\/\\\/www.facebook.com\\\/people\\\/Brunswick-Billiards-EspaaPortugal\\\/100066446264309\\\/\",\"https:\\\/\\\/www.instagram.com\\\/the_world_billiards\\\/\",\"https:\\\/\\\/www.pinterest.es\\\/Theworldbilliards\\\/\"]}]}<\/script>\n<!-- \/ Yoast SEO plugin. -->","yoast_head_json":{"title":"Acheter Billard Brunswick Oakland II - The World Billiards","description":"Un excellent ajout pour toutes les maisons.  Sp\u00e9cifications du produit:   Ardoise: plaque d'ardoise 3 pi\u00e8ces d'une \u00e9paisseur de 2,54 cm.  Taille: 8 pieds.  Couleur: \"Espresso\" ou \u201cRustic Grey\u201d  Pes: \"Standard\".  Il est livr\u00e9 avec le tapis Pro Cup Tournament inclus en diff\u00e9rentes couleurs que vous pouvez choisir, en option vous avez d\u2019autres tapis comme le Pro Cup T\u00e9flon anti-taches, Simonis, Championship and Brunswick Centennial.  Options:\u00a0Plateau table \u00e0 manger, plateau\u00a0table de ping-pong,\u00a0syst\u00e8me multi bandes de billard Fran\u00e7ais \/ Billard Am\u00e9ricain\u00a0\/\u00a0Snooker Anglais.  &nbsp;","robots":{"index":"index","follow":"follow","max-snippet":"max-snippet:-1","max-image-preview":"max-image-preview:large","max-video-preview":"max-video-preview:-1"},"canonical":"https:\/\/theworldbilliards.com\/fr\/produit\/billard-brunswick-oakland-ii\/","og_locale":"fr_FR","og_type":"article","og_title":"Acheter Billard Brunswick Oakland II - The World Billiards","og_description":"Un excellent ajout pour toutes les maisons.  Sp\u00e9cifications du produit:   Ardoise: plaque d'ardoise 3 pi\u00e8ces d'une \u00e9paisseur de 2,54 cm.  Taille: 8 pieds.  Couleur: \"Espresso\" ou \u201cRustic Grey\u201d  Pes: \"Standard\".  Il est livr\u00e9 avec le tapis Pro Cup Tournament inclus en diff\u00e9rentes couleurs que vous pouvez choisir, en option vous avez d\u2019autres tapis comme le Pro Cup T\u00e9flon anti-taches, Simonis, Championship and Brunswick Centennial.  Options:\u00a0Plateau table \u00e0 manger, plateau\u00a0table de ping-pong,\u00a0syst\u00e8me multi bandes de billard Fran\u00e7ais \/ Billard Am\u00e9ricain\u00a0\/\u00a0Snooker Anglais.  &nbsp;","og_url":"https:\/\/theworldbilliards.com\/fr\/produit\/billard-brunswick-oakland-ii\/","og_site_name":"The World Billiards","article_publisher":"https:\/\/www.facebook.com\/baby.foot.superbes","article_modified_time":"2024-12-03T11:41:49+00:00","og_image":[{"width":889,"height":889,"url":"https:\/\/theworldbilliards.com\/wp-content\/uploads\/2022\/08\/oakland_ii.png","type":"image\/png"}],"twitter_card":"summary_large_image","schema":{"@context":"https:\/\/schema.org","@graph":[{"@type":"WebPage","@id":"https:\/\/theworldbilliards.com\/fr\/produit\/billard-brunswick-oakland-ii\/","url":"https:\/\/theworldbilliards.com\/fr\/produit\/billard-brunswick-oakland-ii\/","name":"Acheter Billard Brunswick Oakland II - The World Billiards","isPartOf":{"@id":"https:\/\/theworldbilliards.com\/fr\/#website"},"primaryImageOfPage":{"@id":"https:\/\/theworldbilliards.com\/fr\/produit\/billard-brunswick-oakland-ii\/#primaryimage"},"image":{"@id":"https:\/\/theworldbilliards.com\/fr\/produit\/billard-brunswick-oakland-ii\/#primaryimage"},"thumbnailUrl":"https:\/\/theworldbilliards.com\/wp-content\/uploads\/2022\/08\/oakland_ii.png","datePublished":"2022-08-31T09:45:57+00:00","dateModified":"2024-12-03T11:41:49+00:00","description":"Un excellent ajout pour toutes les maisons. Sp\u00e9cifications du produit: Ardoise: plaque d'ardoise 3 pi\u00e8ces d'une \u00e9paisseur de 2,54 cm. Taille: 8 pieds. Couleur: \"Espresso\" ou \u201cRustic Grey\u201d Pes: \"Standard\". Il est livr\u00e9 avec le tapis Pro Cup Tournament inclus en diff\u00e9rentes couleurs que vous pouvez choisir, en option vous avez d\u2019autres tapis comme le Pro Cup T\u00e9flon anti-taches, Simonis, Championship and Brunswick Centennial. Options:\u00a0Plateau table \u00e0 manger, plateau\u00a0table de ping-pong,\u00a0syst\u00e8me multi bandes de billard Fran\u00e7ais \/ Billard Am\u00e9ricain\u00a0\/\u00a0Snooker Anglais. &nbsp;","breadcrumb":{"@id":"https:\/\/theworldbilliards.com\/fr\/produit\/billard-brunswick-oakland-ii\/#breadcrumb"},"inLanguage":"fr-FR","potentialAction":[{"@type":"ReadAction","target":["https:\/\/theworldbilliards.com\/fr\/produit\/billard-brunswick-oakland-ii\/"]}]},{"@type":"ImageObject","inLanguage":"fr-FR","@id":"https:\/\/theworldbilliards.com\/fr\/produit\/billard-brunswick-oakland-ii\/#primaryimage","url":"https:\/\/theworldbilliards.com\/wp-content\/uploads\/2022\/08\/oakland_ii.png","contentUrl":"https:\/\/theworldbilliards.com\/wp-content\/uploads\/2022\/08\/oakland_ii.png","width":889,"height":889},{"@type":"BreadcrumbList","@id":"https:\/\/theworldbilliards.com\/fr\/produit\/billard-brunswick-oakland-ii\/#breadcrumb","itemListElement":[{"@type":"ListItem","position":1,"name":"In\u00edcio","item":"https:\/\/theworldbilliards.com\/fr\/"},{"@type":"ListItem","position":2,"name":"Boutique en ligne","item":"https:\/\/theworldbilliards.com\/fr\/boutique-theworldbilliards\/"},{"@type":"ListItem","position":3,"name":"Billard Brunswick Oakland II"}]},{"@type":"WebSite","@id":"https:\/\/theworldbilliards.com\/fr\/#website","url":"https:\/\/theworldbilliards.com\/fr\/","name":"TheWorldBilliards","description":"Achetez ici billard, baby-foot, ping-pong et bowling","publisher":{"@id":"https:\/\/theworldbilliards.com\/fr\/#organization"},"alternateName":"The world billiards","potentialAction":[{"@type":"SearchAction","target":{"@type":"EntryPoint","urlTemplate":"https:\/\/theworldbilliards.com\/fr\/?s={search_term_string}"},"query-input":{"@type":"PropertyValueSpecification","valueRequired":true,"valueName":"search_term_string"}}],"inLanguage":"fr-FR"},{"@type":"Organization","@id":"https:\/\/theworldbilliards.com\/fr\/#organization","name":"The World Billiards","alternateName":"The World Billiards","url":"https:\/\/theworldbilliards.com\/fr\/","logo":{"@type":"ImageObject","inLanguage":"fr-FR","@id":"https:\/\/theworldbilliards.com\/fr\/#\/schema\/logo\/image\/","url":"","contentUrl":"","caption":"The World Billiards"},"image":{"@id":"https:\/\/theworldbilliards.com\/fr\/#\/schema\/logo\/image\/"},"sameAs":["https:\/\/www.facebook.com\/baby.foot.superbes","https:\/\/www.youtube.com\/channel\/UCIMuOVAaUcH6UpZcsZlH0Tg","https:\/\/www.facebook.com\/people\/Brunswick-Billiards-EspaaPortugal\/100066446264309\/","https:\/\/www.instagram.com\/the_world_billiards\/","https:\/\/www.pinterest.es\/Theworldbilliards\/"]}]}},"_links":{"self":[{"href":"https:\/\/theworldbilliards.com\/fr\/wp-json\/wp\/v2\/product\/89732","targetHints":{"allow":["GET"]}}],"collection":[{"href":"https:\/\/theworldbilliards.com\/fr\/wp-json\/wp\/v2\/product"}],"about":[{"href":"https:\/\/theworldbilliards.com\/fr\/wp-json\/wp\/v2\/types\/product"}],"wp:featuredmedia":[{"embeddable":true,"href":"https:\/\/theworldbilliards.com\/fr\/wp-json\/wp\/v2\/media\/89755"}],"wp:attachment":[{"href":"https:\/\/theworldbilliards.com\/fr\/wp-json\/wp\/v2\/media?parent=89732"}],"wp:term":[{"taxonomy":"product_brand","embeddable":true,"href":"https:\/\/theworldbilliards.com\/fr\/wp-json\/wp\/v2\/product_brand?post=89732"},{"taxonomy":"product_cat","embeddable":true,"href":"https:\/\/theworldbilliards.com\/fr\/wp-json\/wp\/v2\/product_cat?post=89732"},{"taxonomy":"product_tag","embeddable":true,"href":"https:\/\/theworldbilliards.com\/fr\/wp-json\/wp\/v2\/product_tag?post=89732"}],"curies":[{"name":"wp","href":"https:\/\/api.w.org\/{rel}","templated":true}]}}