{"id":90115,"date":"2022-09-23T12:56:21","date_gmt":"2022-09-23T10:56:21","guid":{"rendered":"https:\/\/theworldbilliards.com\/?post_type=product&#038;p=90115"},"modified":"2025-05-27T13:45:58","modified_gmt":"2025-05-27T11:45:58","slug":"air-hockey-brunswick-premier","status":"publish","type":"product","link":"https:\/\/theworldbilliards.com\/fr\/produit\/air-hockey-brunswick-premier\/","title":{"rendered":"Air Hockey Brunswick Premier"},"content":{"rendered":"<p>Cette nouvelle table de jeu Premier Air Hockey serait un excellent endroit pour commencer \u00e0 r\u00e9unir votre famille. Avec ses lignes \u00e9pur\u00e9es, son style moderne mais robuste avec une base en \u00ab X \u00bb robuste et un plateau de table assorti inclus, cette table de jeu polyvalente conviendra parfaitement \u00e0 n&rsquo;importe quelle maison.<br \/>\nAttendez-vous \u00e0 des ann\u00e9es de plaisir et de divertissement en famille, vous ne pouvez pas vous tromper\u00a0!<\/p>\n<p>CARACT\u00c9RISTIQUES<br \/>\nBase de cadre en \u00ab\u00a0X\u00a0\u00bb m\u00e9tallique unique pour une stabilit\u00e9 accrue<br \/>\nLes housses de table de jeu convertibles permettent une utilisation multifonctionnelle de la table<br \/>\nNiveleurs de jambes r\u00e9glables<br \/>\nDeux marqueurs de boulier int\u00e9gr\u00e9s<br \/>\nSurface de jeu de qualit\u00e9 commerciale avec des graphismes uniques<br \/>\nMoteur de soufflerie de qualit\u00e9 commerciale<br \/>\nAccessoires inclus : deux maillets blancs et quatre rondelles (deux rouges, deux noires)<br \/>\nCompatible avec le dessus de conversion de tennis de table CT7<\/p>\n<p>FINITION Weathered Oak<\/p>\n<p>TAILLE<br \/>\nTaille 7&prime; (2 x 1 m)<br \/>\nDimensions (L x l x H) 87&Prime; x 47&Prime; x 31,25&Prime; (221 x 119,4 x 79,4 cm)<\/p>\n","protected":false},"excerpt":{"rendered":"<p><strong>Accessoires inclus<\/strong><br \/>\n\u2022 2 maillets blancs (pas de fond de feutre)<br \/>\n\u2022 4 rondelles (deux rouges, deux noires)<\/p>\n","protected":false},"featured_media":104548,"template":"","meta":{"site-sidebar-layout":"default","site-content-layout":"","ast-site-content-layout":"default","site-content-style":"default","site-sidebar-style":"default","ast-global-header-display":"","ast-banner-title-visibility":"","ast-main-header-display":"","ast-hfb-above-header-display":"","ast-hfb-below-header-display":"","ast-hfb-mobile-header-display":"","site-post-title":"","ast-breadcrumbs-content":"","ast-featured-img":"","footer-sml-layout":"","ast-disable-related-posts":"","theme-transparent-header-meta":"default","adv-header-id-meta":"","stick-header-meta":"","header-above-stick-meta":"","header-main-stick-meta":"","header-below-stick-meta":"","astra-migrate-meta-layouts":"default","ast-page-background-enabled":"default","ast-page-background-meta":{"desktop":{"background-color":"var(--ast-global-color-4)","background-image":"","background-repeat":"repeat","background-position":"center center","background-size":"auto","background-attachment":"scroll","background-type":"","background-media":"","overlay-type":"","overlay-color":"","overlay-opacity":"","overlay-gradient":""},"tablet":{"background-color":"","background-image":"","background-repeat":"repeat","background-position":"center center","background-size":"auto","background-attachment":"scroll","background-type":"","background-media":"","overlay-type":"","overlay-color":"","overlay-opacity":"","overlay-gradient":""},"mobile":{"background-color":"","background-image":"","background-repeat":"repeat","background-position":"center center","background-size":"auto","background-attachment":"scroll","background-type":"","background-media":"","overlay-type":"","overlay-color":"","overlay-opacity":"","overlay-gradient":""}},"ast-content-background-meta":{"desktop":{"background-color":"var(--ast-global-color-5)","background-image":"","background-repeat":"repeat","background-position":"center center","background-size":"auto","background-attachment":"scroll","background-type":"","background-media":"","overlay-type":"","overlay-color":"","overlay-opacity":"","overlay-gradient":""},"tablet":{"background-color":"var(--ast-global-color-5)","background-image":"","background-repeat":"repeat","background-position":"center center","background-size":"auto","background-attachment":"scroll","background-type":"","background-media":"","overlay-type":"","overlay-color":"","overlay-opacity":"","overlay-gradient":""},"mobile":{"background-color":"var(--ast-global-color-5)","background-image":"","background-repeat":"repeat","background-position":"center center","background-size":"auto","background-attachment":"scroll","background-type":"","background-media":"","overlay-type":"","overlay-color":"","overlay-opacity":"","overlay-gradient":""}}},"product_brand":[5198],"product_cat":[1219],"product_tag":[],"class_list":{"0":"post-90115","1":"product","2":"type-product","3":"status-publish","4":"has-post-thumbnail","6":"product_brand-brunswick-billiards-fr","7":"product_cat-air-hockey-fr","8":"product_shipping_class-air-hockey-fr","9":"desktop-align-center","10":"tablet-align-left","11":"mobile-align-left","13":"first","14":"onbackorder","15":"taxable","16":"shipping-taxable","17":"purchasable","18":"product-type-simple"},"yoast_head":"<!-- This site is optimized with the Yoast SEO plugin v27.3 - https:\/\/yoast.com\/product\/yoast-seo-wordpress\/ -->\n<title>Acheter Air Hockey Brunswick Premier - The World Billiards<\/title>\n<meta name=\"description\" content=\"Cette nouvelle table de jeu Premier Air Hockey serait un excellent endroit pour commencer \u00e0 r\u00e9unir votre famille. Avec ses lignes \u00e9pur\u00e9es, son style moderne mais robuste avec une base en \u00ab X \u00bb robuste et un plateau de table assorti inclus, cette table de jeu polyvalente conviendra parfaitement \u00e0 n&#039;importe quelle maison. Attendez-vous \u00e0 des ann\u00e9es de plaisir et de divertissement en famille, vous ne pouvez pas vous tromper\u00a0!  CARACT\u00c9RISTIQUES Base de cadre en &quot;X&quot; m\u00e9tallique unique pour une stabilit\u00e9 accrue Les housses de table de jeu convertibles permettent une utilisation multifonctionnelle de la table Niveleurs de jambes r\u00e9glables Deux marqueurs de boulier int\u00e9gr\u00e9s Surface de jeu de qualit\u00e9 commerciale avec des graphismes uniques Moteur de soufflerie de qualit\u00e9 commerciale Accessoires inclus : deux maillets blancs et quatre rondelles (deux rouges, deux noires) Compatible avec le dessus de conversion de tennis de table CT7  FINITION Weathered Oak  TAILLE Taille 7&#039; (2 x 1 m) Dimensions (L x l x H) 87&quot; x 47&quot; x 31,25&quot; (221 x 119,4 x 79,4 cm)\" \/>\n<meta name=\"robots\" content=\"index, follow, max-snippet:-1, max-image-preview:large, max-video-preview:-1\" \/>\n<link rel=\"canonical\" href=\"https:\/\/theworldbilliards.com\/fr\/produit\/air-hockey-brunswick-premier\/\" \/>\n<meta property=\"og:locale\" content=\"fr_FR\" \/>\n<meta property=\"og:type\" content=\"article\" \/>\n<meta property=\"og:title\" content=\"Acheter Air Hockey Brunswick Premier - The World Billiards\" \/>\n<meta property=\"og:description\" content=\"Cette nouvelle table de jeu Premier Air Hockey serait un excellent endroit pour commencer \u00e0 r\u00e9unir votre famille. Avec ses lignes \u00e9pur\u00e9es, son style moderne mais robuste avec une base en \u00ab X \u00bb robuste et un plateau de table assorti inclus, cette table de jeu polyvalente conviendra parfaitement \u00e0 n&#039;importe quelle maison. Attendez-vous \u00e0 des ann\u00e9es de plaisir et de divertissement en famille, vous ne pouvez pas vous tromper\u00a0!  CARACT\u00c9RISTIQUES Base de cadre en &quot;X&quot; m\u00e9tallique unique pour une stabilit\u00e9 accrue Les housses de table de jeu convertibles permettent une utilisation multifonctionnelle de la table Niveleurs de jambes r\u00e9glables Deux marqueurs de boulier int\u00e9gr\u00e9s Surface de jeu de qualit\u00e9 commerciale avec des graphismes uniques Moteur de soufflerie de qualit\u00e9 commerciale Accessoires inclus : deux maillets blancs et quatre rondelles (deux rouges, deux noires) Compatible avec le dessus de conversion de tennis de table CT7  FINITION Weathered Oak  TAILLE Taille 7&#039; (2 x 1 m) Dimensions (L x l x H) 87&quot; x 47&quot; x 31,25&quot; (221 x 119,4 x 79,4 cm)\" \/>\n<meta property=\"og:url\" content=\"https:\/\/theworldbilliards.com\/fr\/produit\/air-hockey-brunswick-premier\/\" \/>\n<meta property=\"og:site_name\" content=\"The World Billiards\" \/>\n<meta property=\"article:publisher\" content=\"https:\/\/www.facebook.com\/baby.foot.superbes\" \/>\n<meta property=\"article:modified_time\" content=\"2025-05-27T11:45:58+00:00\" \/>\n<meta property=\"og:image\" content=\"https:\/\/theworldbilliards.com\/wp-content\/uploads\/2022\/09\/Premier-Air-Hockey-Half-Cover.jpg\" \/>\n\t<meta property=\"og:image:width\" content=\"1000\" \/>\n\t<meta property=\"og:image:height\" content=\"1000\" \/>\n\t<meta property=\"og:image:type\" content=\"image\/jpeg\" \/>\n<meta name=\"twitter:card\" content=\"summary_large_image\" \/>\n<meta name=\"twitter:label1\" content=\"Dur\u00e9e de lecture estim\u00e9e\" \/>\n\t<meta name=\"twitter:data1\" content=\"1 minute\" \/>\n<script type=\"application\/ld+json\" class=\"yoast-schema-graph\">{\"@context\":\"https:\\\/\\\/schema.org\",\"@graph\":[{\"@type\":\"WebPage\",\"@id\":\"https:\\\/\\\/theworldbilliards.com\\\/fr\\\/produit\\\/air-hockey-brunswick-premier\\\/\",\"url\":\"https:\\\/\\\/theworldbilliards.com\\\/fr\\\/produit\\\/air-hockey-brunswick-premier\\\/\",\"name\":\"Acheter Air Hockey Brunswick Premier - The World Billiards\",\"isPartOf\":{\"@id\":\"https:\\\/\\\/theworldbilliards.com\\\/fr\\\/#website\"},\"primaryImageOfPage\":{\"@id\":\"https:\\\/\\\/theworldbilliards.com\\\/fr\\\/produit\\\/air-hockey-brunswick-premier\\\/#primaryimage\"},\"image\":{\"@id\":\"https:\\\/\\\/theworldbilliards.com\\\/fr\\\/produit\\\/air-hockey-brunswick-premier\\\/#primaryimage\"},\"thumbnailUrl\":\"https:\\\/\\\/theworldbilliards.com\\\/wp-content\\\/uploads\\\/2022\\\/09\\\/Premier-Air-Hockey-Half-Cover.jpg\",\"datePublished\":\"2022-09-23T10:56:21+00:00\",\"dateModified\":\"2025-05-27T11:45:58+00:00\",\"description\":\"Cette nouvelle table de jeu Premier Air Hockey serait un excellent endroit pour commencer \u00e0 r\u00e9unir votre famille. Avec ses lignes \u00e9pur\u00e9es, son style moderne mais robuste avec une base en \u00ab X \u00bb robuste et un plateau de table assorti inclus, cette table de jeu polyvalente conviendra parfaitement \u00e0 n'importe quelle maison. Attendez-vous \u00e0 des ann\u00e9es de plaisir et de divertissement en famille, vous ne pouvez pas vous tromper\u00a0! CARACT\u00c9RISTIQUES Base de cadre en \\\"X\\\" m\u00e9tallique unique pour une stabilit\u00e9 accrue Les housses de table de jeu convertibles permettent une utilisation multifonctionnelle de la table Niveleurs de jambes r\u00e9glables Deux marqueurs de boulier int\u00e9gr\u00e9s Surface de jeu de qualit\u00e9 commerciale avec des graphismes uniques Moteur de soufflerie de qualit\u00e9 commerciale Accessoires inclus : deux maillets blancs et quatre rondelles (deux rouges, deux noires) Compatible avec le dessus de conversion de tennis de table CT7 FINITION Weathered Oak TAILLE Taille 7' (2 x 1 m) Dimensions (L x l x H) 87\\\" x 47\\\" x 31,25\\\" (221 x 119,4 x 79,4 cm)\",\"breadcrumb\":{\"@id\":\"https:\\\/\\\/theworldbilliards.com\\\/fr\\\/produit\\\/air-hockey-brunswick-premier\\\/#breadcrumb\"},\"inLanguage\":\"fr-FR\",\"potentialAction\":[{\"@type\":\"ReadAction\",\"target\":[\"https:\\\/\\\/theworldbilliards.com\\\/fr\\\/produit\\\/air-hockey-brunswick-premier\\\/\"]}]},{\"@type\":\"ImageObject\",\"inLanguage\":\"fr-FR\",\"@id\":\"https:\\\/\\\/theworldbilliards.com\\\/fr\\\/produit\\\/air-hockey-brunswick-premier\\\/#primaryimage\",\"url\":\"https:\\\/\\\/theworldbilliards.com\\\/wp-content\\\/uploads\\\/2022\\\/09\\\/Premier-Air-Hockey-Half-Cover.jpg\",\"contentUrl\":\"https:\\\/\\\/theworldbilliards.com\\\/wp-content\\\/uploads\\\/2022\\\/09\\\/Premier-Air-Hockey-Half-Cover.jpg\",\"width\":1000,\"height\":1000},{\"@type\":\"BreadcrumbList\",\"@id\":\"https:\\\/\\\/theworldbilliards.com\\\/fr\\\/produit\\\/air-hockey-brunswick-premier\\\/#breadcrumb\",\"itemListElement\":[{\"@type\":\"ListItem\",\"position\":1,\"name\":\"In\u00edcio\",\"item\":\"https:\\\/\\\/theworldbilliards.com\\\/fr\\\/\"},{\"@type\":\"ListItem\",\"position\":2,\"name\":\"Boutique en ligne\",\"item\":\"https:\\\/\\\/theworldbilliards.com\\\/fr\\\/boutique-theworldbilliards\\\/\"},{\"@type\":\"ListItem\",\"position\":3,\"name\":\"Air Hockey Brunswick Premier\"}]},{\"@type\":\"WebSite\",\"@id\":\"https:\\\/\\\/theworldbilliards.com\\\/fr\\\/#website\",\"url\":\"https:\\\/\\\/theworldbilliards.com\\\/fr\\\/\",\"name\":\"TheWorldBilliards\",\"description\":\"Achetez ici billard, baby-foot, ping-pong et bowling\",\"publisher\":{\"@id\":\"https:\\\/\\\/theworldbilliards.com\\\/fr\\\/#organization\"},\"alternateName\":\"The world billiards\",\"potentialAction\":[{\"@type\":\"SearchAction\",\"target\":{\"@type\":\"EntryPoint\",\"urlTemplate\":\"https:\\\/\\\/theworldbilliards.com\\\/fr\\\/?s={search_term_string}\"},\"query-input\":{\"@type\":\"PropertyValueSpecification\",\"valueRequired\":true,\"valueName\":\"search_term_string\"}}],\"inLanguage\":\"fr-FR\"},{\"@type\":\"Organization\",\"@id\":\"https:\\\/\\\/theworldbilliards.com\\\/fr\\\/#organization\",\"name\":\"The World Billiards\",\"alternateName\":\"The World Billiards\",\"url\":\"https:\\\/\\\/theworldbilliards.com\\\/fr\\\/\",\"logo\":{\"@type\":\"ImageObject\",\"inLanguage\":\"fr-FR\",\"@id\":\"https:\\\/\\\/theworldbilliards.com\\\/fr\\\/#\\\/schema\\\/logo\\\/image\\\/\",\"url\":\"https:\\\/\\\/theworldbilliards.com\\\/wp-content\\\/uploads\\\/2023\\\/09\\\/logo-2023-TheWorldBilliards.png\",\"contentUrl\":\"https:\\\/\\\/theworldbilliards.com\\\/wp-content\\\/uploads\\\/2023\\\/09\\\/logo-2023-TheWorldBilliards.png\",\"width\":1103,\"height\":417,\"caption\":\"The World Billiards\"},\"image\":{\"@id\":\"https:\\\/\\\/theworldbilliards.com\\\/fr\\\/#\\\/schema\\\/logo\\\/image\\\/\"},\"sameAs\":[\"https:\\\/\\\/www.facebook.com\\\/baby.foot.superbes\",\"https:\\\/\\\/www.youtube.com\\\/channel\\\/UCIMuOVAaUcH6UpZcsZlH0Tg\",\"https:\\\/\\\/www.facebook.com\\\/people\\\/Brunswick-Billiards-EspaaPortugal\\\/100066446264309\\\/\",\"https:\\\/\\\/www.instagram.com\\\/the_world_billiards\\\/\",\"https:\\\/\\\/www.pinterest.es\\\/Theworldbilliards\\\/\"]}]}<\/script>\n<!-- \/ Yoast SEO plugin. -->","yoast_head_json":{"title":"Acheter Air Hockey Brunswick Premier - The World Billiards","description":"Cette nouvelle table de jeu Premier Air Hockey serait un excellent endroit pour commencer \u00e0 r\u00e9unir votre famille. Avec ses lignes \u00e9pur\u00e9es, son style moderne mais robuste avec une base en \u00ab X \u00bb robuste et un plateau de table assorti inclus, cette table de jeu polyvalente conviendra parfaitement \u00e0 n'importe quelle maison. Attendez-vous \u00e0 des ann\u00e9es de plaisir et de divertissement en famille, vous ne pouvez pas vous tromper\u00a0!  CARACT\u00c9RISTIQUES Base de cadre en \"X\" m\u00e9tallique unique pour une stabilit\u00e9 accrue Les housses de table de jeu convertibles permettent une utilisation multifonctionnelle de la table Niveleurs de jambes r\u00e9glables Deux marqueurs de boulier int\u00e9gr\u00e9s Surface de jeu de qualit\u00e9 commerciale avec des graphismes uniques Moteur de soufflerie de qualit\u00e9 commerciale Accessoires inclus : deux maillets blancs et quatre rondelles (deux rouges, deux noires) Compatible avec le dessus de conversion de tennis de table CT7  FINITION Weathered Oak  TAILLE Taille 7' (2 x 1 m) Dimensions (L x l x H) 87\" x 47\" x 31,25\" (221 x 119,4 x 79,4 cm)","robots":{"index":"index","follow":"follow","max-snippet":"max-snippet:-1","max-image-preview":"max-image-preview:large","max-video-preview":"max-video-preview:-1"},"canonical":"https:\/\/theworldbilliards.com\/fr\/produit\/air-hockey-brunswick-premier\/","og_locale":"fr_FR","og_type":"article","og_title":"Acheter Air Hockey Brunswick Premier - The World Billiards","og_description":"Cette nouvelle table de jeu Premier Air Hockey serait un excellent endroit pour commencer \u00e0 r\u00e9unir votre famille. Avec ses lignes \u00e9pur\u00e9es, son style moderne mais robuste avec une base en \u00ab X \u00bb robuste et un plateau de table assorti inclus, cette table de jeu polyvalente conviendra parfaitement \u00e0 n'importe quelle maison. Attendez-vous \u00e0 des ann\u00e9es de plaisir et de divertissement en famille, vous ne pouvez pas vous tromper\u00a0!  CARACT\u00c9RISTIQUES Base de cadre en \"X\" m\u00e9tallique unique pour une stabilit\u00e9 accrue Les housses de table de jeu convertibles permettent une utilisation multifonctionnelle de la table Niveleurs de jambes r\u00e9glables Deux marqueurs de boulier int\u00e9gr\u00e9s Surface de jeu de qualit\u00e9 commerciale avec des graphismes uniques Moteur de soufflerie de qualit\u00e9 commerciale Accessoires inclus : deux maillets blancs et quatre rondelles (deux rouges, deux noires) Compatible avec le dessus de conversion de tennis de table CT7  FINITION Weathered Oak  TAILLE Taille 7' (2 x 1 m) Dimensions (L x l x H) 87\" x 47\" x 31,25\" (221 x 119,4 x 79,4 cm)","og_url":"https:\/\/theworldbilliards.com\/fr\/produit\/air-hockey-brunswick-premier\/","og_site_name":"The World Billiards","article_publisher":"https:\/\/www.facebook.com\/baby.foot.superbes","article_modified_time":"2025-05-27T11:45:58+00:00","og_image":[{"width":1000,"height":1000,"url":"https:\/\/theworldbilliards.com\/wp-content\/uploads\/2022\/09\/Premier-Air-Hockey-Half-Cover.jpg","type":"image\/jpeg"}],"twitter_card":"summary_large_image","twitter_misc":{"Dur\u00e9e de lecture estim\u00e9e":"1 minute"},"schema":{"@context":"https:\/\/schema.org","@graph":[{"@type":"WebPage","@id":"https:\/\/theworldbilliards.com\/fr\/produit\/air-hockey-brunswick-premier\/","url":"https:\/\/theworldbilliards.com\/fr\/produit\/air-hockey-brunswick-premier\/","name":"Acheter Air Hockey Brunswick Premier - The World Billiards","isPartOf":{"@id":"https:\/\/theworldbilliards.com\/fr\/#website"},"primaryImageOfPage":{"@id":"https:\/\/theworldbilliards.com\/fr\/produit\/air-hockey-brunswick-premier\/#primaryimage"},"image":{"@id":"https:\/\/theworldbilliards.com\/fr\/produit\/air-hockey-brunswick-premier\/#primaryimage"},"thumbnailUrl":"https:\/\/theworldbilliards.com\/wp-content\/uploads\/2022\/09\/Premier-Air-Hockey-Half-Cover.jpg","datePublished":"2022-09-23T10:56:21+00:00","dateModified":"2025-05-27T11:45:58+00:00","description":"Cette nouvelle table de jeu Premier Air Hockey serait un excellent endroit pour commencer \u00e0 r\u00e9unir votre famille. Avec ses lignes \u00e9pur\u00e9es, son style moderne mais robuste avec une base en \u00ab X \u00bb robuste et un plateau de table assorti inclus, cette table de jeu polyvalente conviendra parfaitement \u00e0 n'importe quelle maison. Attendez-vous \u00e0 des ann\u00e9es de plaisir et de divertissement en famille, vous ne pouvez pas vous tromper\u00a0! CARACT\u00c9RISTIQUES Base de cadre en \"X\" m\u00e9tallique unique pour une stabilit\u00e9 accrue Les housses de table de jeu convertibles permettent une utilisation multifonctionnelle de la table Niveleurs de jambes r\u00e9glables Deux marqueurs de boulier int\u00e9gr\u00e9s Surface de jeu de qualit\u00e9 commerciale avec des graphismes uniques Moteur de soufflerie de qualit\u00e9 commerciale Accessoires inclus : deux maillets blancs et quatre rondelles (deux rouges, deux noires) Compatible avec le dessus de conversion de tennis de table CT7 FINITION Weathered Oak TAILLE Taille 7' (2 x 1 m) Dimensions (L x l x H) 87\" x 47\" x 31,25\" (221 x 119,4 x 79,4 cm)","breadcrumb":{"@id":"https:\/\/theworldbilliards.com\/fr\/produit\/air-hockey-brunswick-premier\/#breadcrumb"},"inLanguage":"fr-FR","potentialAction":[{"@type":"ReadAction","target":["https:\/\/theworldbilliards.com\/fr\/produit\/air-hockey-brunswick-premier\/"]}]},{"@type":"ImageObject","inLanguage":"fr-FR","@id":"https:\/\/theworldbilliards.com\/fr\/produit\/air-hockey-brunswick-premier\/#primaryimage","url":"https:\/\/theworldbilliards.com\/wp-content\/uploads\/2022\/09\/Premier-Air-Hockey-Half-Cover.jpg","contentUrl":"https:\/\/theworldbilliards.com\/wp-content\/uploads\/2022\/09\/Premier-Air-Hockey-Half-Cover.jpg","width":1000,"height":1000},{"@type":"BreadcrumbList","@id":"https:\/\/theworldbilliards.com\/fr\/produit\/air-hockey-brunswick-premier\/#breadcrumb","itemListElement":[{"@type":"ListItem","position":1,"name":"In\u00edcio","item":"https:\/\/theworldbilliards.com\/fr\/"},{"@type":"ListItem","position":2,"name":"Boutique en ligne","item":"https:\/\/theworldbilliards.com\/fr\/boutique-theworldbilliards\/"},{"@type":"ListItem","position":3,"name":"Air Hockey Brunswick Premier"}]},{"@type":"WebSite","@id":"https:\/\/theworldbilliards.com\/fr\/#website","url":"https:\/\/theworldbilliards.com\/fr\/","name":"TheWorldBilliards","description":"Achetez ici billard, baby-foot, ping-pong et bowling","publisher":{"@id":"https:\/\/theworldbilliards.com\/fr\/#organization"},"alternateName":"The world billiards","potentialAction":[{"@type":"SearchAction","target":{"@type":"EntryPoint","urlTemplate":"https:\/\/theworldbilliards.com\/fr\/?s={search_term_string}"},"query-input":{"@type":"PropertyValueSpecification","valueRequired":true,"valueName":"search_term_string"}}],"inLanguage":"fr-FR"},{"@type":"Organization","@id":"https:\/\/theworldbilliards.com\/fr\/#organization","name":"The World Billiards","alternateName":"The World Billiards","url":"https:\/\/theworldbilliards.com\/fr\/","logo":{"@type":"ImageObject","inLanguage":"fr-FR","@id":"https:\/\/theworldbilliards.com\/fr\/#\/schema\/logo\/image\/","url":"https:\/\/theworldbilliards.com\/wp-content\/uploads\/2023\/09\/logo-2023-TheWorldBilliards.png","contentUrl":"https:\/\/theworldbilliards.com\/wp-content\/uploads\/2023\/09\/logo-2023-TheWorldBilliards.png","width":1103,"height":417,"caption":"The World Billiards"},"image":{"@id":"https:\/\/theworldbilliards.com\/fr\/#\/schema\/logo\/image\/"},"sameAs":["https:\/\/www.facebook.com\/baby.foot.superbes","https:\/\/www.youtube.com\/channel\/UCIMuOVAaUcH6UpZcsZlH0Tg","https:\/\/www.facebook.com\/people\/Brunswick-Billiards-EspaaPortugal\/100066446264309\/","https:\/\/www.instagram.com\/the_world_billiards\/","https:\/\/www.pinterest.es\/Theworldbilliards\/"]}]}},"_links":{"self":[{"href":"https:\/\/theworldbilliards.com\/fr\/wp-json\/wp\/v2\/product\/90115","targetHints":{"allow":["GET"]}}],"collection":[{"href":"https:\/\/theworldbilliards.com\/fr\/wp-json\/wp\/v2\/product"}],"about":[{"href":"https:\/\/theworldbilliards.com\/fr\/wp-json\/wp\/v2\/types\/product"}],"wp:featuredmedia":[{"embeddable":true,"href":"https:\/\/theworldbilliards.com\/fr\/wp-json\/wp\/v2\/media\/104548"}],"wp:attachment":[{"href":"https:\/\/theworldbilliards.com\/fr\/wp-json\/wp\/v2\/media?parent=90115"}],"wp:term":[{"taxonomy":"product_brand","embeddable":true,"href":"https:\/\/theworldbilliards.com\/fr\/wp-json\/wp\/v2\/product_brand?post=90115"},{"taxonomy":"product_cat","embeddable":true,"href":"https:\/\/theworldbilliards.com\/fr\/wp-json\/wp\/v2\/product_cat?post=90115"},{"taxonomy":"product_tag","embeddable":true,"href":"https:\/\/theworldbilliards.com\/fr\/wp-json\/wp\/v2\/product_tag?post=90115"}],"curies":[{"name":"wp","href":"https:\/\/api.w.org\/{rel}","templated":true}]}}