{"id":90358,"date":"2022-10-07T13:48:36","date_gmt":"2022-10-07T11:48:36","guid":{"rendered":"https:\/\/theworldbilliards.com\/?post_type=product&#038;p=90358"},"modified":"2023-10-30T13:25:16","modified_gmt":"2023-10-30T12:25:16","slug":"tapis-de-billard-gorina-gt-2000","status":"publish","type":"product","link":"https:\/\/theworldbilliards.com\/fr\/produit\/tapis-de-billard-gorina-gt-2000\/","title":{"rendered":"Tapis de billard Gorina GT 2000"},"content":{"rendered":"<p>Granito Tournament 2000 a une surface plate tr\u00e8s rapide pour une action maximale de la bille blanche. Apparence et durabilit\u00e9 de qualit\u00e9 sup\u00e9rieure, sans pelage ni rainure. Manipulation dans la pose soit de coussins soit de surface.<\/p>\n<p>Composition<br \/>\nlaine peign\u00e9e : 80%<br \/>\nnylon : 20 %<\/p>\n<p>largeur : 160 cm<br \/>\npoids : 670 gr\/m<\/p>\n","protected":false},"excerpt":{"rendered":"<p>Granito Tournament 2000 a une surface plate tr\u00e8s rapide pour une action maximale de la bille blanche. Apparence et durabilit\u00e9 [&hellip;]<\/p>\n","protected":false},"featured_media":90361,"template":"","meta":{"site-sidebar-layout":"default","site-content-layout":"","ast-site-content-layout":"default","site-content-style":"default","site-sidebar-style":"default","ast-global-header-display":"","ast-banner-title-visibility":"","ast-main-header-display":"","ast-hfb-above-header-display":"","ast-hfb-below-header-display":"","ast-hfb-mobile-header-display":"","site-post-title":"","ast-breadcrumbs-content":"","ast-featured-img":"","footer-sml-layout":"","ast-disable-related-posts":"","theme-transparent-header-meta":"default","adv-header-id-meta":"","stick-header-meta":"","header-above-stick-meta":"","header-main-stick-meta":"","header-below-stick-meta":"","astra-migrate-meta-layouts":"default","ast-page-background-enabled":"default","ast-page-background-meta":{"desktop":{"background-color":"var(--ast-global-color-4)","background-image":"","background-repeat":"repeat","background-position":"center center","background-size":"auto","background-attachment":"scroll","background-type":"","background-media":"","overlay-type":"","overlay-color":"","overlay-opacity":"","overlay-gradient":""},"tablet":{"background-color":"","background-image":"","background-repeat":"repeat","background-position":"center center","background-size":"auto","background-attachment":"scroll","background-type":"","background-media":"","overlay-type":"","overlay-color":"","overlay-opacity":"","overlay-gradient":""},"mobile":{"background-color":"","background-image":"","background-repeat":"repeat","background-position":"center center","background-size":"auto","background-attachment":"scroll","background-type":"","background-media":"","overlay-type":"","overlay-color":"","overlay-opacity":"","overlay-gradient":""}},"ast-content-background-meta":{"desktop":{"background-color":"var(--ast-global-color-5)","background-image":"","background-repeat":"repeat","background-position":"center center","background-size":"auto","background-attachment":"scroll","background-type":"","background-media":"","overlay-type":"","overlay-color":"","overlay-opacity":"","overlay-gradient":""},"tablet":{"background-color":"var(--ast-global-color-5)","background-image":"","background-repeat":"repeat","background-position":"center center","background-size":"auto","background-attachment":"scroll","background-type":"","background-media":"","overlay-type":"","overlay-color":"","overlay-opacity":"","overlay-gradient":""},"mobile":{"background-color":"var(--ast-global-color-5)","background-image":"","background-repeat":"repeat","background-position":"center center","background-size":"auto","background-attachment":"scroll","background-type":"","background-media":"","overlay-type":"","overlay-color":"","overlay-opacity":"","overlay-gradient":""}}},"product_brand":[5238],"product_cat":[1222],"product_tag":[],"class_list":{"0":"post-90358","1":"product","2":"type-product","3":"status-publish","4":"has-post-thumbnail","6":"product_brand-gorina-cloth-fr","7":"product_cat-tapis-de-billard","8":"product_shipping_class-accessoires-textiles","9":"desktop-align-center","10":"tablet-align-left","11":"mobile-align-left","13":"first","14":"instock","15":"taxable","16":"shipping-taxable","17":"product-type-simple"},"yoast_head":"<!-- This site is optimized with the Yoast SEO plugin v27.4 - https:\/\/yoast.com\/product\/yoast-seo-wordpress\/ -->\n<title>Acheter Tapis de billard Gorina GT 2000 - The World Billiards<\/title>\n<meta name=\"description\" content=\"Granito Tournament 2000 a une surface plate tr\u00e8s rapide pour une action maximale de la bille blanche. Apparence et durabilit\u00e9 de qualit\u00e9 sup\u00e9rieure, sans pelage ni rainure. Manipulation dans la pose soit de coussins soit de surface.  Composition laine peign\u00e9e : 80% nylon : 20 %  largeur : 160 cm poids : 670 gr\/m\" \/>\n<meta name=\"robots\" content=\"index, follow, max-snippet:-1, max-image-preview:large, max-video-preview:-1\" \/>\n<link rel=\"canonical\" href=\"https:\/\/theworldbilliards.com\/fr\/produit\/tapis-de-billard-gorina-gt-2000\/\" \/>\n<meta property=\"og:locale\" content=\"fr_FR\" \/>\n<meta property=\"og:type\" content=\"article\" \/>\n<meta property=\"og:title\" content=\"Acheter Tapis de billard Gorina GT 2000 - The World Billiards\" \/>\n<meta property=\"og:description\" content=\"Granito Tournament 2000 a une surface plate tr\u00e8s rapide pour une action maximale de la bille blanche. Apparence et durabilit\u00e9 de qualit\u00e9 sup\u00e9rieure, sans pelage ni rainure. Manipulation dans la pose soit de coussins soit de surface.  Composition laine peign\u00e9e : 80% nylon : 20 %  largeur : 160 cm poids : 670 gr\/m\" \/>\n<meta property=\"og:url\" content=\"https:\/\/theworldbilliards.com\/fr\/produit\/tapis-de-billard-gorina-gt-2000\/\" \/>\n<meta property=\"og:site_name\" content=\"The World Billiards\" \/>\n<meta property=\"article:publisher\" content=\"https:\/\/www.facebook.com\/baby.foot.superbes\" \/>\n<meta property=\"article:modified_time\" content=\"2023-10-30T12:25:16+00:00\" \/>\n<meta property=\"og:image\" content=\"https:\/\/theworldbilliards.com\/wp-content\/uploads\/2022\/10\/Gorina-GT-2000.png\" \/>\n\t<meta property=\"og:image:width\" content=\"727\" \/>\n\t<meta property=\"og:image:height\" content=\"727\" \/>\n\t<meta property=\"og:image:type\" content=\"image\/png\" \/>\n<meta name=\"twitter:card\" content=\"summary_large_image\" \/>\n<script type=\"application\/ld+json\" class=\"yoast-schema-graph\">{\"@context\":\"https:\\\/\\\/schema.org\",\"@graph\":[{\"@type\":\"WebPage\",\"@id\":\"https:\\\/\\\/theworldbilliards.com\\\/fr\\\/produit\\\/tapis-de-billard-gorina-gt-2000\\\/\",\"url\":\"https:\\\/\\\/theworldbilliards.com\\\/fr\\\/produit\\\/tapis-de-billard-gorina-gt-2000\\\/\",\"name\":\"Acheter Tapis de billard Gorina GT 2000 - The World Billiards\",\"isPartOf\":{\"@id\":\"https:\\\/\\\/theworldbilliards.com\\\/fr\\\/#website\"},\"primaryImageOfPage\":{\"@id\":\"https:\\\/\\\/theworldbilliards.com\\\/fr\\\/produit\\\/tapis-de-billard-gorina-gt-2000\\\/#primaryimage\"},\"image\":{\"@id\":\"https:\\\/\\\/theworldbilliards.com\\\/fr\\\/produit\\\/tapis-de-billard-gorina-gt-2000\\\/#primaryimage\"},\"thumbnailUrl\":\"https:\\\/\\\/theworldbilliards.com\\\/wp-content\\\/uploads\\\/2022\\\/10\\\/Gorina-GT-2000.png\",\"datePublished\":\"2022-10-07T11:48:36+00:00\",\"dateModified\":\"2023-10-30T12:25:16+00:00\",\"description\":\"Granito Tournament 2000 a une surface plate tr\u00e8s rapide pour une action maximale de la bille blanche. Apparence et durabilit\u00e9 de qualit\u00e9 sup\u00e9rieure, sans pelage ni rainure. Manipulation dans la pose soit de coussins soit de surface. Composition laine peign\u00e9e : 80% nylon : 20 % largeur : 160 cm poids : 670 gr\\\/m\",\"breadcrumb\":{\"@id\":\"https:\\\/\\\/theworldbilliards.com\\\/fr\\\/produit\\\/tapis-de-billard-gorina-gt-2000\\\/#breadcrumb\"},\"inLanguage\":\"fr-FR\",\"potentialAction\":[{\"@type\":\"ReadAction\",\"target\":[\"https:\\\/\\\/theworldbilliards.com\\\/fr\\\/produit\\\/tapis-de-billard-gorina-gt-2000\\\/\"]}]},{\"@type\":\"ImageObject\",\"inLanguage\":\"fr-FR\",\"@id\":\"https:\\\/\\\/theworldbilliards.com\\\/fr\\\/produit\\\/tapis-de-billard-gorina-gt-2000\\\/#primaryimage\",\"url\":\"https:\\\/\\\/theworldbilliards.com\\\/wp-content\\\/uploads\\\/2022\\\/10\\\/Gorina-GT-2000.png\",\"contentUrl\":\"https:\\\/\\\/theworldbilliards.com\\\/wp-content\\\/uploads\\\/2022\\\/10\\\/Gorina-GT-2000.png\",\"width\":727,\"height\":727},{\"@type\":\"BreadcrumbList\",\"@id\":\"https:\\\/\\\/theworldbilliards.com\\\/fr\\\/produit\\\/tapis-de-billard-gorina-gt-2000\\\/#breadcrumb\",\"itemListElement\":[{\"@type\":\"ListItem\",\"position\":1,\"name\":\"In\u00edcio\",\"item\":\"https:\\\/\\\/theworldbilliards.com\\\/fr\\\/\"},{\"@type\":\"ListItem\",\"position\":2,\"name\":\"Boutique en ligne\",\"item\":\"https:\\\/\\\/theworldbilliards.com\\\/fr\\\/boutique-theworldbilliards\\\/\"},{\"@type\":\"ListItem\",\"position\":3,\"name\":\"Tapis de billard Gorina GT 2000\"}]},{\"@type\":\"WebSite\",\"@id\":\"https:\\\/\\\/theworldbilliards.com\\\/fr\\\/#website\",\"url\":\"https:\\\/\\\/theworldbilliards.com\\\/fr\\\/\",\"name\":\"TheWorldBilliards\",\"description\":\"Achetez ici billard, baby-foot, ping-pong et bowling\",\"publisher\":{\"@id\":\"https:\\\/\\\/theworldbilliards.com\\\/fr\\\/#organization\"},\"alternateName\":\"The world billiards\",\"potentialAction\":[{\"@type\":\"SearchAction\",\"target\":{\"@type\":\"EntryPoint\",\"urlTemplate\":\"https:\\\/\\\/theworldbilliards.com\\\/fr\\\/?s={search_term_string}\"},\"query-input\":{\"@type\":\"PropertyValueSpecification\",\"valueRequired\":true,\"valueName\":\"search_term_string\"}}],\"inLanguage\":\"fr-FR\"},{\"@type\":\"Organization\",\"@id\":\"https:\\\/\\\/theworldbilliards.com\\\/fr\\\/#organization\",\"name\":\"The World Billiards\",\"alternateName\":\"The World Billiards\",\"url\":\"https:\\\/\\\/theworldbilliards.com\\\/fr\\\/\",\"logo\":{\"@type\":\"ImageObject\",\"inLanguage\":\"fr-FR\",\"@id\":\"https:\\\/\\\/theworldbilliards.com\\\/fr\\\/#\\\/schema\\\/logo\\\/image\\\/\",\"url\":\"\",\"contentUrl\":\"\",\"caption\":\"The World Billiards\"},\"image\":{\"@id\":\"https:\\\/\\\/theworldbilliards.com\\\/fr\\\/#\\\/schema\\\/logo\\\/image\\\/\"},\"sameAs\":[\"https:\\\/\\\/www.facebook.com\\\/baby.foot.superbes\",\"https:\\\/\\\/www.youtube.com\\\/channel\\\/UCIMuOVAaUcH6UpZcsZlH0Tg\",\"https:\\\/\\\/www.facebook.com\\\/people\\\/Brunswick-Billiards-EspaaPortugal\\\/100066446264309\\\/\",\"https:\\\/\\\/www.instagram.com\\\/the_world_billiards\\\/\",\"https:\\\/\\\/www.pinterest.es\\\/Theworldbilliards\\\/\"]}]}<\/script>\n<!-- \/ Yoast SEO plugin. -->","yoast_head_json":{"title":"Acheter Tapis de billard Gorina GT 2000 - The World Billiards","description":"Granito Tournament 2000 a une surface plate tr\u00e8s rapide pour une action maximale de la bille blanche. Apparence et durabilit\u00e9 de qualit\u00e9 sup\u00e9rieure, sans pelage ni rainure. Manipulation dans la pose soit de coussins soit de surface.  Composition laine peign\u00e9e : 80% nylon : 20 %  largeur : 160 cm poids : 670 gr\/m","robots":{"index":"index","follow":"follow","max-snippet":"max-snippet:-1","max-image-preview":"max-image-preview:large","max-video-preview":"max-video-preview:-1"},"canonical":"https:\/\/theworldbilliards.com\/fr\/produit\/tapis-de-billard-gorina-gt-2000\/","og_locale":"fr_FR","og_type":"article","og_title":"Acheter Tapis de billard Gorina GT 2000 - The World Billiards","og_description":"Granito Tournament 2000 a une surface plate tr\u00e8s rapide pour une action maximale de la bille blanche. Apparence et durabilit\u00e9 de qualit\u00e9 sup\u00e9rieure, sans pelage ni rainure. Manipulation dans la pose soit de coussins soit de surface.  Composition laine peign\u00e9e : 80% nylon : 20 %  largeur : 160 cm poids : 670 gr\/m","og_url":"https:\/\/theworldbilliards.com\/fr\/produit\/tapis-de-billard-gorina-gt-2000\/","og_site_name":"The World Billiards","article_publisher":"https:\/\/www.facebook.com\/baby.foot.superbes","article_modified_time":"2023-10-30T12:25:16+00:00","og_image":[{"width":727,"height":727,"url":"https:\/\/theworldbilliards.com\/wp-content\/uploads\/2022\/10\/Gorina-GT-2000.png","type":"image\/png"}],"twitter_card":"summary_large_image","schema":{"@context":"https:\/\/schema.org","@graph":[{"@type":"WebPage","@id":"https:\/\/theworldbilliards.com\/fr\/produit\/tapis-de-billard-gorina-gt-2000\/","url":"https:\/\/theworldbilliards.com\/fr\/produit\/tapis-de-billard-gorina-gt-2000\/","name":"Acheter Tapis de billard Gorina GT 2000 - The World Billiards","isPartOf":{"@id":"https:\/\/theworldbilliards.com\/fr\/#website"},"primaryImageOfPage":{"@id":"https:\/\/theworldbilliards.com\/fr\/produit\/tapis-de-billard-gorina-gt-2000\/#primaryimage"},"image":{"@id":"https:\/\/theworldbilliards.com\/fr\/produit\/tapis-de-billard-gorina-gt-2000\/#primaryimage"},"thumbnailUrl":"https:\/\/theworldbilliards.com\/wp-content\/uploads\/2022\/10\/Gorina-GT-2000.png","datePublished":"2022-10-07T11:48:36+00:00","dateModified":"2023-10-30T12:25:16+00:00","description":"Granito Tournament 2000 a une surface plate tr\u00e8s rapide pour une action maximale de la bille blanche. Apparence et durabilit\u00e9 de qualit\u00e9 sup\u00e9rieure, sans pelage ni rainure. Manipulation dans la pose soit de coussins soit de surface. Composition laine peign\u00e9e : 80% nylon : 20 % largeur : 160 cm poids : 670 gr\/m","breadcrumb":{"@id":"https:\/\/theworldbilliards.com\/fr\/produit\/tapis-de-billard-gorina-gt-2000\/#breadcrumb"},"inLanguage":"fr-FR","potentialAction":[{"@type":"ReadAction","target":["https:\/\/theworldbilliards.com\/fr\/produit\/tapis-de-billard-gorina-gt-2000\/"]}]},{"@type":"ImageObject","inLanguage":"fr-FR","@id":"https:\/\/theworldbilliards.com\/fr\/produit\/tapis-de-billard-gorina-gt-2000\/#primaryimage","url":"https:\/\/theworldbilliards.com\/wp-content\/uploads\/2022\/10\/Gorina-GT-2000.png","contentUrl":"https:\/\/theworldbilliards.com\/wp-content\/uploads\/2022\/10\/Gorina-GT-2000.png","width":727,"height":727},{"@type":"BreadcrumbList","@id":"https:\/\/theworldbilliards.com\/fr\/produit\/tapis-de-billard-gorina-gt-2000\/#breadcrumb","itemListElement":[{"@type":"ListItem","position":1,"name":"In\u00edcio","item":"https:\/\/theworldbilliards.com\/fr\/"},{"@type":"ListItem","position":2,"name":"Boutique en ligne","item":"https:\/\/theworldbilliards.com\/fr\/boutique-theworldbilliards\/"},{"@type":"ListItem","position":3,"name":"Tapis de billard Gorina GT 2000"}]},{"@type":"WebSite","@id":"https:\/\/theworldbilliards.com\/fr\/#website","url":"https:\/\/theworldbilliards.com\/fr\/","name":"TheWorldBilliards","description":"Achetez ici billard, baby-foot, ping-pong et bowling","publisher":{"@id":"https:\/\/theworldbilliards.com\/fr\/#organization"},"alternateName":"The world billiards","potentialAction":[{"@type":"SearchAction","target":{"@type":"EntryPoint","urlTemplate":"https:\/\/theworldbilliards.com\/fr\/?s={search_term_string}"},"query-input":{"@type":"PropertyValueSpecification","valueRequired":true,"valueName":"search_term_string"}}],"inLanguage":"fr-FR"},{"@type":"Organization","@id":"https:\/\/theworldbilliards.com\/fr\/#organization","name":"The World Billiards","alternateName":"The World Billiards","url":"https:\/\/theworldbilliards.com\/fr\/","logo":{"@type":"ImageObject","inLanguage":"fr-FR","@id":"https:\/\/theworldbilliards.com\/fr\/#\/schema\/logo\/image\/","url":"","contentUrl":"","caption":"The World Billiards"},"image":{"@id":"https:\/\/theworldbilliards.com\/fr\/#\/schema\/logo\/image\/"},"sameAs":["https:\/\/www.facebook.com\/baby.foot.superbes","https:\/\/www.youtube.com\/channel\/UCIMuOVAaUcH6UpZcsZlH0Tg","https:\/\/www.facebook.com\/people\/Brunswick-Billiards-EspaaPortugal\/100066446264309\/","https:\/\/www.instagram.com\/the_world_billiards\/","https:\/\/www.pinterest.es\/Theworldbilliards\/"]}]}},"_links":{"self":[{"href":"https:\/\/theworldbilliards.com\/fr\/wp-json\/wp\/v2\/product\/90358","targetHints":{"allow":["GET"]}}],"collection":[{"href":"https:\/\/theworldbilliards.com\/fr\/wp-json\/wp\/v2\/product"}],"about":[{"href":"https:\/\/theworldbilliards.com\/fr\/wp-json\/wp\/v2\/types\/product"}],"wp:featuredmedia":[{"embeddable":true,"href":"https:\/\/theworldbilliards.com\/fr\/wp-json\/wp\/v2\/media\/90361"}],"wp:attachment":[{"href":"https:\/\/theworldbilliards.com\/fr\/wp-json\/wp\/v2\/media?parent=90358"}],"wp:term":[{"taxonomy":"product_brand","embeddable":true,"href":"https:\/\/theworldbilliards.com\/fr\/wp-json\/wp\/v2\/product_brand?post=90358"},{"taxonomy":"product_cat","embeddable":true,"href":"https:\/\/theworldbilliards.com\/fr\/wp-json\/wp\/v2\/product_cat?post=90358"},{"taxonomy":"product_tag","embeddable":true,"href":"https:\/\/theworldbilliards.com\/fr\/wp-json\/wp\/v2\/product_tag?post=90358"}],"curies":[{"name":"wp","href":"https:\/\/api.w.org\/{rel}","templated":true}]}}