{"id":91625,"date":"2023-03-03T12:05:23","date_gmt":"2023-03-03T11:05:23","guid":{"rendered":"https:\/\/theworldbilliards.com\/produto\/installation-de-billard-ou-service-dassemblage\/"},"modified":"2025-06-11T11:43:51","modified_gmt":"2025-06-11T09:43:51","slug":"installation-de-billard-ou-service-dassemblage","status":"publish","type":"product","link":"https:\/\/theworldbilliards.com\/fr\/produit\/installation-de-billard-ou-service-dassemblage\/","title":{"rendered":"Installation de billard ou service d&rsquo;assemblage"},"content":{"rendered":"<p>Voulez-vous que nous installions votre table de billard?<\/p>\n<p>Vous pouvez acheter la meilleure table du monde, mais s&rsquo;ils ne le montent pas et l&rsquo;installer correctement, vous ne pourrez pas profiter de ses qualit\u00e9s. Si des outils appropri\u00e9s ne sont pas utilis\u00e9s ou qu&rsquo;ils sont utilis\u00e9s sans connaissance appropri\u00e9e, des erreurs peuvent \u00eatre commises qui g\u00e2chent votre piscine.<br \/>\nNos professionnels sont form\u00e9s et qualifi\u00e9s pour l&rsquo;installation de tables de billard. Ils ont des ann\u00e9es d&rsquo;exp\u00e9rience. Ils sont charg\u00e9s de l&rsquo;installer \u00e0 l&rsquo;endroit o\u00f9 vous choisissez, de le niveler, de le rembourrer et de l&rsquo;ajuster parfaitement.<\/p>\n","protected":false},"excerpt":{"rendered":"<p><strong>Service disponible en Espagne\u00a0 et Portugal continentale.<\/strong><\/p>\n<p><strong>* Prix de service exclusivement \u00e0 7 pieds \/ 8 pieds et 9 pieds de billard achet\u00e9s sur ce site Web \u00e0 l&rsquo;exclusion de Valley et Roberto Sport.<\/strong><\/p>\n<p><strong>Il est essentiel de s\u00e9lectionner l&rsquo;exp\u00e9dition, il n&rsquo;est pas applicable avec la collection de magasins.<\/strong><\/p>\n<p>D&rsquo;autres destinations et tailles consultent par e-mail.<\/p>\n","protected":false},"featured_media":56449,"template":"","meta":{"site-sidebar-layout":"default","site-content-layout":"","ast-site-content-layout":"default","site-content-style":"default","site-sidebar-style":"default","ast-global-header-display":"","ast-banner-title-visibility":"","ast-main-header-display":"","ast-hfb-above-header-display":"","ast-hfb-below-header-display":"","ast-hfb-mobile-header-display":"","site-post-title":"","ast-breadcrumbs-content":"","ast-featured-img":"","footer-sml-layout":"","ast-disable-related-posts":"","theme-transparent-header-meta":"default","adv-header-id-meta":"","stick-header-meta":"","header-above-stick-meta":"","header-main-stick-meta":"","header-below-stick-meta":"","astra-migrate-meta-layouts":"default","ast-page-background-enabled":"default","ast-page-background-meta":{"desktop":{"background-color":"var(--ast-global-color-4)","background-image":"","background-repeat":"repeat","background-position":"center center","background-size":"auto","background-attachment":"scroll","background-type":"","background-media":"","overlay-type":"","overlay-color":"","overlay-opacity":"","overlay-gradient":""},"tablet":{"background-color":"","background-image":"","background-repeat":"repeat","background-position":"center center","background-size":"auto","background-attachment":"scroll","background-type":"","background-media":"","overlay-type":"","overlay-color":"","overlay-opacity":"","overlay-gradient":""},"mobile":{"background-color":"","background-image":"","background-repeat":"repeat","background-position":"center center","background-size":"auto","background-attachment":"scroll","background-type":"","background-media":"","overlay-type":"","overlay-color":"","overlay-opacity":"","overlay-gradient":""}},"ast-content-background-meta":{"desktop":{"background-color":"var(--ast-global-color-5)","background-image":"","background-repeat":"repeat","background-position":"center center","background-size":"auto","background-attachment":"scroll","background-type":"","background-media":"","overlay-type":"","overlay-color":"","overlay-opacity":"","overlay-gradient":""},"tablet":{"background-color":"var(--ast-global-color-5)","background-image":"","background-repeat":"repeat","background-position":"center center","background-size":"auto","background-attachment":"scroll","background-type":"","background-media":"","overlay-type":"","overlay-color":"","overlay-opacity":"","overlay-gradient":""},"mobile":{"background-color":"var(--ast-global-color-5)","background-image":"","background-repeat":"repeat","background-position":"center center","background-size":"auto","background-attachment":"scroll","background-type":"","background-media":"","overlay-type":"","overlay-color":"","overlay-opacity":"","overlay-gradient":""}}},"product_brand":[],"product_cat":[1138],"product_tag":[],"class_list":{"0":"post-91625","1":"product","2":"type-product","3":"status-publish","4":"has-post-thumbnail","6":"product_cat-billard","7":"desktop-align-center","8":"tablet-align-left","9":"mobile-align-left","11":"first","12":"instock","13":"taxable","14":"shipping-taxable","15":"purchasable","16":"product-type-variable"},"yoast_head":"<!-- This site is optimized with the Yoast SEO plugin v27.4 - https:\/\/yoast.com\/product\/yoast-seo-wordpress\/ -->\n<title>Acheter Installation de billard ou service d&#039;assemblage - The World Billiards<\/title>\n<meta name=\"description\" content=\"Voulez-vous que nous installions votre table de billard?  Vous pouvez acheter la meilleure table du monde, mais s&#039;ils ne le montent pas et l&#039;installer correctement, vous ne pourrez pas profiter de ses qualit\u00e9s. Si des outils appropri\u00e9s ne sont pas utilis\u00e9s ou qu&#039;ils sont utilis\u00e9s sans connaissance appropri\u00e9e, des erreurs peuvent \u00eatre commises qui g\u00e2chent votre piscine. Nos professionnels sont form\u00e9s et qualifi\u00e9s pour l&#039;installation de tables de billard. Ils ont des ann\u00e9es d&#039;exp\u00e9rience. Ils sont charg\u00e9s de l&#039;installer \u00e0 l&#039;endroit o\u00f9 vous choisissez, de le niveler, de le rembourrer et de l&#039;ajuster parfaitement.\" \/>\n<meta name=\"robots\" content=\"index, follow, max-snippet:-1, max-image-preview:large, max-video-preview:-1\" \/>\n<link rel=\"canonical\" href=\"https:\/\/theworldbilliards.com\/fr\/produit\/installation-de-billard-ou-service-dassemblage\/\" \/>\n<meta property=\"og:locale\" content=\"fr_FR\" \/>\n<meta property=\"og:type\" content=\"article\" \/>\n<meta property=\"og:title\" content=\"Acheter Installation de billard ou service d&#039;assemblage - The World Billiards\" \/>\n<meta property=\"og:description\" content=\"Voulez-vous que nous installions votre table de billard?  Vous pouvez acheter la meilleure table du monde, mais s&#039;ils ne le montent pas et l&#039;installer correctement, vous ne pourrez pas profiter de ses qualit\u00e9s. Si des outils appropri\u00e9s ne sont pas utilis\u00e9s ou qu&#039;ils sont utilis\u00e9s sans connaissance appropri\u00e9e, des erreurs peuvent \u00eatre commises qui g\u00e2chent votre piscine. Nos professionnels sont form\u00e9s et qualifi\u00e9s pour l&#039;installation de tables de billard. Ils ont des ann\u00e9es d&#039;exp\u00e9rience. Ils sont charg\u00e9s de l&#039;installer \u00e0 l&#039;endroit o\u00f9 vous choisissez, de le niveler, de le rembourrer et de l&#039;ajuster parfaitement.\" \/>\n<meta property=\"og:url\" content=\"https:\/\/theworldbilliards.com\/fr\/produit\/installation-de-billard-ou-service-dassemblage\/\" \/>\n<meta property=\"og:site_name\" content=\"The World Billiards\" \/>\n<meta property=\"article:publisher\" content=\"https:\/\/www.facebook.com\/baby.foot.superbes\" \/>\n<meta property=\"article:modified_time\" content=\"2025-06-11T09:43:51+00:00\" \/>\n<meta property=\"og:image\" content=\"https:\/\/theworldbilliards.com\/wp-content\/uploads\/2019\/06\/Motaje-mesas-billar.jpg\" \/>\n\t<meta property=\"og:image:width\" content=\"1375\" \/>\n\t<meta property=\"og:image:height\" content=\"1375\" \/>\n\t<meta property=\"og:image:type\" content=\"image\/jpeg\" \/>\n<meta name=\"twitter:card\" content=\"summary_large_image\" \/>\n<script type=\"application\/ld+json\" class=\"yoast-schema-graph\">{\"@context\":\"https:\\\/\\\/schema.org\",\"@graph\":[{\"@type\":\"WebPage\",\"@id\":\"https:\\\/\\\/theworldbilliards.com\\\/fr\\\/produit\\\/installation-de-billard-ou-service-dassemblage\\\/\",\"url\":\"https:\\\/\\\/theworldbilliards.com\\\/fr\\\/produit\\\/installation-de-billard-ou-service-dassemblage\\\/\",\"name\":\"Acheter Installation de billard ou service d'assemblage - The World Billiards\",\"isPartOf\":{\"@id\":\"https:\\\/\\\/theworldbilliards.com\\\/fr\\\/#website\"},\"primaryImageOfPage\":{\"@id\":\"https:\\\/\\\/theworldbilliards.com\\\/fr\\\/produit\\\/installation-de-billard-ou-service-dassemblage\\\/#primaryimage\"},\"image\":{\"@id\":\"https:\\\/\\\/theworldbilliards.com\\\/fr\\\/produit\\\/installation-de-billard-ou-service-dassemblage\\\/#primaryimage\"},\"thumbnailUrl\":\"https:\\\/\\\/theworldbilliards.com\\\/wp-content\\\/uploads\\\/2019\\\/06\\\/Motaje-mesas-billar.jpg\",\"datePublished\":\"2023-03-03T11:05:23+00:00\",\"dateModified\":\"2025-06-11T09:43:51+00:00\",\"description\":\"Voulez-vous que nous installions votre table de billard? Vous pouvez acheter la meilleure table du monde, mais s'ils ne le montent pas et l'installer correctement, vous ne pourrez pas profiter de ses qualit\u00e9s. Si des outils appropri\u00e9s ne sont pas utilis\u00e9s ou qu'ils sont utilis\u00e9s sans connaissance appropri\u00e9e, des erreurs peuvent \u00eatre commises qui g\u00e2chent votre piscine. Nos professionnels sont form\u00e9s et qualifi\u00e9s pour l'installation de tables de billard. Ils ont des ann\u00e9es d'exp\u00e9rience. Ils sont charg\u00e9s de l'installer \u00e0 l'endroit o\u00f9 vous choisissez, de le niveler, de le rembourrer et de l'ajuster parfaitement.\",\"breadcrumb\":{\"@id\":\"https:\\\/\\\/theworldbilliards.com\\\/fr\\\/produit\\\/installation-de-billard-ou-service-dassemblage\\\/#breadcrumb\"},\"inLanguage\":\"fr-FR\",\"potentialAction\":[{\"@type\":\"ReadAction\",\"target\":[\"https:\\\/\\\/theworldbilliards.com\\\/fr\\\/produit\\\/installation-de-billard-ou-service-dassemblage\\\/\"]}]},{\"@type\":\"ImageObject\",\"inLanguage\":\"fr-FR\",\"@id\":\"https:\\\/\\\/theworldbilliards.com\\\/fr\\\/produit\\\/installation-de-billard-ou-service-dassemblage\\\/#primaryimage\",\"url\":\"https:\\\/\\\/theworldbilliards.com\\\/wp-content\\\/uploads\\\/2019\\\/06\\\/Motaje-mesas-billar.jpg\",\"contentUrl\":\"https:\\\/\\\/theworldbilliards.com\\\/wp-content\\\/uploads\\\/2019\\\/06\\\/Motaje-mesas-billar.jpg\",\"width\":1375,\"height\":1375},{\"@type\":\"BreadcrumbList\",\"@id\":\"https:\\\/\\\/theworldbilliards.com\\\/fr\\\/produit\\\/installation-de-billard-ou-service-dassemblage\\\/#breadcrumb\",\"itemListElement\":[{\"@type\":\"ListItem\",\"position\":1,\"name\":\"In\u00edcio\",\"item\":\"https:\\\/\\\/theworldbilliards.com\\\/fr\\\/\"},{\"@type\":\"ListItem\",\"position\":2,\"name\":\"Boutique en ligne\",\"item\":\"https:\\\/\\\/theworldbilliards.com\\\/fr\\\/boutique-theworldbilliards\\\/\"},{\"@type\":\"ListItem\",\"position\":3,\"name\":\"Installation de billard ou service d&#8217;assemblage\"}]},{\"@type\":\"WebSite\",\"@id\":\"https:\\\/\\\/theworldbilliards.com\\\/fr\\\/#website\",\"url\":\"https:\\\/\\\/theworldbilliards.com\\\/fr\\\/\",\"name\":\"TheWorldBilliards\",\"description\":\"Achetez ici billard, baby-foot, ping-pong et bowling\",\"publisher\":{\"@id\":\"https:\\\/\\\/theworldbilliards.com\\\/fr\\\/#organization\"},\"alternateName\":\"The world billiards\",\"potentialAction\":[{\"@type\":\"SearchAction\",\"target\":{\"@type\":\"EntryPoint\",\"urlTemplate\":\"https:\\\/\\\/theworldbilliards.com\\\/fr\\\/?s={search_term_string}\"},\"query-input\":{\"@type\":\"PropertyValueSpecification\",\"valueRequired\":true,\"valueName\":\"search_term_string\"}}],\"inLanguage\":\"fr-FR\"},{\"@type\":\"Organization\",\"@id\":\"https:\\\/\\\/theworldbilliards.com\\\/fr\\\/#organization\",\"name\":\"The World Billiards\",\"alternateName\":\"The World Billiards\",\"url\":\"https:\\\/\\\/theworldbilliards.com\\\/fr\\\/\",\"logo\":{\"@type\":\"ImageObject\",\"inLanguage\":\"fr-FR\",\"@id\":\"https:\\\/\\\/theworldbilliards.com\\\/fr\\\/#\\\/schema\\\/logo\\\/image\\\/\",\"url\":\"\",\"contentUrl\":\"\",\"caption\":\"The World Billiards\"},\"image\":{\"@id\":\"https:\\\/\\\/theworldbilliards.com\\\/fr\\\/#\\\/schema\\\/logo\\\/image\\\/\"},\"sameAs\":[\"https:\\\/\\\/www.facebook.com\\\/baby.foot.superbes\",\"https:\\\/\\\/www.youtube.com\\\/channel\\\/UCIMuOVAaUcH6UpZcsZlH0Tg\",\"https:\\\/\\\/www.facebook.com\\\/people\\\/Brunswick-Billiards-EspaaPortugal\\\/100066446264309\\\/\",\"https:\\\/\\\/www.instagram.com\\\/the_world_billiards\\\/\",\"https:\\\/\\\/www.pinterest.es\\\/Theworldbilliards\\\/\"]}]}<\/script>\n<!-- \/ Yoast SEO plugin. -->","yoast_head_json":{"title":"Acheter Installation de billard ou service d'assemblage - The World Billiards","description":"Voulez-vous que nous installions votre table de billard?  Vous pouvez acheter la meilleure table du monde, mais s'ils ne le montent pas et l'installer correctement, vous ne pourrez pas profiter de ses qualit\u00e9s. Si des outils appropri\u00e9s ne sont pas utilis\u00e9s ou qu'ils sont utilis\u00e9s sans connaissance appropri\u00e9e, des erreurs peuvent \u00eatre commises qui g\u00e2chent votre piscine. Nos professionnels sont form\u00e9s et qualifi\u00e9s pour l'installation de tables de billard. Ils ont des ann\u00e9es d'exp\u00e9rience. Ils sont charg\u00e9s de l'installer \u00e0 l'endroit o\u00f9 vous choisissez, de le niveler, de le rembourrer et de l'ajuster parfaitement.","robots":{"index":"index","follow":"follow","max-snippet":"max-snippet:-1","max-image-preview":"max-image-preview:large","max-video-preview":"max-video-preview:-1"},"canonical":"https:\/\/theworldbilliards.com\/fr\/produit\/installation-de-billard-ou-service-dassemblage\/","og_locale":"fr_FR","og_type":"article","og_title":"Acheter Installation de billard ou service d'assemblage - The World Billiards","og_description":"Voulez-vous que nous installions votre table de billard?  Vous pouvez acheter la meilleure table du monde, mais s'ils ne le montent pas et l'installer correctement, vous ne pourrez pas profiter de ses qualit\u00e9s. Si des outils appropri\u00e9s ne sont pas utilis\u00e9s ou qu'ils sont utilis\u00e9s sans connaissance appropri\u00e9e, des erreurs peuvent \u00eatre commises qui g\u00e2chent votre piscine. Nos professionnels sont form\u00e9s et qualifi\u00e9s pour l'installation de tables de billard. Ils ont des ann\u00e9es d'exp\u00e9rience. Ils sont charg\u00e9s de l'installer \u00e0 l'endroit o\u00f9 vous choisissez, de le niveler, de le rembourrer et de l'ajuster parfaitement.","og_url":"https:\/\/theworldbilliards.com\/fr\/produit\/installation-de-billard-ou-service-dassemblage\/","og_site_name":"The World Billiards","article_publisher":"https:\/\/www.facebook.com\/baby.foot.superbes","article_modified_time":"2025-06-11T09:43:51+00:00","og_image":[{"width":1375,"height":1375,"url":"https:\/\/theworldbilliards.com\/wp-content\/uploads\/2019\/06\/Motaje-mesas-billar.jpg","type":"image\/jpeg"}],"twitter_card":"summary_large_image","schema":{"@context":"https:\/\/schema.org","@graph":[{"@type":"WebPage","@id":"https:\/\/theworldbilliards.com\/fr\/produit\/installation-de-billard-ou-service-dassemblage\/","url":"https:\/\/theworldbilliards.com\/fr\/produit\/installation-de-billard-ou-service-dassemblage\/","name":"Acheter Installation de billard ou service d'assemblage - The World Billiards","isPartOf":{"@id":"https:\/\/theworldbilliards.com\/fr\/#website"},"primaryImageOfPage":{"@id":"https:\/\/theworldbilliards.com\/fr\/produit\/installation-de-billard-ou-service-dassemblage\/#primaryimage"},"image":{"@id":"https:\/\/theworldbilliards.com\/fr\/produit\/installation-de-billard-ou-service-dassemblage\/#primaryimage"},"thumbnailUrl":"https:\/\/theworldbilliards.com\/wp-content\/uploads\/2019\/06\/Motaje-mesas-billar.jpg","datePublished":"2023-03-03T11:05:23+00:00","dateModified":"2025-06-11T09:43:51+00:00","description":"Voulez-vous que nous installions votre table de billard? Vous pouvez acheter la meilleure table du monde, mais s'ils ne le montent pas et l'installer correctement, vous ne pourrez pas profiter de ses qualit\u00e9s. Si des outils appropri\u00e9s ne sont pas utilis\u00e9s ou qu'ils sont utilis\u00e9s sans connaissance appropri\u00e9e, des erreurs peuvent \u00eatre commises qui g\u00e2chent votre piscine. Nos professionnels sont form\u00e9s et qualifi\u00e9s pour l'installation de tables de billard. Ils ont des ann\u00e9es d'exp\u00e9rience. Ils sont charg\u00e9s de l'installer \u00e0 l'endroit o\u00f9 vous choisissez, de le niveler, de le rembourrer et de l'ajuster parfaitement.","breadcrumb":{"@id":"https:\/\/theworldbilliards.com\/fr\/produit\/installation-de-billard-ou-service-dassemblage\/#breadcrumb"},"inLanguage":"fr-FR","potentialAction":[{"@type":"ReadAction","target":["https:\/\/theworldbilliards.com\/fr\/produit\/installation-de-billard-ou-service-dassemblage\/"]}]},{"@type":"ImageObject","inLanguage":"fr-FR","@id":"https:\/\/theworldbilliards.com\/fr\/produit\/installation-de-billard-ou-service-dassemblage\/#primaryimage","url":"https:\/\/theworldbilliards.com\/wp-content\/uploads\/2019\/06\/Motaje-mesas-billar.jpg","contentUrl":"https:\/\/theworldbilliards.com\/wp-content\/uploads\/2019\/06\/Motaje-mesas-billar.jpg","width":1375,"height":1375},{"@type":"BreadcrumbList","@id":"https:\/\/theworldbilliards.com\/fr\/produit\/installation-de-billard-ou-service-dassemblage\/#breadcrumb","itemListElement":[{"@type":"ListItem","position":1,"name":"In\u00edcio","item":"https:\/\/theworldbilliards.com\/fr\/"},{"@type":"ListItem","position":2,"name":"Boutique en ligne","item":"https:\/\/theworldbilliards.com\/fr\/boutique-theworldbilliards\/"},{"@type":"ListItem","position":3,"name":"Installation de billard ou service d&#8217;assemblage"}]},{"@type":"WebSite","@id":"https:\/\/theworldbilliards.com\/fr\/#website","url":"https:\/\/theworldbilliards.com\/fr\/","name":"TheWorldBilliards","description":"Achetez ici billard, baby-foot, ping-pong et bowling","publisher":{"@id":"https:\/\/theworldbilliards.com\/fr\/#organization"},"alternateName":"The world billiards","potentialAction":[{"@type":"SearchAction","target":{"@type":"EntryPoint","urlTemplate":"https:\/\/theworldbilliards.com\/fr\/?s={search_term_string}"},"query-input":{"@type":"PropertyValueSpecification","valueRequired":true,"valueName":"search_term_string"}}],"inLanguage":"fr-FR"},{"@type":"Organization","@id":"https:\/\/theworldbilliards.com\/fr\/#organization","name":"The World Billiards","alternateName":"The World Billiards","url":"https:\/\/theworldbilliards.com\/fr\/","logo":{"@type":"ImageObject","inLanguage":"fr-FR","@id":"https:\/\/theworldbilliards.com\/fr\/#\/schema\/logo\/image\/","url":"","contentUrl":"","caption":"The World Billiards"},"image":{"@id":"https:\/\/theworldbilliards.com\/fr\/#\/schema\/logo\/image\/"},"sameAs":["https:\/\/www.facebook.com\/baby.foot.superbes","https:\/\/www.youtube.com\/channel\/UCIMuOVAaUcH6UpZcsZlH0Tg","https:\/\/www.facebook.com\/people\/Brunswick-Billiards-EspaaPortugal\/100066446264309\/","https:\/\/www.instagram.com\/the_world_billiards\/","https:\/\/www.pinterest.es\/Theworldbilliards\/"]}]}},"_links":{"self":[{"href":"https:\/\/theworldbilliards.com\/fr\/wp-json\/wp\/v2\/product\/91625","targetHints":{"allow":["GET"]}}],"collection":[{"href":"https:\/\/theworldbilliards.com\/fr\/wp-json\/wp\/v2\/product"}],"about":[{"href":"https:\/\/theworldbilliards.com\/fr\/wp-json\/wp\/v2\/types\/product"}],"wp:featuredmedia":[{"embeddable":true,"href":"https:\/\/theworldbilliards.com\/fr\/wp-json\/wp\/v2\/media\/56449"}],"wp:attachment":[{"href":"https:\/\/theworldbilliards.com\/fr\/wp-json\/wp\/v2\/media?parent=91625"}],"wp:term":[{"taxonomy":"product_brand","embeddable":true,"href":"https:\/\/theworldbilliards.com\/fr\/wp-json\/wp\/v2\/product_brand?post=91625"},{"taxonomy":"product_cat","embeddable":true,"href":"https:\/\/theworldbilliards.com\/fr\/wp-json\/wp\/v2\/product_cat?post=91625"},{"taxonomy":"product_tag","embeddable":true,"href":"https:\/\/theworldbilliards.com\/fr\/wp-json\/wp\/v2\/product_tag?post=91625"}],"curies":[{"name":"wp","href":"https:\/\/api.w.org\/{rel}","templated":true}]}}