{"id":92182,"date":"2023-04-21T13:05:05","date_gmt":"2023-04-21T11:05:05","guid":{"rendered":"https:\/\/theworldbilliards.com\/?post_type=product&#038;p=92182"},"modified":"2023-04-25T12:11:04","modified_gmt":"2023-04-25T10:11:04","slug":"fleche-de-carbone-twb","status":"publish","type":"product","link":"https:\/\/theworldbilliards.com\/fr\/produit\/fleche-de-carbone-twb\/","title":{"rendered":"Fl\u00e8che de carbone TWB"},"content":{"rendered":"<p>La nouvelle fl\u00e8che de carbone TWB de The World Billiards offre le plus de pr\u00e9cision et de contr\u00f4le que vous attendez de la fibre de carbone, mais utilise des technologies pour d\u00e9passer ses limites.<br \/>\nAvec un transfert de puissance et une pr\u00e9cision incroyables.<\/p>\n<p>\u2022 Proc\u00e8d\u00e9 : TWB stratifi\u00e9 de haute qualit\u00e9, 8 couches<br \/>\n\u2022 Typer\u00a0: carbone hybride<br \/>\n\u2022 Taille : 12,8 (demandez d&rsquo;autres mesures)<br \/>\n\u2022 Joint : Uniloc ou Radial Pin<\/p>\n","protected":false},"excerpt":{"rendered":"<p>La nouvelle fl\u00e8che de carbone TWB de The World Billiards offre le plus de pr\u00e9cision et de contr\u00f4le que vous [&hellip;]<\/p>\n","protected":false},"featured_media":92186,"template":"","meta":{"site-sidebar-layout":"default","site-content-layout":"","ast-site-content-layout":"default","site-content-style":"default","site-sidebar-style":"default","ast-global-header-display":"","ast-banner-title-visibility":"","ast-main-header-display":"","ast-hfb-above-header-display":"","ast-hfb-below-header-display":"","ast-hfb-mobile-header-display":"","site-post-title":"","ast-breadcrumbs-content":"","ast-featured-img":"","footer-sml-layout":"","ast-disable-related-posts":"","theme-transparent-header-meta":"default","adv-header-id-meta":"","stick-header-meta":"","header-above-stick-meta":"","header-main-stick-meta":"","header-below-stick-meta":"","astra-migrate-meta-layouts":"default","ast-page-background-enabled":"default","ast-page-background-meta":{"desktop":{"background-color":"var(--ast-global-color-4)","background-image":"","background-repeat":"repeat","background-position":"center center","background-size":"auto","background-attachment":"scroll","background-type":"","background-media":"","overlay-type":"","overlay-color":"","overlay-opacity":"","overlay-gradient":""},"tablet":{"background-color":"","background-image":"","background-repeat":"repeat","background-position":"center center","background-size":"auto","background-attachment":"scroll","background-type":"","background-media":"","overlay-type":"","overlay-color":"","overlay-opacity":"","overlay-gradient":""},"mobile":{"background-color":"","background-image":"","background-repeat":"repeat","background-position":"center center","background-size":"auto","background-attachment":"scroll","background-type":"","background-media":"","overlay-type":"","overlay-color":"","overlay-opacity":"","overlay-gradient":""}},"ast-content-background-meta":{"desktop":{"background-color":"var(--ast-global-color-5)","background-image":"","background-repeat":"repeat","background-position":"center center","background-size":"auto","background-attachment":"scroll","background-type":"","background-media":"","overlay-type":"","overlay-color":"","overlay-opacity":"","overlay-gradient":""},"tablet":{"background-color":"var(--ast-global-color-5)","background-image":"","background-repeat":"repeat","background-position":"center center","background-size":"auto","background-attachment":"scroll","background-type":"","background-media":"","overlay-type":"","overlay-color":"","overlay-opacity":"","overlay-gradient":""},"mobile":{"background-color":"var(--ast-global-color-5)","background-image":"","background-repeat":"repeat","background-position":"center center","background-size":"auto","background-attachment":"scroll","background-type":"","background-media":"","overlay-type":"","overlay-color":"","overlay-opacity":"","overlay-gradient":""}}},"product_brand":[5218],"product_cat":[4739],"product_tag":[],"class_list":{"0":"post-92182","1":"product","2":"type-product","3":"status-publish","4":"has-post-thumbnail","6":"product_brand-the-world-billiards","7":"product_cat-fleches-de-billard","8":"product_shipping_class-accessoires","9":"desktop-align-center","10":"tablet-align-left","11":"mobile-align-left","13":"first","14":"instock","15":"taxable","16":"shipping-taxable","17":"purchasable","18":"product-type-variable"},"yoast_head":"<!-- This site is optimized with the Yoast SEO plugin v27.5 - https:\/\/yoast.com\/product\/yoast-seo-wordpress\/ -->\n<title>Acheter Fl\u00e8che de carbone TWB - The World Billiards<\/title>\n<meta name=\"description\" content=\"La nouvelle fl\u00e8che de carbone TWB de The World Billiards offre le plus de pr\u00e9cision et de contr\u00f4le que vous attendez de la fibre de carbone, mais utilise des technologies pour d\u00e9passer ses limites. Avec un transfert de puissance et une pr\u00e9cision incroyables.  \u2022 Proc\u00e8d\u00e9 : TWB stratifi\u00e9 de haute qualit\u00e9, 8 couches \u2022 Typer\u00a0: carbone hybride \u2022 Taille : 12,8 (demandez d&#039;autres mesures) \u2022 Joint : Uniloc ou Radial Pin\" \/>\n<meta name=\"robots\" content=\"index, follow, max-snippet:-1, max-image-preview:large, max-video-preview:-1\" \/>\n<link rel=\"canonical\" href=\"https:\/\/theworldbilliards.com\/fr\/produit\/fleche-de-carbone-twb\/\" \/>\n<meta property=\"og:locale\" content=\"fr_FR\" \/>\n<meta property=\"og:type\" content=\"article\" \/>\n<meta property=\"og:title\" content=\"Acheter Fl\u00e8che de carbone TWB - The World Billiards\" \/>\n<meta property=\"og:description\" content=\"La nouvelle fl\u00e8che de carbone TWB de The World Billiards offre le plus de pr\u00e9cision et de contr\u00f4le que vous attendez de la fibre de carbone, mais utilise des technologies pour d\u00e9passer ses limites. Avec un transfert de puissance et une pr\u00e9cision incroyables.  \u2022 Proc\u00e8d\u00e9 : TWB stratifi\u00e9 de haute qualit\u00e9, 8 couches \u2022 Typer\u00a0: carbone hybride \u2022 Taille : 12,8 (demandez d&#039;autres mesures) \u2022 Joint : Uniloc ou Radial Pin\" \/>\n<meta property=\"og:url\" content=\"https:\/\/theworldbilliards.com\/fr\/produit\/fleche-de-carbone-twb\/\" \/>\n<meta property=\"og:site_name\" content=\"The World Billiards\" \/>\n<meta property=\"article:publisher\" content=\"https:\/\/www.facebook.com\/baby.foot.superbes\" \/>\n<meta property=\"article:modified_time\" content=\"2023-04-25T10:11:04+00:00\" \/>\n<meta property=\"og:image\" content=\"https:\/\/theworldbilliards.com\/wp-content\/uploads\/2023\/04\/vara-TWB-carbono-e1682337586636.png\" \/>\n\t<meta property=\"og:image:width\" content=\"1200\" \/>\n\t<meta property=\"og:image:height\" content=\"1200\" \/>\n\t<meta property=\"og:image:type\" content=\"image\/png\" \/>\n<meta name=\"twitter:card\" content=\"summary_large_image\" \/>\n<script type=\"application\/ld+json\" class=\"yoast-schema-graph\">{\"@context\":\"https:\\\/\\\/schema.org\",\"@graph\":[{\"@type\":\"WebPage\",\"@id\":\"https:\\\/\\\/theworldbilliards.com\\\/fr\\\/produit\\\/fleche-de-carbone-twb\\\/\",\"url\":\"https:\\\/\\\/theworldbilliards.com\\\/fr\\\/produit\\\/fleche-de-carbone-twb\\\/\",\"name\":\"Acheter Fl\u00e8che de carbone TWB - The World Billiards\",\"isPartOf\":{\"@id\":\"https:\\\/\\\/theworldbilliards.com\\\/fr\\\/#website\"},\"primaryImageOfPage\":{\"@id\":\"https:\\\/\\\/theworldbilliards.com\\\/fr\\\/produit\\\/fleche-de-carbone-twb\\\/#primaryimage\"},\"image\":{\"@id\":\"https:\\\/\\\/theworldbilliards.com\\\/fr\\\/produit\\\/fleche-de-carbone-twb\\\/#primaryimage\"},\"thumbnailUrl\":\"https:\\\/\\\/theworldbilliards.com\\\/wp-content\\\/uploads\\\/2023\\\/04\\\/vara-TWB-carbono-e1682337586636.png\",\"datePublished\":\"2023-04-21T11:05:05+00:00\",\"dateModified\":\"2023-04-25T10:11:04+00:00\",\"description\":\"La nouvelle fl\u00e8che de carbone TWB de The World Billiards offre le plus de pr\u00e9cision et de contr\u00f4le que vous attendez de la fibre de carbone, mais utilise des technologies pour d\u00e9passer ses limites. Avec un transfert de puissance et une pr\u00e9cision incroyables. \u2022 Proc\u00e8d\u00e9 : TWB stratifi\u00e9 de haute qualit\u00e9, 8 couches \u2022 Typer\u00a0: carbone hybride \u2022 Taille : 12,8 (demandez d'autres mesures) \u2022 Joint : Uniloc ou Radial Pin\",\"breadcrumb\":{\"@id\":\"https:\\\/\\\/theworldbilliards.com\\\/fr\\\/produit\\\/fleche-de-carbone-twb\\\/#breadcrumb\"},\"inLanguage\":\"fr-FR\",\"potentialAction\":[{\"@type\":\"ReadAction\",\"target\":[\"https:\\\/\\\/theworldbilliards.com\\\/fr\\\/produit\\\/fleche-de-carbone-twb\\\/\"]}]},{\"@type\":\"ImageObject\",\"inLanguage\":\"fr-FR\",\"@id\":\"https:\\\/\\\/theworldbilliards.com\\\/fr\\\/produit\\\/fleche-de-carbone-twb\\\/#primaryimage\",\"url\":\"https:\\\/\\\/theworldbilliards.com\\\/wp-content\\\/uploads\\\/2023\\\/04\\\/vara-TWB-carbono-e1682337586636.png\",\"contentUrl\":\"https:\\\/\\\/theworldbilliards.com\\\/wp-content\\\/uploads\\\/2023\\\/04\\\/vara-TWB-carbono-e1682337586636.png\",\"width\":1200,\"height\":1200},{\"@type\":\"BreadcrumbList\",\"@id\":\"https:\\\/\\\/theworldbilliards.com\\\/fr\\\/produit\\\/fleche-de-carbone-twb\\\/#breadcrumb\",\"itemListElement\":[{\"@type\":\"ListItem\",\"position\":1,\"name\":\"In\u00edcio\",\"item\":\"https:\\\/\\\/theworldbilliards.com\\\/fr\\\/\"},{\"@type\":\"ListItem\",\"position\":2,\"name\":\"Boutique en ligne\",\"item\":\"https:\\\/\\\/theworldbilliards.com\\\/fr\\\/boutique-theworldbilliards\\\/\"},{\"@type\":\"ListItem\",\"position\":3,\"name\":\"Fl\u00e8che de carbone TWB\"}]},{\"@type\":\"WebSite\",\"@id\":\"https:\\\/\\\/theworldbilliards.com\\\/fr\\\/#website\",\"url\":\"https:\\\/\\\/theworldbilliards.com\\\/fr\\\/\",\"name\":\"TheWorldBilliards\",\"description\":\"Achetez ici billard, baby-foot, ping-pong et bowling\",\"publisher\":{\"@id\":\"https:\\\/\\\/theworldbilliards.com\\\/fr\\\/#organization\"},\"alternateName\":\"The world billiards\",\"potentialAction\":[{\"@type\":\"SearchAction\",\"target\":{\"@type\":\"EntryPoint\",\"urlTemplate\":\"https:\\\/\\\/theworldbilliards.com\\\/fr\\\/?s={search_term_string}\"},\"query-input\":{\"@type\":\"PropertyValueSpecification\",\"valueRequired\":true,\"valueName\":\"search_term_string\"}}],\"inLanguage\":\"fr-FR\"},{\"@type\":\"Organization\",\"@id\":\"https:\\\/\\\/theworldbilliards.com\\\/fr\\\/#organization\",\"name\":\"The World Billiards\",\"alternateName\":\"The World Billiards\",\"url\":\"https:\\\/\\\/theworldbilliards.com\\\/fr\\\/\",\"logo\":{\"@type\":\"ImageObject\",\"inLanguage\":\"fr-FR\",\"@id\":\"https:\\\/\\\/theworldbilliards.com\\\/fr\\\/#\\\/schema\\\/logo\\\/image\\\/\",\"url\":\"\",\"contentUrl\":\"\",\"caption\":\"The World Billiards\"},\"image\":{\"@id\":\"https:\\\/\\\/theworldbilliards.com\\\/fr\\\/#\\\/schema\\\/logo\\\/image\\\/\"},\"sameAs\":[\"https:\\\/\\\/www.facebook.com\\\/baby.foot.superbes\",\"https:\\\/\\\/www.youtube.com\\\/channel\\\/UCIMuOVAaUcH6UpZcsZlH0Tg\",\"https:\\\/\\\/www.facebook.com\\\/people\\\/Brunswick-Billiards-EspaaPortugal\\\/100066446264309\\\/\",\"https:\\\/\\\/www.instagram.com\\\/the_world_billiards\\\/\",\"https:\\\/\\\/www.pinterest.es\\\/Theworldbilliards\\\/\"]}]}<\/script>\n<!-- \/ Yoast SEO plugin. -->","yoast_head_json":{"title":"Acheter Fl\u00e8che de carbone TWB - The World Billiards","description":"La nouvelle fl\u00e8che de carbone TWB de The World Billiards offre le plus de pr\u00e9cision et de contr\u00f4le que vous attendez de la fibre de carbone, mais utilise des technologies pour d\u00e9passer ses limites. Avec un transfert de puissance et une pr\u00e9cision incroyables.  \u2022 Proc\u00e8d\u00e9 : TWB stratifi\u00e9 de haute qualit\u00e9, 8 couches \u2022 Typer\u00a0: carbone hybride \u2022 Taille : 12,8 (demandez d'autres mesures) \u2022 Joint : Uniloc ou Radial Pin","robots":{"index":"index","follow":"follow","max-snippet":"max-snippet:-1","max-image-preview":"max-image-preview:large","max-video-preview":"max-video-preview:-1"},"canonical":"https:\/\/theworldbilliards.com\/fr\/produit\/fleche-de-carbone-twb\/","og_locale":"fr_FR","og_type":"article","og_title":"Acheter Fl\u00e8che de carbone TWB - The World Billiards","og_description":"La nouvelle fl\u00e8che de carbone TWB de The World Billiards offre le plus de pr\u00e9cision et de contr\u00f4le que vous attendez de la fibre de carbone, mais utilise des technologies pour d\u00e9passer ses limites. Avec un transfert de puissance et une pr\u00e9cision incroyables.  \u2022 Proc\u00e8d\u00e9 : TWB stratifi\u00e9 de haute qualit\u00e9, 8 couches \u2022 Typer\u00a0: carbone hybride \u2022 Taille : 12,8 (demandez d'autres mesures) \u2022 Joint : Uniloc ou Radial Pin","og_url":"https:\/\/theworldbilliards.com\/fr\/produit\/fleche-de-carbone-twb\/","og_site_name":"The World Billiards","article_publisher":"https:\/\/www.facebook.com\/baby.foot.superbes","article_modified_time":"2023-04-25T10:11:04+00:00","og_image":[{"width":1200,"height":1200,"url":"https:\/\/theworldbilliards.com\/wp-content\/uploads\/2023\/04\/vara-TWB-carbono-e1682337586636.png","type":"image\/png"}],"twitter_card":"summary_large_image","schema":{"@context":"https:\/\/schema.org","@graph":[{"@type":"WebPage","@id":"https:\/\/theworldbilliards.com\/fr\/produit\/fleche-de-carbone-twb\/","url":"https:\/\/theworldbilliards.com\/fr\/produit\/fleche-de-carbone-twb\/","name":"Acheter Fl\u00e8che de carbone TWB - The World Billiards","isPartOf":{"@id":"https:\/\/theworldbilliards.com\/fr\/#website"},"primaryImageOfPage":{"@id":"https:\/\/theworldbilliards.com\/fr\/produit\/fleche-de-carbone-twb\/#primaryimage"},"image":{"@id":"https:\/\/theworldbilliards.com\/fr\/produit\/fleche-de-carbone-twb\/#primaryimage"},"thumbnailUrl":"https:\/\/theworldbilliards.com\/wp-content\/uploads\/2023\/04\/vara-TWB-carbono-e1682337586636.png","datePublished":"2023-04-21T11:05:05+00:00","dateModified":"2023-04-25T10:11:04+00:00","description":"La nouvelle fl\u00e8che de carbone TWB de The World Billiards offre le plus de pr\u00e9cision et de contr\u00f4le que vous attendez de la fibre de carbone, mais utilise des technologies pour d\u00e9passer ses limites. Avec un transfert de puissance et une pr\u00e9cision incroyables. \u2022 Proc\u00e8d\u00e9 : TWB stratifi\u00e9 de haute qualit\u00e9, 8 couches \u2022 Typer\u00a0: carbone hybride \u2022 Taille : 12,8 (demandez d'autres mesures) \u2022 Joint : Uniloc ou Radial Pin","breadcrumb":{"@id":"https:\/\/theworldbilliards.com\/fr\/produit\/fleche-de-carbone-twb\/#breadcrumb"},"inLanguage":"fr-FR","potentialAction":[{"@type":"ReadAction","target":["https:\/\/theworldbilliards.com\/fr\/produit\/fleche-de-carbone-twb\/"]}]},{"@type":"ImageObject","inLanguage":"fr-FR","@id":"https:\/\/theworldbilliards.com\/fr\/produit\/fleche-de-carbone-twb\/#primaryimage","url":"https:\/\/theworldbilliards.com\/wp-content\/uploads\/2023\/04\/vara-TWB-carbono-e1682337586636.png","contentUrl":"https:\/\/theworldbilliards.com\/wp-content\/uploads\/2023\/04\/vara-TWB-carbono-e1682337586636.png","width":1200,"height":1200},{"@type":"BreadcrumbList","@id":"https:\/\/theworldbilliards.com\/fr\/produit\/fleche-de-carbone-twb\/#breadcrumb","itemListElement":[{"@type":"ListItem","position":1,"name":"In\u00edcio","item":"https:\/\/theworldbilliards.com\/fr\/"},{"@type":"ListItem","position":2,"name":"Boutique en ligne","item":"https:\/\/theworldbilliards.com\/fr\/boutique-theworldbilliards\/"},{"@type":"ListItem","position":3,"name":"Fl\u00e8che de carbone TWB"}]},{"@type":"WebSite","@id":"https:\/\/theworldbilliards.com\/fr\/#website","url":"https:\/\/theworldbilliards.com\/fr\/","name":"TheWorldBilliards","description":"Achetez ici billard, baby-foot, ping-pong et bowling","publisher":{"@id":"https:\/\/theworldbilliards.com\/fr\/#organization"},"alternateName":"The world billiards","potentialAction":[{"@type":"SearchAction","target":{"@type":"EntryPoint","urlTemplate":"https:\/\/theworldbilliards.com\/fr\/?s={search_term_string}"},"query-input":{"@type":"PropertyValueSpecification","valueRequired":true,"valueName":"search_term_string"}}],"inLanguage":"fr-FR"},{"@type":"Organization","@id":"https:\/\/theworldbilliards.com\/fr\/#organization","name":"The World Billiards","alternateName":"The World Billiards","url":"https:\/\/theworldbilliards.com\/fr\/","logo":{"@type":"ImageObject","inLanguage":"fr-FR","@id":"https:\/\/theworldbilliards.com\/fr\/#\/schema\/logo\/image\/","url":"","contentUrl":"","caption":"The World Billiards"},"image":{"@id":"https:\/\/theworldbilliards.com\/fr\/#\/schema\/logo\/image\/"},"sameAs":["https:\/\/www.facebook.com\/baby.foot.superbes","https:\/\/www.youtube.com\/channel\/UCIMuOVAaUcH6UpZcsZlH0Tg","https:\/\/www.facebook.com\/people\/Brunswick-Billiards-EspaaPortugal\/100066446264309\/","https:\/\/www.instagram.com\/the_world_billiards\/","https:\/\/www.pinterest.es\/Theworldbilliards\/"]}]}},"_links":{"self":[{"href":"https:\/\/theworldbilliards.com\/fr\/wp-json\/wp\/v2\/product\/92182","targetHints":{"allow":["GET"]}}],"collection":[{"href":"https:\/\/theworldbilliards.com\/fr\/wp-json\/wp\/v2\/product"}],"about":[{"href":"https:\/\/theworldbilliards.com\/fr\/wp-json\/wp\/v2\/types\/product"}],"wp:featuredmedia":[{"embeddable":true,"href":"https:\/\/theworldbilliards.com\/fr\/wp-json\/wp\/v2\/media\/92186"}],"wp:attachment":[{"href":"https:\/\/theworldbilliards.com\/fr\/wp-json\/wp\/v2\/media?parent=92182"}],"wp:term":[{"taxonomy":"product_brand","embeddable":true,"href":"https:\/\/theworldbilliards.com\/fr\/wp-json\/wp\/v2\/product_brand?post=92182"},{"taxonomy":"product_cat","embeddable":true,"href":"https:\/\/theworldbilliards.com\/fr\/wp-json\/wp\/v2\/product_cat?post=92182"},{"taxonomy":"product_tag","embeddable":true,"href":"https:\/\/theworldbilliards.com\/fr\/wp-json\/wp\/v2\/product_tag?post=92182"}],"curies":[{"name":"wp","href":"https:\/\/api.w.org\/{rel}","templated":true}]}}