{"id":92612,"date":"2023-06-16T12:01:21","date_gmt":"2023-06-16T10:01:21","guid":{"rendered":"https:\/\/theworldbilliards.com\/?post_type=product&#038;p=92612"},"modified":"2026-01-16T13:05:42","modified_gmt":"2026-01-16T12:05:42","slug":"queue-de-billard-mcdermott-h1351","status":"publish","type":"product","link":"https:\/\/theworldbilliards.com\/fr\/produit\/queue-de-billard-mcdermott-h1351\/","title":{"rendered":"Queue de billard McDermott H1351"},"content":{"rendered":"<p>Grip <strong>No grip<\/strong><br \/>\nJoint<strong> 3\/8&Prime;-10<\/strong><br \/>\nFl\u00e8che<strong> i-2<\/strong><\/p>\n<p>La toute nouvelle s\u00e9rie H est la premi\u00e8re gamme de queues \u00e0 comporter le <strong>syst\u00e8me de pes\u00e9e enti\u00e8rement ajustable<\/strong> (<strong>VBP<\/strong>). Aucun autre queue ne vous permet d&rsquo;avoir autant de contr\u00f4le sur le poids et l&rsquo;\u00e9quilibre.<\/p>\n","protected":false},"excerpt":{"rendered":"<p>Grip No grip Joint 3\/8&Prime;-10 Fl\u00e8che i-2 La toute nouvelle s\u00e9rie H est la premi\u00e8re gamme de queues \u00e0 comporter [&hellip;]<\/p>\n","protected":false},"featured_media":92615,"template":"","meta":{"site-sidebar-layout":"default","site-content-layout":"","ast-site-content-layout":"default","site-content-style":"default","site-sidebar-style":"default","ast-global-header-display":"","ast-banner-title-visibility":"","ast-main-header-display":"","ast-hfb-above-header-display":"","ast-hfb-below-header-display":"","ast-hfb-mobile-header-display":"","site-post-title":"","ast-breadcrumbs-content":"","ast-featured-img":"","footer-sml-layout":"","ast-disable-related-posts":"","theme-transparent-header-meta":"default","adv-header-id-meta":"","stick-header-meta":"","header-above-stick-meta":"","header-main-stick-meta":"","header-below-stick-meta":"","astra-migrate-meta-layouts":"default","ast-page-background-enabled":"default","ast-page-background-meta":{"desktop":{"background-color":"var(--ast-global-color-4)","background-image":"","background-repeat":"repeat","background-position":"center center","background-size":"auto","background-attachment":"scroll","background-type":"","background-media":"","overlay-type":"","overlay-color":"","overlay-opacity":"","overlay-gradient":""},"tablet":{"background-color":"","background-image":"","background-repeat":"repeat","background-position":"center center","background-size":"auto","background-attachment":"scroll","background-type":"","background-media":"","overlay-type":"","overlay-color":"","overlay-opacity":"","overlay-gradient":""},"mobile":{"background-color":"","background-image":"","background-repeat":"repeat","background-position":"center center","background-size":"auto","background-attachment":"scroll","background-type":"","background-media":"","overlay-type":"","overlay-color":"","overlay-opacity":"","overlay-gradient":""}},"ast-content-background-meta":{"desktop":{"background-color":"var(--ast-global-color-5)","background-image":"","background-repeat":"repeat","background-position":"center center","background-size":"auto","background-attachment":"scroll","background-type":"","background-media":"","overlay-type":"","overlay-color":"","overlay-opacity":"","overlay-gradient":""},"tablet":{"background-color":"var(--ast-global-color-5)","background-image":"","background-repeat":"repeat","background-position":"center center","background-size":"auto","background-attachment":"scroll","background-type":"","background-media":"","overlay-type":"","overlay-color":"","overlay-opacity":"","overlay-gradient":""},"mobile":{"background-color":"var(--ast-global-color-5)","background-image":"","background-repeat":"repeat","background-position":"center center","background-size":"auto","background-attachment":"scroll","background-type":"","background-media":"","overlay-type":"","overlay-color":"","overlay-opacity":"","overlay-gradient":""}}},"product_brand":[5250],"product_cat":[5316],"product_tag":[],"class_list":{"0":"post-92612","1":"product","2":"type-product","3":"status-publish","4":"has-post-thumbnail","6":"product_brand-mcdermott-fr","7":"product_cat-queues-mcdermott-h-series","8":"product_shipping_class-accessoires","9":"desktop-align-center","10":"tablet-align-left","11":"mobile-align-left","13":"first","14":"onbackorder","15":"taxable","16":"shipping-taxable","17":"purchasable","18":"product-type-simple"},"yoast_head":"<!-- This site is optimized with the Yoast SEO plugin v27.3 - https:\/\/yoast.com\/product\/yoast-seo-wordpress\/ -->\n<title>Acheter Queue de billard McDermott H1351 - The World Billiards<\/title>\n<meta name=\"description\" content=\"Grip No grip Joint 3\/8&quot;-10 Fl\u00e8che i-2  La toute nouvelle s\u00e9rie H est la premi\u00e8re gamme de queues \u00e0 comporter le syst\u00e8me de pes\u00e9e enti\u00e8rement ajustable (VBP). Aucun autre queue ne vous permet d&#039;avoir autant de contr\u00f4le sur le poids et l&#039;\u00e9quilibre.\" \/>\n<meta name=\"robots\" content=\"index, follow, max-snippet:-1, max-image-preview:large, max-video-preview:-1\" \/>\n<link rel=\"canonical\" href=\"https:\/\/theworldbilliards.com\/fr\/produit\/queue-de-billard-mcdermott-h1351\/\" \/>\n<meta property=\"og:locale\" content=\"fr_FR\" \/>\n<meta property=\"og:type\" content=\"article\" \/>\n<meta property=\"og:title\" content=\"Acheter Queue de billard McDermott H1351 - The World Billiards\" \/>\n<meta property=\"og:description\" content=\"Grip No grip Joint 3\/8&quot;-10 Fl\u00e8che i-2  La toute nouvelle s\u00e9rie H est la premi\u00e8re gamme de queues \u00e0 comporter le syst\u00e8me de pes\u00e9e enti\u00e8rement ajustable (VBP). Aucun autre queue ne vous permet d&#039;avoir autant de contr\u00f4le sur le poids et l&#039;\u00e9quilibre.\" \/>\n<meta property=\"og:url\" content=\"https:\/\/theworldbilliards.com\/fr\/produit\/queue-de-billard-mcdermott-h1351\/\" \/>\n<meta property=\"og:site_name\" content=\"The World Billiards\" \/>\n<meta property=\"article:publisher\" content=\"https:\/\/www.facebook.com\/baby.foot.superbes\" \/>\n<meta property=\"article:modified_time\" content=\"2026-01-16T12:05:42+00:00\" \/>\n<meta property=\"og:image\" content=\"https:\/\/theworldbilliards.com\/wp-content\/uploads\/2023\/06\/H1351-Forearm-Sleeve.jpg\" \/>\n\t<meta property=\"og:image:width\" content=\"1800\" \/>\n\t<meta property=\"og:image:height\" content=\"1800\" \/>\n\t<meta property=\"og:image:type\" content=\"image\/jpeg\" \/>\n<meta name=\"twitter:card\" content=\"summary_large_image\" \/>\n<meta name=\"twitter:label1\" content=\"Dur\u00e9e de lecture estim\u00e9e\" \/>\n\t<meta name=\"twitter:data1\" content=\"1 minute\" \/>\n<script type=\"application\/ld+json\" class=\"yoast-schema-graph\">{\"@context\":\"https:\\\/\\\/schema.org\",\"@graph\":[{\"@type\":\"WebPage\",\"@id\":\"https:\\\/\\\/theworldbilliards.com\\\/fr\\\/produit\\\/queue-de-billard-mcdermott-h1351\\\/\",\"url\":\"https:\\\/\\\/theworldbilliards.com\\\/fr\\\/produit\\\/queue-de-billard-mcdermott-h1351\\\/\",\"name\":\"Acheter Queue de billard McDermott H1351 - The World Billiards\",\"isPartOf\":{\"@id\":\"https:\\\/\\\/theworldbilliards.com\\\/fr\\\/#website\"},\"primaryImageOfPage\":{\"@id\":\"https:\\\/\\\/theworldbilliards.com\\\/fr\\\/produit\\\/queue-de-billard-mcdermott-h1351\\\/#primaryimage\"},\"image\":{\"@id\":\"https:\\\/\\\/theworldbilliards.com\\\/fr\\\/produit\\\/queue-de-billard-mcdermott-h1351\\\/#primaryimage\"},\"thumbnailUrl\":\"https:\\\/\\\/theworldbilliards.com\\\/wp-content\\\/uploads\\\/2023\\\/06\\\/H1351-Forearm-Sleeve.jpg\",\"datePublished\":\"2023-06-16T10:01:21+00:00\",\"dateModified\":\"2026-01-16T12:05:42+00:00\",\"description\":\"Grip No grip Joint 3\\\/8\\\"-10 Fl\u00e8che i-2 La toute nouvelle s\u00e9rie H est la premi\u00e8re gamme de queues \u00e0 comporter le syst\u00e8me de pes\u00e9e enti\u00e8rement ajustable (VBP). Aucun autre queue ne vous permet d'avoir autant de contr\u00f4le sur le poids et l'\u00e9quilibre.\",\"breadcrumb\":{\"@id\":\"https:\\\/\\\/theworldbilliards.com\\\/fr\\\/produit\\\/queue-de-billard-mcdermott-h1351\\\/#breadcrumb\"},\"inLanguage\":\"fr-FR\",\"potentialAction\":[{\"@type\":\"ReadAction\",\"target\":[\"https:\\\/\\\/theworldbilliards.com\\\/fr\\\/produit\\\/queue-de-billard-mcdermott-h1351\\\/\"]}]},{\"@type\":\"ImageObject\",\"inLanguage\":\"fr-FR\",\"@id\":\"https:\\\/\\\/theworldbilliards.com\\\/fr\\\/produit\\\/queue-de-billard-mcdermott-h1351\\\/#primaryimage\",\"url\":\"https:\\\/\\\/theworldbilliards.com\\\/wp-content\\\/uploads\\\/2023\\\/06\\\/H1351-Forearm-Sleeve.jpg\",\"contentUrl\":\"https:\\\/\\\/theworldbilliards.com\\\/wp-content\\\/uploads\\\/2023\\\/06\\\/H1351-Forearm-Sleeve.jpg\",\"width\":1800,\"height\":1800},{\"@type\":\"BreadcrumbList\",\"@id\":\"https:\\\/\\\/theworldbilliards.com\\\/fr\\\/produit\\\/queue-de-billard-mcdermott-h1351\\\/#breadcrumb\",\"itemListElement\":[{\"@type\":\"ListItem\",\"position\":1,\"name\":\"In\u00edcio\",\"item\":\"https:\\\/\\\/theworldbilliards.com\\\/fr\\\/\"},{\"@type\":\"ListItem\",\"position\":2,\"name\":\"Boutique en ligne\",\"item\":\"https:\\\/\\\/theworldbilliards.com\\\/fr\\\/boutique-theworldbilliards\\\/\"},{\"@type\":\"ListItem\",\"position\":3,\"name\":\"Queue de billard McDermott H1351\"}]},{\"@type\":\"WebSite\",\"@id\":\"https:\\\/\\\/theworldbilliards.com\\\/fr\\\/#website\",\"url\":\"https:\\\/\\\/theworldbilliards.com\\\/fr\\\/\",\"name\":\"TheWorldBilliards\",\"description\":\"Achetez ici billard, baby-foot, ping-pong et bowling\",\"publisher\":{\"@id\":\"https:\\\/\\\/theworldbilliards.com\\\/fr\\\/#organization\"},\"alternateName\":\"The world billiards\",\"potentialAction\":[{\"@type\":\"SearchAction\",\"target\":{\"@type\":\"EntryPoint\",\"urlTemplate\":\"https:\\\/\\\/theworldbilliards.com\\\/fr\\\/?s={search_term_string}\"},\"query-input\":{\"@type\":\"PropertyValueSpecification\",\"valueRequired\":true,\"valueName\":\"search_term_string\"}}],\"inLanguage\":\"fr-FR\"},{\"@type\":\"Organization\",\"@id\":\"https:\\\/\\\/theworldbilliards.com\\\/fr\\\/#organization\",\"name\":\"The World Billiards\",\"alternateName\":\"The World Billiards\",\"url\":\"https:\\\/\\\/theworldbilliards.com\\\/fr\\\/\",\"logo\":{\"@type\":\"ImageObject\",\"inLanguage\":\"fr-FR\",\"@id\":\"https:\\\/\\\/theworldbilliards.com\\\/fr\\\/#\\\/schema\\\/logo\\\/image\\\/\",\"url\":\"https:\\\/\\\/theworldbilliards.com\\\/wp-content\\\/uploads\\\/2023\\\/09\\\/logo-2023-TheWorldBilliards.png\",\"contentUrl\":\"https:\\\/\\\/theworldbilliards.com\\\/wp-content\\\/uploads\\\/2023\\\/09\\\/logo-2023-TheWorldBilliards.png\",\"width\":1103,\"height\":417,\"caption\":\"The World Billiards\"},\"image\":{\"@id\":\"https:\\\/\\\/theworldbilliards.com\\\/fr\\\/#\\\/schema\\\/logo\\\/image\\\/\"},\"sameAs\":[\"https:\\\/\\\/www.facebook.com\\\/baby.foot.superbes\",\"https:\\\/\\\/www.youtube.com\\\/channel\\\/UCIMuOVAaUcH6UpZcsZlH0Tg\",\"https:\\\/\\\/www.facebook.com\\\/people\\\/Brunswick-Billiards-EspaaPortugal\\\/100066446264309\\\/\",\"https:\\\/\\\/www.instagram.com\\\/the_world_billiards\\\/\",\"https:\\\/\\\/www.pinterest.es\\\/Theworldbilliards\\\/\"]}]}<\/script>\n<!-- \/ Yoast SEO plugin. -->","yoast_head_json":{"title":"Acheter Queue de billard McDermott H1351 - The World Billiards","description":"Grip No grip Joint 3\/8\"-10 Fl\u00e8che i-2  La toute nouvelle s\u00e9rie H est la premi\u00e8re gamme de queues \u00e0 comporter le syst\u00e8me de pes\u00e9e enti\u00e8rement ajustable (VBP). Aucun autre queue ne vous permet d'avoir autant de contr\u00f4le sur le poids et l'\u00e9quilibre.","robots":{"index":"index","follow":"follow","max-snippet":"max-snippet:-1","max-image-preview":"max-image-preview:large","max-video-preview":"max-video-preview:-1"},"canonical":"https:\/\/theworldbilliards.com\/fr\/produit\/queue-de-billard-mcdermott-h1351\/","og_locale":"fr_FR","og_type":"article","og_title":"Acheter Queue de billard McDermott H1351 - The World Billiards","og_description":"Grip No grip Joint 3\/8\"-10 Fl\u00e8che i-2  La toute nouvelle s\u00e9rie H est la premi\u00e8re gamme de queues \u00e0 comporter le syst\u00e8me de pes\u00e9e enti\u00e8rement ajustable (VBP). Aucun autre queue ne vous permet d'avoir autant de contr\u00f4le sur le poids et l'\u00e9quilibre.","og_url":"https:\/\/theworldbilliards.com\/fr\/produit\/queue-de-billard-mcdermott-h1351\/","og_site_name":"The World Billiards","article_publisher":"https:\/\/www.facebook.com\/baby.foot.superbes","article_modified_time":"2026-01-16T12:05:42+00:00","og_image":[{"width":1800,"height":1800,"url":"https:\/\/theworldbilliards.com\/wp-content\/uploads\/2023\/06\/H1351-Forearm-Sleeve.jpg","type":"image\/jpeg"}],"twitter_card":"summary_large_image","twitter_misc":{"Dur\u00e9e de lecture estim\u00e9e":"1 minute"},"schema":{"@context":"https:\/\/schema.org","@graph":[{"@type":"WebPage","@id":"https:\/\/theworldbilliards.com\/fr\/produit\/queue-de-billard-mcdermott-h1351\/","url":"https:\/\/theworldbilliards.com\/fr\/produit\/queue-de-billard-mcdermott-h1351\/","name":"Acheter Queue de billard McDermott H1351 - The World Billiards","isPartOf":{"@id":"https:\/\/theworldbilliards.com\/fr\/#website"},"primaryImageOfPage":{"@id":"https:\/\/theworldbilliards.com\/fr\/produit\/queue-de-billard-mcdermott-h1351\/#primaryimage"},"image":{"@id":"https:\/\/theworldbilliards.com\/fr\/produit\/queue-de-billard-mcdermott-h1351\/#primaryimage"},"thumbnailUrl":"https:\/\/theworldbilliards.com\/wp-content\/uploads\/2023\/06\/H1351-Forearm-Sleeve.jpg","datePublished":"2023-06-16T10:01:21+00:00","dateModified":"2026-01-16T12:05:42+00:00","description":"Grip No grip Joint 3\/8\"-10 Fl\u00e8che i-2 La toute nouvelle s\u00e9rie H est la premi\u00e8re gamme de queues \u00e0 comporter le syst\u00e8me de pes\u00e9e enti\u00e8rement ajustable (VBP). Aucun autre queue ne vous permet d'avoir autant de contr\u00f4le sur le poids et l'\u00e9quilibre.","breadcrumb":{"@id":"https:\/\/theworldbilliards.com\/fr\/produit\/queue-de-billard-mcdermott-h1351\/#breadcrumb"},"inLanguage":"fr-FR","potentialAction":[{"@type":"ReadAction","target":["https:\/\/theworldbilliards.com\/fr\/produit\/queue-de-billard-mcdermott-h1351\/"]}]},{"@type":"ImageObject","inLanguage":"fr-FR","@id":"https:\/\/theworldbilliards.com\/fr\/produit\/queue-de-billard-mcdermott-h1351\/#primaryimage","url":"https:\/\/theworldbilliards.com\/wp-content\/uploads\/2023\/06\/H1351-Forearm-Sleeve.jpg","contentUrl":"https:\/\/theworldbilliards.com\/wp-content\/uploads\/2023\/06\/H1351-Forearm-Sleeve.jpg","width":1800,"height":1800},{"@type":"BreadcrumbList","@id":"https:\/\/theworldbilliards.com\/fr\/produit\/queue-de-billard-mcdermott-h1351\/#breadcrumb","itemListElement":[{"@type":"ListItem","position":1,"name":"In\u00edcio","item":"https:\/\/theworldbilliards.com\/fr\/"},{"@type":"ListItem","position":2,"name":"Boutique en ligne","item":"https:\/\/theworldbilliards.com\/fr\/boutique-theworldbilliards\/"},{"@type":"ListItem","position":3,"name":"Queue de billard McDermott H1351"}]},{"@type":"WebSite","@id":"https:\/\/theworldbilliards.com\/fr\/#website","url":"https:\/\/theworldbilliards.com\/fr\/","name":"TheWorldBilliards","description":"Achetez ici billard, baby-foot, ping-pong et bowling","publisher":{"@id":"https:\/\/theworldbilliards.com\/fr\/#organization"},"alternateName":"The world billiards","potentialAction":[{"@type":"SearchAction","target":{"@type":"EntryPoint","urlTemplate":"https:\/\/theworldbilliards.com\/fr\/?s={search_term_string}"},"query-input":{"@type":"PropertyValueSpecification","valueRequired":true,"valueName":"search_term_string"}}],"inLanguage":"fr-FR"},{"@type":"Organization","@id":"https:\/\/theworldbilliards.com\/fr\/#organization","name":"The World Billiards","alternateName":"The World Billiards","url":"https:\/\/theworldbilliards.com\/fr\/","logo":{"@type":"ImageObject","inLanguage":"fr-FR","@id":"https:\/\/theworldbilliards.com\/fr\/#\/schema\/logo\/image\/","url":"https:\/\/theworldbilliards.com\/wp-content\/uploads\/2023\/09\/logo-2023-TheWorldBilliards.png","contentUrl":"https:\/\/theworldbilliards.com\/wp-content\/uploads\/2023\/09\/logo-2023-TheWorldBilliards.png","width":1103,"height":417,"caption":"The World Billiards"},"image":{"@id":"https:\/\/theworldbilliards.com\/fr\/#\/schema\/logo\/image\/"},"sameAs":["https:\/\/www.facebook.com\/baby.foot.superbes","https:\/\/www.youtube.com\/channel\/UCIMuOVAaUcH6UpZcsZlH0Tg","https:\/\/www.facebook.com\/people\/Brunswick-Billiards-EspaaPortugal\/100066446264309\/","https:\/\/www.instagram.com\/the_world_billiards\/","https:\/\/www.pinterest.es\/Theworldbilliards\/"]}]}},"_links":{"self":[{"href":"https:\/\/theworldbilliards.com\/fr\/wp-json\/wp\/v2\/product\/92612","targetHints":{"allow":["GET"]}}],"collection":[{"href":"https:\/\/theworldbilliards.com\/fr\/wp-json\/wp\/v2\/product"}],"about":[{"href":"https:\/\/theworldbilliards.com\/fr\/wp-json\/wp\/v2\/types\/product"}],"wp:featuredmedia":[{"embeddable":true,"href":"https:\/\/theworldbilliards.com\/fr\/wp-json\/wp\/v2\/media\/92615"}],"wp:attachment":[{"href":"https:\/\/theworldbilliards.com\/fr\/wp-json\/wp\/v2\/media?parent=92612"}],"wp:term":[{"taxonomy":"product_brand","embeddable":true,"href":"https:\/\/theworldbilliards.com\/fr\/wp-json\/wp\/v2\/product_brand?post=92612"},{"taxonomy":"product_cat","embeddable":true,"href":"https:\/\/theworldbilliards.com\/fr\/wp-json\/wp\/v2\/product_cat?post=92612"},{"taxonomy":"product_tag","embeddable":true,"href":"https:\/\/theworldbilliards.com\/fr\/wp-json\/wp\/v2\/product_tag?post=92612"}],"curies":[{"name":"wp","href":"https:\/\/api.w.org\/{rel}","templated":true}]}}