{"id":92718,"date":"2023-06-20T13:06:00","date_gmt":"2023-06-20T11:06:00","guid":{"rendered":"https:\/\/theworldbilliards.com\/?post_type=product&#038;p=92718"},"modified":"2024-12-02T13:53:00","modified_gmt":"2024-12-02T12:53:00","slug":"billard-brunswick-the-bali","status":"publish","type":"product","link":"https:\/\/theworldbilliards.com\/fr\/produit\/billard-brunswick-the-bali\/","title":{"rendered":"Billard Brunswick The Bali"},"content":{"rendered":"<p>Cette table de billard int\u00e9rieure\/ext\u00e9rieure est con\u00e7ue pour r\u00e9sister aux \u00e9l\u00e9ments tout en conservant une jouabilit\u00e9 exceptionnelle synonyme de Billard Brunswick. Cette table de billard \u00e9l\u00e9gante comprend une base en acier inoxydable, des tabliers en osier et des rails en teck. Con\u00e7u pour durer des g\u00e9n\u00e9rations, chaque d\u00e9tail a \u00e9t\u00e9 m\u00e9ticuleusement pens\u00e9 pour en profiter pendant des ann\u00e9es.<\/p>\n<p>Sp\u00e9cifications du produit:<\/p>\n<ul>\n<li>Ardoise: plaque d&rsquo;ardoise d&rsquo;une \u00e9paisseur de 2,5 cm.<\/li>\n<li>Taille: 8 pieds.<\/li>\n<li>Pes: \u00ab\u00a0Standard\u00a0\u00bb.<\/li>\n<li>Tapis Simonis Slate Grey Outdoor inclus<\/li>\n<\/ul>\n","protected":false},"excerpt":{"rendered":"<p><strong>Accessoires inclus<\/strong><br \/>\n\u2022 1 Jeu de Boules<br \/>\n\u2022 Triangle (en pool)<br \/>\n\u2022 4 Queues une-piece<br \/>\n\u2022 6 Cubes de Craie<br \/>\n\u2022 Brosse<\/p>\n<p><a href=\"https:\/\/theworldbilliards.com\/fr\/categorie-produit\/billard\/acessorios-de-billard\/kit-daccessoires\/\" target=\"_blank\" rel=\"noopener\"><strong>Autres options de kit d\u2019accessoires<\/strong><\/a><strong><a href=\"https:\/\/theworldbilliards.com\/fr\/categorie-produit\/billard\/acessorios-de-billard\/kit-daccessoires\/\" target=\"_blank\" rel=\"noopener\"><img loading=\"lazy\" decoding=\"async\" class=\"alignnone wp-image-103074\" src=\"https:\/\/theworldbilliards.com\/wp-content\/uploads\/2024\/04\/Brunswick-kit-centennial-300x189.jpg\" alt=\"\" width=\"200\" height=\"126\" srcset=\"https:\/\/theworldbilliards.com\/wp-content\/uploads\/2024\/04\/Brunswick-kit-centennial-300x189.jpg 300w, https:\/\/theworldbilliards.com\/wp-content\/uploads\/2024\/04\/Brunswick-kit-centennial-600x379.jpg 600w, https:\/\/theworldbilliards.com\/wp-content\/uploads\/2024\/04\/Brunswick-kit-centennial.jpg 708w\" sizes=\"auto, (max-width: 200px) 100vw, 200px\" \/><\/a><\/strong><\/p>\n","protected":false},"featured_media":92722,"template":"","meta":{"site-sidebar-layout":"default","site-content-layout":"","ast-site-content-layout":"default","site-content-style":"default","site-sidebar-style":"default","ast-global-header-display":"","ast-banner-title-visibility":"","ast-main-header-display":"","ast-hfb-above-header-display":"","ast-hfb-below-header-display":"","ast-hfb-mobile-header-display":"","site-post-title":"","ast-breadcrumbs-content":"","ast-featured-img":"","footer-sml-layout":"","ast-disable-related-posts":"","theme-transparent-header-meta":"default","adv-header-id-meta":"","stick-header-meta":"","header-above-stick-meta":"","header-main-stick-meta":"","header-below-stick-meta":"","astra-migrate-meta-layouts":"default","ast-page-background-enabled":"default","ast-page-background-meta":{"desktop":{"background-color":"var(--ast-global-color-4)","background-image":"","background-repeat":"repeat","background-position":"center center","background-size":"auto","background-attachment":"scroll","background-type":"","background-media":"","overlay-type":"","overlay-color":"","overlay-opacity":"","overlay-gradient":""},"tablet":{"background-color":"","background-image":"","background-repeat":"repeat","background-position":"center center","background-size":"auto","background-attachment":"scroll","background-type":"","background-media":"","overlay-type":"","overlay-color":"","overlay-opacity":"","overlay-gradient":""},"mobile":{"background-color":"","background-image":"","background-repeat":"repeat","background-position":"center center","background-size":"auto","background-attachment":"scroll","background-type":"","background-media":"","overlay-type":"","overlay-color":"","overlay-opacity":"","overlay-gradient":""}},"ast-content-background-meta":{"desktop":{"background-color":"var(--ast-global-color-5)","background-image":"","background-repeat":"repeat","background-position":"center center","background-size":"auto","background-attachment":"scroll","background-type":"","background-media":"","overlay-type":"","overlay-color":"","overlay-opacity":"","overlay-gradient":""},"tablet":{"background-color":"var(--ast-global-color-5)","background-image":"","background-repeat":"repeat","background-position":"center center","background-size":"auto","background-attachment":"scroll","background-type":"","background-media":"","overlay-type":"","overlay-color":"","overlay-opacity":"","overlay-gradient":""},"mobile":{"background-color":"var(--ast-global-color-5)","background-image":"","background-repeat":"repeat","background-position":"center center","background-size":"auto","background-attachment":"scroll","background-type":"","background-media":"","overlay-type":"","overlay-color":"","overlay-opacity":"","overlay-gradient":""}}},"product_brand":[5198],"product_cat":[1252,3450],"product_tag":[],"class_list":{"0":"post-92718","1":"product","2":"type-product","3":"status-publish","4":"has-post-thumbnail","6":"product_brand-brunswick-billiards-fr","7":"product_cat-billard-brunswick","8":"product_cat-jeux-de-exterieur","9":"product_shipping_class-billard","10":"desktop-align-center","11":"tablet-align-left","12":"mobile-align-left","14":"first","15":"onbackorder","16":"taxable","17":"shipping-taxable","18":"purchasable","19":"product-type-simple"},"yoast_head":"<!-- This site is optimized with the Yoast SEO plugin v27.4 - https:\/\/yoast.com\/product\/yoast-seo-wordpress\/ -->\n<title>Acheter Billard Brunswick The Bali - The World Billiards<\/title>\n<meta name=\"description\" content=\"Cette table de billard int\u00e9rieure\/ext\u00e9rieure est con\u00e7ue pour r\u00e9sister aux \u00e9l\u00e9ments tout en conservant une jouabilit\u00e9 exceptionnelle synonyme de Billard Brunswick. Cette table de billard \u00e9l\u00e9gante comprend une base en acier inoxydable, des tabliers en osier et des rails en teck. Con\u00e7u pour durer des g\u00e9n\u00e9rations, chaque d\u00e9tail a \u00e9t\u00e9 m\u00e9ticuleusement pens\u00e9 pour en profiter pendant des ann\u00e9es.  Sp\u00e9cifications du produit:   Ardoise: plaque d&#039;ardoise d&#039;une \u00e9paisseur de 2,5 cm.  Taille: 8 pieds.  Pes: &quot;Standard&quot;.  Tapis Simonis Slate Grey Outdoor inclus\" \/>\n<meta name=\"robots\" content=\"index, follow, max-snippet:-1, max-image-preview:large, max-video-preview:-1\" \/>\n<link rel=\"canonical\" href=\"https:\/\/theworldbilliards.com\/fr\/produit\/billard-brunswick-the-bali\/\" \/>\n<meta property=\"og:locale\" content=\"fr_FR\" \/>\n<meta property=\"og:type\" content=\"article\" \/>\n<meta property=\"og:title\" content=\"Acheter Billard Brunswick The Bali - The World Billiards\" \/>\n<meta property=\"og:description\" content=\"Cette table de billard int\u00e9rieure\/ext\u00e9rieure est con\u00e7ue pour r\u00e9sister aux \u00e9l\u00e9ments tout en conservant une jouabilit\u00e9 exceptionnelle synonyme de Billard Brunswick. Cette table de billard \u00e9l\u00e9gante comprend une base en acier inoxydable, des tabliers en osier et des rails en teck. Con\u00e7u pour durer des g\u00e9n\u00e9rations, chaque d\u00e9tail a \u00e9t\u00e9 m\u00e9ticuleusement pens\u00e9 pour en profiter pendant des ann\u00e9es.  Sp\u00e9cifications du produit:   Ardoise: plaque d&#039;ardoise d&#039;une \u00e9paisseur de 2,5 cm.  Taille: 8 pieds.  Pes: &quot;Standard&quot;.  Tapis Simonis Slate Grey Outdoor inclus\" \/>\n<meta property=\"og:url\" content=\"https:\/\/theworldbilliards.com\/fr\/produit\/billard-brunswick-the-bali\/\" \/>\n<meta property=\"og:site_name\" content=\"The World Billiards\" \/>\n<meta property=\"article:publisher\" content=\"https:\/\/www.facebook.com\/baby.foot.superbes\" \/>\n<meta property=\"article:modified_time\" content=\"2024-12-02T12:53:00+00:00\" \/>\n<meta property=\"og:image\" content=\"https:\/\/theworldbilliards.com\/wp-content\/uploads\/2023\/06\/the_bali_grey_teak.jpg\" \/>\n\t<meta property=\"og:image:width\" content=\"791\" \/>\n\t<meta property=\"og:image:height\" content=\"791\" \/>\n\t<meta property=\"og:image:type\" content=\"image\/jpeg\" \/>\n<meta name=\"twitter:card\" content=\"summary_large_image\" \/>\n<script type=\"application\/ld+json\" class=\"yoast-schema-graph\">{\"@context\":\"https:\\\/\\\/schema.org\",\"@graph\":[{\"@type\":\"WebPage\",\"@id\":\"https:\\\/\\\/theworldbilliards.com\\\/fr\\\/produit\\\/billard-brunswick-the-bali\\\/\",\"url\":\"https:\\\/\\\/theworldbilliards.com\\\/fr\\\/produit\\\/billard-brunswick-the-bali\\\/\",\"name\":\"Acheter Billard Brunswick The Bali - The World Billiards\",\"isPartOf\":{\"@id\":\"https:\\\/\\\/theworldbilliards.com\\\/fr\\\/#website\"},\"primaryImageOfPage\":{\"@id\":\"https:\\\/\\\/theworldbilliards.com\\\/fr\\\/produit\\\/billard-brunswick-the-bali\\\/#primaryimage\"},\"image\":{\"@id\":\"https:\\\/\\\/theworldbilliards.com\\\/fr\\\/produit\\\/billard-brunswick-the-bali\\\/#primaryimage\"},\"thumbnailUrl\":\"https:\\\/\\\/theworldbilliards.com\\\/wp-content\\\/uploads\\\/2023\\\/06\\\/the_bali_grey_teak.jpg\",\"datePublished\":\"2023-06-20T11:06:00+00:00\",\"dateModified\":\"2024-12-02T12:53:00+00:00\",\"description\":\"Cette table de billard int\u00e9rieure\\\/ext\u00e9rieure est con\u00e7ue pour r\u00e9sister aux \u00e9l\u00e9ments tout en conservant une jouabilit\u00e9 exceptionnelle synonyme de Billard Brunswick. Cette table de billard \u00e9l\u00e9gante comprend une base en acier inoxydable, des tabliers en osier et des rails en teck. Con\u00e7u pour durer des g\u00e9n\u00e9rations, chaque d\u00e9tail a \u00e9t\u00e9 m\u00e9ticuleusement pens\u00e9 pour en profiter pendant des ann\u00e9es. Sp\u00e9cifications du produit: Ardoise: plaque d'ardoise d'une \u00e9paisseur de 2,5 cm. Taille: 8 pieds. Pes: \\\"Standard\\\". Tapis Simonis Slate Grey Outdoor inclus\",\"breadcrumb\":{\"@id\":\"https:\\\/\\\/theworldbilliards.com\\\/fr\\\/produit\\\/billard-brunswick-the-bali\\\/#breadcrumb\"},\"inLanguage\":\"fr-FR\",\"potentialAction\":[{\"@type\":\"ReadAction\",\"target\":[\"https:\\\/\\\/theworldbilliards.com\\\/fr\\\/produit\\\/billard-brunswick-the-bali\\\/\"]}]},{\"@type\":\"ImageObject\",\"inLanguage\":\"fr-FR\",\"@id\":\"https:\\\/\\\/theworldbilliards.com\\\/fr\\\/produit\\\/billard-brunswick-the-bali\\\/#primaryimage\",\"url\":\"https:\\\/\\\/theworldbilliards.com\\\/wp-content\\\/uploads\\\/2023\\\/06\\\/the_bali_grey_teak.jpg\",\"contentUrl\":\"https:\\\/\\\/theworldbilliards.com\\\/wp-content\\\/uploads\\\/2023\\\/06\\\/the_bali_grey_teak.jpg\",\"width\":791,\"height\":791},{\"@type\":\"BreadcrumbList\",\"@id\":\"https:\\\/\\\/theworldbilliards.com\\\/fr\\\/produit\\\/billard-brunswick-the-bali\\\/#breadcrumb\",\"itemListElement\":[{\"@type\":\"ListItem\",\"position\":1,\"name\":\"In\u00edcio\",\"item\":\"https:\\\/\\\/theworldbilliards.com\\\/fr\\\/\"},{\"@type\":\"ListItem\",\"position\":2,\"name\":\"Boutique en ligne\",\"item\":\"https:\\\/\\\/theworldbilliards.com\\\/fr\\\/boutique-theworldbilliards\\\/\"},{\"@type\":\"ListItem\",\"position\":3,\"name\":\"Billard Brunswick The Bali\"}]},{\"@type\":\"WebSite\",\"@id\":\"https:\\\/\\\/theworldbilliards.com\\\/fr\\\/#website\",\"url\":\"https:\\\/\\\/theworldbilliards.com\\\/fr\\\/\",\"name\":\"TheWorldBilliards\",\"description\":\"Achetez ici billard, baby-foot, ping-pong et bowling\",\"publisher\":{\"@id\":\"https:\\\/\\\/theworldbilliards.com\\\/fr\\\/#organization\"},\"alternateName\":\"The world billiards\",\"potentialAction\":[{\"@type\":\"SearchAction\",\"target\":{\"@type\":\"EntryPoint\",\"urlTemplate\":\"https:\\\/\\\/theworldbilliards.com\\\/fr\\\/?s={search_term_string}\"},\"query-input\":{\"@type\":\"PropertyValueSpecification\",\"valueRequired\":true,\"valueName\":\"search_term_string\"}}],\"inLanguage\":\"fr-FR\"},{\"@type\":\"Organization\",\"@id\":\"https:\\\/\\\/theworldbilliards.com\\\/fr\\\/#organization\",\"name\":\"The World Billiards\",\"alternateName\":\"The World Billiards\",\"url\":\"https:\\\/\\\/theworldbilliards.com\\\/fr\\\/\",\"logo\":{\"@type\":\"ImageObject\",\"inLanguage\":\"fr-FR\",\"@id\":\"https:\\\/\\\/theworldbilliards.com\\\/fr\\\/#\\\/schema\\\/logo\\\/image\\\/\",\"url\":\"\",\"contentUrl\":\"\",\"caption\":\"The World Billiards\"},\"image\":{\"@id\":\"https:\\\/\\\/theworldbilliards.com\\\/fr\\\/#\\\/schema\\\/logo\\\/image\\\/\"},\"sameAs\":[\"https:\\\/\\\/www.facebook.com\\\/baby.foot.superbes\",\"https:\\\/\\\/www.youtube.com\\\/channel\\\/UCIMuOVAaUcH6UpZcsZlH0Tg\",\"https:\\\/\\\/www.facebook.com\\\/people\\\/Brunswick-Billiards-EspaaPortugal\\\/100066446264309\\\/\",\"https:\\\/\\\/www.instagram.com\\\/the_world_billiards\\\/\",\"https:\\\/\\\/www.pinterest.es\\\/Theworldbilliards\\\/\"]}]}<\/script>\n<!-- \/ Yoast SEO plugin. -->","yoast_head_json":{"title":"Acheter Billard Brunswick The Bali - The World Billiards","description":"Cette table de billard int\u00e9rieure\/ext\u00e9rieure est con\u00e7ue pour r\u00e9sister aux \u00e9l\u00e9ments tout en conservant une jouabilit\u00e9 exceptionnelle synonyme de Billard Brunswick. Cette table de billard \u00e9l\u00e9gante comprend une base en acier inoxydable, des tabliers en osier et des rails en teck. Con\u00e7u pour durer des g\u00e9n\u00e9rations, chaque d\u00e9tail a \u00e9t\u00e9 m\u00e9ticuleusement pens\u00e9 pour en profiter pendant des ann\u00e9es.  Sp\u00e9cifications du produit:   Ardoise: plaque d'ardoise d'une \u00e9paisseur de 2,5 cm.  Taille: 8 pieds.  Pes: \"Standard\".  Tapis Simonis Slate Grey Outdoor inclus","robots":{"index":"index","follow":"follow","max-snippet":"max-snippet:-1","max-image-preview":"max-image-preview:large","max-video-preview":"max-video-preview:-1"},"canonical":"https:\/\/theworldbilliards.com\/fr\/produit\/billard-brunswick-the-bali\/","og_locale":"fr_FR","og_type":"article","og_title":"Acheter Billard Brunswick The Bali - The World Billiards","og_description":"Cette table de billard int\u00e9rieure\/ext\u00e9rieure est con\u00e7ue pour r\u00e9sister aux \u00e9l\u00e9ments tout en conservant une jouabilit\u00e9 exceptionnelle synonyme de Billard Brunswick. Cette table de billard \u00e9l\u00e9gante comprend une base en acier inoxydable, des tabliers en osier et des rails en teck. Con\u00e7u pour durer des g\u00e9n\u00e9rations, chaque d\u00e9tail a \u00e9t\u00e9 m\u00e9ticuleusement pens\u00e9 pour en profiter pendant des ann\u00e9es.  Sp\u00e9cifications du produit:   Ardoise: plaque d'ardoise d'une \u00e9paisseur de 2,5 cm.  Taille: 8 pieds.  Pes: \"Standard\".  Tapis Simonis Slate Grey Outdoor inclus","og_url":"https:\/\/theworldbilliards.com\/fr\/produit\/billard-brunswick-the-bali\/","og_site_name":"The World Billiards","article_publisher":"https:\/\/www.facebook.com\/baby.foot.superbes","article_modified_time":"2024-12-02T12:53:00+00:00","og_image":[{"width":791,"height":791,"url":"https:\/\/theworldbilliards.com\/wp-content\/uploads\/2023\/06\/the_bali_grey_teak.jpg","type":"image\/jpeg"}],"twitter_card":"summary_large_image","schema":{"@context":"https:\/\/schema.org","@graph":[{"@type":"WebPage","@id":"https:\/\/theworldbilliards.com\/fr\/produit\/billard-brunswick-the-bali\/","url":"https:\/\/theworldbilliards.com\/fr\/produit\/billard-brunswick-the-bali\/","name":"Acheter Billard Brunswick The Bali - The World Billiards","isPartOf":{"@id":"https:\/\/theworldbilliards.com\/fr\/#website"},"primaryImageOfPage":{"@id":"https:\/\/theworldbilliards.com\/fr\/produit\/billard-brunswick-the-bali\/#primaryimage"},"image":{"@id":"https:\/\/theworldbilliards.com\/fr\/produit\/billard-brunswick-the-bali\/#primaryimage"},"thumbnailUrl":"https:\/\/theworldbilliards.com\/wp-content\/uploads\/2023\/06\/the_bali_grey_teak.jpg","datePublished":"2023-06-20T11:06:00+00:00","dateModified":"2024-12-02T12:53:00+00:00","description":"Cette table de billard int\u00e9rieure\/ext\u00e9rieure est con\u00e7ue pour r\u00e9sister aux \u00e9l\u00e9ments tout en conservant une jouabilit\u00e9 exceptionnelle synonyme de Billard Brunswick. Cette table de billard \u00e9l\u00e9gante comprend une base en acier inoxydable, des tabliers en osier et des rails en teck. Con\u00e7u pour durer des g\u00e9n\u00e9rations, chaque d\u00e9tail a \u00e9t\u00e9 m\u00e9ticuleusement pens\u00e9 pour en profiter pendant des ann\u00e9es. Sp\u00e9cifications du produit: Ardoise: plaque d'ardoise d'une \u00e9paisseur de 2,5 cm. Taille: 8 pieds. Pes: \"Standard\". Tapis Simonis Slate Grey Outdoor inclus","breadcrumb":{"@id":"https:\/\/theworldbilliards.com\/fr\/produit\/billard-brunswick-the-bali\/#breadcrumb"},"inLanguage":"fr-FR","potentialAction":[{"@type":"ReadAction","target":["https:\/\/theworldbilliards.com\/fr\/produit\/billard-brunswick-the-bali\/"]}]},{"@type":"ImageObject","inLanguage":"fr-FR","@id":"https:\/\/theworldbilliards.com\/fr\/produit\/billard-brunswick-the-bali\/#primaryimage","url":"https:\/\/theworldbilliards.com\/wp-content\/uploads\/2023\/06\/the_bali_grey_teak.jpg","contentUrl":"https:\/\/theworldbilliards.com\/wp-content\/uploads\/2023\/06\/the_bali_grey_teak.jpg","width":791,"height":791},{"@type":"BreadcrumbList","@id":"https:\/\/theworldbilliards.com\/fr\/produit\/billard-brunswick-the-bali\/#breadcrumb","itemListElement":[{"@type":"ListItem","position":1,"name":"In\u00edcio","item":"https:\/\/theworldbilliards.com\/fr\/"},{"@type":"ListItem","position":2,"name":"Boutique en ligne","item":"https:\/\/theworldbilliards.com\/fr\/boutique-theworldbilliards\/"},{"@type":"ListItem","position":3,"name":"Billard Brunswick The Bali"}]},{"@type":"WebSite","@id":"https:\/\/theworldbilliards.com\/fr\/#website","url":"https:\/\/theworldbilliards.com\/fr\/","name":"TheWorldBilliards","description":"Achetez ici billard, baby-foot, ping-pong et bowling","publisher":{"@id":"https:\/\/theworldbilliards.com\/fr\/#organization"},"alternateName":"The world billiards","potentialAction":[{"@type":"SearchAction","target":{"@type":"EntryPoint","urlTemplate":"https:\/\/theworldbilliards.com\/fr\/?s={search_term_string}"},"query-input":{"@type":"PropertyValueSpecification","valueRequired":true,"valueName":"search_term_string"}}],"inLanguage":"fr-FR"},{"@type":"Organization","@id":"https:\/\/theworldbilliards.com\/fr\/#organization","name":"The World Billiards","alternateName":"The World Billiards","url":"https:\/\/theworldbilliards.com\/fr\/","logo":{"@type":"ImageObject","inLanguage":"fr-FR","@id":"https:\/\/theworldbilliards.com\/fr\/#\/schema\/logo\/image\/","url":"","contentUrl":"","caption":"The World Billiards"},"image":{"@id":"https:\/\/theworldbilliards.com\/fr\/#\/schema\/logo\/image\/"},"sameAs":["https:\/\/www.facebook.com\/baby.foot.superbes","https:\/\/www.youtube.com\/channel\/UCIMuOVAaUcH6UpZcsZlH0Tg","https:\/\/www.facebook.com\/people\/Brunswick-Billiards-EspaaPortugal\/100066446264309\/","https:\/\/www.instagram.com\/the_world_billiards\/","https:\/\/www.pinterest.es\/Theworldbilliards\/"]}]}},"_links":{"self":[{"href":"https:\/\/theworldbilliards.com\/fr\/wp-json\/wp\/v2\/product\/92718","targetHints":{"allow":["GET"]}}],"collection":[{"href":"https:\/\/theworldbilliards.com\/fr\/wp-json\/wp\/v2\/product"}],"about":[{"href":"https:\/\/theworldbilliards.com\/fr\/wp-json\/wp\/v2\/types\/product"}],"wp:featuredmedia":[{"embeddable":true,"href":"https:\/\/theworldbilliards.com\/fr\/wp-json\/wp\/v2\/media\/92722"}],"wp:attachment":[{"href":"https:\/\/theworldbilliards.com\/fr\/wp-json\/wp\/v2\/media?parent=92718"}],"wp:term":[{"taxonomy":"product_brand","embeddable":true,"href":"https:\/\/theworldbilliards.com\/fr\/wp-json\/wp\/v2\/product_brand?post=92718"},{"taxonomy":"product_cat","embeddable":true,"href":"https:\/\/theworldbilliards.com\/fr\/wp-json\/wp\/v2\/product_cat?post=92718"},{"taxonomy":"product_tag","embeddable":true,"href":"https:\/\/theworldbilliards.com\/fr\/wp-json\/wp\/v2\/product_tag?post=92718"}],"curies":[{"name":"wp","href":"https:\/\/api.w.org\/{rel}","templated":true}]}}