{"id":92824,"date":"2023-06-28T11:58:03","date_gmt":"2023-06-28T09:58:03","guid":{"rendered":"https:\/\/theworldbilliards.com\/produto\/balancoire\/"},"modified":"2023-06-28T11:58:03","modified_gmt":"2023-06-28T09:58:03","slug":"balancoire","status":"publish","type":"product","link":"https:\/\/theworldbilliards.com\/fr\/produit\/balancoire\/","title":{"rendered":"Balan\u00e7oire"},"content":{"rendered":"<p>Les si\u00e8ges et les poign\u00e9es sont en plastique moul\u00e9 de haute qualit\u00e9.<br \/>\nComprend des broches de sol pour ancrer solidement la balan\u00e7oire au sol.<br \/>\nCercle de braquage de 360 degr\u00e9s.<br \/>\nDiam\u00e8tre de braquage 195 cm<br \/>\nMax. poids utilisateur recommand\u00e9 35 kg par si\u00e8ge<br \/>\nPoids maximum de l&rsquo;utilisateur 70 kg<br \/>\n\u00c2ge recommand\u00e9 A partir de 3 ans<br \/>\nCouleur Naturel<br \/>\nCouleur d&rsquo;accent Turquoise<br \/>\nMat\u00e9riau Bois<\/p>\n","protected":false},"excerpt":{"rendered":"<p>Les si\u00e8ges et les poign\u00e9es sont en plastique moul\u00e9 de haute qualit\u00e9. Comprend des broches de sol pour ancrer solidement [&hellip;]<\/p>\n","protected":false},"featured_media":92816,"template":"","meta":{"site-sidebar-layout":"default","site-content-layout":"","ast-site-content-layout":"default","site-content-style":"default","site-sidebar-style":"default","ast-global-header-display":"","ast-banner-title-visibility":"","ast-main-header-display":"","ast-hfb-above-header-display":"","ast-hfb-below-header-display":"","ast-hfb-mobile-header-display":"","site-post-title":"","ast-breadcrumbs-content":"","ast-featured-img":"","footer-sml-layout":"","ast-disable-related-posts":"","theme-transparent-header-meta":"","adv-header-id-meta":"","stick-header-meta":"","header-above-stick-meta":"","header-main-stick-meta":"","header-below-stick-meta":"","astra-migrate-meta-layouts":"default","ast-page-background-enabled":"default","ast-page-background-meta":{"desktop":{"background-color":"var(--ast-global-color-4)","background-image":"","background-repeat":"repeat","background-position":"center center","background-size":"auto","background-attachment":"scroll","background-type":"","background-media":"","overlay-type":"","overlay-color":"","overlay-opacity":"","overlay-gradient":""},"tablet":{"background-color":"","background-image":"","background-repeat":"repeat","background-position":"center center","background-size":"auto","background-attachment":"scroll","background-type":"","background-media":"","overlay-type":"","overlay-color":"","overlay-opacity":"","overlay-gradient":""},"mobile":{"background-color":"","background-image":"","background-repeat":"repeat","background-position":"center center","background-size":"auto","background-attachment":"scroll","background-type":"","background-media":"","overlay-type":"","overlay-color":"","overlay-opacity":"","overlay-gradient":""}},"ast-content-background-meta":{"desktop":{"background-color":"var(--ast-global-color-5)","background-image":"","background-repeat":"repeat","background-position":"center center","background-size":"auto","background-attachment":"scroll","background-type":"","background-media":"","overlay-type":"","overlay-color":"","overlay-opacity":"","overlay-gradient":""},"tablet":{"background-color":"var(--ast-global-color-5)","background-image":"","background-repeat":"repeat","background-position":"center center","background-size":"auto","background-attachment":"scroll","background-type":"","background-media":"","overlay-type":"","overlay-color":"","overlay-opacity":"","overlay-gradient":""},"mobile":{"background-color":"var(--ast-global-color-5)","background-image":"","background-repeat":"repeat","background-position":"center center","background-size":"auto","background-attachment":"scroll","background-type":"","background-media":"","overlay-type":"","overlay-color":"","overlay-opacity":"","overlay-gradient":""}}},"product_brand":[],"product_cat":[3450],"product_tag":[],"class_list":{"0":"post-92824","1":"product","2":"type-product","3":"status-publish","4":"has-post-thumbnail","6":"product_cat-jeux-de-exterieur","7":"product_shipping_class-accessoires","8":"desktop-align-center","9":"tablet-align-left","10":"mobile-align-left","12":"first","13":"instock","14":"taxable","15":"shipping-taxable","16":"purchasable","17":"product-type-simple"},"yoast_head":"<!-- This site is optimized with the Yoast SEO plugin v27.4 - https:\/\/yoast.com\/product\/yoast-seo-wordpress\/ -->\n<title>Acheter Balan\u00e7oire - The World Billiards<\/title>\n<meta name=\"description\" content=\"Les si\u00e8ges et les poign\u00e9es sont en plastique moul\u00e9 de haute qualit\u00e9. Comprend des broches de sol pour ancrer solidement la balan\u00e7oire au sol. Cercle de braquage de 360 degr\u00e9s. Diam\u00e8tre de braquage 195 cm Max. poids utilisateur recommand\u00e9 35 kg par si\u00e8ge Poids maximum de l&#039;utilisateur 70 kg \u00c2ge recommand\u00e9 A partir de 3 ans Couleur Naturel Couleur d&#039;accent Turquoise Mat\u00e9riau Bois\" \/>\n<meta name=\"robots\" content=\"index, follow, max-snippet:-1, max-image-preview:large, max-video-preview:-1\" \/>\n<link rel=\"canonical\" href=\"https:\/\/theworldbilliards.com\/fr\/produit\/balancoire\/\" \/>\n<meta property=\"og:locale\" content=\"fr_FR\" \/>\n<meta property=\"og:type\" content=\"article\" \/>\n<meta property=\"og:title\" content=\"Acheter Balan\u00e7oire - The World Billiards\" \/>\n<meta property=\"og:description\" content=\"Les si\u00e8ges et les poign\u00e9es sont en plastique moul\u00e9 de haute qualit\u00e9. Comprend des broches de sol pour ancrer solidement la balan\u00e7oire au sol. Cercle de braquage de 360 degr\u00e9s. Diam\u00e8tre de braquage 195 cm Max. poids utilisateur recommand\u00e9 35 kg par si\u00e8ge Poids maximum de l&#039;utilisateur 70 kg \u00c2ge recommand\u00e9 A partir de 3 ans Couleur Naturel Couleur d&#039;accent Turquoise Mat\u00e9riau Bois\" \/>\n<meta property=\"og:url\" content=\"https:\/\/theworldbilliards.com\/fr\/produit\/balancoire\/\" \/>\n<meta property=\"og:site_name\" content=\"The World Billiards\" \/>\n<meta property=\"article:publisher\" content=\"https:\/\/www.facebook.com\/baby.foot.superbes\" \/>\n<meta property=\"og:image\" content=\"https:\/\/theworldbilliards.com\/wp-content\/uploads\/2023\/06\/Balancin.jpg\" \/>\n\t<meta property=\"og:image:width\" content=\"700\" \/>\n\t<meta property=\"og:image:height\" content=\"700\" \/>\n\t<meta property=\"og:image:type\" content=\"image\/jpeg\" \/>\n<meta name=\"twitter:card\" content=\"summary_large_image\" \/>\n<script type=\"application\/ld+json\" class=\"yoast-schema-graph\">{\"@context\":\"https:\\\/\\\/schema.org\",\"@graph\":[{\"@type\":\"WebPage\",\"@id\":\"https:\\\/\\\/theworldbilliards.com\\\/fr\\\/produit\\\/balancoire\\\/\",\"url\":\"https:\\\/\\\/theworldbilliards.com\\\/fr\\\/produit\\\/balancoire\\\/\",\"name\":\"Acheter Balan\u00e7oire - The World Billiards\",\"isPartOf\":{\"@id\":\"https:\\\/\\\/theworldbilliards.com\\\/fr\\\/#website\"},\"primaryImageOfPage\":{\"@id\":\"https:\\\/\\\/theworldbilliards.com\\\/fr\\\/produit\\\/balancoire\\\/#primaryimage\"},\"image\":{\"@id\":\"https:\\\/\\\/theworldbilliards.com\\\/fr\\\/produit\\\/balancoire\\\/#primaryimage\"},\"thumbnailUrl\":\"https:\\\/\\\/theworldbilliards.com\\\/wp-content\\\/uploads\\\/2023\\\/06\\\/Balancin.jpg\",\"datePublished\":\"2023-06-28T09:58:03+00:00\",\"description\":\"Les si\u00e8ges et les poign\u00e9es sont en plastique moul\u00e9 de haute qualit\u00e9. Comprend des broches de sol pour ancrer solidement la balan\u00e7oire au sol. Cercle de braquage de 360 degr\u00e9s. Diam\u00e8tre de braquage 195 cm Max. poids utilisateur recommand\u00e9 35 kg par si\u00e8ge Poids maximum de l'utilisateur 70 kg \u00c2ge recommand\u00e9 A partir de 3 ans Couleur Naturel Couleur d'accent Turquoise Mat\u00e9riau Bois\",\"breadcrumb\":{\"@id\":\"https:\\\/\\\/theworldbilliards.com\\\/fr\\\/produit\\\/balancoire\\\/#breadcrumb\"},\"inLanguage\":\"fr-FR\",\"potentialAction\":[{\"@type\":\"ReadAction\",\"target\":[\"https:\\\/\\\/theworldbilliards.com\\\/fr\\\/produit\\\/balancoire\\\/\"]}]},{\"@type\":\"ImageObject\",\"inLanguage\":\"fr-FR\",\"@id\":\"https:\\\/\\\/theworldbilliards.com\\\/fr\\\/produit\\\/balancoire\\\/#primaryimage\",\"url\":\"https:\\\/\\\/theworldbilliards.com\\\/wp-content\\\/uploads\\\/2023\\\/06\\\/Balancin.jpg\",\"contentUrl\":\"https:\\\/\\\/theworldbilliards.com\\\/wp-content\\\/uploads\\\/2023\\\/06\\\/Balancin.jpg\",\"width\":700,\"height\":700},{\"@type\":\"BreadcrumbList\",\"@id\":\"https:\\\/\\\/theworldbilliards.com\\\/fr\\\/produit\\\/balancoire\\\/#breadcrumb\",\"itemListElement\":[{\"@type\":\"ListItem\",\"position\":1,\"name\":\"In\u00edcio\",\"item\":\"https:\\\/\\\/theworldbilliards.com\\\/fr\\\/\"},{\"@type\":\"ListItem\",\"position\":2,\"name\":\"Boutique en ligne\",\"item\":\"https:\\\/\\\/theworldbilliards.com\\\/fr\\\/boutique-theworldbilliards\\\/\"},{\"@type\":\"ListItem\",\"position\":3,\"name\":\"Balan\u00e7oire\"}]},{\"@type\":\"WebSite\",\"@id\":\"https:\\\/\\\/theworldbilliards.com\\\/fr\\\/#website\",\"url\":\"https:\\\/\\\/theworldbilliards.com\\\/fr\\\/\",\"name\":\"TheWorldBilliards\",\"description\":\"Achetez ici billard, baby-foot, ping-pong et bowling\",\"publisher\":{\"@id\":\"https:\\\/\\\/theworldbilliards.com\\\/fr\\\/#organization\"},\"alternateName\":\"The world billiards\",\"potentialAction\":[{\"@type\":\"SearchAction\",\"target\":{\"@type\":\"EntryPoint\",\"urlTemplate\":\"https:\\\/\\\/theworldbilliards.com\\\/fr\\\/?s={search_term_string}\"},\"query-input\":{\"@type\":\"PropertyValueSpecification\",\"valueRequired\":true,\"valueName\":\"search_term_string\"}}],\"inLanguage\":\"fr-FR\"},{\"@type\":\"Organization\",\"@id\":\"https:\\\/\\\/theworldbilliards.com\\\/fr\\\/#organization\",\"name\":\"The World Billiards\",\"alternateName\":\"The World Billiards\",\"url\":\"https:\\\/\\\/theworldbilliards.com\\\/fr\\\/\",\"logo\":{\"@type\":\"ImageObject\",\"inLanguage\":\"fr-FR\",\"@id\":\"https:\\\/\\\/theworldbilliards.com\\\/fr\\\/#\\\/schema\\\/logo\\\/image\\\/\",\"url\":\"\",\"contentUrl\":\"\",\"caption\":\"The World Billiards\"},\"image\":{\"@id\":\"https:\\\/\\\/theworldbilliards.com\\\/fr\\\/#\\\/schema\\\/logo\\\/image\\\/\"},\"sameAs\":[\"https:\\\/\\\/www.facebook.com\\\/baby.foot.superbes\",\"https:\\\/\\\/www.youtube.com\\\/channel\\\/UCIMuOVAaUcH6UpZcsZlH0Tg\",\"https:\\\/\\\/www.facebook.com\\\/people\\\/Brunswick-Billiards-EspaaPortugal\\\/100066446264309\\\/\",\"https:\\\/\\\/www.instagram.com\\\/the_world_billiards\\\/\",\"https:\\\/\\\/www.pinterest.es\\\/Theworldbilliards\\\/\"]}]}<\/script>\n<!-- \/ Yoast SEO plugin. -->","yoast_head_json":{"title":"Acheter Balan\u00e7oire - The World Billiards","description":"Les si\u00e8ges et les poign\u00e9es sont en plastique moul\u00e9 de haute qualit\u00e9. Comprend des broches de sol pour ancrer solidement la balan\u00e7oire au sol. Cercle de braquage de 360 degr\u00e9s. Diam\u00e8tre de braquage 195 cm Max. poids utilisateur recommand\u00e9 35 kg par si\u00e8ge Poids maximum de l'utilisateur 70 kg \u00c2ge recommand\u00e9 A partir de 3 ans Couleur Naturel Couleur d'accent Turquoise Mat\u00e9riau Bois","robots":{"index":"index","follow":"follow","max-snippet":"max-snippet:-1","max-image-preview":"max-image-preview:large","max-video-preview":"max-video-preview:-1"},"canonical":"https:\/\/theworldbilliards.com\/fr\/produit\/balancoire\/","og_locale":"fr_FR","og_type":"article","og_title":"Acheter Balan\u00e7oire - The World Billiards","og_description":"Les si\u00e8ges et les poign\u00e9es sont en plastique moul\u00e9 de haute qualit\u00e9. Comprend des broches de sol pour ancrer solidement la balan\u00e7oire au sol. Cercle de braquage de 360 degr\u00e9s. Diam\u00e8tre de braquage 195 cm Max. poids utilisateur recommand\u00e9 35 kg par si\u00e8ge Poids maximum de l'utilisateur 70 kg \u00c2ge recommand\u00e9 A partir de 3 ans Couleur Naturel Couleur d'accent Turquoise Mat\u00e9riau Bois","og_url":"https:\/\/theworldbilliards.com\/fr\/produit\/balancoire\/","og_site_name":"The World Billiards","article_publisher":"https:\/\/www.facebook.com\/baby.foot.superbes","og_image":[{"width":700,"height":700,"url":"https:\/\/theworldbilliards.com\/wp-content\/uploads\/2023\/06\/Balancin.jpg","type":"image\/jpeg"}],"twitter_card":"summary_large_image","schema":{"@context":"https:\/\/schema.org","@graph":[{"@type":"WebPage","@id":"https:\/\/theworldbilliards.com\/fr\/produit\/balancoire\/","url":"https:\/\/theworldbilliards.com\/fr\/produit\/balancoire\/","name":"Acheter Balan\u00e7oire - The World Billiards","isPartOf":{"@id":"https:\/\/theworldbilliards.com\/fr\/#website"},"primaryImageOfPage":{"@id":"https:\/\/theworldbilliards.com\/fr\/produit\/balancoire\/#primaryimage"},"image":{"@id":"https:\/\/theworldbilliards.com\/fr\/produit\/balancoire\/#primaryimage"},"thumbnailUrl":"https:\/\/theworldbilliards.com\/wp-content\/uploads\/2023\/06\/Balancin.jpg","datePublished":"2023-06-28T09:58:03+00:00","description":"Les si\u00e8ges et les poign\u00e9es sont en plastique moul\u00e9 de haute qualit\u00e9. Comprend des broches de sol pour ancrer solidement la balan\u00e7oire au sol. Cercle de braquage de 360 degr\u00e9s. Diam\u00e8tre de braquage 195 cm Max. poids utilisateur recommand\u00e9 35 kg par si\u00e8ge Poids maximum de l'utilisateur 70 kg \u00c2ge recommand\u00e9 A partir de 3 ans Couleur Naturel Couleur d'accent Turquoise Mat\u00e9riau Bois","breadcrumb":{"@id":"https:\/\/theworldbilliards.com\/fr\/produit\/balancoire\/#breadcrumb"},"inLanguage":"fr-FR","potentialAction":[{"@type":"ReadAction","target":["https:\/\/theworldbilliards.com\/fr\/produit\/balancoire\/"]}]},{"@type":"ImageObject","inLanguage":"fr-FR","@id":"https:\/\/theworldbilliards.com\/fr\/produit\/balancoire\/#primaryimage","url":"https:\/\/theworldbilliards.com\/wp-content\/uploads\/2023\/06\/Balancin.jpg","contentUrl":"https:\/\/theworldbilliards.com\/wp-content\/uploads\/2023\/06\/Balancin.jpg","width":700,"height":700},{"@type":"BreadcrumbList","@id":"https:\/\/theworldbilliards.com\/fr\/produit\/balancoire\/#breadcrumb","itemListElement":[{"@type":"ListItem","position":1,"name":"In\u00edcio","item":"https:\/\/theworldbilliards.com\/fr\/"},{"@type":"ListItem","position":2,"name":"Boutique en ligne","item":"https:\/\/theworldbilliards.com\/fr\/boutique-theworldbilliards\/"},{"@type":"ListItem","position":3,"name":"Balan\u00e7oire"}]},{"@type":"WebSite","@id":"https:\/\/theworldbilliards.com\/fr\/#website","url":"https:\/\/theworldbilliards.com\/fr\/","name":"TheWorldBilliards","description":"Achetez ici billard, baby-foot, ping-pong et bowling","publisher":{"@id":"https:\/\/theworldbilliards.com\/fr\/#organization"},"alternateName":"The world billiards","potentialAction":[{"@type":"SearchAction","target":{"@type":"EntryPoint","urlTemplate":"https:\/\/theworldbilliards.com\/fr\/?s={search_term_string}"},"query-input":{"@type":"PropertyValueSpecification","valueRequired":true,"valueName":"search_term_string"}}],"inLanguage":"fr-FR"},{"@type":"Organization","@id":"https:\/\/theworldbilliards.com\/fr\/#organization","name":"The World Billiards","alternateName":"The World Billiards","url":"https:\/\/theworldbilliards.com\/fr\/","logo":{"@type":"ImageObject","inLanguage":"fr-FR","@id":"https:\/\/theworldbilliards.com\/fr\/#\/schema\/logo\/image\/","url":"","contentUrl":"","caption":"The World Billiards"},"image":{"@id":"https:\/\/theworldbilliards.com\/fr\/#\/schema\/logo\/image\/"},"sameAs":["https:\/\/www.facebook.com\/baby.foot.superbes","https:\/\/www.youtube.com\/channel\/UCIMuOVAaUcH6UpZcsZlH0Tg","https:\/\/www.facebook.com\/people\/Brunswick-Billiards-EspaaPortugal\/100066446264309\/","https:\/\/www.instagram.com\/the_world_billiards\/","https:\/\/www.pinterest.es\/Theworldbilliards\/"]}]}},"_links":{"self":[{"href":"https:\/\/theworldbilliards.com\/fr\/wp-json\/wp\/v2\/product\/92824","targetHints":{"allow":["GET"]}}],"collection":[{"href":"https:\/\/theworldbilliards.com\/fr\/wp-json\/wp\/v2\/product"}],"about":[{"href":"https:\/\/theworldbilliards.com\/fr\/wp-json\/wp\/v2\/types\/product"}],"wp:featuredmedia":[{"embeddable":true,"href":"https:\/\/theworldbilliards.com\/fr\/wp-json\/wp\/v2\/media\/92816"}],"wp:attachment":[{"href":"https:\/\/theworldbilliards.com\/fr\/wp-json\/wp\/v2\/media?parent=92824"}],"wp:term":[{"taxonomy":"product_brand","embeddable":true,"href":"https:\/\/theworldbilliards.com\/fr\/wp-json\/wp\/v2\/product_brand?post=92824"},{"taxonomy":"product_cat","embeddable":true,"href":"https:\/\/theworldbilliards.com\/fr\/wp-json\/wp\/v2\/product_cat?post=92824"},{"taxonomy":"product_tag","embeddable":true,"href":"https:\/\/theworldbilliards.com\/fr\/wp-json\/wp\/v2\/product_tag?post=92824"}],"curies":[{"name":"wp","href":"https:\/\/api.w.org\/{rel}","templated":true}]}}