{"id":92995,"date":"2023-07-11T12:11:41","date_gmt":"2023-07-11T10:11:41","guid":{"rendered":"https:\/\/theworldbilliards.com\/?post_type=product&#038;p=92995"},"modified":"2025-04-04T12:23:03","modified_gmt":"2025-04-04T10:23:03","slug":"shuffleboard-brunswick-premier","status":"publish","type":"product","link":"https:\/\/theworldbilliards.com\/fr\/produit\/shuffleboard-brunswick-premier\/","title":{"rendered":"Shuffleboard Brunswick Premier"},"content":{"rendered":"<p>Premier pr\u00e9sente un style moderne mais robuste et une base en \u00ab\u00a0X\u00a0\u00bb robuste. Avec des lignes ultra \u00e9pur\u00e9es, le jeu de galets Premier correspond \u00e0 la suite populaire Premier Air Hockey et Premier Babyfoot. Qu&rsquo;il soit le point central de votre salle de jeux ou qu&rsquo;il compl\u00e8te d&rsquo;autres jeux de la suite, le jeu de palets Premier promet d&rsquo;offrir la qualit\u00e9 et la jouabilit\u00e9 sur lesquelles les fans de Brunswick Billiards comptent.<\/p>\n<p>Aire de jeux:<br \/>\n12\u2032: 132.5\u2033 x 20\u2033 x 2.5\u2033 (12 ft) (336.55 x 51 x 6.35 cm)<br \/>\nDimensions<br \/>\n12\u2032: 145.9\u201d x 28.4\u201d x 32.1\u201d (370.6 x 72.1 x 81.5 cm)<\/p>\n<p>Facultatif:<\/p>\n<ul>\n<li><strong>Ensemble d\u2019\u00e9clairage pour jeu de palets<\/strong><br \/>\nGardez votre table de jeu de palets bien \u00e9clair\u00e9e gr\u00e2ce \u00e0 nos lampes de table faciles \u00e0 installer.<br \/>\nFabriqu\u00e9s en acier robuste avec une finition noire \u00e9l\u00e9gante, ils s\u2019agenceront \u00e0 n\u2019importe quel d\u00e9cor.<\/li>\n<\/ul>\n","protected":false},"excerpt":{"rendered":"<p><strong>Accessoires inclus<\/strong><br \/>\n\u2022 4 quatre poids noirs<br \/>\n\u2022 4 poids rouges<br \/>\n\u2022 Syst\u00e8me de notation de boulier int\u00e9gr\u00e9<br \/>\n\u2022 Brosse de table<br \/>\n\u2022 Cire pour jeu de palets<\/p>\n","protected":false},"featured_media":92999,"template":"","meta":{"site-sidebar-layout":"default","site-content-layout":"","ast-site-content-layout":"default","site-content-style":"default","site-sidebar-style":"default","ast-global-header-display":"","ast-banner-title-visibility":"","ast-main-header-display":"","ast-hfb-above-header-display":"","ast-hfb-below-header-display":"","ast-hfb-mobile-header-display":"","site-post-title":"","ast-breadcrumbs-content":"","ast-featured-img":"","footer-sml-layout":"","ast-disable-related-posts":"","theme-transparent-header-meta":"default","adv-header-id-meta":"","stick-header-meta":"","header-above-stick-meta":"","header-main-stick-meta":"","header-below-stick-meta":"","astra-migrate-meta-layouts":"default","ast-page-background-enabled":"default","ast-page-background-meta":{"desktop":{"background-color":"var(--ast-global-color-4)","background-image":"","background-repeat":"repeat","background-position":"center center","background-size":"auto","background-attachment":"scroll","background-type":"","background-media":"","overlay-type":"","overlay-color":"","overlay-opacity":"","overlay-gradient":""},"tablet":{"background-color":"","background-image":"","background-repeat":"repeat","background-position":"center center","background-size":"auto","background-attachment":"scroll","background-type":"","background-media":"","overlay-type":"","overlay-color":"","overlay-opacity":"","overlay-gradient":""},"mobile":{"background-color":"","background-image":"","background-repeat":"repeat","background-position":"center center","background-size":"auto","background-attachment":"scroll","background-type":"","background-media":"","overlay-type":"","overlay-color":"","overlay-opacity":"","overlay-gradient":""}},"ast-content-background-meta":{"desktop":{"background-color":"var(--ast-global-color-5)","background-image":"","background-repeat":"repeat","background-position":"center center","background-size":"auto","background-attachment":"scroll","background-type":"","background-media":"","overlay-type":"","overlay-color":"","overlay-opacity":"","overlay-gradient":""},"tablet":{"background-color":"var(--ast-global-color-5)","background-image":"","background-repeat":"repeat","background-position":"center center","background-size":"auto","background-attachment":"scroll","background-type":"","background-media":"","overlay-type":"","overlay-color":"","overlay-opacity":"","overlay-gradient":""},"mobile":{"background-color":"var(--ast-global-color-5)","background-image":"","background-repeat":"repeat","background-position":"center center","background-size":"auto","background-attachment":"scroll","background-type":"","background-media":"","overlay-type":"","overlay-color":"","overlay-opacity":"","overlay-gradient":""}}},"product_brand":[5198],"product_cat":[4334],"product_tag":[],"class_list":{"0":"post-92995","1":"product","2":"type-product","3":"status-publish","4":"has-post-thumbnail","6":"product_brand-brunswick-billiards-fr","7":"product_cat-shuffleboard-fr","8":"product_shipping_class-grand-air-hockey","9":"desktop-align-center","10":"tablet-align-left","11":"mobile-align-left","13":"first","14":"onbackorder","15":"taxable","16":"shipping-taxable","17":"purchasable","18":"product-type-variable"},"yoast_head":"<!-- This site is optimized with the Yoast SEO plugin v27.5 - https:\/\/yoast.com\/product\/yoast-seo-wordpress\/ -->\n<title>Acheter Shuffleboard Brunswick Premier - The World Billiards<\/title>\n<meta name=\"description\" content=\"Premier pr\u00e9sente un style moderne mais robuste et une base en &quot;X&quot; robuste. Avec des lignes ultra \u00e9pur\u00e9es, le jeu de galets Premier correspond \u00e0 la suite populaire Premier Air Hockey et Premier Babyfoot. Qu&#039;il soit le point central de votre salle de jeux ou qu&#039;il compl\u00e8te d&#039;autres jeux de la suite, le jeu de palets Premier promet d&#039;offrir la qualit\u00e9 et la jouabilit\u00e9 sur lesquelles les fans de Brunswick Billiards comptent.  Aire de jeux: 12\u2032: 132.5\u2033 x 20\u2033 x 2.5\u2033 (12 ft) (336.55 x 51 x 6.35 cm) Dimensions 12\u2032: 145.9\u201d x 28.4\u201d x 32.1\u201d (370.6 x 72.1 x 81.5 cm)  Facultatif:   Ensemble d\u2019\u00e9clairage pour jeu de palets Gardez votre table de jeu de palets bien \u00e9clair\u00e9e gr\u00e2ce \u00e0 nos lampes de table faciles \u00e0 installer. Fabriqu\u00e9s en acier robuste avec une finition noire \u00e9l\u00e9gante, ils s\u2019agenceront \u00e0 n\u2019importe quel d\u00e9cor.\" \/>\n<meta name=\"robots\" content=\"index, follow, max-snippet:-1, max-image-preview:large, max-video-preview:-1\" \/>\n<link rel=\"canonical\" href=\"https:\/\/theworldbilliards.com\/fr\/produit\/shuffleboard-brunswick-premier\/\" \/>\n<meta property=\"og:locale\" content=\"fr_FR\" \/>\n<meta property=\"og:type\" content=\"article\" \/>\n<meta property=\"og:title\" content=\"Acheter Shuffleboard Brunswick Premier - The World Billiards\" \/>\n<meta property=\"og:description\" content=\"Premier pr\u00e9sente un style moderne mais robuste et une base en &quot;X&quot; robuste. Avec des lignes ultra \u00e9pur\u00e9es, le jeu de galets Premier correspond \u00e0 la suite populaire Premier Air Hockey et Premier Babyfoot. Qu&#039;il soit le point central de votre salle de jeux ou qu&#039;il compl\u00e8te d&#039;autres jeux de la suite, le jeu de palets Premier promet d&#039;offrir la qualit\u00e9 et la jouabilit\u00e9 sur lesquelles les fans de Brunswick Billiards comptent.  Aire de jeux: 12\u2032: 132.5\u2033 x 20\u2033 x 2.5\u2033 (12 ft) (336.55 x 51 x 6.35 cm) Dimensions 12\u2032: 145.9\u201d x 28.4\u201d x 32.1\u201d (370.6 x 72.1 x 81.5 cm)  Facultatif:   Ensemble d\u2019\u00e9clairage pour jeu de palets Gardez votre table de jeu de palets bien \u00e9clair\u00e9e gr\u00e2ce \u00e0 nos lampes de table faciles \u00e0 installer. Fabriqu\u00e9s en acier robuste avec une finition noire \u00e9l\u00e9gante, ils s\u2019agenceront \u00e0 n\u2019importe quel d\u00e9cor.\" \/>\n<meta property=\"og:url\" content=\"https:\/\/theworldbilliards.com\/fr\/produit\/shuffleboard-brunswick-premier\/\" \/>\n<meta property=\"og:site_name\" content=\"The World Billiards\" \/>\n<meta property=\"article:publisher\" content=\"https:\/\/www.facebook.com\/baby.foot.superbes\" \/>\n<meta property=\"article:modified_time\" content=\"2025-04-04T10:23:03+00:00\" \/>\n<meta property=\"og:image\" content=\"https:\/\/theworldbilliards.com\/wp-content\/uploads\/2023\/07\/premier_shuffleboard.jpg\" \/>\n\t<meta property=\"og:image:width\" content=\"862\" \/>\n\t<meta property=\"og:image:height\" content=\"862\" \/>\n\t<meta property=\"og:image:type\" content=\"image\/jpeg\" \/>\n<meta name=\"twitter:card\" content=\"summary_large_image\" \/>\n<script type=\"application\/ld+json\" class=\"yoast-schema-graph\">{\"@context\":\"https:\\\/\\\/schema.org\",\"@graph\":[{\"@type\":\"WebPage\",\"@id\":\"https:\\\/\\\/theworldbilliards.com\\\/fr\\\/produit\\\/shuffleboard-brunswick-premier\\\/\",\"url\":\"https:\\\/\\\/theworldbilliards.com\\\/fr\\\/produit\\\/shuffleboard-brunswick-premier\\\/\",\"name\":\"Acheter Shuffleboard Brunswick Premier - The World Billiards\",\"isPartOf\":{\"@id\":\"https:\\\/\\\/theworldbilliards.com\\\/fr\\\/#website\"},\"primaryImageOfPage\":{\"@id\":\"https:\\\/\\\/theworldbilliards.com\\\/fr\\\/produit\\\/shuffleboard-brunswick-premier\\\/#primaryimage\"},\"image\":{\"@id\":\"https:\\\/\\\/theworldbilliards.com\\\/fr\\\/produit\\\/shuffleboard-brunswick-premier\\\/#primaryimage\"},\"thumbnailUrl\":\"https:\\\/\\\/theworldbilliards.com\\\/wp-content\\\/uploads\\\/2023\\\/07\\\/premier_shuffleboard.jpg\",\"datePublished\":\"2023-07-11T10:11:41+00:00\",\"dateModified\":\"2025-04-04T10:23:03+00:00\",\"description\":\"Premier pr\u00e9sente un style moderne mais robuste et une base en \\\"X\\\" robuste. Avec des lignes ultra \u00e9pur\u00e9es, le jeu de galets Premier correspond \u00e0 la suite populaire Premier Air Hockey et Premier Babyfoot. Qu'il soit le point central de votre salle de jeux ou qu'il compl\u00e8te d'autres jeux de la suite, le jeu de palets Premier promet d'offrir la qualit\u00e9 et la jouabilit\u00e9 sur lesquelles les fans de Brunswick Billiards comptent. Aire de jeux: 12\u2032: 132.5\u2033 x 20\u2033 x 2.5\u2033 (12 ft) (336.55 x 51 x 6.35 cm) Dimensions 12\u2032: 145.9\u201d x 28.4\u201d x 32.1\u201d (370.6 x 72.1 x 81.5 cm) Facultatif: Ensemble d\u2019\u00e9clairage pour jeu de palets Gardez votre table de jeu de palets bien \u00e9clair\u00e9e gr\u00e2ce \u00e0 nos lampes de table faciles \u00e0 installer. Fabriqu\u00e9s en acier robuste avec une finition noire \u00e9l\u00e9gante, ils s\u2019agenceront \u00e0 n\u2019importe quel d\u00e9cor.\",\"breadcrumb\":{\"@id\":\"https:\\\/\\\/theworldbilliards.com\\\/fr\\\/produit\\\/shuffleboard-brunswick-premier\\\/#breadcrumb\"},\"inLanguage\":\"fr-FR\",\"potentialAction\":[{\"@type\":\"ReadAction\",\"target\":[\"https:\\\/\\\/theworldbilliards.com\\\/fr\\\/produit\\\/shuffleboard-brunswick-premier\\\/\"]}]},{\"@type\":\"ImageObject\",\"inLanguage\":\"fr-FR\",\"@id\":\"https:\\\/\\\/theworldbilliards.com\\\/fr\\\/produit\\\/shuffleboard-brunswick-premier\\\/#primaryimage\",\"url\":\"https:\\\/\\\/theworldbilliards.com\\\/wp-content\\\/uploads\\\/2023\\\/07\\\/premier_shuffleboard.jpg\",\"contentUrl\":\"https:\\\/\\\/theworldbilliards.com\\\/wp-content\\\/uploads\\\/2023\\\/07\\\/premier_shuffleboard.jpg\",\"width\":862,\"height\":862},{\"@type\":\"BreadcrumbList\",\"@id\":\"https:\\\/\\\/theworldbilliards.com\\\/fr\\\/produit\\\/shuffleboard-brunswick-premier\\\/#breadcrumb\",\"itemListElement\":[{\"@type\":\"ListItem\",\"position\":1,\"name\":\"In\u00edcio\",\"item\":\"https:\\\/\\\/theworldbilliards.com\\\/fr\\\/\"},{\"@type\":\"ListItem\",\"position\":2,\"name\":\"Boutique en ligne\",\"item\":\"https:\\\/\\\/theworldbilliards.com\\\/fr\\\/boutique-theworldbilliards\\\/\"},{\"@type\":\"ListItem\",\"position\":3,\"name\":\"Shuffleboard Brunswick Premier\"}]},{\"@type\":\"WebSite\",\"@id\":\"https:\\\/\\\/theworldbilliards.com\\\/fr\\\/#website\",\"url\":\"https:\\\/\\\/theworldbilliards.com\\\/fr\\\/\",\"name\":\"TheWorldBilliards\",\"description\":\"Achetez ici billard, baby-foot, ping-pong et bowling\",\"publisher\":{\"@id\":\"https:\\\/\\\/theworldbilliards.com\\\/fr\\\/#organization\"},\"alternateName\":\"The world billiards\",\"potentialAction\":[{\"@type\":\"SearchAction\",\"target\":{\"@type\":\"EntryPoint\",\"urlTemplate\":\"https:\\\/\\\/theworldbilliards.com\\\/fr\\\/?s={search_term_string}\"},\"query-input\":{\"@type\":\"PropertyValueSpecification\",\"valueRequired\":true,\"valueName\":\"search_term_string\"}}],\"inLanguage\":\"fr-FR\"},{\"@type\":\"Organization\",\"@id\":\"https:\\\/\\\/theworldbilliards.com\\\/fr\\\/#organization\",\"name\":\"The World Billiards\",\"alternateName\":\"The World Billiards\",\"url\":\"https:\\\/\\\/theworldbilliards.com\\\/fr\\\/\",\"logo\":{\"@type\":\"ImageObject\",\"inLanguage\":\"fr-FR\",\"@id\":\"https:\\\/\\\/theworldbilliards.com\\\/fr\\\/#\\\/schema\\\/logo\\\/image\\\/\",\"url\":\"\",\"contentUrl\":\"\",\"caption\":\"The World Billiards\"},\"image\":{\"@id\":\"https:\\\/\\\/theworldbilliards.com\\\/fr\\\/#\\\/schema\\\/logo\\\/image\\\/\"},\"sameAs\":[\"https:\\\/\\\/www.facebook.com\\\/baby.foot.superbes\",\"https:\\\/\\\/www.youtube.com\\\/channel\\\/UCIMuOVAaUcH6UpZcsZlH0Tg\",\"https:\\\/\\\/www.facebook.com\\\/people\\\/Brunswick-Billiards-EspaaPortugal\\\/100066446264309\\\/\",\"https:\\\/\\\/www.instagram.com\\\/the_world_billiards\\\/\",\"https:\\\/\\\/www.pinterest.es\\\/Theworldbilliards\\\/\"]}]}<\/script>\n<!-- \/ Yoast SEO plugin. -->","yoast_head_json":{"title":"Acheter Shuffleboard Brunswick Premier - The World Billiards","description":"Premier pr\u00e9sente un style moderne mais robuste et une base en \"X\" robuste. Avec des lignes ultra \u00e9pur\u00e9es, le jeu de galets Premier correspond \u00e0 la suite populaire Premier Air Hockey et Premier Babyfoot. Qu'il soit le point central de votre salle de jeux ou qu'il compl\u00e8te d'autres jeux de la suite, le jeu de palets Premier promet d'offrir la qualit\u00e9 et la jouabilit\u00e9 sur lesquelles les fans de Brunswick Billiards comptent.  Aire de jeux: 12\u2032: 132.5\u2033 x 20\u2033 x 2.5\u2033 (12 ft) (336.55 x 51 x 6.35 cm) Dimensions 12\u2032: 145.9\u201d x 28.4\u201d x 32.1\u201d (370.6 x 72.1 x 81.5 cm)  Facultatif:   Ensemble d\u2019\u00e9clairage pour jeu de palets Gardez votre table de jeu de palets bien \u00e9clair\u00e9e gr\u00e2ce \u00e0 nos lampes de table faciles \u00e0 installer. Fabriqu\u00e9s en acier robuste avec une finition noire \u00e9l\u00e9gante, ils s\u2019agenceront \u00e0 n\u2019importe quel d\u00e9cor.","robots":{"index":"index","follow":"follow","max-snippet":"max-snippet:-1","max-image-preview":"max-image-preview:large","max-video-preview":"max-video-preview:-1"},"canonical":"https:\/\/theworldbilliards.com\/fr\/produit\/shuffleboard-brunswick-premier\/","og_locale":"fr_FR","og_type":"article","og_title":"Acheter Shuffleboard Brunswick Premier - The World Billiards","og_description":"Premier pr\u00e9sente un style moderne mais robuste et une base en \"X\" robuste. Avec des lignes ultra \u00e9pur\u00e9es, le jeu de galets Premier correspond \u00e0 la suite populaire Premier Air Hockey et Premier Babyfoot. Qu'il soit le point central de votre salle de jeux ou qu'il compl\u00e8te d'autres jeux de la suite, le jeu de palets Premier promet d'offrir la qualit\u00e9 et la jouabilit\u00e9 sur lesquelles les fans de Brunswick Billiards comptent.  Aire de jeux: 12\u2032: 132.5\u2033 x 20\u2033 x 2.5\u2033 (12 ft) (336.55 x 51 x 6.35 cm) Dimensions 12\u2032: 145.9\u201d x 28.4\u201d x 32.1\u201d (370.6 x 72.1 x 81.5 cm)  Facultatif:   Ensemble d\u2019\u00e9clairage pour jeu de palets Gardez votre table de jeu de palets bien \u00e9clair\u00e9e gr\u00e2ce \u00e0 nos lampes de table faciles \u00e0 installer. Fabriqu\u00e9s en acier robuste avec une finition noire \u00e9l\u00e9gante, ils s\u2019agenceront \u00e0 n\u2019importe quel d\u00e9cor.","og_url":"https:\/\/theworldbilliards.com\/fr\/produit\/shuffleboard-brunswick-premier\/","og_site_name":"The World Billiards","article_publisher":"https:\/\/www.facebook.com\/baby.foot.superbes","article_modified_time":"2025-04-04T10:23:03+00:00","og_image":[{"width":862,"height":862,"url":"https:\/\/theworldbilliards.com\/wp-content\/uploads\/2023\/07\/premier_shuffleboard.jpg","type":"image\/jpeg"}],"twitter_card":"summary_large_image","schema":{"@context":"https:\/\/schema.org","@graph":[{"@type":"WebPage","@id":"https:\/\/theworldbilliards.com\/fr\/produit\/shuffleboard-brunswick-premier\/","url":"https:\/\/theworldbilliards.com\/fr\/produit\/shuffleboard-brunswick-premier\/","name":"Acheter Shuffleboard Brunswick Premier - The World Billiards","isPartOf":{"@id":"https:\/\/theworldbilliards.com\/fr\/#website"},"primaryImageOfPage":{"@id":"https:\/\/theworldbilliards.com\/fr\/produit\/shuffleboard-brunswick-premier\/#primaryimage"},"image":{"@id":"https:\/\/theworldbilliards.com\/fr\/produit\/shuffleboard-brunswick-premier\/#primaryimage"},"thumbnailUrl":"https:\/\/theworldbilliards.com\/wp-content\/uploads\/2023\/07\/premier_shuffleboard.jpg","datePublished":"2023-07-11T10:11:41+00:00","dateModified":"2025-04-04T10:23:03+00:00","description":"Premier pr\u00e9sente un style moderne mais robuste et une base en \"X\" robuste. Avec des lignes ultra \u00e9pur\u00e9es, le jeu de galets Premier correspond \u00e0 la suite populaire Premier Air Hockey et Premier Babyfoot. Qu'il soit le point central de votre salle de jeux ou qu'il compl\u00e8te d'autres jeux de la suite, le jeu de palets Premier promet d'offrir la qualit\u00e9 et la jouabilit\u00e9 sur lesquelles les fans de Brunswick Billiards comptent. Aire de jeux: 12\u2032: 132.5\u2033 x 20\u2033 x 2.5\u2033 (12 ft) (336.55 x 51 x 6.35 cm) Dimensions 12\u2032: 145.9\u201d x 28.4\u201d x 32.1\u201d (370.6 x 72.1 x 81.5 cm) Facultatif: Ensemble d\u2019\u00e9clairage pour jeu de palets Gardez votre table de jeu de palets bien \u00e9clair\u00e9e gr\u00e2ce \u00e0 nos lampes de table faciles \u00e0 installer. Fabriqu\u00e9s en acier robuste avec une finition noire \u00e9l\u00e9gante, ils s\u2019agenceront \u00e0 n\u2019importe quel d\u00e9cor.","breadcrumb":{"@id":"https:\/\/theworldbilliards.com\/fr\/produit\/shuffleboard-brunswick-premier\/#breadcrumb"},"inLanguage":"fr-FR","potentialAction":[{"@type":"ReadAction","target":["https:\/\/theworldbilliards.com\/fr\/produit\/shuffleboard-brunswick-premier\/"]}]},{"@type":"ImageObject","inLanguage":"fr-FR","@id":"https:\/\/theworldbilliards.com\/fr\/produit\/shuffleboard-brunswick-premier\/#primaryimage","url":"https:\/\/theworldbilliards.com\/wp-content\/uploads\/2023\/07\/premier_shuffleboard.jpg","contentUrl":"https:\/\/theworldbilliards.com\/wp-content\/uploads\/2023\/07\/premier_shuffleboard.jpg","width":862,"height":862},{"@type":"BreadcrumbList","@id":"https:\/\/theworldbilliards.com\/fr\/produit\/shuffleboard-brunswick-premier\/#breadcrumb","itemListElement":[{"@type":"ListItem","position":1,"name":"In\u00edcio","item":"https:\/\/theworldbilliards.com\/fr\/"},{"@type":"ListItem","position":2,"name":"Boutique en ligne","item":"https:\/\/theworldbilliards.com\/fr\/boutique-theworldbilliards\/"},{"@type":"ListItem","position":3,"name":"Shuffleboard Brunswick Premier"}]},{"@type":"WebSite","@id":"https:\/\/theworldbilliards.com\/fr\/#website","url":"https:\/\/theworldbilliards.com\/fr\/","name":"TheWorldBilliards","description":"Achetez ici billard, baby-foot, ping-pong et bowling","publisher":{"@id":"https:\/\/theworldbilliards.com\/fr\/#organization"},"alternateName":"The world billiards","potentialAction":[{"@type":"SearchAction","target":{"@type":"EntryPoint","urlTemplate":"https:\/\/theworldbilliards.com\/fr\/?s={search_term_string}"},"query-input":{"@type":"PropertyValueSpecification","valueRequired":true,"valueName":"search_term_string"}}],"inLanguage":"fr-FR"},{"@type":"Organization","@id":"https:\/\/theworldbilliards.com\/fr\/#organization","name":"The World Billiards","alternateName":"The World Billiards","url":"https:\/\/theworldbilliards.com\/fr\/","logo":{"@type":"ImageObject","inLanguage":"fr-FR","@id":"https:\/\/theworldbilliards.com\/fr\/#\/schema\/logo\/image\/","url":"","contentUrl":"","caption":"The World Billiards"},"image":{"@id":"https:\/\/theworldbilliards.com\/fr\/#\/schema\/logo\/image\/"},"sameAs":["https:\/\/www.facebook.com\/baby.foot.superbes","https:\/\/www.youtube.com\/channel\/UCIMuOVAaUcH6UpZcsZlH0Tg","https:\/\/www.facebook.com\/people\/Brunswick-Billiards-EspaaPortugal\/100066446264309\/","https:\/\/www.instagram.com\/the_world_billiards\/","https:\/\/www.pinterest.es\/Theworldbilliards\/"]}]}},"_links":{"self":[{"href":"https:\/\/theworldbilliards.com\/fr\/wp-json\/wp\/v2\/product\/92995","targetHints":{"allow":["GET"]}}],"collection":[{"href":"https:\/\/theworldbilliards.com\/fr\/wp-json\/wp\/v2\/product"}],"about":[{"href":"https:\/\/theworldbilliards.com\/fr\/wp-json\/wp\/v2\/types\/product"}],"wp:featuredmedia":[{"embeddable":true,"href":"https:\/\/theworldbilliards.com\/fr\/wp-json\/wp\/v2\/media\/92999"}],"wp:attachment":[{"href":"https:\/\/theworldbilliards.com\/fr\/wp-json\/wp\/v2\/media?parent=92995"}],"wp:term":[{"taxonomy":"product_brand","embeddable":true,"href":"https:\/\/theworldbilliards.com\/fr\/wp-json\/wp\/v2\/product_brand?post=92995"},{"taxonomy":"product_cat","embeddable":true,"href":"https:\/\/theworldbilliards.com\/fr\/wp-json\/wp\/v2\/product_cat?post=92995"},{"taxonomy":"product_tag","embeddable":true,"href":"https:\/\/theworldbilliards.com\/fr\/wp-json\/wp\/v2\/product_tag?post=92995"}],"curies":[{"name":"wp","href":"https:\/\/api.w.org\/{rel}","templated":true}]}}