{"id":93020,"date":"2023-07-11T12:48:45","date_gmt":"2023-07-11T10:48:45","guid":{"rendered":"https:\/\/theworldbilliards.com\/?post_type=product&#038;p=93020"},"modified":"2025-04-04T12:19:48","modified_gmt":"2025-04-04T10:19:48","slug":"shuffleboard-brunswick-soho","status":"publish","type":"product","link":"https:\/\/theworldbilliards.com\/fr\/produit\/shuffleboard-brunswick-soho\/","title":{"rendered":"Shuffleboard Brunswick Soho"},"content":{"rendered":"<p>Le Soho pr\u00e9sente un design moderne avec des lignes ultra \u00e9pur\u00e9es, une esth\u00e9tique niministe et correspond \u00e0 la table de billard Soho. Ajout\u00e9 individuellement ou en combinaison, le jeu de palets Soho promet d&rsquo;offrir un style, une qualit\u00e9 et une jouabilit\u00e9 uniques.<\/p>\n<p>Disponible en 12&prime;.<\/p>\n<p>Aire de jeux:<br \/>\n12&prime;: 132.5&Prime; x 20&Prime; x 2.5&Prime; (12 ft) (336.55 x 51 x 6.35 cm)<br \/>\nDimensions<br \/>\n12&prime;: 146.9\u201d x 28.7\u201d x 32.1\u201d (373.1 x 72.9 x 81.5 cm)<\/p>\n<p>Facultatif:<\/p>\n<ul>\n<li><strong>Ensemble d&rsquo;\u00e9clairage pour jeu de palets<\/strong><br \/>\nGardez votre table de jeu de palets bien \u00e9clair\u00e9e gr\u00e2ce \u00e0 nos lampes de table faciles \u00e0 installer.<br \/>\nFabriqu\u00e9s en acier robuste avec une finition noire \u00e9l\u00e9gante, ils s&rsquo;agenceront \u00e0 n&rsquo;importe quel d\u00e9cor.<\/li>\n<\/ul>\n","protected":false},"excerpt":{"rendered":"<p><strong>Accessoires inclus<\/strong><br \/>\n\u2022 4 quatre poids noirs<br \/>\n\u2022 4 poids rouges<br \/>\n\u2022 Syst\u00e8me de notation de boulier int\u00e9gr\u00e9<br \/>\n\u2022 Brosse de table<br \/>\n\u2022 Cire pour jeu de palets<\/p>\n","protected":false},"featured_media":93035,"template":"","meta":{"site-sidebar-layout":"default","site-content-layout":"","ast-site-content-layout":"default","site-content-style":"default","site-sidebar-style":"default","ast-global-header-display":"","ast-banner-title-visibility":"","ast-main-header-display":"","ast-hfb-above-header-display":"","ast-hfb-below-header-display":"","ast-hfb-mobile-header-display":"","site-post-title":"","ast-breadcrumbs-content":"","ast-featured-img":"","footer-sml-layout":"","ast-disable-related-posts":"","theme-transparent-header-meta":"default","adv-header-id-meta":"","stick-header-meta":"","header-above-stick-meta":"","header-main-stick-meta":"","header-below-stick-meta":"","astra-migrate-meta-layouts":"default","ast-page-background-enabled":"default","ast-page-background-meta":{"desktop":{"background-color":"var(--ast-global-color-4)","background-image":"","background-repeat":"repeat","background-position":"center center","background-size":"auto","background-attachment":"scroll","background-type":"","background-media":"","overlay-type":"","overlay-color":"","overlay-opacity":"","overlay-gradient":""},"tablet":{"background-color":"","background-image":"","background-repeat":"repeat","background-position":"center center","background-size":"auto","background-attachment":"scroll","background-type":"","background-media":"","overlay-type":"","overlay-color":"","overlay-opacity":"","overlay-gradient":""},"mobile":{"background-color":"","background-image":"","background-repeat":"repeat","background-position":"center center","background-size":"auto","background-attachment":"scroll","background-type":"","background-media":"","overlay-type":"","overlay-color":"","overlay-opacity":"","overlay-gradient":""}},"ast-content-background-meta":{"desktop":{"background-color":"var(--ast-global-color-5)","background-image":"","background-repeat":"repeat","background-position":"center center","background-size":"auto","background-attachment":"scroll","background-type":"","background-media":"","overlay-type":"","overlay-color":"","overlay-opacity":"","overlay-gradient":""},"tablet":{"background-color":"var(--ast-global-color-5)","background-image":"","background-repeat":"repeat","background-position":"center center","background-size":"auto","background-attachment":"scroll","background-type":"","background-media":"","overlay-type":"","overlay-color":"","overlay-opacity":"","overlay-gradient":""},"mobile":{"background-color":"var(--ast-global-color-5)","background-image":"","background-repeat":"repeat","background-position":"center center","background-size":"auto","background-attachment":"scroll","background-type":"","background-media":"","overlay-type":"","overlay-color":"","overlay-opacity":"","overlay-gradient":""}}},"product_brand":[5198],"product_cat":[4334],"product_tag":[],"class_list":{"0":"post-93020","1":"product","2":"type-product","3":"status-publish","4":"has-post-thumbnail","6":"product_brand-brunswick-billiards-fr","7":"product_cat-shuffleboard-fr","8":"product_shipping_class-grand-air-hockey","9":"desktop-align-center","10":"tablet-align-left","11":"mobile-align-left","13":"first","14":"onbackorder","15":"taxable","16":"shipping-taxable","17":"purchasable","18":"product-type-variable"},"yoast_head":"<!-- This site is optimized with the Yoast SEO plugin v27.5 - https:\/\/yoast.com\/product\/yoast-seo-wordpress\/ -->\n<title>Acheter Shuffleboard Brunswick Soho - The World Billiards<\/title>\n<meta name=\"description\" content=\"Le Soho pr\u00e9sente un design moderne avec des lignes ultra \u00e9pur\u00e9es, une esth\u00e9tique niministe et correspond \u00e0 la table de billard Soho. Ajout\u00e9 individuellement ou en combinaison, le jeu de palets Soho promet d&#039;offrir un style, une qualit\u00e9 et une jouabilit\u00e9 uniques.  Disponible en 12&#039;.  Aire de jeux: 12&#039;: 132.5&quot; x 20&quot; x 2.5&quot; (12 ft) (336.55 x 51 x 6.35 cm) Dimensions 12&#039;: 146.9\u201d x 28.7\u201d x 32.1\u201d (373.1 x 72.9 x 81.5 cm)  Facultatif:   Ensemble d&#039;\u00e9clairage pour jeu de palets Gardez votre table de jeu de palets bien \u00e9clair\u00e9e gr\u00e2ce \u00e0 nos lampes de table faciles \u00e0 installer. Fabriqu\u00e9s en acier robuste avec une finition noire \u00e9l\u00e9gante, ils s&#039;agenceront \u00e0 n&#039;importe quel d\u00e9cor.\" \/>\n<meta name=\"robots\" content=\"index, follow, max-snippet:-1, max-image-preview:large, max-video-preview:-1\" \/>\n<link rel=\"canonical\" href=\"https:\/\/theworldbilliards.com\/fr\/produit\/shuffleboard-brunswick-soho\/\" \/>\n<meta property=\"og:locale\" content=\"fr_FR\" \/>\n<meta property=\"og:type\" content=\"article\" \/>\n<meta property=\"og:title\" content=\"Acheter Shuffleboard Brunswick Soho - The World Billiards\" \/>\n<meta property=\"og:description\" content=\"Le Soho pr\u00e9sente un design moderne avec des lignes ultra \u00e9pur\u00e9es, une esth\u00e9tique niministe et correspond \u00e0 la table de billard Soho. Ajout\u00e9 individuellement ou en combinaison, le jeu de palets Soho promet d&#039;offrir un style, une qualit\u00e9 et une jouabilit\u00e9 uniques.  Disponible en 12&#039;.  Aire de jeux: 12&#039;: 132.5&quot; x 20&quot; x 2.5&quot; (12 ft) (336.55 x 51 x 6.35 cm) Dimensions 12&#039;: 146.9\u201d x 28.7\u201d x 32.1\u201d (373.1 x 72.9 x 81.5 cm)  Facultatif:   Ensemble d&#039;\u00e9clairage pour jeu de palets Gardez votre table de jeu de palets bien \u00e9clair\u00e9e gr\u00e2ce \u00e0 nos lampes de table faciles \u00e0 installer. Fabriqu\u00e9s en acier robuste avec une finition noire \u00e9l\u00e9gante, ils s&#039;agenceront \u00e0 n&#039;importe quel d\u00e9cor.\" \/>\n<meta property=\"og:url\" content=\"https:\/\/theworldbilliards.com\/fr\/produit\/shuffleboard-brunswick-soho\/\" \/>\n<meta property=\"og:site_name\" content=\"The World Billiards\" \/>\n<meta property=\"article:publisher\" content=\"https:\/\/www.facebook.com\/baby.foot.superbes\" \/>\n<meta property=\"article:modified_time\" content=\"2025-04-04T10:19:48+00:00\" \/>\n<meta property=\"og:image\" content=\"https:\/\/theworldbilliards.com\/wp-content\/uploads\/2023\/07\/soho_shuffleboard.jpg\" \/>\n\t<meta property=\"og:image:width\" content=\"798\" \/>\n\t<meta property=\"og:image:height\" content=\"798\" \/>\n\t<meta property=\"og:image:type\" content=\"image\/jpeg\" \/>\n<meta name=\"twitter:card\" content=\"summary_large_image\" \/>\n<script type=\"application\/ld+json\" class=\"yoast-schema-graph\">{\"@context\":\"https:\\\/\\\/schema.org\",\"@graph\":[{\"@type\":\"WebPage\",\"@id\":\"https:\\\/\\\/theworldbilliards.com\\\/fr\\\/produit\\\/shuffleboard-brunswick-soho\\\/\",\"url\":\"https:\\\/\\\/theworldbilliards.com\\\/fr\\\/produit\\\/shuffleboard-brunswick-soho\\\/\",\"name\":\"Acheter Shuffleboard Brunswick Soho - The World Billiards\",\"isPartOf\":{\"@id\":\"https:\\\/\\\/theworldbilliards.com\\\/fr\\\/#website\"},\"primaryImageOfPage\":{\"@id\":\"https:\\\/\\\/theworldbilliards.com\\\/fr\\\/produit\\\/shuffleboard-brunswick-soho\\\/#primaryimage\"},\"image\":{\"@id\":\"https:\\\/\\\/theworldbilliards.com\\\/fr\\\/produit\\\/shuffleboard-brunswick-soho\\\/#primaryimage\"},\"thumbnailUrl\":\"https:\\\/\\\/theworldbilliards.com\\\/wp-content\\\/uploads\\\/2023\\\/07\\\/soho_shuffleboard.jpg\",\"datePublished\":\"2023-07-11T10:48:45+00:00\",\"dateModified\":\"2025-04-04T10:19:48+00:00\",\"description\":\"Le Soho pr\u00e9sente un design moderne avec des lignes ultra \u00e9pur\u00e9es, une esth\u00e9tique niministe et correspond \u00e0 la table de billard Soho. Ajout\u00e9 individuellement ou en combinaison, le jeu de palets Soho promet d'offrir un style, une qualit\u00e9 et une jouabilit\u00e9 uniques. Disponible en 12'. Aire de jeux: 12': 132.5\\\" x 20\\\" x 2.5\\\" (12 ft) (336.55 x 51 x 6.35 cm) Dimensions 12': 146.9\u201d x 28.7\u201d x 32.1\u201d (373.1 x 72.9 x 81.5 cm) Facultatif: Ensemble d'\u00e9clairage pour jeu de palets Gardez votre table de jeu de palets bien \u00e9clair\u00e9e gr\u00e2ce \u00e0 nos lampes de table faciles \u00e0 installer. Fabriqu\u00e9s en acier robuste avec une finition noire \u00e9l\u00e9gante, ils s'agenceront \u00e0 n'importe quel d\u00e9cor.\",\"breadcrumb\":{\"@id\":\"https:\\\/\\\/theworldbilliards.com\\\/fr\\\/produit\\\/shuffleboard-brunswick-soho\\\/#breadcrumb\"},\"inLanguage\":\"fr-FR\",\"potentialAction\":[{\"@type\":\"ReadAction\",\"target\":[\"https:\\\/\\\/theworldbilliards.com\\\/fr\\\/produit\\\/shuffleboard-brunswick-soho\\\/\"]}]},{\"@type\":\"ImageObject\",\"inLanguage\":\"fr-FR\",\"@id\":\"https:\\\/\\\/theworldbilliards.com\\\/fr\\\/produit\\\/shuffleboard-brunswick-soho\\\/#primaryimage\",\"url\":\"https:\\\/\\\/theworldbilliards.com\\\/wp-content\\\/uploads\\\/2023\\\/07\\\/soho_shuffleboard.jpg\",\"contentUrl\":\"https:\\\/\\\/theworldbilliards.com\\\/wp-content\\\/uploads\\\/2023\\\/07\\\/soho_shuffleboard.jpg\",\"width\":798,\"height\":798},{\"@type\":\"BreadcrumbList\",\"@id\":\"https:\\\/\\\/theworldbilliards.com\\\/fr\\\/produit\\\/shuffleboard-brunswick-soho\\\/#breadcrumb\",\"itemListElement\":[{\"@type\":\"ListItem\",\"position\":1,\"name\":\"In\u00edcio\",\"item\":\"https:\\\/\\\/theworldbilliards.com\\\/fr\\\/\"},{\"@type\":\"ListItem\",\"position\":2,\"name\":\"Boutique en ligne\",\"item\":\"https:\\\/\\\/theworldbilliards.com\\\/fr\\\/boutique-theworldbilliards\\\/\"},{\"@type\":\"ListItem\",\"position\":3,\"name\":\"Shuffleboard Brunswick Soho\"}]},{\"@type\":\"WebSite\",\"@id\":\"https:\\\/\\\/theworldbilliards.com\\\/fr\\\/#website\",\"url\":\"https:\\\/\\\/theworldbilliards.com\\\/fr\\\/\",\"name\":\"TheWorldBilliards\",\"description\":\"Achetez ici billard, baby-foot, ping-pong et bowling\",\"publisher\":{\"@id\":\"https:\\\/\\\/theworldbilliards.com\\\/fr\\\/#organization\"},\"alternateName\":\"The world billiards\",\"potentialAction\":[{\"@type\":\"SearchAction\",\"target\":{\"@type\":\"EntryPoint\",\"urlTemplate\":\"https:\\\/\\\/theworldbilliards.com\\\/fr\\\/?s={search_term_string}\"},\"query-input\":{\"@type\":\"PropertyValueSpecification\",\"valueRequired\":true,\"valueName\":\"search_term_string\"}}],\"inLanguage\":\"fr-FR\"},{\"@type\":\"Organization\",\"@id\":\"https:\\\/\\\/theworldbilliards.com\\\/fr\\\/#organization\",\"name\":\"The World Billiards\",\"alternateName\":\"The World Billiards\",\"url\":\"https:\\\/\\\/theworldbilliards.com\\\/fr\\\/\",\"logo\":{\"@type\":\"ImageObject\",\"inLanguage\":\"fr-FR\",\"@id\":\"https:\\\/\\\/theworldbilliards.com\\\/fr\\\/#\\\/schema\\\/logo\\\/image\\\/\",\"url\":\"\",\"contentUrl\":\"\",\"caption\":\"The World Billiards\"},\"image\":{\"@id\":\"https:\\\/\\\/theworldbilliards.com\\\/fr\\\/#\\\/schema\\\/logo\\\/image\\\/\"},\"sameAs\":[\"https:\\\/\\\/www.facebook.com\\\/baby.foot.superbes\",\"https:\\\/\\\/www.youtube.com\\\/channel\\\/UCIMuOVAaUcH6UpZcsZlH0Tg\",\"https:\\\/\\\/www.facebook.com\\\/people\\\/Brunswick-Billiards-EspaaPortugal\\\/100066446264309\\\/\",\"https:\\\/\\\/www.instagram.com\\\/the_world_billiards\\\/\",\"https:\\\/\\\/www.pinterest.es\\\/Theworldbilliards\\\/\"]}]}<\/script>\n<!-- \/ Yoast SEO plugin. -->","yoast_head_json":{"title":"Acheter Shuffleboard Brunswick Soho - The World Billiards","description":"Le Soho pr\u00e9sente un design moderne avec des lignes ultra \u00e9pur\u00e9es, une esth\u00e9tique niministe et correspond \u00e0 la table de billard Soho. Ajout\u00e9 individuellement ou en combinaison, le jeu de palets Soho promet d'offrir un style, une qualit\u00e9 et une jouabilit\u00e9 uniques.  Disponible en 12'.  Aire de jeux: 12': 132.5\" x 20\" x 2.5\" (12 ft) (336.55 x 51 x 6.35 cm) Dimensions 12': 146.9\u201d x 28.7\u201d x 32.1\u201d (373.1 x 72.9 x 81.5 cm)  Facultatif:   Ensemble d'\u00e9clairage pour jeu de palets Gardez votre table de jeu de palets bien \u00e9clair\u00e9e gr\u00e2ce \u00e0 nos lampes de table faciles \u00e0 installer. Fabriqu\u00e9s en acier robuste avec une finition noire \u00e9l\u00e9gante, ils s'agenceront \u00e0 n'importe quel d\u00e9cor.","robots":{"index":"index","follow":"follow","max-snippet":"max-snippet:-1","max-image-preview":"max-image-preview:large","max-video-preview":"max-video-preview:-1"},"canonical":"https:\/\/theworldbilliards.com\/fr\/produit\/shuffleboard-brunswick-soho\/","og_locale":"fr_FR","og_type":"article","og_title":"Acheter Shuffleboard Brunswick Soho - The World Billiards","og_description":"Le Soho pr\u00e9sente un design moderne avec des lignes ultra \u00e9pur\u00e9es, une esth\u00e9tique niministe et correspond \u00e0 la table de billard Soho. Ajout\u00e9 individuellement ou en combinaison, le jeu de palets Soho promet d'offrir un style, une qualit\u00e9 et une jouabilit\u00e9 uniques.  Disponible en 12'.  Aire de jeux: 12': 132.5\" x 20\" x 2.5\" (12 ft) (336.55 x 51 x 6.35 cm) Dimensions 12': 146.9\u201d x 28.7\u201d x 32.1\u201d (373.1 x 72.9 x 81.5 cm)  Facultatif:   Ensemble d'\u00e9clairage pour jeu de palets Gardez votre table de jeu de palets bien \u00e9clair\u00e9e gr\u00e2ce \u00e0 nos lampes de table faciles \u00e0 installer. Fabriqu\u00e9s en acier robuste avec une finition noire \u00e9l\u00e9gante, ils s'agenceront \u00e0 n'importe quel d\u00e9cor.","og_url":"https:\/\/theworldbilliards.com\/fr\/produit\/shuffleboard-brunswick-soho\/","og_site_name":"The World Billiards","article_publisher":"https:\/\/www.facebook.com\/baby.foot.superbes","article_modified_time":"2025-04-04T10:19:48+00:00","og_image":[{"width":798,"height":798,"url":"https:\/\/theworldbilliards.com\/wp-content\/uploads\/2023\/07\/soho_shuffleboard.jpg","type":"image\/jpeg"}],"twitter_card":"summary_large_image","schema":{"@context":"https:\/\/schema.org","@graph":[{"@type":"WebPage","@id":"https:\/\/theworldbilliards.com\/fr\/produit\/shuffleboard-brunswick-soho\/","url":"https:\/\/theworldbilliards.com\/fr\/produit\/shuffleboard-brunswick-soho\/","name":"Acheter Shuffleboard Brunswick Soho - The World Billiards","isPartOf":{"@id":"https:\/\/theworldbilliards.com\/fr\/#website"},"primaryImageOfPage":{"@id":"https:\/\/theworldbilliards.com\/fr\/produit\/shuffleboard-brunswick-soho\/#primaryimage"},"image":{"@id":"https:\/\/theworldbilliards.com\/fr\/produit\/shuffleboard-brunswick-soho\/#primaryimage"},"thumbnailUrl":"https:\/\/theworldbilliards.com\/wp-content\/uploads\/2023\/07\/soho_shuffleboard.jpg","datePublished":"2023-07-11T10:48:45+00:00","dateModified":"2025-04-04T10:19:48+00:00","description":"Le Soho pr\u00e9sente un design moderne avec des lignes ultra \u00e9pur\u00e9es, une esth\u00e9tique niministe et correspond \u00e0 la table de billard Soho. Ajout\u00e9 individuellement ou en combinaison, le jeu de palets Soho promet d'offrir un style, une qualit\u00e9 et une jouabilit\u00e9 uniques. Disponible en 12'. Aire de jeux: 12': 132.5\" x 20\" x 2.5\" (12 ft) (336.55 x 51 x 6.35 cm) Dimensions 12': 146.9\u201d x 28.7\u201d x 32.1\u201d (373.1 x 72.9 x 81.5 cm) Facultatif: Ensemble d'\u00e9clairage pour jeu de palets Gardez votre table de jeu de palets bien \u00e9clair\u00e9e gr\u00e2ce \u00e0 nos lampes de table faciles \u00e0 installer. Fabriqu\u00e9s en acier robuste avec une finition noire \u00e9l\u00e9gante, ils s'agenceront \u00e0 n'importe quel d\u00e9cor.","breadcrumb":{"@id":"https:\/\/theworldbilliards.com\/fr\/produit\/shuffleboard-brunswick-soho\/#breadcrumb"},"inLanguage":"fr-FR","potentialAction":[{"@type":"ReadAction","target":["https:\/\/theworldbilliards.com\/fr\/produit\/shuffleboard-brunswick-soho\/"]}]},{"@type":"ImageObject","inLanguage":"fr-FR","@id":"https:\/\/theworldbilliards.com\/fr\/produit\/shuffleboard-brunswick-soho\/#primaryimage","url":"https:\/\/theworldbilliards.com\/wp-content\/uploads\/2023\/07\/soho_shuffleboard.jpg","contentUrl":"https:\/\/theworldbilliards.com\/wp-content\/uploads\/2023\/07\/soho_shuffleboard.jpg","width":798,"height":798},{"@type":"BreadcrumbList","@id":"https:\/\/theworldbilliards.com\/fr\/produit\/shuffleboard-brunswick-soho\/#breadcrumb","itemListElement":[{"@type":"ListItem","position":1,"name":"In\u00edcio","item":"https:\/\/theworldbilliards.com\/fr\/"},{"@type":"ListItem","position":2,"name":"Boutique en ligne","item":"https:\/\/theworldbilliards.com\/fr\/boutique-theworldbilliards\/"},{"@type":"ListItem","position":3,"name":"Shuffleboard Brunswick Soho"}]},{"@type":"WebSite","@id":"https:\/\/theworldbilliards.com\/fr\/#website","url":"https:\/\/theworldbilliards.com\/fr\/","name":"TheWorldBilliards","description":"Achetez ici billard, baby-foot, ping-pong et bowling","publisher":{"@id":"https:\/\/theworldbilliards.com\/fr\/#organization"},"alternateName":"The world billiards","potentialAction":[{"@type":"SearchAction","target":{"@type":"EntryPoint","urlTemplate":"https:\/\/theworldbilliards.com\/fr\/?s={search_term_string}"},"query-input":{"@type":"PropertyValueSpecification","valueRequired":true,"valueName":"search_term_string"}}],"inLanguage":"fr-FR"},{"@type":"Organization","@id":"https:\/\/theworldbilliards.com\/fr\/#organization","name":"The World Billiards","alternateName":"The World Billiards","url":"https:\/\/theworldbilliards.com\/fr\/","logo":{"@type":"ImageObject","inLanguage":"fr-FR","@id":"https:\/\/theworldbilliards.com\/fr\/#\/schema\/logo\/image\/","url":"","contentUrl":"","caption":"The World Billiards"},"image":{"@id":"https:\/\/theworldbilliards.com\/fr\/#\/schema\/logo\/image\/"},"sameAs":["https:\/\/www.facebook.com\/baby.foot.superbes","https:\/\/www.youtube.com\/channel\/UCIMuOVAaUcH6UpZcsZlH0Tg","https:\/\/www.facebook.com\/people\/Brunswick-Billiards-EspaaPortugal\/100066446264309\/","https:\/\/www.instagram.com\/the_world_billiards\/","https:\/\/www.pinterest.es\/Theworldbilliards\/"]}]}},"_links":{"self":[{"href":"https:\/\/theworldbilliards.com\/fr\/wp-json\/wp\/v2\/product\/93020","targetHints":{"allow":["GET"]}}],"collection":[{"href":"https:\/\/theworldbilliards.com\/fr\/wp-json\/wp\/v2\/product"}],"about":[{"href":"https:\/\/theworldbilliards.com\/fr\/wp-json\/wp\/v2\/types\/product"}],"wp:featuredmedia":[{"embeddable":true,"href":"https:\/\/theworldbilliards.com\/fr\/wp-json\/wp\/v2\/media\/93035"}],"wp:attachment":[{"href":"https:\/\/theworldbilliards.com\/fr\/wp-json\/wp\/v2\/media?parent=93020"}],"wp:term":[{"taxonomy":"product_brand","embeddable":true,"href":"https:\/\/theworldbilliards.com\/fr\/wp-json\/wp\/v2\/product_brand?post=93020"},{"taxonomy":"product_cat","embeddable":true,"href":"https:\/\/theworldbilliards.com\/fr\/wp-json\/wp\/v2\/product_cat?post=93020"},{"taxonomy":"product_tag","embeddable":true,"href":"https:\/\/theworldbilliards.com\/fr\/wp-json\/wp\/v2\/product_tag?post=93020"}],"curies":[{"name":"wp","href":"https:\/\/api.w.org\/{rel}","templated":true}]}}