{"id":93792,"date":"2023-09-27T13:59:27","date_gmt":"2023-09-27T11:59:27","guid":{"rendered":"https:\/\/theworldbilliards.com\/?post_type=product&#038;p=93792"},"modified":"2024-12-26T13:08:46","modified_gmt":"2024-12-26T12:08:46","slug":"billard-rasson-mr-sung-acurra","status":"publish","type":"product","link":"https:\/\/theworldbilliards.com\/fr\/produit\/billard-rasson-mr-sung-acurra\/","title":{"rendered":"Billard Rasson Mr Sung Acurra"},"content":{"rendered":"<p>Avec <strong>30 mm d&rsquo;\u00e9paisseur l&rsquo;ardoise Rasson premium<\/strong><\/p>\n<p><strong>Niveleur de jambe ABS<\/strong><\/p>\n<p><strong>Rasson Pool K-55<\/strong> en caoutchouc<\/p>\n<p>Tapis <strong>Pro Cup Tournament<\/strong><\/p>\n<p>Pour plus d&rsquo;informations contactez-nous, nous mettons \u00e0 votre disposition un technicien sp\u00e9cialis\u00e9 pour vous conseiller.<\/p>\n<p>Options: Plateau table \u00e0 manger, plateau table de ping-pong, syst\u00e8me multi bandes de billard Fran\u00e7ais \/ Billard Am\u00e9ricain \/ Snooker Anglais.<\/p>\n<p>Transport est montage assur\u00e9 par nos \u00e9quipes techniques certifi\u00e9es non compris<\/p>\n","protected":false},"excerpt":{"rendered":"<p><strong>Accessoires inclus<\/strong><br \/>\n\u2022 1 Jeu de Boules<br \/>\n\u2022 Triangle (en pool)<br \/>\n\u2022 4 Queues une-piece<br \/>\n\u2022 6 Cubes de Craie<br \/>\n\u2022 Brosse<\/p>\n<p><a href=\"https:\/\/theworldbilliards.com\/fr\/categorie-produit\/billard\/acessorios-de-billard\/kit-daccessoires\/\" target=\"_blank\" rel=\"noopener\"><strong>Autres options de kit d\u2019accessoires<\/strong><\/a><strong><a href=\"https:\/\/theworldbilliards.com\/fr\/categorie-produit\/billard\/acessorios-de-billard\/kit-daccessoires\/\" target=\"_blank\" rel=\"noopener\"><img loading=\"lazy\" decoding=\"async\" class=\"alignnone wp-image-103074\" src=\"https:\/\/theworldbilliards.com\/wp-content\/uploads\/2024\/04\/Brunswick-kit-centennial-300x189.jpg\" alt=\"\" width=\"200\" height=\"126\" srcset=\"https:\/\/theworldbilliards.com\/wp-content\/uploads\/2024\/04\/Brunswick-kit-centennial-300x189.jpg 300w, https:\/\/theworldbilliards.com\/wp-content\/uploads\/2024\/04\/Brunswick-kit-centennial-600x379.jpg 600w, https:\/\/theworldbilliards.com\/wp-content\/uploads\/2024\/04\/Brunswick-kit-centennial.jpg 708w\" sizes=\"auto, (max-width: 200px) 100vw, 200px\" \/><\/a><\/strong><\/p>\n","protected":false},"featured_media":94953,"template":"","meta":{"site-sidebar-layout":"default","site-content-layout":"","ast-site-content-layout":"default","site-content-style":"default","site-sidebar-style":"default","ast-global-header-display":"","ast-banner-title-visibility":"","ast-main-header-display":"","ast-hfb-above-header-display":"","ast-hfb-below-header-display":"","ast-hfb-mobile-header-display":"","site-post-title":"","ast-breadcrumbs-content":"","ast-featured-img":"","footer-sml-layout":"","ast-disable-related-posts":"","theme-transparent-header-meta":"default","adv-header-id-meta":"","stick-header-meta":"","header-above-stick-meta":"","header-main-stick-meta":"","header-below-stick-meta":"","astra-migrate-meta-layouts":"default","ast-page-background-enabled":"default","ast-page-background-meta":{"desktop":{"background-color":"var(--ast-global-color-4)","background-image":"","background-repeat":"repeat","background-position":"center center","background-size":"auto","background-attachment":"scroll","background-type":"","background-media":"","overlay-type":"","overlay-color":"","overlay-opacity":"","overlay-gradient":""},"tablet":{"background-color":"","background-image":"","background-repeat":"repeat","background-position":"center center","background-size":"auto","background-attachment":"scroll","background-type":"","background-media":"","overlay-type":"","overlay-color":"","overlay-opacity":"","overlay-gradient":""},"mobile":{"background-color":"","background-image":"","background-repeat":"repeat","background-position":"center center","background-size":"auto","background-attachment":"scroll","background-type":"","background-media":"","overlay-type":"","overlay-color":"","overlay-opacity":"","overlay-gradient":""}},"ast-content-background-meta":{"desktop":{"background-color":"var(--ast-global-color-5)","background-image":"","background-repeat":"repeat","background-position":"center center","background-size":"auto","background-attachment":"scroll","background-type":"","background-media":"","overlay-type":"","overlay-color":"","overlay-opacity":"","overlay-gradient":""},"tablet":{"background-color":"var(--ast-global-color-5)","background-image":"","background-repeat":"repeat","background-position":"center center","background-size":"auto","background-attachment":"scroll","background-type":"","background-media":"","overlay-type":"","overlay-color":"","overlay-opacity":"","overlay-gradient":""},"mobile":{"background-color":"var(--ast-global-color-5)","background-image":"","background-repeat":"repeat","background-position":"center center","background-size":"auto","background-attachment":"scroll","background-type":"","background-media":"","overlay-type":"","overlay-color":"","overlay-opacity":"","overlay-gradient":""}}},"product_brand":[5222],"product_cat":[1262],"product_tag":[],"class_list":{"0":"post-93792","1":"product","2":"type-product","3":"status-publish","4":"has-post-thumbnail","6":"product_brand-rasson-billiards-fr","7":"product_cat-billard-de-competition","8":"product_shipping_class-billard","9":"desktop-align-center","10":"tablet-align-left","11":"mobile-align-left","13":"first","14":"onbackorder","15":"taxable","16":"shipping-taxable","17":"product-type-simple"},"yoast_head":"<!-- This site is optimized with the Yoast SEO plugin v27.4 - https:\/\/yoast.com\/product\/yoast-seo-wordpress\/ -->\n<title>Acheter Billard Rasson Mr Sung Acurra - The World Billiards<\/title>\n<meta name=\"description\" content=\"Avec 30 mm d&#039;\u00e9paisseur l&#039;ardoise Rasson premium  Niveleur de jambe ABS  Rasson Pool K-55 en caoutchouc  Tapis Pro Cup Tournament  Pour plus d&#039;informations contactez-nous, nous mettons \u00e0 votre disposition un technicien sp\u00e9cialis\u00e9 pour vous conseiller.  Options: Plateau table \u00e0 manger, plateau table de ping-pong, syst\u00e8me multi bandes de billard Fran\u00e7ais \/ Billard Am\u00e9ricain \/ Snooker Anglais.  Transport est montage assur\u00e9 par nos \u00e9quipes techniques certifi\u00e9es non compris\" \/>\n<meta name=\"robots\" content=\"index, follow, max-snippet:-1, max-image-preview:large, max-video-preview:-1\" \/>\n<link rel=\"canonical\" href=\"https:\/\/theworldbilliards.com\/fr\/produit\/billard-rasson-mr-sung-acurra\/\" \/>\n<meta property=\"og:locale\" content=\"fr_FR\" \/>\n<meta property=\"og:type\" content=\"article\" \/>\n<meta property=\"og:title\" content=\"Acheter Billard Rasson Mr Sung Acurra - The World Billiards\" \/>\n<meta property=\"og:description\" content=\"Avec 30 mm d&#039;\u00e9paisseur l&#039;ardoise Rasson premium  Niveleur de jambe ABS  Rasson Pool K-55 en caoutchouc  Tapis Pro Cup Tournament  Pour plus d&#039;informations contactez-nous, nous mettons \u00e0 votre disposition un technicien sp\u00e9cialis\u00e9 pour vous conseiller.  Options: Plateau table \u00e0 manger, plateau table de ping-pong, syst\u00e8me multi bandes de billard Fran\u00e7ais \/ Billard Am\u00e9ricain \/ Snooker Anglais.  Transport est montage assur\u00e9 par nos \u00e9quipes techniques certifi\u00e9es non compris\" \/>\n<meta property=\"og:url\" content=\"https:\/\/theworldbilliards.com\/fr\/produit\/billard-rasson-mr-sung-acurra\/\" \/>\n<meta property=\"og:site_name\" content=\"The World Billiards\" \/>\n<meta property=\"article:publisher\" content=\"https:\/\/www.facebook.com\/baby.foot.superbes\" \/>\n<meta property=\"article:modified_time\" content=\"2024-12-26T12:08:46+00:00\" \/>\n<meta property=\"og:image\" content=\"https:\/\/theworldbilliards.com\/wp-content\/uploads\/2023\/09\/Rasson-mr-sung-acurra.jpg\" \/>\n\t<meta property=\"og:image:width\" content=\"1513\" \/>\n\t<meta property=\"og:image:height\" content=\"1513\" \/>\n\t<meta property=\"og:image:type\" content=\"image\/jpeg\" \/>\n<meta name=\"twitter:card\" content=\"summary_large_image\" \/>\n<script type=\"application\/ld+json\" class=\"yoast-schema-graph\">{\"@context\":\"https:\\\/\\\/schema.org\",\"@graph\":[{\"@type\":\"WebPage\",\"@id\":\"https:\\\/\\\/theworldbilliards.com\\\/fr\\\/produit\\\/billard-rasson-mr-sung-acurra\\\/\",\"url\":\"https:\\\/\\\/theworldbilliards.com\\\/fr\\\/produit\\\/billard-rasson-mr-sung-acurra\\\/\",\"name\":\"Acheter Billard Rasson Mr Sung Acurra - The World Billiards\",\"isPartOf\":{\"@id\":\"https:\\\/\\\/theworldbilliards.com\\\/fr\\\/#website\"},\"primaryImageOfPage\":{\"@id\":\"https:\\\/\\\/theworldbilliards.com\\\/fr\\\/produit\\\/billard-rasson-mr-sung-acurra\\\/#primaryimage\"},\"image\":{\"@id\":\"https:\\\/\\\/theworldbilliards.com\\\/fr\\\/produit\\\/billard-rasson-mr-sung-acurra\\\/#primaryimage\"},\"thumbnailUrl\":\"https:\\\/\\\/theworldbilliards.com\\\/wp-content\\\/uploads\\\/2023\\\/09\\\/Rasson-mr-sung-acurra.jpg\",\"datePublished\":\"2023-09-27T11:59:27+00:00\",\"dateModified\":\"2024-12-26T12:08:46+00:00\",\"description\":\"Avec 30 mm d'\u00e9paisseur l'ardoise Rasson premium Niveleur de jambe ABS Rasson Pool K-55 en caoutchouc Tapis Pro Cup Tournament Pour plus d'informations contactez-nous, nous mettons \u00e0 votre disposition un technicien sp\u00e9cialis\u00e9 pour vous conseiller. Options: Plateau table \u00e0 manger, plateau table de ping-pong, syst\u00e8me multi bandes de billard Fran\u00e7ais \\\/ Billard Am\u00e9ricain \\\/ Snooker Anglais. Transport est montage assur\u00e9 par nos \u00e9quipes techniques certifi\u00e9es non compris\",\"breadcrumb\":{\"@id\":\"https:\\\/\\\/theworldbilliards.com\\\/fr\\\/produit\\\/billard-rasson-mr-sung-acurra\\\/#breadcrumb\"},\"inLanguage\":\"fr-FR\",\"potentialAction\":[{\"@type\":\"ReadAction\",\"target\":[\"https:\\\/\\\/theworldbilliards.com\\\/fr\\\/produit\\\/billard-rasson-mr-sung-acurra\\\/\"]}]},{\"@type\":\"ImageObject\",\"inLanguage\":\"fr-FR\",\"@id\":\"https:\\\/\\\/theworldbilliards.com\\\/fr\\\/produit\\\/billard-rasson-mr-sung-acurra\\\/#primaryimage\",\"url\":\"https:\\\/\\\/theworldbilliards.com\\\/wp-content\\\/uploads\\\/2023\\\/09\\\/Rasson-mr-sung-acurra.jpg\",\"contentUrl\":\"https:\\\/\\\/theworldbilliards.com\\\/wp-content\\\/uploads\\\/2023\\\/09\\\/Rasson-mr-sung-acurra.jpg\",\"width\":1513,\"height\":1513},{\"@type\":\"BreadcrumbList\",\"@id\":\"https:\\\/\\\/theworldbilliards.com\\\/fr\\\/produit\\\/billard-rasson-mr-sung-acurra\\\/#breadcrumb\",\"itemListElement\":[{\"@type\":\"ListItem\",\"position\":1,\"name\":\"In\u00edcio\",\"item\":\"https:\\\/\\\/theworldbilliards.com\\\/fr\\\/\"},{\"@type\":\"ListItem\",\"position\":2,\"name\":\"Boutique en ligne\",\"item\":\"https:\\\/\\\/theworldbilliards.com\\\/fr\\\/boutique-theworldbilliards\\\/\"},{\"@type\":\"ListItem\",\"position\":3,\"name\":\"Billard Rasson Mr Sung Acurra\"}]},{\"@type\":\"WebSite\",\"@id\":\"https:\\\/\\\/theworldbilliards.com\\\/fr\\\/#website\",\"url\":\"https:\\\/\\\/theworldbilliards.com\\\/fr\\\/\",\"name\":\"TheWorldBilliards\",\"description\":\"Achetez ici billard, baby-foot, ping-pong et bowling\",\"publisher\":{\"@id\":\"https:\\\/\\\/theworldbilliards.com\\\/fr\\\/#organization\"},\"alternateName\":\"The world billiards\",\"potentialAction\":[{\"@type\":\"SearchAction\",\"target\":{\"@type\":\"EntryPoint\",\"urlTemplate\":\"https:\\\/\\\/theworldbilliards.com\\\/fr\\\/?s={search_term_string}\"},\"query-input\":{\"@type\":\"PropertyValueSpecification\",\"valueRequired\":true,\"valueName\":\"search_term_string\"}}],\"inLanguage\":\"fr-FR\"},{\"@type\":\"Organization\",\"@id\":\"https:\\\/\\\/theworldbilliards.com\\\/fr\\\/#organization\",\"name\":\"The World Billiards\",\"alternateName\":\"The World Billiards\",\"url\":\"https:\\\/\\\/theworldbilliards.com\\\/fr\\\/\",\"logo\":{\"@type\":\"ImageObject\",\"inLanguage\":\"fr-FR\",\"@id\":\"https:\\\/\\\/theworldbilliards.com\\\/fr\\\/#\\\/schema\\\/logo\\\/image\\\/\",\"url\":\"\",\"contentUrl\":\"\",\"caption\":\"The World Billiards\"},\"image\":{\"@id\":\"https:\\\/\\\/theworldbilliards.com\\\/fr\\\/#\\\/schema\\\/logo\\\/image\\\/\"},\"sameAs\":[\"https:\\\/\\\/www.facebook.com\\\/baby.foot.superbes\",\"https:\\\/\\\/www.youtube.com\\\/channel\\\/UCIMuOVAaUcH6UpZcsZlH0Tg\",\"https:\\\/\\\/www.facebook.com\\\/people\\\/Brunswick-Billiards-EspaaPortugal\\\/100066446264309\\\/\",\"https:\\\/\\\/www.instagram.com\\\/the_world_billiards\\\/\",\"https:\\\/\\\/www.pinterest.es\\\/Theworldbilliards\\\/\"]}]}<\/script>\n<!-- \/ Yoast SEO plugin. -->","yoast_head_json":{"title":"Acheter Billard Rasson Mr Sung Acurra - The World Billiards","description":"Avec 30 mm d'\u00e9paisseur l'ardoise Rasson premium  Niveleur de jambe ABS  Rasson Pool K-55 en caoutchouc  Tapis Pro Cup Tournament  Pour plus d'informations contactez-nous, nous mettons \u00e0 votre disposition un technicien sp\u00e9cialis\u00e9 pour vous conseiller.  Options: Plateau table \u00e0 manger, plateau table de ping-pong, syst\u00e8me multi bandes de billard Fran\u00e7ais \/ Billard Am\u00e9ricain \/ Snooker Anglais.  Transport est montage assur\u00e9 par nos \u00e9quipes techniques certifi\u00e9es non compris","robots":{"index":"index","follow":"follow","max-snippet":"max-snippet:-1","max-image-preview":"max-image-preview:large","max-video-preview":"max-video-preview:-1"},"canonical":"https:\/\/theworldbilliards.com\/fr\/produit\/billard-rasson-mr-sung-acurra\/","og_locale":"fr_FR","og_type":"article","og_title":"Acheter Billard Rasson Mr Sung Acurra - The World Billiards","og_description":"Avec 30 mm d'\u00e9paisseur l'ardoise Rasson premium  Niveleur de jambe ABS  Rasson Pool K-55 en caoutchouc  Tapis Pro Cup Tournament  Pour plus d'informations contactez-nous, nous mettons \u00e0 votre disposition un technicien sp\u00e9cialis\u00e9 pour vous conseiller.  Options: Plateau table \u00e0 manger, plateau table de ping-pong, syst\u00e8me multi bandes de billard Fran\u00e7ais \/ Billard Am\u00e9ricain \/ Snooker Anglais.  Transport est montage assur\u00e9 par nos \u00e9quipes techniques certifi\u00e9es non compris","og_url":"https:\/\/theworldbilliards.com\/fr\/produit\/billard-rasson-mr-sung-acurra\/","og_site_name":"The World Billiards","article_publisher":"https:\/\/www.facebook.com\/baby.foot.superbes","article_modified_time":"2024-12-26T12:08:46+00:00","og_image":[{"width":1513,"height":1513,"url":"https:\/\/theworldbilliards.com\/wp-content\/uploads\/2023\/09\/Rasson-mr-sung-acurra.jpg","type":"image\/jpeg"}],"twitter_card":"summary_large_image","schema":{"@context":"https:\/\/schema.org","@graph":[{"@type":"WebPage","@id":"https:\/\/theworldbilliards.com\/fr\/produit\/billard-rasson-mr-sung-acurra\/","url":"https:\/\/theworldbilliards.com\/fr\/produit\/billard-rasson-mr-sung-acurra\/","name":"Acheter Billard Rasson Mr Sung Acurra - The World Billiards","isPartOf":{"@id":"https:\/\/theworldbilliards.com\/fr\/#website"},"primaryImageOfPage":{"@id":"https:\/\/theworldbilliards.com\/fr\/produit\/billard-rasson-mr-sung-acurra\/#primaryimage"},"image":{"@id":"https:\/\/theworldbilliards.com\/fr\/produit\/billard-rasson-mr-sung-acurra\/#primaryimage"},"thumbnailUrl":"https:\/\/theworldbilliards.com\/wp-content\/uploads\/2023\/09\/Rasson-mr-sung-acurra.jpg","datePublished":"2023-09-27T11:59:27+00:00","dateModified":"2024-12-26T12:08:46+00:00","description":"Avec 30 mm d'\u00e9paisseur l'ardoise Rasson premium Niveleur de jambe ABS Rasson Pool K-55 en caoutchouc Tapis Pro Cup Tournament Pour plus d'informations contactez-nous, nous mettons \u00e0 votre disposition un technicien sp\u00e9cialis\u00e9 pour vous conseiller. Options: Plateau table \u00e0 manger, plateau table de ping-pong, syst\u00e8me multi bandes de billard Fran\u00e7ais \/ Billard Am\u00e9ricain \/ Snooker Anglais. Transport est montage assur\u00e9 par nos \u00e9quipes techniques certifi\u00e9es non compris","breadcrumb":{"@id":"https:\/\/theworldbilliards.com\/fr\/produit\/billard-rasson-mr-sung-acurra\/#breadcrumb"},"inLanguage":"fr-FR","potentialAction":[{"@type":"ReadAction","target":["https:\/\/theworldbilliards.com\/fr\/produit\/billard-rasson-mr-sung-acurra\/"]}]},{"@type":"ImageObject","inLanguage":"fr-FR","@id":"https:\/\/theworldbilliards.com\/fr\/produit\/billard-rasson-mr-sung-acurra\/#primaryimage","url":"https:\/\/theworldbilliards.com\/wp-content\/uploads\/2023\/09\/Rasson-mr-sung-acurra.jpg","contentUrl":"https:\/\/theworldbilliards.com\/wp-content\/uploads\/2023\/09\/Rasson-mr-sung-acurra.jpg","width":1513,"height":1513},{"@type":"BreadcrumbList","@id":"https:\/\/theworldbilliards.com\/fr\/produit\/billard-rasson-mr-sung-acurra\/#breadcrumb","itemListElement":[{"@type":"ListItem","position":1,"name":"In\u00edcio","item":"https:\/\/theworldbilliards.com\/fr\/"},{"@type":"ListItem","position":2,"name":"Boutique en ligne","item":"https:\/\/theworldbilliards.com\/fr\/boutique-theworldbilliards\/"},{"@type":"ListItem","position":3,"name":"Billard Rasson Mr Sung Acurra"}]},{"@type":"WebSite","@id":"https:\/\/theworldbilliards.com\/fr\/#website","url":"https:\/\/theworldbilliards.com\/fr\/","name":"TheWorldBilliards","description":"Achetez ici billard, baby-foot, ping-pong et bowling","publisher":{"@id":"https:\/\/theworldbilliards.com\/fr\/#organization"},"alternateName":"The world billiards","potentialAction":[{"@type":"SearchAction","target":{"@type":"EntryPoint","urlTemplate":"https:\/\/theworldbilliards.com\/fr\/?s={search_term_string}"},"query-input":{"@type":"PropertyValueSpecification","valueRequired":true,"valueName":"search_term_string"}}],"inLanguage":"fr-FR"},{"@type":"Organization","@id":"https:\/\/theworldbilliards.com\/fr\/#organization","name":"The World Billiards","alternateName":"The World Billiards","url":"https:\/\/theworldbilliards.com\/fr\/","logo":{"@type":"ImageObject","inLanguage":"fr-FR","@id":"https:\/\/theworldbilliards.com\/fr\/#\/schema\/logo\/image\/","url":"","contentUrl":"","caption":"The World Billiards"},"image":{"@id":"https:\/\/theworldbilliards.com\/fr\/#\/schema\/logo\/image\/"},"sameAs":["https:\/\/www.facebook.com\/baby.foot.superbes","https:\/\/www.youtube.com\/channel\/UCIMuOVAaUcH6UpZcsZlH0Tg","https:\/\/www.facebook.com\/people\/Brunswick-Billiards-EspaaPortugal\/100066446264309\/","https:\/\/www.instagram.com\/the_world_billiards\/","https:\/\/www.pinterest.es\/Theworldbilliards\/"]}]}},"_links":{"self":[{"href":"https:\/\/theworldbilliards.com\/fr\/wp-json\/wp\/v2\/product\/93792","targetHints":{"allow":["GET"]}}],"collection":[{"href":"https:\/\/theworldbilliards.com\/fr\/wp-json\/wp\/v2\/product"}],"about":[{"href":"https:\/\/theworldbilliards.com\/fr\/wp-json\/wp\/v2\/types\/product"}],"wp:featuredmedia":[{"embeddable":true,"href":"https:\/\/theworldbilliards.com\/fr\/wp-json\/wp\/v2\/media\/94953"}],"wp:attachment":[{"href":"https:\/\/theworldbilliards.com\/fr\/wp-json\/wp\/v2\/media?parent=93792"}],"wp:term":[{"taxonomy":"product_brand","embeddable":true,"href":"https:\/\/theworldbilliards.com\/fr\/wp-json\/wp\/v2\/product_brand?post=93792"},{"taxonomy":"product_cat","embeddable":true,"href":"https:\/\/theworldbilliards.com\/fr\/wp-json\/wp\/v2\/product_cat?post=93792"},{"taxonomy":"product_tag","embeddable":true,"href":"https:\/\/theworldbilliards.com\/fr\/wp-json\/wp\/v2\/product_tag?post=93792"}],"curies":[{"name":"wp","href":"https:\/\/api.w.org\/{rel}","templated":true}]}}