{"id":95411,"date":"2023-11-17T13:25:02","date_gmt":"2023-11-17T12:25:02","guid":{"rendered":"https:\/\/theworldbilliards.com\/?post_type=product&#038;p=95411"},"modified":"2025-01-23T11:24:32","modified_gmt":"2025-01-23T10:24:32","slug":"table-de-tennis-de-table-evolution","status":"publish","type":"product","link":"https:\/\/theworldbilliards.com\/fr\/produit\/table-de-tennis-de-table-evolution\/","title":{"rendered":"Table de  Tennis de table Evolution"},"content":{"rendered":"<p>Avec une touche ludique sur des lignes modernes, la luxueuse table de ping-pong Evolution ajoute plus de beaut\u00e9 \u00e0 votre d\u00e9cor et fera \u00e9voluer votre niveau de jeu.<\/p>\n<p>Avec ce mod\u00e8le, l\u2019\u00e9l\u00e9gante simplicit\u00e9 et l\u2019opulence sans pr\u00e9tention r\u00e8gnent en ma\u00eetres.<\/p>\n<p>L\u2019excellent design se fond dans la plus belle d\u00e9coration moderne et peut \u00eatre personnalis\u00e9 avec une vari\u00e9t\u00e9 de couleurs<\/p>\n<p>Comprend 2 raquettes et 6 balles<\/p>\n<p>Dimensions officielles : 274 x 152 x 76 cm.<\/p>\n<p>Couleurs au choix<\/p>\n","protected":false},"excerpt":{"rendered":"<p>Avec une touche ludique sur des lignes modernes, la luxueuse table de ping-pong Evolution ajoute plus de beaut\u00e9 \u00e0 votre [&hellip;]<\/p>\n","protected":false},"featured_media":95417,"template":"","meta":{"site-sidebar-layout":"default","site-content-layout":"","ast-site-content-layout":"default","site-content-style":"default","site-sidebar-style":"default","ast-global-header-display":"","ast-banner-title-visibility":"","ast-main-header-display":"","ast-hfb-above-header-display":"","ast-hfb-below-header-display":"","ast-hfb-mobile-header-display":"","site-post-title":"","ast-breadcrumbs-content":"","ast-featured-img":"","footer-sml-layout":"","ast-disable-related-posts":"","theme-transparent-header-meta":"default","adv-header-id-meta":"","stick-header-meta":"","header-above-stick-meta":"","header-main-stick-meta":"","header-below-stick-meta":"","astra-migrate-meta-layouts":"default","ast-page-background-enabled":"default","ast-page-background-meta":{"desktop":{"background-color":"var(--ast-global-color-4)","background-image":"","background-repeat":"repeat","background-position":"center center","background-size":"auto","background-attachment":"scroll","background-type":"","background-media":"","overlay-type":"","overlay-color":"","overlay-opacity":"","overlay-gradient":""},"tablet":{"background-color":"","background-image":"","background-repeat":"repeat","background-position":"center center","background-size":"auto","background-attachment":"scroll","background-type":"","background-media":"","overlay-type":"","overlay-color":"","overlay-opacity":"","overlay-gradient":""},"mobile":{"background-color":"","background-image":"","background-repeat":"repeat","background-position":"center center","background-size":"auto","background-attachment":"scroll","background-type":"","background-media":"","overlay-type":"","overlay-color":"","overlay-opacity":"","overlay-gradient":""}},"ast-content-background-meta":{"desktop":{"background-color":"var(--ast-global-color-5)","background-image":"","background-repeat":"repeat","background-position":"center center","background-size":"auto","background-attachment":"scroll","background-type":"","background-media":"","overlay-type":"","overlay-color":"","overlay-opacity":"","overlay-gradient":""},"tablet":{"background-color":"var(--ast-global-color-5)","background-image":"","background-repeat":"repeat","background-position":"center center","background-size":"auto","background-attachment":"scroll","background-type":"","background-media":"","overlay-type":"","overlay-color":"","overlay-opacity":"","overlay-gradient":""},"mobile":{"background-color":"var(--ast-global-color-5)","background-image":"","background-repeat":"repeat","background-position":"center center","background-size":"auto","background-attachment":"scroll","background-type":"","background-media":"","overlay-type":"","overlay-color":"","overlay-opacity":"","overlay-gradient":""}}},"product_brand":[5218],"product_cat":[5304],"product_tag":[],"class_list":{"0":"post-95411","1":"product","2":"type-product","3":"status-publish","4":"has-post-thumbnail","6":"product_brand-the-world-billiards","7":"product_cat-table-de-ping-pong","8":"product_shipping_class-tennis-de-table","9":"desktop-align-center","10":"tablet-align-left","11":"mobile-align-left","13":"first","14":"instock","15":"taxable","16":"shipping-taxable","17":"purchasable","18":"product-type-variable"},"yoast_head":"<!-- This site is optimized with the Yoast SEO plugin v27.5 - https:\/\/yoast.com\/product\/yoast-seo-wordpress\/ -->\n<title>Acheter Table de Tennis de table Evolution - The World Billiards<\/title>\n<meta name=\"description\" content=\"Avec une touche ludique sur des lignes modernes, la luxueuse table de ping-pong Evolution ajoute plus de beaut\u00e9 \u00e0 votre d\u00e9cor et fera \u00e9voluer votre niveau de jeu.  Avec ce mod\u00e8le, l\u2019\u00e9l\u00e9gante simplicit\u00e9 et l\u2019opulence sans pr\u00e9tention r\u00e8gnent en ma\u00eetres.  L\u2019excellent design se fond dans la plus belle d\u00e9coration moderne et peut \u00eatre personnalis\u00e9 avec une vari\u00e9t\u00e9 de couleurs  Comprend 2 raquettes et 6 balles  Dimensions officielles : 274 x 152 x 76 cm.  Couleurs au choix\" \/>\n<meta name=\"robots\" content=\"index, follow, max-snippet:-1, max-image-preview:large, max-video-preview:-1\" \/>\n<link rel=\"canonical\" href=\"https:\/\/theworldbilliards.com\/fr\/produit\/table-de-tennis-de-table-evolution\/\" \/>\n<meta property=\"og:locale\" content=\"fr_FR\" \/>\n<meta property=\"og:type\" content=\"article\" \/>\n<meta property=\"og:title\" content=\"Acheter Table de Tennis de table Evolution - The World Billiards\" \/>\n<meta property=\"og:description\" content=\"Avec une touche ludique sur des lignes modernes, la luxueuse table de ping-pong Evolution ajoute plus de beaut\u00e9 \u00e0 votre d\u00e9cor et fera \u00e9voluer votre niveau de jeu.  Avec ce mod\u00e8le, l\u2019\u00e9l\u00e9gante simplicit\u00e9 et l\u2019opulence sans pr\u00e9tention r\u00e8gnent en ma\u00eetres.  L\u2019excellent design se fond dans la plus belle d\u00e9coration moderne et peut \u00eatre personnalis\u00e9 avec une vari\u00e9t\u00e9 de couleurs  Comprend 2 raquettes et 6 balles  Dimensions officielles : 274 x 152 x 76 cm.  Couleurs au choix\" \/>\n<meta property=\"og:url\" content=\"https:\/\/theworldbilliards.com\/fr\/produit\/table-de-tennis-de-table-evolution\/\" \/>\n<meta property=\"og:site_name\" content=\"The World Billiards\" \/>\n<meta property=\"article:publisher\" content=\"https:\/\/www.facebook.com\/baby.foot.superbes\" \/>\n<meta property=\"article:modified_time\" content=\"2025-01-23T10:24:32+00:00\" \/>\n<meta property=\"og:image\" content=\"https:\/\/theworldbilliards.com\/wp-content\/uploads\/2023\/11\/tenis-mesa-Evolution.jpg\" \/>\n\t<meta property=\"og:image:width\" content=\"720\" \/>\n\t<meta property=\"og:image:height\" content=\"720\" \/>\n\t<meta property=\"og:image:type\" content=\"image\/jpeg\" \/>\n<meta name=\"twitter:card\" content=\"summary_large_image\" \/>\n<script type=\"application\/ld+json\" class=\"yoast-schema-graph\">{\"@context\":\"https:\\\/\\\/schema.org\",\"@graph\":[{\"@type\":\"WebPage\",\"@id\":\"https:\\\/\\\/theworldbilliards.com\\\/fr\\\/produit\\\/table-de-tennis-de-table-evolution\\\/\",\"url\":\"https:\\\/\\\/theworldbilliards.com\\\/fr\\\/produit\\\/table-de-tennis-de-table-evolution\\\/\",\"name\":\"Acheter Table de Tennis de table Evolution - The World Billiards\",\"isPartOf\":{\"@id\":\"https:\\\/\\\/theworldbilliards.com\\\/fr\\\/#website\"},\"primaryImageOfPage\":{\"@id\":\"https:\\\/\\\/theworldbilliards.com\\\/fr\\\/produit\\\/table-de-tennis-de-table-evolution\\\/#primaryimage\"},\"image\":{\"@id\":\"https:\\\/\\\/theworldbilliards.com\\\/fr\\\/produit\\\/table-de-tennis-de-table-evolution\\\/#primaryimage\"},\"thumbnailUrl\":\"https:\\\/\\\/theworldbilliards.com\\\/wp-content\\\/uploads\\\/2023\\\/11\\\/tenis-mesa-Evolution.jpg\",\"datePublished\":\"2023-11-17T12:25:02+00:00\",\"dateModified\":\"2025-01-23T10:24:32+00:00\",\"description\":\"Avec une touche ludique sur des lignes modernes, la luxueuse table de ping-pong Evolution ajoute plus de beaut\u00e9 \u00e0 votre d\u00e9cor et fera \u00e9voluer votre niveau de jeu. Avec ce mod\u00e8le, l\u2019\u00e9l\u00e9gante simplicit\u00e9 et l\u2019opulence sans pr\u00e9tention r\u00e8gnent en ma\u00eetres. L\u2019excellent design se fond dans la plus belle d\u00e9coration moderne et peut \u00eatre personnalis\u00e9 avec une vari\u00e9t\u00e9 de couleurs Comprend 2 raquettes et 6 balles Dimensions officielles : 274 x 152 x 76 cm. Couleurs au choix\",\"breadcrumb\":{\"@id\":\"https:\\\/\\\/theworldbilliards.com\\\/fr\\\/produit\\\/table-de-tennis-de-table-evolution\\\/#breadcrumb\"},\"inLanguage\":\"fr-FR\",\"potentialAction\":[{\"@type\":\"ReadAction\",\"target\":[\"https:\\\/\\\/theworldbilliards.com\\\/fr\\\/produit\\\/table-de-tennis-de-table-evolution\\\/\"]}]},{\"@type\":\"ImageObject\",\"inLanguage\":\"fr-FR\",\"@id\":\"https:\\\/\\\/theworldbilliards.com\\\/fr\\\/produit\\\/table-de-tennis-de-table-evolution\\\/#primaryimage\",\"url\":\"https:\\\/\\\/theworldbilliards.com\\\/wp-content\\\/uploads\\\/2023\\\/11\\\/tenis-mesa-Evolution.jpg\",\"contentUrl\":\"https:\\\/\\\/theworldbilliards.com\\\/wp-content\\\/uploads\\\/2023\\\/11\\\/tenis-mesa-Evolution.jpg\",\"width\":720,\"height\":720},{\"@type\":\"BreadcrumbList\",\"@id\":\"https:\\\/\\\/theworldbilliards.com\\\/fr\\\/produit\\\/table-de-tennis-de-table-evolution\\\/#breadcrumb\",\"itemListElement\":[{\"@type\":\"ListItem\",\"position\":1,\"name\":\"In\u00edcio\",\"item\":\"https:\\\/\\\/theworldbilliards.com\\\/fr\\\/\"},{\"@type\":\"ListItem\",\"position\":2,\"name\":\"Boutique en ligne\",\"item\":\"https:\\\/\\\/theworldbilliards.com\\\/fr\\\/boutique-theworldbilliards\\\/\"},{\"@type\":\"ListItem\",\"position\":3,\"name\":\"Table de Tennis de table Evolution\"}]},{\"@type\":\"WebSite\",\"@id\":\"https:\\\/\\\/theworldbilliards.com\\\/fr\\\/#website\",\"url\":\"https:\\\/\\\/theworldbilliards.com\\\/fr\\\/\",\"name\":\"TheWorldBilliards\",\"description\":\"Achetez ici billard, baby-foot, ping-pong et bowling\",\"publisher\":{\"@id\":\"https:\\\/\\\/theworldbilliards.com\\\/fr\\\/#organization\"},\"alternateName\":\"The world billiards\",\"potentialAction\":[{\"@type\":\"SearchAction\",\"target\":{\"@type\":\"EntryPoint\",\"urlTemplate\":\"https:\\\/\\\/theworldbilliards.com\\\/fr\\\/?s={search_term_string}\"},\"query-input\":{\"@type\":\"PropertyValueSpecification\",\"valueRequired\":true,\"valueName\":\"search_term_string\"}}],\"inLanguage\":\"fr-FR\"},{\"@type\":\"Organization\",\"@id\":\"https:\\\/\\\/theworldbilliards.com\\\/fr\\\/#organization\",\"name\":\"The World Billiards\",\"alternateName\":\"The World Billiards\",\"url\":\"https:\\\/\\\/theworldbilliards.com\\\/fr\\\/\",\"logo\":{\"@type\":\"ImageObject\",\"inLanguage\":\"fr-FR\",\"@id\":\"https:\\\/\\\/theworldbilliards.com\\\/fr\\\/#\\\/schema\\\/logo\\\/image\\\/\",\"url\":\"\",\"contentUrl\":\"\",\"caption\":\"The World Billiards\"},\"image\":{\"@id\":\"https:\\\/\\\/theworldbilliards.com\\\/fr\\\/#\\\/schema\\\/logo\\\/image\\\/\"},\"sameAs\":[\"https:\\\/\\\/www.facebook.com\\\/baby.foot.superbes\",\"https:\\\/\\\/www.youtube.com\\\/channel\\\/UCIMuOVAaUcH6UpZcsZlH0Tg\",\"https:\\\/\\\/www.facebook.com\\\/people\\\/Brunswick-Billiards-EspaaPortugal\\\/100066446264309\\\/\",\"https:\\\/\\\/www.instagram.com\\\/the_world_billiards\\\/\",\"https:\\\/\\\/www.pinterest.es\\\/Theworldbilliards\\\/\"]}]}<\/script>\n<!-- \/ Yoast SEO plugin. -->","yoast_head_json":{"title":"Acheter Table de Tennis de table Evolution - The World Billiards","description":"Avec une touche ludique sur des lignes modernes, la luxueuse table de ping-pong Evolution ajoute plus de beaut\u00e9 \u00e0 votre d\u00e9cor et fera \u00e9voluer votre niveau de jeu.  Avec ce mod\u00e8le, l\u2019\u00e9l\u00e9gante simplicit\u00e9 et l\u2019opulence sans pr\u00e9tention r\u00e8gnent en ma\u00eetres.  L\u2019excellent design se fond dans la plus belle d\u00e9coration moderne et peut \u00eatre personnalis\u00e9 avec une vari\u00e9t\u00e9 de couleurs  Comprend 2 raquettes et 6 balles  Dimensions officielles : 274 x 152 x 76 cm.  Couleurs au choix","robots":{"index":"index","follow":"follow","max-snippet":"max-snippet:-1","max-image-preview":"max-image-preview:large","max-video-preview":"max-video-preview:-1"},"canonical":"https:\/\/theworldbilliards.com\/fr\/produit\/table-de-tennis-de-table-evolution\/","og_locale":"fr_FR","og_type":"article","og_title":"Acheter Table de Tennis de table Evolution - The World Billiards","og_description":"Avec une touche ludique sur des lignes modernes, la luxueuse table de ping-pong Evolution ajoute plus de beaut\u00e9 \u00e0 votre d\u00e9cor et fera \u00e9voluer votre niveau de jeu.  Avec ce mod\u00e8le, l\u2019\u00e9l\u00e9gante simplicit\u00e9 et l\u2019opulence sans pr\u00e9tention r\u00e8gnent en ma\u00eetres.  L\u2019excellent design se fond dans la plus belle d\u00e9coration moderne et peut \u00eatre personnalis\u00e9 avec une vari\u00e9t\u00e9 de couleurs  Comprend 2 raquettes et 6 balles  Dimensions officielles : 274 x 152 x 76 cm.  Couleurs au choix","og_url":"https:\/\/theworldbilliards.com\/fr\/produit\/table-de-tennis-de-table-evolution\/","og_site_name":"The World Billiards","article_publisher":"https:\/\/www.facebook.com\/baby.foot.superbes","article_modified_time":"2025-01-23T10:24:32+00:00","og_image":[{"width":720,"height":720,"url":"https:\/\/theworldbilliards.com\/wp-content\/uploads\/2023\/11\/tenis-mesa-Evolution.jpg","type":"image\/jpeg"}],"twitter_card":"summary_large_image","schema":{"@context":"https:\/\/schema.org","@graph":[{"@type":"WebPage","@id":"https:\/\/theworldbilliards.com\/fr\/produit\/table-de-tennis-de-table-evolution\/","url":"https:\/\/theworldbilliards.com\/fr\/produit\/table-de-tennis-de-table-evolution\/","name":"Acheter Table de Tennis de table Evolution - The World Billiards","isPartOf":{"@id":"https:\/\/theworldbilliards.com\/fr\/#website"},"primaryImageOfPage":{"@id":"https:\/\/theworldbilliards.com\/fr\/produit\/table-de-tennis-de-table-evolution\/#primaryimage"},"image":{"@id":"https:\/\/theworldbilliards.com\/fr\/produit\/table-de-tennis-de-table-evolution\/#primaryimage"},"thumbnailUrl":"https:\/\/theworldbilliards.com\/wp-content\/uploads\/2023\/11\/tenis-mesa-Evolution.jpg","datePublished":"2023-11-17T12:25:02+00:00","dateModified":"2025-01-23T10:24:32+00:00","description":"Avec une touche ludique sur des lignes modernes, la luxueuse table de ping-pong Evolution ajoute plus de beaut\u00e9 \u00e0 votre d\u00e9cor et fera \u00e9voluer votre niveau de jeu. Avec ce mod\u00e8le, l\u2019\u00e9l\u00e9gante simplicit\u00e9 et l\u2019opulence sans pr\u00e9tention r\u00e8gnent en ma\u00eetres. L\u2019excellent design se fond dans la plus belle d\u00e9coration moderne et peut \u00eatre personnalis\u00e9 avec une vari\u00e9t\u00e9 de couleurs Comprend 2 raquettes et 6 balles Dimensions officielles : 274 x 152 x 76 cm. Couleurs au choix","breadcrumb":{"@id":"https:\/\/theworldbilliards.com\/fr\/produit\/table-de-tennis-de-table-evolution\/#breadcrumb"},"inLanguage":"fr-FR","potentialAction":[{"@type":"ReadAction","target":["https:\/\/theworldbilliards.com\/fr\/produit\/table-de-tennis-de-table-evolution\/"]}]},{"@type":"ImageObject","inLanguage":"fr-FR","@id":"https:\/\/theworldbilliards.com\/fr\/produit\/table-de-tennis-de-table-evolution\/#primaryimage","url":"https:\/\/theworldbilliards.com\/wp-content\/uploads\/2023\/11\/tenis-mesa-Evolution.jpg","contentUrl":"https:\/\/theworldbilliards.com\/wp-content\/uploads\/2023\/11\/tenis-mesa-Evolution.jpg","width":720,"height":720},{"@type":"BreadcrumbList","@id":"https:\/\/theworldbilliards.com\/fr\/produit\/table-de-tennis-de-table-evolution\/#breadcrumb","itemListElement":[{"@type":"ListItem","position":1,"name":"In\u00edcio","item":"https:\/\/theworldbilliards.com\/fr\/"},{"@type":"ListItem","position":2,"name":"Boutique en ligne","item":"https:\/\/theworldbilliards.com\/fr\/boutique-theworldbilliards\/"},{"@type":"ListItem","position":3,"name":"Table de Tennis de table Evolution"}]},{"@type":"WebSite","@id":"https:\/\/theworldbilliards.com\/fr\/#website","url":"https:\/\/theworldbilliards.com\/fr\/","name":"TheWorldBilliards","description":"Achetez ici billard, baby-foot, ping-pong et bowling","publisher":{"@id":"https:\/\/theworldbilliards.com\/fr\/#organization"},"alternateName":"The world billiards","potentialAction":[{"@type":"SearchAction","target":{"@type":"EntryPoint","urlTemplate":"https:\/\/theworldbilliards.com\/fr\/?s={search_term_string}"},"query-input":{"@type":"PropertyValueSpecification","valueRequired":true,"valueName":"search_term_string"}}],"inLanguage":"fr-FR"},{"@type":"Organization","@id":"https:\/\/theworldbilliards.com\/fr\/#organization","name":"The World Billiards","alternateName":"The World Billiards","url":"https:\/\/theworldbilliards.com\/fr\/","logo":{"@type":"ImageObject","inLanguage":"fr-FR","@id":"https:\/\/theworldbilliards.com\/fr\/#\/schema\/logo\/image\/","url":"","contentUrl":"","caption":"The World Billiards"},"image":{"@id":"https:\/\/theworldbilliards.com\/fr\/#\/schema\/logo\/image\/"},"sameAs":["https:\/\/www.facebook.com\/baby.foot.superbes","https:\/\/www.youtube.com\/channel\/UCIMuOVAaUcH6UpZcsZlH0Tg","https:\/\/www.facebook.com\/people\/Brunswick-Billiards-EspaaPortugal\/100066446264309\/","https:\/\/www.instagram.com\/the_world_billiards\/","https:\/\/www.pinterest.es\/Theworldbilliards\/"]}]}},"_links":{"self":[{"href":"https:\/\/theworldbilliards.com\/fr\/wp-json\/wp\/v2\/product\/95411","targetHints":{"allow":["GET"]}}],"collection":[{"href":"https:\/\/theworldbilliards.com\/fr\/wp-json\/wp\/v2\/product"}],"about":[{"href":"https:\/\/theworldbilliards.com\/fr\/wp-json\/wp\/v2\/types\/product"}],"wp:featuredmedia":[{"embeddable":true,"href":"https:\/\/theworldbilliards.com\/fr\/wp-json\/wp\/v2\/media\/95417"}],"wp:attachment":[{"href":"https:\/\/theworldbilliards.com\/fr\/wp-json\/wp\/v2\/media?parent=95411"}],"wp:term":[{"taxonomy":"product_brand","embeddable":true,"href":"https:\/\/theworldbilliards.com\/fr\/wp-json\/wp\/v2\/product_brand?post=95411"},{"taxonomy":"product_cat","embeddable":true,"href":"https:\/\/theworldbilliards.com\/fr\/wp-json\/wp\/v2\/product_cat?post=95411"},{"taxonomy":"product_tag","embeddable":true,"href":"https:\/\/theworldbilliards.com\/fr\/wp-json\/wp\/v2\/product_tag?post=95411"}],"curies":[{"name":"wp","href":"https:\/\/api.w.org\/{rel}","templated":true}]}}