{"id":95670,"date":"2023-12-07T12:24:56","date_gmt":"2023-12-07T11:24:56","guid":{"rendered":"https:\/\/theworldbilliards.com\/?post_type=product&#038;p=95670"},"modified":"2025-01-27T12:15:35","modified_gmt":"2025-01-27T11:15:35","slug":"tapis-de-billard-z9","status":"publish","type":"product","link":"https:\/\/theworldbilliards.com\/fr\/produit\/tapis-de-billard-z9\/","title":{"rendered":"Tapis de Billard Z9"},"content":{"rendered":"<div class=\"\">\n<p>Z9 BilliardCloth\u00ae est le drap de billard moderne haut de gamme made in Germany. Depuis 1998, il est d\u00e9velopp\u00e9 et fabriqu\u00e9 en Allemagne en utilisant des fils et des finitions sp\u00e9ciaux. Ce produit de qualit\u00e9 impressionne d&rsquo;une part par son rapport qualit\u00e9-prix imbattable et d&rsquo;autre part par l&rsquo;exp\u00e9rience approfondie de l&rsquo;\u00e9quipe Z9 depuis de nombreuses ann\u00e9es. L&rsquo;objectif est de perfectionner constamment le drap Z9 et de l&rsquo;adapter aux besoins des joueurs de billard. Ce drap moderne, durable et de haute qualit\u00e9 r\u00e9pond aux exigences du sportif de billard ambitieux. II ma\u00eetrise l&rsquo;exigence d&rsquo;une jouabilit\u00e9 optimale tout en assurant une longue dur\u00e9e de vie.<\/p>\n<p><strong><br \/>\nCaract\u00e9ristiques du Z9 BilliardCloth\u00ae:<\/strong><\/p>\n<ul>\n<li>Durable (a une dur\u00e9e de vie deux fois sup\u00e9rieure au drap du leader du march\u00e9)<\/li>\n<li>Adh\u00e9rence optimale<\/li>\n<li>Propri\u00e9t\u00e9s de roulement harmonieuses<\/li>\n<li>Faible besoin d&rsquo;entretien<\/li>\n<li>Reproduction fid\u00e8le des couleurs<\/li>\n<li>Tissu tr\u00e8s durable en laine peign\u00e9e (453 g\/m\u00b2)<\/li>\n<li>80% laine \/ 20% nylon<\/li>\n<li>Fabriqu\u00e9 en Allemagne (DIN 9001\/9008)<\/li>\n<\/ul>\n<p>Comme la largeur r\u00e9elle des rouleaux de tissu Z9 est de 170 cm et que le tissu Z9 est agr\u00e9ablement souple, il est \u00e9galement tr\u00e8s facile \u00e0 monter sur des tables de billard de 10 pieds.<\/p>\n<p>Prix au m\u00e8tre<\/p>\n<\/div>\n","protected":false},"excerpt":{"rendered":"<p>Z9 BilliardCloth\u00ae est le drap de billard moderne haut de gamme made in Germany. Depuis 1998, il est d\u00e9velopp\u00e9 et [&hellip;]<\/p>\n","protected":false},"featured_media":95678,"template":"","meta":{"site-sidebar-layout":"default","site-content-layout":"","ast-site-content-layout":"default","site-content-style":"default","site-sidebar-style":"default","ast-global-header-display":"","ast-banner-title-visibility":"","ast-main-header-display":"","ast-hfb-above-header-display":"","ast-hfb-below-header-display":"","ast-hfb-mobile-header-display":"","site-post-title":"","ast-breadcrumbs-content":"","ast-featured-img":"","footer-sml-layout":"","ast-disable-related-posts":"","theme-transparent-header-meta":"default","adv-header-id-meta":"","stick-header-meta":"","header-above-stick-meta":"","header-main-stick-meta":"","header-below-stick-meta":"","astra-migrate-meta-layouts":"default","ast-page-background-enabled":"default","ast-page-background-meta":{"desktop":{"background-color":"var(--ast-global-color-4)","background-image":"","background-repeat":"repeat","background-position":"center center","background-size":"auto","background-attachment":"scroll","background-type":"","background-media":"","overlay-type":"","overlay-color":"","overlay-opacity":"","overlay-gradient":""},"tablet":{"background-color":"","background-image":"","background-repeat":"repeat","background-position":"center center","background-size":"auto","background-attachment":"scroll","background-type":"","background-media":"","overlay-type":"","overlay-color":"","overlay-opacity":"","overlay-gradient":""},"mobile":{"background-color":"","background-image":"","background-repeat":"repeat","background-position":"center center","background-size":"auto","background-attachment":"scroll","background-type":"","background-media":"","overlay-type":"","overlay-color":"","overlay-opacity":"","overlay-gradient":""}},"ast-content-background-meta":{"desktop":{"background-color":"var(--ast-global-color-5)","background-image":"","background-repeat":"repeat","background-position":"center center","background-size":"auto","background-attachment":"scroll","background-type":"","background-media":"","overlay-type":"","overlay-color":"","overlay-opacity":"","overlay-gradient":""},"tablet":{"background-color":"var(--ast-global-color-5)","background-image":"","background-repeat":"repeat","background-position":"center center","background-size":"auto","background-attachment":"scroll","background-type":"","background-media":"","overlay-type":"","overlay-color":"","overlay-opacity":"","overlay-gradient":""},"mobile":{"background-color":"var(--ast-global-color-5)","background-image":"","background-repeat":"repeat","background-position":"center center","background-size":"auto","background-attachment":"scroll","background-type":"","background-media":"","overlay-type":"","overlay-color":"","overlay-opacity":"","overlay-gradient":""}}},"product_brand":[5242],"product_cat":[1222],"product_tag":[],"class_list":{"0":"post-95670","1":"product","2":"type-product","3":"status-publish","4":"has-post-thumbnail","6":"product_brand-z9-billiardcloth-fr","7":"product_cat-tapis-de-billard","8":"product_shipping_class-accessoires-textiles","9":"desktop-align-center","10":"tablet-align-left","11":"mobile-align-left","13":"first","14":"instock","15":"taxable","16":"shipping-taxable","17":"product-type-simple"},"yoast_head":"<!-- This site is optimized with the Yoast SEO plugin v27.4 - https:\/\/yoast.com\/product\/yoast-seo-wordpress\/ -->\n<title>Acheter Tapis de Billard Z9 - The World Billiards<\/title>\n<meta name=\"description\" content=\"Z9 BilliardCloth\u00ae est le drap de billard moderne haut de gamme made in Germany. Depuis 1998, il est d\u00e9velopp\u00e9 et fabriqu\u00e9 en Allemagne en utilisant des fils et des finitions sp\u00e9ciaux. Ce produit de qualit\u00e9 impressionne d&#039;une part par son rapport qualit\u00e9-prix imbattable et d&#039;autre part par l&#039;exp\u00e9rience approfondie de l&#039;\u00e9quipe Z9 depuis de nombreuses ann\u00e9es. L&#039;objectif est de perfectionner constamment le drap Z9 et de l&#039;adapter aux besoins des joueurs de billard. Ce drap moderne, durable et de haute qualit\u00e9 r\u00e9pond aux exigences du sportif de billard ambitieux. II ma\u00eetrise l&#039;exigence d&#039;une jouabilit\u00e9 optimale tout en assurant une longue dur\u00e9e de vie.   Caract\u00e9ristiques du Z9 BilliardCloth\u00ae:   Durable (a une dur\u00e9e de vie deux fois sup\u00e9rieure au drap du leader du march\u00e9)  Adh\u00e9rence optimale  Propri\u00e9t\u00e9s de roulement harmonieuses  Faible besoin d&#039;entretien  Reproduction fid\u00e8le des couleurs  Tissu tr\u00e8s durable en laine peign\u00e9e (453 g\/m\u00b2)  80% laine \/ 20% nylon  Fabriqu\u00e9 en Allemagne (DIN 9001\/9008)  Comme la largeur r\u00e9elle des rouleaux de tissu Z9 est de 170 cm et que le tissu Z9 est agr\u00e9ablement souple, il est \u00e9galement tr\u00e8s facile \u00e0 monter sur des tables de billard de 10 pieds.  Prix au m\u00e8tre\" \/>\n<meta name=\"robots\" content=\"index, follow, max-snippet:-1, max-image-preview:large, max-video-preview:-1\" \/>\n<link rel=\"canonical\" href=\"https:\/\/theworldbilliards.com\/fr\/produit\/tapis-de-billard-z9\/\" \/>\n<meta property=\"og:locale\" content=\"fr_FR\" \/>\n<meta property=\"og:type\" content=\"article\" \/>\n<meta property=\"og:title\" content=\"Acheter Tapis de Billard Z9 - The World Billiards\" \/>\n<meta property=\"og:description\" content=\"Z9 BilliardCloth\u00ae est le drap de billard moderne haut de gamme made in Germany. Depuis 1998, il est d\u00e9velopp\u00e9 et fabriqu\u00e9 en Allemagne en utilisant des fils et des finitions sp\u00e9ciaux. Ce produit de qualit\u00e9 impressionne d&#039;une part par son rapport qualit\u00e9-prix imbattable et d&#039;autre part par l&#039;exp\u00e9rience approfondie de l&#039;\u00e9quipe Z9 depuis de nombreuses ann\u00e9es. L&#039;objectif est de perfectionner constamment le drap Z9 et de l&#039;adapter aux besoins des joueurs de billard. Ce drap moderne, durable et de haute qualit\u00e9 r\u00e9pond aux exigences du sportif de billard ambitieux. II ma\u00eetrise l&#039;exigence d&#039;une jouabilit\u00e9 optimale tout en assurant une longue dur\u00e9e de vie.   Caract\u00e9ristiques du Z9 BilliardCloth\u00ae:   Durable (a une dur\u00e9e de vie deux fois sup\u00e9rieure au drap du leader du march\u00e9)  Adh\u00e9rence optimale  Propri\u00e9t\u00e9s de roulement harmonieuses  Faible besoin d&#039;entretien  Reproduction fid\u00e8le des couleurs  Tissu tr\u00e8s durable en laine peign\u00e9e (453 g\/m\u00b2)  80% laine \/ 20% nylon  Fabriqu\u00e9 en Allemagne (DIN 9001\/9008)  Comme la largeur r\u00e9elle des rouleaux de tissu Z9 est de 170 cm et que le tissu Z9 est agr\u00e9ablement souple, il est \u00e9galement tr\u00e8s facile \u00e0 monter sur des tables de billard de 10 pieds.  Prix au m\u00e8tre\" \/>\n<meta property=\"og:url\" content=\"https:\/\/theworldbilliards.com\/fr\/produit\/tapis-de-billard-z9\/\" \/>\n<meta property=\"og:site_name\" content=\"The World Billiards\" \/>\n<meta property=\"article:publisher\" content=\"https:\/\/www.facebook.com\/baby.foot.superbes\" \/>\n<meta property=\"article:modified_time\" content=\"2025-01-27T11:15:35+00:00\" \/>\n<meta property=\"og:image\" content=\"https:\/\/theworldbilliards.com\/wp-content\/uploads\/2023\/12\/Logo-z9-1-scaled-e1701948672987.jpg\" \/>\n\t<meta property=\"og:image:width\" content=\"1000\" \/>\n\t<meta property=\"og:image:height\" content=\"976\" \/>\n\t<meta property=\"og:image:type\" content=\"image\/jpeg\" \/>\n<meta name=\"twitter:card\" content=\"summary_large_image\" \/>\n<script type=\"application\/ld+json\" class=\"yoast-schema-graph\">{\"@context\":\"https:\\\/\\\/schema.org\",\"@graph\":[{\"@type\":\"WebPage\",\"@id\":\"https:\\\/\\\/theworldbilliards.com\\\/fr\\\/produit\\\/tapis-de-billard-z9\\\/\",\"url\":\"https:\\\/\\\/theworldbilliards.com\\\/fr\\\/produit\\\/tapis-de-billard-z9\\\/\",\"name\":\"Acheter Tapis de Billard Z9 - The World Billiards\",\"isPartOf\":{\"@id\":\"https:\\\/\\\/theworldbilliards.com\\\/fr\\\/#website\"},\"primaryImageOfPage\":{\"@id\":\"https:\\\/\\\/theworldbilliards.com\\\/fr\\\/produit\\\/tapis-de-billard-z9\\\/#primaryimage\"},\"image\":{\"@id\":\"https:\\\/\\\/theworldbilliards.com\\\/fr\\\/produit\\\/tapis-de-billard-z9\\\/#primaryimage\"},\"thumbnailUrl\":\"https:\\\/\\\/theworldbilliards.com\\\/wp-content\\\/uploads\\\/2023\\\/12\\\/Logo-z9-1-scaled-e1701948672987.jpg\",\"datePublished\":\"2023-12-07T11:24:56+00:00\",\"dateModified\":\"2025-01-27T11:15:35+00:00\",\"description\":\"Z9 BilliardCloth\u00ae est le drap de billard moderne haut de gamme made in Germany. Depuis 1998, il est d\u00e9velopp\u00e9 et fabriqu\u00e9 en Allemagne en utilisant des fils et des finitions sp\u00e9ciaux. Ce produit de qualit\u00e9 impressionne d'une part par son rapport qualit\u00e9-prix imbattable et d'autre part par l'exp\u00e9rience approfondie de l'\u00e9quipe Z9 depuis de nombreuses ann\u00e9es. L'objectif est de perfectionner constamment le drap Z9 et de l'adapter aux besoins des joueurs de billard. Ce drap moderne, durable et de haute qualit\u00e9 r\u00e9pond aux exigences du sportif de billard ambitieux. II ma\u00eetrise l'exigence d'une jouabilit\u00e9 optimale tout en assurant une longue dur\u00e9e de vie. Caract\u00e9ristiques du Z9 BilliardCloth\u00ae: Durable (a une dur\u00e9e de vie deux fois sup\u00e9rieure au drap du leader du march\u00e9) Adh\u00e9rence optimale Propri\u00e9t\u00e9s de roulement harmonieuses Faible besoin d'entretien Reproduction fid\u00e8le des couleurs Tissu tr\u00e8s durable en laine peign\u00e9e (453 g\\\/m\u00b2) 80% laine \\\/ 20% nylon Fabriqu\u00e9 en Allemagne (DIN 9001\\\/9008) Comme la largeur r\u00e9elle des rouleaux de tissu Z9 est de 170 cm et que le tissu Z9 est agr\u00e9ablement souple, il est \u00e9galement tr\u00e8s facile \u00e0 monter sur des tables de billard de 10 pieds. Prix au m\u00e8tre\",\"breadcrumb\":{\"@id\":\"https:\\\/\\\/theworldbilliards.com\\\/fr\\\/produit\\\/tapis-de-billard-z9\\\/#breadcrumb\"},\"inLanguage\":\"fr-FR\",\"potentialAction\":[{\"@type\":\"ReadAction\",\"target\":[\"https:\\\/\\\/theworldbilliards.com\\\/fr\\\/produit\\\/tapis-de-billard-z9\\\/\"]}]},{\"@type\":\"ImageObject\",\"inLanguage\":\"fr-FR\",\"@id\":\"https:\\\/\\\/theworldbilliards.com\\\/fr\\\/produit\\\/tapis-de-billard-z9\\\/#primaryimage\",\"url\":\"https:\\\/\\\/theworldbilliards.com\\\/wp-content\\\/uploads\\\/2023\\\/12\\\/Logo-z9-1-scaled-e1701948672987.jpg\",\"contentUrl\":\"https:\\\/\\\/theworldbilliards.com\\\/wp-content\\\/uploads\\\/2023\\\/12\\\/Logo-z9-1-scaled-e1701948672987.jpg\",\"width\":1000,\"height\":976},{\"@type\":\"BreadcrumbList\",\"@id\":\"https:\\\/\\\/theworldbilliards.com\\\/fr\\\/produit\\\/tapis-de-billard-z9\\\/#breadcrumb\",\"itemListElement\":[{\"@type\":\"ListItem\",\"position\":1,\"name\":\"In\u00edcio\",\"item\":\"https:\\\/\\\/theworldbilliards.com\\\/fr\\\/\"},{\"@type\":\"ListItem\",\"position\":2,\"name\":\"Boutique en ligne\",\"item\":\"https:\\\/\\\/theworldbilliards.com\\\/fr\\\/boutique-theworldbilliards\\\/\"},{\"@type\":\"ListItem\",\"position\":3,\"name\":\"Tapis de Billard Z9\"}]},{\"@type\":\"WebSite\",\"@id\":\"https:\\\/\\\/theworldbilliards.com\\\/fr\\\/#website\",\"url\":\"https:\\\/\\\/theworldbilliards.com\\\/fr\\\/\",\"name\":\"TheWorldBilliards\",\"description\":\"Achetez ici billard, baby-foot, ping-pong et bowling\",\"publisher\":{\"@id\":\"https:\\\/\\\/theworldbilliards.com\\\/fr\\\/#organization\"},\"alternateName\":\"The world billiards\",\"potentialAction\":[{\"@type\":\"SearchAction\",\"target\":{\"@type\":\"EntryPoint\",\"urlTemplate\":\"https:\\\/\\\/theworldbilliards.com\\\/fr\\\/?s={search_term_string}\"},\"query-input\":{\"@type\":\"PropertyValueSpecification\",\"valueRequired\":true,\"valueName\":\"search_term_string\"}}],\"inLanguage\":\"fr-FR\"},{\"@type\":\"Organization\",\"@id\":\"https:\\\/\\\/theworldbilliards.com\\\/fr\\\/#organization\",\"name\":\"The World Billiards\",\"alternateName\":\"The World Billiards\",\"url\":\"https:\\\/\\\/theworldbilliards.com\\\/fr\\\/\",\"logo\":{\"@type\":\"ImageObject\",\"inLanguage\":\"fr-FR\",\"@id\":\"https:\\\/\\\/theworldbilliards.com\\\/fr\\\/#\\\/schema\\\/logo\\\/image\\\/\",\"url\":\"\",\"contentUrl\":\"\",\"caption\":\"The World Billiards\"},\"image\":{\"@id\":\"https:\\\/\\\/theworldbilliards.com\\\/fr\\\/#\\\/schema\\\/logo\\\/image\\\/\"},\"sameAs\":[\"https:\\\/\\\/www.facebook.com\\\/baby.foot.superbes\",\"https:\\\/\\\/www.youtube.com\\\/channel\\\/UCIMuOVAaUcH6UpZcsZlH0Tg\",\"https:\\\/\\\/www.facebook.com\\\/people\\\/Brunswick-Billiards-EspaaPortugal\\\/100066446264309\\\/\",\"https:\\\/\\\/www.instagram.com\\\/the_world_billiards\\\/\",\"https:\\\/\\\/www.pinterest.es\\\/Theworldbilliards\\\/\"]}]}<\/script>\n<!-- \/ Yoast SEO plugin. -->","yoast_head_json":{"title":"Acheter Tapis de Billard Z9 - The World Billiards","description":"Z9 BilliardCloth\u00ae est le drap de billard moderne haut de gamme made in Germany. Depuis 1998, il est d\u00e9velopp\u00e9 et fabriqu\u00e9 en Allemagne en utilisant des fils et des finitions sp\u00e9ciaux. Ce produit de qualit\u00e9 impressionne d'une part par son rapport qualit\u00e9-prix imbattable et d'autre part par l'exp\u00e9rience approfondie de l'\u00e9quipe Z9 depuis de nombreuses ann\u00e9es. L'objectif est de perfectionner constamment le drap Z9 et de l'adapter aux besoins des joueurs de billard. Ce drap moderne, durable et de haute qualit\u00e9 r\u00e9pond aux exigences du sportif de billard ambitieux. II ma\u00eetrise l'exigence d'une jouabilit\u00e9 optimale tout en assurant une longue dur\u00e9e de vie.   Caract\u00e9ristiques du Z9 BilliardCloth\u00ae:   Durable (a une dur\u00e9e de vie deux fois sup\u00e9rieure au drap du leader du march\u00e9)  Adh\u00e9rence optimale  Propri\u00e9t\u00e9s de roulement harmonieuses  Faible besoin d'entretien  Reproduction fid\u00e8le des couleurs  Tissu tr\u00e8s durable en laine peign\u00e9e (453 g\/m\u00b2)  80% laine \/ 20% nylon  Fabriqu\u00e9 en Allemagne (DIN 9001\/9008)  Comme la largeur r\u00e9elle des rouleaux de tissu Z9 est de 170 cm et que le tissu Z9 est agr\u00e9ablement souple, il est \u00e9galement tr\u00e8s facile \u00e0 monter sur des tables de billard de 10 pieds.  Prix au m\u00e8tre","robots":{"index":"index","follow":"follow","max-snippet":"max-snippet:-1","max-image-preview":"max-image-preview:large","max-video-preview":"max-video-preview:-1"},"canonical":"https:\/\/theworldbilliards.com\/fr\/produit\/tapis-de-billard-z9\/","og_locale":"fr_FR","og_type":"article","og_title":"Acheter Tapis de Billard Z9 - The World Billiards","og_description":"Z9 BilliardCloth\u00ae est le drap de billard moderne haut de gamme made in Germany. Depuis 1998, il est d\u00e9velopp\u00e9 et fabriqu\u00e9 en Allemagne en utilisant des fils et des finitions sp\u00e9ciaux. Ce produit de qualit\u00e9 impressionne d'une part par son rapport qualit\u00e9-prix imbattable et d'autre part par l'exp\u00e9rience approfondie de l'\u00e9quipe Z9 depuis de nombreuses ann\u00e9es. L'objectif est de perfectionner constamment le drap Z9 et de l'adapter aux besoins des joueurs de billard. Ce drap moderne, durable et de haute qualit\u00e9 r\u00e9pond aux exigences du sportif de billard ambitieux. II ma\u00eetrise l'exigence d'une jouabilit\u00e9 optimale tout en assurant une longue dur\u00e9e de vie.   Caract\u00e9ristiques du Z9 BilliardCloth\u00ae:   Durable (a une dur\u00e9e de vie deux fois sup\u00e9rieure au drap du leader du march\u00e9)  Adh\u00e9rence optimale  Propri\u00e9t\u00e9s de roulement harmonieuses  Faible besoin d'entretien  Reproduction fid\u00e8le des couleurs  Tissu tr\u00e8s durable en laine peign\u00e9e (453 g\/m\u00b2)  80% laine \/ 20% nylon  Fabriqu\u00e9 en Allemagne (DIN 9001\/9008)  Comme la largeur r\u00e9elle des rouleaux de tissu Z9 est de 170 cm et que le tissu Z9 est agr\u00e9ablement souple, il est \u00e9galement tr\u00e8s facile \u00e0 monter sur des tables de billard de 10 pieds.  Prix au m\u00e8tre","og_url":"https:\/\/theworldbilliards.com\/fr\/produit\/tapis-de-billard-z9\/","og_site_name":"The World Billiards","article_publisher":"https:\/\/www.facebook.com\/baby.foot.superbes","article_modified_time":"2025-01-27T11:15:35+00:00","og_image":[{"width":1000,"height":976,"url":"https:\/\/theworldbilliards.com\/wp-content\/uploads\/2023\/12\/Logo-z9-1-scaled-e1701948672987.jpg","type":"image\/jpeg"}],"twitter_card":"summary_large_image","schema":{"@context":"https:\/\/schema.org","@graph":[{"@type":"WebPage","@id":"https:\/\/theworldbilliards.com\/fr\/produit\/tapis-de-billard-z9\/","url":"https:\/\/theworldbilliards.com\/fr\/produit\/tapis-de-billard-z9\/","name":"Acheter Tapis de Billard Z9 - The World Billiards","isPartOf":{"@id":"https:\/\/theworldbilliards.com\/fr\/#website"},"primaryImageOfPage":{"@id":"https:\/\/theworldbilliards.com\/fr\/produit\/tapis-de-billard-z9\/#primaryimage"},"image":{"@id":"https:\/\/theworldbilliards.com\/fr\/produit\/tapis-de-billard-z9\/#primaryimage"},"thumbnailUrl":"https:\/\/theworldbilliards.com\/wp-content\/uploads\/2023\/12\/Logo-z9-1-scaled-e1701948672987.jpg","datePublished":"2023-12-07T11:24:56+00:00","dateModified":"2025-01-27T11:15:35+00:00","description":"Z9 BilliardCloth\u00ae est le drap de billard moderne haut de gamme made in Germany. Depuis 1998, il est d\u00e9velopp\u00e9 et fabriqu\u00e9 en Allemagne en utilisant des fils et des finitions sp\u00e9ciaux. Ce produit de qualit\u00e9 impressionne d'une part par son rapport qualit\u00e9-prix imbattable et d'autre part par l'exp\u00e9rience approfondie de l'\u00e9quipe Z9 depuis de nombreuses ann\u00e9es. L'objectif est de perfectionner constamment le drap Z9 et de l'adapter aux besoins des joueurs de billard. Ce drap moderne, durable et de haute qualit\u00e9 r\u00e9pond aux exigences du sportif de billard ambitieux. II ma\u00eetrise l'exigence d'une jouabilit\u00e9 optimale tout en assurant une longue dur\u00e9e de vie. Caract\u00e9ristiques du Z9 BilliardCloth\u00ae: Durable (a une dur\u00e9e de vie deux fois sup\u00e9rieure au drap du leader du march\u00e9) Adh\u00e9rence optimale Propri\u00e9t\u00e9s de roulement harmonieuses Faible besoin d'entretien Reproduction fid\u00e8le des couleurs Tissu tr\u00e8s durable en laine peign\u00e9e (453 g\/m\u00b2) 80% laine \/ 20% nylon Fabriqu\u00e9 en Allemagne (DIN 9001\/9008) Comme la largeur r\u00e9elle des rouleaux de tissu Z9 est de 170 cm et que le tissu Z9 est agr\u00e9ablement souple, il est \u00e9galement tr\u00e8s facile \u00e0 monter sur des tables de billard de 10 pieds. Prix au m\u00e8tre","breadcrumb":{"@id":"https:\/\/theworldbilliards.com\/fr\/produit\/tapis-de-billard-z9\/#breadcrumb"},"inLanguage":"fr-FR","potentialAction":[{"@type":"ReadAction","target":["https:\/\/theworldbilliards.com\/fr\/produit\/tapis-de-billard-z9\/"]}]},{"@type":"ImageObject","inLanguage":"fr-FR","@id":"https:\/\/theworldbilliards.com\/fr\/produit\/tapis-de-billard-z9\/#primaryimage","url":"https:\/\/theworldbilliards.com\/wp-content\/uploads\/2023\/12\/Logo-z9-1-scaled-e1701948672987.jpg","contentUrl":"https:\/\/theworldbilliards.com\/wp-content\/uploads\/2023\/12\/Logo-z9-1-scaled-e1701948672987.jpg","width":1000,"height":976},{"@type":"BreadcrumbList","@id":"https:\/\/theworldbilliards.com\/fr\/produit\/tapis-de-billard-z9\/#breadcrumb","itemListElement":[{"@type":"ListItem","position":1,"name":"In\u00edcio","item":"https:\/\/theworldbilliards.com\/fr\/"},{"@type":"ListItem","position":2,"name":"Boutique en ligne","item":"https:\/\/theworldbilliards.com\/fr\/boutique-theworldbilliards\/"},{"@type":"ListItem","position":3,"name":"Tapis de Billard Z9"}]},{"@type":"WebSite","@id":"https:\/\/theworldbilliards.com\/fr\/#website","url":"https:\/\/theworldbilliards.com\/fr\/","name":"TheWorldBilliards","description":"Achetez ici billard, baby-foot, ping-pong et bowling","publisher":{"@id":"https:\/\/theworldbilliards.com\/fr\/#organization"},"alternateName":"The world billiards","potentialAction":[{"@type":"SearchAction","target":{"@type":"EntryPoint","urlTemplate":"https:\/\/theworldbilliards.com\/fr\/?s={search_term_string}"},"query-input":{"@type":"PropertyValueSpecification","valueRequired":true,"valueName":"search_term_string"}}],"inLanguage":"fr-FR"},{"@type":"Organization","@id":"https:\/\/theworldbilliards.com\/fr\/#organization","name":"The World Billiards","alternateName":"The World Billiards","url":"https:\/\/theworldbilliards.com\/fr\/","logo":{"@type":"ImageObject","inLanguage":"fr-FR","@id":"https:\/\/theworldbilliards.com\/fr\/#\/schema\/logo\/image\/","url":"","contentUrl":"","caption":"The World Billiards"},"image":{"@id":"https:\/\/theworldbilliards.com\/fr\/#\/schema\/logo\/image\/"},"sameAs":["https:\/\/www.facebook.com\/baby.foot.superbes","https:\/\/www.youtube.com\/channel\/UCIMuOVAaUcH6UpZcsZlH0Tg","https:\/\/www.facebook.com\/people\/Brunswick-Billiards-EspaaPortugal\/100066446264309\/","https:\/\/www.instagram.com\/the_world_billiards\/","https:\/\/www.pinterest.es\/Theworldbilliards\/"]}]}},"_links":{"self":[{"href":"https:\/\/theworldbilliards.com\/fr\/wp-json\/wp\/v2\/product\/95670","targetHints":{"allow":["GET"]}}],"collection":[{"href":"https:\/\/theworldbilliards.com\/fr\/wp-json\/wp\/v2\/product"}],"about":[{"href":"https:\/\/theworldbilliards.com\/fr\/wp-json\/wp\/v2\/types\/product"}],"wp:featuredmedia":[{"embeddable":true,"href":"https:\/\/theworldbilliards.com\/fr\/wp-json\/wp\/v2\/media\/95678"}],"wp:attachment":[{"href":"https:\/\/theworldbilliards.com\/fr\/wp-json\/wp\/v2\/media?parent=95670"}],"wp:term":[{"taxonomy":"product_brand","embeddable":true,"href":"https:\/\/theworldbilliards.com\/fr\/wp-json\/wp\/v2\/product_brand?post=95670"},{"taxonomy":"product_cat","embeddable":true,"href":"https:\/\/theworldbilliards.com\/fr\/wp-json\/wp\/v2\/product_cat?post=95670"},{"taxonomy":"product_tag","embeddable":true,"href":"https:\/\/theworldbilliards.com\/fr\/wp-json\/wp\/v2\/product_tag?post=95670"}],"curies":[{"name":"wp","href":"https:\/\/api.w.org\/{rel}","templated":true}]}}