{"id":104543,"date":"2024-07-17T13:06:06","date_gmt":"2024-07-17T11:06:06","guid":{"rendered":"https:\/\/theworldbilliards.com\/como-jogar-shuffleboard\/"},"modified":"2025-09-24T13:23:04","modified_gmt":"2025-09-24T11:23:04","slug":"como-jogar-shuffleboard","status":"publish","type":"page","link":"https:\/\/theworldbilliards.com\/pt-pt\/como-jogar-shuffleboard\/","title":{"rendered":"Como jogar shuffleboard"},"content":{"rendered":"\n<h1 class=\"wp-block-heading has-text-align-center\"><strong>Como jogar shuffleboard<\/strong><\/h1>\n\n<h3 class=\"wp-block-heading\"><strong>Regras b\u00e1sicas do jogo<\/strong><\/h3>\n\n<ol class=\"wp-block-list\">\n<li style=\"font-size:24px\">O objetivo do jogo \u00e9 marcar mais pontos que o seu advers\u00e1rio, derrubando os seus pesos da superf\u00edcie de jogo ou deslizando os seus pesos para uma zona de pontua\u00e7\u00e3o mais elevada. Um jogo t\u00edpico, individual ou de parceiros, \u00e9 disputado at\u00e9 aos 15 pontos.<\/li>\n\n\n\n<li style=\"font-size:24px\">O sorteio determina quem disparar\u00e1 primeiro e, portanto, quem receber\u00e1 o martelo. O martelo \u00e9 a pessoa ou equipa que dispara em \u00faltimo lugar. \u00c9 considerado vantajoso ter o martelo. O vencedor do sorteio normalmente pega no martelo e o perdedor escolhe a cor dos pesos que vai utilizar durante o jogo.<\/li>\n\n\n\n<li style=\"font-size:24px\">O jogador A (perdedor no sorteio) come\u00e7a por lan\u00e7ar um peso. O Jogador B lan\u00e7a ent\u00e3o um peso e alterna o jogo, at\u00e9 que o Jogador B lan\u00e7a o \u00faltimo peso (martelo).<\/li>\n\n\n\n<li style=\"font-size:24px\">Ap\u00f3s todos os pesos terem sido lan\u00e7ados, os jogadores determinam quem marcou, contando apenas os pesos de uma s\u00f3 cor que est\u00e3o mais perto do final da superf\u00edcie de jogo. Um peso deve estar completamente dentro de uma zona de pontua\u00e7\u00e3o para receber os pontos dessa zona.<\/li>\n\n\n\n<li style=\"font-size:24px\">O jogador ou equipa que pontua em cada frame deve lan\u00e7ar primeiro no frame seguinte. Este processo \u00e9 repetido at\u00e9 que um jogador ou equipa atinja 15 pontos para a vit\u00f3ria<\/li>\n<\/ol>\n\n<figure class=\"wp-block-gallery has-nested-images columns-default is-cropped wp-block-gallery-1 is-layout-flex wp-block-gallery-is-layout-flex\">\n<figure class=\"wp-block-image aligncenter size-full\"><img loading=\"lazy\" decoding=\"async\" width=\"1000\" height=\"666\" data-id=\"103937\" src=\"https:\/\/theworldbilliards.com\/wp-content\/uploads\/2023\/07\/Accessories.jpg\" alt=\"\" class=\"wp-image-103937\" srcset=\"https:\/\/theworldbilliards.com\/wp-content\/uploads\/2023\/07\/Accessories.jpg 1000w, https:\/\/theworldbilliards.com\/wp-content\/uploads\/2023\/07\/Accessories-600x400.jpg 600w, https:\/\/theworldbilliards.com\/wp-content\/uploads\/2023\/07\/Accessories-300x200.jpg 300w, https:\/\/theworldbilliards.com\/wp-content\/uploads\/2023\/07\/Accessories-768x511.jpg 768w\" sizes=\"auto, (max-width: 1000px) 100vw, 1000px\" \/><\/figure>\n\n\n\n<figure class=\"wp-block-image size-full\"><img loading=\"lazy\" decoding=\"async\" width=\"1000\" height=\"728\" data-id=\"104492\" src=\"https:\/\/theworldbilliards.com\/wp-content\/uploads\/2024\/07\/Shuf-AH-Milan-Navajo-7.jpg\" alt=\"\" class=\"wp-image-104492\" srcset=\"https:\/\/theworldbilliards.com\/wp-content\/uploads\/2024\/07\/Shuf-AH-Milan-Navajo-7.jpg 1000w, https:\/\/theworldbilliards.com\/wp-content\/uploads\/2024\/07\/Shuf-AH-Milan-Navajo-7-600x437.jpg 600w, https:\/\/theworldbilliards.com\/wp-content\/uploads\/2024\/07\/Shuf-AH-Milan-Navajo-7-300x218.jpg 300w, https:\/\/theworldbilliards.com\/wp-content\/uploads\/2024\/07\/Shuf-AH-Milan-Navajo-7-768x559.jpg 768w\" sizes=\"auto, (max-width: 1000px) 100vw, 1000px\" \/><\/figure>\n\n\n\n<figure class=\"wp-block-image size-full\"><img loading=\"lazy\" decoding=\"async\" width=\"1000\" height=\"1000\" data-id=\"104398\" src=\"https:\/\/theworldbilliards.com\/wp-content\/uploads\/2024\/07\/SB-AH-Abbey-E-6.jpg\" alt=\"\" class=\"wp-image-104398\" srcset=\"https:\/\/theworldbilliards.com\/wp-content\/uploads\/2024\/07\/SB-AH-Abbey-E-6.jpg 1000w, https:\/\/theworldbilliards.com\/wp-content\/uploads\/2024\/07\/SB-AH-Abbey-E-6-250x250.jpg 250w, https:\/\/theworldbilliards.com\/wp-content\/uploads\/2024\/07\/SB-AH-Abbey-E-6-100x100.jpg 100w, https:\/\/theworldbilliards.com\/wp-content\/uploads\/2024\/07\/SB-AH-Abbey-E-6-600x600.jpg 600w, https:\/\/theworldbilliards.com\/wp-content\/uploads\/2024\/07\/SB-AH-Abbey-E-6-300x300.jpg 300w, https:\/\/theworldbilliards.com\/wp-content\/uploads\/2024\/07\/SB-AH-Abbey-E-6-150x150.jpg 150w, https:\/\/theworldbilliards.com\/wp-content\/uploads\/2024\/07\/SB-AH-Abbey-E-6-768x768.jpg 768w\" sizes=\"auto, (max-width: 1000px) 100vw, 1000px\" \/><\/figure>\n<\/figure>\n\n<hr class=\"wp-block-separator has-alpha-channel-opacity\"\/>\n<div data-block-name=\"woocommerce\/featured-category\" data-category-id=\"4332\" data-edit-mode=\"false\" data-show-desc=\"false\" class=\"wc-block-featured-category alignnone has-background-dim wp-block-woocommerce-featured-category\" style=\"min-height:500px;\"><div class=\"wc-block-featured-category__wrapper\"><div class=\"background-dim__overlay\" style=\"background-color: #000000\"><\/div><img decoding=\"async\" alt=\"Shuffleboard\" class=\"wc-block-featured-category__background-image\" src=\"https:\/\/theworldbilliards.com\/wp-content\/uploads\/2021\/03\/shuffleboard-merrimack.jpg\" style=\"object-fit: none;object-position: 50% 50%;\" \/><h2 class=\"wc-block-featured-category__title\">Shuffleboard<\/h2><div class=\"wc-block-featured-category__inner-blocks\">\n\n<div class=\"wp-block-buttons is-content-justification-center is-layout-flex wp-container-core-buttons-is-layout-a89b3969 wp-block-buttons-is-layout-flex\">\n<div class=\"wp-block-button\"><a class=\"wp-block-button__link wp-element-button\" href=\"https:\/\/theworldbilliards.com\/pt-pt\/categoria-produto\/shuffleboard\/\">Comprar agora<\/a><\/div>\n<\/div>\n\n<\/div><\/div><\/div>","protected":false},"excerpt":{"rendered":"<p>Como jogar shuffleboard Regras b\u00e1sicas do jogo<\/p>\n","protected":false},"author":321,"featured_media":0,"parent":0,"menu_order":0,"comment_status":"closed","ping_status":"closed","template":"","meta":{"site-sidebar-layout":"default","site-content-layout":"","ast-site-content-layout":"default","site-content-style":"default","site-sidebar-style":"default","ast-global-header-display":"","ast-banner-title-visibility":"","ast-main-header-display":"","ast-hfb-above-header-display":"","ast-hfb-below-header-display":"","ast-hfb-mobile-header-display":"","site-post-title":"","ast-breadcrumbs-content":"","ast-featured-img":"","footer-sml-layout":"","ast-disable-related-posts":"","theme-transparent-header-meta":"","adv-header-id-meta":"","stick-header-meta":"","header-above-stick-meta":"","header-main-stick-meta":"","header-below-stick-meta":"","astra-migrate-meta-layouts":"default","ast-page-background-enabled":"default","ast-page-background-meta":{"desktop":{"background-color":"var(--ast-global-color-4)","background-image":"","background-repeat":"repeat","background-position":"center center","background-size":"auto","background-attachment":"scroll","background-type":"","background-media":"","overlay-type":"","overlay-color":"","overlay-opacity":"","overlay-gradient":""},"tablet":{"background-color":"","background-image":"","background-repeat":"repeat","background-position":"center center","background-size":"auto","background-attachment":"scroll","background-type":"","background-media":"","overlay-type":"","overlay-color":"","overlay-opacity":"","overlay-gradient":""},"mobile":{"background-color":"","background-image":"","background-repeat":"repeat","background-position":"center center","background-size":"auto","background-attachment":"scroll","background-type":"","background-media":"","overlay-type":"","overlay-color":"","overlay-opacity":"","overlay-gradient":""}},"ast-content-background-meta":{"desktop":{"background-color":"var(--ast-global-color-5)","background-image":"","background-repeat":"repeat","background-position":"center center","background-size":"auto","background-attachment":"scroll","background-type":"","background-media":"","overlay-type":"","overlay-color":"","overlay-opacity":"","overlay-gradient":""},"tablet":{"background-color":"var(--ast-global-color-5)","background-image":"","background-repeat":"repeat","background-position":"center center","background-size":"auto","background-attachment":"scroll","background-type":"","background-media":"","overlay-type":"","overlay-color":"","overlay-opacity":"","overlay-gradient":""},"mobile":{"background-color":"var(--ast-global-color-5)","background-image":"","background-repeat":"repeat","background-position":"center center","background-size":"auto","background-attachment":"scroll","background-type":"","background-media":"","overlay-type":"","overlay-color":"","overlay-opacity":"","overlay-gradient":""}},"footnotes":""},"class_list":["post-104543","page","type-page","status-publish","hentry"],"yoast_head":"<!-- This site is optimized with the Yoast SEO plugin v27.4 - https:\/\/yoast.com\/product\/yoast-seo-wordpress\/ -->\n<title>Como jogar shuffleboard - The World Billiards<\/title>\n<meta name=\"description\" content=\"Como jogar shuffleboard Regras b\u00e1sicas do jogo  O objetivo do jogo \u00e9 marcar mais pontos que o seu advers\u00e1rio, derrubando os seus pesos da superf\u00edcie de jogo ou deslizando os seus pesos para uma zona de pontua\u00e7\u00e3o mais elevada. Um jogo t\u00edpico, individual ou de parceiros, \u00e9 disputado at\u00e9 aos 15 pontos.  O sorteio determina quem disparar\u00e1 primeiro e, portanto, quem receber\u00e1 o martelo. O martelo \u00e9 a pessoa ou equipa que dispara em \u00faltimo lugar. \u00c9 considerado vantajoso ter o martelo. O vencedor do sorteio normalmente pega no martelo e o perdedor escolhe a cor dos pesos que vai utilizar durante o jogo.  O jogador A (perdedor no sorteio) come\u00e7a por lan\u00e7ar um peso. O Jogador B lan\u00e7a ent\u00e3o um peso e alterna o jogo, at\u00e9 que o Jogador B lan\u00e7a o \u00faltimo peso (martelo).  Ap\u00f3s todos os pesos terem sido lan\u00e7ados, os jogadores determinam quem marcou, contando apenas os pesos de uma s\u00f3 cor que est\u00e3o mais perto do final da superf\u00edcie de jogo. Um peso deve estar completamente dentro de uma zona de pontua\u00e7\u00e3o para receber os pontos dessa zona.  O jogador ou equipa que pontua em cada frame deve lan\u00e7ar primeiro no frame seguinte. Este processo \u00e9 repetido at\u00e9 que um jogador ou equipa atinja 15 pontos para a vit\u00f3ria          Comprar agora\" \/>\n<meta name=\"robots\" content=\"index, follow, max-snippet:-1, max-image-preview:large, max-video-preview:-1\" \/>\n<link rel=\"canonical\" href=\"https:\/\/theworldbilliards.com\/pt-pt\/como-jogar-shuffleboard\/\" \/>\n<meta property=\"og:locale\" content=\"pt_PT\" \/>\n<meta property=\"og:type\" content=\"article\" \/>\n<meta property=\"og:title\" content=\"Como jogar shuffleboard - The World Billiards\" \/>\n<meta property=\"og:description\" content=\"Como jogar shuffleboard Regras b\u00e1sicas do jogo  O objetivo do jogo \u00e9 marcar mais pontos que o seu advers\u00e1rio, derrubando os seus pesos da superf\u00edcie de jogo ou deslizando os seus pesos para uma zona de pontua\u00e7\u00e3o mais elevada. Um jogo t\u00edpico, individual ou de parceiros, \u00e9 disputado at\u00e9 aos 15 pontos.  O sorteio determina quem disparar\u00e1 primeiro e, portanto, quem receber\u00e1 o martelo. O martelo \u00e9 a pessoa ou equipa que dispara em \u00faltimo lugar. \u00c9 considerado vantajoso ter o martelo. O vencedor do sorteio normalmente pega no martelo e o perdedor escolhe a cor dos pesos que vai utilizar durante o jogo.  O jogador A (perdedor no sorteio) come\u00e7a por lan\u00e7ar um peso. O Jogador B lan\u00e7a ent\u00e3o um peso e alterna o jogo, at\u00e9 que o Jogador B lan\u00e7a o \u00faltimo peso (martelo).  Ap\u00f3s todos os pesos terem sido lan\u00e7ados, os jogadores determinam quem marcou, contando apenas os pesos de uma s\u00f3 cor que est\u00e3o mais perto do final da superf\u00edcie de jogo. Um peso deve estar completamente dentro de uma zona de pontua\u00e7\u00e3o para receber os pontos dessa zona.  O jogador ou equipa que pontua em cada frame deve lan\u00e7ar primeiro no frame seguinte. Este processo \u00e9 repetido at\u00e9 que um jogador ou equipa atinja 15 pontos para a vit\u00f3ria          Comprar agora\" \/>\n<meta property=\"og:url\" content=\"https:\/\/theworldbilliards.com\/pt-pt\/como-jogar-shuffleboard\/\" \/>\n<meta property=\"og:site_name\" content=\"The World Billiards\" \/>\n<meta property=\"article:publisher\" content=\"https:\/\/www.facebook.com\/baby.foot.superbes\" \/>\n<meta property=\"article:modified_time\" content=\"2025-09-24T11:23:04+00:00\" \/>\n<meta property=\"og:image\" content=\"https:\/\/theworldbilliards.com\/wp-content\/uploads\/2023\/07\/Accessories.jpg\" \/>\n\t<meta property=\"og:image:width\" content=\"1000\" \/>\n\t<meta property=\"og:image:height\" content=\"666\" \/>\n\t<meta property=\"og:image:type\" content=\"image\/jpeg\" \/>\n<meta name=\"twitter:card\" content=\"summary_large_image\" \/>\n<script type=\"application\/ld+json\" class=\"yoast-schema-graph\">{\"@context\":\"https:\\\/\\\/schema.org\",\"@graph\":[{\"@type\":\"WebPage\",\"@id\":\"https:\\\/\\\/theworldbilliards.com\\\/pt-pt\\\/como-jogar-shuffleboard\\\/\",\"url\":\"https:\\\/\\\/theworldbilliards.com\\\/pt-pt\\\/como-jogar-shuffleboard\\\/\",\"name\":\"Como jogar shuffleboard - The World Billiards\",\"isPartOf\":{\"@id\":\"https:\\\/\\\/theworldbilliards.com\\\/pt-pt\\\/#website\"},\"primaryImageOfPage\":{\"@id\":\"https:\\\/\\\/theworldbilliards.com\\\/pt-pt\\\/como-jogar-shuffleboard\\\/#primaryimage\"},\"image\":{\"@id\":\"https:\\\/\\\/theworldbilliards.com\\\/pt-pt\\\/como-jogar-shuffleboard\\\/#primaryimage\"},\"thumbnailUrl\":\"https:\\\/\\\/theworldbilliards.com\\\/wp-content\\\/uploads\\\/2023\\\/07\\\/Accessories.jpg\",\"datePublished\":\"2024-07-17T11:06:06+00:00\",\"dateModified\":\"2025-09-24T11:23:04+00:00\",\"description\":\"Como jogar shuffleboard Regras b\u00e1sicas do jogo O objetivo do jogo \u00e9 marcar mais pontos que o seu advers\u00e1rio, derrubando os seus pesos da superf\u00edcie de jogo ou deslizando os seus pesos para uma zona de pontua\u00e7\u00e3o mais elevada. Um jogo t\u00edpico, individual ou de parceiros, \u00e9 disputado at\u00e9 aos 15 pontos. O sorteio determina quem disparar\u00e1 primeiro e, portanto, quem receber\u00e1 o martelo. O martelo \u00e9 a pessoa ou equipa que dispara em \u00faltimo lugar. \u00c9 considerado vantajoso ter o martelo. O vencedor do sorteio normalmente pega no martelo e o perdedor escolhe a cor dos pesos que vai utilizar durante o jogo. O jogador A (perdedor no sorteio) come\u00e7a por lan\u00e7ar um peso. O Jogador B lan\u00e7a ent\u00e3o um peso e alterna o jogo, at\u00e9 que o Jogador B lan\u00e7a o \u00faltimo peso (martelo). Ap\u00f3s todos os pesos terem sido lan\u00e7ados, os jogadores determinam quem marcou, contando apenas os pesos de uma s\u00f3 cor que est\u00e3o mais perto do final da superf\u00edcie de jogo. Um peso deve estar completamente dentro de uma zona de pontua\u00e7\u00e3o para receber os pontos dessa zona. O jogador ou equipa que pontua em cada frame deve lan\u00e7ar primeiro no frame seguinte. Este processo \u00e9 repetido at\u00e9 que um jogador ou equipa atinja 15 pontos para a vit\u00f3ria Comprar agora\",\"breadcrumb\":{\"@id\":\"https:\\\/\\\/theworldbilliards.com\\\/pt-pt\\\/como-jogar-shuffleboard\\\/#breadcrumb\"},\"inLanguage\":\"pt-PT\",\"potentialAction\":[{\"@type\":\"ReadAction\",\"target\":[\"https:\\\/\\\/theworldbilliards.com\\\/pt-pt\\\/como-jogar-shuffleboard\\\/\"]}]},{\"@type\":\"ImageObject\",\"inLanguage\":\"pt-PT\",\"@id\":\"https:\\\/\\\/theworldbilliards.com\\\/pt-pt\\\/como-jogar-shuffleboard\\\/#primaryimage\",\"url\":\"https:\\\/\\\/theworldbilliards.com\\\/wp-content\\\/uploads\\\/2023\\\/07\\\/Accessories.jpg\",\"contentUrl\":\"https:\\\/\\\/theworldbilliards.com\\\/wp-content\\\/uploads\\\/2023\\\/07\\\/Accessories.jpg\"},{\"@type\":\"BreadcrumbList\",\"@id\":\"https:\\\/\\\/theworldbilliards.com\\\/pt-pt\\\/como-jogar-shuffleboard\\\/#breadcrumb\",\"itemListElement\":[{\"@type\":\"ListItem\",\"position\":1,\"name\":\"In\u00edcio\",\"item\":\"https:\\\/\\\/theworldbilliards.com\\\/pt-pt\\\/\"},{\"@type\":\"ListItem\",\"position\":2,\"name\":\"Como jogar shuffleboard\"}]},{\"@type\":\"WebSite\",\"@id\":\"https:\\\/\\\/theworldbilliards.com\\\/pt-pt\\\/#website\",\"url\":\"https:\\\/\\\/theworldbilliards.com\\\/pt-pt\\\/\",\"name\":\"TheWorldBilliards\",\"description\":\"Compre aqui bilhar, matraquilho, t\u00eanis de mesa e bowling\",\"publisher\":{\"@id\":\"https:\\\/\\\/theworldbilliards.com\\\/pt-pt\\\/#organization\"},\"alternateName\":\"The world billiards\",\"potentialAction\":[{\"@type\":\"SearchAction\",\"target\":{\"@type\":\"EntryPoint\",\"urlTemplate\":\"https:\\\/\\\/theworldbilliards.com\\\/pt-pt\\\/?s={search_term_string}\"},\"query-input\":{\"@type\":\"PropertyValueSpecification\",\"valueRequired\":true,\"valueName\":\"search_term_string\"}}],\"inLanguage\":\"pt-PT\"},{\"@type\":\"Organization\",\"@id\":\"https:\\\/\\\/theworldbilliards.com\\\/pt-pt\\\/#organization\",\"name\":\"The World Billiards\",\"alternateName\":\"The World Billiards\",\"url\":\"https:\\\/\\\/theworldbilliards.com\\\/pt-pt\\\/\",\"logo\":{\"@type\":\"ImageObject\",\"inLanguage\":\"pt-PT\",\"@id\":\"https:\\\/\\\/theworldbilliards.com\\\/pt-pt\\\/#\\\/schema\\\/logo\\\/image\\\/\",\"url\":\"\",\"contentUrl\":\"\",\"caption\":\"The World Billiards\"},\"image\":{\"@id\":\"https:\\\/\\\/theworldbilliards.com\\\/pt-pt\\\/#\\\/schema\\\/logo\\\/image\\\/\"},\"sameAs\":[\"https:\\\/\\\/www.facebook.com\\\/baby.foot.superbes\",\"https:\\\/\\\/www.youtube.com\\\/channel\\\/UCIMuOVAaUcH6UpZcsZlH0Tg\",\"https:\\\/\\\/www.facebook.com\\\/people\\\/Brunswick-Billiards-EspaaPortugal\\\/100066446264309\\\/\",\"https:\\\/\\\/www.instagram.com\\\/the_world_billiards\\\/\",\"https:\\\/\\\/www.pinterest.es\\\/Theworldbilliards\\\/\"]}]}<\/script>\n<!-- \/ Yoast SEO plugin. -->","yoast_head_json":{"title":"Como jogar shuffleboard - The World Billiards","description":"Como jogar shuffleboard Regras b\u00e1sicas do jogo  O objetivo do jogo \u00e9 marcar mais pontos que o seu advers\u00e1rio, derrubando os seus pesos da superf\u00edcie de jogo ou deslizando os seus pesos para uma zona de pontua\u00e7\u00e3o mais elevada. Um jogo t\u00edpico, individual ou de parceiros, \u00e9 disputado at\u00e9 aos 15 pontos.  O sorteio determina quem disparar\u00e1 primeiro e, portanto, quem receber\u00e1 o martelo. O martelo \u00e9 a pessoa ou equipa que dispara em \u00faltimo lugar. \u00c9 considerado vantajoso ter o martelo. O vencedor do sorteio normalmente pega no martelo e o perdedor escolhe a cor dos pesos que vai utilizar durante o jogo.  O jogador A (perdedor no sorteio) come\u00e7a por lan\u00e7ar um peso. O Jogador B lan\u00e7a ent\u00e3o um peso e alterna o jogo, at\u00e9 que o Jogador B lan\u00e7a o \u00faltimo peso (martelo).  Ap\u00f3s todos os pesos terem sido lan\u00e7ados, os jogadores determinam quem marcou, contando apenas os pesos de uma s\u00f3 cor que est\u00e3o mais perto do final da superf\u00edcie de jogo. Um peso deve estar completamente dentro de uma zona de pontua\u00e7\u00e3o para receber os pontos dessa zona.  O jogador ou equipa que pontua em cada frame deve lan\u00e7ar primeiro no frame seguinte. Este processo \u00e9 repetido at\u00e9 que um jogador ou equipa atinja 15 pontos para a vit\u00f3ria          Comprar agora","robots":{"index":"index","follow":"follow","max-snippet":"max-snippet:-1","max-image-preview":"max-image-preview:large","max-video-preview":"max-video-preview:-1"},"canonical":"https:\/\/theworldbilliards.com\/pt-pt\/como-jogar-shuffleboard\/","og_locale":"pt_PT","og_type":"article","og_title":"Como jogar shuffleboard - The World Billiards","og_description":"Como jogar shuffleboard Regras b\u00e1sicas do jogo  O objetivo do jogo \u00e9 marcar mais pontos que o seu advers\u00e1rio, derrubando os seus pesos da superf\u00edcie de jogo ou deslizando os seus pesos para uma zona de pontua\u00e7\u00e3o mais elevada. Um jogo t\u00edpico, individual ou de parceiros, \u00e9 disputado at\u00e9 aos 15 pontos.  O sorteio determina quem disparar\u00e1 primeiro e, portanto, quem receber\u00e1 o martelo. O martelo \u00e9 a pessoa ou equipa que dispara em \u00faltimo lugar. \u00c9 considerado vantajoso ter o martelo. O vencedor do sorteio normalmente pega no martelo e o perdedor escolhe a cor dos pesos que vai utilizar durante o jogo.  O jogador A (perdedor no sorteio) come\u00e7a por lan\u00e7ar um peso. O Jogador B lan\u00e7a ent\u00e3o um peso e alterna o jogo, at\u00e9 que o Jogador B lan\u00e7a o \u00faltimo peso (martelo).  Ap\u00f3s todos os pesos terem sido lan\u00e7ados, os jogadores determinam quem marcou, contando apenas os pesos de uma s\u00f3 cor que est\u00e3o mais perto do final da superf\u00edcie de jogo. Um peso deve estar completamente dentro de uma zona de pontua\u00e7\u00e3o para receber os pontos dessa zona.  O jogador ou equipa que pontua em cada frame deve lan\u00e7ar primeiro no frame seguinte. Este processo \u00e9 repetido at\u00e9 que um jogador ou equipa atinja 15 pontos para a vit\u00f3ria          Comprar agora","og_url":"https:\/\/theworldbilliards.com\/pt-pt\/como-jogar-shuffleboard\/","og_site_name":"The World Billiards","article_publisher":"https:\/\/www.facebook.com\/baby.foot.superbes","article_modified_time":"2025-09-24T11:23:04+00:00","og_image":[{"width":1000,"height":666,"url":"https:\/\/theworldbilliards.com\/wp-content\/uploads\/2023\/07\/Accessories.jpg","type":"image\/jpeg"}],"twitter_card":"summary_large_image","schema":{"@context":"https:\/\/schema.org","@graph":[{"@type":"WebPage","@id":"https:\/\/theworldbilliards.com\/pt-pt\/como-jogar-shuffleboard\/","url":"https:\/\/theworldbilliards.com\/pt-pt\/como-jogar-shuffleboard\/","name":"Como jogar shuffleboard - The World Billiards","isPartOf":{"@id":"https:\/\/theworldbilliards.com\/pt-pt\/#website"},"primaryImageOfPage":{"@id":"https:\/\/theworldbilliards.com\/pt-pt\/como-jogar-shuffleboard\/#primaryimage"},"image":{"@id":"https:\/\/theworldbilliards.com\/pt-pt\/como-jogar-shuffleboard\/#primaryimage"},"thumbnailUrl":"https:\/\/theworldbilliards.com\/wp-content\/uploads\/2023\/07\/Accessories.jpg","datePublished":"2024-07-17T11:06:06+00:00","dateModified":"2025-09-24T11:23:04+00:00","description":"Como jogar shuffleboard Regras b\u00e1sicas do jogo O objetivo do jogo \u00e9 marcar mais pontos que o seu advers\u00e1rio, derrubando os seus pesos da superf\u00edcie de jogo ou deslizando os seus pesos para uma zona de pontua\u00e7\u00e3o mais elevada. Um jogo t\u00edpico, individual ou de parceiros, \u00e9 disputado at\u00e9 aos 15 pontos. O sorteio determina quem disparar\u00e1 primeiro e, portanto, quem receber\u00e1 o martelo. O martelo \u00e9 a pessoa ou equipa que dispara em \u00faltimo lugar. \u00c9 considerado vantajoso ter o martelo. O vencedor do sorteio normalmente pega no martelo e o perdedor escolhe a cor dos pesos que vai utilizar durante o jogo. O jogador A (perdedor no sorteio) come\u00e7a por lan\u00e7ar um peso. O Jogador B lan\u00e7a ent\u00e3o um peso e alterna o jogo, at\u00e9 que o Jogador B lan\u00e7a o \u00faltimo peso (martelo). Ap\u00f3s todos os pesos terem sido lan\u00e7ados, os jogadores determinam quem marcou, contando apenas os pesos de uma s\u00f3 cor que est\u00e3o mais perto do final da superf\u00edcie de jogo. Um peso deve estar completamente dentro de uma zona de pontua\u00e7\u00e3o para receber os pontos dessa zona. O jogador ou equipa que pontua em cada frame deve lan\u00e7ar primeiro no frame seguinte. Este processo \u00e9 repetido at\u00e9 que um jogador ou equipa atinja 15 pontos para a vit\u00f3ria Comprar agora","breadcrumb":{"@id":"https:\/\/theworldbilliards.com\/pt-pt\/como-jogar-shuffleboard\/#breadcrumb"},"inLanguage":"pt-PT","potentialAction":[{"@type":"ReadAction","target":["https:\/\/theworldbilliards.com\/pt-pt\/como-jogar-shuffleboard\/"]}]},{"@type":"ImageObject","inLanguage":"pt-PT","@id":"https:\/\/theworldbilliards.com\/pt-pt\/como-jogar-shuffleboard\/#primaryimage","url":"https:\/\/theworldbilliards.com\/wp-content\/uploads\/2023\/07\/Accessories.jpg","contentUrl":"https:\/\/theworldbilliards.com\/wp-content\/uploads\/2023\/07\/Accessories.jpg"},{"@type":"BreadcrumbList","@id":"https:\/\/theworldbilliards.com\/pt-pt\/como-jogar-shuffleboard\/#breadcrumb","itemListElement":[{"@type":"ListItem","position":1,"name":"In\u00edcio","item":"https:\/\/theworldbilliards.com\/pt-pt\/"},{"@type":"ListItem","position":2,"name":"Como jogar shuffleboard"}]},{"@type":"WebSite","@id":"https:\/\/theworldbilliards.com\/pt-pt\/#website","url":"https:\/\/theworldbilliards.com\/pt-pt\/","name":"TheWorldBilliards","description":"Compre aqui bilhar, matraquilho, t\u00eanis de mesa e bowling","publisher":{"@id":"https:\/\/theworldbilliards.com\/pt-pt\/#organization"},"alternateName":"The world billiards","potentialAction":[{"@type":"SearchAction","target":{"@type":"EntryPoint","urlTemplate":"https:\/\/theworldbilliards.com\/pt-pt\/?s={search_term_string}"},"query-input":{"@type":"PropertyValueSpecification","valueRequired":true,"valueName":"search_term_string"}}],"inLanguage":"pt-PT"},{"@type":"Organization","@id":"https:\/\/theworldbilliards.com\/pt-pt\/#organization","name":"The World Billiards","alternateName":"The World Billiards","url":"https:\/\/theworldbilliards.com\/pt-pt\/","logo":{"@type":"ImageObject","inLanguage":"pt-PT","@id":"https:\/\/theworldbilliards.com\/pt-pt\/#\/schema\/logo\/image\/","url":"","contentUrl":"","caption":"The World Billiards"},"image":{"@id":"https:\/\/theworldbilliards.com\/pt-pt\/#\/schema\/logo\/image\/"},"sameAs":["https:\/\/www.facebook.com\/baby.foot.superbes","https:\/\/www.youtube.com\/channel\/UCIMuOVAaUcH6UpZcsZlH0Tg","https:\/\/www.facebook.com\/people\/Brunswick-Billiards-EspaaPortugal\/100066446264309\/","https:\/\/www.instagram.com\/the_world_billiards\/","https:\/\/www.pinterest.es\/Theworldbilliards\/"]}]}},"_links":{"self":[{"href":"https:\/\/theworldbilliards.com\/pt-pt\/wp-json\/wp\/v2\/pages\/104543","targetHints":{"allow":["GET"]}}],"collection":[{"href":"https:\/\/theworldbilliards.com\/pt-pt\/wp-json\/wp\/v2\/pages"}],"about":[{"href":"https:\/\/theworldbilliards.com\/pt-pt\/wp-json\/wp\/v2\/types\/page"}],"author":[{"embeddable":true,"href":"https:\/\/theworldbilliards.com\/pt-pt\/wp-json\/wp\/v2\/users\/321"}],"replies":[{"embeddable":true,"href":"https:\/\/theworldbilliards.com\/pt-pt\/wp-json\/wp\/v2\/comments?post=104543"}],"version-history":[{"count":0,"href":"https:\/\/theworldbilliards.com\/pt-pt\/wp-json\/wp\/v2\/pages\/104543\/revisions"}],"wp:attachment":[{"href":"https:\/\/theworldbilliards.com\/pt-pt\/wp-json\/wp\/v2\/media?parent=104543"}],"curies":[{"name":"wp","href":"https:\/\/api.w.org\/{rel}","templated":true}]}}