{"id":108991,"date":"2025-09-19T12:58:39","date_gmt":"2025-09-19T10:58:39","guid":{"rendered":"https:\/\/theworldbilliards.com\/servico-de-limpeza-desinfeccao-e-polimento-de-bolas-de-bilhar\/"},"modified":"2026-02-16T12:51:21","modified_gmt":"2026-02-16T11:51:21","slug":"servico-de-limpeza-desinfeccao-e-polimento-de-bolas-de-bilhar","status":"publish","type":"page","link":"https:\/\/theworldbilliards.com\/pt-pt\/servico-de-limpeza-desinfeccao-e-polimento-de-bolas-de-bilhar\/","title":{"rendered":"Servi\u00e7o de limpeza, desinfec\u00e7\u00e3o e polimento de bolas de bilhar"},"content":{"rendered":"\n<h1 class=\"wp-block-heading\">Servi\u00e7o de limpeza, desinfec\u00e7\u00e3o e polimento de bolas de bilhar<\/h1>\n\n<p>Limpa, desinfecta e lustra bolas de snooker ou bilhar para a sua empresa ou resid\u00eancia<\/p>\n\n<hr class=\"wp-block-separator has-alpha-channel-opacity\"\/>\n\n<div class=\"wp-block-group is-nowrap is-layout-flex wp-container-core-group-is-layout-6c531013 wp-block-group-is-layout-flex\">\n<figure class=\"wp-block-video\"><video height=\"864\" style=\"aspect-ratio: 480 \/ 864;\" width=\"480\" controls=\"\" src=\"https:\/\/theworldbilliards.com\/wp-content\/uploads\/2020\/09\/limpiabolas.mp4\"><\/video><\/figure>\n\n\n\n<figure class=\"wp-block-image size-large\"><img loading=\"lazy\" decoding=\"async\" width=\"592\" height=\"1024\" src=\"https:\/\/theworldbilliards.com\/wp-content\/uploads\/2026\/02\/antes-y-despues-2-592x1024.png\" alt=\"\" class=\"wp-image-111715\" srcset=\"https:\/\/theworldbilliards.com\/wp-content\/uploads\/2026\/02\/antes-y-despues-2-592x1024.png 592w, https:\/\/theworldbilliards.com\/wp-content\/uploads\/2026\/02\/antes-y-despues-2-174x300.png 174w, https:\/\/theworldbilliards.com\/wp-content\/uploads\/2026\/02\/antes-y-despues-2-600x1037.png 600w, https:\/\/theworldbilliards.com\/wp-content\/uploads\/2026\/02\/antes-y-despues-2.png 748w\" sizes=\"auto, (max-width: 592px) 100vw, 592px\" \/><\/figure>\n\n\n\n<figure class=\"wp-block-gallery has-nested-images columns-default is-cropped wp-block-gallery-1 is-layout-flex wp-block-gallery-is-layout-flex\">\n<figure class=\"wp-block-image size-large\"><img loading=\"lazy\" decoding=\"async\" width=\"892\" height=\"1024\" data-id=\"108907\" src=\"https:\/\/theworldbilliards.com\/wp-content\/uploads\/2020\/09\/limpiabolas-892x1024.jpg\" alt=\"\" class=\"wp-image-108907\" srcset=\"https:\/\/theworldbilliards.com\/wp-content\/uploads\/2020\/09\/limpiabolas-892x1024.jpg 892w, https:\/\/theworldbilliards.com\/wp-content\/uploads\/2020\/09\/limpiabolas-261x300.jpg 261w, https:\/\/theworldbilliards.com\/wp-content\/uploads\/2020\/09\/limpiabolas-768x882.jpg 768w, https:\/\/theworldbilliards.com\/wp-content\/uploads\/2020\/09\/limpiabolas-600x689.jpg 600w, https:\/\/theworldbilliards.com\/wp-content\/uploads\/2020\/09\/limpiabolas.jpg 1080w\" sizes=\"auto, (max-width: 892px) 100vw, 892px\" \/><\/figure>\n\n\n\n<figure class=\"wp-block-image size-large\"><img loading=\"lazy\" decoding=\"async\" width=\"743\" height=\"743\" data-id=\"108934\" src=\"https:\/\/theworldbilliards.com\/wp-content\/uploads\/2020\/09\/maquina-limpia-bolas-1.png\" alt=\"\" class=\"wp-image-108934\" srcset=\"https:\/\/theworldbilliards.com\/wp-content\/uploads\/2020\/09\/maquina-limpia-bolas-1.png 743w, https:\/\/theworldbilliards.com\/wp-content\/uploads\/2020\/09\/maquina-limpia-bolas-1-300x300.png 300w, https:\/\/theworldbilliards.com\/wp-content\/uploads\/2020\/09\/maquina-limpia-bolas-1-150x150.png 150w, https:\/\/theworldbilliards.com\/wp-content\/uploads\/2020\/09\/maquina-limpia-bolas-1-250x250.png 250w, https:\/\/theworldbilliards.com\/wp-content\/uploads\/2020\/09\/maquina-limpia-bolas-1-600x600.png 600w, https:\/\/theworldbilliards.com\/wp-content\/uploads\/2020\/09\/maquina-limpia-bolas-1-100x100.png 100w\" sizes=\"auto, (max-width: 743px) 100vw, 743px\" \/><\/figure>\n<\/figure>\n<\/div>\n\n<p>M\u00e1quina dispon\u00edvel para venda<\/p>\n\n<h3 class=\"wp-block-heading\">Solicite um or\u00e7amento<\/h3>\n\n<div class=\"wp-block-contact-form-7-contact-form-selector\"><p class=\"wpcf7-contact-form-not-found\"><strong>Erro:<\/strong> Formul\u00e1rio de contacto n\u00e3o encontrado.<\/p><\/div><br>\n\n<p><\/p>\n","protected":false},"excerpt":{"rendered":"<p>Servi\u00e7o de limpeza, desinfec\u00e7\u00e3o e polimento de bolas de bilhar Limpa, desinfecta e lustra bolas de snooker ou bilhar para [&hellip;]<\/p>\n","protected":false},"author":321,"featured_media":0,"parent":0,"menu_order":0,"comment_status":"closed","ping_status":"closed","template":"","meta":{"site-sidebar-layout":"default","site-content-layout":"","ast-site-content-layout":"default","site-content-style":"default","site-sidebar-style":"default","ast-global-header-display":"","ast-banner-title-visibility":"","ast-main-header-display":"","ast-hfb-above-header-display":"","ast-hfb-below-header-display":"","ast-hfb-mobile-header-display":"","site-post-title":"","ast-breadcrumbs-content":"","ast-featured-img":"","footer-sml-layout":"","ast-disable-related-posts":"","theme-transparent-header-meta":"","adv-header-id-meta":"","stick-header-meta":"","header-above-stick-meta":"","header-main-stick-meta":"","header-below-stick-meta":"","astra-migrate-meta-layouts":"default","ast-page-background-enabled":"default","ast-page-background-meta":{"desktop":{"background-color":"var(--ast-global-color-4)","background-image":"","background-repeat":"repeat","background-position":"center center","background-size":"auto","background-attachment":"scroll","background-type":"","background-media":"","overlay-type":"","overlay-color":"","overlay-opacity":"","overlay-gradient":""},"tablet":{"background-color":"","background-image":"","background-repeat":"repeat","background-position":"center center","background-size":"auto","background-attachment":"scroll","background-type":"","background-media":"","overlay-type":"","overlay-color":"","overlay-opacity":"","overlay-gradient":""},"mobile":{"background-color":"","background-image":"","background-repeat":"repeat","background-position":"center center","background-size":"auto","background-attachment":"scroll","background-type":"","background-media":"","overlay-type":"","overlay-color":"","overlay-opacity":"","overlay-gradient":""}},"ast-content-background-meta":{"desktop":{"background-color":"var(--ast-global-color-5)","background-image":"","background-repeat":"repeat","background-position":"center center","background-size":"auto","background-attachment":"scroll","background-type":"","background-media":"","overlay-type":"","overlay-color":"","overlay-opacity":"","overlay-gradient":""},"tablet":{"background-color":"var(--ast-global-color-5)","background-image":"","background-repeat":"repeat","background-position":"center center","background-size":"auto","background-attachment":"scroll","background-type":"","background-media":"","overlay-type":"","overlay-color":"","overlay-opacity":"","overlay-gradient":""},"mobile":{"background-color":"var(--ast-global-color-5)","background-image":"","background-repeat":"repeat","background-position":"center center","background-size":"auto","background-attachment":"scroll","background-type":"","background-media":"","overlay-type":"","overlay-color":"","overlay-opacity":"","overlay-gradient":""}},"footnotes":""},"class_list":["post-108991","page","type-page","status-publish","hentry"],"yoast_head":"<!-- This site is optimized with the Yoast SEO plugin v27.4 - https:\/\/yoast.com\/product\/yoast-seo-wordpress\/ -->\n<title>Servi\u00e7o de limpeza, desinfec\u00e7\u00e3o e polimento de bolas de bilhar - The World Billiards<\/title>\n<meta name=\"description\" content=\"Servi\u00e7o de limpeza, desinfec\u00e7\u00e3o e polimento de bolas de bilhar Limpa, desinfecta e lustra bolas de snooker ou bilhar para a sua empresa ou resid\u00eancia           M\u00e1quina dispon\u00edvel para venda Solicite um or\u00e7amento\" \/>\n<meta name=\"robots\" content=\"index, follow, max-snippet:-1, max-image-preview:large, max-video-preview:-1\" \/>\n<link rel=\"canonical\" href=\"https:\/\/theworldbilliards.com\/pt-pt\/servico-de-limpeza-desinfeccao-e-polimento-de-bolas-de-bilhar\/\" \/>\n<meta property=\"og:locale\" content=\"pt_PT\" \/>\n<meta property=\"og:type\" content=\"article\" \/>\n<meta property=\"og:title\" content=\"Servi\u00e7o de limpeza, desinfec\u00e7\u00e3o e polimento de bolas de bilhar - The World Billiards\" \/>\n<meta property=\"og:description\" content=\"Servi\u00e7o de limpeza, desinfec\u00e7\u00e3o e polimento de bolas de bilhar Limpa, desinfecta e lustra bolas de snooker ou bilhar para a sua empresa ou resid\u00eancia           M\u00e1quina dispon\u00edvel para venda Solicite um or\u00e7amento\" \/>\n<meta property=\"og:url\" content=\"https:\/\/theworldbilliards.com\/pt-pt\/servico-de-limpeza-desinfeccao-e-polimento-de-bolas-de-bilhar\/\" \/>\n<meta property=\"og:site_name\" content=\"The World Billiards\" \/>\n<meta property=\"article:publisher\" content=\"https:\/\/www.facebook.com\/baby.foot.superbes\" \/>\n<meta property=\"article:modified_time\" content=\"2026-02-16T11:51:21+00:00\" \/>\n<meta property=\"og:image\" content=\"https:\/\/theworldbilliards.com\/wp-content\/uploads\/2026\/02\/antes-y-despues-2.png\" \/>\n\t<meta property=\"og:image:width\" content=\"748\" \/>\n\t<meta property=\"og:image:height\" content=\"1293\" \/>\n\t<meta property=\"og:image:type\" content=\"image\/png\" \/>\n<meta name=\"twitter:card\" content=\"summary_large_image\" \/>\n<script type=\"application\/ld+json\" class=\"yoast-schema-graph\">{\"@context\":\"https:\\\/\\\/schema.org\",\"@graph\":[{\"@type\":\"WebPage\",\"@id\":\"https:\\\/\\\/theworldbilliards.com\\\/pt-pt\\\/servico-de-limpeza-desinfeccao-e-polimento-de-bolas-de-bilhar\\\/\",\"url\":\"https:\\\/\\\/theworldbilliards.com\\\/pt-pt\\\/servico-de-limpeza-desinfeccao-e-polimento-de-bolas-de-bilhar\\\/\",\"name\":\"Servi\u00e7o de limpeza, desinfec\u00e7\u00e3o e polimento de bolas de bilhar - The World Billiards\",\"isPartOf\":{\"@id\":\"https:\\\/\\\/theworldbilliards.com\\\/pt-pt\\\/#website\"},\"primaryImageOfPage\":{\"@id\":\"https:\\\/\\\/theworldbilliards.com\\\/pt-pt\\\/servico-de-limpeza-desinfeccao-e-polimento-de-bolas-de-bilhar\\\/#primaryimage\"},\"image\":{\"@id\":\"https:\\\/\\\/theworldbilliards.com\\\/pt-pt\\\/servico-de-limpeza-desinfeccao-e-polimento-de-bolas-de-bilhar\\\/#primaryimage\"},\"thumbnailUrl\":\"https:\\\/\\\/theworldbilliards.com\\\/wp-content\\\/uploads\\\/2026\\\/02\\\/antes-y-despues-2-592x1024.png\",\"datePublished\":\"2025-09-19T10:58:39+00:00\",\"dateModified\":\"2026-02-16T11:51:21+00:00\",\"description\":\"Servi\u00e7o de limpeza, desinfec\u00e7\u00e3o e polimento de bolas de bilhar Limpa, desinfecta e lustra bolas de snooker ou bilhar para a sua empresa ou resid\u00eancia M\u00e1quina dispon\u00edvel para venda Solicite um or\u00e7amento\",\"breadcrumb\":{\"@id\":\"https:\\\/\\\/theworldbilliards.com\\\/pt-pt\\\/servico-de-limpeza-desinfeccao-e-polimento-de-bolas-de-bilhar\\\/#breadcrumb\"},\"inLanguage\":\"pt-PT\",\"potentialAction\":[{\"@type\":\"ReadAction\",\"target\":[\"https:\\\/\\\/theworldbilliards.com\\\/pt-pt\\\/servico-de-limpeza-desinfeccao-e-polimento-de-bolas-de-bilhar\\\/\"]}]},{\"@type\":\"ImageObject\",\"inLanguage\":\"pt-PT\",\"@id\":\"https:\\\/\\\/theworldbilliards.com\\\/pt-pt\\\/servico-de-limpeza-desinfeccao-e-polimento-de-bolas-de-bilhar\\\/#primaryimage\",\"url\":\"https:\\\/\\\/theworldbilliards.com\\\/wp-content\\\/uploads\\\/2026\\\/02\\\/antes-y-despues-2-592x1024.png\",\"contentUrl\":\"https:\\\/\\\/theworldbilliards.com\\\/wp-content\\\/uploads\\\/2026\\\/02\\\/antes-y-despues-2-592x1024.png\"},{\"@type\":\"BreadcrumbList\",\"@id\":\"https:\\\/\\\/theworldbilliards.com\\\/pt-pt\\\/servico-de-limpeza-desinfeccao-e-polimento-de-bolas-de-bilhar\\\/#breadcrumb\",\"itemListElement\":[{\"@type\":\"ListItem\",\"position\":1,\"name\":\"In\u00edcio\",\"item\":\"https:\\\/\\\/theworldbilliards.com\\\/pt-pt\\\/\"},{\"@type\":\"ListItem\",\"position\":2,\"name\":\"Servi\u00e7o de limpeza, desinfec\u00e7\u00e3o e polimento de bolas de bilhar\"}]},{\"@type\":\"WebSite\",\"@id\":\"https:\\\/\\\/theworldbilliards.com\\\/pt-pt\\\/#website\",\"url\":\"https:\\\/\\\/theworldbilliards.com\\\/pt-pt\\\/\",\"name\":\"TheWorldBilliards\",\"description\":\"Compre aqui bilhar, matraquilho, t\u00eanis de mesa e bowling\",\"publisher\":{\"@id\":\"https:\\\/\\\/theworldbilliards.com\\\/pt-pt\\\/#organization\"},\"alternateName\":\"The world billiards\",\"potentialAction\":[{\"@type\":\"SearchAction\",\"target\":{\"@type\":\"EntryPoint\",\"urlTemplate\":\"https:\\\/\\\/theworldbilliards.com\\\/pt-pt\\\/?s={search_term_string}\"},\"query-input\":{\"@type\":\"PropertyValueSpecification\",\"valueRequired\":true,\"valueName\":\"search_term_string\"}}],\"inLanguage\":\"pt-PT\"},{\"@type\":\"Organization\",\"@id\":\"https:\\\/\\\/theworldbilliards.com\\\/pt-pt\\\/#organization\",\"name\":\"The World Billiards\",\"alternateName\":\"The World Billiards\",\"url\":\"https:\\\/\\\/theworldbilliards.com\\\/pt-pt\\\/\",\"logo\":{\"@type\":\"ImageObject\",\"inLanguage\":\"pt-PT\",\"@id\":\"https:\\\/\\\/theworldbilliards.com\\\/pt-pt\\\/#\\\/schema\\\/logo\\\/image\\\/\",\"url\":\"\",\"contentUrl\":\"\",\"caption\":\"The World Billiards\"},\"image\":{\"@id\":\"https:\\\/\\\/theworldbilliards.com\\\/pt-pt\\\/#\\\/schema\\\/logo\\\/image\\\/\"},\"sameAs\":[\"https:\\\/\\\/www.facebook.com\\\/baby.foot.superbes\",\"https:\\\/\\\/www.youtube.com\\\/channel\\\/UCIMuOVAaUcH6UpZcsZlH0Tg\",\"https:\\\/\\\/www.facebook.com\\\/people\\\/Brunswick-Billiards-EspaaPortugal\\\/100066446264309\\\/\",\"https:\\\/\\\/www.instagram.com\\\/the_world_billiards\\\/\",\"https:\\\/\\\/www.pinterest.es\\\/Theworldbilliards\\\/\"]}]}<\/script>\n<!-- \/ Yoast SEO plugin. -->","yoast_head_json":{"title":"Servi\u00e7o de limpeza, desinfec\u00e7\u00e3o e polimento de bolas de bilhar - The World Billiards","description":"Servi\u00e7o de limpeza, desinfec\u00e7\u00e3o e polimento de bolas de bilhar Limpa, desinfecta e lustra bolas de snooker ou bilhar para a sua empresa ou resid\u00eancia           M\u00e1quina dispon\u00edvel para venda Solicite um or\u00e7amento","robots":{"index":"index","follow":"follow","max-snippet":"max-snippet:-1","max-image-preview":"max-image-preview:large","max-video-preview":"max-video-preview:-1"},"canonical":"https:\/\/theworldbilliards.com\/pt-pt\/servico-de-limpeza-desinfeccao-e-polimento-de-bolas-de-bilhar\/","og_locale":"pt_PT","og_type":"article","og_title":"Servi\u00e7o de limpeza, desinfec\u00e7\u00e3o e polimento de bolas de bilhar - The World Billiards","og_description":"Servi\u00e7o de limpeza, desinfec\u00e7\u00e3o e polimento de bolas de bilhar Limpa, desinfecta e lustra bolas de snooker ou bilhar para a sua empresa ou resid\u00eancia           M\u00e1quina dispon\u00edvel para venda Solicite um or\u00e7amento","og_url":"https:\/\/theworldbilliards.com\/pt-pt\/servico-de-limpeza-desinfeccao-e-polimento-de-bolas-de-bilhar\/","og_site_name":"The World Billiards","article_publisher":"https:\/\/www.facebook.com\/baby.foot.superbes","article_modified_time":"2026-02-16T11:51:21+00:00","og_image":[{"width":748,"height":1293,"url":"https:\/\/theworldbilliards.com\/wp-content\/uploads\/2026\/02\/antes-y-despues-2.png","type":"image\/png"}],"twitter_card":"summary_large_image","schema":{"@context":"https:\/\/schema.org","@graph":[{"@type":"WebPage","@id":"https:\/\/theworldbilliards.com\/pt-pt\/servico-de-limpeza-desinfeccao-e-polimento-de-bolas-de-bilhar\/","url":"https:\/\/theworldbilliards.com\/pt-pt\/servico-de-limpeza-desinfeccao-e-polimento-de-bolas-de-bilhar\/","name":"Servi\u00e7o de limpeza, desinfec\u00e7\u00e3o e polimento de bolas de bilhar - The World Billiards","isPartOf":{"@id":"https:\/\/theworldbilliards.com\/pt-pt\/#website"},"primaryImageOfPage":{"@id":"https:\/\/theworldbilliards.com\/pt-pt\/servico-de-limpeza-desinfeccao-e-polimento-de-bolas-de-bilhar\/#primaryimage"},"image":{"@id":"https:\/\/theworldbilliards.com\/pt-pt\/servico-de-limpeza-desinfeccao-e-polimento-de-bolas-de-bilhar\/#primaryimage"},"thumbnailUrl":"https:\/\/theworldbilliards.com\/wp-content\/uploads\/2026\/02\/antes-y-despues-2-592x1024.png","datePublished":"2025-09-19T10:58:39+00:00","dateModified":"2026-02-16T11:51:21+00:00","description":"Servi\u00e7o de limpeza, desinfec\u00e7\u00e3o e polimento de bolas de bilhar Limpa, desinfecta e lustra bolas de snooker ou bilhar para a sua empresa ou resid\u00eancia M\u00e1quina dispon\u00edvel para venda Solicite um or\u00e7amento","breadcrumb":{"@id":"https:\/\/theworldbilliards.com\/pt-pt\/servico-de-limpeza-desinfeccao-e-polimento-de-bolas-de-bilhar\/#breadcrumb"},"inLanguage":"pt-PT","potentialAction":[{"@type":"ReadAction","target":["https:\/\/theworldbilliards.com\/pt-pt\/servico-de-limpeza-desinfeccao-e-polimento-de-bolas-de-bilhar\/"]}]},{"@type":"ImageObject","inLanguage":"pt-PT","@id":"https:\/\/theworldbilliards.com\/pt-pt\/servico-de-limpeza-desinfeccao-e-polimento-de-bolas-de-bilhar\/#primaryimage","url":"https:\/\/theworldbilliards.com\/wp-content\/uploads\/2026\/02\/antes-y-despues-2-592x1024.png","contentUrl":"https:\/\/theworldbilliards.com\/wp-content\/uploads\/2026\/02\/antes-y-despues-2-592x1024.png"},{"@type":"BreadcrumbList","@id":"https:\/\/theworldbilliards.com\/pt-pt\/servico-de-limpeza-desinfeccao-e-polimento-de-bolas-de-bilhar\/#breadcrumb","itemListElement":[{"@type":"ListItem","position":1,"name":"In\u00edcio","item":"https:\/\/theworldbilliards.com\/pt-pt\/"},{"@type":"ListItem","position":2,"name":"Servi\u00e7o de limpeza, desinfec\u00e7\u00e3o e polimento de bolas de bilhar"}]},{"@type":"WebSite","@id":"https:\/\/theworldbilliards.com\/pt-pt\/#website","url":"https:\/\/theworldbilliards.com\/pt-pt\/","name":"TheWorldBilliards","description":"Compre aqui bilhar, matraquilho, t\u00eanis de mesa e bowling","publisher":{"@id":"https:\/\/theworldbilliards.com\/pt-pt\/#organization"},"alternateName":"The world billiards","potentialAction":[{"@type":"SearchAction","target":{"@type":"EntryPoint","urlTemplate":"https:\/\/theworldbilliards.com\/pt-pt\/?s={search_term_string}"},"query-input":{"@type":"PropertyValueSpecification","valueRequired":true,"valueName":"search_term_string"}}],"inLanguage":"pt-PT"},{"@type":"Organization","@id":"https:\/\/theworldbilliards.com\/pt-pt\/#organization","name":"The World Billiards","alternateName":"The World Billiards","url":"https:\/\/theworldbilliards.com\/pt-pt\/","logo":{"@type":"ImageObject","inLanguage":"pt-PT","@id":"https:\/\/theworldbilliards.com\/pt-pt\/#\/schema\/logo\/image\/","url":"","contentUrl":"","caption":"The World Billiards"},"image":{"@id":"https:\/\/theworldbilliards.com\/pt-pt\/#\/schema\/logo\/image\/"},"sameAs":["https:\/\/www.facebook.com\/baby.foot.superbes","https:\/\/www.youtube.com\/channel\/UCIMuOVAaUcH6UpZcsZlH0Tg","https:\/\/www.facebook.com\/people\/Brunswick-Billiards-EspaaPortugal\/100066446264309\/","https:\/\/www.instagram.com\/the_world_billiards\/","https:\/\/www.pinterest.es\/Theworldbilliards\/"]}]}},"_links":{"self":[{"href":"https:\/\/theworldbilliards.com\/pt-pt\/wp-json\/wp\/v2\/pages\/108991","targetHints":{"allow":["GET"]}}],"collection":[{"href":"https:\/\/theworldbilliards.com\/pt-pt\/wp-json\/wp\/v2\/pages"}],"about":[{"href":"https:\/\/theworldbilliards.com\/pt-pt\/wp-json\/wp\/v2\/types\/page"}],"author":[{"embeddable":true,"href":"https:\/\/theworldbilliards.com\/pt-pt\/wp-json\/wp\/v2\/users\/321"}],"replies":[{"embeddable":true,"href":"https:\/\/theworldbilliards.com\/pt-pt\/wp-json\/wp\/v2\/comments?post=108991"}],"version-history":[{"count":0,"href":"https:\/\/theworldbilliards.com\/pt-pt\/wp-json\/wp\/v2\/pages\/108991\/revisions"}],"wp:attachment":[{"href":"https:\/\/theworldbilliards.com\/pt-pt\/wp-json\/wp\/v2\/media?parent=108991"}],"curies":[{"name":"wp","href":"https:\/\/api.w.org\/{rel}","templated":true}]}}