{"id":210,"date":"2016-12-17T16:40:04","date_gmt":"2016-12-17T15:40:04","guid":{"rendered":"http:\/\/localhost\/ctbeta2\/personalizacao\/"},"modified":"2025-09-19T12:28:15","modified_gmt":"2025-09-19T10:28:15","slug":"personalizacao-de-matraquilhos","status":"publish","type":"page","link":"https:\/\/theworldbilliards.com\/pt-pt\/personalizacao-de-matraquilhos\/","title":{"rendered":"Personaliza\u00e7\u00e3o de Matraquilhos"},"content":{"rendered":"\n<h1 class=\"wp-block-heading has-text-align-center\"><strong>Personaliza\u00e7\u00e3o de Matraquilhos<\/strong><\/h1>\n\n<p>Dispomos de m\u00faltiplas op\u00e7\u00f5es de personaliza\u00e7\u00e3o de matraquilhos.<\/p>\n\n<p>Desde uma personaliza\u00e7\u00e3o de matraquilhos mais simples como pode ser uns marcadores de pontos ou cinzeiros, a trocas no acabamento do pr\u00f3prio matraquilhos. Grava\u00e7\u00f5es, autocolantes decorativos, troca das equipas dos bonecos\u2026.<\/p>\n\n<p>O pre\u00e7o vai depender tanto do matraquilhos escolhido como da personaliza\u00e7\u00e3o desejada.<\/p>\n\n<p>Diga-nos a sua ideia, como quere personalizar o seu matraquilho, que modelo de matraquilhos escolheu y n\u00f3s dar-lhe-emos a melhor solu\u00e7\u00e3o para um or\u00e7amento sem qualquer compromisso.<a href=\"https:\/\/theworldbilliards.com\/pt-pt\/contato-comprar-bilhar\/\" target=\"_blank\" rel=\"noopener\">\u00a0Consulte aqui<\/a><\/p>\n\n<p class=\"has-text-align-center\">\u00a0<\/p>\n\n<figure class=\"wp-block-embed is-type-video is-provider-youtube wp-block-embed-youtube wp-embed-aspect-16-9 wp-has-aspect-ratio\"><div class=\"wp-block-embed__wrapper\">\r\n<iframe loading=\"lazy\" title=\"Futbolin personalizado\" width=\"500\" height=\"281\" src=\"https:\/\/www.youtube.com\/embed\/MG4yEl6zWwY?feature=oembed\" frameborder=\"0\" allow=\"accelerometer; autoplay; clipboard-write; encrypted-media; gyroscope; picture-in-picture; web-share\" referrerpolicy=\"strict-origin-when-cross-origin\" allowfullscreen><\/iframe>\r\n<\/div><\/figure><br>\n\n<p class=\"has-text-align-center\">\u00a0<\/p>\n\n<figure class=\"wp-block-image aligncenter\"><img loading=\"lazy\" decoding=\"async\" width=\"1600\" height=\"1200\" src=\"https:\/\/theworldbilliards.com\/wp-content\/uploads\/2020\/01\/balaidos.jpg\" alt=\"\" class=\"wp-image-71229\" srcset=\"https:\/\/theworldbilliards.com\/wp-content\/uploads\/2020\/01\/balaidos.jpg 1600w, https:\/\/theworldbilliards.com\/wp-content\/uploads\/2020\/01\/balaidos-600x450.jpg 600w, https:\/\/theworldbilliards.com\/wp-content\/uploads\/2020\/01\/balaidos-300x225.jpg 300w, https:\/\/theworldbilliards.com\/wp-content\/uploads\/2020\/01\/balaidos-1024x768.jpg 1024w, https:\/\/theworldbilliards.com\/wp-content\/uploads\/2020\/01\/balaidos-768x576.jpg 768w, https:\/\/theworldbilliards.com\/wp-content\/uploads\/2020\/01\/balaidos-1536x1152.jpg 1536w, https:\/\/theworldbilliards.com\/wp-content\/uploads\/2020\/01\/balaidos-416x312.jpg 416w\" sizes=\"auto, (max-width: 1600px) 100vw, 1600px\" \/><\/figure>\n\n<figure class=\"wp-block-image aligncenter size-large\"><img decoding=\"async\" src=\"https:\/\/theworldbilliards.com\/wp-content\/uploads\/2020\/01\/bernabeu-espanha-1024x770.jpg\" alt=\"\" class=\"wp-image-71236\"\/><\/figure>\n\n<figure class=\"wp-block-image aligncenter size-large\"><img decoding=\"async\" src=\"https:\/\/theworldbilliards.com\/wp-content\/uploads\/2020\/01\/bernabeu-manhattan-1024x778.jpg\" alt=\"\" class=\"wp-image-71240\"\/><\/figure>\n\n<figure class=\"wp-block-image aligncenter size-large\"><img loading=\"lazy\" decoding=\"async\" width=\"1024\" height=\"768\" src=\"https:\/\/theworldbilliards.com\/wp-content\/uploads\/2018\/04\/bernabeu-vidro-II-1-1024x768.jpg\" alt=\"\" class=\"wp-image-44934\" srcset=\"https:\/\/theworldbilliards.com\/wp-content\/uploads\/2018\/04\/bernabeu-vidro-II-1-1024x768.jpg 1024w, https:\/\/theworldbilliards.com\/wp-content\/uploads\/2018\/04\/bernabeu-vidro-II-1-600x450.jpg 600w, https:\/\/theworldbilliards.com\/wp-content\/uploads\/2018\/04\/bernabeu-vidro-II-1-300x225.jpg 300w, https:\/\/theworldbilliards.com\/wp-content\/uploads\/2018\/04\/bernabeu-vidro-II-1-768x576.jpg 768w, https:\/\/theworldbilliards.com\/wp-content\/uploads\/2018\/04\/bernabeu-vidro-II-1-150x113.jpg 150w, https:\/\/theworldbilliards.com\/wp-content\/uploads\/2018\/04\/bernabeu-vidro-II-1-416x312.jpg 416w, https:\/\/theworldbilliards.com\/wp-content\/uploads\/2018\/04\/bernabeu-vidro-II-1.jpg 1600w\" sizes=\"auto, (max-width: 1024px) 100vw, 1024px\" \/><\/figure>\n\n<figure class=\"wp-block-image aligncenter\"><img loading=\"lazy\" decoding=\"async\" width=\"1473\" height=\"955\" src=\"https:\/\/theworldbilliards.com\/wp-content\/uploads\/2020\/01\/bonecos.jpg\" alt=\"\" class=\"wp-image-71245\" srcset=\"https:\/\/theworldbilliards.com\/wp-content\/uploads\/2020\/01\/bonecos.jpg 1473w, https:\/\/theworldbilliards.com\/wp-content\/uploads\/2020\/01\/bonecos-600x389.jpg 600w, https:\/\/theworldbilliards.com\/wp-content\/uploads\/2020\/01\/bonecos-300x195.jpg 300w, https:\/\/theworldbilliards.com\/wp-content\/uploads\/2020\/01\/bonecos-1024x664.jpg 1024w, https:\/\/theworldbilliards.com\/wp-content\/uploads\/2020\/01\/bonecos-768x498.jpg 768w, https:\/\/theworldbilliards.com\/wp-content\/uploads\/2020\/01\/bonecos-416x270.jpg 416w\" sizes=\"auto, (max-width: 1473px) 100vw, 1473px\" \/><\/figure>\n\n<figure class=\"wp-block-image aligncenter size-large\"><img loading=\"lazy\" decoding=\"async\" width=\"1024\" height=\"716\" src=\"https:\/\/theworldbilliards.com\/wp-content\/uploads\/2020\/01\/munecos-1024x716.jpg\" alt=\"\" class=\"wp-image-71256\" srcset=\"https:\/\/theworldbilliards.com\/wp-content\/uploads\/2020\/01\/munecos-1024x716.jpg 1024w, https:\/\/theworldbilliards.com\/wp-content\/uploads\/2020\/01\/munecos-scaled-600x420.jpg 600w, https:\/\/theworldbilliards.com\/wp-content\/uploads\/2020\/01\/munecos-300x210.jpg 300w, https:\/\/theworldbilliards.com\/wp-content\/uploads\/2020\/01\/munecos-768x537.jpg 768w, https:\/\/theworldbilliards.com\/wp-content\/uploads\/2020\/01\/munecos-1536x1074.jpg 1536w, https:\/\/theworldbilliards.com\/wp-content\/uploads\/2020\/01\/munecos-2048x1432.jpg 2048w, https:\/\/theworldbilliards.com\/wp-content\/uploads\/2020\/01\/munecos-416x291.jpg 416w\" sizes=\"auto, (max-width: 1024px) 100vw, 1024px\" \/><\/figure>\n","protected":false},"excerpt":{"rendered":"<p>Personaliza\u00e7\u00e3o de Matraquilhos Dispomos de m\u00faltiplas op\u00e7\u00f5es de personaliza\u00e7\u00e3o de matraquilhos. Desde uma personaliza\u00e7\u00e3o de matraquilhos mais simples como pode [&hellip;]<\/p>\n","protected":false},"author":321,"featured_media":0,"parent":0,"menu_order":0,"comment_status":"closed","ping_status":"closed","template":"","meta":{"site-sidebar-layout":"default","site-content-layout":"","ast-site-content-layout":"default","site-content-style":"default","site-sidebar-style":"default","ast-global-header-display":"","ast-banner-title-visibility":"","ast-main-header-display":"","ast-hfb-above-header-display":"","ast-hfb-below-header-display":"","ast-hfb-mobile-header-display":"","site-post-title":"","ast-breadcrumbs-content":"","ast-featured-img":"","footer-sml-layout":"","ast-disable-related-posts":"","theme-transparent-header-meta":"","adv-header-id-meta":"","stick-header-meta":"","header-above-stick-meta":"","header-main-stick-meta":"","header-below-stick-meta":"","astra-migrate-meta-layouts":"default","ast-page-background-enabled":"default","ast-page-background-meta":{"desktop":{"background-color":"var(--ast-global-color-4)","background-image":"","background-repeat":"repeat","background-position":"center center","background-size":"auto","background-attachment":"scroll","background-type":"","background-media":"","overlay-type":"","overlay-color":"","overlay-opacity":"","overlay-gradient":""},"tablet":{"background-color":"","background-image":"","background-repeat":"repeat","background-position":"center center","background-size":"auto","background-attachment":"scroll","background-type":"","background-media":"","overlay-type":"","overlay-color":"","overlay-opacity":"","overlay-gradient":""},"mobile":{"background-color":"","background-image":"","background-repeat":"repeat","background-position":"center center","background-size":"auto","background-attachment":"scroll","background-type":"","background-media":"","overlay-type":"","overlay-color":"","overlay-opacity":"","overlay-gradient":""}},"ast-content-background-meta":{"desktop":{"background-color":"var(--ast-global-color-5)","background-image":"","background-repeat":"repeat","background-position":"center center","background-size":"auto","background-attachment":"scroll","background-type":"","background-media":"","overlay-type":"","overlay-color":"","overlay-opacity":"","overlay-gradient":""},"tablet":{"background-color":"var(--ast-global-color-5)","background-image":"","background-repeat":"repeat","background-position":"center center","background-size":"auto","background-attachment":"scroll","background-type":"","background-media":"","overlay-type":"","overlay-color":"","overlay-opacity":"","overlay-gradient":""},"mobile":{"background-color":"var(--ast-global-color-5)","background-image":"","background-repeat":"repeat","background-position":"center center","background-size":"auto","background-attachment":"scroll","background-type":"","background-media":"","overlay-type":"","overlay-color":"","overlay-opacity":"","overlay-gradient":""}},"footnotes":""},"class_list":["post-210","page","type-page","status-publish","hentry"],"yoast_head":"<!-- This site is optimized with the Yoast SEO plugin v27.5 - https:\/\/yoast.com\/product\/yoast-seo-wordpress\/ -->\n<title>Personaliza\u00e7\u00e3o de Matraquilhos - The World Billiards<\/title>\n<meta name=\"description\" content=\"Personaliza\u00e7\u00e3o de Matraquilhos Dispomos de m\u00faltiplas op\u00e7\u00f5es de personaliza\u00e7\u00e3o de matraquilhos. Desde uma personaliza\u00e7\u00e3o de matraquilhos mais simples como pode ser uns marcadores de pontos ou cinzeiros, a trocas no acabamento do pr\u00f3prio matraquilhos. Grava\u00e7\u00f5es, autocolantes decorativos, troca das equipas dos bonecos\u2026. O pre\u00e7o vai depender tanto do matraquilhos escolhido como da personaliza\u00e7\u00e3o desejada. Diga-nos a sua ideia, como quere personalizar o seu matraquilho, que modelo de matraquilhos escolheu y n\u00f3s dar-lhe-emos a melhor solu\u00e7\u00e3o para um or\u00e7amento sem qualquer compromisso.\u00a0Consulte aqui \u00a0  https:\/\/youtu.be\/MG4yEl6zWwY  \u00a0\" \/>\n<meta name=\"robots\" content=\"index, follow, max-snippet:-1, max-image-preview:large, max-video-preview:-1\" \/>\n<link rel=\"canonical\" href=\"https:\/\/theworldbilliards.com\/pt-pt\/personalizacao-de-matraquilhos\/\" \/>\n<meta property=\"og:locale\" content=\"pt_PT\" \/>\n<meta property=\"og:type\" content=\"article\" \/>\n<meta property=\"og:title\" content=\"Personaliza\u00e7\u00e3o de Matraquilhos - The World Billiards\" \/>\n<meta property=\"og:description\" content=\"Personaliza\u00e7\u00e3o de Matraquilhos Dispomos de m\u00faltiplas op\u00e7\u00f5es de personaliza\u00e7\u00e3o de matraquilhos. Desde uma personaliza\u00e7\u00e3o de matraquilhos mais simples como pode ser uns marcadores de pontos ou cinzeiros, a trocas no acabamento do pr\u00f3prio matraquilhos. Grava\u00e7\u00f5es, autocolantes decorativos, troca das equipas dos bonecos\u2026. O pre\u00e7o vai depender tanto do matraquilhos escolhido como da personaliza\u00e7\u00e3o desejada. Diga-nos a sua ideia, como quere personalizar o seu matraquilho, que modelo de matraquilhos escolheu y n\u00f3s dar-lhe-emos a melhor solu\u00e7\u00e3o para um or\u00e7amento sem qualquer compromisso.\u00a0Consulte aqui \u00a0  https:\/\/youtu.be\/MG4yEl6zWwY  \u00a0\" \/>\n<meta property=\"og:url\" content=\"https:\/\/theworldbilliards.com\/pt-pt\/personalizacao-de-matraquilhos\/\" \/>\n<meta property=\"og:site_name\" content=\"The World Billiards\" \/>\n<meta property=\"article:publisher\" content=\"https:\/\/www.facebook.com\/baby.foot.superbes\" \/>\n<meta property=\"article:modified_time\" content=\"2025-09-19T10:28:15+00:00\" \/>\n<meta property=\"og:image\" content=\"https:\/\/theworldbilliards.com\/wp-content\/uploads\/2020\/01\/balaidos.jpg\" \/>\n\t<meta property=\"og:image:width\" content=\"1600\" \/>\n\t<meta property=\"og:image:height\" content=\"1200\" \/>\n\t<meta property=\"og:image:type\" content=\"image\/jpeg\" \/>\n<meta name=\"twitter:card\" content=\"summary_large_image\" \/>\n<script type=\"application\/ld+json\" class=\"yoast-schema-graph\">{\"@context\":\"https:\\\/\\\/schema.org\",\"@graph\":[{\"@type\":\"WebPage\",\"@id\":\"https:\\\/\\\/theworldbilliards.com\\\/pt-pt\\\/personalizacao-de-matraquilhos\\\/\",\"url\":\"https:\\\/\\\/theworldbilliards.com\\\/pt-pt\\\/personalizacao-de-matraquilhos\\\/\",\"name\":\"Personaliza\u00e7\u00e3o de Matraquilhos - The World Billiards\",\"isPartOf\":{\"@id\":\"https:\\\/\\\/theworldbilliards.com\\\/pt-pt\\\/#website\"},\"primaryImageOfPage\":{\"@id\":\"https:\\\/\\\/theworldbilliards.com\\\/pt-pt\\\/personalizacao-de-matraquilhos\\\/#primaryimage\"},\"image\":{\"@id\":\"https:\\\/\\\/theworldbilliards.com\\\/pt-pt\\\/personalizacao-de-matraquilhos\\\/#primaryimage\"},\"thumbnailUrl\":\"https:\\\/\\\/theworldbilliards.com\\\/wp-content\\\/uploads\\\/2020\\\/01\\\/balaidos.jpg\",\"datePublished\":\"2016-12-17T15:40:04+00:00\",\"dateModified\":\"2025-09-19T10:28:15+00:00\",\"description\":\"Personaliza\u00e7\u00e3o de Matraquilhos Dispomos de m\u00faltiplas op\u00e7\u00f5es de personaliza\u00e7\u00e3o de matraquilhos. Desde uma personaliza\u00e7\u00e3o de matraquilhos mais simples como pode ser uns marcadores de pontos ou cinzeiros, a trocas no acabamento do pr\u00f3prio matraquilhos. Grava\u00e7\u00f5es, autocolantes decorativos, troca das equipas dos bonecos\u2026. O pre\u00e7o vai depender tanto do matraquilhos escolhido como da personaliza\u00e7\u00e3o desejada. Diga-nos a sua ideia, como quere personalizar o seu matraquilho, que modelo de matraquilhos escolheu y n\u00f3s dar-lhe-emos a melhor solu\u00e7\u00e3o para um or\u00e7amento sem qualquer compromisso.\u00a0Consulte aqui \u00a0 https:\\\/\\\/youtu.be\\\/MG4yEl6zWwY \u00a0\",\"breadcrumb\":{\"@id\":\"https:\\\/\\\/theworldbilliards.com\\\/pt-pt\\\/personalizacao-de-matraquilhos\\\/#breadcrumb\"},\"inLanguage\":\"pt-PT\",\"potentialAction\":[{\"@type\":\"ReadAction\",\"target\":[\"https:\\\/\\\/theworldbilliards.com\\\/pt-pt\\\/personalizacao-de-matraquilhos\\\/\"]}]},{\"@type\":\"ImageObject\",\"inLanguage\":\"pt-PT\",\"@id\":\"https:\\\/\\\/theworldbilliards.com\\\/pt-pt\\\/personalizacao-de-matraquilhos\\\/#primaryimage\",\"url\":\"https:\\\/\\\/theworldbilliards.com\\\/wp-content\\\/uploads\\\/2020\\\/01\\\/balaidos.jpg\",\"contentUrl\":\"https:\\\/\\\/theworldbilliards.com\\\/wp-content\\\/uploads\\\/2020\\\/01\\\/balaidos.jpg\"},{\"@type\":\"BreadcrumbList\",\"@id\":\"https:\\\/\\\/theworldbilliards.com\\\/pt-pt\\\/personalizacao-de-matraquilhos\\\/#breadcrumb\",\"itemListElement\":[{\"@type\":\"ListItem\",\"position\":1,\"name\":\"In\u00edcio\",\"item\":\"https:\\\/\\\/theworldbilliards.com\\\/pt-pt\\\/\"},{\"@type\":\"ListItem\",\"position\":2,\"name\":\"Personaliza\u00e7\u00e3o de Matraquilhos\"}]},{\"@type\":\"WebSite\",\"@id\":\"https:\\\/\\\/theworldbilliards.com\\\/pt-pt\\\/#website\",\"url\":\"https:\\\/\\\/theworldbilliards.com\\\/pt-pt\\\/\",\"name\":\"TheWorldBilliards\",\"description\":\"Compre aqui bilhar, matraquilho, t\u00eanis de mesa e bowling\",\"publisher\":{\"@id\":\"https:\\\/\\\/theworldbilliards.com\\\/pt-pt\\\/#organization\"},\"alternateName\":\"The world billiards\",\"potentialAction\":[{\"@type\":\"SearchAction\",\"target\":{\"@type\":\"EntryPoint\",\"urlTemplate\":\"https:\\\/\\\/theworldbilliards.com\\\/pt-pt\\\/?s={search_term_string}\"},\"query-input\":{\"@type\":\"PropertyValueSpecification\",\"valueRequired\":true,\"valueName\":\"search_term_string\"}}],\"inLanguage\":\"pt-PT\"},{\"@type\":\"Organization\",\"@id\":\"https:\\\/\\\/theworldbilliards.com\\\/pt-pt\\\/#organization\",\"name\":\"The World Billiards\",\"alternateName\":\"The World Billiards\",\"url\":\"https:\\\/\\\/theworldbilliards.com\\\/pt-pt\\\/\",\"logo\":{\"@type\":\"ImageObject\",\"inLanguage\":\"pt-PT\",\"@id\":\"https:\\\/\\\/theworldbilliards.com\\\/pt-pt\\\/#\\\/schema\\\/logo\\\/image\\\/\",\"url\":\"\",\"contentUrl\":\"\",\"caption\":\"The World Billiards\"},\"image\":{\"@id\":\"https:\\\/\\\/theworldbilliards.com\\\/pt-pt\\\/#\\\/schema\\\/logo\\\/image\\\/\"},\"sameAs\":[\"https:\\\/\\\/www.facebook.com\\\/baby.foot.superbes\",\"https:\\\/\\\/www.youtube.com\\\/channel\\\/UCIMuOVAaUcH6UpZcsZlH0Tg\",\"https:\\\/\\\/www.facebook.com\\\/people\\\/Brunswick-Billiards-EspaaPortugal\\\/100066446264309\\\/\",\"https:\\\/\\\/www.instagram.com\\\/the_world_billiards\\\/\",\"https:\\\/\\\/www.pinterest.es\\\/Theworldbilliards\\\/\"]}]}<\/script>\n<!-- \/ Yoast SEO plugin. -->","yoast_head_json":{"title":"Personaliza\u00e7\u00e3o de Matraquilhos - The World Billiards","description":"Personaliza\u00e7\u00e3o de Matraquilhos Dispomos de m\u00faltiplas op\u00e7\u00f5es de personaliza\u00e7\u00e3o de matraquilhos. Desde uma personaliza\u00e7\u00e3o de matraquilhos mais simples como pode ser uns marcadores de pontos ou cinzeiros, a trocas no acabamento do pr\u00f3prio matraquilhos. Grava\u00e7\u00f5es, autocolantes decorativos, troca das equipas dos bonecos\u2026. O pre\u00e7o vai depender tanto do matraquilhos escolhido como da personaliza\u00e7\u00e3o desejada. Diga-nos a sua ideia, como quere personalizar o seu matraquilho, que modelo de matraquilhos escolheu y n\u00f3s dar-lhe-emos a melhor solu\u00e7\u00e3o para um or\u00e7amento sem qualquer compromisso.\u00a0Consulte aqui \u00a0  https:\/\/youtu.be\/MG4yEl6zWwY  \u00a0","robots":{"index":"index","follow":"follow","max-snippet":"max-snippet:-1","max-image-preview":"max-image-preview:large","max-video-preview":"max-video-preview:-1"},"canonical":"https:\/\/theworldbilliards.com\/pt-pt\/personalizacao-de-matraquilhos\/","og_locale":"pt_PT","og_type":"article","og_title":"Personaliza\u00e7\u00e3o de Matraquilhos - The World Billiards","og_description":"Personaliza\u00e7\u00e3o de Matraquilhos Dispomos de m\u00faltiplas op\u00e7\u00f5es de personaliza\u00e7\u00e3o de matraquilhos. Desde uma personaliza\u00e7\u00e3o de matraquilhos mais simples como pode ser uns marcadores de pontos ou cinzeiros, a trocas no acabamento do pr\u00f3prio matraquilhos. Grava\u00e7\u00f5es, autocolantes decorativos, troca das equipas dos bonecos\u2026. O pre\u00e7o vai depender tanto do matraquilhos escolhido como da personaliza\u00e7\u00e3o desejada. Diga-nos a sua ideia, como quere personalizar o seu matraquilho, que modelo de matraquilhos escolheu y n\u00f3s dar-lhe-emos a melhor solu\u00e7\u00e3o para um or\u00e7amento sem qualquer compromisso.\u00a0Consulte aqui \u00a0  https:\/\/youtu.be\/MG4yEl6zWwY  \u00a0","og_url":"https:\/\/theworldbilliards.com\/pt-pt\/personalizacao-de-matraquilhos\/","og_site_name":"The World Billiards","article_publisher":"https:\/\/www.facebook.com\/baby.foot.superbes","article_modified_time":"2025-09-19T10:28:15+00:00","og_image":[{"width":1600,"height":1200,"url":"https:\/\/theworldbilliards.com\/wp-content\/uploads\/2020\/01\/balaidos.jpg","type":"image\/jpeg"}],"twitter_card":"summary_large_image","schema":{"@context":"https:\/\/schema.org","@graph":[{"@type":"WebPage","@id":"https:\/\/theworldbilliards.com\/pt-pt\/personalizacao-de-matraquilhos\/","url":"https:\/\/theworldbilliards.com\/pt-pt\/personalizacao-de-matraquilhos\/","name":"Personaliza\u00e7\u00e3o de Matraquilhos - The World Billiards","isPartOf":{"@id":"https:\/\/theworldbilliards.com\/pt-pt\/#website"},"primaryImageOfPage":{"@id":"https:\/\/theworldbilliards.com\/pt-pt\/personalizacao-de-matraquilhos\/#primaryimage"},"image":{"@id":"https:\/\/theworldbilliards.com\/pt-pt\/personalizacao-de-matraquilhos\/#primaryimage"},"thumbnailUrl":"https:\/\/theworldbilliards.com\/wp-content\/uploads\/2020\/01\/balaidos.jpg","datePublished":"2016-12-17T15:40:04+00:00","dateModified":"2025-09-19T10:28:15+00:00","description":"Personaliza\u00e7\u00e3o de Matraquilhos Dispomos de m\u00faltiplas op\u00e7\u00f5es de personaliza\u00e7\u00e3o de matraquilhos. Desde uma personaliza\u00e7\u00e3o de matraquilhos mais simples como pode ser uns marcadores de pontos ou cinzeiros, a trocas no acabamento do pr\u00f3prio matraquilhos. Grava\u00e7\u00f5es, autocolantes decorativos, troca das equipas dos bonecos\u2026. O pre\u00e7o vai depender tanto do matraquilhos escolhido como da personaliza\u00e7\u00e3o desejada. Diga-nos a sua ideia, como quere personalizar o seu matraquilho, que modelo de matraquilhos escolheu y n\u00f3s dar-lhe-emos a melhor solu\u00e7\u00e3o para um or\u00e7amento sem qualquer compromisso.\u00a0Consulte aqui \u00a0 https:\/\/youtu.be\/MG4yEl6zWwY \u00a0","breadcrumb":{"@id":"https:\/\/theworldbilliards.com\/pt-pt\/personalizacao-de-matraquilhos\/#breadcrumb"},"inLanguage":"pt-PT","potentialAction":[{"@type":"ReadAction","target":["https:\/\/theworldbilliards.com\/pt-pt\/personalizacao-de-matraquilhos\/"]}]},{"@type":"ImageObject","inLanguage":"pt-PT","@id":"https:\/\/theworldbilliards.com\/pt-pt\/personalizacao-de-matraquilhos\/#primaryimage","url":"https:\/\/theworldbilliards.com\/wp-content\/uploads\/2020\/01\/balaidos.jpg","contentUrl":"https:\/\/theworldbilliards.com\/wp-content\/uploads\/2020\/01\/balaidos.jpg"},{"@type":"BreadcrumbList","@id":"https:\/\/theworldbilliards.com\/pt-pt\/personalizacao-de-matraquilhos\/#breadcrumb","itemListElement":[{"@type":"ListItem","position":1,"name":"In\u00edcio","item":"https:\/\/theworldbilliards.com\/pt-pt\/"},{"@type":"ListItem","position":2,"name":"Personaliza\u00e7\u00e3o de Matraquilhos"}]},{"@type":"WebSite","@id":"https:\/\/theworldbilliards.com\/pt-pt\/#website","url":"https:\/\/theworldbilliards.com\/pt-pt\/","name":"TheWorldBilliards","description":"Compre aqui bilhar, matraquilho, t\u00eanis de mesa e bowling","publisher":{"@id":"https:\/\/theworldbilliards.com\/pt-pt\/#organization"},"alternateName":"The world billiards","potentialAction":[{"@type":"SearchAction","target":{"@type":"EntryPoint","urlTemplate":"https:\/\/theworldbilliards.com\/pt-pt\/?s={search_term_string}"},"query-input":{"@type":"PropertyValueSpecification","valueRequired":true,"valueName":"search_term_string"}}],"inLanguage":"pt-PT"},{"@type":"Organization","@id":"https:\/\/theworldbilliards.com\/pt-pt\/#organization","name":"The World Billiards","alternateName":"The World Billiards","url":"https:\/\/theworldbilliards.com\/pt-pt\/","logo":{"@type":"ImageObject","inLanguage":"pt-PT","@id":"https:\/\/theworldbilliards.com\/pt-pt\/#\/schema\/logo\/image\/","url":"","contentUrl":"","caption":"The World Billiards"},"image":{"@id":"https:\/\/theworldbilliards.com\/pt-pt\/#\/schema\/logo\/image\/"},"sameAs":["https:\/\/www.facebook.com\/baby.foot.superbes","https:\/\/www.youtube.com\/channel\/UCIMuOVAaUcH6UpZcsZlH0Tg","https:\/\/www.facebook.com\/people\/Brunswick-Billiards-EspaaPortugal\/100066446264309\/","https:\/\/www.instagram.com\/the_world_billiards\/","https:\/\/www.pinterest.es\/Theworldbilliards\/"]}]}},"_links":{"self":[{"href":"https:\/\/theworldbilliards.com\/pt-pt\/wp-json\/wp\/v2\/pages\/210","targetHints":{"allow":["GET"]}}],"collection":[{"href":"https:\/\/theworldbilliards.com\/pt-pt\/wp-json\/wp\/v2\/pages"}],"about":[{"href":"https:\/\/theworldbilliards.com\/pt-pt\/wp-json\/wp\/v2\/types\/page"}],"author":[{"embeddable":true,"href":"https:\/\/theworldbilliards.com\/pt-pt\/wp-json\/wp\/v2\/users\/321"}],"replies":[{"embeddable":true,"href":"https:\/\/theworldbilliards.com\/pt-pt\/wp-json\/wp\/v2\/comments?post=210"}],"version-history":[{"count":0,"href":"https:\/\/theworldbilliards.com\/pt-pt\/wp-json\/wp\/v2\/pages\/210\/revisions"}],"wp:attachment":[{"href":"https:\/\/theworldbilliards.com\/pt-pt\/wp-json\/wp\/v2\/media?parent=210"}],"curies":[{"name":"wp","href":"https:\/\/api.w.org\/{rel}","templated":true}]}}