{"id":84612,"date":"2021-07-21T13:34:06","date_gmt":"2021-07-21T11:34:06","guid":{"rendered":"https:\/\/theworldbilliards.com\/?page_id=84612"},"modified":"2025-11-18T13:10:27","modified_gmt":"2025-11-18T12:10:27","slug":"que-medida-de-mesa-de-bilhar-escolher","status":"publish","type":"page","link":"https:\/\/theworldbilliards.com\/pt-pt\/que-medida-de-mesa-de-bilhar-escolher\/","title":{"rendered":"Que medida de mesa de bilhar escolher?"},"content":{"rendered":"\n<h1 class=\"wp-block-heading has-text-align-center\"><strong>\u00bfQue medida de mesa de bilhar escolher?<\/strong><\/h1>\n\n<p class=\"has-text-align-center\">Est\u00e1 pensando em comprar um bilhar e n\u00e3o sabe por onde come\u00e7ar? N\u00e3o se preocupe, n\u00f3s preparamos este pequeno guia para ajud\u00e1-lo a escolher, voc\u00ea tamb\u00e9m pode entrar em contato conosco e nossa equipe ir\u00e1 responder a quaisquer perguntas que voc\u00ea possa ter.\u00a0<a href=\"https:\/\/theworldbilliards.com\/pt-pt\/contato-comprar-bilhar\/\">Contato<\/a><\/p>\n\n<figure class=\"wp-block-image aligncenter size-full\"><img loading=\"lazy\" decoding=\"async\" width=\"500\" height=\"312\" src=\"https:\/\/theworldbilliards.com\/wp-content\/uploads\/2025\/11\/Billar-Nantalius-e1763467550928.jpg\" alt=\"\" class=\"wp-image-109624\"\/><\/figure>\n\n<hr class=\"wp-block-separator has-text-color has-white-color has-alpha-channel-opacity has-white-background-color has-background\"\/>\n\n<h2 class=\"wp-block-heading has-text-align-center\">Que medida de mesa de bilhar escolhemos?<\/h2>\n\n<p>Existem tr\u00eas tamanhos padr\u00e3o para mesas de bilhar<\/p>\n\n<p>7 p\u00e9s \u2013 medi\u00e7\u00e3o interna 2 x 1 m<\/p>\n\n<p>8 p\u00e9s \u2013 medi\u00e7\u00e3o interna 2,24 x1,12 m<\/p>\n\n<p>9 p\u00e9s \u2013 Medi\u00e7\u00e3o interna 2,54 x 1,27 m<\/p>\n\n<p>Por que falamos de medi\u00e7\u00e3o interior? Porque na medida da \u00e1rea de jogo ou medida interior n\u00f3s adicionamos a medida da sugest\u00e3o e isso nos d\u00e1 o espa\u00e7o que precisamos. Uma sugest\u00e3o geralmente mede entre 1,4 e 1,45m, ent\u00e3o adicionaremos 1,5m para cada lado ou 3m para o total.<\/p>\n\n<h2 class=\"wp-block-heading has-text-align-center\">Que espa\u00e7o vamos precisar?<\/h2>\n\n<p>Por 7 p\u00e9s \u2013 precisaremos de 5 x 4 m<\/p>\n\n<p>Por 8 p\u00e9s \u2013 precisaremos de 5,24 x 4,12 m<\/p>\n\n<p>Para 9 p\u00e9s \u2013 precisaremos de 5,54 x 4,27 m<\/p>\n\n<p>Sabe onde quer colocar sua mesa de bilhar e n\u00e3o tem certeza de que \u00e9 poss\u00edvel. N\u00e3o se preocupe, entre em contato, resolveremos suas d\u00favidas e apresentaremos diferentes solu\u00e7\u00f5es.\u00a0<a href=\"https:\/\/theworldbilliards.com\/pt-pt\/contato-comprar-bilhar\/\">Contato<\/a><\/p>\n\n<p><\/p>\n","protected":false},"excerpt":{"rendered":"<p>\u00bfQue medida de mesa de bilhar escolher? Est\u00e1 pensando em comprar um bilhar e n\u00e3o sabe por onde come\u00e7ar? N\u00e3o [&hellip;]<\/p>\n","protected":false},"author":321,"featured_media":0,"parent":0,"menu_order":0,"comment_status":"closed","ping_status":"closed","template":"","meta":{"site-sidebar-layout":"default","site-content-layout":"","ast-site-content-layout":"default","site-content-style":"default","site-sidebar-style":"default","ast-global-header-display":"","ast-banner-title-visibility":"","ast-main-header-display":"","ast-hfb-above-header-display":"","ast-hfb-below-header-display":"","ast-hfb-mobile-header-display":"","site-post-title":"","ast-breadcrumbs-content":"","ast-featured-img":"","footer-sml-layout":"","ast-disable-related-posts":"","theme-transparent-header-meta":"","adv-header-id-meta":"","stick-header-meta":"","header-above-stick-meta":"","header-main-stick-meta":"","header-below-stick-meta":"","astra-migrate-meta-layouts":"default","ast-page-background-enabled":"default","ast-page-background-meta":{"desktop":{"background-color":"var(--ast-global-color-4)","background-image":"","background-repeat":"repeat","background-position":"center center","background-size":"auto","background-attachment":"scroll","background-type":"","background-media":"","overlay-type":"","overlay-color":"","overlay-opacity":"","overlay-gradient":""},"tablet":{"background-color":"","background-image":"","background-repeat":"repeat","background-position":"center center","background-size":"auto","background-attachment":"scroll","background-type":"","background-media":"","overlay-type":"","overlay-color":"","overlay-opacity":"","overlay-gradient":""},"mobile":{"background-color":"","background-image":"","background-repeat":"repeat","background-position":"center center","background-size":"auto","background-attachment":"scroll","background-type":"","background-media":"","overlay-type":"","overlay-color":"","overlay-opacity":"","overlay-gradient":""}},"ast-content-background-meta":{"desktop":{"background-color":"var(--ast-global-color-5)","background-image":"","background-repeat":"repeat","background-position":"center center","background-size":"auto","background-attachment":"scroll","background-type":"","background-media":"","overlay-type":"","overlay-color":"","overlay-opacity":"","overlay-gradient":""},"tablet":{"background-color":"var(--ast-global-color-5)","background-image":"","background-repeat":"repeat","background-position":"center center","background-size":"auto","background-attachment":"scroll","background-type":"","background-media":"","overlay-type":"","overlay-color":"","overlay-opacity":"","overlay-gradient":""},"mobile":{"background-color":"var(--ast-global-color-5)","background-image":"","background-repeat":"repeat","background-position":"center center","background-size":"auto","background-attachment":"scroll","background-type":"","background-media":"","overlay-type":"","overlay-color":"","overlay-opacity":"","overlay-gradient":""}},"footnotes":""},"class_list":["post-84612","page","type-page","status-publish","hentry"],"yoast_head":"<!-- This site is optimized with the Yoast SEO plugin v27.5 - https:\/\/yoast.com\/product\/yoast-seo-wordpress\/ -->\n<title>Que medida de mesa de bilhar escolher? - The World Billiards<\/title>\n<meta name=\"description\" content=\"\u00bfQue medida de mesa de bilhar escolher? Est\u00e1 pensando em comprar um bilhar e n\u00e3o sabe por onde come\u00e7ar? N\u00e3o se preocupe, n\u00f3s preparamos este pequeno guia para ajud\u00e1-lo a escolher, voc\u00ea tamb\u00e9m pode entrar em contato conosco e nossa equipe ir\u00e1 responder a quaisquer perguntas que voc\u00ea possa ter.\u00a0Contato   Que medida de mesa de bilhar escolhemos? Existem tr\u00eas tamanhos padr\u00e3o para mesas de bilhar 7 p\u00e9s \u2013 medi\u00e7\u00e3o interna 2 x 1 m 8 p\u00e9s \u2013 medi\u00e7\u00e3o interna 2,24 x1,12 m 9 p\u00e9s \u2013 Medi\u00e7\u00e3o interna 2,54 x 1,27 m Por que falamos de medi\u00e7\u00e3o interior? Porque na medida da \u00e1rea de jogo ou medida interior n\u00f3s adicionamos a medida da sugest\u00e3o e isso nos d\u00e1 o espa\u00e7o que precisamos. Uma sugest\u00e3o geralmente mede entre 1,4 e 1,45m, ent\u00e3o adicionaremos 1,5m para cada lado ou 3m para o total. Que espa\u00e7o vamos precisar? Por 7 p\u00e9s \u2013 precisaremos de 5 x 4 m Por 8 p\u00e9s \u2013 precisaremos de 5,24 x 4,12 m Para 9 p\u00e9s \u2013 precisaremos de 5,54 x 4,27 m Sabe onde quer colocar sua mesa de bilhar e n\u00e3o tem certeza de que \u00e9 poss\u00edvel. N\u00e3o se preocupe, entre em contato, resolveremos suas d\u00favidas e apresentaremos diferentes solu\u00e7\u00f5es.\u00a0Contato\" \/>\n<meta name=\"robots\" content=\"index, follow, max-snippet:-1, max-image-preview:large, max-video-preview:-1\" \/>\n<link rel=\"canonical\" href=\"https:\/\/theworldbilliards.com\/pt-pt\/que-medida-de-mesa-de-bilhar-escolher\/\" \/>\n<meta property=\"og:locale\" content=\"pt_PT\" \/>\n<meta property=\"og:type\" content=\"article\" \/>\n<meta property=\"og:title\" content=\"Que medida de mesa de bilhar escolher? - The World Billiards\" \/>\n<meta property=\"og:description\" content=\"\u00bfQue medida de mesa de bilhar escolher? Est\u00e1 pensando em comprar um bilhar e n\u00e3o sabe por onde come\u00e7ar? N\u00e3o se preocupe, n\u00f3s preparamos este pequeno guia para ajud\u00e1-lo a escolher, voc\u00ea tamb\u00e9m pode entrar em contato conosco e nossa equipe ir\u00e1 responder a quaisquer perguntas que voc\u00ea possa ter.\u00a0Contato   Que medida de mesa de bilhar escolhemos? Existem tr\u00eas tamanhos padr\u00e3o para mesas de bilhar 7 p\u00e9s \u2013 medi\u00e7\u00e3o interna 2 x 1 m 8 p\u00e9s \u2013 medi\u00e7\u00e3o interna 2,24 x1,12 m 9 p\u00e9s \u2013 Medi\u00e7\u00e3o interna 2,54 x 1,27 m Por que falamos de medi\u00e7\u00e3o interior? Porque na medida da \u00e1rea de jogo ou medida interior n\u00f3s adicionamos a medida da sugest\u00e3o e isso nos d\u00e1 o espa\u00e7o que precisamos. Uma sugest\u00e3o geralmente mede entre 1,4 e 1,45m, ent\u00e3o adicionaremos 1,5m para cada lado ou 3m para o total. Que espa\u00e7o vamos precisar? Por 7 p\u00e9s \u2013 precisaremos de 5 x 4 m Por 8 p\u00e9s \u2013 precisaremos de 5,24 x 4,12 m Para 9 p\u00e9s \u2013 precisaremos de 5,54 x 4,27 m Sabe onde quer colocar sua mesa de bilhar e n\u00e3o tem certeza de que \u00e9 poss\u00edvel. N\u00e3o se preocupe, entre em contato, resolveremos suas d\u00favidas e apresentaremos diferentes solu\u00e7\u00f5es.\u00a0Contato\" \/>\n<meta property=\"og:url\" content=\"https:\/\/theworldbilliards.com\/pt-pt\/que-medida-de-mesa-de-bilhar-escolher\/\" \/>\n<meta property=\"og:site_name\" content=\"The World Billiards\" \/>\n<meta property=\"article:publisher\" content=\"https:\/\/www.facebook.com\/baby.foot.superbes\" \/>\n<meta property=\"article:modified_time\" content=\"2025-11-18T12:10:27+00:00\" \/>\n<meta property=\"og:image\" content=\"https:\/\/theworldbilliards.com\/wp-content\/uploads\/2025\/11\/Billar-Nantalius-e1763467550928.jpg\" \/>\n\t<meta property=\"og:image:width\" content=\"500\" \/>\n\t<meta property=\"og:image:height\" content=\"312\" \/>\n\t<meta property=\"og:image:type\" content=\"image\/jpeg\" \/>\n<meta name=\"twitter:card\" content=\"summary_large_image\" \/>\n<script type=\"application\/ld+json\" class=\"yoast-schema-graph\">{\"@context\":\"https:\\\/\\\/schema.org\",\"@graph\":[{\"@type\":\"WebPage\",\"@id\":\"https:\\\/\\\/theworldbilliards.com\\\/pt-pt\\\/que-medida-de-mesa-de-bilhar-escolher\\\/\",\"url\":\"https:\\\/\\\/theworldbilliards.com\\\/pt-pt\\\/que-medida-de-mesa-de-bilhar-escolher\\\/\",\"name\":\"Que medida de mesa de bilhar escolher? - The World Billiards\",\"isPartOf\":{\"@id\":\"https:\\\/\\\/theworldbilliards.com\\\/pt-pt\\\/#website\"},\"primaryImageOfPage\":{\"@id\":\"https:\\\/\\\/theworldbilliards.com\\\/pt-pt\\\/que-medida-de-mesa-de-bilhar-escolher\\\/#primaryimage\"},\"image\":{\"@id\":\"https:\\\/\\\/theworldbilliards.com\\\/pt-pt\\\/que-medida-de-mesa-de-bilhar-escolher\\\/#primaryimage\"},\"thumbnailUrl\":\"https:\\\/\\\/theworldbilliards.com\\\/wp-content\\\/uploads\\\/2025\\\/11\\\/Billar-Nantalius-e1763467550928.jpg\",\"datePublished\":\"2021-07-21T11:34:06+00:00\",\"dateModified\":\"2025-11-18T12:10:27+00:00\",\"description\":\"\u00bfQue medida de mesa de bilhar escolher? Est\u00e1 pensando em comprar um bilhar e n\u00e3o sabe por onde come\u00e7ar? N\u00e3o se preocupe, n\u00f3s preparamos este pequeno guia para ajud\u00e1-lo a escolher, voc\u00ea tamb\u00e9m pode entrar em contato conosco e nossa equipe ir\u00e1 responder a quaisquer perguntas que voc\u00ea possa ter.\u00a0Contato Que medida de mesa de bilhar escolhemos? Existem tr\u00eas tamanhos padr\u00e3o para mesas de bilhar 7 p\u00e9s \u2013 medi\u00e7\u00e3o interna 2 x 1 m 8 p\u00e9s \u2013 medi\u00e7\u00e3o interna 2,24 x1,12 m 9 p\u00e9s \u2013 Medi\u00e7\u00e3o interna 2,54 x 1,27 m Por que falamos de medi\u00e7\u00e3o interior? Porque na medida da \u00e1rea de jogo ou medida interior n\u00f3s adicionamos a medida da sugest\u00e3o e isso nos d\u00e1 o espa\u00e7o que precisamos. Uma sugest\u00e3o geralmente mede entre 1,4 e 1,45m, ent\u00e3o adicionaremos 1,5m para cada lado ou 3m para o total. Que espa\u00e7o vamos precisar? Por 7 p\u00e9s \u2013 precisaremos de 5 x 4 m Por 8 p\u00e9s \u2013 precisaremos de 5,24 x 4,12 m Para 9 p\u00e9s \u2013 precisaremos de 5,54 x 4,27 m Sabe onde quer colocar sua mesa de bilhar e n\u00e3o tem certeza de que \u00e9 poss\u00edvel. N\u00e3o se preocupe, entre em contato, resolveremos suas d\u00favidas e apresentaremos diferentes solu\u00e7\u00f5es.\u00a0Contato\",\"breadcrumb\":{\"@id\":\"https:\\\/\\\/theworldbilliards.com\\\/pt-pt\\\/que-medida-de-mesa-de-bilhar-escolher\\\/#breadcrumb\"},\"inLanguage\":\"pt-PT\",\"potentialAction\":[{\"@type\":\"ReadAction\",\"target\":[\"https:\\\/\\\/theworldbilliards.com\\\/pt-pt\\\/que-medida-de-mesa-de-bilhar-escolher\\\/\"]}]},{\"@type\":\"ImageObject\",\"inLanguage\":\"pt-PT\",\"@id\":\"https:\\\/\\\/theworldbilliards.com\\\/pt-pt\\\/que-medida-de-mesa-de-bilhar-escolher\\\/#primaryimage\",\"url\":\"https:\\\/\\\/theworldbilliards.com\\\/wp-content\\\/uploads\\\/2025\\\/11\\\/Billar-Nantalius-e1763467550928.jpg\",\"contentUrl\":\"https:\\\/\\\/theworldbilliards.com\\\/wp-content\\\/uploads\\\/2025\\\/11\\\/Billar-Nantalius-e1763467550928.jpg\"},{\"@type\":\"BreadcrumbList\",\"@id\":\"https:\\\/\\\/theworldbilliards.com\\\/pt-pt\\\/que-medida-de-mesa-de-bilhar-escolher\\\/#breadcrumb\",\"itemListElement\":[{\"@type\":\"ListItem\",\"position\":1,\"name\":\"In\u00edcio\",\"item\":\"https:\\\/\\\/theworldbilliards.com\\\/pt-pt\\\/\"},{\"@type\":\"ListItem\",\"position\":2,\"name\":\"Que medida de mesa de bilhar escolher?\"}]},{\"@type\":\"WebSite\",\"@id\":\"https:\\\/\\\/theworldbilliards.com\\\/pt-pt\\\/#website\",\"url\":\"https:\\\/\\\/theworldbilliards.com\\\/pt-pt\\\/\",\"name\":\"TheWorldBilliards\",\"description\":\"Compre aqui bilhar, matraquilho, t\u00eanis de mesa e bowling\",\"publisher\":{\"@id\":\"https:\\\/\\\/theworldbilliards.com\\\/pt-pt\\\/#organization\"},\"alternateName\":\"The world billiards\",\"potentialAction\":[{\"@type\":\"SearchAction\",\"target\":{\"@type\":\"EntryPoint\",\"urlTemplate\":\"https:\\\/\\\/theworldbilliards.com\\\/pt-pt\\\/?s={search_term_string}\"},\"query-input\":{\"@type\":\"PropertyValueSpecification\",\"valueRequired\":true,\"valueName\":\"search_term_string\"}}],\"inLanguage\":\"pt-PT\"},{\"@type\":\"Organization\",\"@id\":\"https:\\\/\\\/theworldbilliards.com\\\/pt-pt\\\/#organization\",\"name\":\"The World Billiards\",\"alternateName\":\"The World Billiards\",\"url\":\"https:\\\/\\\/theworldbilliards.com\\\/pt-pt\\\/\",\"logo\":{\"@type\":\"ImageObject\",\"inLanguage\":\"pt-PT\",\"@id\":\"https:\\\/\\\/theworldbilliards.com\\\/pt-pt\\\/#\\\/schema\\\/logo\\\/image\\\/\",\"url\":\"\",\"contentUrl\":\"\",\"caption\":\"The World Billiards\"},\"image\":{\"@id\":\"https:\\\/\\\/theworldbilliards.com\\\/pt-pt\\\/#\\\/schema\\\/logo\\\/image\\\/\"},\"sameAs\":[\"https:\\\/\\\/www.facebook.com\\\/baby.foot.superbes\",\"https:\\\/\\\/www.youtube.com\\\/channel\\\/UCIMuOVAaUcH6UpZcsZlH0Tg\",\"https:\\\/\\\/www.facebook.com\\\/people\\\/Brunswick-Billiards-EspaaPortugal\\\/100066446264309\\\/\",\"https:\\\/\\\/www.instagram.com\\\/the_world_billiards\\\/\",\"https:\\\/\\\/www.pinterest.es\\\/Theworldbilliards\\\/\"]}]}<\/script>\n<!-- \/ Yoast SEO plugin. -->","yoast_head_json":{"title":"Que medida de mesa de bilhar escolher? - The World Billiards","description":"\u00bfQue medida de mesa de bilhar escolher? Est\u00e1 pensando em comprar um bilhar e n\u00e3o sabe por onde come\u00e7ar? N\u00e3o se preocupe, n\u00f3s preparamos este pequeno guia para ajud\u00e1-lo a escolher, voc\u00ea tamb\u00e9m pode entrar em contato conosco e nossa equipe ir\u00e1 responder a quaisquer perguntas que voc\u00ea possa ter.\u00a0Contato   Que medida de mesa de bilhar escolhemos? Existem tr\u00eas tamanhos padr\u00e3o para mesas de bilhar 7 p\u00e9s \u2013 medi\u00e7\u00e3o interna 2 x 1 m 8 p\u00e9s \u2013 medi\u00e7\u00e3o interna 2,24 x1,12 m 9 p\u00e9s \u2013 Medi\u00e7\u00e3o interna 2,54 x 1,27 m Por que falamos de medi\u00e7\u00e3o interior? Porque na medida da \u00e1rea de jogo ou medida interior n\u00f3s adicionamos a medida da sugest\u00e3o e isso nos d\u00e1 o espa\u00e7o que precisamos. Uma sugest\u00e3o geralmente mede entre 1,4 e 1,45m, ent\u00e3o adicionaremos 1,5m para cada lado ou 3m para o total. Que espa\u00e7o vamos precisar? Por 7 p\u00e9s \u2013 precisaremos de 5 x 4 m Por 8 p\u00e9s \u2013 precisaremos de 5,24 x 4,12 m Para 9 p\u00e9s \u2013 precisaremos de 5,54 x 4,27 m Sabe onde quer colocar sua mesa de bilhar e n\u00e3o tem certeza de que \u00e9 poss\u00edvel. N\u00e3o se preocupe, entre em contato, resolveremos suas d\u00favidas e apresentaremos diferentes solu\u00e7\u00f5es.\u00a0Contato","robots":{"index":"index","follow":"follow","max-snippet":"max-snippet:-1","max-image-preview":"max-image-preview:large","max-video-preview":"max-video-preview:-1"},"canonical":"https:\/\/theworldbilliards.com\/pt-pt\/que-medida-de-mesa-de-bilhar-escolher\/","og_locale":"pt_PT","og_type":"article","og_title":"Que medida de mesa de bilhar escolher? - The World Billiards","og_description":"\u00bfQue medida de mesa de bilhar escolher? Est\u00e1 pensando em comprar um bilhar e n\u00e3o sabe por onde come\u00e7ar? N\u00e3o se preocupe, n\u00f3s preparamos este pequeno guia para ajud\u00e1-lo a escolher, voc\u00ea tamb\u00e9m pode entrar em contato conosco e nossa equipe ir\u00e1 responder a quaisquer perguntas que voc\u00ea possa ter.\u00a0Contato   Que medida de mesa de bilhar escolhemos? Existem tr\u00eas tamanhos padr\u00e3o para mesas de bilhar 7 p\u00e9s \u2013 medi\u00e7\u00e3o interna 2 x 1 m 8 p\u00e9s \u2013 medi\u00e7\u00e3o interna 2,24 x1,12 m 9 p\u00e9s \u2013 Medi\u00e7\u00e3o interna 2,54 x 1,27 m Por que falamos de medi\u00e7\u00e3o interior? Porque na medida da \u00e1rea de jogo ou medida interior n\u00f3s adicionamos a medida da sugest\u00e3o e isso nos d\u00e1 o espa\u00e7o que precisamos. Uma sugest\u00e3o geralmente mede entre 1,4 e 1,45m, ent\u00e3o adicionaremos 1,5m para cada lado ou 3m para o total. Que espa\u00e7o vamos precisar? Por 7 p\u00e9s \u2013 precisaremos de 5 x 4 m Por 8 p\u00e9s \u2013 precisaremos de 5,24 x 4,12 m Para 9 p\u00e9s \u2013 precisaremos de 5,54 x 4,27 m Sabe onde quer colocar sua mesa de bilhar e n\u00e3o tem certeza de que \u00e9 poss\u00edvel. N\u00e3o se preocupe, entre em contato, resolveremos suas d\u00favidas e apresentaremos diferentes solu\u00e7\u00f5es.\u00a0Contato","og_url":"https:\/\/theworldbilliards.com\/pt-pt\/que-medida-de-mesa-de-bilhar-escolher\/","og_site_name":"The World Billiards","article_publisher":"https:\/\/www.facebook.com\/baby.foot.superbes","article_modified_time":"2025-11-18T12:10:27+00:00","og_image":[{"width":500,"height":312,"url":"https:\/\/theworldbilliards.com\/wp-content\/uploads\/2025\/11\/Billar-Nantalius-e1763467550928.jpg","type":"image\/jpeg"}],"twitter_card":"summary_large_image","schema":{"@context":"https:\/\/schema.org","@graph":[{"@type":"WebPage","@id":"https:\/\/theworldbilliards.com\/pt-pt\/que-medida-de-mesa-de-bilhar-escolher\/","url":"https:\/\/theworldbilliards.com\/pt-pt\/que-medida-de-mesa-de-bilhar-escolher\/","name":"Que medida de mesa de bilhar escolher? - The World Billiards","isPartOf":{"@id":"https:\/\/theworldbilliards.com\/pt-pt\/#website"},"primaryImageOfPage":{"@id":"https:\/\/theworldbilliards.com\/pt-pt\/que-medida-de-mesa-de-bilhar-escolher\/#primaryimage"},"image":{"@id":"https:\/\/theworldbilliards.com\/pt-pt\/que-medida-de-mesa-de-bilhar-escolher\/#primaryimage"},"thumbnailUrl":"https:\/\/theworldbilliards.com\/wp-content\/uploads\/2025\/11\/Billar-Nantalius-e1763467550928.jpg","datePublished":"2021-07-21T11:34:06+00:00","dateModified":"2025-11-18T12:10:27+00:00","description":"\u00bfQue medida de mesa de bilhar escolher? Est\u00e1 pensando em comprar um bilhar e n\u00e3o sabe por onde come\u00e7ar? N\u00e3o se preocupe, n\u00f3s preparamos este pequeno guia para ajud\u00e1-lo a escolher, voc\u00ea tamb\u00e9m pode entrar em contato conosco e nossa equipe ir\u00e1 responder a quaisquer perguntas que voc\u00ea possa ter.\u00a0Contato Que medida de mesa de bilhar escolhemos? Existem tr\u00eas tamanhos padr\u00e3o para mesas de bilhar 7 p\u00e9s \u2013 medi\u00e7\u00e3o interna 2 x 1 m 8 p\u00e9s \u2013 medi\u00e7\u00e3o interna 2,24 x1,12 m 9 p\u00e9s \u2013 Medi\u00e7\u00e3o interna 2,54 x 1,27 m Por que falamos de medi\u00e7\u00e3o interior? Porque na medida da \u00e1rea de jogo ou medida interior n\u00f3s adicionamos a medida da sugest\u00e3o e isso nos d\u00e1 o espa\u00e7o que precisamos. Uma sugest\u00e3o geralmente mede entre 1,4 e 1,45m, ent\u00e3o adicionaremos 1,5m para cada lado ou 3m para o total. Que espa\u00e7o vamos precisar? Por 7 p\u00e9s \u2013 precisaremos de 5 x 4 m Por 8 p\u00e9s \u2013 precisaremos de 5,24 x 4,12 m Para 9 p\u00e9s \u2013 precisaremos de 5,54 x 4,27 m Sabe onde quer colocar sua mesa de bilhar e n\u00e3o tem certeza de que \u00e9 poss\u00edvel. N\u00e3o se preocupe, entre em contato, resolveremos suas d\u00favidas e apresentaremos diferentes solu\u00e7\u00f5es.\u00a0Contato","breadcrumb":{"@id":"https:\/\/theworldbilliards.com\/pt-pt\/que-medida-de-mesa-de-bilhar-escolher\/#breadcrumb"},"inLanguage":"pt-PT","potentialAction":[{"@type":"ReadAction","target":["https:\/\/theworldbilliards.com\/pt-pt\/que-medida-de-mesa-de-bilhar-escolher\/"]}]},{"@type":"ImageObject","inLanguage":"pt-PT","@id":"https:\/\/theworldbilliards.com\/pt-pt\/que-medida-de-mesa-de-bilhar-escolher\/#primaryimage","url":"https:\/\/theworldbilliards.com\/wp-content\/uploads\/2025\/11\/Billar-Nantalius-e1763467550928.jpg","contentUrl":"https:\/\/theworldbilliards.com\/wp-content\/uploads\/2025\/11\/Billar-Nantalius-e1763467550928.jpg"},{"@type":"BreadcrumbList","@id":"https:\/\/theworldbilliards.com\/pt-pt\/que-medida-de-mesa-de-bilhar-escolher\/#breadcrumb","itemListElement":[{"@type":"ListItem","position":1,"name":"In\u00edcio","item":"https:\/\/theworldbilliards.com\/pt-pt\/"},{"@type":"ListItem","position":2,"name":"Que medida de mesa de bilhar escolher?"}]},{"@type":"WebSite","@id":"https:\/\/theworldbilliards.com\/pt-pt\/#website","url":"https:\/\/theworldbilliards.com\/pt-pt\/","name":"TheWorldBilliards","description":"Compre aqui bilhar, matraquilho, t\u00eanis de mesa e bowling","publisher":{"@id":"https:\/\/theworldbilliards.com\/pt-pt\/#organization"},"alternateName":"The world billiards","potentialAction":[{"@type":"SearchAction","target":{"@type":"EntryPoint","urlTemplate":"https:\/\/theworldbilliards.com\/pt-pt\/?s={search_term_string}"},"query-input":{"@type":"PropertyValueSpecification","valueRequired":true,"valueName":"search_term_string"}}],"inLanguage":"pt-PT"},{"@type":"Organization","@id":"https:\/\/theworldbilliards.com\/pt-pt\/#organization","name":"The World Billiards","alternateName":"The World Billiards","url":"https:\/\/theworldbilliards.com\/pt-pt\/","logo":{"@type":"ImageObject","inLanguage":"pt-PT","@id":"https:\/\/theworldbilliards.com\/pt-pt\/#\/schema\/logo\/image\/","url":"","contentUrl":"","caption":"The World Billiards"},"image":{"@id":"https:\/\/theworldbilliards.com\/pt-pt\/#\/schema\/logo\/image\/"},"sameAs":["https:\/\/www.facebook.com\/baby.foot.superbes","https:\/\/www.youtube.com\/channel\/UCIMuOVAaUcH6UpZcsZlH0Tg","https:\/\/www.facebook.com\/people\/Brunswick-Billiards-EspaaPortugal\/100066446264309\/","https:\/\/www.instagram.com\/the_world_billiards\/","https:\/\/www.pinterest.es\/Theworldbilliards\/"]}]}},"_links":{"self":[{"href":"https:\/\/theworldbilliards.com\/pt-pt\/wp-json\/wp\/v2\/pages\/84612","targetHints":{"allow":["GET"]}}],"collection":[{"href":"https:\/\/theworldbilliards.com\/pt-pt\/wp-json\/wp\/v2\/pages"}],"about":[{"href":"https:\/\/theworldbilliards.com\/pt-pt\/wp-json\/wp\/v2\/types\/page"}],"author":[{"embeddable":true,"href":"https:\/\/theworldbilliards.com\/pt-pt\/wp-json\/wp\/v2\/users\/321"}],"replies":[{"embeddable":true,"href":"https:\/\/theworldbilliards.com\/pt-pt\/wp-json\/wp\/v2\/comments?post=84612"}],"version-history":[{"count":0,"href":"https:\/\/theworldbilliards.com\/pt-pt\/wp-json\/wp\/v2\/pages\/84612\/revisions"}],"wp:attachment":[{"href":"https:\/\/theworldbilliards.com\/pt-pt\/wp-json\/wp\/v2\/media?parent=84612"}],"curies":[{"name":"wp","href":"https:\/\/api.w.org\/{rel}","templated":true}]}}