{"id":85214,"date":"2021-09-22T13:33:39","date_gmt":"2021-09-22T11:33:39","guid":{"rendered":"https:\/\/theworldbilliards.com\/?page_id=85214"},"modified":"2025-09-24T13:25:29","modified_gmt":"2025-09-24T11:25:29","slug":"especialistas-em-bilhares-de-luxo","status":"publish","type":"page","link":"https:\/\/theworldbilliards.com\/pt-pt\/especialistas-em-bilhares-de-luxo\/","title":{"rendered":"Especialistas em bilhares de luxo"},"content":{"rendered":"\n<h1 class=\"wp-block-heading has-text-align-center\"><strong>Especialistas em bilhares de luxo<\/strong><\/h1>\n\n<p id=\"block-1e434186-4a7a-4bd3-b34b-bc5ecbbe5c21\">Uma mesa de bilhar de luxo deve ser considerada um item \u00fanico em si, sem esquecer que deve coabitar com outros elementos como parte de uma composi\u00e7\u00e3o para criar uma atmosfera de sonho. As nossas mesas de bilhar t\u00eam um lugar no design de interiores em todos os estilos: cl\u00e1ssico, moderno, r\u00fastico, n\u00f3rdico, retr\u00f4, tradicional\u2026<\/p>\n\n<p id=\"block-5944a044-6c8a-4d05-b45e-29f8b880df32\">Os nossos bilhares s\u00e3o o resultado de uma longa experi\u00eancia e uma grande paix\u00e3o pelos Bilhares; temos mesas de bilhar maravilhosas, projetadas de forma \u00fanica, personalizadas e projetadas para atender at\u00e9 as necessidades profissionais de jogadores experientes.<\/p>\n\n<p id=\"block-4098e268-0e8c-403a-8800-9e0c191a353d\">As luxuosas mesas de bilhar fabricadas e distribu\u00eddas pela The World Billiards s\u00e3o \u00fanicas, pois s\u00e3o fabricadas com mat\u00e9ria-prima excepcional e qualidade superior, muitas ainda mant\u00eam m\u00e9todos artesanais de fabrica\u00e7\u00e3o e produ\u00e7\u00e3o que proporcionam acabamentos imbat\u00edveis.<\/p>\n\n<p id=\"block-86411954-2498-44ec-b409-075ba9797723\">As nossas mesas de bilhar exclusivas s\u00e3o aut\u00eanticas obras de arte, capazes de criar atmosferas \u00fanicas, distintas e glamourosas, completamente personalizadas. Os nossos bilhares mant\u00eam o equil\u00edbrio perfeito entre cl\u00e1ssico o comtemporaneo, tradi\u00e7\u00e3o e inova\u00e7\u00e3o, com eleg\u00e2ncia e sofistica\u00e7\u00e3o. Est\u00e3o projetados para que n\u00e3o passem nunca despercebidos.<\/p>\n\n<p id=\"block-da1b6d5d-9294-4334-a35e-6ed6201bcf9e\">Visite a nossa gama de mesas de bilhar de luxo e deixe-se seduzir<\/p>\n<div data-block-name=\"woocommerce\/featured-category\" data-category-id=\"1148\" data-edit-mode=\"false\" class=\"wc-block-featured-category alignnone has-background-dim wp-block-woocommerce-featured-category\" style=\"min-height:500px;\"><div class=\"wc-block-featured-category__wrapper\"><div class=\"background-dim__overlay\" style=\"background-color: #000000\"><\/div><img decoding=\"async\" alt=\"Bilhares Gold\" class=\"wc-block-featured-category__background-image\" src=\"https:\/\/theworldbilliards.com\/wp-content\/uploads\/2022\/06\/cat-mesas-gold.png\" style=\"object-fit: none;object-position: 50% 50%;\" \/><h2 class=\"wc-block-featured-category__title\">Bilhares Gold<\/h2><div class=\"wc-block-featured-category__description\"><h4 style=\"text-align: left\"><span style=\"color: #999999\"><strong>As nossas mesas de bilhar de luxo exclusivas s\u00e3o aut\u00eanticas obras de arte, capazes de criar atmosferas \u00fanicas, distintas e glamourosas, completamente personalizadas. Os nossos Bilhares mant\u00eam o equil\u00edbrio perfeito entre cl\u00e1ssico o comtemporaneo, tradi\u00e7\u00e3o e inova\u00e7\u00e3o, com eleg\u00e2ncia e sofistica\u00e7\u00e3o. Est\u00e3o projetados para que n\u00e3o passem nunca despercebidos.<\/strong><\/span><\/h4>\n<\/div><div class=\"wc-block-featured-category__inner-blocks\">\n\n<div class=\"wp-block-buttons is-content-justification-center is-layout-flex wp-container-core-buttons-is-layout-a89b3969 wp-block-buttons-is-layout-flex\">\n<div class=\"wp-block-button\"><a class=\"wp-block-button__link wp-element-button\" href=\"https:\/\/theworldbilliards.com\/pt-pt\/categoria-produto\/bilhar\/bilhar-gold\/\">Comprar agora<\/a><\/div>\n<\/div>\n\n<\/div><\/div><\/div>\n<p><\/p>\n","protected":false},"excerpt":{"rendered":"<p>Especialistas em bilhares de luxo Uma mesa de bilhar de luxo deve ser considerada um item \u00fanico em si, sem [&hellip;]<\/p>\n","protected":false},"author":321,"featured_media":0,"parent":0,"menu_order":0,"comment_status":"closed","ping_status":"closed","template":"","meta":{"site-sidebar-layout":"default","site-content-layout":"","ast-site-content-layout":"default","site-content-style":"default","site-sidebar-style":"default","ast-global-header-display":"","ast-banner-title-visibility":"","ast-main-header-display":"","ast-hfb-above-header-display":"","ast-hfb-below-header-display":"","ast-hfb-mobile-header-display":"","site-post-title":"","ast-breadcrumbs-content":"","ast-featured-img":"","footer-sml-layout":"","ast-disable-related-posts":"","theme-transparent-header-meta":"","adv-header-id-meta":"","stick-header-meta":"","header-above-stick-meta":"","header-main-stick-meta":"","header-below-stick-meta":"","astra-migrate-meta-layouts":"default","ast-page-background-enabled":"default","ast-page-background-meta":{"desktop":{"background-color":"var(--ast-global-color-4)","background-image":"","background-repeat":"repeat","background-position":"center center","background-size":"auto","background-attachment":"scroll","background-type":"","background-media":"","overlay-type":"","overlay-color":"","overlay-opacity":"","overlay-gradient":""},"tablet":{"background-color":"","background-image":"","background-repeat":"repeat","background-position":"center center","background-size":"auto","background-attachment":"scroll","background-type":"","background-media":"","overlay-type":"","overlay-color":"","overlay-opacity":"","overlay-gradient":""},"mobile":{"background-color":"","background-image":"","background-repeat":"repeat","background-position":"center center","background-size":"auto","background-attachment":"scroll","background-type":"","background-media":"","overlay-type":"","overlay-color":"","overlay-opacity":"","overlay-gradient":""}},"ast-content-background-meta":{"desktop":{"background-color":"var(--ast-global-color-5)","background-image":"","background-repeat":"repeat","background-position":"center center","background-size":"auto","background-attachment":"scroll","background-type":"","background-media":"","overlay-type":"","overlay-color":"","overlay-opacity":"","overlay-gradient":""},"tablet":{"background-color":"var(--ast-global-color-5)","background-image":"","background-repeat":"repeat","background-position":"center center","background-size":"auto","background-attachment":"scroll","background-type":"","background-media":"","overlay-type":"","overlay-color":"","overlay-opacity":"","overlay-gradient":""},"mobile":{"background-color":"var(--ast-global-color-5)","background-image":"","background-repeat":"repeat","background-position":"center center","background-size":"auto","background-attachment":"scroll","background-type":"","background-media":"","overlay-type":"","overlay-color":"","overlay-opacity":"","overlay-gradient":""}},"footnotes":""},"class_list":["post-85214","page","type-page","status-publish","hentry"],"yoast_head":"<!-- This site is optimized with the Yoast SEO plugin v27.4 - https:\/\/yoast.com\/product\/yoast-seo-wordpress\/ -->\n<title>Especialistas em bilhares de luxo - The World Billiards<\/title>\n<meta name=\"description\" content=\"Especialistas em bilhares de luxo Uma mesa de bilhar de luxo deve ser considerada um item \u00fanico em si, sem esquecer que deve coabitar com outros elementos como parte de uma composi\u00e7\u00e3o para criar uma atmosfera de sonho. As nossas mesas de bilhar t\u00eam um lugar no design de interiores em todos os estilos: cl\u00e1ssico, moderno, r\u00fastico, n\u00f3rdico, retr\u00f4, tradicional\u2026 Os nossos bilhares s\u00e3o o resultado de uma longa experi\u00eancia e uma grande paix\u00e3o pelos Bilhares; temos mesas de bilhar maravilhosas, projetadas de forma \u00fanica, personalizadas e projetadas para atender at\u00e9 as necessidades profissionais de jogadores experientes. As luxuosas mesas de bilhar fabricadas e distribu\u00eddas pela The World Billiards s\u00e3o \u00fanicas, pois s\u00e3o fabricadas com mat\u00e9ria-prima excepcional e qualidade superior, muitas ainda mant\u00eam m\u00e9todos artesanais de fabrica\u00e7\u00e3o e produ\u00e7\u00e3o que proporcionam acabamentos imbat\u00edveis. As nossas mesas de bilhar exclusivas s\u00e3o aut\u00eanticas obras de arte, capazes de criar atmosferas \u00fanicas, distintas e glamourosas, completamente personalizadas. Os nossos bilhares mant\u00eam o equil\u00edbrio perfeito entre cl\u00e1ssico o comtemporaneo, tradi\u00e7\u00e3o e inova\u00e7\u00e3o, com eleg\u00e2ncia e sofistica\u00e7\u00e3o. Est\u00e3o projetados para que n\u00e3o passem nunca despercebidos. Visite a nossa gama de mesas de bilhar de luxo e deixe-se seduzir  Comprar agora\" \/>\n<meta name=\"robots\" content=\"index, follow, max-snippet:-1, max-image-preview:large, max-video-preview:-1\" \/>\n<link rel=\"canonical\" href=\"https:\/\/theworldbilliards.com\/pt-pt\/especialistas-em-bilhares-de-luxo\/\" \/>\n<meta property=\"og:locale\" content=\"pt_PT\" \/>\n<meta property=\"og:type\" content=\"article\" \/>\n<meta property=\"og:title\" content=\"Especialistas em bilhares de luxo - The World Billiards\" \/>\n<meta property=\"og:description\" content=\"Especialistas em bilhares de luxo Uma mesa de bilhar de luxo deve ser considerada um item \u00fanico em si, sem esquecer que deve coabitar com outros elementos como parte de uma composi\u00e7\u00e3o para criar uma atmosfera de sonho. As nossas mesas de bilhar t\u00eam um lugar no design de interiores em todos os estilos: cl\u00e1ssico, moderno, r\u00fastico, n\u00f3rdico, retr\u00f4, tradicional\u2026 Os nossos bilhares s\u00e3o o resultado de uma longa experi\u00eancia e uma grande paix\u00e3o pelos Bilhares; temos mesas de bilhar maravilhosas, projetadas de forma \u00fanica, personalizadas e projetadas para atender at\u00e9 as necessidades profissionais de jogadores experientes. As luxuosas mesas de bilhar fabricadas e distribu\u00eddas pela The World Billiards s\u00e3o \u00fanicas, pois s\u00e3o fabricadas com mat\u00e9ria-prima excepcional e qualidade superior, muitas ainda mant\u00eam m\u00e9todos artesanais de fabrica\u00e7\u00e3o e produ\u00e7\u00e3o que proporcionam acabamentos imbat\u00edveis. As nossas mesas de bilhar exclusivas s\u00e3o aut\u00eanticas obras de arte, capazes de criar atmosferas \u00fanicas, distintas e glamourosas, completamente personalizadas. Os nossos bilhares mant\u00eam o equil\u00edbrio perfeito entre cl\u00e1ssico o comtemporaneo, tradi\u00e7\u00e3o e inova\u00e7\u00e3o, com eleg\u00e2ncia e sofistica\u00e7\u00e3o. Est\u00e3o projetados para que n\u00e3o passem nunca despercebidos. Visite a nossa gama de mesas de bilhar de luxo e deixe-se seduzir  Comprar agora\" \/>\n<meta property=\"og:url\" content=\"https:\/\/theworldbilliards.com\/pt-pt\/especialistas-em-bilhares-de-luxo\/\" \/>\n<meta property=\"og:site_name\" content=\"The World Billiards\" \/>\n<meta property=\"article:publisher\" content=\"https:\/\/www.facebook.com\/baby.foot.superbes\" \/>\n<meta property=\"article:modified_time\" content=\"2025-09-24T11:25:29+00:00\" \/>\n<meta property=\"og:image\" content=\"https:\/\/theworldbilliards.com\/wp-content\/uploads\/2023\/09\/cropped-logo-2023-TheWorldBilliards.png\" \/>\n\t<meta property=\"og:image:width\" content=\"1103\" \/>\n\t<meta property=\"og:image:height\" content=\"282\" \/>\n\t<meta property=\"og:image:type\" content=\"image\/png\" \/>\n<meta name=\"twitter:card\" content=\"summary_large_image\" \/>\n<script type=\"application\/ld+json\" class=\"yoast-schema-graph\">{\"@context\":\"https:\\\/\\\/schema.org\",\"@graph\":[{\"@type\":\"WebPage\",\"@id\":\"https:\\\/\\\/theworldbilliards.com\\\/pt-pt\\\/especialistas-em-bilhares-de-luxo\\\/\",\"url\":\"https:\\\/\\\/theworldbilliards.com\\\/pt-pt\\\/especialistas-em-bilhares-de-luxo\\\/\",\"name\":\"Especialistas em bilhares de luxo - The World Billiards\",\"isPartOf\":{\"@id\":\"https:\\\/\\\/theworldbilliards.com\\\/pt-pt\\\/#website\"},\"datePublished\":\"2021-09-22T11:33:39+00:00\",\"dateModified\":\"2025-09-24T11:25:29+00:00\",\"description\":\"Especialistas em bilhares de luxo Uma mesa de bilhar de luxo deve ser considerada um item \u00fanico em si, sem esquecer que deve coabitar com outros elementos como parte de uma composi\u00e7\u00e3o para criar uma atmosfera de sonho. As nossas mesas de bilhar t\u00eam um lugar no design de interiores em todos os estilos: cl\u00e1ssico, moderno, r\u00fastico, n\u00f3rdico, retr\u00f4, tradicional\u2026 Os nossos bilhares s\u00e3o o resultado de uma longa experi\u00eancia e uma grande paix\u00e3o pelos Bilhares; temos mesas de bilhar maravilhosas, projetadas de forma \u00fanica, personalizadas e projetadas para atender at\u00e9 as necessidades profissionais de jogadores experientes. As luxuosas mesas de bilhar fabricadas e distribu\u00eddas pela The World Billiards s\u00e3o \u00fanicas, pois s\u00e3o fabricadas com mat\u00e9ria-prima excepcional e qualidade superior, muitas ainda mant\u00eam m\u00e9todos artesanais de fabrica\u00e7\u00e3o e produ\u00e7\u00e3o que proporcionam acabamentos imbat\u00edveis. As nossas mesas de bilhar exclusivas s\u00e3o aut\u00eanticas obras de arte, capazes de criar atmosferas \u00fanicas, distintas e glamourosas, completamente personalizadas. Os nossos bilhares mant\u00eam o equil\u00edbrio perfeito entre cl\u00e1ssico o comtemporaneo, tradi\u00e7\u00e3o e inova\u00e7\u00e3o, com eleg\u00e2ncia e sofistica\u00e7\u00e3o. Est\u00e3o projetados para que n\u00e3o passem nunca despercebidos. Visite a nossa gama de mesas de bilhar de luxo e deixe-se seduzir Comprar agora\",\"breadcrumb\":{\"@id\":\"https:\\\/\\\/theworldbilliards.com\\\/pt-pt\\\/especialistas-em-bilhares-de-luxo\\\/#breadcrumb\"},\"inLanguage\":\"pt-PT\",\"potentialAction\":[{\"@type\":\"ReadAction\",\"target\":[\"https:\\\/\\\/theworldbilliards.com\\\/pt-pt\\\/especialistas-em-bilhares-de-luxo\\\/\"]}]},{\"@type\":\"BreadcrumbList\",\"@id\":\"https:\\\/\\\/theworldbilliards.com\\\/pt-pt\\\/especialistas-em-bilhares-de-luxo\\\/#breadcrumb\",\"itemListElement\":[{\"@type\":\"ListItem\",\"position\":1,\"name\":\"In\u00edcio\",\"item\":\"https:\\\/\\\/theworldbilliards.com\\\/pt-pt\\\/\"},{\"@type\":\"ListItem\",\"position\":2,\"name\":\"Especialistas em bilhares de luxo\"}]},{\"@type\":\"WebSite\",\"@id\":\"https:\\\/\\\/theworldbilliards.com\\\/pt-pt\\\/#website\",\"url\":\"https:\\\/\\\/theworldbilliards.com\\\/pt-pt\\\/\",\"name\":\"TheWorldBilliards\",\"description\":\"Compre aqui bilhar, matraquilho, t\u00eanis de mesa e bowling\",\"publisher\":{\"@id\":\"https:\\\/\\\/theworldbilliards.com\\\/pt-pt\\\/#organization\"},\"alternateName\":\"The world billiards\",\"potentialAction\":[{\"@type\":\"SearchAction\",\"target\":{\"@type\":\"EntryPoint\",\"urlTemplate\":\"https:\\\/\\\/theworldbilliards.com\\\/pt-pt\\\/?s={search_term_string}\"},\"query-input\":{\"@type\":\"PropertyValueSpecification\",\"valueRequired\":true,\"valueName\":\"search_term_string\"}}],\"inLanguage\":\"pt-PT\"},{\"@type\":\"Organization\",\"@id\":\"https:\\\/\\\/theworldbilliards.com\\\/pt-pt\\\/#organization\",\"name\":\"The World Billiards\",\"alternateName\":\"The World Billiards\",\"url\":\"https:\\\/\\\/theworldbilliards.com\\\/pt-pt\\\/\",\"logo\":{\"@type\":\"ImageObject\",\"inLanguage\":\"pt-PT\",\"@id\":\"https:\\\/\\\/theworldbilliards.com\\\/pt-pt\\\/#\\\/schema\\\/logo\\\/image\\\/\",\"url\":\"\",\"contentUrl\":\"\",\"caption\":\"The World Billiards\"},\"image\":{\"@id\":\"https:\\\/\\\/theworldbilliards.com\\\/pt-pt\\\/#\\\/schema\\\/logo\\\/image\\\/\"},\"sameAs\":[\"https:\\\/\\\/www.facebook.com\\\/baby.foot.superbes\",\"https:\\\/\\\/www.youtube.com\\\/channel\\\/UCIMuOVAaUcH6UpZcsZlH0Tg\",\"https:\\\/\\\/www.facebook.com\\\/people\\\/Brunswick-Billiards-EspaaPortugal\\\/100066446264309\\\/\",\"https:\\\/\\\/www.instagram.com\\\/the_world_billiards\\\/\",\"https:\\\/\\\/www.pinterest.es\\\/Theworldbilliards\\\/\"]}]}<\/script>\n<!-- \/ Yoast SEO plugin. -->","yoast_head_json":{"title":"Especialistas em bilhares de luxo - The World Billiards","description":"Especialistas em bilhares de luxo Uma mesa de bilhar de luxo deve ser considerada um item \u00fanico em si, sem esquecer que deve coabitar com outros elementos como parte de uma composi\u00e7\u00e3o para criar uma atmosfera de sonho. As nossas mesas de bilhar t\u00eam um lugar no design de interiores em todos os estilos: cl\u00e1ssico, moderno, r\u00fastico, n\u00f3rdico, retr\u00f4, tradicional\u2026 Os nossos bilhares s\u00e3o o resultado de uma longa experi\u00eancia e uma grande paix\u00e3o pelos Bilhares; temos mesas de bilhar maravilhosas, projetadas de forma \u00fanica, personalizadas e projetadas para atender at\u00e9 as necessidades profissionais de jogadores experientes. As luxuosas mesas de bilhar fabricadas e distribu\u00eddas pela The World Billiards s\u00e3o \u00fanicas, pois s\u00e3o fabricadas com mat\u00e9ria-prima excepcional e qualidade superior, muitas ainda mant\u00eam m\u00e9todos artesanais de fabrica\u00e7\u00e3o e produ\u00e7\u00e3o que proporcionam acabamentos imbat\u00edveis. As nossas mesas de bilhar exclusivas s\u00e3o aut\u00eanticas obras de arte, capazes de criar atmosferas \u00fanicas, distintas e glamourosas, completamente personalizadas. Os nossos bilhares mant\u00eam o equil\u00edbrio perfeito entre cl\u00e1ssico o comtemporaneo, tradi\u00e7\u00e3o e inova\u00e7\u00e3o, com eleg\u00e2ncia e sofistica\u00e7\u00e3o. Est\u00e3o projetados para que n\u00e3o passem nunca despercebidos. Visite a nossa gama de mesas de bilhar de luxo e deixe-se seduzir  Comprar agora","robots":{"index":"index","follow":"follow","max-snippet":"max-snippet:-1","max-image-preview":"max-image-preview:large","max-video-preview":"max-video-preview:-1"},"canonical":"https:\/\/theworldbilliards.com\/pt-pt\/especialistas-em-bilhares-de-luxo\/","og_locale":"pt_PT","og_type":"article","og_title":"Especialistas em bilhares de luxo - The World Billiards","og_description":"Especialistas em bilhares de luxo Uma mesa de bilhar de luxo deve ser considerada um item \u00fanico em si, sem esquecer que deve coabitar com outros elementos como parte de uma composi\u00e7\u00e3o para criar uma atmosfera de sonho. As nossas mesas de bilhar t\u00eam um lugar no design de interiores em todos os estilos: cl\u00e1ssico, moderno, r\u00fastico, n\u00f3rdico, retr\u00f4, tradicional\u2026 Os nossos bilhares s\u00e3o o resultado de uma longa experi\u00eancia e uma grande paix\u00e3o pelos Bilhares; temos mesas de bilhar maravilhosas, projetadas de forma \u00fanica, personalizadas e projetadas para atender at\u00e9 as necessidades profissionais de jogadores experientes. As luxuosas mesas de bilhar fabricadas e distribu\u00eddas pela The World Billiards s\u00e3o \u00fanicas, pois s\u00e3o fabricadas com mat\u00e9ria-prima excepcional e qualidade superior, muitas ainda mant\u00eam m\u00e9todos artesanais de fabrica\u00e7\u00e3o e produ\u00e7\u00e3o que proporcionam acabamentos imbat\u00edveis. As nossas mesas de bilhar exclusivas s\u00e3o aut\u00eanticas obras de arte, capazes de criar atmosferas \u00fanicas, distintas e glamourosas, completamente personalizadas. Os nossos bilhares mant\u00eam o equil\u00edbrio perfeito entre cl\u00e1ssico o comtemporaneo, tradi\u00e7\u00e3o e inova\u00e7\u00e3o, com eleg\u00e2ncia e sofistica\u00e7\u00e3o. Est\u00e3o projetados para que n\u00e3o passem nunca despercebidos. Visite a nossa gama de mesas de bilhar de luxo e deixe-se seduzir  Comprar agora","og_url":"https:\/\/theworldbilliards.com\/pt-pt\/especialistas-em-bilhares-de-luxo\/","og_site_name":"The World Billiards","article_publisher":"https:\/\/www.facebook.com\/baby.foot.superbes","article_modified_time":"2025-09-24T11:25:29+00:00","og_image":[{"width":1103,"height":282,"url":"https:\/\/theworldbilliards.com\/wp-content\/uploads\/2023\/09\/cropped-logo-2023-TheWorldBilliards.png","type":"image\/png"}],"twitter_card":"summary_large_image","schema":{"@context":"https:\/\/schema.org","@graph":[{"@type":"WebPage","@id":"https:\/\/theworldbilliards.com\/pt-pt\/especialistas-em-bilhares-de-luxo\/","url":"https:\/\/theworldbilliards.com\/pt-pt\/especialistas-em-bilhares-de-luxo\/","name":"Especialistas em bilhares de luxo - The World Billiards","isPartOf":{"@id":"https:\/\/theworldbilliards.com\/pt-pt\/#website"},"datePublished":"2021-09-22T11:33:39+00:00","dateModified":"2025-09-24T11:25:29+00:00","description":"Especialistas em bilhares de luxo Uma mesa de bilhar de luxo deve ser considerada um item \u00fanico em si, sem esquecer que deve coabitar com outros elementos como parte de uma composi\u00e7\u00e3o para criar uma atmosfera de sonho. As nossas mesas de bilhar t\u00eam um lugar no design de interiores em todos os estilos: cl\u00e1ssico, moderno, r\u00fastico, n\u00f3rdico, retr\u00f4, tradicional\u2026 Os nossos bilhares s\u00e3o o resultado de uma longa experi\u00eancia e uma grande paix\u00e3o pelos Bilhares; temos mesas de bilhar maravilhosas, projetadas de forma \u00fanica, personalizadas e projetadas para atender at\u00e9 as necessidades profissionais de jogadores experientes. As luxuosas mesas de bilhar fabricadas e distribu\u00eddas pela The World Billiards s\u00e3o \u00fanicas, pois s\u00e3o fabricadas com mat\u00e9ria-prima excepcional e qualidade superior, muitas ainda mant\u00eam m\u00e9todos artesanais de fabrica\u00e7\u00e3o e produ\u00e7\u00e3o que proporcionam acabamentos imbat\u00edveis. As nossas mesas de bilhar exclusivas s\u00e3o aut\u00eanticas obras de arte, capazes de criar atmosferas \u00fanicas, distintas e glamourosas, completamente personalizadas. Os nossos bilhares mant\u00eam o equil\u00edbrio perfeito entre cl\u00e1ssico o comtemporaneo, tradi\u00e7\u00e3o e inova\u00e7\u00e3o, com eleg\u00e2ncia e sofistica\u00e7\u00e3o. Est\u00e3o projetados para que n\u00e3o passem nunca despercebidos. Visite a nossa gama de mesas de bilhar de luxo e deixe-se seduzir Comprar agora","breadcrumb":{"@id":"https:\/\/theworldbilliards.com\/pt-pt\/especialistas-em-bilhares-de-luxo\/#breadcrumb"},"inLanguage":"pt-PT","potentialAction":[{"@type":"ReadAction","target":["https:\/\/theworldbilliards.com\/pt-pt\/especialistas-em-bilhares-de-luxo\/"]}]},{"@type":"BreadcrumbList","@id":"https:\/\/theworldbilliards.com\/pt-pt\/especialistas-em-bilhares-de-luxo\/#breadcrumb","itemListElement":[{"@type":"ListItem","position":1,"name":"In\u00edcio","item":"https:\/\/theworldbilliards.com\/pt-pt\/"},{"@type":"ListItem","position":2,"name":"Especialistas em bilhares de luxo"}]},{"@type":"WebSite","@id":"https:\/\/theworldbilliards.com\/pt-pt\/#website","url":"https:\/\/theworldbilliards.com\/pt-pt\/","name":"TheWorldBilliards","description":"Compre aqui bilhar, matraquilho, t\u00eanis de mesa e bowling","publisher":{"@id":"https:\/\/theworldbilliards.com\/pt-pt\/#organization"},"alternateName":"The world billiards","potentialAction":[{"@type":"SearchAction","target":{"@type":"EntryPoint","urlTemplate":"https:\/\/theworldbilliards.com\/pt-pt\/?s={search_term_string}"},"query-input":{"@type":"PropertyValueSpecification","valueRequired":true,"valueName":"search_term_string"}}],"inLanguage":"pt-PT"},{"@type":"Organization","@id":"https:\/\/theworldbilliards.com\/pt-pt\/#organization","name":"The World Billiards","alternateName":"The World Billiards","url":"https:\/\/theworldbilliards.com\/pt-pt\/","logo":{"@type":"ImageObject","inLanguage":"pt-PT","@id":"https:\/\/theworldbilliards.com\/pt-pt\/#\/schema\/logo\/image\/","url":"","contentUrl":"","caption":"The World Billiards"},"image":{"@id":"https:\/\/theworldbilliards.com\/pt-pt\/#\/schema\/logo\/image\/"},"sameAs":["https:\/\/www.facebook.com\/baby.foot.superbes","https:\/\/www.youtube.com\/channel\/UCIMuOVAaUcH6UpZcsZlH0Tg","https:\/\/www.facebook.com\/people\/Brunswick-Billiards-EspaaPortugal\/100066446264309\/","https:\/\/www.instagram.com\/the_world_billiards\/","https:\/\/www.pinterest.es\/Theworldbilliards\/"]}]}},"_links":{"self":[{"href":"https:\/\/theworldbilliards.com\/pt-pt\/wp-json\/wp\/v2\/pages\/85214","targetHints":{"allow":["GET"]}}],"collection":[{"href":"https:\/\/theworldbilliards.com\/pt-pt\/wp-json\/wp\/v2\/pages"}],"about":[{"href":"https:\/\/theworldbilliards.com\/pt-pt\/wp-json\/wp\/v2\/types\/page"}],"author":[{"embeddable":true,"href":"https:\/\/theworldbilliards.com\/pt-pt\/wp-json\/wp\/v2\/users\/321"}],"replies":[{"embeddable":true,"href":"https:\/\/theworldbilliards.com\/pt-pt\/wp-json\/wp\/v2\/comments?post=85214"}],"version-history":[{"count":0,"href":"https:\/\/theworldbilliards.com\/pt-pt\/wp-json\/wp\/v2\/pages\/85214\/revisions"}],"wp:attachment":[{"href":"https:\/\/theworldbilliards.com\/pt-pt\/wp-json\/wp\/v2\/media?parent=85214"}],"curies":[{"name":"wp","href":"https:\/\/api.w.org\/{rel}","templated":true}]}}