{"id":85278,"date":"2021-09-27T13:49:02","date_gmt":"2021-09-27T11:49:02","guid":{"rendered":"https:\/\/theworldbilliards.com\/?page_id=85278"},"modified":"2025-09-23T12:32:32","modified_gmt":"2025-09-23T10:32:32","slug":"como-lubrificar-um-matraquilho","status":"publish","type":"page","link":"https:\/\/theworldbilliards.com\/pt-pt\/como-lubrificar-um-matraquilho\/","title":{"rendered":"Como lubrificar um matraquilho?"},"content":{"rendered":"\n<h1 class=\"wp-block-heading has-text-align-center\"><strong>Como lubrificar um matraquilho?<\/strong><\/h1>\n\n<p>Utilizar o produto adequado \u00e9 importante se desejarmos manter o nosso matraquilho limpo e em bom estado. O nosso\u00a0<a href=\"https:\/\/theworldbilliards.com\/pt-pt\/produto\/lubrificante-especial-para-matraquilho\/\" target=\"_blank\" rel=\"noopener\"><strong>lubrificante especial para Matraquilhos<\/strong><\/a>\u00a0ajuda a manter a nossa mesa lubrificada e limpa sem danificar.<\/p>\n\n<p>Modo de Coloca\u00e7\u00e3o: Colocar umas gotas de\u00a0<a href=\"https:\/\/theworldbilliards.com\/pt-pt\/produto\/lubrificante-especial-para-matraquilho\/\" target=\"_blank\" rel=\"noopener\"><strong>lubrificante especial para matraquilhos<\/strong><\/a>\u00a0num pano ou papel. Empurramos todos os var\u00f5es para um lado e passamos o pano desde o casquilho ate ao punho ou ao final do var\u00e3o, apenas por fora do matraquilho e em todos os var\u00f5es. Empurramos os var\u00f5es agora para o outro lado e repetimos o processo. N\u00e3o \u00e9 necess\u00e1rio lubrificar por dentro, ao empurrar o var\u00e3o ficar\u00e1 perfeitamente lubrificado.<\/p>\n\n<p>Veja o nosso v\u00eddeo.<\/p>\n\n<figure class=\"wp-block-embed is-type-video is-provider-youtube wp-block-embed-youtube wp-embed-aspect-16-9 wp-has-aspect-ratio\"><div class=\"wp-block-embed__wrapper\">\r\n<iframe loading=\"lazy\" title=\"Tutorial Lubricar Futbolin - Lubrificar Matraquilho - Lubrifier Babyfoot - Lubriby Foosball\" width=\"500\" height=\"281\" src=\"https:\/\/www.youtube.com\/embed\/mIyv7r3__NA?feature=oembed\" frameborder=\"0\" allow=\"accelerometer; autoplay; clipboard-write; encrypted-media; gyroscope; picture-in-picture; web-share\" referrerpolicy=\"strict-origin-when-cross-origin\" allowfullscreen><\/iframe>\r\n<\/div><\/figure><br>\n","protected":false},"excerpt":{"rendered":"<p>Como lubrificar um matraquilho? Utilizar o produto adequado \u00e9 importante se desejarmos manter o nosso matraquilho limpo e em bom [&hellip;]<\/p>\n","protected":false},"author":321,"featured_media":0,"parent":0,"menu_order":0,"comment_status":"closed","ping_status":"closed","template":"","meta":{"site-sidebar-layout":"default","site-content-layout":"","ast-site-content-layout":"default","site-content-style":"default","site-sidebar-style":"default","ast-global-header-display":"","ast-banner-title-visibility":"","ast-main-header-display":"","ast-hfb-above-header-display":"","ast-hfb-below-header-display":"","ast-hfb-mobile-header-display":"","site-post-title":"","ast-breadcrumbs-content":"","ast-featured-img":"","footer-sml-layout":"","ast-disable-related-posts":"","theme-transparent-header-meta":"","adv-header-id-meta":"","stick-header-meta":"","header-above-stick-meta":"","header-main-stick-meta":"","header-below-stick-meta":"","astra-migrate-meta-layouts":"default","ast-page-background-enabled":"default","ast-page-background-meta":{"desktop":{"background-color":"var(--ast-global-color-4)","background-image":"","background-repeat":"repeat","background-position":"center center","background-size":"auto","background-attachment":"scroll","background-type":"","background-media":"","overlay-type":"","overlay-color":"","overlay-opacity":"","overlay-gradient":""},"tablet":{"background-color":"","background-image":"","background-repeat":"repeat","background-position":"center center","background-size":"auto","background-attachment":"scroll","background-type":"","background-media":"","overlay-type":"","overlay-color":"","overlay-opacity":"","overlay-gradient":""},"mobile":{"background-color":"","background-image":"","background-repeat":"repeat","background-position":"center center","background-size":"auto","background-attachment":"scroll","background-type":"","background-media":"","overlay-type":"","overlay-color":"","overlay-opacity":"","overlay-gradient":""}},"ast-content-background-meta":{"desktop":{"background-color":"var(--ast-global-color-5)","background-image":"","background-repeat":"repeat","background-position":"center center","background-size":"auto","background-attachment":"scroll","background-type":"","background-media":"","overlay-type":"","overlay-color":"","overlay-opacity":"","overlay-gradient":""},"tablet":{"background-color":"var(--ast-global-color-5)","background-image":"","background-repeat":"repeat","background-position":"center center","background-size":"auto","background-attachment":"scroll","background-type":"","background-media":"","overlay-type":"","overlay-color":"","overlay-opacity":"","overlay-gradient":""},"mobile":{"background-color":"var(--ast-global-color-5)","background-image":"","background-repeat":"repeat","background-position":"center center","background-size":"auto","background-attachment":"scroll","background-type":"","background-media":"","overlay-type":"","overlay-color":"","overlay-opacity":"","overlay-gradient":""}},"footnotes":""},"class_list":["post-85278","page","type-page","status-publish","hentry"],"yoast_head":"<!-- This site is optimized with the Yoast SEO plugin v27.5 - https:\/\/yoast.com\/product\/yoast-seo-wordpress\/ -->\n<title>Como lubrificar um matraquilho? - The World Billiards<\/title>\n<meta name=\"description\" content=\"Como lubrificar um matraquilho? Utilizar o produto adequado \u00e9 importante se desejarmos manter o nosso matraquilho limpo e em bom estado. O nosso\u00a0lubrificante especial para Matraquilhos\u00a0ajuda a manter a nossa mesa lubrificada e limpa sem danificar.  Comprar ahora  Modo de Coloca\u00e7\u00e3o: Colocar umas gotas de\u00a0lubrificante especial para matraquilhos\u00a0num pano ou papel. Empurramos todos os var\u00f5es para um lado e passamos o pano desde o casquilho ate ao punho ou ao final do var\u00e3o, apenas por fora do matraquilho e em todos os var\u00f5es. Empurramos os var\u00f5es agora para o outro lado e repetimos o processo. N\u00e3o \u00e9 necess\u00e1rio lubrificar por dentro, ao empurrar o var\u00e3o ficar\u00e1 perfeitamente lubrificado. Veja o nosso v\u00eddeo.  https:\/\/www.youtube.com\/watch?v=mIyv7r3__NA\" \/>\n<meta name=\"robots\" content=\"index, follow, max-snippet:-1, max-image-preview:large, max-video-preview:-1\" \/>\n<link rel=\"canonical\" href=\"https:\/\/theworldbilliards.com\/pt-pt\/como-lubrificar-um-matraquilho\/\" \/>\n<meta property=\"og:locale\" content=\"pt_PT\" \/>\n<meta property=\"og:type\" content=\"article\" \/>\n<meta property=\"og:title\" content=\"Como lubrificar um matraquilho? - The World Billiards\" \/>\n<meta property=\"og:description\" content=\"Como lubrificar um matraquilho? Utilizar o produto adequado \u00e9 importante se desejarmos manter o nosso matraquilho limpo e em bom estado. O nosso\u00a0lubrificante especial para Matraquilhos\u00a0ajuda a manter a nossa mesa lubrificada e limpa sem danificar.  Comprar ahora  Modo de Coloca\u00e7\u00e3o: Colocar umas gotas de\u00a0lubrificante especial para matraquilhos\u00a0num pano ou papel. Empurramos todos os var\u00f5es para um lado e passamos o pano desde o casquilho ate ao punho ou ao final do var\u00e3o, apenas por fora do matraquilho e em todos os var\u00f5es. Empurramos os var\u00f5es agora para o outro lado e repetimos o processo. N\u00e3o \u00e9 necess\u00e1rio lubrificar por dentro, ao empurrar o var\u00e3o ficar\u00e1 perfeitamente lubrificado. Veja o nosso v\u00eddeo.  https:\/\/www.youtube.com\/watch?v=mIyv7r3__NA\" \/>\n<meta property=\"og:url\" content=\"https:\/\/theworldbilliards.com\/pt-pt\/como-lubrificar-um-matraquilho\/\" \/>\n<meta property=\"og:site_name\" content=\"The World Billiards\" \/>\n<meta property=\"article:publisher\" content=\"https:\/\/www.facebook.com\/baby.foot.superbes\" \/>\n<meta property=\"article:modified_time\" content=\"2025-09-23T10:32:32+00:00\" \/>\n<meta property=\"og:image\" content=\"https:\/\/theworldbilliards.com\/wp-content\/uploads\/2023\/09\/cropped-logo-2023-TheWorldBilliards.png\" \/>\n\t<meta property=\"og:image:width\" content=\"1103\" \/>\n\t<meta property=\"og:image:height\" content=\"282\" \/>\n\t<meta property=\"og:image:type\" content=\"image\/png\" \/>\n<meta name=\"twitter:card\" content=\"summary_large_image\" \/>\n<script type=\"application\/ld+json\" class=\"yoast-schema-graph\">{\"@context\":\"https:\\\/\\\/schema.org\",\"@graph\":[{\"@type\":\"WebPage\",\"@id\":\"https:\\\/\\\/theworldbilliards.com\\\/pt-pt\\\/como-lubrificar-um-matraquilho\\\/\",\"url\":\"https:\\\/\\\/theworldbilliards.com\\\/pt-pt\\\/como-lubrificar-um-matraquilho\\\/\",\"name\":\"Como lubrificar um matraquilho? - The World Billiards\",\"isPartOf\":{\"@id\":\"https:\\\/\\\/theworldbilliards.com\\\/pt-pt\\\/#website\"},\"datePublished\":\"2021-09-27T11:49:02+00:00\",\"dateModified\":\"2025-09-23T10:32:32+00:00\",\"description\":\"Como lubrificar um matraquilho? Utilizar o produto adequado \u00e9 importante se desejarmos manter o nosso matraquilho limpo e em bom estado. O nosso\u00a0lubrificante especial para Matraquilhos\u00a0ajuda a manter a nossa mesa lubrificada e limpa sem danificar. Comprar ahora Modo de Coloca\u00e7\u00e3o: Colocar umas gotas de\u00a0lubrificante especial para matraquilhos\u00a0num pano ou papel. Empurramos todos os var\u00f5es para um lado e passamos o pano desde o casquilho ate ao punho ou ao final do var\u00e3o, apenas por fora do matraquilho e em todos os var\u00f5es. Empurramos os var\u00f5es agora para o outro lado e repetimos o processo. N\u00e3o \u00e9 necess\u00e1rio lubrificar por dentro, ao empurrar o var\u00e3o ficar\u00e1 perfeitamente lubrificado. Veja o nosso v\u00eddeo. https:\\\/\\\/www.youtube.com\\\/watch?v=mIyv7r3__NA\",\"breadcrumb\":{\"@id\":\"https:\\\/\\\/theworldbilliards.com\\\/pt-pt\\\/como-lubrificar-um-matraquilho\\\/#breadcrumb\"},\"inLanguage\":\"pt-PT\",\"potentialAction\":[{\"@type\":\"ReadAction\",\"target\":[\"https:\\\/\\\/theworldbilliards.com\\\/pt-pt\\\/como-lubrificar-um-matraquilho\\\/\"]}]},{\"@type\":\"BreadcrumbList\",\"@id\":\"https:\\\/\\\/theworldbilliards.com\\\/pt-pt\\\/como-lubrificar-um-matraquilho\\\/#breadcrumb\",\"itemListElement\":[{\"@type\":\"ListItem\",\"position\":1,\"name\":\"In\u00edcio\",\"item\":\"https:\\\/\\\/theworldbilliards.com\\\/pt-pt\\\/\"},{\"@type\":\"ListItem\",\"position\":2,\"name\":\"Como lubrificar um matraquilho?\"}]},{\"@type\":\"WebSite\",\"@id\":\"https:\\\/\\\/theworldbilliards.com\\\/pt-pt\\\/#website\",\"url\":\"https:\\\/\\\/theworldbilliards.com\\\/pt-pt\\\/\",\"name\":\"TheWorldBilliards\",\"description\":\"Compre aqui bilhar, matraquilho, t\u00eanis de mesa e bowling\",\"publisher\":{\"@id\":\"https:\\\/\\\/theworldbilliards.com\\\/pt-pt\\\/#organization\"},\"alternateName\":\"The world billiards\",\"potentialAction\":[{\"@type\":\"SearchAction\",\"target\":{\"@type\":\"EntryPoint\",\"urlTemplate\":\"https:\\\/\\\/theworldbilliards.com\\\/pt-pt\\\/?s={search_term_string}\"},\"query-input\":{\"@type\":\"PropertyValueSpecification\",\"valueRequired\":true,\"valueName\":\"search_term_string\"}}],\"inLanguage\":\"pt-PT\"},{\"@type\":\"Organization\",\"@id\":\"https:\\\/\\\/theworldbilliards.com\\\/pt-pt\\\/#organization\",\"name\":\"The World Billiards\",\"alternateName\":\"The World Billiards\",\"url\":\"https:\\\/\\\/theworldbilliards.com\\\/pt-pt\\\/\",\"logo\":{\"@type\":\"ImageObject\",\"inLanguage\":\"pt-PT\",\"@id\":\"https:\\\/\\\/theworldbilliards.com\\\/pt-pt\\\/#\\\/schema\\\/logo\\\/image\\\/\",\"url\":\"\",\"contentUrl\":\"\",\"caption\":\"The World Billiards\"},\"image\":{\"@id\":\"https:\\\/\\\/theworldbilliards.com\\\/pt-pt\\\/#\\\/schema\\\/logo\\\/image\\\/\"},\"sameAs\":[\"https:\\\/\\\/www.facebook.com\\\/baby.foot.superbes\",\"https:\\\/\\\/www.youtube.com\\\/channel\\\/UCIMuOVAaUcH6UpZcsZlH0Tg\",\"https:\\\/\\\/www.facebook.com\\\/people\\\/Brunswick-Billiards-EspaaPortugal\\\/100066446264309\\\/\",\"https:\\\/\\\/www.instagram.com\\\/the_world_billiards\\\/\",\"https:\\\/\\\/www.pinterest.es\\\/Theworldbilliards\\\/\"]}]}<\/script>\n<!-- \/ Yoast SEO plugin. -->","yoast_head_json":{"title":"Como lubrificar um matraquilho? - The World Billiards","description":"Como lubrificar um matraquilho? Utilizar o produto adequado \u00e9 importante se desejarmos manter o nosso matraquilho limpo e em bom estado. O nosso\u00a0lubrificante especial para Matraquilhos\u00a0ajuda a manter a nossa mesa lubrificada e limpa sem danificar.  Comprar ahora  Modo de Coloca\u00e7\u00e3o: Colocar umas gotas de\u00a0lubrificante especial para matraquilhos\u00a0num pano ou papel. Empurramos todos os var\u00f5es para um lado e passamos o pano desde o casquilho ate ao punho ou ao final do var\u00e3o, apenas por fora do matraquilho e em todos os var\u00f5es. Empurramos os var\u00f5es agora para o outro lado e repetimos o processo. N\u00e3o \u00e9 necess\u00e1rio lubrificar por dentro, ao empurrar o var\u00e3o ficar\u00e1 perfeitamente lubrificado. Veja o nosso v\u00eddeo.  https:\/\/www.youtube.com\/watch?v=mIyv7r3__NA","robots":{"index":"index","follow":"follow","max-snippet":"max-snippet:-1","max-image-preview":"max-image-preview:large","max-video-preview":"max-video-preview:-1"},"canonical":"https:\/\/theworldbilliards.com\/pt-pt\/como-lubrificar-um-matraquilho\/","og_locale":"pt_PT","og_type":"article","og_title":"Como lubrificar um matraquilho? - The World Billiards","og_description":"Como lubrificar um matraquilho? Utilizar o produto adequado \u00e9 importante se desejarmos manter o nosso matraquilho limpo e em bom estado. O nosso\u00a0lubrificante especial para Matraquilhos\u00a0ajuda a manter a nossa mesa lubrificada e limpa sem danificar.  Comprar ahora  Modo de Coloca\u00e7\u00e3o: Colocar umas gotas de\u00a0lubrificante especial para matraquilhos\u00a0num pano ou papel. Empurramos todos os var\u00f5es para um lado e passamos o pano desde o casquilho ate ao punho ou ao final do var\u00e3o, apenas por fora do matraquilho e em todos os var\u00f5es. Empurramos os var\u00f5es agora para o outro lado e repetimos o processo. N\u00e3o \u00e9 necess\u00e1rio lubrificar por dentro, ao empurrar o var\u00e3o ficar\u00e1 perfeitamente lubrificado. Veja o nosso v\u00eddeo.  https:\/\/www.youtube.com\/watch?v=mIyv7r3__NA","og_url":"https:\/\/theworldbilliards.com\/pt-pt\/como-lubrificar-um-matraquilho\/","og_site_name":"The World Billiards","article_publisher":"https:\/\/www.facebook.com\/baby.foot.superbes","article_modified_time":"2025-09-23T10:32:32+00:00","og_image":[{"width":1103,"height":282,"url":"https:\/\/theworldbilliards.com\/wp-content\/uploads\/2023\/09\/cropped-logo-2023-TheWorldBilliards.png","type":"image\/png"}],"twitter_card":"summary_large_image","schema":{"@context":"https:\/\/schema.org","@graph":[{"@type":"WebPage","@id":"https:\/\/theworldbilliards.com\/pt-pt\/como-lubrificar-um-matraquilho\/","url":"https:\/\/theworldbilliards.com\/pt-pt\/como-lubrificar-um-matraquilho\/","name":"Como lubrificar um matraquilho? - The World Billiards","isPartOf":{"@id":"https:\/\/theworldbilliards.com\/pt-pt\/#website"},"datePublished":"2021-09-27T11:49:02+00:00","dateModified":"2025-09-23T10:32:32+00:00","description":"Como lubrificar um matraquilho? Utilizar o produto adequado \u00e9 importante se desejarmos manter o nosso matraquilho limpo e em bom estado. O nosso\u00a0lubrificante especial para Matraquilhos\u00a0ajuda a manter a nossa mesa lubrificada e limpa sem danificar. Comprar ahora Modo de Coloca\u00e7\u00e3o: Colocar umas gotas de\u00a0lubrificante especial para matraquilhos\u00a0num pano ou papel. Empurramos todos os var\u00f5es para um lado e passamos o pano desde o casquilho ate ao punho ou ao final do var\u00e3o, apenas por fora do matraquilho e em todos os var\u00f5es. Empurramos os var\u00f5es agora para o outro lado e repetimos o processo. N\u00e3o \u00e9 necess\u00e1rio lubrificar por dentro, ao empurrar o var\u00e3o ficar\u00e1 perfeitamente lubrificado. Veja o nosso v\u00eddeo. https:\/\/www.youtube.com\/watch?v=mIyv7r3__NA","breadcrumb":{"@id":"https:\/\/theworldbilliards.com\/pt-pt\/como-lubrificar-um-matraquilho\/#breadcrumb"},"inLanguage":"pt-PT","potentialAction":[{"@type":"ReadAction","target":["https:\/\/theworldbilliards.com\/pt-pt\/como-lubrificar-um-matraquilho\/"]}]},{"@type":"BreadcrumbList","@id":"https:\/\/theworldbilliards.com\/pt-pt\/como-lubrificar-um-matraquilho\/#breadcrumb","itemListElement":[{"@type":"ListItem","position":1,"name":"In\u00edcio","item":"https:\/\/theworldbilliards.com\/pt-pt\/"},{"@type":"ListItem","position":2,"name":"Como lubrificar um matraquilho?"}]},{"@type":"WebSite","@id":"https:\/\/theworldbilliards.com\/pt-pt\/#website","url":"https:\/\/theworldbilliards.com\/pt-pt\/","name":"TheWorldBilliards","description":"Compre aqui bilhar, matraquilho, t\u00eanis de mesa e bowling","publisher":{"@id":"https:\/\/theworldbilliards.com\/pt-pt\/#organization"},"alternateName":"The world billiards","potentialAction":[{"@type":"SearchAction","target":{"@type":"EntryPoint","urlTemplate":"https:\/\/theworldbilliards.com\/pt-pt\/?s={search_term_string}"},"query-input":{"@type":"PropertyValueSpecification","valueRequired":true,"valueName":"search_term_string"}}],"inLanguage":"pt-PT"},{"@type":"Organization","@id":"https:\/\/theworldbilliards.com\/pt-pt\/#organization","name":"The World Billiards","alternateName":"The World Billiards","url":"https:\/\/theworldbilliards.com\/pt-pt\/","logo":{"@type":"ImageObject","inLanguage":"pt-PT","@id":"https:\/\/theworldbilliards.com\/pt-pt\/#\/schema\/logo\/image\/","url":"","contentUrl":"","caption":"The World Billiards"},"image":{"@id":"https:\/\/theworldbilliards.com\/pt-pt\/#\/schema\/logo\/image\/"},"sameAs":["https:\/\/www.facebook.com\/baby.foot.superbes","https:\/\/www.youtube.com\/channel\/UCIMuOVAaUcH6UpZcsZlH0Tg","https:\/\/www.facebook.com\/people\/Brunswick-Billiards-EspaaPortugal\/100066446264309\/","https:\/\/www.instagram.com\/the_world_billiards\/","https:\/\/www.pinterest.es\/Theworldbilliards\/"]}]}},"_links":{"self":[{"href":"https:\/\/theworldbilliards.com\/pt-pt\/wp-json\/wp\/v2\/pages\/85278","targetHints":{"allow":["GET"]}}],"collection":[{"href":"https:\/\/theworldbilliards.com\/pt-pt\/wp-json\/wp\/v2\/pages"}],"about":[{"href":"https:\/\/theworldbilliards.com\/pt-pt\/wp-json\/wp\/v2\/types\/page"}],"author":[{"embeddable":true,"href":"https:\/\/theworldbilliards.com\/pt-pt\/wp-json\/wp\/v2\/users\/321"}],"replies":[{"embeddable":true,"href":"https:\/\/theworldbilliards.com\/pt-pt\/wp-json\/wp\/v2\/comments?post=85278"}],"version-history":[{"count":0,"href":"https:\/\/theworldbilliards.com\/pt-pt\/wp-json\/wp\/v2\/pages\/85278\/revisions"}],"wp:attachment":[{"href":"https:\/\/theworldbilliards.com\/pt-pt\/wp-json\/wp\/v2\/media?parent=85278"}],"curies":[{"name":"wp","href":"https:\/\/api.w.org\/{rel}","templated":true}]}}