{"id":103795,"date":"2024-07-04T12:22:38","date_gmt":"2024-07-04T10:22:38","guid":{"rendered":"https:\/\/theworldbilliards.com\/?post_type=product&#038;p=103795"},"modified":"2026-03-26T12:57:29","modified_gmt":"2026-03-26T11:57:29","slug":"bilhar-american-heritage-lanai-outdoor","status":"publish","type":"product","link":"https:\/\/theworldbilliards.com\/pt-pt\/produto\/bilhar-american-heritage-lanai-outdoor\/","title":{"rendered":"Bilhar American Heritage Lanai Outdoor"},"content":{"rendered":"<p>Constru\u00edda para atividades ao ar livre, a mesa de bilhar exterior Lanai foi concebida para a melhor experi\u00eancia em entretenimento dom\u00e9stico ao ar livre. A constru\u00e7\u00e3o de alta qualidade, as ferragens em a\u00e7o inoxid\u00e1vel e os materiais dur\u00e1veis \u200b\u200bcom revestimento em p\u00f3 garantem que esta mesa de bilhar ir\u00e1 encantar os jogadores no seu o\u00e1sis ao ar livre durante muitos anos. O estilo contempor\u00e2neo adapta-se a uma variedade de ambientes de quintal e paisagismo.<\/p>\n<p>Durabilidade excecional com um acabamento dur\u00e1vel de revestimento em p\u00f3 para exteriores, garantindo uma prote\u00e7\u00e3o duradoura contra os elementos externos<\/p>\n<p>Superf\u00edcie de jogo superior com ard\u00f3sia certificada de tr\u00eas pe\u00e7as de 1&#8243; apoiada em pinho carbonizado para qualquer clima, proporcionando uma excelente estabilidade e um rolamento de bola consistente<\/p>\n<p>Versatilidade melhorada com niveladores de pernas ajust\u00e1veis, permitindo ajustar facilmente a altura da mesa para uma superf\u00edcie de jogo perfeitamente nivelada<\/p>\n<p>Op\u00e7\u00f5es de funcionalidade adicionais dispon\u00edveis com bancos de arruma\u00e7\u00e3o coordenados e um tampo de convers\u00e3o para jantar (vendido em separado), proporcionando versatilidade para al\u00e9m de apenas uma mesa de bilhar<\/p>\n<div class=\"detalhe_left\">\n<p>Especifica\u00e7\u00f5es do produto:<\/p>\n<\/div>\n<ul>\n<li>Ard\u00f3sia: placa de ard\u00f3sia de 3 pe\u00e7as com espessura de 2,54 cm.<\/li>\n<li>Tamanho: 8 p\u00e9s.<\/li>\n<li>Cor: \u00a0&#8220;Pearl White&#8221;, &#8220;Oyster Grey&#8221; ou &#8220;Obsidian Black&#8221;<\/li>\n<li>Pano Simonis Slate Grey Outdoor\u00a0 inclu\u00eddo<\/li>\n<\/ul>\n","protected":false},"excerpt":{"rendered":"<p><strong>Acess\u00f3rios inclu\u00eddos :<\/strong><br \/>\n\u2022 1 Conjunto de bolas<br \/>\n\u2022 1 Tri\u00e2ngulo (em pool)<br \/>\n\u2022 4 Tacos inteiros<br \/>\n\u2022 6 Cubos de giz<br \/>\n\u2022 1 Escova<\/p>\n<p><a href=\"https:\/\/theworldbilliards.com\/pt-pt\/categoria-produto\/bilhares\/acessorios-de-bilhar\/kits-de-acessorios\/\" target=\"_blank\" rel=\"noopener\"><strong>Outras op\u00e7\u00f5es de kit de acess\u00f3rios<\/strong><\/a><strong><a href=\"https:\/\/theworldbilliards.com\/pt-pt\/categoria-produto\/bilhares\/acessorios-de-bilhar\/kits-de-acessorios\/\" target=\"_blank\" rel=\"noopener\"><img loading=\"lazy\" decoding=\"async\" class=\"alignnone wp-image-103074\" src=\"https:\/\/theworldbilliards.com\/wp-content\/uploads\/2024\/04\/Brunswick-kit-centennial-300x189.jpg\" alt=\"\" width=\"200\" height=\"126\" srcset=\"https:\/\/theworldbilliards.com\/wp-content\/uploads\/2024\/04\/Brunswick-kit-centennial-300x189.jpg 300w, https:\/\/theworldbilliards.com\/wp-content\/uploads\/2024\/04\/Brunswick-kit-centennial-600x379.jpg 600w, https:\/\/theworldbilliards.com\/wp-content\/uploads\/2024\/04\/Brunswick-kit-centennial.jpg 708w\" sizes=\"auto, (max-width: 200px) 100vw, 200px\" \/><\/a><\/strong><\/p>\n","protected":false},"featured_media":103800,"template":"","meta":{"site-sidebar-layout":"default","site-content-layout":"","ast-site-content-layout":"default","site-content-style":"default","site-sidebar-style":"default","ast-global-header-display":"","ast-banner-title-visibility":"","ast-main-header-display":"","ast-hfb-above-header-display":"","ast-hfb-below-header-display":"","ast-hfb-mobile-header-display":"","site-post-title":"","ast-breadcrumbs-content":"","ast-featured-img":"","footer-sml-layout":"","ast-disable-related-posts":"","theme-transparent-header-meta":"default","adv-header-id-meta":"","stick-header-meta":"","header-above-stick-meta":"","header-main-stick-meta":"","header-below-stick-meta":"","astra-migrate-meta-layouts":"default","ast-page-background-enabled":"default","ast-page-background-meta":{"desktop":{"background-color":"var(--ast-global-color-4)","background-image":"","background-repeat":"repeat","background-position":"center center","background-size":"auto","background-attachment":"scroll","background-type":"","background-media":"","overlay-type":"","overlay-color":"","overlay-opacity":"","overlay-gradient":""},"tablet":{"background-color":"","background-image":"","background-repeat":"repeat","background-position":"center center","background-size":"auto","background-attachment":"scroll","background-type":"","background-media":"","overlay-type":"","overlay-color":"","overlay-opacity":"","overlay-gradient":""},"mobile":{"background-color":"","background-image":"","background-repeat":"repeat","background-position":"center center","background-size":"auto","background-attachment":"scroll","background-type":"","background-media":"","overlay-type":"","overlay-color":"","overlay-opacity":"","overlay-gradient":""}},"ast-content-background-meta":{"desktop":{"background-color":"var(--ast-global-color-5)","background-image":"","background-repeat":"repeat","background-position":"center center","background-size":"auto","background-attachment":"scroll","background-type":"","background-media":"","overlay-type":"","overlay-color":"","overlay-opacity":"","overlay-gradient":""},"tablet":{"background-color":"var(--ast-global-color-5)","background-image":"","background-repeat":"repeat","background-position":"center center","background-size":"auto","background-attachment":"scroll","background-type":"","background-media":"","overlay-type":"","overlay-color":"","overlay-opacity":"","overlay-gradient":""},"mobile":{"background-color":"var(--ast-global-color-5)","background-image":"","background-repeat":"repeat","background-position":"center center","background-size":"auto","background-attachment":"scroll","background-type":"","background-media":"","overlay-type":"","overlay-color":"","overlay-opacity":"","overlay-gradient":""}}},"product_brand":[5211],"product_cat":[4995,3447],"product_tag":[],"class_list":{"0":"post-103795","1":"product","2":"type-product","3":"status-publish","4":"has-post-thumbnail","6":"product_brand-american-heritage-billiards-pt-pt","7":"product_cat-bilhares-american-heritage","8":"product_cat-jogos-de-exterior","9":"product_shipping_class-bilhares-8ft","10":"desktop-align-center","11":"tablet-align-left","12":"mobile-align-left","14":"first","15":"onbackorder","16":"taxable","17":"shipping-taxable","18":"purchasable","19":"product-type-variable"},"yoast_head":"<!-- This site is optimized with the Yoast SEO plugin v27.6 - https:\/\/yoast.com\/product\/yoast-seo-wordpress\/ -->\n<title>Bilhar American Heritage Lanai Outdoor - The World Billiards<\/title>\n<meta name=\"description\" content=\"Constru\u00edda para atividades ao ar livre, a mesa de bilhar exterior Lanai foi concebida para a melhor experi\u00eancia em entretenimento dom\u00e9stico ao ar livre. A constru\u00e7\u00e3o de alta qualidade, as ferragens em a\u00e7o inoxid\u00e1vel e os materiais dur\u00e1veis \u200b\u200bcom revestimento em p\u00f3 garantem que esta mesa de bilhar ir\u00e1 encantar os jogadores no seu o\u00e1sis ao ar livre durante muitos anos. O estilo contempor\u00e2neo adapta-se a uma variedade de ambientes de quintal e paisagismo.  Durabilidade excecional com um acabamento dur\u00e1vel de revestimento em p\u00f3 para exteriores, garantindo uma prote\u00e7\u00e3o duradoura contra os elementos externos  Superf\u00edcie de jogo superior com ard\u00f3sia certificada de tr\u00eas pe\u00e7as de 1&quot; apoiada em pinho carbonizado para qualquer clima, proporcionando uma excelente estabilidade e um rolamento de bola consistente  Versatilidade melhorada com niveladores de pernas ajust\u00e1veis, permitindo ajustar facilmente a altura da mesa para uma superf\u00edcie de jogo perfeitamente nivelada  Op\u00e7\u00f5es de funcionalidade adicionais dispon\u00edveis com bancos de arruma\u00e7\u00e3o coordenados e um tampo de convers\u00e3o para jantar (vendido em separado), proporcionando versatilidade para al\u00e9m de apenas uma mesa de bilhar   Especifica\u00e7\u00f5es do produto:     Ard\u00f3sia: placa de ard\u00f3sia de 3 pe\u00e7as com espessura de 2,54 cm.  Tamanho: 8 p\u00e9s.  Cor: \u00a0&quot;Pearl White&quot;, &quot;Oyster Grey&quot; ou &quot;Obsidian Black&quot;  Pano Simonis Slate Grey Outdoor\u00a0 inclu\u00eddo\" \/>\n<meta name=\"robots\" content=\"index, follow, max-snippet:-1, max-image-preview:large, max-video-preview:-1\" \/>\n<link rel=\"canonical\" href=\"https:\/\/theworldbilliards.com\/pt-pt\/produto\/bilhar-american-heritage-lanai-outdoor\/\" \/>\n<meta property=\"og:locale\" content=\"pt_PT\" \/>\n<meta property=\"og:type\" content=\"article\" \/>\n<meta property=\"og:title\" content=\"Bilhar American Heritage Lanai Outdoor - The World Billiards\" \/>\n<meta property=\"og:description\" content=\"Constru\u00edda para atividades ao ar livre, a mesa de bilhar exterior Lanai foi concebida para a melhor experi\u00eancia em entretenimento dom\u00e9stico ao ar livre. A constru\u00e7\u00e3o de alta qualidade, as ferragens em a\u00e7o inoxid\u00e1vel e os materiais dur\u00e1veis \u200b\u200bcom revestimento em p\u00f3 garantem que esta mesa de bilhar ir\u00e1 encantar os jogadores no seu o\u00e1sis ao ar livre durante muitos anos. O estilo contempor\u00e2neo adapta-se a uma variedade de ambientes de quintal e paisagismo.  Durabilidade excecional com um acabamento dur\u00e1vel de revestimento em p\u00f3 para exteriores, garantindo uma prote\u00e7\u00e3o duradoura contra os elementos externos  Superf\u00edcie de jogo superior com ard\u00f3sia certificada de tr\u00eas pe\u00e7as de 1&quot; apoiada em pinho carbonizado para qualquer clima, proporcionando uma excelente estabilidade e um rolamento de bola consistente  Versatilidade melhorada com niveladores de pernas ajust\u00e1veis, permitindo ajustar facilmente a altura da mesa para uma superf\u00edcie de jogo perfeitamente nivelada  Op\u00e7\u00f5es de funcionalidade adicionais dispon\u00edveis com bancos de arruma\u00e7\u00e3o coordenados e um tampo de convers\u00e3o para jantar (vendido em separado), proporcionando versatilidade para al\u00e9m de apenas uma mesa de bilhar   Especifica\u00e7\u00f5es do produto:     Ard\u00f3sia: placa de ard\u00f3sia de 3 pe\u00e7as com espessura de 2,54 cm.  Tamanho: 8 p\u00e9s.  Cor: \u00a0&quot;Pearl White&quot;, &quot;Oyster Grey&quot; ou &quot;Obsidian Black&quot;  Pano Simonis Slate Grey Outdoor\u00a0 inclu\u00eddo\" \/>\n<meta property=\"og:url\" content=\"https:\/\/theworldbilliards.com\/pt-pt\/produto\/bilhar-american-heritage-lanai-outdoor\/\" \/>\n<meta property=\"og:site_name\" content=\"The World Billiards\" \/>\n<meta property=\"article:publisher\" content=\"https:\/\/www.facebook.com\/baby.foot.superbes\" \/>\n<meta property=\"article:modified_time\" content=\"2026-03-26T11:57:29+00:00\" \/>\n<meta property=\"og:image\" content=\"https:\/\/theworldbilliards.com\/wp-content\/uploads\/2024\/07\/lanai-outdoor-obsidian-black.jpg\" \/>\n\t<meta property=\"og:image:width\" content=\"914\" \/>\n\t<meta property=\"og:image:height\" content=\"914\" \/>\n\t<meta property=\"og:image:type\" content=\"image\/jpeg\" \/>\n<meta name=\"twitter:card\" content=\"summary_large_image\" \/>\n<script type=\"application\/ld+json\" class=\"yoast-schema-graph\">{\"@context\":\"https:\\\/\\\/schema.org\",\"@graph\":[{\"@type\":\"WebPage\",\"@id\":\"https:\\\/\\\/theworldbilliards.com\\\/pt-pt\\\/produto\\\/bilhar-american-heritage-lanai-outdoor\\\/\",\"url\":\"https:\\\/\\\/theworldbilliards.com\\\/pt-pt\\\/produto\\\/bilhar-american-heritage-lanai-outdoor\\\/\",\"name\":\"Bilhar American Heritage Lanai Outdoor - The World Billiards\",\"isPartOf\":{\"@id\":\"https:\\\/\\\/theworldbilliards.com\\\/pt-pt\\\/#website\"},\"primaryImageOfPage\":{\"@id\":\"https:\\\/\\\/theworldbilliards.com\\\/pt-pt\\\/produto\\\/bilhar-american-heritage-lanai-outdoor\\\/#primaryimage\"},\"image\":{\"@id\":\"https:\\\/\\\/theworldbilliards.com\\\/pt-pt\\\/produto\\\/bilhar-american-heritage-lanai-outdoor\\\/#primaryimage\"},\"thumbnailUrl\":\"https:\\\/\\\/theworldbilliards.com\\\/wp-content\\\/uploads\\\/2024\\\/07\\\/lanai-outdoor-obsidian-black.jpg\",\"datePublished\":\"2024-07-04T10:22:38+00:00\",\"dateModified\":\"2026-03-26T11:57:29+00:00\",\"description\":\"Constru\u00edda para atividades ao ar livre, a mesa de bilhar exterior Lanai foi concebida para a melhor experi\u00eancia em entretenimento dom\u00e9stico ao ar livre. A constru\u00e7\u00e3o de alta qualidade, as ferragens em a\u00e7o inoxid\u00e1vel e os materiais dur\u00e1veis \u200b\u200bcom revestimento em p\u00f3 garantem que esta mesa de bilhar ir\u00e1 encantar os jogadores no seu o\u00e1sis ao ar livre durante muitos anos. O estilo contempor\u00e2neo adapta-se a uma variedade de ambientes de quintal e paisagismo. Durabilidade excecional com um acabamento dur\u00e1vel de revestimento em p\u00f3 para exteriores, garantindo uma prote\u00e7\u00e3o duradoura contra os elementos externos Superf\u00edcie de jogo superior com ard\u00f3sia certificada de tr\u00eas pe\u00e7as de 1\\\" apoiada em pinho carbonizado para qualquer clima, proporcionando uma excelente estabilidade e um rolamento de bola consistente Versatilidade melhorada com niveladores de pernas ajust\u00e1veis, permitindo ajustar facilmente a altura da mesa para uma superf\u00edcie de jogo perfeitamente nivelada Op\u00e7\u00f5es de funcionalidade adicionais dispon\u00edveis com bancos de arruma\u00e7\u00e3o coordenados e um tampo de convers\u00e3o para jantar (vendido em separado), proporcionando versatilidade para al\u00e9m de apenas uma mesa de bilhar Especifica\u00e7\u00f5es do produto: Ard\u00f3sia: placa de ard\u00f3sia de 3 pe\u00e7as com espessura de 2,54 cm. Tamanho: 8 p\u00e9s. Cor: \u00a0\\\"Pearl White\\\", \\\"Oyster Grey\\\" ou \\\"Obsidian Black\\\" Pano Simonis Slate Grey Outdoor\u00a0 inclu\u00eddo\",\"breadcrumb\":{\"@id\":\"https:\\\/\\\/theworldbilliards.com\\\/pt-pt\\\/produto\\\/bilhar-american-heritage-lanai-outdoor\\\/#breadcrumb\"},\"inLanguage\":\"pt-PT\",\"potentialAction\":[{\"@type\":\"ReadAction\",\"target\":[\"https:\\\/\\\/theworldbilliards.com\\\/pt-pt\\\/produto\\\/bilhar-american-heritage-lanai-outdoor\\\/\"]}]},{\"@type\":\"ImageObject\",\"inLanguage\":\"pt-PT\",\"@id\":\"https:\\\/\\\/theworldbilliards.com\\\/pt-pt\\\/produto\\\/bilhar-american-heritage-lanai-outdoor\\\/#primaryimage\",\"url\":\"https:\\\/\\\/theworldbilliards.com\\\/wp-content\\\/uploads\\\/2024\\\/07\\\/lanai-outdoor-obsidian-black.jpg\",\"contentUrl\":\"https:\\\/\\\/theworldbilliards.com\\\/wp-content\\\/uploads\\\/2024\\\/07\\\/lanai-outdoor-obsidian-black.jpg\",\"width\":914,\"height\":914},{\"@type\":\"BreadcrumbList\",\"@id\":\"https:\\\/\\\/theworldbilliards.com\\\/pt-pt\\\/produto\\\/bilhar-american-heritage-lanai-outdoor\\\/#breadcrumb\",\"itemListElement\":[{\"@type\":\"ListItem\",\"position\":1,\"name\":\"In\u00edcio\",\"item\":\"https:\\\/\\\/theworldbilliards.com\\\/pt-pt\\\/\"},{\"@type\":\"ListItem\",\"position\":2,\"name\":\"Loja online\",\"item\":\"https:\\\/\\\/theworldbilliards.com\\\/pt-pt\\\/loja-theworldbilliards\\\/\"},{\"@type\":\"ListItem\",\"position\":3,\"name\":\"Bilhar American Heritage Lanai Outdoor\"}]},{\"@type\":\"WebSite\",\"@id\":\"https:\\\/\\\/theworldbilliards.com\\\/pt-pt\\\/#website\",\"url\":\"https:\\\/\\\/theworldbilliards.com\\\/pt-pt\\\/\",\"name\":\"TheWorldBilliards\",\"description\":\"Compre aqui bilhar, matraquilho, t\u00eanis de mesa e bowling\",\"publisher\":{\"@id\":\"https:\\\/\\\/theworldbilliards.com\\\/pt-pt\\\/#organization\"},\"alternateName\":\"The world billiards\",\"potentialAction\":[{\"@type\":\"SearchAction\",\"target\":{\"@type\":\"EntryPoint\",\"urlTemplate\":\"https:\\\/\\\/theworldbilliards.com\\\/pt-pt\\\/?s={search_term_string}\"},\"query-input\":{\"@type\":\"PropertyValueSpecification\",\"valueRequired\":true,\"valueName\":\"search_term_string\"}}],\"inLanguage\":\"pt-PT\"},{\"@type\":\"Organization\",\"@id\":\"https:\\\/\\\/theworldbilliards.com\\\/pt-pt\\\/#organization\",\"name\":\"The World Billiards\",\"alternateName\":\"The World Billiards\",\"url\":\"https:\\\/\\\/theworldbilliards.com\\\/pt-pt\\\/\",\"logo\":{\"@type\":\"ImageObject\",\"inLanguage\":\"pt-PT\",\"@id\":\"https:\\\/\\\/theworldbilliards.com\\\/pt-pt\\\/#\\\/schema\\\/logo\\\/image\\\/\",\"url\":\"\",\"contentUrl\":\"\",\"caption\":\"The World Billiards\"},\"image\":{\"@id\":\"https:\\\/\\\/theworldbilliards.com\\\/pt-pt\\\/#\\\/schema\\\/logo\\\/image\\\/\"},\"sameAs\":[\"https:\\\/\\\/www.facebook.com\\\/baby.foot.superbes\",\"https:\\\/\\\/www.youtube.com\\\/channel\\\/UCIMuOVAaUcH6UpZcsZlH0Tg\",\"https:\\\/\\\/www.facebook.com\\\/people\\\/Brunswick-Billiards-EspaaPortugal\\\/100066446264309\\\/\",\"https:\\\/\\\/www.instagram.com\\\/the_world_billiards\\\/\",\"https:\\\/\\\/www.pinterest.es\\\/Theworldbilliards\\\/\"]}]}<\/script>\n<!-- \/ Yoast SEO plugin. -->","yoast_head_json":{"title":"Bilhar American Heritage Lanai Outdoor - The World Billiards","description":"Constru\u00edda para atividades ao ar livre, a mesa de bilhar exterior Lanai foi concebida para a melhor experi\u00eancia em entretenimento dom\u00e9stico ao ar livre. A constru\u00e7\u00e3o de alta qualidade, as ferragens em a\u00e7o inoxid\u00e1vel e os materiais dur\u00e1veis \u200b\u200bcom revestimento em p\u00f3 garantem que esta mesa de bilhar ir\u00e1 encantar os jogadores no seu o\u00e1sis ao ar livre durante muitos anos. O estilo contempor\u00e2neo adapta-se a uma variedade de ambientes de quintal e paisagismo.  Durabilidade excecional com um acabamento dur\u00e1vel de revestimento em p\u00f3 para exteriores, garantindo uma prote\u00e7\u00e3o duradoura contra os elementos externos  Superf\u00edcie de jogo superior com ard\u00f3sia certificada de tr\u00eas pe\u00e7as de 1\" apoiada em pinho carbonizado para qualquer clima, proporcionando uma excelente estabilidade e um rolamento de bola consistente  Versatilidade melhorada com niveladores de pernas ajust\u00e1veis, permitindo ajustar facilmente a altura da mesa para uma superf\u00edcie de jogo perfeitamente nivelada  Op\u00e7\u00f5es de funcionalidade adicionais dispon\u00edveis com bancos de arruma\u00e7\u00e3o coordenados e um tampo de convers\u00e3o para jantar (vendido em separado), proporcionando versatilidade para al\u00e9m de apenas uma mesa de bilhar   Especifica\u00e7\u00f5es do produto:     Ard\u00f3sia: placa de ard\u00f3sia de 3 pe\u00e7as com espessura de 2,54 cm.  Tamanho: 8 p\u00e9s.  Cor: \u00a0\"Pearl White\", \"Oyster Grey\" ou \"Obsidian Black\"  Pano Simonis Slate Grey Outdoor\u00a0 inclu\u00eddo","robots":{"index":"index","follow":"follow","max-snippet":"max-snippet:-1","max-image-preview":"max-image-preview:large","max-video-preview":"max-video-preview:-1"},"canonical":"https:\/\/theworldbilliards.com\/pt-pt\/produto\/bilhar-american-heritage-lanai-outdoor\/","og_locale":"pt_PT","og_type":"article","og_title":"Bilhar American Heritage Lanai Outdoor - The World Billiards","og_description":"Constru\u00edda para atividades ao ar livre, a mesa de bilhar exterior Lanai foi concebida para a melhor experi\u00eancia em entretenimento dom\u00e9stico ao ar livre. A constru\u00e7\u00e3o de alta qualidade, as ferragens em a\u00e7o inoxid\u00e1vel e os materiais dur\u00e1veis \u200b\u200bcom revestimento em p\u00f3 garantem que esta mesa de bilhar ir\u00e1 encantar os jogadores no seu o\u00e1sis ao ar livre durante muitos anos. O estilo contempor\u00e2neo adapta-se a uma variedade de ambientes de quintal e paisagismo.  Durabilidade excecional com um acabamento dur\u00e1vel de revestimento em p\u00f3 para exteriores, garantindo uma prote\u00e7\u00e3o duradoura contra os elementos externos  Superf\u00edcie de jogo superior com ard\u00f3sia certificada de tr\u00eas pe\u00e7as de 1\" apoiada em pinho carbonizado para qualquer clima, proporcionando uma excelente estabilidade e um rolamento de bola consistente  Versatilidade melhorada com niveladores de pernas ajust\u00e1veis, permitindo ajustar facilmente a altura da mesa para uma superf\u00edcie de jogo perfeitamente nivelada  Op\u00e7\u00f5es de funcionalidade adicionais dispon\u00edveis com bancos de arruma\u00e7\u00e3o coordenados e um tampo de convers\u00e3o para jantar (vendido em separado), proporcionando versatilidade para al\u00e9m de apenas uma mesa de bilhar   Especifica\u00e7\u00f5es do produto:     Ard\u00f3sia: placa de ard\u00f3sia de 3 pe\u00e7as com espessura de 2,54 cm.  Tamanho: 8 p\u00e9s.  Cor: \u00a0\"Pearl White\", \"Oyster Grey\" ou \"Obsidian Black\"  Pano Simonis Slate Grey Outdoor\u00a0 inclu\u00eddo","og_url":"https:\/\/theworldbilliards.com\/pt-pt\/produto\/bilhar-american-heritage-lanai-outdoor\/","og_site_name":"The World Billiards","article_publisher":"https:\/\/www.facebook.com\/baby.foot.superbes","article_modified_time":"2026-03-26T11:57:29+00:00","og_image":[{"width":914,"height":914,"url":"https:\/\/theworldbilliards.com\/wp-content\/uploads\/2024\/07\/lanai-outdoor-obsidian-black.jpg","type":"image\/jpeg"}],"twitter_card":"summary_large_image","schema":{"@context":"https:\/\/schema.org","@graph":[{"@type":"WebPage","@id":"https:\/\/theworldbilliards.com\/pt-pt\/produto\/bilhar-american-heritage-lanai-outdoor\/","url":"https:\/\/theworldbilliards.com\/pt-pt\/produto\/bilhar-american-heritage-lanai-outdoor\/","name":"Bilhar American Heritage Lanai Outdoor - The World Billiards","isPartOf":{"@id":"https:\/\/theworldbilliards.com\/pt-pt\/#website"},"primaryImageOfPage":{"@id":"https:\/\/theworldbilliards.com\/pt-pt\/produto\/bilhar-american-heritage-lanai-outdoor\/#primaryimage"},"image":{"@id":"https:\/\/theworldbilliards.com\/pt-pt\/produto\/bilhar-american-heritage-lanai-outdoor\/#primaryimage"},"thumbnailUrl":"https:\/\/theworldbilliards.com\/wp-content\/uploads\/2024\/07\/lanai-outdoor-obsidian-black.jpg","datePublished":"2024-07-04T10:22:38+00:00","dateModified":"2026-03-26T11:57:29+00:00","description":"Constru\u00edda para atividades ao ar livre, a mesa de bilhar exterior Lanai foi concebida para a melhor experi\u00eancia em entretenimento dom\u00e9stico ao ar livre. A constru\u00e7\u00e3o de alta qualidade, as ferragens em a\u00e7o inoxid\u00e1vel e os materiais dur\u00e1veis \u200b\u200bcom revestimento em p\u00f3 garantem que esta mesa de bilhar ir\u00e1 encantar os jogadores no seu o\u00e1sis ao ar livre durante muitos anos. O estilo contempor\u00e2neo adapta-se a uma variedade de ambientes de quintal e paisagismo. Durabilidade excecional com um acabamento dur\u00e1vel de revestimento em p\u00f3 para exteriores, garantindo uma prote\u00e7\u00e3o duradoura contra os elementos externos Superf\u00edcie de jogo superior com ard\u00f3sia certificada de tr\u00eas pe\u00e7as de 1\" apoiada em pinho carbonizado para qualquer clima, proporcionando uma excelente estabilidade e um rolamento de bola consistente Versatilidade melhorada com niveladores de pernas ajust\u00e1veis, permitindo ajustar facilmente a altura da mesa para uma superf\u00edcie de jogo perfeitamente nivelada Op\u00e7\u00f5es de funcionalidade adicionais dispon\u00edveis com bancos de arruma\u00e7\u00e3o coordenados e um tampo de convers\u00e3o para jantar (vendido em separado), proporcionando versatilidade para al\u00e9m de apenas uma mesa de bilhar Especifica\u00e7\u00f5es do produto: Ard\u00f3sia: placa de ard\u00f3sia de 3 pe\u00e7as com espessura de 2,54 cm. Tamanho: 8 p\u00e9s. Cor: \u00a0\"Pearl White\", \"Oyster Grey\" ou \"Obsidian Black\" Pano Simonis Slate Grey Outdoor\u00a0 inclu\u00eddo","breadcrumb":{"@id":"https:\/\/theworldbilliards.com\/pt-pt\/produto\/bilhar-american-heritage-lanai-outdoor\/#breadcrumb"},"inLanguage":"pt-PT","potentialAction":[{"@type":"ReadAction","target":["https:\/\/theworldbilliards.com\/pt-pt\/produto\/bilhar-american-heritage-lanai-outdoor\/"]}]},{"@type":"ImageObject","inLanguage":"pt-PT","@id":"https:\/\/theworldbilliards.com\/pt-pt\/produto\/bilhar-american-heritage-lanai-outdoor\/#primaryimage","url":"https:\/\/theworldbilliards.com\/wp-content\/uploads\/2024\/07\/lanai-outdoor-obsidian-black.jpg","contentUrl":"https:\/\/theworldbilliards.com\/wp-content\/uploads\/2024\/07\/lanai-outdoor-obsidian-black.jpg","width":914,"height":914},{"@type":"BreadcrumbList","@id":"https:\/\/theworldbilliards.com\/pt-pt\/produto\/bilhar-american-heritage-lanai-outdoor\/#breadcrumb","itemListElement":[{"@type":"ListItem","position":1,"name":"In\u00edcio","item":"https:\/\/theworldbilliards.com\/pt-pt\/"},{"@type":"ListItem","position":2,"name":"Loja online","item":"https:\/\/theworldbilliards.com\/pt-pt\/loja-theworldbilliards\/"},{"@type":"ListItem","position":3,"name":"Bilhar American Heritage Lanai Outdoor"}]},{"@type":"WebSite","@id":"https:\/\/theworldbilliards.com\/pt-pt\/#website","url":"https:\/\/theworldbilliards.com\/pt-pt\/","name":"TheWorldBilliards","description":"Compre aqui bilhar, matraquilho, t\u00eanis de mesa e bowling","publisher":{"@id":"https:\/\/theworldbilliards.com\/pt-pt\/#organization"},"alternateName":"The world billiards","potentialAction":[{"@type":"SearchAction","target":{"@type":"EntryPoint","urlTemplate":"https:\/\/theworldbilliards.com\/pt-pt\/?s={search_term_string}"},"query-input":{"@type":"PropertyValueSpecification","valueRequired":true,"valueName":"search_term_string"}}],"inLanguage":"pt-PT"},{"@type":"Organization","@id":"https:\/\/theworldbilliards.com\/pt-pt\/#organization","name":"The World Billiards","alternateName":"The World Billiards","url":"https:\/\/theworldbilliards.com\/pt-pt\/","logo":{"@type":"ImageObject","inLanguage":"pt-PT","@id":"https:\/\/theworldbilliards.com\/pt-pt\/#\/schema\/logo\/image\/","url":"","contentUrl":"","caption":"The World Billiards"},"image":{"@id":"https:\/\/theworldbilliards.com\/pt-pt\/#\/schema\/logo\/image\/"},"sameAs":["https:\/\/www.facebook.com\/baby.foot.superbes","https:\/\/www.youtube.com\/channel\/UCIMuOVAaUcH6UpZcsZlH0Tg","https:\/\/www.facebook.com\/people\/Brunswick-Billiards-EspaaPortugal\/100066446264309\/","https:\/\/www.instagram.com\/the_world_billiards\/","https:\/\/www.pinterest.es\/Theworldbilliards\/"]}]}},"_links":{"self":[{"href":"https:\/\/theworldbilliards.com\/pt-pt\/wp-json\/wp\/v2\/product\/103795","targetHints":{"allow":["GET"]}}],"collection":[{"href":"https:\/\/theworldbilliards.com\/pt-pt\/wp-json\/wp\/v2\/product"}],"about":[{"href":"https:\/\/theworldbilliards.com\/pt-pt\/wp-json\/wp\/v2\/types\/product"}],"wp:featuredmedia":[{"embeddable":true,"href":"https:\/\/theworldbilliards.com\/pt-pt\/wp-json\/wp\/v2\/media\/103800"}],"wp:attachment":[{"href":"https:\/\/theworldbilliards.com\/pt-pt\/wp-json\/wp\/v2\/media?parent=103795"}],"wp:term":[{"taxonomy":"product_brand","embeddable":true,"href":"https:\/\/theworldbilliards.com\/pt-pt\/wp-json\/wp\/v2\/product_brand?post=103795"},{"taxonomy":"product_cat","embeddable":true,"href":"https:\/\/theworldbilliards.com\/pt-pt\/wp-json\/wp\/v2\/product_cat?post=103795"},{"taxonomy":"product_tag","embeddable":true,"href":"https:\/\/theworldbilliards.com\/pt-pt\/wp-json\/wp\/v2\/product_tag?post=103795"}],"curies":[{"name":"wp","href":"https:\/\/api.w.org\/{rel}","templated":true}]}}