{"id":104050,"date":"2024-07-12T12:47:21","date_gmt":"2024-07-12T10:47:21","guid":{"rendered":"https:\/\/theworldbilliards.com\/?post_type=product&#038;p=104050"},"modified":"2025-04-03T11:00:57","modified_gmt":"2025-04-03T09:00:57","slug":"shuffleboard-brunswick-andover","status":"publish","type":"product","link":"https:\/\/theworldbilliards.com\/pt-pt\/produto\/shuffleboard-brunswick-andover\/","title":{"rendered":"Shuffleboard Brunswick Andover"},"content":{"rendered":"<p>A divers\u00e3o em fam\u00edlia come\u00e7a com esta cl\u00e1ssica mesa de shuffleboard. Apresentando um campo de jogo de bordo norte-americano de 20&#8243; de largura por 2,5&#8243; de espessura e uma superf\u00edcie de resina de pol\u00edmero, esta mesa \u00e9 requintada na sua jogabilidade e apar\u00eancia. Dispon\u00edvel em tamanhos de 12 e 14 p\u00e9s com acabamento contempor\u00e2neo em Espresso, Driftwood ou Rustic Dark Brown. Andover fornece um complemento visual \u00fanico para qualquer sala de jogos dom\u00e9stica.<\/p>\n<p>Possui prateleiras de armazenamento convenientes localizadas na perna central e acess\u00f3rios (incluindo quatro discos pretos, quatro discos vermelhos, um marcador de \u00e1baco em a\u00e7o inoxid\u00e1vel, uma escova de mesa e cera de shuffleboard),<\/p>\n<p>Caracter\u00edsticas<br \/>\nAcess\u00f3rios inclu\u00eddos: quatro pesos pretos, quatro pesos vermelhos, sistema de pontua\u00e7\u00e3o de \u00e1baco embutido, escova de mesa e cera shuffleboard<\/p>\n<p>Area de jogo:<br \/>\n12&#8242;: 132.5&#8243; x 20&#8243; x 2.5&#8243; (12 ft) (336.55 x 51 x 6.35 cm)<br \/>\n14&#8242;: 156.5&#8243; x 20&#8243; x 2.5&#8243; (14 ft) (397.51 x 51 x 6.35 cm)<br \/>\nDimens\u00f5es<br \/>\n12&#8242;: \u00a0147.3&#8243; x 29.9&#8243; x 32.3&#8243; (374 x 76 x 82 cm)<br \/>\n14&#8242;: 171.5&#8243; x 29.9&#8243; x 32.3&#8243; (436 x 76 x 82 cm)<\/p>\n<p>Opcional:<\/p>\n<ul>\n<li><strong>Pacote de luz Shuffleboard<\/strong><br \/>\nMantenha a sua mesa de shuffleboard bem iluminada com os nossos candeeiros de mesa f\u00e1ceis de instalar.<br \/>\nFabricados em a\u00e7o resistente com um elegante acabamento preto, complementam qualquer decora\u00e7\u00e3o<\/li>\n<\/ul>\n","protected":false},"excerpt":{"rendered":"<p><strong>Acess\u00f3rios inclu\u00eddos :<\/strong><br \/>\n\u2022 4 pesos pretos<br \/>\n\u2022 4 pesos vermelhos<br \/>\n\u2022 Sistema de pontua\u00e7\u00e3o de \u00e1baco integrado<br \/>\n\u2022 Escova de mesa<br \/>\n\u2022 Cera de shuffleboard<\/p>\n","protected":false},"featured_media":104104,"template":"","meta":{"site-sidebar-layout":"default","site-content-layout":"","ast-site-content-layout":"default","site-content-style":"default","site-sidebar-style":"default","ast-global-header-display":"","ast-banner-title-visibility":"","ast-main-header-display":"","ast-hfb-above-header-display":"","ast-hfb-below-header-display":"","ast-hfb-mobile-header-display":"","site-post-title":"","ast-breadcrumbs-content":"","ast-featured-img":"","footer-sml-layout":"","ast-disable-related-posts":"","theme-transparent-header-meta":"default","adv-header-id-meta":"","stick-header-meta":"","header-above-stick-meta":"","header-main-stick-meta":"","header-below-stick-meta":"","astra-migrate-meta-layouts":"default","ast-page-background-enabled":"default","ast-page-background-meta":{"desktop":{"background-color":"var(--ast-global-color-4)","background-image":"","background-repeat":"repeat","background-position":"center center","background-size":"auto","background-attachment":"scroll","background-type":"","background-media":"","overlay-type":"","overlay-color":"","overlay-opacity":"","overlay-gradient":""},"tablet":{"background-color":"","background-image":"","background-repeat":"repeat","background-position":"center center","background-size":"auto","background-attachment":"scroll","background-type":"","background-media":"","overlay-type":"","overlay-color":"","overlay-opacity":"","overlay-gradient":""},"mobile":{"background-color":"","background-image":"","background-repeat":"repeat","background-position":"center center","background-size":"auto","background-attachment":"scroll","background-type":"","background-media":"","overlay-type":"","overlay-color":"","overlay-opacity":"","overlay-gradient":""}},"ast-content-background-meta":{"desktop":{"background-color":"var(--ast-global-color-5)","background-image":"","background-repeat":"repeat","background-position":"center center","background-size":"auto","background-attachment":"scroll","background-type":"","background-media":"","overlay-type":"","overlay-color":"","overlay-opacity":"","overlay-gradient":""},"tablet":{"background-color":"var(--ast-global-color-5)","background-image":"","background-repeat":"repeat","background-position":"center center","background-size":"auto","background-attachment":"scroll","background-type":"","background-media":"","overlay-type":"","overlay-color":"","overlay-opacity":"","overlay-gradient":""},"mobile":{"background-color":"var(--ast-global-color-5)","background-image":"","background-repeat":"repeat","background-position":"center center","background-size":"auto","background-attachment":"scroll","background-type":"","background-media":"","overlay-type":"","overlay-color":"","overlay-opacity":"","overlay-gradient":""}}},"product_brand":[5199],"product_cat":[4332],"product_tag":[],"class_list":{"0":"post-104050","1":"product","2":"type-product","3":"status-publish","4":"has-post-thumbnail","6":"product_brand-brunswick-billiards-pt-pt","7":"product_cat-shuffleboard","8":"product_shipping_class-air-hockey-grandes","9":"desktop-align-center","10":"tablet-align-left","11":"mobile-align-left","13":"first","14":"instock","15":"taxable","16":"shipping-taxable","17":"purchasable","18":"product-type-variable"},"yoast_head":"<!-- This site is optimized with the Yoast SEO plugin v27.4 - https:\/\/yoast.com\/product\/yoast-seo-wordpress\/ -->\n<title>Shuffleboard Brunswick Andover - The World Billiards<\/title>\n<meta name=\"description\" content=\"A divers\u00e3o em fam\u00edlia come\u00e7a com esta cl\u00e1ssica mesa de shuffleboard. Apresentando um campo de jogo de bordo norte-americano de 20&quot; de largura por 2,5&quot; de espessura e uma superf\u00edcie de resina de pol\u00edmero, esta mesa \u00e9 requintada na sua jogabilidade e apar\u00eancia. Dispon\u00edvel em tamanhos de 12 e 14 p\u00e9s com acabamento contempor\u00e2neo em Espresso, Driftwood ou Rustic Dark Brown. Andover fornece um complemento visual \u00fanico para qualquer sala de jogos dom\u00e9stica.  Possui prateleiras de armazenamento convenientes localizadas na perna central e acess\u00f3rios (incluindo quatro discos pretos, quatro discos vermelhos, um marcador de \u00e1baco em a\u00e7o inoxid\u00e1vel, uma escova de mesa e cera de shuffleboard),  Caracter\u00edsticas Acess\u00f3rios inclu\u00eddos: quatro pesos pretos, quatro pesos vermelhos, sistema de pontua\u00e7\u00e3o de \u00e1baco embutido, escova de mesa e cera shuffleboard  Area de jogo: 12&#039;: 132.5&quot; x 20&quot; x 2.5&quot; (12 ft) (336.55 x 51 x 6.35 cm) 14&#039;: 156.5&quot; x 20&quot; x 2.5&quot; (14 ft) (397.51 x 51 x 6.35 cm) Dimens\u00f5es 12&#039;: \u00a0147.3&quot; x 29.9&quot; x 32.3&quot; (374 x 76 x 82 cm) 14&#039;: 171.5&quot; x 29.9&quot; x 32.3&quot; (436 x 76 x 82 cm)  Opcional:   Pacote de luz Shuffleboard Mantenha a sua mesa de shuffleboard bem iluminada com os nossos candeeiros de mesa f\u00e1ceis de instalar. Fabricados em a\u00e7o resistente com um elegante acabamento preto, complementam qualquer decora\u00e7\u00e3o\" \/>\n<meta name=\"robots\" content=\"index, follow, max-snippet:-1, max-image-preview:large, max-video-preview:-1\" \/>\n<link rel=\"canonical\" href=\"https:\/\/theworldbilliards.com\/pt-pt\/produto\/shuffleboard-brunswick-andover\/\" \/>\n<meta property=\"og:locale\" content=\"pt_PT\" \/>\n<meta property=\"og:type\" content=\"article\" \/>\n<meta property=\"og:title\" content=\"Shuffleboard Brunswick Andover - The World Billiards\" \/>\n<meta property=\"og:description\" content=\"A divers\u00e3o em fam\u00edlia come\u00e7a com esta cl\u00e1ssica mesa de shuffleboard. Apresentando um campo de jogo de bordo norte-americano de 20&quot; de largura por 2,5&quot; de espessura e uma superf\u00edcie de resina de pol\u00edmero, esta mesa \u00e9 requintada na sua jogabilidade e apar\u00eancia. Dispon\u00edvel em tamanhos de 12 e 14 p\u00e9s com acabamento contempor\u00e2neo em Espresso, Driftwood ou Rustic Dark Brown. Andover fornece um complemento visual \u00fanico para qualquer sala de jogos dom\u00e9stica.  Possui prateleiras de armazenamento convenientes localizadas na perna central e acess\u00f3rios (incluindo quatro discos pretos, quatro discos vermelhos, um marcador de \u00e1baco em a\u00e7o inoxid\u00e1vel, uma escova de mesa e cera de shuffleboard),  Caracter\u00edsticas Acess\u00f3rios inclu\u00eddos: quatro pesos pretos, quatro pesos vermelhos, sistema de pontua\u00e7\u00e3o de \u00e1baco embutido, escova de mesa e cera shuffleboard  Area de jogo: 12&#039;: 132.5&quot; x 20&quot; x 2.5&quot; (12 ft) (336.55 x 51 x 6.35 cm) 14&#039;: 156.5&quot; x 20&quot; x 2.5&quot; (14 ft) (397.51 x 51 x 6.35 cm) Dimens\u00f5es 12&#039;: \u00a0147.3&quot; x 29.9&quot; x 32.3&quot; (374 x 76 x 82 cm) 14&#039;: 171.5&quot; x 29.9&quot; x 32.3&quot; (436 x 76 x 82 cm)  Opcional:   Pacote de luz Shuffleboard Mantenha a sua mesa de shuffleboard bem iluminada com os nossos candeeiros de mesa f\u00e1ceis de instalar. Fabricados em a\u00e7o resistente com um elegante acabamento preto, complementam qualquer decora\u00e7\u00e3o\" \/>\n<meta property=\"og:url\" content=\"https:\/\/theworldbilliards.com\/pt-pt\/produto\/shuffleboard-brunswick-andover\/\" \/>\n<meta property=\"og:site_name\" content=\"The World Billiards\" \/>\n<meta property=\"article:publisher\" content=\"https:\/\/www.facebook.com\/baby.foot.superbes\" \/>\n<meta property=\"article:modified_time\" content=\"2025-04-03T09:00:57+00:00\" \/>\n<meta property=\"og:image\" content=\"https:\/\/theworldbilliards.com\/wp-content\/uploads\/2024\/07\/Andover_RBD.jpg\" \/>\n\t<meta property=\"og:image:width\" content=\"894\" \/>\n\t<meta property=\"og:image:height\" content=\"893\" \/>\n\t<meta property=\"og:image:type\" content=\"image\/jpeg\" \/>\n<meta name=\"twitter:card\" content=\"summary_large_image\" \/>\n<script type=\"application\/ld+json\" class=\"yoast-schema-graph\">{\"@context\":\"https:\\\/\\\/schema.org\",\"@graph\":[{\"@type\":\"WebPage\",\"@id\":\"https:\\\/\\\/theworldbilliards.com\\\/pt-pt\\\/produto\\\/shuffleboard-brunswick-andover\\\/\",\"url\":\"https:\\\/\\\/theworldbilliards.com\\\/pt-pt\\\/produto\\\/shuffleboard-brunswick-andover\\\/\",\"name\":\"Shuffleboard Brunswick Andover - The World Billiards\",\"isPartOf\":{\"@id\":\"https:\\\/\\\/theworldbilliards.com\\\/pt-pt\\\/#website\"},\"primaryImageOfPage\":{\"@id\":\"https:\\\/\\\/theworldbilliards.com\\\/pt-pt\\\/produto\\\/shuffleboard-brunswick-andover\\\/#primaryimage\"},\"image\":{\"@id\":\"https:\\\/\\\/theworldbilliards.com\\\/pt-pt\\\/produto\\\/shuffleboard-brunswick-andover\\\/#primaryimage\"},\"thumbnailUrl\":\"https:\\\/\\\/theworldbilliards.com\\\/wp-content\\\/uploads\\\/2024\\\/07\\\/Andover_RBD.jpg\",\"datePublished\":\"2024-07-12T10:47:21+00:00\",\"dateModified\":\"2025-04-03T09:00:57+00:00\",\"description\":\"A divers\u00e3o em fam\u00edlia come\u00e7a com esta cl\u00e1ssica mesa de shuffleboard. Apresentando um campo de jogo de bordo norte-americano de 20\\\" de largura por 2,5\\\" de espessura e uma superf\u00edcie de resina de pol\u00edmero, esta mesa \u00e9 requintada na sua jogabilidade e apar\u00eancia. Dispon\u00edvel em tamanhos de 12 e 14 p\u00e9s com acabamento contempor\u00e2neo em Espresso, Driftwood ou Rustic Dark Brown. Andover fornece um complemento visual \u00fanico para qualquer sala de jogos dom\u00e9stica. Possui prateleiras de armazenamento convenientes localizadas na perna central e acess\u00f3rios (incluindo quatro discos pretos, quatro discos vermelhos, um marcador de \u00e1baco em a\u00e7o inoxid\u00e1vel, uma escova de mesa e cera de shuffleboard), Caracter\u00edsticas Acess\u00f3rios inclu\u00eddos: quatro pesos pretos, quatro pesos vermelhos, sistema de pontua\u00e7\u00e3o de \u00e1baco embutido, escova de mesa e cera shuffleboard Area de jogo: 12': 132.5\\\" x 20\\\" x 2.5\\\" (12 ft) (336.55 x 51 x 6.35 cm) 14': 156.5\\\" x 20\\\" x 2.5\\\" (14 ft) (397.51 x 51 x 6.35 cm) Dimens\u00f5es 12': \u00a0147.3\\\" x 29.9\\\" x 32.3\\\" (374 x 76 x 82 cm) 14': 171.5\\\" x 29.9\\\" x 32.3\\\" (436 x 76 x 82 cm) Opcional: Pacote de luz Shuffleboard Mantenha a sua mesa de shuffleboard bem iluminada com os nossos candeeiros de mesa f\u00e1ceis de instalar. Fabricados em a\u00e7o resistente com um elegante acabamento preto, complementam qualquer decora\u00e7\u00e3o\",\"breadcrumb\":{\"@id\":\"https:\\\/\\\/theworldbilliards.com\\\/pt-pt\\\/produto\\\/shuffleboard-brunswick-andover\\\/#breadcrumb\"},\"inLanguage\":\"pt-PT\",\"potentialAction\":[{\"@type\":\"ReadAction\",\"target\":[\"https:\\\/\\\/theworldbilliards.com\\\/pt-pt\\\/produto\\\/shuffleboard-brunswick-andover\\\/\"]}]},{\"@type\":\"ImageObject\",\"inLanguage\":\"pt-PT\",\"@id\":\"https:\\\/\\\/theworldbilliards.com\\\/pt-pt\\\/produto\\\/shuffleboard-brunswick-andover\\\/#primaryimage\",\"url\":\"https:\\\/\\\/theworldbilliards.com\\\/wp-content\\\/uploads\\\/2024\\\/07\\\/Andover_RBD.jpg\",\"contentUrl\":\"https:\\\/\\\/theworldbilliards.com\\\/wp-content\\\/uploads\\\/2024\\\/07\\\/Andover_RBD.jpg\",\"width\":894,\"height\":893},{\"@type\":\"BreadcrumbList\",\"@id\":\"https:\\\/\\\/theworldbilliards.com\\\/pt-pt\\\/produto\\\/shuffleboard-brunswick-andover\\\/#breadcrumb\",\"itemListElement\":[{\"@type\":\"ListItem\",\"position\":1,\"name\":\"In\u00edcio\",\"item\":\"https:\\\/\\\/theworldbilliards.com\\\/pt-pt\\\/\"},{\"@type\":\"ListItem\",\"position\":2,\"name\":\"Loja online\",\"item\":\"https:\\\/\\\/theworldbilliards.com\\\/pt-pt\\\/loja-theworldbilliards\\\/\"},{\"@type\":\"ListItem\",\"position\":3,\"name\":\"Shuffleboard Brunswick Andover\"}]},{\"@type\":\"WebSite\",\"@id\":\"https:\\\/\\\/theworldbilliards.com\\\/pt-pt\\\/#website\",\"url\":\"https:\\\/\\\/theworldbilliards.com\\\/pt-pt\\\/\",\"name\":\"TheWorldBilliards\",\"description\":\"Compre aqui bilhar, matraquilho, t\u00eanis de mesa e bowling\",\"publisher\":{\"@id\":\"https:\\\/\\\/theworldbilliards.com\\\/pt-pt\\\/#organization\"},\"alternateName\":\"The world billiards\",\"potentialAction\":[{\"@type\":\"SearchAction\",\"target\":{\"@type\":\"EntryPoint\",\"urlTemplate\":\"https:\\\/\\\/theworldbilliards.com\\\/pt-pt\\\/?s={search_term_string}\"},\"query-input\":{\"@type\":\"PropertyValueSpecification\",\"valueRequired\":true,\"valueName\":\"search_term_string\"}}],\"inLanguage\":\"pt-PT\"},{\"@type\":\"Organization\",\"@id\":\"https:\\\/\\\/theworldbilliards.com\\\/pt-pt\\\/#organization\",\"name\":\"The World Billiards\",\"alternateName\":\"The World Billiards\",\"url\":\"https:\\\/\\\/theworldbilliards.com\\\/pt-pt\\\/\",\"logo\":{\"@type\":\"ImageObject\",\"inLanguage\":\"pt-PT\",\"@id\":\"https:\\\/\\\/theworldbilliards.com\\\/pt-pt\\\/#\\\/schema\\\/logo\\\/image\\\/\",\"url\":\"\",\"contentUrl\":\"\",\"caption\":\"The World Billiards\"},\"image\":{\"@id\":\"https:\\\/\\\/theworldbilliards.com\\\/pt-pt\\\/#\\\/schema\\\/logo\\\/image\\\/\"},\"sameAs\":[\"https:\\\/\\\/www.facebook.com\\\/baby.foot.superbes\",\"https:\\\/\\\/www.youtube.com\\\/channel\\\/UCIMuOVAaUcH6UpZcsZlH0Tg\",\"https:\\\/\\\/www.facebook.com\\\/people\\\/Brunswick-Billiards-EspaaPortugal\\\/100066446264309\\\/\",\"https:\\\/\\\/www.instagram.com\\\/the_world_billiards\\\/\",\"https:\\\/\\\/www.pinterest.es\\\/Theworldbilliards\\\/\"]}]}<\/script>\n<!-- \/ Yoast SEO plugin. -->","yoast_head_json":{"title":"Shuffleboard Brunswick Andover - The World Billiards","description":"A divers\u00e3o em fam\u00edlia come\u00e7a com esta cl\u00e1ssica mesa de shuffleboard. Apresentando um campo de jogo de bordo norte-americano de 20\" de largura por 2,5\" de espessura e uma superf\u00edcie de resina de pol\u00edmero, esta mesa \u00e9 requintada na sua jogabilidade e apar\u00eancia. Dispon\u00edvel em tamanhos de 12 e 14 p\u00e9s com acabamento contempor\u00e2neo em Espresso, Driftwood ou Rustic Dark Brown. Andover fornece um complemento visual \u00fanico para qualquer sala de jogos dom\u00e9stica.  Possui prateleiras de armazenamento convenientes localizadas na perna central e acess\u00f3rios (incluindo quatro discos pretos, quatro discos vermelhos, um marcador de \u00e1baco em a\u00e7o inoxid\u00e1vel, uma escova de mesa e cera de shuffleboard),  Caracter\u00edsticas Acess\u00f3rios inclu\u00eddos: quatro pesos pretos, quatro pesos vermelhos, sistema de pontua\u00e7\u00e3o de \u00e1baco embutido, escova de mesa e cera shuffleboard  Area de jogo: 12': 132.5\" x 20\" x 2.5\" (12 ft) (336.55 x 51 x 6.35 cm) 14': 156.5\" x 20\" x 2.5\" (14 ft) (397.51 x 51 x 6.35 cm) Dimens\u00f5es 12': \u00a0147.3\" x 29.9\" x 32.3\" (374 x 76 x 82 cm) 14': 171.5\" x 29.9\" x 32.3\" (436 x 76 x 82 cm)  Opcional:   Pacote de luz Shuffleboard Mantenha a sua mesa de shuffleboard bem iluminada com os nossos candeeiros de mesa f\u00e1ceis de instalar. Fabricados em a\u00e7o resistente com um elegante acabamento preto, complementam qualquer decora\u00e7\u00e3o","robots":{"index":"index","follow":"follow","max-snippet":"max-snippet:-1","max-image-preview":"max-image-preview:large","max-video-preview":"max-video-preview:-1"},"canonical":"https:\/\/theworldbilliards.com\/pt-pt\/produto\/shuffleboard-brunswick-andover\/","og_locale":"pt_PT","og_type":"article","og_title":"Shuffleboard Brunswick Andover - The World Billiards","og_description":"A divers\u00e3o em fam\u00edlia come\u00e7a com esta cl\u00e1ssica mesa de shuffleboard. Apresentando um campo de jogo de bordo norte-americano de 20\" de largura por 2,5\" de espessura e uma superf\u00edcie de resina de pol\u00edmero, esta mesa \u00e9 requintada na sua jogabilidade e apar\u00eancia. Dispon\u00edvel em tamanhos de 12 e 14 p\u00e9s com acabamento contempor\u00e2neo em Espresso, Driftwood ou Rustic Dark Brown. Andover fornece um complemento visual \u00fanico para qualquer sala de jogos dom\u00e9stica.  Possui prateleiras de armazenamento convenientes localizadas na perna central e acess\u00f3rios (incluindo quatro discos pretos, quatro discos vermelhos, um marcador de \u00e1baco em a\u00e7o inoxid\u00e1vel, uma escova de mesa e cera de shuffleboard),  Caracter\u00edsticas Acess\u00f3rios inclu\u00eddos: quatro pesos pretos, quatro pesos vermelhos, sistema de pontua\u00e7\u00e3o de \u00e1baco embutido, escova de mesa e cera shuffleboard  Area de jogo: 12': 132.5\" x 20\" x 2.5\" (12 ft) (336.55 x 51 x 6.35 cm) 14': 156.5\" x 20\" x 2.5\" (14 ft) (397.51 x 51 x 6.35 cm) Dimens\u00f5es 12': \u00a0147.3\" x 29.9\" x 32.3\" (374 x 76 x 82 cm) 14': 171.5\" x 29.9\" x 32.3\" (436 x 76 x 82 cm)  Opcional:   Pacote de luz Shuffleboard Mantenha a sua mesa de shuffleboard bem iluminada com os nossos candeeiros de mesa f\u00e1ceis de instalar. Fabricados em a\u00e7o resistente com um elegante acabamento preto, complementam qualquer decora\u00e7\u00e3o","og_url":"https:\/\/theworldbilliards.com\/pt-pt\/produto\/shuffleboard-brunswick-andover\/","og_site_name":"The World Billiards","article_publisher":"https:\/\/www.facebook.com\/baby.foot.superbes","article_modified_time":"2025-04-03T09:00:57+00:00","og_image":[{"width":894,"height":893,"url":"https:\/\/theworldbilliards.com\/wp-content\/uploads\/2024\/07\/Andover_RBD.jpg","type":"image\/jpeg"}],"twitter_card":"summary_large_image","schema":{"@context":"https:\/\/schema.org","@graph":[{"@type":"WebPage","@id":"https:\/\/theworldbilliards.com\/pt-pt\/produto\/shuffleboard-brunswick-andover\/","url":"https:\/\/theworldbilliards.com\/pt-pt\/produto\/shuffleboard-brunswick-andover\/","name":"Shuffleboard Brunswick Andover - The World Billiards","isPartOf":{"@id":"https:\/\/theworldbilliards.com\/pt-pt\/#website"},"primaryImageOfPage":{"@id":"https:\/\/theworldbilliards.com\/pt-pt\/produto\/shuffleboard-brunswick-andover\/#primaryimage"},"image":{"@id":"https:\/\/theworldbilliards.com\/pt-pt\/produto\/shuffleboard-brunswick-andover\/#primaryimage"},"thumbnailUrl":"https:\/\/theworldbilliards.com\/wp-content\/uploads\/2024\/07\/Andover_RBD.jpg","datePublished":"2024-07-12T10:47:21+00:00","dateModified":"2025-04-03T09:00:57+00:00","description":"A divers\u00e3o em fam\u00edlia come\u00e7a com esta cl\u00e1ssica mesa de shuffleboard. Apresentando um campo de jogo de bordo norte-americano de 20\" de largura por 2,5\" de espessura e uma superf\u00edcie de resina de pol\u00edmero, esta mesa \u00e9 requintada na sua jogabilidade e apar\u00eancia. Dispon\u00edvel em tamanhos de 12 e 14 p\u00e9s com acabamento contempor\u00e2neo em Espresso, Driftwood ou Rustic Dark Brown. Andover fornece um complemento visual \u00fanico para qualquer sala de jogos dom\u00e9stica. Possui prateleiras de armazenamento convenientes localizadas na perna central e acess\u00f3rios (incluindo quatro discos pretos, quatro discos vermelhos, um marcador de \u00e1baco em a\u00e7o inoxid\u00e1vel, uma escova de mesa e cera de shuffleboard), Caracter\u00edsticas Acess\u00f3rios inclu\u00eddos: quatro pesos pretos, quatro pesos vermelhos, sistema de pontua\u00e7\u00e3o de \u00e1baco embutido, escova de mesa e cera shuffleboard Area de jogo: 12': 132.5\" x 20\" x 2.5\" (12 ft) (336.55 x 51 x 6.35 cm) 14': 156.5\" x 20\" x 2.5\" (14 ft) (397.51 x 51 x 6.35 cm) Dimens\u00f5es 12': \u00a0147.3\" x 29.9\" x 32.3\" (374 x 76 x 82 cm) 14': 171.5\" x 29.9\" x 32.3\" (436 x 76 x 82 cm) Opcional: Pacote de luz Shuffleboard Mantenha a sua mesa de shuffleboard bem iluminada com os nossos candeeiros de mesa f\u00e1ceis de instalar. Fabricados em a\u00e7o resistente com um elegante acabamento preto, complementam qualquer decora\u00e7\u00e3o","breadcrumb":{"@id":"https:\/\/theworldbilliards.com\/pt-pt\/produto\/shuffleboard-brunswick-andover\/#breadcrumb"},"inLanguage":"pt-PT","potentialAction":[{"@type":"ReadAction","target":["https:\/\/theworldbilliards.com\/pt-pt\/produto\/shuffleboard-brunswick-andover\/"]}]},{"@type":"ImageObject","inLanguage":"pt-PT","@id":"https:\/\/theworldbilliards.com\/pt-pt\/produto\/shuffleboard-brunswick-andover\/#primaryimage","url":"https:\/\/theworldbilliards.com\/wp-content\/uploads\/2024\/07\/Andover_RBD.jpg","contentUrl":"https:\/\/theworldbilliards.com\/wp-content\/uploads\/2024\/07\/Andover_RBD.jpg","width":894,"height":893},{"@type":"BreadcrumbList","@id":"https:\/\/theworldbilliards.com\/pt-pt\/produto\/shuffleboard-brunswick-andover\/#breadcrumb","itemListElement":[{"@type":"ListItem","position":1,"name":"In\u00edcio","item":"https:\/\/theworldbilliards.com\/pt-pt\/"},{"@type":"ListItem","position":2,"name":"Loja online","item":"https:\/\/theworldbilliards.com\/pt-pt\/loja-theworldbilliards\/"},{"@type":"ListItem","position":3,"name":"Shuffleboard Brunswick Andover"}]},{"@type":"WebSite","@id":"https:\/\/theworldbilliards.com\/pt-pt\/#website","url":"https:\/\/theworldbilliards.com\/pt-pt\/","name":"TheWorldBilliards","description":"Compre aqui bilhar, matraquilho, t\u00eanis de mesa e bowling","publisher":{"@id":"https:\/\/theworldbilliards.com\/pt-pt\/#organization"},"alternateName":"The world billiards","potentialAction":[{"@type":"SearchAction","target":{"@type":"EntryPoint","urlTemplate":"https:\/\/theworldbilliards.com\/pt-pt\/?s={search_term_string}"},"query-input":{"@type":"PropertyValueSpecification","valueRequired":true,"valueName":"search_term_string"}}],"inLanguage":"pt-PT"},{"@type":"Organization","@id":"https:\/\/theworldbilliards.com\/pt-pt\/#organization","name":"The World Billiards","alternateName":"The World Billiards","url":"https:\/\/theworldbilliards.com\/pt-pt\/","logo":{"@type":"ImageObject","inLanguage":"pt-PT","@id":"https:\/\/theworldbilliards.com\/pt-pt\/#\/schema\/logo\/image\/","url":"","contentUrl":"","caption":"The World Billiards"},"image":{"@id":"https:\/\/theworldbilliards.com\/pt-pt\/#\/schema\/logo\/image\/"},"sameAs":["https:\/\/www.facebook.com\/baby.foot.superbes","https:\/\/www.youtube.com\/channel\/UCIMuOVAaUcH6UpZcsZlH0Tg","https:\/\/www.facebook.com\/people\/Brunswick-Billiards-EspaaPortugal\/100066446264309\/","https:\/\/www.instagram.com\/the_world_billiards\/","https:\/\/www.pinterest.es\/Theworldbilliards\/"]}]}},"_links":{"self":[{"href":"https:\/\/theworldbilliards.com\/pt-pt\/wp-json\/wp\/v2\/product\/104050","targetHints":{"allow":["GET"]}}],"collection":[{"href":"https:\/\/theworldbilliards.com\/pt-pt\/wp-json\/wp\/v2\/product"}],"about":[{"href":"https:\/\/theworldbilliards.com\/pt-pt\/wp-json\/wp\/v2\/types\/product"}],"wp:featuredmedia":[{"embeddable":true,"href":"https:\/\/theworldbilliards.com\/pt-pt\/wp-json\/wp\/v2\/media\/104104"}],"wp:attachment":[{"href":"https:\/\/theworldbilliards.com\/pt-pt\/wp-json\/wp\/v2\/media?parent=104050"}],"wp:term":[{"taxonomy":"product_brand","embeddable":true,"href":"https:\/\/theworldbilliards.com\/pt-pt\/wp-json\/wp\/v2\/product_brand?post=104050"},{"taxonomy":"product_cat","embeddable":true,"href":"https:\/\/theworldbilliards.com\/pt-pt\/wp-json\/wp\/v2\/product_cat?post=104050"},{"taxonomy":"product_tag","embeddable":true,"href":"https:\/\/theworldbilliards.com\/pt-pt\/wp-json\/wp\/v2\/product_tag?post=104050"}],"curies":[{"name":"wp","href":"https:\/\/api.w.org\/{rel}","templated":true}]}}