{"id":104922,"date":"2024-09-02T13:13:18","date_gmt":"2024-09-02T11:13:18","guid":{"rendered":"https:\/\/theworldbilliards.com\/?post_type=product&#038;p=104922"},"modified":"2024-09-02T13:23:43","modified_gmt":"2024-09-02T11:23:43","slug":"matraquilhos-tornado-elite","status":"publish","type":"product","link":"https:\/\/theworldbilliards.com\/pt-pt\/produto\/matraquilhos-tornado-elite\/","title":{"rendered":"Matraquilhos Tornado Elite"},"content":{"rendered":"<p>Desempenho de n\u00edvel profissional num pacote mais conveniente. Esta bela mesa inclui hastes de grande calibre, homens contrabalan\u00e7ados, niveladores de n\u00edvel comercial e rolamentos divididos patenteados que fazem das mesas Tornado as favoritas entre os jogadores de torneio. Um acabamento laminado Victorian Cherry dur\u00e1vel e atraente num arm\u00e1rio de 1 \u00bd\u201d de espessura garante uma excelente apar\u00eancia agora e nos pr\u00f3ximos anos.<\/p>\n<p>Funcionalidades<br \/>\nNiveladores de pernas ajust\u00e1veis \u200b\u200bde n\u00edvel comercial<br \/>\nOs homens Tornado contrabalan\u00e7ados patenteados melhoraram com cantos mais n\u00edtidos e uma sec\u00e7\u00e3o transversal aumentada para um melhor controlo da bola e dos passes<br \/>\nCabos de madeira maci\u00e7a natural<br \/>\nOs retornos duplos da bola lateral acomodam jogos competitivos e treinos para um jogador<\/p>\n","protected":false},"excerpt":{"rendered":"<p>Desempenho de n\u00edvel profissional num pacote mais conveniente. Esta bela mesa inclui hastes de grande calibre, homens contrabalan\u00e7ados, niveladores de [&hellip;]<\/p>\n","protected":false},"featured_media":104926,"template":"","meta":{"site-sidebar-layout":"default","site-content-layout":"","ast-site-content-layout":"default","site-content-style":"default","site-sidebar-style":"default","ast-global-header-display":"","ast-banner-title-visibility":"","ast-main-header-display":"","ast-hfb-above-header-display":"","ast-hfb-below-header-display":"","ast-hfb-mobile-header-display":"","site-post-title":"","ast-breadcrumbs-content":"","ast-featured-img":"","footer-sml-layout":"","ast-disable-related-posts":"","theme-transparent-header-meta":"default","adv-header-id-meta":"","stick-header-meta":"","header-above-stick-meta":"","header-main-stick-meta":"","header-below-stick-meta":"","astra-migrate-meta-layouts":"default","ast-page-background-enabled":"default","ast-page-background-meta":{"desktop":{"background-color":"var(--ast-global-color-4)","background-image":"","background-repeat":"repeat","background-position":"center center","background-size":"auto","background-attachment":"scroll","background-type":"","background-media":"","overlay-type":"","overlay-color":"","overlay-opacity":"","overlay-gradient":""},"tablet":{"background-color":"","background-image":"","background-repeat":"repeat","background-position":"center center","background-size":"auto","background-attachment":"scroll","background-type":"","background-media":"","overlay-type":"","overlay-color":"","overlay-opacity":"","overlay-gradient":""},"mobile":{"background-color":"","background-image":"","background-repeat":"repeat","background-position":"center center","background-size":"auto","background-attachment":"scroll","background-type":"","background-media":"","overlay-type":"","overlay-color":"","overlay-opacity":"","overlay-gradient":""}},"ast-content-background-meta":{"desktop":{"background-color":"var(--ast-global-color-5)","background-image":"","background-repeat":"repeat","background-position":"center center","background-size":"auto","background-attachment":"scroll","background-type":"","background-media":"","overlay-type":"","overlay-color":"","overlay-opacity":"","overlay-gradient":""},"tablet":{"background-color":"var(--ast-global-color-5)","background-image":"","background-repeat":"repeat","background-position":"center center","background-size":"auto","background-attachment":"scroll","background-type":"","background-media":"","overlay-type":"","overlay-color":"","overlay-opacity":"","overlay-gradient":""},"mobile":{"background-color":"var(--ast-global-color-5)","background-image":"","background-repeat":"repeat","background-position":"center center","background-size":"auto","background-attachment":"scroll","background-type":"","background-media":"","overlay-type":"","overlay-color":"","overlay-opacity":"","overlay-gradient":""}}},"product_brand":[5207],"product_cat":[1124],"product_tag":[],"class_list":{"0":"post-104922","1":"product","2":"type-product","3":"status-publish","4":"has-post-thumbnail","6":"product_brand-tornado-foosball-pt-pt","7":"product_cat-matraquilhos-sem-moedeiro","8":"product_shipping_class-matraquilhos","9":"desktop-align-center","10":"tablet-align-left","11":"mobile-align-left","13":"first","14":"instock","15":"taxable","16":"shipping-taxable","17":"product-type-simple"},"yoast_head":"<!-- This site is optimized with the Yoast SEO plugin v27.4 - https:\/\/yoast.com\/product\/yoast-seo-wordpress\/ -->\n<title>Matraquilhos Tornado Elite - The World Billiards<\/title>\n<meta name=\"description\" content=\"Desempenho de n\u00edvel profissional num pacote mais conveniente. Esta bela mesa inclui hastes de grande calibre, homens contrabalan\u00e7ados, niveladores de n\u00edvel comercial e rolamentos divididos patenteados que fazem das mesas Tornado as favoritas entre os jogadores de torneio. Um acabamento laminado Victorian Cherry dur\u00e1vel e atraente num arm\u00e1rio de 1 \u00bd\u201d de espessura garante uma excelente apar\u00eancia agora e nos pr\u00f3ximos anos.  Funcionalidades Niveladores de pernas ajust\u00e1veis \u200b\u200bde n\u00edvel comercial Os homens Tornado contrabalan\u00e7ados patenteados melhoraram com cantos mais n\u00edtidos e uma sec\u00e7\u00e3o transversal aumentada para um melhor controlo da bola e dos passes Cabos de madeira maci\u00e7a natural Os retornos duplos da bola lateral acomodam jogos competitivos e treinos para um jogador\" \/>\n<meta name=\"robots\" content=\"index, follow, max-snippet:-1, max-image-preview:large, max-video-preview:-1\" \/>\n<link rel=\"canonical\" href=\"https:\/\/theworldbilliards.com\/pt-pt\/produto\/matraquilhos-tornado-elite\/\" \/>\n<meta property=\"og:locale\" content=\"pt_PT\" \/>\n<meta property=\"og:type\" content=\"article\" \/>\n<meta property=\"og:title\" content=\"Matraquilhos Tornado Elite - The World Billiards\" \/>\n<meta property=\"og:description\" content=\"Desempenho de n\u00edvel profissional num pacote mais conveniente. Esta bela mesa inclui hastes de grande calibre, homens contrabalan\u00e7ados, niveladores de n\u00edvel comercial e rolamentos divididos patenteados que fazem das mesas Tornado as favoritas entre os jogadores de torneio. Um acabamento laminado Victorian Cherry dur\u00e1vel e atraente num arm\u00e1rio de 1 \u00bd\u201d de espessura garante uma excelente apar\u00eancia agora e nos pr\u00f3ximos anos.  Funcionalidades Niveladores de pernas ajust\u00e1veis \u200b\u200bde n\u00edvel comercial Os homens Tornado contrabalan\u00e7ados patenteados melhoraram com cantos mais n\u00edtidos e uma sec\u00e7\u00e3o transversal aumentada para um melhor controlo da bola e dos passes Cabos de madeira maci\u00e7a natural Os retornos duplos da bola lateral acomodam jogos competitivos e treinos para um jogador\" \/>\n<meta property=\"og:url\" content=\"https:\/\/theworldbilliards.com\/pt-pt\/produto\/matraquilhos-tornado-elite\/\" \/>\n<meta property=\"og:site_name\" content=\"The World Billiards\" \/>\n<meta property=\"article:publisher\" content=\"https:\/\/www.facebook.com\/baby.foot.superbes\" \/>\n<meta property=\"article:modified_time\" content=\"2024-09-02T11:23:43+00:00\" \/>\n<meta property=\"og:image\" content=\"https:\/\/theworldbilliards.com\/wp-content\/uploads\/2024\/09\/Tornado_Elite.jpg\" \/>\n\t<meta property=\"og:image:width\" content=\"941\" \/>\n\t<meta property=\"og:image:height\" content=\"941\" \/>\n\t<meta property=\"og:image:type\" content=\"image\/jpeg\" \/>\n<meta name=\"twitter:card\" content=\"summary_large_image\" \/>\n<meta name=\"twitter:label1\" content=\"Tempo estimado de leitura\" \/>\n\t<meta name=\"twitter:data1\" content=\"1 minuto\" \/>\n<script type=\"application\/ld+json\" class=\"yoast-schema-graph\">{\"@context\":\"https:\\\/\\\/schema.org\",\"@graph\":[{\"@type\":\"WebPage\",\"@id\":\"https:\\\/\\\/theworldbilliards.com\\\/pt-pt\\\/produto\\\/matraquilhos-tornado-elite\\\/\",\"url\":\"https:\\\/\\\/theworldbilliards.com\\\/pt-pt\\\/produto\\\/matraquilhos-tornado-elite\\\/\",\"name\":\"Matraquilhos Tornado Elite - The World Billiards\",\"isPartOf\":{\"@id\":\"https:\\\/\\\/theworldbilliards.com\\\/pt-pt\\\/#website\"},\"primaryImageOfPage\":{\"@id\":\"https:\\\/\\\/theworldbilliards.com\\\/pt-pt\\\/produto\\\/matraquilhos-tornado-elite\\\/#primaryimage\"},\"image\":{\"@id\":\"https:\\\/\\\/theworldbilliards.com\\\/pt-pt\\\/produto\\\/matraquilhos-tornado-elite\\\/#primaryimage\"},\"thumbnailUrl\":\"https:\\\/\\\/theworldbilliards.com\\\/wp-content\\\/uploads\\\/2024\\\/09\\\/Tornado_Elite.jpg\",\"datePublished\":\"2024-09-02T11:13:18+00:00\",\"dateModified\":\"2024-09-02T11:23:43+00:00\",\"description\":\"Desempenho de n\u00edvel profissional num pacote mais conveniente. Esta bela mesa inclui hastes de grande calibre, homens contrabalan\u00e7ados, niveladores de n\u00edvel comercial e rolamentos divididos patenteados que fazem das mesas Tornado as favoritas entre os jogadores de torneio. Um acabamento laminado Victorian Cherry dur\u00e1vel e atraente num arm\u00e1rio de 1 \u00bd\u201d de espessura garante uma excelente apar\u00eancia agora e nos pr\u00f3ximos anos. Funcionalidades Niveladores de pernas ajust\u00e1veis \u200b\u200bde n\u00edvel comercial Os homens Tornado contrabalan\u00e7ados patenteados melhoraram com cantos mais n\u00edtidos e uma sec\u00e7\u00e3o transversal aumentada para um melhor controlo da bola e dos passes Cabos de madeira maci\u00e7a natural Os retornos duplos da bola lateral acomodam jogos competitivos e treinos para um jogador\",\"breadcrumb\":{\"@id\":\"https:\\\/\\\/theworldbilliards.com\\\/pt-pt\\\/produto\\\/matraquilhos-tornado-elite\\\/#breadcrumb\"},\"inLanguage\":\"pt-PT\",\"potentialAction\":[{\"@type\":\"ReadAction\",\"target\":[\"https:\\\/\\\/theworldbilliards.com\\\/pt-pt\\\/produto\\\/matraquilhos-tornado-elite\\\/\"]}]},{\"@type\":\"ImageObject\",\"inLanguage\":\"pt-PT\",\"@id\":\"https:\\\/\\\/theworldbilliards.com\\\/pt-pt\\\/produto\\\/matraquilhos-tornado-elite\\\/#primaryimage\",\"url\":\"https:\\\/\\\/theworldbilliards.com\\\/wp-content\\\/uploads\\\/2024\\\/09\\\/Tornado_Elite.jpg\",\"contentUrl\":\"https:\\\/\\\/theworldbilliards.com\\\/wp-content\\\/uploads\\\/2024\\\/09\\\/Tornado_Elite.jpg\",\"width\":941,\"height\":941},{\"@type\":\"BreadcrumbList\",\"@id\":\"https:\\\/\\\/theworldbilliards.com\\\/pt-pt\\\/produto\\\/matraquilhos-tornado-elite\\\/#breadcrumb\",\"itemListElement\":[{\"@type\":\"ListItem\",\"position\":1,\"name\":\"In\u00edcio\",\"item\":\"https:\\\/\\\/theworldbilliards.com\\\/pt-pt\\\/\"},{\"@type\":\"ListItem\",\"position\":2,\"name\":\"Loja online\",\"item\":\"https:\\\/\\\/theworldbilliards.com\\\/pt-pt\\\/loja-theworldbilliards\\\/\"},{\"@type\":\"ListItem\",\"position\":3,\"name\":\"Matraquilhos Tornado Elite\"}]},{\"@type\":\"WebSite\",\"@id\":\"https:\\\/\\\/theworldbilliards.com\\\/pt-pt\\\/#website\",\"url\":\"https:\\\/\\\/theworldbilliards.com\\\/pt-pt\\\/\",\"name\":\"TheWorldBilliards\",\"description\":\"Compre aqui bilhar, matraquilho, t\u00eanis de mesa e bowling\",\"publisher\":{\"@id\":\"https:\\\/\\\/theworldbilliards.com\\\/pt-pt\\\/#organization\"},\"alternateName\":\"The world billiards\",\"potentialAction\":[{\"@type\":\"SearchAction\",\"target\":{\"@type\":\"EntryPoint\",\"urlTemplate\":\"https:\\\/\\\/theworldbilliards.com\\\/pt-pt\\\/?s={search_term_string}\"},\"query-input\":{\"@type\":\"PropertyValueSpecification\",\"valueRequired\":true,\"valueName\":\"search_term_string\"}}],\"inLanguage\":\"pt-PT\"},{\"@type\":\"Organization\",\"@id\":\"https:\\\/\\\/theworldbilliards.com\\\/pt-pt\\\/#organization\",\"name\":\"The World Billiards\",\"alternateName\":\"The World Billiards\",\"url\":\"https:\\\/\\\/theworldbilliards.com\\\/pt-pt\\\/\",\"logo\":{\"@type\":\"ImageObject\",\"inLanguage\":\"pt-PT\",\"@id\":\"https:\\\/\\\/theworldbilliards.com\\\/pt-pt\\\/#\\\/schema\\\/logo\\\/image\\\/\",\"url\":\"\",\"contentUrl\":\"\",\"caption\":\"The World Billiards\"},\"image\":{\"@id\":\"https:\\\/\\\/theworldbilliards.com\\\/pt-pt\\\/#\\\/schema\\\/logo\\\/image\\\/\"},\"sameAs\":[\"https:\\\/\\\/www.facebook.com\\\/baby.foot.superbes\",\"https:\\\/\\\/www.youtube.com\\\/channel\\\/UCIMuOVAaUcH6UpZcsZlH0Tg\",\"https:\\\/\\\/www.facebook.com\\\/people\\\/Brunswick-Billiards-EspaaPortugal\\\/100066446264309\\\/\",\"https:\\\/\\\/www.instagram.com\\\/the_world_billiards\\\/\",\"https:\\\/\\\/www.pinterest.es\\\/Theworldbilliards\\\/\"]}]}<\/script>\n<!-- \/ Yoast SEO plugin. -->","yoast_head_json":{"title":"Matraquilhos Tornado Elite - The World Billiards","description":"Desempenho de n\u00edvel profissional num pacote mais conveniente. Esta bela mesa inclui hastes de grande calibre, homens contrabalan\u00e7ados, niveladores de n\u00edvel comercial e rolamentos divididos patenteados que fazem das mesas Tornado as favoritas entre os jogadores de torneio. Um acabamento laminado Victorian Cherry dur\u00e1vel e atraente num arm\u00e1rio de 1 \u00bd\u201d de espessura garante uma excelente apar\u00eancia agora e nos pr\u00f3ximos anos.  Funcionalidades Niveladores de pernas ajust\u00e1veis \u200b\u200bde n\u00edvel comercial Os homens Tornado contrabalan\u00e7ados patenteados melhoraram com cantos mais n\u00edtidos e uma sec\u00e7\u00e3o transversal aumentada para um melhor controlo da bola e dos passes Cabos de madeira maci\u00e7a natural Os retornos duplos da bola lateral acomodam jogos competitivos e treinos para um jogador","robots":{"index":"index","follow":"follow","max-snippet":"max-snippet:-1","max-image-preview":"max-image-preview:large","max-video-preview":"max-video-preview:-1"},"canonical":"https:\/\/theworldbilliards.com\/pt-pt\/produto\/matraquilhos-tornado-elite\/","og_locale":"pt_PT","og_type":"article","og_title":"Matraquilhos Tornado Elite - The World Billiards","og_description":"Desempenho de n\u00edvel profissional num pacote mais conveniente. Esta bela mesa inclui hastes de grande calibre, homens contrabalan\u00e7ados, niveladores de n\u00edvel comercial e rolamentos divididos patenteados que fazem das mesas Tornado as favoritas entre os jogadores de torneio. Um acabamento laminado Victorian Cherry dur\u00e1vel e atraente num arm\u00e1rio de 1 \u00bd\u201d de espessura garante uma excelente apar\u00eancia agora e nos pr\u00f3ximos anos.  Funcionalidades Niveladores de pernas ajust\u00e1veis \u200b\u200bde n\u00edvel comercial Os homens Tornado contrabalan\u00e7ados patenteados melhoraram com cantos mais n\u00edtidos e uma sec\u00e7\u00e3o transversal aumentada para um melhor controlo da bola e dos passes Cabos de madeira maci\u00e7a natural Os retornos duplos da bola lateral acomodam jogos competitivos e treinos para um jogador","og_url":"https:\/\/theworldbilliards.com\/pt-pt\/produto\/matraquilhos-tornado-elite\/","og_site_name":"The World Billiards","article_publisher":"https:\/\/www.facebook.com\/baby.foot.superbes","article_modified_time":"2024-09-02T11:23:43+00:00","og_image":[{"width":941,"height":941,"url":"https:\/\/theworldbilliards.com\/wp-content\/uploads\/2024\/09\/Tornado_Elite.jpg","type":"image\/jpeg"}],"twitter_card":"summary_large_image","twitter_misc":{"Tempo estimado de leitura":"1 minuto"},"schema":{"@context":"https:\/\/schema.org","@graph":[{"@type":"WebPage","@id":"https:\/\/theworldbilliards.com\/pt-pt\/produto\/matraquilhos-tornado-elite\/","url":"https:\/\/theworldbilliards.com\/pt-pt\/produto\/matraquilhos-tornado-elite\/","name":"Matraquilhos Tornado Elite - The World Billiards","isPartOf":{"@id":"https:\/\/theworldbilliards.com\/pt-pt\/#website"},"primaryImageOfPage":{"@id":"https:\/\/theworldbilliards.com\/pt-pt\/produto\/matraquilhos-tornado-elite\/#primaryimage"},"image":{"@id":"https:\/\/theworldbilliards.com\/pt-pt\/produto\/matraquilhos-tornado-elite\/#primaryimage"},"thumbnailUrl":"https:\/\/theworldbilliards.com\/wp-content\/uploads\/2024\/09\/Tornado_Elite.jpg","datePublished":"2024-09-02T11:13:18+00:00","dateModified":"2024-09-02T11:23:43+00:00","description":"Desempenho de n\u00edvel profissional num pacote mais conveniente. Esta bela mesa inclui hastes de grande calibre, homens contrabalan\u00e7ados, niveladores de n\u00edvel comercial e rolamentos divididos patenteados que fazem das mesas Tornado as favoritas entre os jogadores de torneio. Um acabamento laminado Victorian Cherry dur\u00e1vel e atraente num arm\u00e1rio de 1 \u00bd\u201d de espessura garante uma excelente apar\u00eancia agora e nos pr\u00f3ximos anos. Funcionalidades Niveladores de pernas ajust\u00e1veis \u200b\u200bde n\u00edvel comercial Os homens Tornado contrabalan\u00e7ados patenteados melhoraram com cantos mais n\u00edtidos e uma sec\u00e7\u00e3o transversal aumentada para um melhor controlo da bola e dos passes Cabos de madeira maci\u00e7a natural Os retornos duplos da bola lateral acomodam jogos competitivos e treinos para um jogador","breadcrumb":{"@id":"https:\/\/theworldbilliards.com\/pt-pt\/produto\/matraquilhos-tornado-elite\/#breadcrumb"},"inLanguage":"pt-PT","potentialAction":[{"@type":"ReadAction","target":["https:\/\/theworldbilliards.com\/pt-pt\/produto\/matraquilhos-tornado-elite\/"]}]},{"@type":"ImageObject","inLanguage":"pt-PT","@id":"https:\/\/theworldbilliards.com\/pt-pt\/produto\/matraquilhos-tornado-elite\/#primaryimage","url":"https:\/\/theworldbilliards.com\/wp-content\/uploads\/2024\/09\/Tornado_Elite.jpg","contentUrl":"https:\/\/theworldbilliards.com\/wp-content\/uploads\/2024\/09\/Tornado_Elite.jpg","width":941,"height":941},{"@type":"BreadcrumbList","@id":"https:\/\/theworldbilliards.com\/pt-pt\/produto\/matraquilhos-tornado-elite\/#breadcrumb","itemListElement":[{"@type":"ListItem","position":1,"name":"In\u00edcio","item":"https:\/\/theworldbilliards.com\/pt-pt\/"},{"@type":"ListItem","position":2,"name":"Loja online","item":"https:\/\/theworldbilliards.com\/pt-pt\/loja-theworldbilliards\/"},{"@type":"ListItem","position":3,"name":"Matraquilhos Tornado Elite"}]},{"@type":"WebSite","@id":"https:\/\/theworldbilliards.com\/pt-pt\/#website","url":"https:\/\/theworldbilliards.com\/pt-pt\/","name":"TheWorldBilliards","description":"Compre aqui bilhar, matraquilho, t\u00eanis de mesa e bowling","publisher":{"@id":"https:\/\/theworldbilliards.com\/pt-pt\/#organization"},"alternateName":"The world billiards","potentialAction":[{"@type":"SearchAction","target":{"@type":"EntryPoint","urlTemplate":"https:\/\/theworldbilliards.com\/pt-pt\/?s={search_term_string}"},"query-input":{"@type":"PropertyValueSpecification","valueRequired":true,"valueName":"search_term_string"}}],"inLanguage":"pt-PT"},{"@type":"Organization","@id":"https:\/\/theworldbilliards.com\/pt-pt\/#organization","name":"The World Billiards","alternateName":"The World Billiards","url":"https:\/\/theworldbilliards.com\/pt-pt\/","logo":{"@type":"ImageObject","inLanguage":"pt-PT","@id":"https:\/\/theworldbilliards.com\/pt-pt\/#\/schema\/logo\/image\/","url":"","contentUrl":"","caption":"The World Billiards"},"image":{"@id":"https:\/\/theworldbilliards.com\/pt-pt\/#\/schema\/logo\/image\/"},"sameAs":["https:\/\/www.facebook.com\/baby.foot.superbes","https:\/\/www.youtube.com\/channel\/UCIMuOVAaUcH6UpZcsZlH0Tg","https:\/\/www.facebook.com\/people\/Brunswick-Billiards-EspaaPortugal\/100066446264309\/","https:\/\/www.instagram.com\/the_world_billiards\/","https:\/\/www.pinterest.es\/Theworldbilliards\/"]}]}},"_links":{"self":[{"href":"https:\/\/theworldbilliards.com\/pt-pt\/wp-json\/wp\/v2\/product\/104922","targetHints":{"allow":["GET"]}}],"collection":[{"href":"https:\/\/theworldbilliards.com\/pt-pt\/wp-json\/wp\/v2\/product"}],"about":[{"href":"https:\/\/theworldbilliards.com\/pt-pt\/wp-json\/wp\/v2\/types\/product"}],"wp:featuredmedia":[{"embeddable":true,"href":"https:\/\/theworldbilliards.com\/pt-pt\/wp-json\/wp\/v2\/media\/104926"}],"wp:attachment":[{"href":"https:\/\/theworldbilliards.com\/pt-pt\/wp-json\/wp\/v2\/media?parent=104922"}],"wp:term":[{"taxonomy":"product_brand","embeddable":true,"href":"https:\/\/theworldbilliards.com\/pt-pt\/wp-json\/wp\/v2\/product_brand?post=104922"},{"taxonomy":"product_cat","embeddable":true,"href":"https:\/\/theworldbilliards.com\/pt-pt\/wp-json\/wp\/v2\/product_cat?post=104922"},{"taxonomy":"product_tag","embeddable":true,"href":"https:\/\/theworldbilliards.com\/pt-pt\/wp-json\/wp\/v2\/product_tag?post=104922"}],"curies":[{"name":"wp","href":"https:\/\/api.w.org\/{rel}","templated":true}]}}