{"id":107084,"date":"2025-04-23T12:37:30","date_gmt":"2025-04-23T10:37:30","guid":{"rendered":"https:\/\/theworldbilliards.com\/?post_type=product&#038;p=107084"},"modified":"2025-09-17T10:40:31","modified_gmt":"2025-09-17T08:40:31","slug":"matraquilho-de-exterior-roberto-sport-joy","status":"publish","type":"product","link":"https:\/\/theworldbilliards.com\/pt-pt\/produto\/matraquilho-de-exterior-roberto-sport-joy\/","title":{"rendered":"Matraquilho de exterior Roberto Sport Joy"},"content":{"rendered":"<p>Concebida para aqueles que querem levar o jogo para al\u00e9m dos muros de casa, a Joy Outdoor \u00e9 a mesa de matraquilhos de n\u00edvel b\u00e1sico, concebida para resistir aos elementos e proporcionar horas de divers\u00e3o ao ar livre.<\/p>\n<p>Os seus m\u00f3veis s\u00e3o produzidos em melamina tratada, o que garante uma excelente resist\u00eancia ao sol, \u00e0 chuva e \u00e0 humidade, mantendo a sua integridade estrutural mesmo ap\u00f3s longos per\u00edodos ao ar livre.<\/p>\n<p>As barras telesc\u00f3picas com 18 polegadas de di\u00e2metro e revestimento triplo cromado deslizam suave e precisamente, tornando cada movimento r\u00e1pido e envolvente.<\/p>\n<p>O campo de jogo em vidro temperado cinzento, serigrafado num elegante tom cinzento, combina uma est\u00e9tica moderna com uma excelente visibilidade durante o jogo.<\/p>\n<p>P\u00e9s em alum\u00ednio anodizado<\/p>\n<p>A Joy Outdoor \u00e9 a escolha ideal para quem procura um produto acess\u00edvel, mas de alta qualidade: fi\u00e1vel, elegante e fiel ao esp\u00edrito do jogo.<\/p>\n<p>Especifica\u00e7\u00f5es:<\/p>\n<ul>\n<li>Peso 56 Kgs.<\/li>\n<li>Campo de jogo 111 x 70\u00a0cm<\/li>\n<li>Dimens\u00f5es Embalagem 138cm x 80cm x 31cm<\/li>\n<li>Dimens\u00e3o constru\u00eddo 135cm x 110cm x 90cm<\/li>\n<\/ul>\n<p>&nbsp;<\/p>\n<p>&nbsp;<\/p>\n","protected":false},"excerpt":{"rendered":"<p>Concebida para aqueles que querem levar o jogo para al\u00e9m dos muros de casa, a Joy Outdoor \u00e9 a mesa [&hellip;]<\/p>\n","protected":false},"featured_media":107088,"template":"","meta":{"site-sidebar-layout":"default","site-content-layout":"","ast-site-content-layout":"default","site-content-style":"default","site-sidebar-style":"default","ast-global-header-display":"","ast-banner-title-visibility":"","ast-main-header-display":"","ast-hfb-above-header-display":"","ast-hfb-below-header-display":"","ast-hfb-mobile-header-display":"","site-post-title":"","ast-breadcrumbs-content":"","ast-featured-img":"","footer-sml-layout":"","ast-disable-related-posts":"","theme-transparent-header-meta":"default","adv-header-id-meta":"","stick-header-meta":"","header-above-stick-meta":"","header-main-stick-meta":"","header-below-stick-meta":"","astra-migrate-meta-layouts":"default","ast-page-background-enabled":"default","ast-page-background-meta":{"desktop":{"background-color":"var(--ast-global-color-4)","background-image":"","background-repeat":"repeat","background-position":"center center","background-size":"auto","background-attachment":"scroll","background-type":"","background-media":"","overlay-type":"","overlay-color":"","overlay-opacity":"","overlay-gradient":""},"tablet":{"background-color":"","background-image":"","background-repeat":"repeat","background-position":"center center","background-size":"auto","background-attachment":"scroll","background-type":"","background-media":"","overlay-type":"","overlay-color":"","overlay-opacity":"","overlay-gradient":""},"mobile":{"background-color":"","background-image":"","background-repeat":"repeat","background-position":"center center","background-size":"auto","background-attachment":"scroll","background-type":"","background-media":"","overlay-type":"","overlay-color":"","overlay-opacity":"","overlay-gradient":""}},"ast-content-background-meta":{"desktop":{"background-color":"var(--ast-global-color-5)","background-image":"","background-repeat":"repeat","background-position":"center center","background-size":"auto","background-attachment":"scroll","background-type":"","background-media":"","overlay-type":"","overlay-color":"","overlay-opacity":"","overlay-gradient":""},"tablet":{"background-color":"var(--ast-global-color-5)","background-image":"","background-repeat":"repeat","background-position":"center center","background-size":"auto","background-attachment":"scroll","background-type":"","background-media":"","overlay-type":"","overlay-color":"","overlay-opacity":"","overlay-gradient":""},"mobile":{"background-color":"var(--ast-global-color-5)","background-image":"","background-repeat":"repeat","background-position":"center center","background-size":"auto","background-attachment":"scroll","background-type":"","background-media":"","overlay-type":"","overlay-color":"","overlay-opacity":"","overlay-gradient":""}}},"product_brand":[5227],"product_cat":[3447,1124],"product_tag":[],"class_list":{"0":"post-107084","1":"product","2":"type-product","3":"status-publish","4":"has-post-thumbnail","6":"product_brand-roberto-sport-pt-pt","7":"product_cat-jogos-de-exterior","8":"product_cat-matraquilhos-sem-moedeiro","9":"product_shipping_class-matraquilhos","10":"desktop-align-center","11":"tablet-align-left","12":"mobile-align-left","14":"first","15":"instock","16":"taxable","17":"shipping-taxable","18":"purchasable","19":"product-type-simple"},"yoast_head":"<!-- This site is optimized with the Yoast SEO plugin v27.4 - https:\/\/yoast.com\/product\/yoast-seo-wordpress\/ -->\n<title>Matraquilho de exterior Roberto Sport Joy - The World Billiards<\/title>\n<meta name=\"description\" content=\"Concebida para aqueles que querem levar o jogo para al\u00e9m dos muros de casa, a Joy Outdoor \u00e9 a mesa de matraquilhos de n\u00edvel b\u00e1sico, concebida para resistir aos elementos e proporcionar horas de divers\u00e3o ao ar livre.  Os seus m\u00f3veis s\u00e3o produzidos em melamina tratada, o que garante uma excelente resist\u00eancia ao sol, \u00e0 chuva e \u00e0 humidade, mantendo a sua integridade estrutural mesmo ap\u00f3s longos per\u00edodos ao ar livre.  As barras telesc\u00f3picas com 18 polegadas de di\u00e2metro e revestimento triplo cromado deslizam suave e precisamente, tornando cada movimento r\u00e1pido e envolvente.  O campo de jogo em vidro temperado cinzento, serigrafado num elegante tom cinzento, combina uma est\u00e9tica moderna com uma excelente visibilidade durante o jogo.  P\u00e9s em alum\u00ednio anodizado  A Joy Outdoor \u00e9 a escolha ideal para quem procura um produto acess\u00edvel, mas de alta qualidade: fi\u00e1vel, elegante e fiel ao esp\u00edrito do jogo.  Especifica\u00e7\u00f5es:   Peso 56 Kgs.  Campo de jogo 111 x 70\u00a0cm  Dimens\u00f5es Embalagem 138cm x 80cm x 31cm  Dimens\u00e3o constru\u00eddo 135cm x 110cm x 90cm  &nbsp;  &nbsp;\" \/>\n<meta name=\"robots\" content=\"index, follow, max-snippet:-1, max-image-preview:large, max-video-preview:-1\" \/>\n<link rel=\"canonical\" href=\"https:\/\/theworldbilliards.com\/pt-pt\/produto\/matraquilho-de-exterior-roberto-sport-joy\/\" \/>\n<meta property=\"og:locale\" content=\"pt_PT\" \/>\n<meta property=\"og:type\" content=\"article\" \/>\n<meta property=\"og:title\" content=\"Matraquilho de exterior Roberto Sport Joy - The World Billiards\" \/>\n<meta property=\"og:description\" content=\"Concebida para aqueles que querem levar o jogo para al\u00e9m dos muros de casa, a Joy Outdoor \u00e9 a mesa de matraquilhos de n\u00edvel b\u00e1sico, concebida para resistir aos elementos e proporcionar horas de divers\u00e3o ao ar livre.  Os seus m\u00f3veis s\u00e3o produzidos em melamina tratada, o que garante uma excelente resist\u00eancia ao sol, \u00e0 chuva e \u00e0 humidade, mantendo a sua integridade estrutural mesmo ap\u00f3s longos per\u00edodos ao ar livre.  As barras telesc\u00f3picas com 18 polegadas de di\u00e2metro e revestimento triplo cromado deslizam suave e precisamente, tornando cada movimento r\u00e1pido e envolvente.  O campo de jogo em vidro temperado cinzento, serigrafado num elegante tom cinzento, combina uma est\u00e9tica moderna com uma excelente visibilidade durante o jogo.  P\u00e9s em alum\u00ednio anodizado  A Joy Outdoor \u00e9 a escolha ideal para quem procura um produto acess\u00edvel, mas de alta qualidade: fi\u00e1vel, elegante e fiel ao esp\u00edrito do jogo.  Especifica\u00e7\u00f5es:   Peso 56 Kgs.  Campo de jogo 111 x 70\u00a0cm  Dimens\u00f5es Embalagem 138cm x 80cm x 31cm  Dimens\u00e3o constru\u00eddo 135cm x 110cm x 90cm  &nbsp;  &nbsp;\" \/>\n<meta property=\"og:url\" content=\"https:\/\/theworldbilliards.com\/pt-pt\/produto\/matraquilho-de-exterior-roberto-sport-joy\/\" \/>\n<meta property=\"og:site_name\" content=\"The World Billiards\" \/>\n<meta property=\"article:publisher\" content=\"https:\/\/www.facebook.com\/baby.foot.superbes\" \/>\n<meta property=\"article:modified_time\" content=\"2025-09-17T08:40:31+00:00\" \/>\n<meta property=\"og:image\" content=\"https:\/\/theworldbilliards.com\/wp-content\/uploads\/2025\/04\/Joy-Outdoor_Roberto-Sport.webp\" \/>\n\t<meta property=\"og:image:width\" content=\"700\" \/>\n\t<meta property=\"og:image:height\" content=\"700\" \/>\n\t<meta property=\"og:image:type\" content=\"image\/webp\" \/>\n<meta name=\"twitter:card\" content=\"summary_large_image\" \/>\n<script type=\"application\/ld+json\" class=\"yoast-schema-graph\">{\"@context\":\"https:\\\/\\\/schema.org\",\"@graph\":[{\"@type\":\"WebPage\",\"@id\":\"https:\\\/\\\/theworldbilliards.com\\\/pt-pt\\\/produto\\\/matraquilho-de-exterior-roberto-sport-joy\\\/\",\"url\":\"https:\\\/\\\/theworldbilliards.com\\\/pt-pt\\\/produto\\\/matraquilho-de-exterior-roberto-sport-joy\\\/\",\"name\":\"Matraquilho de exterior Roberto Sport Joy - The World Billiards\",\"isPartOf\":{\"@id\":\"https:\\\/\\\/theworldbilliards.com\\\/pt-pt\\\/#website\"},\"primaryImageOfPage\":{\"@id\":\"https:\\\/\\\/theworldbilliards.com\\\/pt-pt\\\/produto\\\/matraquilho-de-exterior-roberto-sport-joy\\\/#primaryimage\"},\"image\":{\"@id\":\"https:\\\/\\\/theworldbilliards.com\\\/pt-pt\\\/produto\\\/matraquilho-de-exterior-roberto-sport-joy\\\/#primaryimage\"},\"thumbnailUrl\":\"https:\\\/\\\/theworldbilliards.com\\\/wp-content\\\/uploads\\\/2025\\\/04\\\/Joy-Outdoor_Roberto-Sport.webp\",\"datePublished\":\"2025-04-23T10:37:30+00:00\",\"dateModified\":\"2025-09-17T08:40:31+00:00\",\"description\":\"Concebida para aqueles que querem levar o jogo para al\u00e9m dos muros de casa, a Joy Outdoor \u00e9 a mesa de matraquilhos de n\u00edvel b\u00e1sico, concebida para resistir aos elementos e proporcionar horas de divers\u00e3o ao ar livre. Os seus m\u00f3veis s\u00e3o produzidos em melamina tratada, o que garante uma excelente resist\u00eancia ao sol, \u00e0 chuva e \u00e0 humidade, mantendo a sua integridade estrutural mesmo ap\u00f3s longos per\u00edodos ao ar livre. As barras telesc\u00f3picas com 18 polegadas de di\u00e2metro e revestimento triplo cromado deslizam suave e precisamente, tornando cada movimento r\u00e1pido e envolvente. O campo de jogo em vidro temperado cinzento, serigrafado num elegante tom cinzento, combina uma est\u00e9tica moderna com uma excelente visibilidade durante o jogo. P\u00e9s em alum\u00ednio anodizado A Joy Outdoor \u00e9 a escolha ideal para quem procura um produto acess\u00edvel, mas de alta qualidade: fi\u00e1vel, elegante e fiel ao esp\u00edrito do jogo. Especifica\u00e7\u00f5es: Peso 56 Kgs. Campo de jogo 111 x 70\u00a0cm Dimens\u00f5es Embalagem 138cm x 80cm x 31cm Dimens\u00e3o constru\u00eddo 135cm x 110cm x 90cm &nbsp; &nbsp;\",\"breadcrumb\":{\"@id\":\"https:\\\/\\\/theworldbilliards.com\\\/pt-pt\\\/produto\\\/matraquilho-de-exterior-roberto-sport-joy\\\/#breadcrumb\"},\"inLanguage\":\"pt-PT\",\"potentialAction\":[{\"@type\":\"ReadAction\",\"target\":[\"https:\\\/\\\/theworldbilliards.com\\\/pt-pt\\\/produto\\\/matraquilho-de-exterior-roberto-sport-joy\\\/\"]}]},{\"@type\":\"ImageObject\",\"inLanguage\":\"pt-PT\",\"@id\":\"https:\\\/\\\/theworldbilliards.com\\\/pt-pt\\\/produto\\\/matraquilho-de-exterior-roberto-sport-joy\\\/#primaryimage\",\"url\":\"https:\\\/\\\/theworldbilliards.com\\\/wp-content\\\/uploads\\\/2025\\\/04\\\/Joy-Outdoor_Roberto-Sport.webp\",\"contentUrl\":\"https:\\\/\\\/theworldbilliards.com\\\/wp-content\\\/uploads\\\/2025\\\/04\\\/Joy-Outdoor_Roberto-Sport.webp\",\"width\":700,\"height\":700},{\"@type\":\"BreadcrumbList\",\"@id\":\"https:\\\/\\\/theworldbilliards.com\\\/pt-pt\\\/produto\\\/matraquilho-de-exterior-roberto-sport-joy\\\/#breadcrumb\",\"itemListElement\":[{\"@type\":\"ListItem\",\"position\":1,\"name\":\"In\u00edcio\",\"item\":\"https:\\\/\\\/theworldbilliards.com\\\/pt-pt\\\/\"},{\"@type\":\"ListItem\",\"position\":2,\"name\":\"Loja online\",\"item\":\"https:\\\/\\\/theworldbilliards.com\\\/pt-pt\\\/loja-theworldbilliards\\\/\"},{\"@type\":\"ListItem\",\"position\":3,\"name\":\"Matraquilho de exterior Roberto Sport Joy\"}]},{\"@type\":\"WebSite\",\"@id\":\"https:\\\/\\\/theworldbilliards.com\\\/pt-pt\\\/#website\",\"url\":\"https:\\\/\\\/theworldbilliards.com\\\/pt-pt\\\/\",\"name\":\"TheWorldBilliards\",\"description\":\"Compre aqui bilhar, matraquilho, t\u00eanis de mesa e bowling\",\"publisher\":{\"@id\":\"https:\\\/\\\/theworldbilliards.com\\\/pt-pt\\\/#organization\"},\"alternateName\":\"The world billiards\",\"potentialAction\":[{\"@type\":\"SearchAction\",\"target\":{\"@type\":\"EntryPoint\",\"urlTemplate\":\"https:\\\/\\\/theworldbilliards.com\\\/pt-pt\\\/?s={search_term_string}\"},\"query-input\":{\"@type\":\"PropertyValueSpecification\",\"valueRequired\":true,\"valueName\":\"search_term_string\"}}],\"inLanguage\":\"pt-PT\"},{\"@type\":\"Organization\",\"@id\":\"https:\\\/\\\/theworldbilliards.com\\\/pt-pt\\\/#organization\",\"name\":\"The World Billiards\",\"alternateName\":\"The World Billiards\",\"url\":\"https:\\\/\\\/theworldbilliards.com\\\/pt-pt\\\/\",\"logo\":{\"@type\":\"ImageObject\",\"inLanguage\":\"pt-PT\",\"@id\":\"https:\\\/\\\/theworldbilliards.com\\\/pt-pt\\\/#\\\/schema\\\/logo\\\/image\\\/\",\"url\":\"\",\"contentUrl\":\"\",\"caption\":\"The World Billiards\"},\"image\":{\"@id\":\"https:\\\/\\\/theworldbilliards.com\\\/pt-pt\\\/#\\\/schema\\\/logo\\\/image\\\/\"},\"sameAs\":[\"https:\\\/\\\/www.facebook.com\\\/baby.foot.superbes\",\"https:\\\/\\\/www.youtube.com\\\/channel\\\/UCIMuOVAaUcH6UpZcsZlH0Tg\",\"https:\\\/\\\/www.facebook.com\\\/people\\\/Brunswick-Billiards-EspaaPortugal\\\/100066446264309\\\/\",\"https:\\\/\\\/www.instagram.com\\\/the_world_billiards\\\/\",\"https:\\\/\\\/www.pinterest.es\\\/Theworldbilliards\\\/\"]}]}<\/script>\n<!-- \/ Yoast SEO plugin. -->","yoast_head_json":{"title":"Matraquilho de exterior Roberto Sport Joy - The World Billiards","description":"Concebida para aqueles que querem levar o jogo para al\u00e9m dos muros de casa, a Joy Outdoor \u00e9 a mesa de matraquilhos de n\u00edvel b\u00e1sico, concebida para resistir aos elementos e proporcionar horas de divers\u00e3o ao ar livre.  Os seus m\u00f3veis s\u00e3o produzidos em melamina tratada, o que garante uma excelente resist\u00eancia ao sol, \u00e0 chuva e \u00e0 humidade, mantendo a sua integridade estrutural mesmo ap\u00f3s longos per\u00edodos ao ar livre.  As barras telesc\u00f3picas com 18 polegadas de di\u00e2metro e revestimento triplo cromado deslizam suave e precisamente, tornando cada movimento r\u00e1pido e envolvente.  O campo de jogo em vidro temperado cinzento, serigrafado num elegante tom cinzento, combina uma est\u00e9tica moderna com uma excelente visibilidade durante o jogo.  P\u00e9s em alum\u00ednio anodizado  A Joy Outdoor \u00e9 a escolha ideal para quem procura um produto acess\u00edvel, mas de alta qualidade: fi\u00e1vel, elegante e fiel ao esp\u00edrito do jogo.  Especifica\u00e7\u00f5es:   Peso 56 Kgs.  Campo de jogo 111 x 70\u00a0cm  Dimens\u00f5es Embalagem 138cm x 80cm x 31cm  Dimens\u00e3o constru\u00eddo 135cm x 110cm x 90cm  &nbsp;  &nbsp;","robots":{"index":"index","follow":"follow","max-snippet":"max-snippet:-1","max-image-preview":"max-image-preview:large","max-video-preview":"max-video-preview:-1"},"canonical":"https:\/\/theworldbilliards.com\/pt-pt\/produto\/matraquilho-de-exterior-roberto-sport-joy\/","og_locale":"pt_PT","og_type":"article","og_title":"Matraquilho de exterior Roberto Sport Joy - The World Billiards","og_description":"Concebida para aqueles que querem levar o jogo para al\u00e9m dos muros de casa, a Joy Outdoor \u00e9 a mesa de matraquilhos de n\u00edvel b\u00e1sico, concebida para resistir aos elementos e proporcionar horas de divers\u00e3o ao ar livre.  Os seus m\u00f3veis s\u00e3o produzidos em melamina tratada, o que garante uma excelente resist\u00eancia ao sol, \u00e0 chuva e \u00e0 humidade, mantendo a sua integridade estrutural mesmo ap\u00f3s longos per\u00edodos ao ar livre.  As barras telesc\u00f3picas com 18 polegadas de di\u00e2metro e revestimento triplo cromado deslizam suave e precisamente, tornando cada movimento r\u00e1pido e envolvente.  O campo de jogo em vidro temperado cinzento, serigrafado num elegante tom cinzento, combina uma est\u00e9tica moderna com uma excelente visibilidade durante o jogo.  P\u00e9s em alum\u00ednio anodizado  A Joy Outdoor \u00e9 a escolha ideal para quem procura um produto acess\u00edvel, mas de alta qualidade: fi\u00e1vel, elegante e fiel ao esp\u00edrito do jogo.  Especifica\u00e7\u00f5es:   Peso 56 Kgs.  Campo de jogo 111 x 70\u00a0cm  Dimens\u00f5es Embalagem 138cm x 80cm x 31cm  Dimens\u00e3o constru\u00eddo 135cm x 110cm x 90cm  &nbsp;  &nbsp;","og_url":"https:\/\/theworldbilliards.com\/pt-pt\/produto\/matraquilho-de-exterior-roberto-sport-joy\/","og_site_name":"The World Billiards","article_publisher":"https:\/\/www.facebook.com\/baby.foot.superbes","article_modified_time":"2025-09-17T08:40:31+00:00","og_image":[{"width":700,"height":700,"url":"https:\/\/theworldbilliards.com\/wp-content\/uploads\/2025\/04\/Joy-Outdoor_Roberto-Sport.webp","type":"image\/webp"}],"twitter_card":"summary_large_image","schema":{"@context":"https:\/\/schema.org","@graph":[{"@type":"WebPage","@id":"https:\/\/theworldbilliards.com\/pt-pt\/produto\/matraquilho-de-exterior-roberto-sport-joy\/","url":"https:\/\/theworldbilliards.com\/pt-pt\/produto\/matraquilho-de-exterior-roberto-sport-joy\/","name":"Matraquilho de exterior Roberto Sport Joy - The World Billiards","isPartOf":{"@id":"https:\/\/theworldbilliards.com\/pt-pt\/#website"},"primaryImageOfPage":{"@id":"https:\/\/theworldbilliards.com\/pt-pt\/produto\/matraquilho-de-exterior-roberto-sport-joy\/#primaryimage"},"image":{"@id":"https:\/\/theworldbilliards.com\/pt-pt\/produto\/matraquilho-de-exterior-roberto-sport-joy\/#primaryimage"},"thumbnailUrl":"https:\/\/theworldbilliards.com\/wp-content\/uploads\/2025\/04\/Joy-Outdoor_Roberto-Sport.webp","datePublished":"2025-04-23T10:37:30+00:00","dateModified":"2025-09-17T08:40:31+00:00","description":"Concebida para aqueles que querem levar o jogo para al\u00e9m dos muros de casa, a Joy Outdoor \u00e9 a mesa de matraquilhos de n\u00edvel b\u00e1sico, concebida para resistir aos elementos e proporcionar horas de divers\u00e3o ao ar livre. Os seus m\u00f3veis s\u00e3o produzidos em melamina tratada, o que garante uma excelente resist\u00eancia ao sol, \u00e0 chuva e \u00e0 humidade, mantendo a sua integridade estrutural mesmo ap\u00f3s longos per\u00edodos ao ar livre. As barras telesc\u00f3picas com 18 polegadas de di\u00e2metro e revestimento triplo cromado deslizam suave e precisamente, tornando cada movimento r\u00e1pido e envolvente. O campo de jogo em vidro temperado cinzento, serigrafado num elegante tom cinzento, combina uma est\u00e9tica moderna com uma excelente visibilidade durante o jogo. P\u00e9s em alum\u00ednio anodizado A Joy Outdoor \u00e9 a escolha ideal para quem procura um produto acess\u00edvel, mas de alta qualidade: fi\u00e1vel, elegante e fiel ao esp\u00edrito do jogo. Especifica\u00e7\u00f5es: Peso 56 Kgs. Campo de jogo 111 x 70\u00a0cm Dimens\u00f5es Embalagem 138cm x 80cm x 31cm Dimens\u00e3o constru\u00eddo 135cm x 110cm x 90cm &nbsp; &nbsp;","breadcrumb":{"@id":"https:\/\/theworldbilliards.com\/pt-pt\/produto\/matraquilho-de-exterior-roberto-sport-joy\/#breadcrumb"},"inLanguage":"pt-PT","potentialAction":[{"@type":"ReadAction","target":["https:\/\/theworldbilliards.com\/pt-pt\/produto\/matraquilho-de-exterior-roberto-sport-joy\/"]}]},{"@type":"ImageObject","inLanguage":"pt-PT","@id":"https:\/\/theworldbilliards.com\/pt-pt\/produto\/matraquilho-de-exterior-roberto-sport-joy\/#primaryimage","url":"https:\/\/theworldbilliards.com\/wp-content\/uploads\/2025\/04\/Joy-Outdoor_Roberto-Sport.webp","contentUrl":"https:\/\/theworldbilliards.com\/wp-content\/uploads\/2025\/04\/Joy-Outdoor_Roberto-Sport.webp","width":700,"height":700},{"@type":"BreadcrumbList","@id":"https:\/\/theworldbilliards.com\/pt-pt\/produto\/matraquilho-de-exterior-roberto-sport-joy\/#breadcrumb","itemListElement":[{"@type":"ListItem","position":1,"name":"In\u00edcio","item":"https:\/\/theworldbilliards.com\/pt-pt\/"},{"@type":"ListItem","position":2,"name":"Loja online","item":"https:\/\/theworldbilliards.com\/pt-pt\/loja-theworldbilliards\/"},{"@type":"ListItem","position":3,"name":"Matraquilho de exterior Roberto Sport Joy"}]},{"@type":"WebSite","@id":"https:\/\/theworldbilliards.com\/pt-pt\/#website","url":"https:\/\/theworldbilliards.com\/pt-pt\/","name":"TheWorldBilliards","description":"Compre aqui bilhar, matraquilho, t\u00eanis de mesa e bowling","publisher":{"@id":"https:\/\/theworldbilliards.com\/pt-pt\/#organization"},"alternateName":"The world billiards","potentialAction":[{"@type":"SearchAction","target":{"@type":"EntryPoint","urlTemplate":"https:\/\/theworldbilliards.com\/pt-pt\/?s={search_term_string}"},"query-input":{"@type":"PropertyValueSpecification","valueRequired":true,"valueName":"search_term_string"}}],"inLanguage":"pt-PT"},{"@type":"Organization","@id":"https:\/\/theworldbilliards.com\/pt-pt\/#organization","name":"The World Billiards","alternateName":"The World Billiards","url":"https:\/\/theworldbilliards.com\/pt-pt\/","logo":{"@type":"ImageObject","inLanguage":"pt-PT","@id":"https:\/\/theworldbilliards.com\/pt-pt\/#\/schema\/logo\/image\/","url":"","contentUrl":"","caption":"The World Billiards"},"image":{"@id":"https:\/\/theworldbilliards.com\/pt-pt\/#\/schema\/logo\/image\/"},"sameAs":["https:\/\/www.facebook.com\/baby.foot.superbes","https:\/\/www.youtube.com\/channel\/UCIMuOVAaUcH6UpZcsZlH0Tg","https:\/\/www.facebook.com\/people\/Brunswick-Billiards-EspaaPortugal\/100066446264309\/","https:\/\/www.instagram.com\/the_world_billiards\/","https:\/\/www.pinterest.es\/Theworldbilliards\/"]}]}},"_links":{"self":[{"href":"https:\/\/theworldbilliards.com\/pt-pt\/wp-json\/wp\/v2\/product\/107084","targetHints":{"allow":["GET"]}}],"collection":[{"href":"https:\/\/theworldbilliards.com\/pt-pt\/wp-json\/wp\/v2\/product"}],"about":[{"href":"https:\/\/theworldbilliards.com\/pt-pt\/wp-json\/wp\/v2\/types\/product"}],"wp:featuredmedia":[{"embeddable":true,"href":"https:\/\/theworldbilliards.com\/pt-pt\/wp-json\/wp\/v2\/media\/107088"}],"wp:attachment":[{"href":"https:\/\/theworldbilliards.com\/pt-pt\/wp-json\/wp\/v2\/media?parent=107084"}],"wp:term":[{"taxonomy":"product_brand","embeddable":true,"href":"https:\/\/theworldbilliards.com\/pt-pt\/wp-json\/wp\/v2\/product_brand?post=107084"},{"taxonomy":"product_cat","embeddable":true,"href":"https:\/\/theworldbilliards.com\/pt-pt\/wp-json\/wp\/v2\/product_cat?post=107084"},{"taxonomy":"product_tag","embeddable":true,"href":"https:\/\/theworldbilliards.com\/pt-pt\/wp-json\/wp\/v2\/product_tag?post=107084"}],"curies":[{"name":"wp","href":"https:\/\/api.w.org\/{rel}","templated":true}]}}