{"id":107220,"date":"2025-04-29T13:12:18","date_gmt":"2025-04-29T11:12:18","guid":{"rendered":"https:\/\/theworldbilliards.com\/?post_type=product&#038;p=107220"},"modified":"2025-05-12T13:38:00","modified_gmt":"2025-05-12T11:38:00","slug":"bilhar-carambola-gabriels-rafale-2-0-284-slate","status":"publish","type":"product","link":"https:\/\/theworldbilliards.com\/pt-pt\/produto\/bilhar-carambola-gabriels-rafale-2-0-284-slate\/","title":{"rendered":"Bilhar carambola Gabriels Rafale 2.0 284 slate"},"content":{"rendered":"<p>Equipado com as nossas exclusivas almofadas Vector BS-CA 394: \u00e2ngulos mais longos e uma resposta extremamente consistente no trilho.<br \/>\nEstrutura com distribui\u00e7\u00e3o de stress, resultando em condi\u00e7\u00f5es de jogo mais silenciosas.<br \/>\nForro em tecido comp\u00f3sito para f\u00e1cil substitui\u00e7\u00e3o do tecido.<br \/>\nTrilhos redesenhados; constru\u00e7\u00e3o totalmente em alum\u00ednio, \u00e2ngulos de encaixe alterados, novo sistema de inser\u00e7\u00e3o, melhor resist\u00eancia aos riscos.<br \/>\nNovas cores, combina\u00e7\u00f5es infinitas dispon\u00edveis.<br \/>\nSistema de aquecimento completamente novo, de rea\u00e7\u00e3o r\u00e1pida, totalmente isolado, melhor distribui\u00e7\u00e3o do calor por todo o campo de jogo.<br \/>\nDiamantes em cores de alto contraste para melhor visibilidade.<\/p>\n","protected":false},"excerpt":{"rendered":"<p>Equipado com as nossas exclusivas almofadas Vector BS-CA 394: \u00e2ngulos mais longos e uma resposta extremamente consistente no trilho. Estrutura [&hellip;]<\/p>\n","protected":false},"featured_media":107227,"template":"","meta":{"site-sidebar-layout":"default","site-content-layout":"","ast-site-content-layout":"default","site-content-style":"default","site-sidebar-style":"default","ast-global-header-display":"","ast-banner-title-visibility":"","ast-main-header-display":"","ast-hfb-above-header-display":"","ast-hfb-below-header-display":"","ast-hfb-mobile-header-display":"","site-post-title":"","ast-breadcrumbs-content":"","ast-featured-img":"","footer-sml-layout":"","ast-disable-related-posts":"","theme-transparent-header-meta":"default","adv-header-id-meta":"","stick-header-meta":"","header-above-stick-meta":"","header-main-stick-meta":"","header-below-stick-meta":"","astra-migrate-meta-layouts":"default","ast-page-background-enabled":"default","ast-page-background-meta":{"desktop":{"background-color":"var(--ast-global-color-4)","background-image":"","background-repeat":"repeat","background-position":"center center","background-size":"auto","background-attachment":"scroll","background-type":"","background-media":"","overlay-type":"","overlay-color":"","overlay-opacity":"","overlay-gradient":""},"tablet":{"background-color":"","background-image":"","background-repeat":"repeat","background-position":"center center","background-size":"auto","background-attachment":"scroll","background-type":"","background-media":"","overlay-type":"","overlay-color":"","overlay-opacity":"","overlay-gradient":""},"mobile":{"background-color":"","background-image":"","background-repeat":"repeat","background-position":"center center","background-size":"auto","background-attachment":"scroll","background-type":"","background-media":"","overlay-type":"","overlay-color":"","overlay-opacity":"","overlay-gradient":""}},"ast-content-background-meta":{"desktop":{"background-color":"var(--ast-global-color-5)","background-image":"","background-repeat":"repeat","background-position":"center center","background-size":"auto","background-attachment":"scroll","background-type":"","background-media":"","overlay-type":"","overlay-color":"","overlay-opacity":"","overlay-gradient":""},"tablet":{"background-color":"var(--ast-global-color-5)","background-image":"","background-repeat":"repeat","background-position":"center center","background-size":"auto","background-attachment":"scroll","background-type":"","background-media":"","overlay-type":"","overlay-color":"","overlay-opacity":"","overlay-gradient":""},"mobile":{"background-color":"var(--ast-global-color-5)","background-image":"","background-repeat":"repeat","background-position":"center center","background-size":"auto","background-attachment":"scroll","background-type":"","background-media":"","overlay-type":"","overlay-color":"","overlay-opacity":"","overlay-gradient":""}}},"product_brand":[5273],"product_cat":[5277],"product_tag":[],"class_list":{"0":"post-107220","1":"product","2":"type-product","3":"status-publish","4":"has-post-thumbnail","6":"product_brand-gabriels-pt-pt","7":"product_cat-bilhares-gabriels","8":"product_shipping_class-bilhares-grandes","9":"desktop-align-center","10":"tablet-align-left","11":"mobile-align-left","13":"first","14":"onbackorder","15":"taxable","16":"shipping-taxable","17":"purchasable","18":"product-type-simple"},"yoast_head":"<!-- This site is optimized with the Yoast SEO plugin v27.5 - https:\/\/yoast.com\/product\/yoast-seo-wordpress\/ -->\n<title>Bilhar carambola Gabriels Rafale 2.0 284 slate - The World Billiards<\/title>\n<meta name=\"description\" content=\"Equipado com as nossas exclusivas almofadas Vector BS-CA 394: \u00e2ngulos mais longos e uma resposta extremamente consistente no trilho. Estrutura com distribui\u00e7\u00e3o de stress, resultando em condi\u00e7\u00f5es de jogo mais silenciosas. Forro em tecido comp\u00f3sito para f\u00e1cil substitui\u00e7\u00e3o do tecido. Trilhos redesenhados; constru\u00e7\u00e3o totalmente em alum\u00ednio, \u00e2ngulos de encaixe alterados, novo sistema de inser\u00e7\u00e3o, melhor resist\u00eancia aos riscos. Novas cores, combina\u00e7\u00f5es infinitas dispon\u00edveis. Sistema de aquecimento completamente novo, de rea\u00e7\u00e3o r\u00e1pida, totalmente isolado, melhor distribui\u00e7\u00e3o do calor por todo o campo de jogo. Diamantes em cores de alto contraste para melhor visibilidade.\" \/>\n<meta name=\"robots\" content=\"index, follow, max-snippet:-1, max-image-preview:large, max-video-preview:-1\" \/>\n<link rel=\"canonical\" href=\"https:\/\/theworldbilliards.com\/pt-pt\/produto\/bilhar-carambola-gabriels-rafale-2-0-284-slate\/\" \/>\n<meta property=\"og:locale\" content=\"pt_PT\" \/>\n<meta property=\"og:type\" content=\"article\" \/>\n<meta property=\"og:title\" content=\"Bilhar carambola Gabriels Rafale 2.0 284 slate - The World Billiards\" \/>\n<meta property=\"og:description\" content=\"Equipado com as nossas exclusivas almofadas Vector BS-CA 394: \u00e2ngulos mais longos e uma resposta extremamente consistente no trilho. Estrutura com distribui\u00e7\u00e3o de stress, resultando em condi\u00e7\u00f5es de jogo mais silenciosas. Forro em tecido comp\u00f3sito para f\u00e1cil substitui\u00e7\u00e3o do tecido. Trilhos redesenhados; constru\u00e7\u00e3o totalmente em alum\u00ednio, \u00e2ngulos de encaixe alterados, novo sistema de inser\u00e7\u00e3o, melhor resist\u00eancia aos riscos. Novas cores, combina\u00e7\u00f5es infinitas dispon\u00edveis. Sistema de aquecimento completamente novo, de rea\u00e7\u00e3o r\u00e1pida, totalmente isolado, melhor distribui\u00e7\u00e3o do calor por todo o campo de jogo. Diamantes em cores de alto contraste para melhor visibilidade.\" \/>\n<meta property=\"og:url\" content=\"https:\/\/theworldbilliards.com\/pt-pt\/produto\/bilhar-carambola-gabriels-rafale-2-0-284-slate\/\" \/>\n<meta property=\"og:site_name\" content=\"The World Billiards\" \/>\n<meta property=\"article:publisher\" content=\"https:\/\/www.facebook.com\/baby.foot.superbes\" \/>\n<meta property=\"article:modified_time\" content=\"2025-05-12T11:38:00+00:00\" \/>\n<meta property=\"og:image\" content=\"https:\/\/theworldbilliards.com\/wp-content\/uploads\/2025\/04\/gabriels-rafale-20.webp\" \/>\n\t<meta property=\"og:image:width\" content=\"927\" \/>\n\t<meta property=\"og:image:height\" content=\"924\" \/>\n\t<meta property=\"og:image:type\" content=\"image\/webp\" \/>\n<meta name=\"twitter:card\" content=\"summary_large_image\" \/>\n<script type=\"application\/ld+json\" class=\"yoast-schema-graph\">{\"@context\":\"https:\\\/\\\/schema.org\",\"@graph\":[{\"@type\":\"WebPage\",\"@id\":\"https:\\\/\\\/theworldbilliards.com\\\/pt-pt\\\/produto\\\/bilhar-carambola-gabriels-rafale-2-0-284-slate\\\/\",\"url\":\"https:\\\/\\\/theworldbilliards.com\\\/pt-pt\\\/produto\\\/bilhar-carambola-gabriels-rafale-2-0-284-slate\\\/\",\"name\":\"Bilhar carambola Gabriels Rafale 2.0 284 slate - The World Billiards\",\"isPartOf\":{\"@id\":\"https:\\\/\\\/theworldbilliards.com\\\/pt-pt\\\/#website\"},\"primaryImageOfPage\":{\"@id\":\"https:\\\/\\\/theworldbilliards.com\\\/pt-pt\\\/produto\\\/bilhar-carambola-gabriels-rafale-2-0-284-slate\\\/#primaryimage\"},\"image\":{\"@id\":\"https:\\\/\\\/theworldbilliards.com\\\/pt-pt\\\/produto\\\/bilhar-carambola-gabriels-rafale-2-0-284-slate\\\/#primaryimage\"},\"thumbnailUrl\":\"https:\\\/\\\/theworldbilliards.com\\\/wp-content\\\/uploads\\\/2025\\\/04\\\/gabriels-rafale-20.webp\",\"datePublished\":\"2025-04-29T11:12:18+00:00\",\"dateModified\":\"2025-05-12T11:38:00+00:00\",\"description\":\"Equipado com as nossas exclusivas almofadas Vector BS-CA 394: \u00e2ngulos mais longos e uma resposta extremamente consistente no trilho. Estrutura com distribui\u00e7\u00e3o de stress, resultando em condi\u00e7\u00f5es de jogo mais silenciosas. Forro em tecido comp\u00f3sito para f\u00e1cil substitui\u00e7\u00e3o do tecido. Trilhos redesenhados; constru\u00e7\u00e3o totalmente em alum\u00ednio, \u00e2ngulos de encaixe alterados, novo sistema de inser\u00e7\u00e3o, melhor resist\u00eancia aos riscos. Novas cores, combina\u00e7\u00f5es infinitas dispon\u00edveis. Sistema de aquecimento completamente novo, de rea\u00e7\u00e3o r\u00e1pida, totalmente isolado, melhor distribui\u00e7\u00e3o do calor por todo o campo de jogo. Diamantes em cores de alto contraste para melhor visibilidade.\",\"breadcrumb\":{\"@id\":\"https:\\\/\\\/theworldbilliards.com\\\/pt-pt\\\/produto\\\/bilhar-carambola-gabriels-rafale-2-0-284-slate\\\/#breadcrumb\"},\"inLanguage\":\"pt-PT\",\"potentialAction\":[{\"@type\":\"ReadAction\",\"target\":[\"https:\\\/\\\/theworldbilliards.com\\\/pt-pt\\\/produto\\\/bilhar-carambola-gabriels-rafale-2-0-284-slate\\\/\"]}]},{\"@type\":\"ImageObject\",\"inLanguage\":\"pt-PT\",\"@id\":\"https:\\\/\\\/theworldbilliards.com\\\/pt-pt\\\/produto\\\/bilhar-carambola-gabriels-rafale-2-0-284-slate\\\/#primaryimage\",\"url\":\"https:\\\/\\\/theworldbilliards.com\\\/wp-content\\\/uploads\\\/2025\\\/04\\\/gabriels-rafale-20.webp\",\"contentUrl\":\"https:\\\/\\\/theworldbilliards.com\\\/wp-content\\\/uploads\\\/2025\\\/04\\\/gabriels-rafale-20.webp\",\"width\":927,\"height\":924},{\"@type\":\"BreadcrumbList\",\"@id\":\"https:\\\/\\\/theworldbilliards.com\\\/pt-pt\\\/produto\\\/bilhar-carambola-gabriels-rafale-2-0-284-slate\\\/#breadcrumb\",\"itemListElement\":[{\"@type\":\"ListItem\",\"position\":1,\"name\":\"In\u00edcio\",\"item\":\"https:\\\/\\\/theworldbilliards.com\\\/pt-pt\\\/\"},{\"@type\":\"ListItem\",\"position\":2,\"name\":\"Loja online\",\"item\":\"https:\\\/\\\/theworldbilliards.com\\\/pt-pt\\\/loja-theworldbilliards\\\/\"},{\"@type\":\"ListItem\",\"position\":3,\"name\":\"Bilhar carambola Gabriels Rafale 2.0 284 slate\"}]},{\"@type\":\"WebSite\",\"@id\":\"https:\\\/\\\/theworldbilliards.com\\\/pt-pt\\\/#website\",\"url\":\"https:\\\/\\\/theworldbilliards.com\\\/pt-pt\\\/\",\"name\":\"TheWorldBilliards\",\"description\":\"Compre aqui bilhar, matraquilho, t\u00eanis de mesa e bowling\",\"publisher\":{\"@id\":\"https:\\\/\\\/theworldbilliards.com\\\/pt-pt\\\/#organization\"},\"alternateName\":\"The world billiards\",\"potentialAction\":[{\"@type\":\"SearchAction\",\"target\":{\"@type\":\"EntryPoint\",\"urlTemplate\":\"https:\\\/\\\/theworldbilliards.com\\\/pt-pt\\\/?s={search_term_string}\"},\"query-input\":{\"@type\":\"PropertyValueSpecification\",\"valueRequired\":true,\"valueName\":\"search_term_string\"}}],\"inLanguage\":\"pt-PT\"},{\"@type\":\"Organization\",\"@id\":\"https:\\\/\\\/theworldbilliards.com\\\/pt-pt\\\/#organization\",\"name\":\"The World Billiards\",\"alternateName\":\"The World Billiards\",\"url\":\"https:\\\/\\\/theworldbilliards.com\\\/pt-pt\\\/\",\"logo\":{\"@type\":\"ImageObject\",\"inLanguage\":\"pt-PT\",\"@id\":\"https:\\\/\\\/theworldbilliards.com\\\/pt-pt\\\/#\\\/schema\\\/logo\\\/image\\\/\",\"url\":\"\",\"contentUrl\":\"\",\"caption\":\"The World Billiards\"},\"image\":{\"@id\":\"https:\\\/\\\/theworldbilliards.com\\\/pt-pt\\\/#\\\/schema\\\/logo\\\/image\\\/\"},\"sameAs\":[\"https:\\\/\\\/www.facebook.com\\\/baby.foot.superbes\",\"https:\\\/\\\/www.youtube.com\\\/channel\\\/UCIMuOVAaUcH6UpZcsZlH0Tg\",\"https:\\\/\\\/www.facebook.com\\\/people\\\/Brunswick-Billiards-EspaaPortugal\\\/100066446264309\\\/\",\"https:\\\/\\\/www.instagram.com\\\/the_world_billiards\\\/\",\"https:\\\/\\\/www.pinterest.es\\\/Theworldbilliards\\\/\"]}]}<\/script>\n<!-- \/ Yoast SEO plugin. -->","yoast_head_json":{"title":"Bilhar carambola Gabriels Rafale 2.0 284 slate - The World Billiards","description":"Equipado com as nossas exclusivas almofadas Vector BS-CA 394: \u00e2ngulos mais longos e uma resposta extremamente consistente no trilho. Estrutura com distribui\u00e7\u00e3o de stress, resultando em condi\u00e7\u00f5es de jogo mais silenciosas. Forro em tecido comp\u00f3sito para f\u00e1cil substitui\u00e7\u00e3o do tecido. Trilhos redesenhados; constru\u00e7\u00e3o totalmente em alum\u00ednio, \u00e2ngulos de encaixe alterados, novo sistema de inser\u00e7\u00e3o, melhor resist\u00eancia aos riscos. Novas cores, combina\u00e7\u00f5es infinitas dispon\u00edveis. Sistema de aquecimento completamente novo, de rea\u00e7\u00e3o r\u00e1pida, totalmente isolado, melhor distribui\u00e7\u00e3o do calor por todo o campo de jogo. Diamantes em cores de alto contraste para melhor visibilidade.","robots":{"index":"index","follow":"follow","max-snippet":"max-snippet:-1","max-image-preview":"max-image-preview:large","max-video-preview":"max-video-preview:-1"},"canonical":"https:\/\/theworldbilliards.com\/pt-pt\/produto\/bilhar-carambola-gabriels-rafale-2-0-284-slate\/","og_locale":"pt_PT","og_type":"article","og_title":"Bilhar carambola Gabriels Rafale 2.0 284 slate - The World Billiards","og_description":"Equipado com as nossas exclusivas almofadas Vector BS-CA 394: \u00e2ngulos mais longos e uma resposta extremamente consistente no trilho. Estrutura com distribui\u00e7\u00e3o de stress, resultando em condi\u00e7\u00f5es de jogo mais silenciosas. Forro em tecido comp\u00f3sito para f\u00e1cil substitui\u00e7\u00e3o do tecido. Trilhos redesenhados; constru\u00e7\u00e3o totalmente em alum\u00ednio, \u00e2ngulos de encaixe alterados, novo sistema de inser\u00e7\u00e3o, melhor resist\u00eancia aos riscos. Novas cores, combina\u00e7\u00f5es infinitas dispon\u00edveis. Sistema de aquecimento completamente novo, de rea\u00e7\u00e3o r\u00e1pida, totalmente isolado, melhor distribui\u00e7\u00e3o do calor por todo o campo de jogo. Diamantes em cores de alto contraste para melhor visibilidade.","og_url":"https:\/\/theworldbilliards.com\/pt-pt\/produto\/bilhar-carambola-gabriels-rafale-2-0-284-slate\/","og_site_name":"The World Billiards","article_publisher":"https:\/\/www.facebook.com\/baby.foot.superbes","article_modified_time":"2025-05-12T11:38:00+00:00","og_image":[{"width":927,"height":924,"url":"https:\/\/theworldbilliards.com\/wp-content\/uploads\/2025\/04\/gabriels-rafale-20.webp","type":"image\/webp"}],"twitter_card":"summary_large_image","schema":{"@context":"https:\/\/schema.org","@graph":[{"@type":"WebPage","@id":"https:\/\/theworldbilliards.com\/pt-pt\/produto\/bilhar-carambola-gabriels-rafale-2-0-284-slate\/","url":"https:\/\/theworldbilliards.com\/pt-pt\/produto\/bilhar-carambola-gabriels-rafale-2-0-284-slate\/","name":"Bilhar carambola Gabriels Rafale 2.0 284 slate - The World Billiards","isPartOf":{"@id":"https:\/\/theworldbilliards.com\/pt-pt\/#website"},"primaryImageOfPage":{"@id":"https:\/\/theworldbilliards.com\/pt-pt\/produto\/bilhar-carambola-gabriels-rafale-2-0-284-slate\/#primaryimage"},"image":{"@id":"https:\/\/theworldbilliards.com\/pt-pt\/produto\/bilhar-carambola-gabriels-rafale-2-0-284-slate\/#primaryimage"},"thumbnailUrl":"https:\/\/theworldbilliards.com\/wp-content\/uploads\/2025\/04\/gabriels-rafale-20.webp","datePublished":"2025-04-29T11:12:18+00:00","dateModified":"2025-05-12T11:38:00+00:00","description":"Equipado com as nossas exclusivas almofadas Vector BS-CA 394: \u00e2ngulos mais longos e uma resposta extremamente consistente no trilho. Estrutura com distribui\u00e7\u00e3o de stress, resultando em condi\u00e7\u00f5es de jogo mais silenciosas. Forro em tecido comp\u00f3sito para f\u00e1cil substitui\u00e7\u00e3o do tecido. Trilhos redesenhados; constru\u00e7\u00e3o totalmente em alum\u00ednio, \u00e2ngulos de encaixe alterados, novo sistema de inser\u00e7\u00e3o, melhor resist\u00eancia aos riscos. Novas cores, combina\u00e7\u00f5es infinitas dispon\u00edveis. Sistema de aquecimento completamente novo, de rea\u00e7\u00e3o r\u00e1pida, totalmente isolado, melhor distribui\u00e7\u00e3o do calor por todo o campo de jogo. Diamantes em cores de alto contraste para melhor visibilidade.","breadcrumb":{"@id":"https:\/\/theworldbilliards.com\/pt-pt\/produto\/bilhar-carambola-gabriels-rafale-2-0-284-slate\/#breadcrumb"},"inLanguage":"pt-PT","potentialAction":[{"@type":"ReadAction","target":["https:\/\/theworldbilliards.com\/pt-pt\/produto\/bilhar-carambola-gabriels-rafale-2-0-284-slate\/"]}]},{"@type":"ImageObject","inLanguage":"pt-PT","@id":"https:\/\/theworldbilliards.com\/pt-pt\/produto\/bilhar-carambola-gabriels-rafale-2-0-284-slate\/#primaryimage","url":"https:\/\/theworldbilliards.com\/wp-content\/uploads\/2025\/04\/gabriels-rafale-20.webp","contentUrl":"https:\/\/theworldbilliards.com\/wp-content\/uploads\/2025\/04\/gabriels-rafale-20.webp","width":927,"height":924},{"@type":"BreadcrumbList","@id":"https:\/\/theworldbilliards.com\/pt-pt\/produto\/bilhar-carambola-gabriels-rafale-2-0-284-slate\/#breadcrumb","itemListElement":[{"@type":"ListItem","position":1,"name":"In\u00edcio","item":"https:\/\/theworldbilliards.com\/pt-pt\/"},{"@type":"ListItem","position":2,"name":"Loja online","item":"https:\/\/theworldbilliards.com\/pt-pt\/loja-theworldbilliards\/"},{"@type":"ListItem","position":3,"name":"Bilhar carambola Gabriels Rafale 2.0 284 slate"}]},{"@type":"WebSite","@id":"https:\/\/theworldbilliards.com\/pt-pt\/#website","url":"https:\/\/theworldbilliards.com\/pt-pt\/","name":"TheWorldBilliards","description":"Compre aqui bilhar, matraquilho, t\u00eanis de mesa e bowling","publisher":{"@id":"https:\/\/theworldbilliards.com\/pt-pt\/#organization"},"alternateName":"The world billiards","potentialAction":[{"@type":"SearchAction","target":{"@type":"EntryPoint","urlTemplate":"https:\/\/theworldbilliards.com\/pt-pt\/?s={search_term_string}"},"query-input":{"@type":"PropertyValueSpecification","valueRequired":true,"valueName":"search_term_string"}}],"inLanguage":"pt-PT"},{"@type":"Organization","@id":"https:\/\/theworldbilliards.com\/pt-pt\/#organization","name":"The World Billiards","alternateName":"The World Billiards","url":"https:\/\/theworldbilliards.com\/pt-pt\/","logo":{"@type":"ImageObject","inLanguage":"pt-PT","@id":"https:\/\/theworldbilliards.com\/pt-pt\/#\/schema\/logo\/image\/","url":"","contentUrl":"","caption":"The World Billiards"},"image":{"@id":"https:\/\/theworldbilliards.com\/pt-pt\/#\/schema\/logo\/image\/"},"sameAs":["https:\/\/www.facebook.com\/baby.foot.superbes","https:\/\/www.youtube.com\/channel\/UCIMuOVAaUcH6UpZcsZlH0Tg","https:\/\/www.facebook.com\/people\/Brunswick-Billiards-EspaaPortugal\/100066446264309\/","https:\/\/www.instagram.com\/the_world_billiards\/","https:\/\/www.pinterest.es\/Theworldbilliards\/"]}]}},"_links":{"self":[{"href":"https:\/\/theworldbilliards.com\/pt-pt\/wp-json\/wp\/v2\/product\/107220","targetHints":{"allow":["GET"]}}],"collection":[{"href":"https:\/\/theworldbilliards.com\/pt-pt\/wp-json\/wp\/v2\/product"}],"about":[{"href":"https:\/\/theworldbilliards.com\/pt-pt\/wp-json\/wp\/v2\/types\/product"}],"wp:featuredmedia":[{"embeddable":true,"href":"https:\/\/theworldbilliards.com\/pt-pt\/wp-json\/wp\/v2\/media\/107227"}],"wp:attachment":[{"href":"https:\/\/theworldbilliards.com\/pt-pt\/wp-json\/wp\/v2\/media?parent=107220"}],"wp:term":[{"taxonomy":"product_brand","embeddable":true,"href":"https:\/\/theworldbilliards.com\/pt-pt\/wp-json\/wp\/v2\/product_brand?post=107220"},{"taxonomy":"product_cat","embeddable":true,"href":"https:\/\/theworldbilliards.com\/pt-pt\/wp-json\/wp\/v2\/product_cat?post=107220"},{"taxonomy":"product_tag","embeddable":true,"href":"https:\/\/theworldbilliards.com\/pt-pt\/wp-json\/wp\/v2\/product_tag?post=107220"}],"curies":[{"name":"wp","href":"https:\/\/api.w.org\/{rel}","templated":true}]}}