{"id":107298,"date":"2025-05-15T10:44:57","date_gmt":"2025-05-15T08:44:57","guid":{"rendered":"https:\/\/theworldbilliards.com\/?post_type=product&#038;p=107298"},"modified":"2026-03-26T12:49:39","modified_gmt":"2026-03-26T11:49:39","slug":"bilhar-pool-gabriels-sentinel-9ft","status":"publish","type":"product","link":"https:\/\/theworldbilliards.com\/pt-pt\/produto\/bilhar-pool-gabriels-sentinel-9ft\/","title":{"rendered":"Bilhar pool Gabriels Sentinel 9ft"},"content":{"rendered":"<p>2 pedestais, cada um com 2 suportes s\u00f3lidos em alum\u00ednio, com uma espessura de parede de 5 mm, concebidos para canalizar o peso-tens\u00e3o diretamente para os niveladores.<br \/>\nEquipado com pain\u00e9is de alum\u00ednio para maior estabilidade.<br \/>\nEstrutura em a\u00e7o resistente com 6 travessas, cada uma executada com estabilizadores soldados e 26 niveladores. Os niveladores s\u00e3o escareados para facilitar a instala\u00e7\u00e3o da(s) ard\u00f3sia(s).<br \/>\nArd\u00f3sia com espessura de 30 mm em 3 pe\u00e7as<br \/>\nOs carris s\u00e3o fabricados em alum\u00ednio T6 com grandes espessuras para uma excelente estabilidade e um suporte ideal de amortecimento de borracha. As liga\u00e7\u00f5es entre carris e ard\u00f3sia podem ser adaptadas a diferentes padr\u00f5es de perfura\u00e7\u00e3o de ard\u00f3sia.<br \/>\nAlmofadas de borracha Vector P59, as melhores almofadas dispon\u00edveis atualmente. Excelente ressalto, verdadeiro jogo e consist\u00eancia ao mais alto n\u00edvel.<br \/>\nTecido pl\u00e1stico \u2013 forros e uma tira de fixa\u00e7\u00e3o composta para instala\u00e7\u00e3o de tecido limpo.<br \/>\nOs renomados cartuchos de bolso \u201cGabriels\u201d t\u00eam uma vida \u00fatil garantida de 6 anos, mesmo em explora\u00e7\u00e3o comercial. Est\u00e3o equipados com pinos de alum\u00ednio para uma f\u00e1cil instala\u00e7\u00e3o.<br \/>\nOs cestos de bolas s\u00e3o fabricados com tecido de nylon de alta qualidade e possuem um revestimento isolante para evitar ru\u00eddos quando as bolas caem. S\u00e3o fixados com parafusos nos carris de alum\u00ednio.<br \/>\nTanto os cantos dos carris como os cantos das grelhas s\u00e3o produtos fundidos com uma excelente resist\u00eancia ao desgaste.<\/p>\n","protected":false},"excerpt":{"rendered":"<p>2 pedestais, cada um com 2 suportes s\u00f3lidos em alum\u00ednio, com uma espessura de parede de 5 mm, concebidos para [&hellip;]<\/p>\n","protected":false},"featured_media":107303,"template":"","meta":{"site-sidebar-layout":"default","site-content-layout":"","ast-site-content-layout":"default","site-content-style":"default","site-sidebar-style":"default","ast-global-header-display":"","ast-banner-title-visibility":"","ast-main-header-display":"","ast-hfb-above-header-display":"","ast-hfb-below-header-display":"","ast-hfb-mobile-header-display":"","site-post-title":"","ast-breadcrumbs-content":"","ast-featured-img":"","footer-sml-layout":"","ast-disable-related-posts":"","theme-transparent-header-meta":"default","adv-header-id-meta":"","stick-header-meta":"","header-above-stick-meta":"","header-main-stick-meta":"","header-below-stick-meta":"","astra-migrate-meta-layouts":"default","ast-page-background-enabled":"default","ast-page-background-meta":{"desktop":{"background-color":"var(--ast-global-color-4)","background-image":"","background-repeat":"repeat","background-position":"center center","background-size":"auto","background-attachment":"scroll","background-type":"","background-media":"","overlay-type":"","overlay-color":"","overlay-opacity":"","overlay-gradient":""},"tablet":{"background-color":"","background-image":"","background-repeat":"repeat","background-position":"center center","background-size":"auto","background-attachment":"scroll","background-type":"","background-media":"","overlay-type":"","overlay-color":"","overlay-opacity":"","overlay-gradient":""},"mobile":{"background-color":"","background-image":"","background-repeat":"repeat","background-position":"center center","background-size":"auto","background-attachment":"scroll","background-type":"","background-media":"","overlay-type":"","overlay-color":"","overlay-opacity":"","overlay-gradient":""}},"ast-content-background-meta":{"desktop":{"background-color":"var(--ast-global-color-5)","background-image":"","background-repeat":"repeat","background-position":"center center","background-size":"auto","background-attachment":"scroll","background-type":"","background-media":"","overlay-type":"","overlay-color":"","overlay-opacity":"","overlay-gradient":""},"tablet":{"background-color":"var(--ast-global-color-5)","background-image":"","background-repeat":"repeat","background-position":"center center","background-size":"auto","background-attachment":"scroll","background-type":"","background-media":"","overlay-type":"","overlay-color":"","overlay-opacity":"","overlay-gradient":""},"mobile":{"background-color":"var(--ast-global-color-5)","background-image":"","background-repeat":"repeat","background-position":"center center","background-size":"auto","background-attachment":"scroll","background-type":"","background-media":"","overlay-type":"","overlay-color":"","overlay-opacity":"","overlay-gradient":""}}},"product_brand":[5273],"product_cat":[5277],"product_tag":[],"class_list":{"0":"post-107298","1":"product","2":"type-product","3":"status-publish","4":"has-post-thumbnail","6":"product_brand-gabriels-pt-pt","7":"product_cat-bilhares-gabriels","8":"product_shipping_class-bilhares-9ft","9":"desktop-align-center","10":"tablet-align-left","11":"mobile-align-left","13":"first","14":"onbackorder","15":"taxable","16":"shipping-taxable","17":"purchasable","18":"product-type-simple"},"yoast_head":"<!-- This site is optimized with the Yoast SEO plugin v27.5 - https:\/\/yoast.com\/product\/yoast-seo-wordpress\/ -->\n<title>Bilhar pool Gabriels Sentinel 9ft - The World Billiards<\/title>\n<meta name=\"description\" content=\"2 pedestais, cada um com 2 suportes s\u00f3lidos em alum\u00ednio, com uma espessura de parede de 5 mm, concebidos para canalizar o peso-tens\u00e3o diretamente para os niveladores. Equipado com pain\u00e9is de alum\u00ednio para maior estabilidade. Estrutura em a\u00e7o resistente com 6 travessas, cada uma executada com estabilizadores soldados e 26 niveladores. Os niveladores s\u00e3o escareados para facilitar a instala\u00e7\u00e3o da(s) ard\u00f3sia(s). Ard\u00f3sia com espessura de 30 mm em 3 pe\u00e7as Os carris s\u00e3o fabricados em alum\u00ednio T6 com grandes espessuras para uma excelente estabilidade e um suporte ideal de amortecimento de borracha. As liga\u00e7\u00f5es entre carris e ard\u00f3sia podem ser adaptadas a diferentes padr\u00f5es de perfura\u00e7\u00e3o de ard\u00f3sia. Almofadas de borracha Vector P59, as melhores almofadas dispon\u00edveis atualmente. Excelente ressalto, verdadeiro jogo e consist\u00eancia ao mais alto n\u00edvel. Tecido pl\u00e1stico \u2013 forros e uma tira de fixa\u00e7\u00e3o composta para instala\u00e7\u00e3o de tecido limpo. Os renomados cartuchos de bolso \u201cGabriels\u201d t\u00eam uma vida \u00fatil garantida de 6 anos, mesmo em explora\u00e7\u00e3o comercial. Est\u00e3o equipados com pinos de alum\u00ednio para uma f\u00e1cil instala\u00e7\u00e3o. Os cestos de bolas s\u00e3o fabricados com tecido de nylon de alta qualidade e possuem um revestimento isolante para evitar ru\u00eddos quando as bolas caem. S\u00e3o fixados com parafusos nos carris de alum\u00ednio. Tanto os cantos dos carris como os cantos das grelhas s\u00e3o produtos fundidos com uma excelente resist\u00eancia ao desgaste.\" \/>\n<meta name=\"robots\" content=\"index, follow, max-snippet:-1, max-image-preview:large, max-video-preview:-1\" \/>\n<link rel=\"canonical\" href=\"https:\/\/theworldbilliards.com\/pt-pt\/produto\/bilhar-pool-gabriels-sentinel-9ft\/\" \/>\n<meta property=\"og:locale\" content=\"pt_PT\" \/>\n<meta property=\"og:type\" content=\"article\" \/>\n<meta property=\"og:title\" content=\"Bilhar pool Gabriels Sentinel 9ft - The World Billiards\" \/>\n<meta property=\"og:description\" content=\"2 pedestais, cada um com 2 suportes s\u00f3lidos em alum\u00ednio, com uma espessura de parede de 5 mm, concebidos para canalizar o peso-tens\u00e3o diretamente para os niveladores. Equipado com pain\u00e9is de alum\u00ednio para maior estabilidade. Estrutura em a\u00e7o resistente com 6 travessas, cada uma executada com estabilizadores soldados e 26 niveladores. Os niveladores s\u00e3o escareados para facilitar a instala\u00e7\u00e3o da(s) ard\u00f3sia(s). Ard\u00f3sia com espessura de 30 mm em 3 pe\u00e7as Os carris s\u00e3o fabricados em alum\u00ednio T6 com grandes espessuras para uma excelente estabilidade e um suporte ideal de amortecimento de borracha. As liga\u00e7\u00f5es entre carris e ard\u00f3sia podem ser adaptadas a diferentes padr\u00f5es de perfura\u00e7\u00e3o de ard\u00f3sia. Almofadas de borracha Vector P59, as melhores almofadas dispon\u00edveis atualmente. Excelente ressalto, verdadeiro jogo e consist\u00eancia ao mais alto n\u00edvel. Tecido pl\u00e1stico \u2013 forros e uma tira de fixa\u00e7\u00e3o composta para instala\u00e7\u00e3o de tecido limpo. Os renomados cartuchos de bolso \u201cGabriels\u201d t\u00eam uma vida \u00fatil garantida de 6 anos, mesmo em explora\u00e7\u00e3o comercial. Est\u00e3o equipados com pinos de alum\u00ednio para uma f\u00e1cil instala\u00e7\u00e3o. Os cestos de bolas s\u00e3o fabricados com tecido de nylon de alta qualidade e possuem um revestimento isolante para evitar ru\u00eddos quando as bolas caem. S\u00e3o fixados com parafusos nos carris de alum\u00ednio. Tanto os cantos dos carris como os cantos das grelhas s\u00e3o produtos fundidos com uma excelente resist\u00eancia ao desgaste.\" \/>\n<meta property=\"og:url\" content=\"https:\/\/theworldbilliards.com\/pt-pt\/produto\/bilhar-pool-gabriels-sentinel-9ft\/\" \/>\n<meta property=\"og:site_name\" content=\"The World Billiards\" \/>\n<meta property=\"article:publisher\" content=\"https:\/\/www.facebook.com\/baby.foot.superbes\" \/>\n<meta property=\"article:modified_time\" content=\"2026-03-26T11:49:39+00:00\" \/>\n<meta property=\"og:image\" content=\"https:\/\/theworldbilliards.com\/wp-content\/uploads\/2025\/05\/gabriels-sentinel-9ft.webp\" \/>\n\t<meta property=\"og:image:width\" content=\"1539\" \/>\n\t<meta property=\"og:image:height\" content=\"1542\" \/>\n\t<meta property=\"og:image:type\" content=\"image\/webp\" \/>\n<meta name=\"twitter:card\" content=\"summary_large_image\" \/>\n<script type=\"application\/ld+json\" class=\"yoast-schema-graph\">{\"@context\":\"https:\\\/\\\/schema.org\",\"@graph\":[{\"@type\":\"WebPage\",\"@id\":\"https:\\\/\\\/theworldbilliards.com\\\/pt-pt\\\/produto\\\/bilhar-pool-gabriels-sentinel-9ft\\\/\",\"url\":\"https:\\\/\\\/theworldbilliards.com\\\/pt-pt\\\/produto\\\/bilhar-pool-gabriels-sentinel-9ft\\\/\",\"name\":\"Bilhar pool Gabriels Sentinel 9ft - The World Billiards\",\"isPartOf\":{\"@id\":\"https:\\\/\\\/theworldbilliards.com\\\/pt-pt\\\/#website\"},\"primaryImageOfPage\":{\"@id\":\"https:\\\/\\\/theworldbilliards.com\\\/pt-pt\\\/produto\\\/bilhar-pool-gabriels-sentinel-9ft\\\/#primaryimage\"},\"image\":{\"@id\":\"https:\\\/\\\/theworldbilliards.com\\\/pt-pt\\\/produto\\\/bilhar-pool-gabriels-sentinel-9ft\\\/#primaryimage\"},\"thumbnailUrl\":\"https:\\\/\\\/theworldbilliards.com\\\/wp-content\\\/uploads\\\/2025\\\/05\\\/gabriels-sentinel-9ft.webp\",\"datePublished\":\"2025-05-15T08:44:57+00:00\",\"dateModified\":\"2026-03-26T11:49:39+00:00\",\"description\":\"2 pedestais, cada um com 2 suportes s\u00f3lidos em alum\u00ednio, com uma espessura de parede de 5 mm, concebidos para canalizar o peso-tens\u00e3o diretamente para os niveladores. Equipado com pain\u00e9is de alum\u00ednio para maior estabilidade. Estrutura em a\u00e7o resistente com 6 travessas, cada uma executada com estabilizadores soldados e 26 niveladores. Os niveladores s\u00e3o escareados para facilitar a instala\u00e7\u00e3o da(s) ard\u00f3sia(s). Ard\u00f3sia com espessura de 30 mm em 3 pe\u00e7as Os carris s\u00e3o fabricados em alum\u00ednio T6 com grandes espessuras para uma excelente estabilidade e um suporte ideal de amortecimento de borracha. As liga\u00e7\u00f5es entre carris e ard\u00f3sia podem ser adaptadas a diferentes padr\u00f5es de perfura\u00e7\u00e3o de ard\u00f3sia. Almofadas de borracha Vector P59, as melhores almofadas dispon\u00edveis atualmente. Excelente ressalto, verdadeiro jogo e consist\u00eancia ao mais alto n\u00edvel. Tecido pl\u00e1stico \u2013 forros e uma tira de fixa\u00e7\u00e3o composta para instala\u00e7\u00e3o de tecido limpo. Os renomados cartuchos de bolso \u201cGabriels\u201d t\u00eam uma vida \u00fatil garantida de 6 anos, mesmo em explora\u00e7\u00e3o comercial. Est\u00e3o equipados com pinos de alum\u00ednio para uma f\u00e1cil instala\u00e7\u00e3o. Os cestos de bolas s\u00e3o fabricados com tecido de nylon de alta qualidade e possuem um revestimento isolante para evitar ru\u00eddos quando as bolas caem. S\u00e3o fixados com parafusos nos carris de alum\u00ednio. Tanto os cantos dos carris como os cantos das grelhas s\u00e3o produtos fundidos com uma excelente resist\u00eancia ao desgaste.\",\"breadcrumb\":{\"@id\":\"https:\\\/\\\/theworldbilliards.com\\\/pt-pt\\\/produto\\\/bilhar-pool-gabriels-sentinel-9ft\\\/#breadcrumb\"},\"inLanguage\":\"pt-PT\",\"potentialAction\":[{\"@type\":\"ReadAction\",\"target\":[\"https:\\\/\\\/theworldbilliards.com\\\/pt-pt\\\/produto\\\/bilhar-pool-gabriels-sentinel-9ft\\\/\"]}]},{\"@type\":\"ImageObject\",\"inLanguage\":\"pt-PT\",\"@id\":\"https:\\\/\\\/theworldbilliards.com\\\/pt-pt\\\/produto\\\/bilhar-pool-gabriels-sentinel-9ft\\\/#primaryimage\",\"url\":\"https:\\\/\\\/theworldbilliards.com\\\/wp-content\\\/uploads\\\/2025\\\/05\\\/gabriels-sentinel-9ft.webp\",\"contentUrl\":\"https:\\\/\\\/theworldbilliards.com\\\/wp-content\\\/uploads\\\/2025\\\/05\\\/gabriels-sentinel-9ft.webp\",\"width\":1539,\"height\":1542},{\"@type\":\"BreadcrumbList\",\"@id\":\"https:\\\/\\\/theworldbilliards.com\\\/pt-pt\\\/produto\\\/bilhar-pool-gabriels-sentinel-9ft\\\/#breadcrumb\",\"itemListElement\":[{\"@type\":\"ListItem\",\"position\":1,\"name\":\"In\u00edcio\",\"item\":\"https:\\\/\\\/theworldbilliards.com\\\/pt-pt\\\/\"},{\"@type\":\"ListItem\",\"position\":2,\"name\":\"Loja online\",\"item\":\"https:\\\/\\\/theworldbilliards.com\\\/pt-pt\\\/loja-theworldbilliards\\\/\"},{\"@type\":\"ListItem\",\"position\":3,\"name\":\"Bilhar pool Gabriels Sentinel 9ft\"}]},{\"@type\":\"WebSite\",\"@id\":\"https:\\\/\\\/theworldbilliards.com\\\/pt-pt\\\/#website\",\"url\":\"https:\\\/\\\/theworldbilliards.com\\\/pt-pt\\\/\",\"name\":\"TheWorldBilliards\",\"description\":\"Compre aqui bilhar, matraquilho, t\u00eanis de mesa e bowling\",\"publisher\":{\"@id\":\"https:\\\/\\\/theworldbilliards.com\\\/pt-pt\\\/#organization\"},\"alternateName\":\"The world billiards\",\"potentialAction\":[{\"@type\":\"SearchAction\",\"target\":{\"@type\":\"EntryPoint\",\"urlTemplate\":\"https:\\\/\\\/theworldbilliards.com\\\/pt-pt\\\/?s={search_term_string}\"},\"query-input\":{\"@type\":\"PropertyValueSpecification\",\"valueRequired\":true,\"valueName\":\"search_term_string\"}}],\"inLanguage\":\"pt-PT\"},{\"@type\":\"Organization\",\"@id\":\"https:\\\/\\\/theworldbilliards.com\\\/pt-pt\\\/#organization\",\"name\":\"The World Billiards\",\"alternateName\":\"The World Billiards\",\"url\":\"https:\\\/\\\/theworldbilliards.com\\\/pt-pt\\\/\",\"logo\":{\"@type\":\"ImageObject\",\"inLanguage\":\"pt-PT\",\"@id\":\"https:\\\/\\\/theworldbilliards.com\\\/pt-pt\\\/#\\\/schema\\\/logo\\\/image\\\/\",\"url\":\"\",\"contentUrl\":\"\",\"caption\":\"The World Billiards\"},\"image\":{\"@id\":\"https:\\\/\\\/theworldbilliards.com\\\/pt-pt\\\/#\\\/schema\\\/logo\\\/image\\\/\"},\"sameAs\":[\"https:\\\/\\\/www.facebook.com\\\/baby.foot.superbes\",\"https:\\\/\\\/www.youtube.com\\\/channel\\\/UCIMuOVAaUcH6UpZcsZlH0Tg\",\"https:\\\/\\\/www.facebook.com\\\/people\\\/Brunswick-Billiards-EspaaPortugal\\\/100066446264309\\\/\",\"https:\\\/\\\/www.instagram.com\\\/the_world_billiards\\\/\",\"https:\\\/\\\/www.pinterest.es\\\/Theworldbilliards\\\/\"]}]}<\/script>\n<!-- \/ Yoast SEO plugin. -->","yoast_head_json":{"title":"Bilhar pool Gabriels Sentinel 9ft - The World Billiards","description":"2 pedestais, cada um com 2 suportes s\u00f3lidos em alum\u00ednio, com uma espessura de parede de 5 mm, concebidos para canalizar o peso-tens\u00e3o diretamente para os niveladores. Equipado com pain\u00e9is de alum\u00ednio para maior estabilidade. Estrutura em a\u00e7o resistente com 6 travessas, cada uma executada com estabilizadores soldados e 26 niveladores. Os niveladores s\u00e3o escareados para facilitar a instala\u00e7\u00e3o da(s) ard\u00f3sia(s). Ard\u00f3sia com espessura de 30 mm em 3 pe\u00e7as Os carris s\u00e3o fabricados em alum\u00ednio T6 com grandes espessuras para uma excelente estabilidade e um suporte ideal de amortecimento de borracha. As liga\u00e7\u00f5es entre carris e ard\u00f3sia podem ser adaptadas a diferentes padr\u00f5es de perfura\u00e7\u00e3o de ard\u00f3sia. Almofadas de borracha Vector P59, as melhores almofadas dispon\u00edveis atualmente. Excelente ressalto, verdadeiro jogo e consist\u00eancia ao mais alto n\u00edvel. Tecido pl\u00e1stico \u2013 forros e uma tira de fixa\u00e7\u00e3o composta para instala\u00e7\u00e3o de tecido limpo. Os renomados cartuchos de bolso \u201cGabriels\u201d t\u00eam uma vida \u00fatil garantida de 6 anos, mesmo em explora\u00e7\u00e3o comercial. Est\u00e3o equipados com pinos de alum\u00ednio para uma f\u00e1cil instala\u00e7\u00e3o. Os cestos de bolas s\u00e3o fabricados com tecido de nylon de alta qualidade e possuem um revestimento isolante para evitar ru\u00eddos quando as bolas caem. S\u00e3o fixados com parafusos nos carris de alum\u00ednio. Tanto os cantos dos carris como os cantos das grelhas s\u00e3o produtos fundidos com uma excelente resist\u00eancia ao desgaste.","robots":{"index":"index","follow":"follow","max-snippet":"max-snippet:-1","max-image-preview":"max-image-preview:large","max-video-preview":"max-video-preview:-1"},"canonical":"https:\/\/theworldbilliards.com\/pt-pt\/produto\/bilhar-pool-gabriels-sentinel-9ft\/","og_locale":"pt_PT","og_type":"article","og_title":"Bilhar pool Gabriels Sentinel 9ft - The World Billiards","og_description":"2 pedestais, cada um com 2 suportes s\u00f3lidos em alum\u00ednio, com uma espessura de parede de 5 mm, concebidos para canalizar o peso-tens\u00e3o diretamente para os niveladores. Equipado com pain\u00e9is de alum\u00ednio para maior estabilidade. Estrutura em a\u00e7o resistente com 6 travessas, cada uma executada com estabilizadores soldados e 26 niveladores. Os niveladores s\u00e3o escareados para facilitar a instala\u00e7\u00e3o da(s) ard\u00f3sia(s). Ard\u00f3sia com espessura de 30 mm em 3 pe\u00e7as Os carris s\u00e3o fabricados em alum\u00ednio T6 com grandes espessuras para uma excelente estabilidade e um suporte ideal de amortecimento de borracha. As liga\u00e7\u00f5es entre carris e ard\u00f3sia podem ser adaptadas a diferentes padr\u00f5es de perfura\u00e7\u00e3o de ard\u00f3sia. Almofadas de borracha Vector P59, as melhores almofadas dispon\u00edveis atualmente. Excelente ressalto, verdadeiro jogo e consist\u00eancia ao mais alto n\u00edvel. Tecido pl\u00e1stico \u2013 forros e uma tira de fixa\u00e7\u00e3o composta para instala\u00e7\u00e3o de tecido limpo. Os renomados cartuchos de bolso \u201cGabriels\u201d t\u00eam uma vida \u00fatil garantida de 6 anos, mesmo em explora\u00e7\u00e3o comercial. Est\u00e3o equipados com pinos de alum\u00ednio para uma f\u00e1cil instala\u00e7\u00e3o. Os cestos de bolas s\u00e3o fabricados com tecido de nylon de alta qualidade e possuem um revestimento isolante para evitar ru\u00eddos quando as bolas caem. S\u00e3o fixados com parafusos nos carris de alum\u00ednio. Tanto os cantos dos carris como os cantos das grelhas s\u00e3o produtos fundidos com uma excelente resist\u00eancia ao desgaste.","og_url":"https:\/\/theworldbilliards.com\/pt-pt\/produto\/bilhar-pool-gabriels-sentinel-9ft\/","og_site_name":"The World Billiards","article_publisher":"https:\/\/www.facebook.com\/baby.foot.superbes","article_modified_time":"2026-03-26T11:49:39+00:00","og_image":[{"width":1539,"height":1542,"url":"https:\/\/theworldbilliards.com\/wp-content\/uploads\/2025\/05\/gabriels-sentinel-9ft.webp","type":"image\/webp"}],"twitter_card":"summary_large_image","schema":{"@context":"https:\/\/schema.org","@graph":[{"@type":"WebPage","@id":"https:\/\/theworldbilliards.com\/pt-pt\/produto\/bilhar-pool-gabriels-sentinel-9ft\/","url":"https:\/\/theworldbilliards.com\/pt-pt\/produto\/bilhar-pool-gabriels-sentinel-9ft\/","name":"Bilhar pool Gabriels Sentinel 9ft - The World Billiards","isPartOf":{"@id":"https:\/\/theworldbilliards.com\/pt-pt\/#website"},"primaryImageOfPage":{"@id":"https:\/\/theworldbilliards.com\/pt-pt\/produto\/bilhar-pool-gabriels-sentinel-9ft\/#primaryimage"},"image":{"@id":"https:\/\/theworldbilliards.com\/pt-pt\/produto\/bilhar-pool-gabriels-sentinel-9ft\/#primaryimage"},"thumbnailUrl":"https:\/\/theworldbilliards.com\/wp-content\/uploads\/2025\/05\/gabriels-sentinel-9ft.webp","datePublished":"2025-05-15T08:44:57+00:00","dateModified":"2026-03-26T11:49:39+00:00","description":"2 pedestais, cada um com 2 suportes s\u00f3lidos em alum\u00ednio, com uma espessura de parede de 5 mm, concebidos para canalizar o peso-tens\u00e3o diretamente para os niveladores. Equipado com pain\u00e9is de alum\u00ednio para maior estabilidade. Estrutura em a\u00e7o resistente com 6 travessas, cada uma executada com estabilizadores soldados e 26 niveladores. Os niveladores s\u00e3o escareados para facilitar a instala\u00e7\u00e3o da(s) ard\u00f3sia(s). Ard\u00f3sia com espessura de 30 mm em 3 pe\u00e7as Os carris s\u00e3o fabricados em alum\u00ednio T6 com grandes espessuras para uma excelente estabilidade e um suporte ideal de amortecimento de borracha. As liga\u00e7\u00f5es entre carris e ard\u00f3sia podem ser adaptadas a diferentes padr\u00f5es de perfura\u00e7\u00e3o de ard\u00f3sia. Almofadas de borracha Vector P59, as melhores almofadas dispon\u00edveis atualmente. Excelente ressalto, verdadeiro jogo e consist\u00eancia ao mais alto n\u00edvel. Tecido pl\u00e1stico \u2013 forros e uma tira de fixa\u00e7\u00e3o composta para instala\u00e7\u00e3o de tecido limpo. Os renomados cartuchos de bolso \u201cGabriels\u201d t\u00eam uma vida \u00fatil garantida de 6 anos, mesmo em explora\u00e7\u00e3o comercial. Est\u00e3o equipados com pinos de alum\u00ednio para uma f\u00e1cil instala\u00e7\u00e3o. Os cestos de bolas s\u00e3o fabricados com tecido de nylon de alta qualidade e possuem um revestimento isolante para evitar ru\u00eddos quando as bolas caem. S\u00e3o fixados com parafusos nos carris de alum\u00ednio. Tanto os cantos dos carris como os cantos das grelhas s\u00e3o produtos fundidos com uma excelente resist\u00eancia ao desgaste.","breadcrumb":{"@id":"https:\/\/theworldbilliards.com\/pt-pt\/produto\/bilhar-pool-gabriels-sentinel-9ft\/#breadcrumb"},"inLanguage":"pt-PT","potentialAction":[{"@type":"ReadAction","target":["https:\/\/theworldbilliards.com\/pt-pt\/produto\/bilhar-pool-gabriels-sentinel-9ft\/"]}]},{"@type":"ImageObject","inLanguage":"pt-PT","@id":"https:\/\/theworldbilliards.com\/pt-pt\/produto\/bilhar-pool-gabriels-sentinel-9ft\/#primaryimage","url":"https:\/\/theworldbilliards.com\/wp-content\/uploads\/2025\/05\/gabriels-sentinel-9ft.webp","contentUrl":"https:\/\/theworldbilliards.com\/wp-content\/uploads\/2025\/05\/gabriels-sentinel-9ft.webp","width":1539,"height":1542},{"@type":"BreadcrumbList","@id":"https:\/\/theworldbilliards.com\/pt-pt\/produto\/bilhar-pool-gabriels-sentinel-9ft\/#breadcrumb","itemListElement":[{"@type":"ListItem","position":1,"name":"In\u00edcio","item":"https:\/\/theworldbilliards.com\/pt-pt\/"},{"@type":"ListItem","position":2,"name":"Loja online","item":"https:\/\/theworldbilliards.com\/pt-pt\/loja-theworldbilliards\/"},{"@type":"ListItem","position":3,"name":"Bilhar pool Gabriels Sentinel 9ft"}]},{"@type":"WebSite","@id":"https:\/\/theworldbilliards.com\/pt-pt\/#website","url":"https:\/\/theworldbilliards.com\/pt-pt\/","name":"TheWorldBilliards","description":"Compre aqui bilhar, matraquilho, t\u00eanis de mesa e bowling","publisher":{"@id":"https:\/\/theworldbilliards.com\/pt-pt\/#organization"},"alternateName":"The world billiards","potentialAction":[{"@type":"SearchAction","target":{"@type":"EntryPoint","urlTemplate":"https:\/\/theworldbilliards.com\/pt-pt\/?s={search_term_string}"},"query-input":{"@type":"PropertyValueSpecification","valueRequired":true,"valueName":"search_term_string"}}],"inLanguage":"pt-PT"},{"@type":"Organization","@id":"https:\/\/theworldbilliards.com\/pt-pt\/#organization","name":"The World Billiards","alternateName":"The World Billiards","url":"https:\/\/theworldbilliards.com\/pt-pt\/","logo":{"@type":"ImageObject","inLanguage":"pt-PT","@id":"https:\/\/theworldbilliards.com\/pt-pt\/#\/schema\/logo\/image\/","url":"","contentUrl":"","caption":"The World Billiards"},"image":{"@id":"https:\/\/theworldbilliards.com\/pt-pt\/#\/schema\/logo\/image\/"},"sameAs":["https:\/\/www.facebook.com\/baby.foot.superbes","https:\/\/www.youtube.com\/channel\/UCIMuOVAaUcH6UpZcsZlH0Tg","https:\/\/www.facebook.com\/people\/Brunswick-Billiards-EspaaPortugal\/100066446264309\/","https:\/\/www.instagram.com\/the_world_billiards\/","https:\/\/www.pinterest.es\/Theworldbilliards\/"]}]}},"_links":{"self":[{"href":"https:\/\/theworldbilliards.com\/pt-pt\/wp-json\/wp\/v2\/product\/107298","targetHints":{"allow":["GET"]}}],"collection":[{"href":"https:\/\/theworldbilliards.com\/pt-pt\/wp-json\/wp\/v2\/product"}],"about":[{"href":"https:\/\/theworldbilliards.com\/pt-pt\/wp-json\/wp\/v2\/types\/product"}],"wp:featuredmedia":[{"embeddable":true,"href":"https:\/\/theworldbilliards.com\/pt-pt\/wp-json\/wp\/v2\/media\/107303"}],"wp:attachment":[{"href":"https:\/\/theworldbilliards.com\/pt-pt\/wp-json\/wp\/v2\/media?parent=107298"}],"wp:term":[{"taxonomy":"product_brand","embeddable":true,"href":"https:\/\/theworldbilliards.com\/pt-pt\/wp-json\/wp\/v2\/product_brand?post=107298"},{"taxonomy":"product_cat","embeddable":true,"href":"https:\/\/theworldbilliards.com\/pt-pt\/wp-json\/wp\/v2\/product_cat?post=107298"},{"taxonomy":"product_tag","embeddable":true,"href":"https:\/\/theworldbilliards.com\/pt-pt\/wp-json\/wp\/v2\/product_tag?post=107298"}],"curies":[{"name":"wp","href":"https:\/\/api.w.org\/{rel}","templated":true}]}}