{"id":107339,"date":"2025-05-15T13:59:07","date_gmt":"2025-05-15T11:59:07","guid":{"rendered":"https:\/\/theworldbilliards.com\/?post_type=product&#038;p=107339"},"modified":"2025-05-16T12:46:19","modified_gmt":"2025-05-16T10:46:19","slug":"moldura-valley-88-93-estilo-antigo","status":"publish","type":"product","link":"https:\/\/theworldbilliards.com\/pt-pt\/produto\/moldura-valley-88-93-estilo-antigo\/","title":{"rendered":"Moldura Valley 88\/93 &#8211; Estilo Antigo"},"content":{"rendered":"<p>Acabamento acetinado cobre os furos dos parafusos do carril da almofada. Dimensionado e perfurado para a sua mesa de 7 p\u00e9s (93) que n\u00e3o seja da Panther Valley. Por favor, me\u00e7a para confirmar o tamanho necess\u00e1rio.<\/p>\n<p>Este acabamento deve ser cortado para se adaptar a mesas de 6,5 p\u00e9s (88) que n\u00e3o sejam da Panther Valley<\/p>\n<p>Pe\u00e7a \u00fanica de acabamento. Observe os orif\u00edcios de montagem no meio da pe\u00e7a de acabamento. Pode ser necess\u00e1rio perfurar novos furos de montagem ou furos adicionais para fixar o acabamento.<\/p>\n","protected":false},"excerpt":{"rendered":"<p>Acabamento acetinado cobre os furos dos parafusos do carril da almofada. Dimensionado e perfurado para a sua mesa de 7 [&hellip;]<\/p>\n","protected":false},"featured_media":107343,"template":"","meta":{"site-sidebar-layout":"default","site-content-layout":"","ast-site-content-layout":"default","site-content-style":"default","site-sidebar-style":"default","ast-global-header-display":"","ast-banner-title-visibility":"","ast-main-header-display":"","ast-hfb-above-header-display":"","ast-hfb-below-header-display":"","ast-hfb-mobile-header-display":"","site-post-title":"","ast-breadcrumbs-content":"","ast-featured-img":"","footer-sml-layout":"","ast-disable-related-posts":"","theme-transparent-header-meta":"default","adv-header-id-meta":"","stick-header-meta":"","header-above-stick-meta":"","header-main-stick-meta":"","header-below-stick-meta":"","astra-migrate-meta-layouts":"default","ast-page-background-enabled":"default","ast-page-background-meta":{"desktop":{"background-color":"var(--ast-global-color-4)","background-image":"","background-repeat":"repeat","background-position":"center center","background-size":"auto","background-attachment":"scroll","background-type":"","background-media":"","overlay-type":"","overlay-color":"","overlay-opacity":"","overlay-gradient":""},"tablet":{"background-color":"","background-image":"","background-repeat":"repeat","background-position":"center center","background-size":"auto","background-attachment":"scroll","background-type":"","background-media":"","overlay-type":"","overlay-color":"","overlay-opacity":"","overlay-gradient":""},"mobile":{"background-color":"","background-image":"","background-repeat":"repeat","background-position":"center center","background-size":"auto","background-attachment":"scroll","background-type":"","background-media":"","overlay-type":"","overlay-color":"","overlay-opacity":"","overlay-gradient":""}},"ast-content-background-meta":{"desktop":{"background-color":"var(--ast-global-color-5)","background-image":"","background-repeat":"repeat","background-position":"center center","background-size":"auto","background-attachment":"scroll","background-type":"","background-media":"","overlay-type":"","overlay-color":"","overlay-opacity":"","overlay-gradient":""},"tablet":{"background-color":"var(--ast-global-color-5)","background-image":"","background-repeat":"repeat","background-position":"center center","background-size":"auto","background-attachment":"scroll","background-type":"","background-media":"","overlay-type":"","overlay-color":"","overlay-opacity":"","overlay-gradient":""},"mobile":{"background-color":"var(--ast-global-color-5)","background-image":"","background-repeat":"repeat","background-position":"center center","background-size":"auto","background-attachment":"scroll","background-type":"","background-media":"","overlay-type":"","overlay-color":"","overlay-opacity":"","overlay-gradient":""}}},"product_brand":[5203],"product_cat":[3563],"product_tag":[],"class_list":{"0":"post-107339","1":"product","2":"type-product","3":"status-publish","4":"has-post-thumbnail","6":"product_brand-valley-dynamo-pt-pt","7":"product_cat-acessorios-bilhar-valley-dynamo","8":"product_shipping_class-acessorios","9":"desktop-align-center","10":"tablet-align-left","11":"mobile-align-left","13":"first","14":"instock","15":"taxable","16":"shipping-taxable","17":"purchasable","18":"product-type-variable"},"yoast_head":"<!-- This site is optimized with the Yoast SEO plugin v27.4 - https:\/\/yoast.com\/product\/yoast-seo-wordpress\/ -->\n<title>Moldura Valley 88\/93 - Estilo Antigo - The World Billiards<\/title>\n<meta name=\"description\" content=\"Acabamento acetinado cobre os furos dos parafusos do carril da almofada. Dimensionado e perfurado para a sua mesa de 7 p\u00e9s (93) que n\u00e3o seja da Panther Valley. Por favor, me\u00e7a para confirmar o tamanho necess\u00e1rio.  Este acabamento deve ser cortado para se adaptar a mesas de 6,5 p\u00e9s (88) que n\u00e3o sejam da Panther Valley  Pe\u00e7a \u00fanica de acabamento. Observe os orif\u00edcios de montagem no meio da pe\u00e7a de acabamento. Pode ser necess\u00e1rio perfurar novos furos de montagem ou furos adicionais para fixar o acabamento.\" \/>\n<meta name=\"robots\" content=\"index, follow, max-snippet:-1, max-image-preview:large, max-video-preview:-1\" \/>\n<link rel=\"canonical\" href=\"https:\/\/theworldbilliards.com\/pt-pt\/produto\/moldura-valley-88-93-estilo-antigo\/\" \/>\n<meta property=\"og:locale\" content=\"pt_PT\" \/>\n<meta property=\"og:type\" content=\"article\" \/>\n<meta property=\"og:title\" content=\"Moldura Valley 88\/93 - Estilo Antigo - The World Billiards\" \/>\n<meta property=\"og:description\" content=\"Acabamento acetinado cobre os furos dos parafusos do carril da almofada. Dimensionado e perfurado para a sua mesa de 7 p\u00e9s (93) que n\u00e3o seja da Panther Valley. Por favor, me\u00e7a para confirmar o tamanho necess\u00e1rio.  Este acabamento deve ser cortado para se adaptar a mesas de 6,5 p\u00e9s (88) que n\u00e3o sejam da Panther Valley  Pe\u00e7a \u00fanica de acabamento. Observe os orif\u00edcios de montagem no meio da pe\u00e7a de acabamento. Pode ser necess\u00e1rio perfurar novos furos de montagem ou furos adicionais para fixar o acabamento.\" \/>\n<meta property=\"og:url\" content=\"https:\/\/theworldbilliards.com\/pt-pt\/produto\/moldura-valley-88-93-estilo-antigo\/\" \/>\n<meta property=\"og:site_name\" content=\"The World Billiards\" \/>\n<meta property=\"article:publisher\" content=\"https:\/\/www.facebook.com\/baby.foot.superbes\" \/>\n<meta property=\"article:modified_time\" content=\"2025-05-16T10:46:19+00:00\" \/>\n<meta property=\"og:image\" content=\"https:\/\/theworldbilliards.com\/wp-content\/uploads\/2025\/05\/PT_Not-Panther.jpeg\" \/>\n\t<meta property=\"og:image:width\" content=\"630\" \/>\n\t<meta property=\"og:image:height\" content=\"630\" \/>\n\t<meta property=\"og:image:type\" content=\"image\/jpeg\" \/>\n<meta name=\"twitter:card\" content=\"summary_large_image\" \/>\n<script type=\"application\/ld+json\" class=\"yoast-schema-graph\">{\"@context\":\"https:\\\/\\\/schema.org\",\"@graph\":[{\"@type\":\"WebPage\",\"@id\":\"https:\\\/\\\/theworldbilliards.com\\\/pt-pt\\\/produto\\\/moldura-valley-88-93-estilo-antigo\\\/\",\"url\":\"https:\\\/\\\/theworldbilliards.com\\\/pt-pt\\\/produto\\\/moldura-valley-88-93-estilo-antigo\\\/\",\"name\":\"Moldura Valley 88\\\/93 - Estilo Antigo - The World Billiards\",\"isPartOf\":{\"@id\":\"https:\\\/\\\/theworldbilliards.com\\\/pt-pt\\\/#website\"},\"primaryImageOfPage\":{\"@id\":\"https:\\\/\\\/theworldbilliards.com\\\/pt-pt\\\/produto\\\/moldura-valley-88-93-estilo-antigo\\\/#primaryimage\"},\"image\":{\"@id\":\"https:\\\/\\\/theworldbilliards.com\\\/pt-pt\\\/produto\\\/moldura-valley-88-93-estilo-antigo\\\/#primaryimage\"},\"thumbnailUrl\":\"https:\\\/\\\/theworldbilliards.com\\\/wp-content\\\/uploads\\\/2025\\\/05\\\/PT_Not-Panther.jpeg\",\"datePublished\":\"2025-05-15T11:59:07+00:00\",\"dateModified\":\"2025-05-16T10:46:19+00:00\",\"description\":\"Acabamento acetinado cobre os furos dos parafusos do carril da almofada. Dimensionado e perfurado para a sua mesa de 7 p\u00e9s (93) que n\u00e3o seja da Panther Valley. Por favor, me\u00e7a para confirmar o tamanho necess\u00e1rio. Este acabamento deve ser cortado para se adaptar a mesas de 6,5 p\u00e9s (88) que n\u00e3o sejam da Panther Valley Pe\u00e7a \u00fanica de acabamento. Observe os orif\u00edcios de montagem no meio da pe\u00e7a de acabamento. Pode ser necess\u00e1rio perfurar novos furos de montagem ou furos adicionais para fixar o acabamento.\",\"breadcrumb\":{\"@id\":\"https:\\\/\\\/theworldbilliards.com\\\/pt-pt\\\/produto\\\/moldura-valley-88-93-estilo-antigo\\\/#breadcrumb\"},\"inLanguage\":\"pt-PT\",\"potentialAction\":[{\"@type\":\"ReadAction\",\"target\":[\"https:\\\/\\\/theworldbilliards.com\\\/pt-pt\\\/produto\\\/moldura-valley-88-93-estilo-antigo\\\/\"]}]},{\"@type\":\"ImageObject\",\"inLanguage\":\"pt-PT\",\"@id\":\"https:\\\/\\\/theworldbilliards.com\\\/pt-pt\\\/produto\\\/moldura-valley-88-93-estilo-antigo\\\/#primaryimage\",\"url\":\"https:\\\/\\\/theworldbilliards.com\\\/wp-content\\\/uploads\\\/2025\\\/05\\\/PT_Not-Panther.jpeg\",\"contentUrl\":\"https:\\\/\\\/theworldbilliards.com\\\/wp-content\\\/uploads\\\/2025\\\/05\\\/PT_Not-Panther.jpeg\",\"width\":630,\"height\":630},{\"@type\":\"BreadcrumbList\",\"@id\":\"https:\\\/\\\/theworldbilliards.com\\\/pt-pt\\\/produto\\\/moldura-valley-88-93-estilo-antigo\\\/#breadcrumb\",\"itemListElement\":[{\"@type\":\"ListItem\",\"position\":1,\"name\":\"In\u00edcio\",\"item\":\"https:\\\/\\\/theworldbilliards.com\\\/pt-pt\\\/\"},{\"@type\":\"ListItem\",\"position\":2,\"name\":\"Loja online\",\"item\":\"https:\\\/\\\/theworldbilliards.com\\\/pt-pt\\\/loja-theworldbilliards\\\/\"},{\"@type\":\"ListItem\",\"position\":3,\"name\":\"Moldura Valley 88\\\/93 &#8211; Estilo Antigo\"}]},{\"@type\":\"WebSite\",\"@id\":\"https:\\\/\\\/theworldbilliards.com\\\/pt-pt\\\/#website\",\"url\":\"https:\\\/\\\/theworldbilliards.com\\\/pt-pt\\\/\",\"name\":\"TheWorldBilliards\",\"description\":\"Compre aqui bilhar, matraquilho, t\u00eanis de mesa e bowling\",\"publisher\":{\"@id\":\"https:\\\/\\\/theworldbilliards.com\\\/pt-pt\\\/#organization\"},\"alternateName\":\"The world billiards\",\"potentialAction\":[{\"@type\":\"SearchAction\",\"target\":{\"@type\":\"EntryPoint\",\"urlTemplate\":\"https:\\\/\\\/theworldbilliards.com\\\/pt-pt\\\/?s={search_term_string}\"},\"query-input\":{\"@type\":\"PropertyValueSpecification\",\"valueRequired\":true,\"valueName\":\"search_term_string\"}}],\"inLanguage\":\"pt-PT\"},{\"@type\":\"Organization\",\"@id\":\"https:\\\/\\\/theworldbilliards.com\\\/pt-pt\\\/#organization\",\"name\":\"The World Billiards\",\"alternateName\":\"The World Billiards\",\"url\":\"https:\\\/\\\/theworldbilliards.com\\\/pt-pt\\\/\",\"logo\":{\"@type\":\"ImageObject\",\"inLanguage\":\"pt-PT\",\"@id\":\"https:\\\/\\\/theworldbilliards.com\\\/pt-pt\\\/#\\\/schema\\\/logo\\\/image\\\/\",\"url\":\"\",\"contentUrl\":\"\",\"caption\":\"The World Billiards\"},\"image\":{\"@id\":\"https:\\\/\\\/theworldbilliards.com\\\/pt-pt\\\/#\\\/schema\\\/logo\\\/image\\\/\"},\"sameAs\":[\"https:\\\/\\\/www.facebook.com\\\/baby.foot.superbes\",\"https:\\\/\\\/www.youtube.com\\\/channel\\\/UCIMuOVAaUcH6UpZcsZlH0Tg\",\"https:\\\/\\\/www.facebook.com\\\/people\\\/Brunswick-Billiards-EspaaPortugal\\\/100066446264309\\\/\",\"https:\\\/\\\/www.instagram.com\\\/the_world_billiards\\\/\",\"https:\\\/\\\/www.pinterest.es\\\/Theworldbilliards\\\/\"]}]}<\/script>\n<!-- \/ Yoast SEO plugin. -->","yoast_head_json":{"title":"Moldura Valley 88\/93 - Estilo Antigo - The World Billiards","description":"Acabamento acetinado cobre os furos dos parafusos do carril da almofada. Dimensionado e perfurado para a sua mesa de 7 p\u00e9s (93) que n\u00e3o seja da Panther Valley. Por favor, me\u00e7a para confirmar o tamanho necess\u00e1rio.  Este acabamento deve ser cortado para se adaptar a mesas de 6,5 p\u00e9s (88) que n\u00e3o sejam da Panther Valley  Pe\u00e7a \u00fanica de acabamento. Observe os orif\u00edcios de montagem no meio da pe\u00e7a de acabamento. Pode ser necess\u00e1rio perfurar novos furos de montagem ou furos adicionais para fixar o acabamento.","robots":{"index":"index","follow":"follow","max-snippet":"max-snippet:-1","max-image-preview":"max-image-preview:large","max-video-preview":"max-video-preview:-1"},"canonical":"https:\/\/theworldbilliards.com\/pt-pt\/produto\/moldura-valley-88-93-estilo-antigo\/","og_locale":"pt_PT","og_type":"article","og_title":"Moldura Valley 88\/93 - Estilo Antigo - The World Billiards","og_description":"Acabamento acetinado cobre os furos dos parafusos do carril da almofada. Dimensionado e perfurado para a sua mesa de 7 p\u00e9s (93) que n\u00e3o seja da Panther Valley. Por favor, me\u00e7a para confirmar o tamanho necess\u00e1rio.  Este acabamento deve ser cortado para se adaptar a mesas de 6,5 p\u00e9s (88) que n\u00e3o sejam da Panther Valley  Pe\u00e7a \u00fanica de acabamento. Observe os orif\u00edcios de montagem no meio da pe\u00e7a de acabamento. Pode ser necess\u00e1rio perfurar novos furos de montagem ou furos adicionais para fixar o acabamento.","og_url":"https:\/\/theworldbilliards.com\/pt-pt\/produto\/moldura-valley-88-93-estilo-antigo\/","og_site_name":"The World Billiards","article_publisher":"https:\/\/www.facebook.com\/baby.foot.superbes","article_modified_time":"2025-05-16T10:46:19+00:00","og_image":[{"width":630,"height":630,"url":"https:\/\/theworldbilliards.com\/wp-content\/uploads\/2025\/05\/PT_Not-Panther.jpeg","type":"image\/jpeg"}],"twitter_card":"summary_large_image","schema":{"@context":"https:\/\/schema.org","@graph":[{"@type":"WebPage","@id":"https:\/\/theworldbilliards.com\/pt-pt\/produto\/moldura-valley-88-93-estilo-antigo\/","url":"https:\/\/theworldbilliards.com\/pt-pt\/produto\/moldura-valley-88-93-estilo-antigo\/","name":"Moldura Valley 88\/93 - Estilo Antigo - The World Billiards","isPartOf":{"@id":"https:\/\/theworldbilliards.com\/pt-pt\/#website"},"primaryImageOfPage":{"@id":"https:\/\/theworldbilliards.com\/pt-pt\/produto\/moldura-valley-88-93-estilo-antigo\/#primaryimage"},"image":{"@id":"https:\/\/theworldbilliards.com\/pt-pt\/produto\/moldura-valley-88-93-estilo-antigo\/#primaryimage"},"thumbnailUrl":"https:\/\/theworldbilliards.com\/wp-content\/uploads\/2025\/05\/PT_Not-Panther.jpeg","datePublished":"2025-05-15T11:59:07+00:00","dateModified":"2025-05-16T10:46:19+00:00","description":"Acabamento acetinado cobre os furos dos parafusos do carril da almofada. Dimensionado e perfurado para a sua mesa de 7 p\u00e9s (93) que n\u00e3o seja da Panther Valley. Por favor, me\u00e7a para confirmar o tamanho necess\u00e1rio. Este acabamento deve ser cortado para se adaptar a mesas de 6,5 p\u00e9s (88) que n\u00e3o sejam da Panther Valley Pe\u00e7a \u00fanica de acabamento. Observe os orif\u00edcios de montagem no meio da pe\u00e7a de acabamento. Pode ser necess\u00e1rio perfurar novos furos de montagem ou furos adicionais para fixar o acabamento.","breadcrumb":{"@id":"https:\/\/theworldbilliards.com\/pt-pt\/produto\/moldura-valley-88-93-estilo-antigo\/#breadcrumb"},"inLanguage":"pt-PT","potentialAction":[{"@type":"ReadAction","target":["https:\/\/theworldbilliards.com\/pt-pt\/produto\/moldura-valley-88-93-estilo-antigo\/"]}]},{"@type":"ImageObject","inLanguage":"pt-PT","@id":"https:\/\/theworldbilliards.com\/pt-pt\/produto\/moldura-valley-88-93-estilo-antigo\/#primaryimage","url":"https:\/\/theworldbilliards.com\/wp-content\/uploads\/2025\/05\/PT_Not-Panther.jpeg","contentUrl":"https:\/\/theworldbilliards.com\/wp-content\/uploads\/2025\/05\/PT_Not-Panther.jpeg","width":630,"height":630},{"@type":"BreadcrumbList","@id":"https:\/\/theworldbilliards.com\/pt-pt\/produto\/moldura-valley-88-93-estilo-antigo\/#breadcrumb","itemListElement":[{"@type":"ListItem","position":1,"name":"In\u00edcio","item":"https:\/\/theworldbilliards.com\/pt-pt\/"},{"@type":"ListItem","position":2,"name":"Loja online","item":"https:\/\/theworldbilliards.com\/pt-pt\/loja-theworldbilliards\/"},{"@type":"ListItem","position":3,"name":"Moldura Valley 88\/93 &#8211; Estilo Antigo"}]},{"@type":"WebSite","@id":"https:\/\/theworldbilliards.com\/pt-pt\/#website","url":"https:\/\/theworldbilliards.com\/pt-pt\/","name":"TheWorldBilliards","description":"Compre aqui bilhar, matraquilho, t\u00eanis de mesa e bowling","publisher":{"@id":"https:\/\/theworldbilliards.com\/pt-pt\/#organization"},"alternateName":"The world billiards","potentialAction":[{"@type":"SearchAction","target":{"@type":"EntryPoint","urlTemplate":"https:\/\/theworldbilliards.com\/pt-pt\/?s={search_term_string}"},"query-input":{"@type":"PropertyValueSpecification","valueRequired":true,"valueName":"search_term_string"}}],"inLanguage":"pt-PT"},{"@type":"Organization","@id":"https:\/\/theworldbilliards.com\/pt-pt\/#organization","name":"The World Billiards","alternateName":"The World Billiards","url":"https:\/\/theworldbilliards.com\/pt-pt\/","logo":{"@type":"ImageObject","inLanguage":"pt-PT","@id":"https:\/\/theworldbilliards.com\/pt-pt\/#\/schema\/logo\/image\/","url":"","contentUrl":"","caption":"The World Billiards"},"image":{"@id":"https:\/\/theworldbilliards.com\/pt-pt\/#\/schema\/logo\/image\/"},"sameAs":["https:\/\/www.facebook.com\/baby.foot.superbes","https:\/\/www.youtube.com\/channel\/UCIMuOVAaUcH6UpZcsZlH0Tg","https:\/\/www.facebook.com\/people\/Brunswick-Billiards-EspaaPortugal\/100066446264309\/","https:\/\/www.instagram.com\/the_world_billiards\/","https:\/\/www.pinterest.es\/Theworldbilliards\/"]}]}},"_links":{"self":[{"href":"https:\/\/theworldbilliards.com\/pt-pt\/wp-json\/wp\/v2\/product\/107339","targetHints":{"allow":["GET"]}}],"collection":[{"href":"https:\/\/theworldbilliards.com\/pt-pt\/wp-json\/wp\/v2\/product"}],"about":[{"href":"https:\/\/theworldbilliards.com\/pt-pt\/wp-json\/wp\/v2\/types\/product"}],"wp:featuredmedia":[{"embeddable":true,"href":"https:\/\/theworldbilliards.com\/pt-pt\/wp-json\/wp\/v2\/media\/107343"}],"wp:attachment":[{"href":"https:\/\/theworldbilliards.com\/pt-pt\/wp-json\/wp\/v2\/media?parent=107339"}],"wp:term":[{"taxonomy":"product_brand","embeddable":true,"href":"https:\/\/theworldbilliards.com\/pt-pt\/wp-json\/wp\/v2\/product_brand?post=107339"},{"taxonomy":"product_cat","embeddable":true,"href":"https:\/\/theworldbilliards.com\/pt-pt\/wp-json\/wp\/v2\/product_cat?post=107339"},{"taxonomy":"product_tag","embeddable":true,"href":"https:\/\/theworldbilliards.com\/pt-pt\/wp-json\/wp\/v2\/product_tag?post=107339"}],"curies":[{"name":"wp","href":"https:\/\/api.w.org\/{rel}","templated":true}]}}