{"id":107406,"date":"2025-05-20T13:54:48","date_gmt":"2025-05-20T11:54:48","guid":{"rendered":"https:\/\/theworldbilliards.com\/?post_type=product&#038;p=107406"},"modified":"2025-09-17T10:38:10","modified_gmt":"2025-09-17T08:38:10","slug":"fechadura-com-chave-valley-porta-moedas","status":"publish","type":"product","link":"https:\/\/theworldbilliards.com\/pt-pt\/produto\/fechadura-com-chave-valley-porta-moedas\/","title":{"rendered":"Fechadura com chave Valley porta-moedas"},"content":{"rendered":"<p>Com fechadura de barril de 1-1\/8 pol. com chave aleat\u00f3ria para seguran\u00e7a da sua porta de moedas.<\/p>\n<p>ESTA FECHADURA N\u00c3O SE ENCAIXA NA PORTA DE MOEDAS DE PL\u00c1STICO MAIS FINO DYNAMO, APENAS NAS PORTAS DE MOEDAS WOODEN VALLEY<\/p>\n<p>Sobre os fechos: utilizamos estes fechos na produ\u00e7\u00e3o de novas mesas todos os dias sem problemas de encaixe. As portas e os laminados atuais podem ser um pouco mais finos do que nas mesas mais antigas, e as fechaduras atuais podem ter um pouco menos de roscas do que as utilizadas nas mesas mais antigas. O comprimento do bloqueio permanece inalterado. A utiliza\u00e7\u00e3o de fechaduras atuais em mesas antigas pode exigir um pouco de trabalho com uma ferramenta rotativa manual no interior da porta para permitir um encaixe adequado.<\/p>\n","protected":false},"excerpt":{"rendered":"<p>Com fechadura de barril de 1-1\/8 pol. com chave aleat\u00f3ria para seguran\u00e7a da sua porta de moedas. ESTA FECHADURA N\u00c3O [&hellip;]<\/p>\n","protected":false},"featured_media":107412,"template":"","meta":{"site-sidebar-layout":"default","site-content-layout":"","ast-site-content-layout":"default","site-content-style":"default","site-sidebar-style":"default","ast-global-header-display":"","ast-banner-title-visibility":"","ast-main-header-display":"","ast-hfb-above-header-display":"","ast-hfb-below-header-display":"","ast-hfb-mobile-header-display":"","site-post-title":"","ast-breadcrumbs-content":"","ast-featured-img":"","footer-sml-layout":"","ast-disable-related-posts":"","theme-transparent-header-meta":"default","adv-header-id-meta":"","stick-header-meta":"","header-above-stick-meta":"","header-main-stick-meta":"","header-below-stick-meta":"","astra-migrate-meta-layouts":"default","ast-page-background-enabled":"default","ast-page-background-meta":{"desktop":{"background-color":"var(--ast-global-color-4)","background-image":"","background-repeat":"repeat","background-position":"center center","background-size":"auto","background-attachment":"scroll","background-type":"","background-media":"","overlay-type":"","overlay-color":"","overlay-opacity":"","overlay-gradient":""},"tablet":{"background-color":"","background-image":"","background-repeat":"repeat","background-position":"center center","background-size":"auto","background-attachment":"scroll","background-type":"","background-media":"","overlay-type":"","overlay-color":"","overlay-opacity":"","overlay-gradient":""},"mobile":{"background-color":"","background-image":"","background-repeat":"repeat","background-position":"center center","background-size":"auto","background-attachment":"scroll","background-type":"","background-media":"","overlay-type":"","overlay-color":"","overlay-opacity":"","overlay-gradient":""}},"ast-content-background-meta":{"desktop":{"background-color":"var(--ast-global-color-5)","background-image":"","background-repeat":"repeat","background-position":"center center","background-size":"auto","background-attachment":"scroll","background-type":"","background-media":"","overlay-type":"","overlay-color":"","overlay-opacity":"","overlay-gradient":""},"tablet":{"background-color":"var(--ast-global-color-5)","background-image":"","background-repeat":"repeat","background-position":"center center","background-size":"auto","background-attachment":"scroll","background-type":"","background-media":"","overlay-type":"","overlay-color":"","overlay-opacity":"","overlay-gradient":""},"mobile":{"background-color":"var(--ast-global-color-5)","background-image":"","background-repeat":"repeat","background-position":"center center","background-size":"auto","background-attachment":"scroll","background-type":"","background-media":"","overlay-type":"","overlay-color":"","overlay-opacity":"","overlay-gradient":""}}},"product_brand":[5203],"product_cat":[3563],"product_tag":[],"class_list":{"0":"post-107406","1":"product","2":"type-product","3":"status-publish","4":"has-post-thumbnail","6":"product_brand-valley-dynamo-pt-pt","7":"product_cat-acessorios-bilhar-valley-dynamo","8":"product_shipping_class-acessorios","9":"desktop-align-center","10":"tablet-align-left","11":"mobile-align-left","13":"first","14":"instock","15":"taxable","16":"shipping-taxable","17":"purchasable","18":"product-type-simple"},"yoast_head":"<!-- This site is optimized with the Yoast SEO plugin v27.4 - https:\/\/yoast.com\/product\/yoast-seo-wordpress\/ -->\n<title>Fechadura com chave Valley porta-moedas - The World Billiards<\/title>\n<meta name=\"description\" content=\"Com fechadura de barril de 1-1\/8 pol. com chave aleat\u00f3ria para seguran\u00e7a da sua porta de moedas.  ESTA FECHADURA N\u00c3O SE ENCAIXA NA PORTA DE MOEDAS DE PL\u00c1STICO MAIS FINO DYNAMO, APENAS NAS PORTAS DE MOEDAS WOODEN VALLEY  Sobre os fechos: utilizamos estes fechos na produ\u00e7\u00e3o de novas mesas todos os dias sem problemas de encaixe. As portas e os laminados atuais podem ser um pouco mais finos do que nas mesas mais antigas, e as fechaduras atuais podem ter um pouco menos de roscas do que as utilizadas nas mesas mais antigas. O comprimento do bloqueio permanece inalterado. A utiliza\u00e7\u00e3o de fechaduras atuais em mesas antigas pode exigir um pouco de trabalho com uma ferramenta rotativa manual no interior da porta para permitir um encaixe adequado.\" \/>\n<meta name=\"robots\" content=\"index, follow, max-snippet:-1, max-image-preview:large, max-video-preview:-1\" \/>\n<link rel=\"canonical\" href=\"https:\/\/theworldbilliards.com\/pt-pt\/produto\/fechadura-com-chave-valley-porta-moedas\/\" \/>\n<meta property=\"og:locale\" content=\"pt_PT\" \/>\n<meta property=\"og:type\" content=\"article\" \/>\n<meta property=\"og:title\" content=\"Fechadura com chave Valley porta-moedas - The World Billiards\" \/>\n<meta property=\"og:description\" content=\"Com fechadura de barril de 1-1\/8 pol. com chave aleat\u00f3ria para seguran\u00e7a da sua porta de moedas.  ESTA FECHADURA N\u00c3O SE ENCAIXA NA PORTA DE MOEDAS DE PL\u00c1STICO MAIS FINO DYNAMO, APENAS NAS PORTAS DE MOEDAS WOODEN VALLEY  Sobre os fechos: utilizamos estes fechos na produ\u00e7\u00e3o de novas mesas todos os dias sem problemas de encaixe. As portas e os laminados atuais podem ser um pouco mais finos do que nas mesas mais antigas, e as fechaduras atuais podem ter um pouco menos de roscas do que as utilizadas nas mesas mais antigas. O comprimento do bloqueio permanece inalterado. A utiliza\u00e7\u00e3o de fechaduras atuais em mesas antigas pode exigir um pouco de trabalho com uma ferramenta rotativa manual no interior da porta para permitir um encaixe adequado.\" \/>\n<meta property=\"og:url\" content=\"https:\/\/theworldbilliards.com\/pt-pt\/produto\/fechadura-com-chave-valley-porta-moedas\/\" \/>\n<meta property=\"og:site_name\" content=\"The World Billiards\" \/>\n<meta property=\"article:publisher\" content=\"https:\/\/www.facebook.com\/baby.foot.superbes\" \/>\n<meta property=\"article:modified_time\" content=\"2025-09-17T08:38:10+00:00\" \/>\n<meta property=\"og:image\" content=\"https:\/\/theworldbilliards.com\/wp-content\/uploads\/2025\/05\/cerradura-valley-puerta-monedas.jpg\" \/>\n\t<meta property=\"og:image:width\" content=\"407\" \/>\n\t<meta property=\"og:image:height\" content=\"407\" \/>\n\t<meta property=\"og:image:type\" content=\"image\/jpeg\" \/>\n<meta name=\"twitter:card\" content=\"summary_large_image\" \/>\n<script type=\"application\/ld+json\" class=\"yoast-schema-graph\">{\"@context\":\"https:\\\/\\\/schema.org\",\"@graph\":[{\"@type\":\"WebPage\",\"@id\":\"https:\\\/\\\/theworldbilliards.com\\\/pt-pt\\\/produto\\\/fechadura-com-chave-valley-porta-moedas\\\/\",\"url\":\"https:\\\/\\\/theworldbilliards.com\\\/pt-pt\\\/produto\\\/fechadura-com-chave-valley-porta-moedas\\\/\",\"name\":\"Fechadura com chave Valley porta-moedas - The World Billiards\",\"isPartOf\":{\"@id\":\"https:\\\/\\\/theworldbilliards.com\\\/pt-pt\\\/#website\"},\"primaryImageOfPage\":{\"@id\":\"https:\\\/\\\/theworldbilliards.com\\\/pt-pt\\\/produto\\\/fechadura-com-chave-valley-porta-moedas\\\/#primaryimage\"},\"image\":{\"@id\":\"https:\\\/\\\/theworldbilliards.com\\\/pt-pt\\\/produto\\\/fechadura-com-chave-valley-porta-moedas\\\/#primaryimage\"},\"thumbnailUrl\":\"https:\\\/\\\/theworldbilliards.com\\\/wp-content\\\/uploads\\\/2025\\\/05\\\/cerradura-valley-puerta-monedas.jpg\",\"datePublished\":\"2025-05-20T11:54:48+00:00\",\"dateModified\":\"2025-09-17T08:38:10+00:00\",\"description\":\"Com fechadura de barril de 1-1\\\/8 pol. com chave aleat\u00f3ria para seguran\u00e7a da sua porta de moedas. ESTA FECHADURA N\u00c3O SE ENCAIXA NA PORTA DE MOEDAS DE PL\u00c1STICO MAIS FINO DYNAMO, APENAS NAS PORTAS DE MOEDAS WOODEN VALLEY Sobre os fechos: utilizamos estes fechos na produ\u00e7\u00e3o de novas mesas todos os dias sem problemas de encaixe. As portas e os laminados atuais podem ser um pouco mais finos do que nas mesas mais antigas, e as fechaduras atuais podem ter um pouco menos de roscas do que as utilizadas nas mesas mais antigas. O comprimento do bloqueio permanece inalterado. A utiliza\u00e7\u00e3o de fechaduras atuais em mesas antigas pode exigir um pouco de trabalho com uma ferramenta rotativa manual no interior da porta para permitir um encaixe adequado.\",\"breadcrumb\":{\"@id\":\"https:\\\/\\\/theworldbilliards.com\\\/pt-pt\\\/produto\\\/fechadura-com-chave-valley-porta-moedas\\\/#breadcrumb\"},\"inLanguage\":\"pt-PT\",\"potentialAction\":[{\"@type\":\"ReadAction\",\"target\":[\"https:\\\/\\\/theworldbilliards.com\\\/pt-pt\\\/produto\\\/fechadura-com-chave-valley-porta-moedas\\\/\"]}]},{\"@type\":\"ImageObject\",\"inLanguage\":\"pt-PT\",\"@id\":\"https:\\\/\\\/theworldbilliards.com\\\/pt-pt\\\/produto\\\/fechadura-com-chave-valley-porta-moedas\\\/#primaryimage\",\"url\":\"https:\\\/\\\/theworldbilliards.com\\\/wp-content\\\/uploads\\\/2025\\\/05\\\/cerradura-valley-puerta-monedas.jpg\",\"contentUrl\":\"https:\\\/\\\/theworldbilliards.com\\\/wp-content\\\/uploads\\\/2025\\\/05\\\/cerradura-valley-puerta-monedas.jpg\",\"width\":407,\"height\":407},{\"@type\":\"BreadcrumbList\",\"@id\":\"https:\\\/\\\/theworldbilliards.com\\\/pt-pt\\\/produto\\\/fechadura-com-chave-valley-porta-moedas\\\/#breadcrumb\",\"itemListElement\":[{\"@type\":\"ListItem\",\"position\":1,\"name\":\"In\u00edcio\",\"item\":\"https:\\\/\\\/theworldbilliards.com\\\/pt-pt\\\/\"},{\"@type\":\"ListItem\",\"position\":2,\"name\":\"Loja online\",\"item\":\"https:\\\/\\\/theworldbilliards.com\\\/pt-pt\\\/loja-theworldbilliards\\\/\"},{\"@type\":\"ListItem\",\"position\":3,\"name\":\"Fechadura com chave Valley porta-moedas\"}]},{\"@type\":\"WebSite\",\"@id\":\"https:\\\/\\\/theworldbilliards.com\\\/pt-pt\\\/#website\",\"url\":\"https:\\\/\\\/theworldbilliards.com\\\/pt-pt\\\/\",\"name\":\"TheWorldBilliards\",\"description\":\"Compre aqui bilhar, matraquilho, t\u00eanis de mesa e bowling\",\"publisher\":{\"@id\":\"https:\\\/\\\/theworldbilliards.com\\\/pt-pt\\\/#organization\"},\"alternateName\":\"The world billiards\",\"potentialAction\":[{\"@type\":\"SearchAction\",\"target\":{\"@type\":\"EntryPoint\",\"urlTemplate\":\"https:\\\/\\\/theworldbilliards.com\\\/pt-pt\\\/?s={search_term_string}\"},\"query-input\":{\"@type\":\"PropertyValueSpecification\",\"valueRequired\":true,\"valueName\":\"search_term_string\"}}],\"inLanguage\":\"pt-PT\"},{\"@type\":\"Organization\",\"@id\":\"https:\\\/\\\/theworldbilliards.com\\\/pt-pt\\\/#organization\",\"name\":\"The World Billiards\",\"alternateName\":\"The World Billiards\",\"url\":\"https:\\\/\\\/theworldbilliards.com\\\/pt-pt\\\/\",\"logo\":{\"@type\":\"ImageObject\",\"inLanguage\":\"pt-PT\",\"@id\":\"https:\\\/\\\/theworldbilliards.com\\\/pt-pt\\\/#\\\/schema\\\/logo\\\/image\\\/\",\"url\":\"\",\"contentUrl\":\"\",\"caption\":\"The World Billiards\"},\"image\":{\"@id\":\"https:\\\/\\\/theworldbilliards.com\\\/pt-pt\\\/#\\\/schema\\\/logo\\\/image\\\/\"},\"sameAs\":[\"https:\\\/\\\/www.facebook.com\\\/baby.foot.superbes\",\"https:\\\/\\\/www.youtube.com\\\/channel\\\/UCIMuOVAaUcH6UpZcsZlH0Tg\",\"https:\\\/\\\/www.facebook.com\\\/people\\\/Brunswick-Billiards-EspaaPortugal\\\/100066446264309\\\/\",\"https:\\\/\\\/www.instagram.com\\\/the_world_billiards\\\/\",\"https:\\\/\\\/www.pinterest.es\\\/Theworldbilliards\\\/\"]}]}<\/script>\n<!-- \/ Yoast SEO plugin. -->","yoast_head_json":{"title":"Fechadura com chave Valley porta-moedas - The World Billiards","description":"Com fechadura de barril de 1-1\/8 pol. com chave aleat\u00f3ria para seguran\u00e7a da sua porta de moedas.  ESTA FECHADURA N\u00c3O SE ENCAIXA NA PORTA DE MOEDAS DE PL\u00c1STICO MAIS FINO DYNAMO, APENAS NAS PORTAS DE MOEDAS WOODEN VALLEY  Sobre os fechos: utilizamos estes fechos na produ\u00e7\u00e3o de novas mesas todos os dias sem problemas de encaixe. As portas e os laminados atuais podem ser um pouco mais finos do que nas mesas mais antigas, e as fechaduras atuais podem ter um pouco menos de roscas do que as utilizadas nas mesas mais antigas. O comprimento do bloqueio permanece inalterado. A utiliza\u00e7\u00e3o de fechaduras atuais em mesas antigas pode exigir um pouco de trabalho com uma ferramenta rotativa manual no interior da porta para permitir um encaixe adequado.","robots":{"index":"index","follow":"follow","max-snippet":"max-snippet:-1","max-image-preview":"max-image-preview:large","max-video-preview":"max-video-preview:-1"},"canonical":"https:\/\/theworldbilliards.com\/pt-pt\/produto\/fechadura-com-chave-valley-porta-moedas\/","og_locale":"pt_PT","og_type":"article","og_title":"Fechadura com chave Valley porta-moedas - The World Billiards","og_description":"Com fechadura de barril de 1-1\/8 pol. com chave aleat\u00f3ria para seguran\u00e7a da sua porta de moedas.  ESTA FECHADURA N\u00c3O SE ENCAIXA NA PORTA DE MOEDAS DE PL\u00c1STICO MAIS FINO DYNAMO, APENAS NAS PORTAS DE MOEDAS WOODEN VALLEY  Sobre os fechos: utilizamos estes fechos na produ\u00e7\u00e3o de novas mesas todos os dias sem problemas de encaixe. As portas e os laminados atuais podem ser um pouco mais finos do que nas mesas mais antigas, e as fechaduras atuais podem ter um pouco menos de roscas do que as utilizadas nas mesas mais antigas. O comprimento do bloqueio permanece inalterado. A utiliza\u00e7\u00e3o de fechaduras atuais em mesas antigas pode exigir um pouco de trabalho com uma ferramenta rotativa manual no interior da porta para permitir um encaixe adequado.","og_url":"https:\/\/theworldbilliards.com\/pt-pt\/produto\/fechadura-com-chave-valley-porta-moedas\/","og_site_name":"The World Billiards","article_publisher":"https:\/\/www.facebook.com\/baby.foot.superbes","article_modified_time":"2025-09-17T08:38:10+00:00","og_image":[{"width":407,"height":407,"url":"https:\/\/theworldbilliards.com\/wp-content\/uploads\/2025\/05\/cerradura-valley-puerta-monedas.jpg","type":"image\/jpeg"}],"twitter_card":"summary_large_image","schema":{"@context":"https:\/\/schema.org","@graph":[{"@type":"WebPage","@id":"https:\/\/theworldbilliards.com\/pt-pt\/produto\/fechadura-com-chave-valley-porta-moedas\/","url":"https:\/\/theworldbilliards.com\/pt-pt\/produto\/fechadura-com-chave-valley-porta-moedas\/","name":"Fechadura com chave Valley porta-moedas - The World Billiards","isPartOf":{"@id":"https:\/\/theworldbilliards.com\/pt-pt\/#website"},"primaryImageOfPage":{"@id":"https:\/\/theworldbilliards.com\/pt-pt\/produto\/fechadura-com-chave-valley-porta-moedas\/#primaryimage"},"image":{"@id":"https:\/\/theworldbilliards.com\/pt-pt\/produto\/fechadura-com-chave-valley-porta-moedas\/#primaryimage"},"thumbnailUrl":"https:\/\/theworldbilliards.com\/wp-content\/uploads\/2025\/05\/cerradura-valley-puerta-monedas.jpg","datePublished":"2025-05-20T11:54:48+00:00","dateModified":"2025-09-17T08:38:10+00:00","description":"Com fechadura de barril de 1-1\/8 pol. com chave aleat\u00f3ria para seguran\u00e7a da sua porta de moedas. ESTA FECHADURA N\u00c3O SE ENCAIXA NA PORTA DE MOEDAS DE PL\u00c1STICO MAIS FINO DYNAMO, APENAS NAS PORTAS DE MOEDAS WOODEN VALLEY Sobre os fechos: utilizamos estes fechos na produ\u00e7\u00e3o de novas mesas todos os dias sem problemas de encaixe. As portas e os laminados atuais podem ser um pouco mais finos do que nas mesas mais antigas, e as fechaduras atuais podem ter um pouco menos de roscas do que as utilizadas nas mesas mais antigas. O comprimento do bloqueio permanece inalterado. A utiliza\u00e7\u00e3o de fechaduras atuais em mesas antigas pode exigir um pouco de trabalho com uma ferramenta rotativa manual no interior da porta para permitir um encaixe adequado.","breadcrumb":{"@id":"https:\/\/theworldbilliards.com\/pt-pt\/produto\/fechadura-com-chave-valley-porta-moedas\/#breadcrumb"},"inLanguage":"pt-PT","potentialAction":[{"@type":"ReadAction","target":["https:\/\/theworldbilliards.com\/pt-pt\/produto\/fechadura-com-chave-valley-porta-moedas\/"]}]},{"@type":"ImageObject","inLanguage":"pt-PT","@id":"https:\/\/theworldbilliards.com\/pt-pt\/produto\/fechadura-com-chave-valley-porta-moedas\/#primaryimage","url":"https:\/\/theworldbilliards.com\/wp-content\/uploads\/2025\/05\/cerradura-valley-puerta-monedas.jpg","contentUrl":"https:\/\/theworldbilliards.com\/wp-content\/uploads\/2025\/05\/cerradura-valley-puerta-monedas.jpg","width":407,"height":407},{"@type":"BreadcrumbList","@id":"https:\/\/theworldbilliards.com\/pt-pt\/produto\/fechadura-com-chave-valley-porta-moedas\/#breadcrumb","itemListElement":[{"@type":"ListItem","position":1,"name":"In\u00edcio","item":"https:\/\/theworldbilliards.com\/pt-pt\/"},{"@type":"ListItem","position":2,"name":"Loja online","item":"https:\/\/theworldbilliards.com\/pt-pt\/loja-theworldbilliards\/"},{"@type":"ListItem","position":3,"name":"Fechadura com chave Valley porta-moedas"}]},{"@type":"WebSite","@id":"https:\/\/theworldbilliards.com\/pt-pt\/#website","url":"https:\/\/theworldbilliards.com\/pt-pt\/","name":"TheWorldBilliards","description":"Compre aqui bilhar, matraquilho, t\u00eanis de mesa e bowling","publisher":{"@id":"https:\/\/theworldbilliards.com\/pt-pt\/#organization"},"alternateName":"The world billiards","potentialAction":[{"@type":"SearchAction","target":{"@type":"EntryPoint","urlTemplate":"https:\/\/theworldbilliards.com\/pt-pt\/?s={search_term_string}"},"query-input":{"@type":"PropertyValueSpecification","valueRequired":true,"valueName":"search_term_string"}}],"inLanguage":"pt-PT"},{"@type":"Organization","@id":"https:\/\/theworldbilliards.com\/pt-pt\/#organization","name":"The World Billiards","alternateName":"The World Billiards","url":"https:\/\/theworldbilliards.com\/pt-pt\/","logo":{"@type":"ImageObject","inLanguage":"pt-PT","@id":"https:\/\/theworldbilliards.com\/pt-pt\/#\/schema\/logo\/image\/","url":"","contentUrl":"","caption":"The World Billiards"},"image":{"@id":"https:\/\/theworldbilliards.com\/pt-pt\/#\/schema\/logo\/image\/"},"sameAs":["https:\/\/www.facebook.com\/baby.foot.superbes","https:\/\/www.youtube.com\/channel\/UCIMuOVAaUcH6UpZcsZlH0Tg","https:\/\/www.facebook.com\/people\/Brunswick-Billiards-EspaaPortugal\/100066446264309\/","https:\/\/www.instagram.com\/the_world_billiards\/","https:\/\/www.pinterest.es\/Theworldbilliards\/"]}]}},"_links":{"self":[{"href":"https:\/\/theworldbilliards.com\/pt-pt\/wp-json\/wp\/v2\/product\/107406","targetHints":{"allow":["GET"]}}],"collection":[{"href":"https:\/\/theworldbilliards.com\/pt-pt\/wp-json\/wp\/v2\/product"}],"about":[{"href":"https:\/\/theworldbilliards.com\/pt-pt\/wp-json\/wp\/v2\/types\/product"}],"wp:featuredmedia":[{"embeddable":true,"href":"https:\/\/theworldbilliards.com\/pt-pt\/wp-json\/wp\/v2\/media\/107412"}],"wp:attachment":[{"href":"https:\/\/theworldbilliards.com\/pt-pt\/wp-json\/wp\/v2\/media?parent=107406"}],"wp:term":[{"taxonomy":"product_brand","embeddable":true,"href":"https:\/\/theworldbilliards.com\/pt-pt\/wp-json\/wp\/v2\/product_brand?post=107406"},{"taxonomy":"product_cat","embeddable":true,"href":"https:\/\/theworldbilliards.com\/pt-pt\/wp-json\/wp\/v2\/product_cat?post=107406"},{"taxonomy":"product_tag","embeddable":true,"href":"https:\/\/theworldbilliards.com\/pt-pt\/wp-json\/wp\/v2\/product_tag?post=107406"}],"curies":[{"name":"wp","href":"https:\/\/api.w.org\/{rel}","templated":true}]}}