{"id":107507,"date":"2025-06-09T12:32:12","date_gmt":"2025-06-09T10:32:12","guid":{"rendered":"https:\/\/theworldbilliards.com\/?post_type=product&#038;p=107507"},"modified":"2025-06-09T13:21:15","modified_gmt":"2025-06-09T11:21:15","slug":"mesa-de-tenis-de-mesa-cornilleau-park-outdoor-institutional","status":"publish","type":"product","link":"https:\/\/theworldbilliards.com\/pt-pt\/produto\/mesa-de-tenis-de-mesa-cornilleau-park-outdoor-institutional\/","title":{"rendered":"Mesa de Tenis de mesa Cornilleau Park Outdoor Institutional"},"content":{"rendered":"<p>Mesas de t\u00e9nis de mesa institucionais para \u00e1reas exteriores<br \/>\nAdequadas para escolas, parques, hot\u00e9is, parques de campismo, etc.<br \/>\nCor da superf\u00edcie de jogo: cinzento<br \/>\nF\u00e1cil de limpar<br \/>\nMaterial da estrutura: Aluzinco<br \/>\nEspessura da estrutura: 70 mm<br \/>\nMaterial do tampo: laminado de resina<br \/>\nEspessura do tampo: 9 mm<br \/>\n\u00d3tima qualidade de ressalto e controlo preciso da bola<br \/>\nRevestimento anti-reflexo MATTOP<br \/>\nMaterial das pernas: a\u00e7o galvanizado<br \/>\nDimens\u00f5es das pernas: 90 mm<br \/>\nQuatro cantos de prote\u00e7\u00e3o arredondados integrados<br \/>\nRede de a\u00e7o galvanizado<br \/>\nDimens\u00f5es da mesa: 274 x 152,5 x 76 cm<br \/>\nPeso da mesa: 150 kg<br \/>\nClasse (norma europeia) EN 14468 &#8211; CLASSE B \/ EN 15312<br \/>\nAprovado pela FFTT (alta qualidade) para uso recreativo e escolar<br \/>\nAprovado para cadeirantes<\/p>\n<p>Fornecido sem acess\u00f3rios<\/p>\n","protected":false},"excerpt":{"rendered":"<p>Mesas de t\u00e9nis de mesa institucionais para \u00e1reas exteriores Adequadas para escolas, parques, hot\u00e9is, parques de campismo, etc. Cor da [&hellip;]<\/p>\n","protected":false},"featured_media":107511,"template":"","meta":{"site-sidebar-layout":"default","site-content-layout":"","ast-site-content-layout":"default","site-content-style":"default","site-sidebar-style":"default","ast-global-header-display":"","ast-banner-title-visibility":"","ast-main-header-display":"","ast-hfb-above-header-display":"","ast-hfb-below-header-display":"","ast-hfb-mobile-header-display":"","site-post-title":"","ast-breadcrumbs-content":"","ast-featured-img":"","footer-sml-layout":"","ast-disable-related-posts":"","theme-transparent-header-meta":"default","adv-header-id-meta":"","stick-header-meta":"","header-above-stick-meta":"","header-main-stick-meta":"","header-below-stick-meta":"","astra-migrate-meta-layouts":"default","ast-page-background-enabled":"default","ast-page-background-meta":{"desktop":{"background-color":"var(--ast-global-color-4)","background-image":"","background-repeat":"repeat","background-position":"center center","background-size":"auto","background-attachment":"scroll","background-type":"","background-media":"","overlay-type":"","overlay-color":"","overlay-opacity":"","overlay-gradient":""},"tablet":{"background-color":"","background-image":"","background-repeat":"repeat","background-position":"center center","background-size":"auto","background-attachment":"scroll","background-type":"","background-media":"","overlay-type":"","overlay-color":"","overlay-opacity":"","overlay-gradient":""},"mobile":{"background-color":"","background-image":"","background-repeat":"repeat","background-position":"center center","background-size":"auto","background-attachment":"scroll","background-type":"","background-media":"","overlay-type":"","overlay-color":"","overlay-opacity":"","overlay-gradient":""}},"ast-content-background-meta":{"desktop":{"background-color":"var(--ast-global-color-5)","background-image":"","background-repeat":"repeat","background-position":"center center","background-size":"auto","background-attachment":"scroll","background-type":"","background-media":"","overlay-type":"","overlay-color":"","overlay-opacity":"","overlay-gradient":""},"tablet":{"background-color":"var(--ast-global-color-5)","background-image":"","background-repeat":"repeat","background-position":"center center","background-size":"auto","background-attachment":"scroll","background-type":"","background-media":"","overlay-type":"","overlay-color":"","overlay-opacity":"","overlay-gradient":""},"mobile":{"background-color":"var(--ast-global-color-5)","background-image":"","background-repeat":"repeat","background-position":"center center","background-size":"auto","background-attachment":"scroll","background-type":"","background-media":"","overlay-type":"","overlay-color":"","overlay-opacity":"","overlay-gradient":""}}},"product_brand":[5281],"product_cat":[3447,5305],"product_tag":[],"class_list":{"0":"post-107507","1":"product","2":"type-product","3":"status-publish","4":"has-post-thumbnail","6":"product_brand-cornilleau-pt-pt","7":"product_cat-jogos-de-exterior","8":"product_cat-mesas-de-tenis-de-mesa-pt-pt","9":"product_shipping_class-bilhares","10":"desktop-align-center","11":"tablet-align-left","12":"mobile-align-left","14":"first","15":"onbackorder","16":"taxable","17":"shipping-taxable","18":"purchasable","19":"product-type-simple"},"yoast_head":"<!-- This site is optimized with the Yoast SEO plugin v27.5 - https:\/\/yoast.com\/product\/yoast-seo-wordpress\/ -->\n<title>Mesa de Tenis de mesa Cornilleau Park Outdoor Institutional - The World Billiards<\/title>\n<meta name=\"description\" content=\"Mesas de t\u00e9nis de mesa institucionais para \u00e1reas exteriores Adequadas para escolas, parques, hot\u00e9is, parques de campismo, etc. Cor da superf\u00edcie de jogo: cinzento F\u00e1cil de limpar Material da estrutura: Aluzinco Espessura da estrutura: 70 mm Material do tampo: laminado de resina Espessura do tampo: 9 mm \u00d3tima qualidade de ressalto e controlo preciso da bola Revestimento anti-reflexo MATTOP Material das pernas: a\u00e7o galvanizado Dimens\u00f5es das pernas: 90 mm Quatro cantos de prote\u00e7\u00e3o arredondados integrados Rede de a\u00e7o galvanizado Dimens\u00f5es da mesa: 274 x 152,5 x 76 cm Peso da mesa: 150 kg Classe (norma europeia) EN 14468 - CLASSE B \/ EN 15312 Aprovado pela FFTT (alta qualidade) para uso recreativo e escolar Aprovado para cadeirantes  Fornecido sem acess\u00f3rios\" \/>\n<meta name=\"robots\" content=\"index, follow, max-snippet:-1, max-image-preview:large, max-video-preview:-1\" \/>\n<link rel=\"canonical\" href=\"https:\/\/theworldbilliards.com\/pt-pt\/produto\/mesa-de-tenis-de-mesa-cornilleau-park-outdoor-institutional\/\" \/>\n<meta property=\"og:locale\" content=\"pt_PT\" \/>\n<meta property=\"og:type\" content=\"article\" \/>\n<meta property=\"og:title\" content=\"Mesa de Tenis de mesa Cornilleau Park Outdoor Institutional - The World Billiards\" \/>\n<meta property=\"og:description\" content=\"Mesas de t\u00e9nis de mesa institucionais para \u00e1reas exteriores Adequadas para escolas, parques, hot\u00e9is, parques de campismo, etc. Cor da superf\u00edcie de jogo: cinzento F\u00e1cil de limpar Material da estrutura: Aluzinco Espessura da estrutura: 70 mm Material do tampo: laminado de resina Espessura do tampo: 9 mm \u00d3tima qualidade de ressalto e controlo preciso da bola Revestimento anti-reflexo MATTOP Material das pernas: a\u00e7o galvanizado Dimens\u00f5es das pernas: 90 mm Quatro cantos de prote\u00e7\u00e3o arredondados integrados Rede de a\u00e7o galvanizado Dimens\u00f5es da mesa: 274 x 152,5 x 76 cm Peso da mesa: 150 kg Classe (norma europeia) EN 14468 - CLASSE B \/ EN 15312 Aprovado pela FFTT (alta qualidade) para uso recreativo e escolar Aprovado para cadeirantes  Fornecido sem acess\u00f3rios\" \/>\n<meta property=\"og:url\" content=\"https:\/\/theworldbilliards.com\/pt-pt\/produto\/mesa-de-tenis-de-mesa-cornilleau-park-outdoor-institutional\/\" \/>\n<meta property=\"og:site_name\" content=\"The World Billiards\" \/>\n<meta property=\"article:publisher\" content=\"https:\/\/www.facebook.com\/baby.foot.superbes\" \/>\n<meta property=\"article:modified_time\" content=\"2025-06-09T11:21:15+00:00\" \/>\n<meta property=\"og:image\" content=\"https:\/\/theworldbilliards.com\/wp-content\/uploads\/2025\/06\/Cornilleau-Outdoor-Park.jpg\" \/>\n\t<meta property=\"og:image:width\" content=\"1200\" \/>\n\t<meta property=\"og:image:height\" content=\"1200\" \/>\n\t<meta property=\"og:image:type\" content=\"image\/jpeg\" \/>\n<meta name=\"twitter:card\" content=\"summary_large_image\" \/>\n<script type=\"application\/ld+json\" class=\"yoast-schema-graph\">{\"@context\":\"https:\\\/\\\/schema.org\",\"@graph\":[{\"@type\":\"WebPage\",\"@id\":\"https:\\\/\\\/theworldbilliards.com\\\/pt-pt\\\/produto\\\/mesa-de-tenis-de-mesa-cornilleau-park-outdoor-institutional\\\/\",\"url\":\"https:\\\/\\\/theworldbilliards.com\\\/pt-pt\\\/produto\\\/mesa-de-tenis-de-mesa-cornilleau-park-outdoor-institutional\\\/\",\"name\":\"Mesa de Tenis de mesa Cornilleau Park Outdoor Institutional - The World Billiards\",\"isPartOf\":{\"@id\":\"https:\\\/\\\/theworldbilliards.com\\\/pt-pt\\\/#website\"},\"primaryImageOfPage\":{\"@id\":\"https:\\\/\\\/theworldbilliards.com\\\/pt-pt\\\/produto\\\/mesa-de-tenis-de-mesa-cornilleau-park-outdoor-institutional\\\/#primaryimage\"},\"image\":{\"@id\":\"https:\\\/\\\/theworldbilliards.com\\\/pt-pt\\\/produto\\\/mesa-de-tenis-de-mesa-cornilleau-park-outdoor-institutional\\\/#primaryimage\"},\"thumbnailUrl\":\"https:\\\/\\\/theworldbilliards.com\\\/wp-content\\\/uploads\\\/2025\\\/06\\\/Cornilleau-Outdoor-Park.jpg\",\"datePublished\":\"2025-06-09T10:32:12+00:00\",\"dateModified\":\"2025-06-09T11:21:15+00:00\",\"description\":\"Mesas de t\u00e9nis de mesa institucionais para \u00e1reas exteriores Adequadas para escolas, parques, hot\u00e9is, parques de campismo, etc. Cor da superf\u00edcie de jogo: cinzento F\u00e1cil de limpar Material da estrutura: Aluzinco Espessura da estrutura: 70 mm Material do tampo: laminado de resina Espessura do tampo: 9 mm \u00d3tima qualidade de ressalto e controlo preciso da bola Revestimento anti-reflexo MATTOP Material das pernas: a\u00e7o galvanizado Dimens\u00f5es das pernas: 90 mm Quatro cantos de prote\u00e7\u00e3o arredondados integrados Rede de a\u00e7o galvanizado Dimens\u00f5es da mesa: 274 x 152,5 x 76 cm Peso da mesa: 150 kg Classe (norma europeia) EN 14468 - CLASSE B \\\/ EN 15312 Aprovado pela FFTT (alta qualidade) para uso recreativo e escolar Aprovado para cadeirantes Fornecido sem acess\u00f3rios\",\"breadcrumb\":{\"@id\":\"https:\\\/\\\/theworldbilliards.com\\\/pt-pt\\\/produto\\\/mesa-de-tenis-de-mesa-cornilleau-park-outdoor-institutional\\\/#breadcrumb\"},\"inLanguage\":\"pt-PT\",\"potentialAction\":[{\"@type\":\"ReadAction\",\"target\":[\"https:\\\/\\\/theworldbilliards.com\\\/pt-pt\\\/produto\\\/mesa-de-tenis-de-mesa-cornilleau-park-outdoor-institutional\\\/\"]}]},{\"@type\":\"ImageObject\",\"inLanguage\":\"pt-PT\",\"@id\":\"https:\\\/\\\/theworldbilliards.com\\\/pt-pt\\\/produto\\\/mesa-de-tenis-de-mesa-cornilleau-park-outdoor-institutional\\\/#primaryimage\",\"url\":\"https:\\\/\\\/theworldbilliards.com\\\/wp-content\\\/uploads\\\/2025\\\/06\\\/Cornilleau-Outdoor-Park.jpg\",\"contentUrl\":\"https:\\\/\\\/theworldbilliards.com\\\/wp-content\\\/uploads\\\/2025\\\/06\\\/Cornilleau-Outdoor-Park.jpg\",\"width\":1200,\"height\":1200},{\"@type\":\"BreadcrumbList\",\"@id\":\"https:\\\/\\\/theworldbilliards.com\\\/pt-pt\\\/produto\\\/mesa-de-tenis-de-mesa-cornilleau-park-outdoor-institutional\\\/#breadcrumb\",\"itemListElement\":[{\"@type\":\"ListItem\",\"position\":1,\"name\":\"In\u00edcio\",\"item\":\"https:\\\/\\\/theworldbilliards.com\\\/pt-pt\\\/\"},{\"@type\":\"ListItem\",\"position\":2,\"name\":\"Loja online\",\"item\":\"https:\\\/\\\/theworldbilliards.com\\\/pt-pt\\\/loja-theworldbilliards\\\/\"},{\"@type\":\"ListItem\",\"position\":3,\"name\":\"Mesa de Tenis de mesa Cornilleau Park Outdoor Institutional\"}]},{\"@type\":\"WebSite\",\"@id\":\"https:\\\/\\\/theworldbilliards.com\\\/pt-pt\\\/#website\",\"url\":\"https:\\\/\\\/theworldbilliards.com\\\/pt-pt\\\/\",\"name\":\"TheWorldBilliards\",\"description\":\"Compre aqui bilhar, matraquilho, t\u00eanis de mesa e bowling\",\"publisher\":{\"@id\":\"https:\\\/\\\/theworldbilliards.com\\\/pt-pt\\\/#organization\"},\"alternateName\":\"The world billiards\",\"potentialAction\":[{\"@type\":\"SearchAction\",\"target\":{\"@type\":\"EntryPoint\",\"urlTemplate\":\"https:\\\/\\\/theworldbilliards.com\\\/pt-pt\\\/?s={search_term_string}\"},\"query-input\":{\"@type\":\"PropertyValueSpecification\",\"valueRequired\":true,\"valueName\":\"search_term_string\"}}],\"inLanguage\":\"pt-PT\"},{\"@type\":\"Organization\",\"@id\":\"https:\\\/\\\/theworldbilliards.com\\\/pt-pt\\\/#organization\",\"name\":\"The World Billiards\",\"alternateName\":\"The World Billiards\",\"url\":\"https:\\\/\\\/theworldbilliards.com\\\/pt-pt\\\/\",\"logo\":{\"@type\":\"ImageObject\",\"inLanguage\":\"pt-PT\",\"@id\":\"https:\\\/\\\/theworldbilliards.com\\\/pt-pt\\\/#\\\/schema\\\/logo\\\/image\\\/\",\"url\":\"\",\"contentUrl\":\"\",\"caption\":\"The World Billiards\"},\"image\":{\"@id\":\"https:\\\/\\\/theworldbilliards.com\\\/pt-pt\\\/#\\\/schema\\\/logo\\\/image\\\/\"},\"sameAs\":[\"https:\\\/\\\/www.facebook.com\\\/baby.foot.superbes\",\"https:\\\/\\\/www.youtube.com\\\/channel\\\/UCIMuOVAaUcH6UpZcsZlH0Tg\",\"https:\\\/\\\/www.facebook.com\\\/people\\\/Brunswick-Billiards-EspaaPortugal\\\/100066446264309\\\/\",\"https:\\\/\\\/www.instagram.com\\\/the_world_billiards\\\/\",\"https:\\\/\\\/www.pinterest.es\\\/Theworldbilliards\\\/\"]}]}<\/script>\n<!-- \/ Yoast SEO plugin. -->","yoast_head_json":{"title":"Mesa de Tenis de mesa Cornilleau Park Outdoor Institutional - The World Billiards","description":"Mesas de t\u00e9nis de mesa institucionais para \u00e1reas exteriores Adequadas para escolas, parques, hot\u00e9is, parques de campismo, etc. Cor da superf\u00edcie de jogo: cinzento F\u00e1cil de limpar Material da estrutura: Aluzinco Espessura da estrutura: 70 mm Material do tampo: laminado de resina Espessura do tampo: 9 mm \u00d3tima qualidade de ressalto e controlo preciso da bola Revestimento anti-reflexo MATTOP Material das pernas: a\u00e7o galvanizado Dimens\u00f5es das pernas: 90 mm Quatro cantos de prote\u00e7\u00e3o arredondados integrados Rede de a\u00e7o galvanizado Dimens\u00f5es da mesa: 274 x 152,5 x 76 cm Peso da mesa: 150 kg Classe (norma europeia) EN 14468 - CLASSE B \/ EN 15312 Aprovado pela FFTT (alta qualidade) para uso recreativo e escolar Aprovado para cadeirantes  Fornecido sem acess\u00f3rios","robots":{"index":"index","follow":"follow","max-snippet":"max-snippet:-1","max-image-preview":"max-image-preview:large","max-video-preview":"max-video-preview:-1"},"canonical":"https:\/\/theworldbilliards.com\/pt-pt\/produto\/mesa-de-tenis-de-mesa-cornilleau-park-outdoor-institutional\/","og_locale":"pt_PT","og_type":"article","og_title":"Mesa de Tenis de mesa Cornilleau Park Outdoor Institutional - The World Billiards","og_description":"Mesas de t\u00e9nis de mesa institucionais para \u00e1reas exteriores Adequadas para escolas, parques, hot\u00e9is, parques de campismo, etc. Cor da superf\u00edcie de jogo: cinzento F\u00e1cil de limpar Material da estrutura: Aluzinco Espessura da estrutura: 70 mm Material do tampo: laminado de resina Espessura do tampo: 9 mm \u00d3tima qualidade de ressalto e controlo preciso da bola Revestimento anti-reflexo MATTOP Material das pernas: a\u00e7o galvanizado Dimens\u00f5es das pernas: 90 mm Quatro cantos de prote\u00e7\u00e3o arredondados integrados Rede de a\u00e7o galvanizado Dimens\u00f5es da mesa: 274 x 152,5 x 76 cm Peso da mesa: 150 kg Classe (norma europeia) EN 14468 - CLASSE B \/ EN 15312 Aprovado pela FFTT (alta qualidade) para uso recreativo e escolar Aprovado para cadeirantes  Fornecido sem acess\u00f3rios","og_url":"https:\/\/theworldbilliards.com\/pt-pt\/produto\/mesa-de-tenis-de-mesa-cornilleau-park-outdoor-institutional\/","og_site_name":"The World Billiards","article_publisher":"https:\/\/www.facebook.com\/baby.foot.superbes","article_modified_time":"2025-06-09T11:21:15+00:00","og_image":[{"width":1200,"height":1200,"url":"https:\/\/theworldbilliards.com\/wp-content\/uploads\/2025\/06\/Cornilleau-Outdoor-Park.jpg","type":"image\/jpeg"}],"twitter_card":"summary_large_image","schema":{"@context":"https:\/\/schema.org","@graph":[{"@type":"WebPage","@id":"https:\/\/theworldbilliards.com\/pt-pt\/produto\/mesa-de-tenis-de-mesa-cornilleau-park-outdoor-institutional\/","url":"https:\/\/theworldbilliards.com\/pt-pt\/produto\/mesa-de-tenis-de-mesa-cornilleau-park-outdoor-institutional\/","name":"Mesa de Tenis de mesa Cornilleau Park Outdoor Institutional - The World Billiards","isPartOf":{"@id":"https:\/\/theworldbilliards.com\/pt-pt\/#website"},"primaryImageOfPage":{"@id":"https:\/\/theworldbilliards.com\/pt-pt\/produto\/mesa-de-tenis-de-mesa-cornilleau-park-outdoor-institutional\/#primaryimage"},"image":{"@id":"https:\/\/theworldbilliards.com\/pt-pt\/produto\/mesa-de-tenis-de-mesa-cornilleau-park-outdoor-institutional\/#primaryimage"},"thumbnailUrl":"https:\/\/theworldbilliards.com\/wp-content\/uploads\/2025\/06\/Cornilleau-Outdoor-Park.jpg","datePublished":"2025-06-09T10:32:12+00:00","dateModified":"2025-06-09T11:21:15+00:00","description":"Mesas de t\u00e9nis de mesa institucionais para \u00e1reas exteriores Adequadas para escolas, parques, hot\u00e9is, parques de campismo, etc. Cor da superf\u00edcie de jogo: cinzento F\u00e1cil de limpar Material da estrutura: Aluzinco Espessura da estrutura: 70 mm Material do tampo: laminado de resina Espessura do tampo: 9 mm \u00d3tima qualidade de ressalto e controlo preciso da bola Revestimento anti-reflexo MATTOP Material das pernas: a\u00e7o galvanizado Dimens\u00f5es das pernas: 90 mm Quatro cantos de prote\u00e7\u00e3o arredondados integrados Rede de a\u00e7o galvanizado Dimens\u00f5es da mesa: 274 x 152,5 x 76 cm Peso da mesa: 150 kg Classe (norma europeia) EN 14468 - CLASSE B \/ EN 15312 Aprovado pela FFTT (alta qualidade) para uso recreativo e escolar Aprovado para cadeirantes Fornecido sem acess\u00f3rios","breadcrumb":{"@id":"https:\/\/theworldbilliards.com\/pt-pt\/produto\/mesa-de-tenis-de-mesa-cornilleau-park-outdoor-institutional\/#breadcrumb"},"inLanguage":"pt-PT","potentialAction":[{"@type":"ReadAction","target":["https:\/\/theworldbilliards.com\/pt-pt\/produto\/mesa-de-tenis-de-mesa-cornilleau-park-outdoor-institutional\/"]}]},{"@type":"ImageObject","inLanguage":"pt-PT","@id":"https:\/\/theworldbilliards.com\/pt-pt\/produto\/mesa-de-tenis-de-mesa-cornilleau-park-outdoor-institutional\/#primaryimage","url":"https:\/\/theworldbilliards.com\/wp-content\/uploads\/2025\/06\/Cornilleau-Outdoor-Park.jpg","contentUrl":"https:\/\/theworldbilliards.com\/wp-content\/uploads\/2025\/06\/Cornilleau-Outdoor-Park.jpg","width":1200,"height":1200},{"@type":"BreadcrumbList","@id":"https:\/\/theworldbilliards.com\/pt-pt\/produto\/mesa-de-tenis-de-mesa-cornilleau-park-outdoor-institutional\/#breadcrumb","itemListElement":[{"@type":"ListItem","position":1,"name":"In\u00edcio","item":"https:\/\/theworldbilliards.com\/pt-pt\/"},{"@type":"ListItem","position":2,"name":"Loja online","item":"https:\/\/theworldbilliards.com\/pt-pt\/loja-theworldbilliards\/"},{"@type":"ListItem","position":3,"name":"Mesa de Tenis de mesa Cornilleau Park Outdoor Institutional"}]},{"@type":"WebSite","@id":"https:\/\/theworldbilliards.com\/pt-pt\/#website","url":"https:\/\/theworldbilliards.com\/pt-pt\/","name":"TheWorldBilliards","description":"Compre aqui bilhar, matraquilho, t\u00eanis de mesa e bowling","publisher":{"@id":"https:\/\/theworldbilliards.com\/pt-pt\/#organization"},"alternateName":"The world billiards","potentialAction":[{"@type":"SearchAction","target":{"@type":"EntryPoint","urlTemplate":"https:\/\/theworldbilliards.com\/pt-pt\/?s={search_term_string}"},"query-input":{"@type":"PropertyValueSpecification","valueRequired":true,"valueName":"search_term_string"}}],"inLanguage":"pt-PT"},{"@type":"Organization","@id":"https:\/\/theworldbilliards.com\/pt-pt\/#organization","name":"The World Billiards","alternateName":"The World Billiards","url":"https:\/\/theworldbilliards.com\/pt-pt\/","logo":{"@type":"ImageObject","inLanguage":"pt-PT","@id":"https:\/\/theworldbilliards.com\/pt-pt\/#\/schema\/logo\/image\/","url":"","contentUrl":"","caption":"The World Billiards"},"image":{"@id":"https:\/\/theworldbilliards.com\/pt-pt\/#\/schema\/logo\/image\/"},"sameAs":["https:\/\/www.facebook.com\/baby.foot.superbes","https:\/\/www.youtube.com\/channel\/UCIMuOVAaUcH6UpZcsZlH0Tg","https:\/\/www.facebook.com\/people\/Brunswick-Billiards-EspaaPortugal\/100066446264309\/","https:\/\/www.instagram.com\/the_world_billiards\/","https:\/\/www.pinterest.es\/Theworldbilliards\/"]}]}},"_links":{"self":[{"href":"https:\/\/theworldbilliards.com\/pt-pt\/wp-json\/wp\/v2\/product\/107507","targetHints":{"allow":["GET"]}}],"collection":[{"href":"https:\/\/theworldbilliards.com\/pt-pt\/wp-json\/wp\/v2\/product"}],"about":[{"href":"https:\/\/theworldbilliards.com\/pt-pt\/wp-json\/wp\/v2\/types\/product"}],"wp:featuredmedia":[{"embeddable":true,"href":"https:\/\/theworldbilliards.com\/pt-pt\/wp-json\/wp\/v2\/media\/107511"}],"wp:attachment":[{"href":"https:\/\/theworldbilliards.com\/pt-pt\/wp-json\/wp\/v2\/media?parent=107507"}],"wp:term":[{"taxonomy":"product_brand","embeddable":true,"href":"https:\/\/theworldbilliards.com\/pt-pt\/wp-json\/wp\/v2\/product_brand?post=107507"},{"taxonomy":"product_cat","embeddable":true,"href":"https:\/\/theworldbilliards.com\/pt-pt\/wp-json\/wp\/v2\/product_cat?post=107507"},{"taxonomy":"product_tag","embeddable":true,"href":"https:\/\/theworldbilliards.com\/pt-pt\/wp-json\/wp\/v2\/product_tag?post=107507"}],"curies":[{"name":"wp","href":"https:\/\/api.w.org\/{rel}","templated":true}]}}