{"id":107752,"date":"2025-06-12T13:40:05","date_gmt":"2025-06-12T11:40:05","guid":{"rendered":"https:\/\/theworldbilliards.com\/?post_type=product&#038;p=107752"},"modified":"2025-10-30T11:58:43","modified_gmt":"2025-10-30T10:58:43","slug":"matraquilho-maracana-elite","status":"publish","type":"product","link":"https:\/\/theworldbilliards.com\/pt-pt\/produto\/matraquilho-maracana-elite\/","title":{"rendered":"Matraquilho Maracan\u00e3 Elite"},"content":{"rendered":"<p>Mesa de Matraquilhos Maracan\u00e3 elite para casa sem moedeiro com tampa de vidro temperado de 4 mm<\/p>\n<p>Fabricada pelos nossos profissionais experientes com mais de 30 anos de experi\u00eancia em produ\u00e7\u00e3o de matraquilhos, com material selecionado nas melhores origens \u00a0que lhe ir\u00e1 proporcionar muitas horas de divers\u00e3o em fam\u00edlia ou mesmo competir em torneios para os verdadeiros aficionados.<\/p>\n<p>Acabamentos de Alta Qualidade<br \/>\nFabricado em Madeira numa unica pe\u00e7a sem dobradi\u00e7as nem cadeados para maior robustez, tendo assim uma vida muito mais longa, esta inova\u00e7\u00e3o \u00e9 um exclusivoThe World Billiards<br \/>\nJogadores de alum\u00ednio refor\u00e7ado \u00e1 maneira antiga, onde os guarda redes t\u00eam chapeu, com a vantagem de ter jogadores individuais, se partir um boneco s\u00f3 tem de repor esse boneco e nao o varao completo com os bonecos todos, tambem um exclusivo The World Billiards<br \/>\nVar\u00f5es calibrados polidos refor\u00e7ados de 15 mm<br \/>\nPunhos em Madeira<\/p>\n<p>Contadores de golos<\/p>\n<p>Dimens\u00f5es dos Matraquilhos: 1,47 m x 0,72 m x 0,92 m [CxLxA]<br \/>\n2 Bolas de madeira ou pvc inclu\u00eddas<\/p>\n<p>&nbsp;<\/p>\n<p>Outras cores de madeira ou jogadores contate-nos<\/p>\n","protected":false},"excerpt":{"rendered":"<p>Mesa de Matraquilhos Maracan\u00e3 elite para casa sem moedeiro com tampa de vidro temperado de 4 mm Fabricada pelos nossos [&hellip;]<\/p>\n","protected":false},"featured_media":107764,"template":"","meta":{"site-sidebar-layout":"default","site-content-layout":"","ast-site-content-layout":"default","site-content-style":"default","site-sidebar-style":"default","ast-global-header-display":"","ast-banner-title-visibility":"","ast-main-header-display":"","ast-hfb-above-header-display":"","ast-hfb-below-header-display":"","ast-hfb-mobile-header-display":"","site-post-title":"","ast-breadcrumbs-content":"","ast-featured-img":"","footer-sml-layout":"","ast-disable-related-posts":"","theme-transparent-header-meta":"default","adv-header-id-meta":"","stick-header-meta":"","header-above-stick-meta":"","header-main-stick-meta":"","header-below-stick-meta":"","astra-migrate-meta-layouts":"default","ast-page-background-enabled":"default","ast-page-background-meta":{"desktop":{"background-color":"var(--ast-global-color-4)","background-image":"","background-repeat":"repeat","background-position":"center center","background-size":"auto","background-attachment":"scroll","background-type":"","background-media":"","overlay-type":"","overlay-color":"","overlay-opacity":"","overlay-gradient":""},"tablet":{"background-color":"","background-image":"","background-repeat":"repeat","background-position":"center center","background-size":"auto","background-attachment":"scroll","background-type":"","background-media":"","overlay-type":"","overlay-color":"","overlay-opacity":"","overlay-gradient":""},"mobile":{"background-color":"","background-image":"","background-repeat":"repeat","background-position":"center center","background-size":"auto","background-attachment":"scroll","background-type":"","background-media":"","overlay-type":"","overlay-color":"","overlay-opacity":"","overlay-gradient":""}},"ast-content-background-meta":{"desktop":{"background-color":"var(--ast-global-color-5)","background-image":"","background-repeat":"repeat","background-position":"center center","background-size":"auto","background-attachment":"scroll","background-type":"","background-media":"","overlay-type":"","overlay-color":"","overlay-opacity":"","overlay-gradient":""},"tablet":{"background-color":"var(--ast-global-color-5)","background-image":"","background-repeat":"repeat","background-position":"center center","background-size":"auto","background-attachment":"scroll","background-type":"","background-media":"","overlay-type":"","overlay-color":"","overlay-opacity":"","overlay-gradient":""},"mobile":{"background-color":"var(--ast-global-color-5)","background-image":"","background-repeat":"repeat","background-position":"center center","background-size":"auto","background-attachment":"scroll","background-type":"","background-media":"","overlay-type":"","overlay-color":"","overlay-opacity":"","overlay-gradient":""}}},"product_brand":[5219],"product_cat":[1124],"product_tag":[],"class_list":{"0":"post-107752","1":"product","2":"type-product","3":"status-publish","4":"has-post-thumbnail","6":"product_brand-twb-the-world-billiards-pt-pt","7":"product_cat-matraquilhos-sem-moedeiro","8":"product_shipping_class-matraquilhos","9":"desktop-align-center","10":"tablet-align-left","11":"mobile-align-left","13":"first","14":"instock","15":"sale","16":"taxable","17":"shipping-taxable","18":"purchasable","19":"product-type-simple"},"yoast_head":"<!-- This site is optimized with the Yoast SEO plugin v27.4 - https:\/\/yoast.com\/product\/yoast-seo-wordpress\/ -->\n<title>Matraquilho Maracan\u00e3 Elite - The World Billiards<\/title>\n<meta name=\"description\" content=\"Mesa de Matraquilhos Maracan\u00e3 elite para casa sem moedeiro com tampa de vidro temperado de 4 mm  Fabricada pelos nossos profissionais experientes com mais de 30 anos de experi\u00eancia em produ\u00e7\u00e3o de matraquilhos, com material selecionado nas melhores origens \u00a0que lhe ir\u00e1 proporcionar muitas horas de divers\u00e3o em fam\u00edlia ou mesmo competir em torneios para os verdadeiros aficionados.  Acabamentos de Alta Qualidade Fabricado em Madeira numa unica pe\u00e7a sem dobradi\u00e7as nem cadeados para maior robustez, tendo assim uma vida muito mais longa, esta inova\u00e7\u00e3o \u00e9 um exclusivoThe World Billiards Jogadores de alum\u00ednio refor\u00e7ado \u00e1 maneira antiga, onde os guarda redes t\u00eam chapeu, com a vantagem de ter jogadores individuais, se partir um boneco s\u00f3 tem de repor esse boneco e nao o varao completo com os bonecos todos, tambem um exclusivo The World Billiards Var\u00f5es calibrados polidos refor\u00e7ados de 15 mm Punhos em Madeira  Contadores de golos  Dimens\u00f5es dos Matraquilhos: 1,47 m x 0,72 m x 0,92 m  2 Bolas de madeira ou pvc inclu\u00eddas  &nbsp;  Outras cores de madeira ou jogadores contate-nos\" \/>\n<meta name=\"robots\" content=\"index, follow, max-snippet:-1, max-image-preview:large, max-video-preview:-1\" \/>\n<link rel=\"canonical\" href=\"https:\/\/theworldbilliards.com\/pt-pt\/produto\/matraquilho-maracana-elite\/\" \/>\n<meta property=\"og:locale\" content=\"pt_PT\" \/>\n<meta property=\"og:type\" content=\"article\" \/>\n<meta property=\"og:title\" content=\"Matraquilho Maracan\u00e3 Elite - The World Billiards\" \/>\n<meta property=\"og:description\" content=\"Mesa de Matraquilhos Maracan\u00e3 elite para casa sem moedeiro com tampa de vidro temperado de 4 mm  Fabricada pelos nossos profissionais experientes com mais de 30 anos de experi\u00eancia em produ\u00e7\u00e3o de matraquilhos, com material selecionado nas melhores origens \u00a0que lhe ir\u00e1 proporcionar muitas horas de divers\u00e3o em fam\u00edlia ou mesmo competir em torneios para os verdadeiros aficionados.  Acabamentos de Alta Qualidade Fabricado em Madeira numa unica pe\u00e7a sem dobradi\u00e7as nem cadeados para maior robustez, tendo assim uma vida muito mais longa, esta inova\u00e7\u00e3o \u00e9 um exclusivoThe World Billiards Jogadores de alum\u00ednio refor\u00e7ado \u00e1 maneira antiga, onde os guarda redes t\u00eam chapeu, com a vantagem de ter jogadores individuais, se partir um boneco s\u00f3 tem de repor esse boneco e nao o varao completo com os bonecos todos, tambem um exclusivo The World Billiards Var\u00f5es calibrados polidos refor\u00e7ados de 15 mm Punhos em Madeira  Contadores de golos  Dimens\u00f5es dos Matraquilhos: 1,47 m x 0,72 m x 0,92 m  2 Bolas de madeira ou pvc inclu\u00eddas  &nbsp;  Outras cores de madeira ou jogadores contate-nos\" \/>\n<meta property=\"og:url\" content=\"https:\/\/theworldbilliards.com\/pt-pt\/produto\/matraquilho-maracana-elite\/\" \/>\n<meta property=\"og:site_name\" content=\"The World Billiards\" \/>\n<meta property=\"article:publisher\" content=\"https:\/\/www.facebook.com\/baby.foot.superbes\" \/>\n<meta property=\"article:modified_time\" content=\"2025-10-30T10:58:43+00:00\" \/>\n<meta property=\"og:image\" content=\"https:\/\/theworldbilliards.com\/wp-content\/uploads\/2025\/06\/Maracana-elite.jpg\" \/>\n\t<meta property=\"og:image:width\" content=\"858\" \/>\n\t<meta property=\"og:image:height\" content=\"859\" \/>\n\t<meta property=\"og:image:type\" content=\"image\/jpeg\" \/>\n<meta name=\"twitter:card\" content=\"summary_large_image\" \/>\n<meta name=\"twitter:label1\" content=\"Tempo estimado de leitura\" \/>\n\t<meta name=\"twitter:data1\" content=\"2 minutos\" \/>\n<script type=\"application\/ld+json\" class=\"yoast-schema-graph\">{\"@context\":\"https:\\\/\\\/schema.org\",\"@graph\":[{\"@type\":\"WebPage\",\"@id\":\"https:\\\/\\\/theworldbilliards.com\\\/pt-pt\\\/produto\\\/matraquilho-maracana-elite\\\/\",\"url\":\"https:\\\/\\\/theworldbilliards.com\\\/pt-pt\\\/produto\\\/matraquilho-maracana-elite\\\/\",\"name\":\"Matraquilho Maracan\u00e3 Elite - The World Billiards\",\"isPartOf\":{\"@id\":\"https:\\\/\\\/theworldbilliards.com\\\/pt-pt\\\/#website\"},\"primaryImageOfPage\":{\"@id\":\"https:\\\/\\\/theworldbilliards.com\\\/pt-pt\\\/produto\\\/matraquilho-maracana-elite\\\/#primaryimage\"},\"image\":{\"@id\":\"https:\\\/\\\/theworldbilliards.com\\\/pt-pt\\\/produto\\\/matraquilho-maracana-elite\\\/#primaryimage\"},\"thumbnailUrl\":\"https:\\\/\\\/theworldbilliards.com\\\/wp-content\\\/uploads\\\/2025\\\/06\\\/Maracana-elite.jpg\",\"datePublished\":\"2025-06-12T11:40:05+00:00\",\"dateModified\":\"2025-10-30T10:58:43+00:00\",\"description\":\"Mesa de Matraquilhos Maracan\u00e3 elite para casa sem moedeiro com tampa de vidro temperado de 4 mm Fabricada pelos nossos profissionais experientes com mais de 30 anos de experi\u00eancia em produ\u00e7\u00e3o de matraquilhos, com material selecionado nas melhores origens \u00a0que lhe ir\u00e1 proporcionar muitas horas de divers\u00e3o em fam\u00edlia ou mesmo competir em torneios para os verdadeiros aficionados. Acabamentos de Alta Qualidade Fabricado em Madeira numa unica pe\u00e7a sem dobradi\u00e7as nem cadeados para maior robustez, tendo assim uma vida muito mais longa, esta inova\u00e7\u00e3o \u00e9 um exclusivoThe World Billiards Jogadores de alum\u00ednio refor\u00e7ado \u00e1 maneira antiga, onde os guarda redes t\u00eam chapeu, com a vantagem de ter jogadores individuais, se partir um boneco s\u00f3 tem de repor esse boneco e nao o varao completo com os bonecos todos, tambem um exclusivo The World Billiards Var\u00f5es calibrados polidos refor\u00e7ados de 15 mm Punhos em Madeira Contadores de golos Dimens\u00f5es dos Matraquilhos: 1,47 m x 0,72 m x 0,92 m 2 Bolas de madeira ou pvc inclu\u00eddas &nbsp; Outras cores de madeira ou jogadores contate-nos\",\"breadcrumb\":{\"@id\":\"https:\\\/\\\/theworldbilliards.com\\\/pt-pt\\\/produto\\\/matraquilho-maracana-elite\\\/#breadcrumb\"},\"inLanguage\":\"pt-PT\",\"potentialAction\":[{\"@type\":\"ReadAction\",\"target\":[\"https:\\\/\\\/theworldbilliards.com\\\/pt-pt\\\/produto\\\/matraquilho-maracana-elite\\\/\"]}]},{\"@type\":\"ImageObject\",\"inLanguage\":\"pt-PT\",\"@id\":\"https:\\\/\\\/theworldbilliards.com\\\/pt-pt\\\/produto\\\/matraquilho-maracana-elite\\\/#primaryimage\",\"url\":\"https:\\\/\\\/theworldbilliards.com\\\/wp-content\\\/uploads\\\/2025\\\/06\\\/Maracana-elite.jpg\",\"contentUrl\":\"https:\\\/\\\/theworldbilliards.com\\\/wp-content\\\/uploads\\\/2025\\\/06\\\/Maracana-elite.jpg\",\"width\":858,\"height\":859},{\"@type\":\"BreadcrumbList\",\"@id\":\"https:\\\/\\\/theworldbilliards.com\\\/pt-pt\\\/produto\\\/matraquilho-maracana-elite\\\/#breadcrumb\",\"itemListElement\":[{\"@type\":\"ListItem\",\"position\":1,\"name\":\"In\u00edcio\",\"item\":\"https:\\\/\\\/theworldbilliards.com\\\/pt-pt\\\/\"},{\"@type\":\"ListItem\",\"position\":2,\"name\":\"Loja online\",\"item\":\"https:\\\/\\\/theworldbilliards.com\\\/pt-pt\\\/loja-theworldbilliards\\\/\"},{\"@type\":\"ListItem\",\"position\":3,\"name\":\"Matraquilho Maracan\u00e3 Elite\"}]},{\"@type\":\"WebSite\",\"@id\":\"https:\\\/\\\/theworldbilliards.com\\\/pt-pt\\\/#website\",\"url\":\"https:\\\/\\\/theworldbilliards.com\\\/pt-pt\\\/\",\"name\":\"TheWorldBilliards\",\"description\":\"Compre aqui bilhar, matraquilho, t\u00eanis de mesa e bowling\",\"publisher\":{\"@id\":\"https:\\\/\\\/theworldbilliards.com\\\/pt-pt\\\/#organization\"},\"alternateName\":\"The world billiards\",\"potentialAction\":[{\"@type\":\"SearchAction\",\"target\":{\"@type\":\"EntryPoint\",\"urlTemplate\":\"https:\\\/\\\/theworldbilliards.com\\\/pt-pt\\\/?s={search_term_string}\"},\"query-input\":{\"@type\":\"PropertyValueSpecification\",\"valueRequired\":true,\"valueName\":\"search_term_string\"}}],\"inLanguage\":\"pt-PT\"},{\"@type\":\"Organization\",\"@id\":\"https:\\\/\\\/theworldbilliards.com\\\/pt-pt\\\/#organization\",\"name\":\"The World Billiards\",\"alternateName\":\"The World Billiards\",\"url\":\"https:\\\/\\\/theworldbilliards.com\\\/pt-pt\\\/\",\"logo\":{\"@type\":\"ImageObject\",\"inLanguage\":\"pt-PT\",\"@id\":\"https:\\\/\\\/theworldbilliards.com\\\/pt-pt\\\/#\\\/schema\\\/logo\\\/image\\\/\",\"url\":\"\",\"contentUrl\":\"\",\"caption\":\"The World Billiards\"},\"image\":{\"@id\":\"https:\\\/\\\/theworldbilliards.com\\\/pt-pt\\\/#\\\/schema\\\/logo\\\/image\\\/\"},\"sameAs\":[\"https:\\\/\\\/www.facebook.com\\\/baby.foot.superbes\",\"https:\\\/\\\/www.youtube.com\\\/channel\\\/UCIMuOVAaUcH6UpZcsZlH0Tg\",\"https:\\\/\\\/www.facebook.com\\\/people\\\/Brunswick-Billiards-EspaaPortugal\\\/100066446264309\\\/\",\"https:\\\/\\\/www.instagram.com\\\/the_world_billiards\\\/\",\"https:\\\/\\\/www.pinterest.es\\\/Theworldbilliards\\\/\"]}]}<\/script>\n<!-- \/ Yoast SEO plugin. -->","yoast_head_json":{"title":"Matraquilho Maracan\u00e3 Elite - The World Billiards","description":"Mesa de Matraquilhos Maracan\u00e3 elite para casa sem moedeiro com tampa de vidro temperado de 4 mm  Fabricada pelos nossos profissionais experientes com mais de 30 anos de experi\u00eancia em produ\u00e7\u00e3o de matraquilhos, com material selecionado nas melhores origens \u00a0que lhe ir\u00e1 proporcionar muitas horas de divers\u00e3o em fam\u00edlia ou mesmo competir em torneios para os verdadeiros aficionados.  Acabamentos de Alta Qualidade Fabricado em Madeira numa unica pe\u00e7a sem dobradi\u00e7as nem cadeados para maior robustez, tendo assim uma vida muito mais longa, esta inova\u00e7\u00e3o \u00e9 um exclusivoThe World Billiards Jogadores de alum\u00ednio refor\u00e7ado \u00e1 maneira antiga, onde os guarda redes t\u00eam chapeu, com a vantagem de ter jogadores individuais, se partir um boneco s\u00f3 tem de repor esse boneco e nao o varao completo com os bonecos todos, tambem um exclusivo The World Billiards Var\u00f5es calibrados polidos refor\u00e7ados de 15 mm Punhos em Madeira  Contadores de golos  Dimens\u00f5es dos Matraquilhos: 1,47 m x 0,72 m x 0,92 m  2 Bolas de madeira ou pvc inclu\u00eddas  &nbsp;  Outras cores de madeira ou jogadores contate-nos","robots":{"index":"index","follow":"follow","max-snippet":"max-snippet:-1","max-image-preview":"max-image-preview:large","max-video-preview":"max-video-preview:-1"},"canonical":"https:\/\/theworldbilliards.com\/pt-pt\/produto\/matraquilho-maracana-elite\/","og_locale":"pt_PT","og_type":"article","og_title":"Matraquilho Maracan\u00e3 Elite - The World Billiards","og_description":"Mesa de Matraquilhos Maracan\u00e3 elite para casa sem moedeiro com tampa de vidro temperado de 4 mm  Fabricada pelos nossos profissionais experientes com mais de 30 anos de experi\u00eancia em produ\u00e7\u00e3o de matraquilhos, com material selecionado nas melhores origens \u00a0que lhe ir\u00e1 proporcionar muitas horas de divers\u00e3o em fam\u00edlia ou mesmo competir em torneios para os verdadeiros aficionados.  Acabamentos de Alta Qualidade Fabricado em Madeira numa unica pe\u00e7a sem dobradi\u00e7as nem cadeados para maior robustez, tendo assim uma vida muito mais longa, esta inova\u00e7\u00e3o \u00e9 um exclusivoThe World Billiards Jogadores de alum\u00ednio refor\u00e7ado \u00e1 maneira antiga, onde os guarda redes t\u00eam chapeu, com a vantagem de ter jogadores individuais, se partir um boneco s\u00f3 tem de repor esse boneco e nao o varao completo com os bonecos todos, tambem um exclusivo The World Billiards Var\u00f5es calibrados polidos refor\u00e7ados de 15 mm Punhos em Madeira  Contadores de golos  Dimens\u00f5es dos Matraquilhos: 1,47 m x 0,72 m x 0,92 m  2 Bolas de madeira ou pvc inclu\u00eddas  &nbsp;  Outras cores de madeira ou jogadores contate-nos","og_url":"https:\/\/theworldbilliards.com\/pt-pt\/produto\/matraquilho-maracana-elite\/","og_site_name":"The World Billiards","article_publisher":"https:\/\/www.facebook.com\/baby.foot.superbes","article_modified_time":"2025-10-30T10:58:43+00:00","og_image":[{"width":858,"height":859,"url":"https:\/\/theworldbilliards.com\/wp-content\/uploads\/2025\/06\/Maracana-elite.jpg","type":"image\/jpeg"}],"twitter_card":"summary_large_image","twitter_misc":{"Tempo estimado de leitura":"2 minutos"},"schema":{"@context":"https:\/\/schema.org","@graph":[{"@type":"WebPage","@id":"https:\/\/theworldbilliards.com\/pt-pt\/produto\/matraquilho-maracana-elite\/","url":"https:\/\/theworldbilliards.com\/pt-pt\/produto\/matraquilho-maracana-elite\/","name":"Matraquilho Maracan\u00e3 Elite - The World Billiards","isPartOf":{"@id":"https:\/\/theworldbilliards.com\/pt-pt\/#website"},"primaryImageOfPage":{"@id":"https:\/\/theworldbilliards.com\/pt-pt\/produto\/matraquilho-maracana-elite\/#primaryimage"},"image":{"@id":"https:\/\/theworldbilliards.com\/pt-pt\/produto\/matraquilho-maracana-elite\/#primaryimage"},"thumbnailUrl":"https:\/\/theworldbilliards.com\/wp-content\/uploads\/2025\/06\/Maracana-elite.jpg","datePublished":"2025-06-12T11:40:05+00:00","dateModified":"2025-10-30T10:58:43+00:00","description":"Mesa de Matraquilhos Maracan\u00e3 elite para casa sem moedeiro com tampa de vidro temperado de 4 mm Fabricada pelos nossos profissionais experientes com mais de 30 anos de experi\u00eancia em produ\u00e7\u00e3o de matraquilhos, com material selecionado nas melhores origens \u00a0que lhe ir\u00e1 proporcionar muitas horas de divers\u00e3o em fam\u00edlia ou mesmo competir em torneios para os verdadeiros aficionados. Acabamentos de Alta Qualidade Fabricado em Madeira numa unica pe\u00e7a sem dobradi\u00e7as nem cadeados para maior robustez, tendo assim uma vida muito mais longa, esta inova\u00e7\u00e3o \u00e9 um exclusivoThe World Billiards Jogadores de alum\u00ednio refor\u00e7ado \u00e1 maneira antiga, onde os guarda redes t\u00eam chapeu, com a vantagem de ter jogadores individuais, se partir um boneco s\u00f3 tem de repor esse boneco e nao o varao completo com os bonecos todos, tambem um exclusivo The World Billiards Var\u00f5es calibrados polidos refor\u00e7ados de 15 mm Punhos em Madeira Contadores de golos Dimens\u00f5es dos Matraquilhos: 1,47 m x 0,72 m x 0,92 m 2 Bolas de madeira ou pvc inclu\u00eddas &nbsp; Outras cores de madeira ou jogadores contate-nos","breadcrumb":{"@id":"https:\/\/theworldbilliards.com\/pt-pt\/produto\/matraquilho-maracana-elite\/#breadcrumb"},"inLanguage":"pt-PT","potentialAction":[{"@type":"ReadAction","target":["https:\/\/theworldbilliards.com\/pt-pt\/produto\/matraquilho-maracana-elite\/"]}]},{"@type":"ImageObject","inLanguage":"pt-PT","@id":"https:\/\/theworldbilliards.com\/pt-pt\/produto\/matraquilho-maracana-elite\/#primaryimage","url":"https:\/\/theworldbilliards.com\/wp-content\/uploads\/2025\/06\/Maracana-elite.jpg","contentUrl":"https:\/\/theworldbilliards.com\/wp-content\/uploads\/2025\/06\/Maracana-elite.jpg","width":858,"height":859},{"@type":"BreadcrumbList","@id":"https:\/\/theworldbilliards.com\/pt-pt\/produto\/matraquilho-maracana-elite\/#breadcrumb","itemListElement":[{"@type":"ListItem","position":1,"name":"In\u00edcio","item":"https:\/\/theworldbilliards.com\/pt-pt\/"},{"@type":"ListItem","position":2,"name":"Loja online","item":"https:\/\/theworldbilliards.com\/pt-pt\/loja-theworldbilliards\/"},{"@type":"ListItem","position":3,"name":"Matraquilho Maracan\u00e3 Elite"}]},{"@type":"WebSite","@id":"https:\/\/theworldbilliards.com\/pt-pt\/#website","url":"https:\/\/theworldbilliards.com\/pt-pt\/","name":"TheWorldBilliards","description":"Compre aqui bilhar, matraquilho, t\u00eanis de mesa e bowling","publisher":{"@id":"https:\/\/theworldbilliards.com\/pt-pt\/#organization"},"alternateName":"The world billiards","potentialAction":[{"@type":"SearchAction","target":{"@type":"EntryPoint","urlTemplate":"https:\/\/theworldbilliards.com\/pt-pt\/?s={search_term_string}"},"query-input":{"@type":"PropertyValueSpecification","valueRequired":true,"valueName":"search_term_string"}}],"inLanguage":"pt-PT"},{"@type":"Organization","@id":"https:\/\/theworldbilliards.com\/pt-pt\/#organization","name":"The World Billiards","alternateName":"The World Billiards","url":"https:\/\/theworldbilliards.com\/pt-pt\/","logo":{"@type":"ImageObject","inLanguage":"pt-PT","@id":"https:\/\/theworldbilliards.com\/pt-pt\/#\/schema\/logo\/image\/","url":"","contentUrl":"","caption":"The World Billiards"},"image":{"@id":"https:\/\/theworldbilliards.com\/pt-pt\/#\/schema\/logo\/image\/"},"sameAs":["https:\/\/www.facebook.com\/baby.foot.superbes","https:\/\/www.youtube.com\/channel\/UCIMuOVAaUcH6UpZcsZlH0Tg","https:\/\/www.facebook.com\/people\/Brunswick-Billiards-EspaaPortugal\/100066446264309\/","https:\/\/www.instagram.com\/the_world_billiards\/","https:\/\/www.pinterest.es\/Theworldbilliards\/"]}]}},"_links":{"self":[{"href":"https:\/\/theworldbilliards.com\/pt-pt\/wp-json\/wp\/v2\/product\/107752","targetHints":{"allow":["GET"]}}],"collection":[{"href":"https:\/\/theworldbilliards.com\/pt-pt\/wp-json\/wp\/v2\/product"}],"about":[{"href":"https:\/\/theworldbilliards.com\/pt-pt\/wp-json\/wp\/v2\/types\/product"}],"wp:featuredmedia":[{"embeddable":true,"href":"https:\/\/theworldbilliards.com\/pt-pt\/wp-json\/wp\/v2\/media\/107764"}],"wp:attachment":[{"href":"https:\/\/theworldbilliards.com\/pt-pt\/wp-json\/wp\/v2\/media?parent=107752"}],"wp:term":[{"taxonomy":"product_brand","embeddable":true,"href":"https:\/\/theworldbilliards.com\/pt-pt\/wp-json\/wp\/v2\/product_brand?post=107752"},{"taxonomy":"product_cat","embeddable":true,"href":"https:\/\/theworldbilliards.com\/pt-pt\/wp-json\/wp\/v2\/product_cat?post=107752"},{"taxonomy":"product_tag","embeddable":true,"href":"https:\/\/theworldbilliards.com\/pt-pt\/wp-json\/wp\/v2\/product_tag?post=107752"}],"curies":[{"name":"wp","href":"https:\/\/api.w.org\/{rel}","templated":true}]}}