{"id":107786,"date":"2025-06-13T12:35:02","date_gmt":"2025-06-13T10:35:02","guid":{"rendered":"https:\/\/theworldbilliards.com\/?post_type=product&#038;p=107786"},"modified":"2025-11-03T13:24:49","modified_gmt":"2025-11-03T12:24:49","slug":"giz-brunswick-caixa-de-12-unidades","status":"publish","type":"product","link":"https:\/\/theworldbilliards.com\/pt-pt\/produto\/giz-brunswick-caixa-de-12-unidades\/","title":{"rendered":"Giz Brunswick caixa de 12 unidades"},"content":{"rendered":"<p>Fabricado com areia da mais alta qualidade, extra\u00edda exclusivamente dos Estados Unidos.<br \/>\nO processo de produ\u00e7\u00e3o envolve a adi\u00e7\u00e3o da quantidade certa de humidade e aditivos para garantir a mais alta qualidade do giz de bilhar.<br \/>\nO resultado \u00e9 um giz de bilhar de alta qualidade, macio e f\u00e1cil de aplicar, proporcionando uma excelente ader\u00eancia \u00e0s extremidades dos tacos e reduzindo os erros de taco.<br \/>\nO giz de bilhar est\u00e1 dispon\u00edvel em 12 cores diferentes, permitindo-lhe escolher a cor que melhor se adapta \u00e0s suas prefer\u00eancias e estilo de jogo.<br \/>\nQuer seja um jogador profissional ou casual, este giz de bilhar \u00e9 uma excelente escolha para melhorar o seu jogo e melhorar a sua precis\u00e3o na mesa.<\/p>\n<blockquote class=\"tiktok-embed\" cite=\"https:\/\/www.tiktok.com\/@theworldbilliards.com\/video\/7561777829348642070\" data-video-id=\"7561777829348642070\" data-embed-from=\"oembed\" style=\"max-width:605px; min-width:325px;\">\n<section> <a target=\"_blank\" title=\"@theworldbilliards.com\" href=\"https:\/\/www.tiktok.com\/@theworldbilliards.com?refer=embed\">@theworldbilliards.com<\/a> <\/p>\n<p>Nuevas tizas de billar Brunswick ya en nuestras tiendas. Varios colores disponibles en stock  <a title=\"brunswickbilliards\" target=\"_blank\" href=\"https:\/\/www.tiktok.com\/tag\/brunswickbilliards?refer=embed\">#brunswickbilliards<\/a> <a title=\"billar\" target=\"_blank\" href=\"https:\/\/www.tiktok.com\/tag\/billar?refer=embed\">#billar<\/a> <a title=\"theworldbilliards\" target=\"_blank\" href=\"https:\/\/www.tiktok.com\/tag\/theworldbilliards?refer=embed\">#theworldbilliards<\/a> <a title=\"accesoriosdebillares\" target=\"_blank\" href=\"https:\/\/www.tiktok.com\/tag\/accesoriosdebillares?refer=embed\">#accesoriosdebillares<\/a> <\/p>\n<p> <a target=\"_blank\" title=\"\u266c i want it i got it - Official Sound Studio\" href=\"https:\/\/www.tiktok.com\/music\/i-want-it-i-got-it-7005871610842318850?refer=embed\">\u266c i want it i got it &#8211; Official Sound Studio<\/a> <\/section>\n<\/blockquote>\n<p> <script async src=\"https:\/\/www.tiktok.com\/embed.js\"><\/script><\/p>\n","protected":false},"excerpt":{"rendered":"<p>Fabricado com areia da mais alta qualidade, extra\u00edda exclusivamente dos Estados Unidos. O processo de produ\u00e7\u00e3o envolve a adi\u00e7\u00e3o da [&hellip;]<\/p>\n","protected":false},"featured_media":107792,"template":"","meta":{"site-sidebar-layout":"default","site-content-layout":"","ast-site-content-layout":"default","site-content-style":"default","site-sidebar-style":"default","ast-global-header-display":"","ast-banner-title-visibility":"","ast-main-header-display":"","ast-hfb-above-header-display":"","ast-hfb-below-header-display":"","ast-hfb-mobile-header-display":"","site-post-title":"","ast-breadcrumbs-content":"","ast-featured-img":"","footer-sml-layout":"","ast-disable-related-posts":"","theme-transparent-header-meta":"default","adv-header-id-meta":"","stick-header-meta":"","header-above-stick-meta":"","header-main-stick-meta":"","header-below-stick-meta":"","astra-migrate-meta-layouts":"default","ast-page-background-enabled":"default","ast-page-background-meta":{"desktop":{"background-color":"var(--ast-global-color-4)","background-image":"","background-repeat":"repeat","background-position":"center center","background-size":"auto","background-attachment":"scroll","background-type":"","background-media":"","overlay-type":"","overlay-color":"","overlay-opacity":"","overlay-gradient":""},"tablet":{"background-color":"","background-image":"","background-repeat":"repeat","background-position":"center center","background-size":"auto","background-attachment":"scroll","background-type":"","background-media":"","overlay-type":"","overlay-color":"","overlay-opacity":"","overlay-gradient":""},"mobile":{"background-color":"","background-image":"","background-repeat":"repeat","background-position":"center center","background-size":"auto","background-attachment":"scroll","background-type":"","background-media":"","overlay-type":"","overlay-color":"","overlay-opacity":"","overlay-gradient":""}},"ast-content-background-meta":{"desktop":{"background-color":"var(--ast-global-color-5)","background-image":"","background-repeat":"repeat","background-position":"center center","background-size":"auto","background-attachment":"scroll","background-type":"","background-media":"","overlay-type":"","overlay-color":"","overlay-opacity":"","overlay-gradient":""},"tablet":{"background-color":"var(--ast-global-color-5)","background-image":"","background-repeat":"repeat","background-position":"center center","background-size":"auto","background-attachment":"scroll","background-type":"","background-media":"","overlay-type":"","overlay-color":"","overlay-opacity":"","overlay-gradient":""},"mobile":{"background-color":"var(--ast-global-color-5)","background-image":"","background-repeat":"repeat","background-position":"center center","background-size":"auto","background-attachment":"scroll","background-type":"","background-media":"","overlay-type":"","overlay-color":"","overlay-opacity":"","overlay-gradient":""}}},"product_brand":[5199],"product_cat":[4947,1191],"product_tag":[],"class_list":{"0":"post-107786","1":"product","2":"type-product","3":"status-publish","4":"has-post-thumbnail","6":"product_brand-brunswick-billiards-pt-pt","7":"product_cat-acessorios-bilhar-brunswick","8":"product_cat-consumiveis-para-bilhar","9":"product_shipping_class-acessorios","10":"desktop-align-center","11":"tablet-align-left","12":"mobile-align-left","14":"first","15":"instock","16":"taxable","17":"shipping-taxable","18":"purchasable","19":"product-type-variable"},"yoast_head":"<!-- This site is optimized with the Yoast SEO plugin v27.4 - https:\/\/yoast.com\/product\/yoast-seo-wordpress\/ -->\n<title>Giz Brunswick caixa de 12 unidades - The World Billiards<\/title>\n<meta name=\"description\" content=\"Fabricado com areia da mais alta qualidade, extra\u00edda exclusivamente dos Estados Unidos. O processo de produ\u00e7\u00e3o envolve a adi\u00e7\u00e3o da quantidade certa de humidade e aditivos para garantir a mais alta qualidade do giz de bilhar. O resultado \u00e9 um giz de bilhar de alta qualidade, macio e f\u00e1cil de aplicar, proporcionando uma excelente ader\u00eancia \u00e0s extremidades dos tacos e reduzindo os erros de taco. O giz de bilhar est\u00e1 dispon\u00edvel em 12 cores diferentes, permitindo-lhe escolher a cor que melhor se adapta \u00e0s suas prefer\u00eancias e estilo de jogo. Quer seja um jogador profissional ou casual, este giz de bilhar \u00e9 uma excelente escolha para melhorar o seu jogo e melhorar a sua precis\u00e3o na mesa.\" \/>\n<meta name=\"robots\" content=\"index, follow, max-snippet:-1, max-image-preview:large, max-video-preview:-1\" \/>\n<link rel=\"canonical\" href=\"https:\/\/theworldbilliards.com\/pt-pt\/produto\/giz-brunswick-caixa-de-12-unidades\/\" \/>\n<meta property=\"og:locale\" content=\"pt_PT\" \/>\n<meta property=\"og:type\" content=\"article\" \/>\n<meta property=\"og:title\" content=\"Giz Brunswick caixa de 12 unidades - The World Billiards\" \/>\n<meta property=\"og:description\" content=\"Fabricado com areia da mais alta qualidade, extra\u00edda exclusivamente dos Estados Unidos. O processo de produ\u00e7\u00e3o envolve a adi\u00e7\u00e3o da quantidade certa de humidade e aditivos para garantir a mais alta qualidade do giz de bilhar. O resultado \u00e9 um giz de bilhar de alta qualidade, macio e f\u00e1cil de aplicar, proporcionando uma excelente ader\u00eancia \u00e0s extremidades dos tacos e reduzindo os erros de taco. O giz de bilhar est\u00e1 dispon\u00edvel em 12 cores diferentes, permitindo-lhe escolher a cor que melhor se adapta \u00e0s suas prefer\u00eancias e estilo de jogo. Quer seja um jogador profissional ou casual, este giz de bilhar \u00e9 uma excelente escolha para melhorar o seu jogo e melhorar a sua precis\u00e3o na mesa.\" \/>\n<meta property=\"og:url\" content=\"https:\/\/theworldbilliards.com\/pt-pt\/produto\/giz-brunswick-caixa-de-12-unidades\/\" \/>\n<meta property=\"og:site_name\" content=\"The World Billiards\" \/>\n<meta property=\"article:publisher\" content=\"https:\/\/www.facebook.com\/baby.foot.superbes\" \/>\n<meta property=\"article:modified_time\" content=\"2025-11-03T12:24:49+00:00\" \/>\n<meta property=\"og:image\" content=\"https:\/\/theworldbilliards.com\/wp-content\/uploads\/2025\/06\/brunswick-12-piece-billiard-chalk__tournament-green.webp\" \/>\n\t<meta property=\"og:image:width\" content=\"990\" \/>\n\t<meta property=\"og:image:height\" content=\"990\" \/>\n\t<meta property=\"og:image:type\" content=\"image\/webp\" \/>\n<meta name=\"twitter:card\" content=\"summary_large_image\" \/>\n<script type=\"application\/ld+json\" class=\"yoast-schema-graph\">{\"@context\":\"https:\\\/\\\/schema.org\",\"@graph\":[{\"@type\":\"WebPage\",\"@id\":\"https:\\\/\\\/theworldbilliards.com\\\/pt-pt\\\/produto\\\/giz-brunswick-caixa-de-12-unidades\\\/\",\"url\":\"https:\\\/\\\/theworldbilliards.com\\\/pt-pt\\\/produto\\\/giz-brunswick-caixa-de-12-unidades\\\/\",\"name\":\"Giz Brunswick caixa de 12 unidades - The World Billiards\",\"isPartOf\":{\"@id\":\"https:\\\/\\\/theworldbilliards.com\\\/pt-pt\\\/#website\"},\"primaryImageOfPage\":{\"@id\":\"https:\\\/\\\/theworldbilliards.com\\\/pt-pt\\\/produto\\\/giz-brunswick-caixa-de-12-unidades\\\/#primaryimage\"},\"image\":{\"@id\":\"https:\\\/\\\/theworldbilliards.com\\\/pt-pt\\\/produto\\\/giz-brunswick-caixa-de-12-unidades\\\/#primaryimage\"},\"thumbnailUrl\":\"https:\\\/\\\/theworldbilliards.com\\\/wp-content\\\/uploads\\\/2025\\\/06\\\/brunswick-12-piece-billiard-chalk__tournament-green.webp\",\"datePublished\":\"2025-06-13T10:35:02+00:00\",\"dateModified\":\"2025-11-03T12:24:49+00:00\",\"description\":\"Fabricado com areia da mais alta qualidade, extra\u00edda exclusivamente dos Estados Unidos. O processo de produ\u00e7\u00e3o envolve a adi\u00e7\u00e3o da quantidade certa de humidade e aditivos para garantir a mais alta qualidade do giz de bilhar. O resultado \u00e9 um giz de bilhar de alta qualidade, macio e f\u00e1cil de aplicar, proporcionando uma excelente ader\u00eancia \u00e0s extremidades dos tacos e reduzindo os erros de taco. O giz de bilhar est\u00e1 dispon\u00edvel em 12 cores diferentes, permitindo-lhe escolher a cor que melhor se adapta \u00e0s suas prefer\u00eancias e estilo de jogo. Quer seja um jogador profissional ou casual, este giz de bilhar \u00e9 uma excelente escolha para melhorar o seu jogo e melhorar a sua precis\u00e3o na mesa.\",\"breadcrumb\":{\"@id\":\"https:\\\/\\\/theworldbilliards.com\\\/pt-pt\\\/produto\\\/giz-brunswick-caixa-de-12-unidades\\\/#breadcrumb\"},\"inLanguage\":\"pt-PT\",\"potentialAction\":[{\"@type\":\"ReadAction\",\"target\":[\"https:\\\/\\\/theworldbilliards.com\\\/pt-pt\\\/produto\\\/giz-brunswick-caixa-de-12-unidades\\\/\"]}]},{\"@type\":\"ImageObject\",\"inLanguage\":\"pt-PT\",\"@id\":\"https:\\\/\\\/theworldbilliards.com\\\/pt-pt\\\/produto\\\/giz-brunswick-caixa-de-12-unidades\\\/#primaryimage\",\"url\":\"https:\\\/\\\/theworldbilliards.com\\\/wp-content\\\/uploads\\\/2025\\\/06\\\/brunswick-12-piece-billiard-chalk__tournament-green.webp\",\"contentUrl\":\"https:\\\/\\\/theworldbilliards.com\\\/wp-content\\\/uploads\\\/2025\\\/06\\\/brunswick-12-piece-billiard-chalk__tournament-green.webp\",\"width\":990,\"height\":990},{\"@type\":\"BreadcrumbList\",\"@id\":\"https:\\\/\\\/theworldbilliards.com\\\/pt-pt\\\/produto\\\/giz-brunswick-caixa-de-12-unidades\\\/#breadcrumb\",\"itemListElement\":[{\"@type\":\"ListItem\",\"position\":1,\"name\":\"In\u00edcio\",\"item\":\"https:\\\/\\\/theworldbilliards.com\\\/pt-pt\\\/\"},{\"@type\":\"ListItem\",\"position\":2,\"name\":\"Loja online\",\"item\":\"https:\\\/\\\/theworldbilliards.com\\\/pt-pt\\\/loja-theworldbilliards\\\/\"},{\"@type\":\"ListItem\",\"position\":3,\"name\":\"Giz Brunswick caixa de 12 unidades\"}]},{\"@type\":\"WebSite\",\"@id\":\"https:\\\/\\\/theworldbilliards.com\\\/pt-pt\\\/#website\",\"url\":\"https:\\\/\\\/theworldbilliards.com\\\/pt-pt\\\/\",\"name\":\"TheWorldBilliards\",\"description\":\"Compre aqui bilhar, matraquilho, t\u00eanis de mesa e bowling\",\"publisher\":{\"@id\":\"https:\\\/\\\/theworldbilliards.com\\\/pt-pt\\\/#organization\"},\"alternateName\":\"The world billiards\",\"potentialAction\":[{\"@type\":\"SearchAction\",\"target\":{\"@type\":\"EntryPoint\",\"urlTemplate\":\"https:\\\/\\\/theworldbilliards.com\\\/pt-pt\\\/?s={search_term_string}\"},\"query-input\":{\"@type\":\"PropertyValueSpecification\",\"valueRequired\":true,\"valueName\":\"search_term_string\"}}],\"inLanguage\":\"pt-PT\"},{\"@type\":\"Organization\",\"@id\":\"https:\\\/\\\/theworldbilliards.com\\\/pt-pt\\\/#organization\",\"name\":\"The World Billiards\",\"alternateName\":\"The World Billiards\",\"url\":\"https:\\\/\\\/theworldbilliards.com\\\/pt-pt\\\/\",\"logo\":{\"@type\":\"ImageObject\",\"inLanguage\":\"pt-PT\",\"@id\":\"https:\\\/\\\/theworldbilliards.com\\\/pt-pt\\\/#\\\/schema\\\/logo\\\/image\\\/\",\"url\":\"\",\"contentUrl\":\"\",\"caption\":\"The World Billiards\"},\"image\":{\"@id\":\"https:\\\/\\\/theworldbilliards.com\\\/pt-pt\\\/#\\\/schema\\\/logo\\\/image\\\/\"},\"sameAs\":[\"https:\\\/\\\/www.facebook.com\\\/baby.foot.superbes\",\"https:\\\/\\\/www.youtube.com\\\/channel\\\/UCIMuOVAaUcH6UpZcsZlH0Tg\",\"https:\\\/\\\/www.facebook.com\\\/people\\\/Brunswick-Billiards-EspaaPortugal\\\/100066446264309\\\/\",\"https:\\\/\\\/www.instagram.com\\\/the_world_billiards\\\/\",\"https:\\\/\\\/www.pinterest.es\\\/Theworldbilliards\\\/\"]}]}<\/script>\n<!-- \/ Yoast SEO plugin. -->","yoast_head_json":{"title":"Giz Brunswick caixa de 12 unidades - The World Billiards","description":"Fabricado com areia da mais alta qualidade, extra\u00edda exclusivamente dos Estados Unidos. O processo de produ\u00e7\u00e3o envolve a adi\u00e7\u00e3o da quantidade certa de humidade e aditivos para garantir a mais alta qualidade do giz de bilhar. O resultado \u00e9 um giz de bilhar de alta qualidade, macio e f\u00e1cil de aplicar, proporcionando uma excelente ader\u00eancia \u00e0s extremidades dos tacos e reduzindo os erros de taco. O giz de bilhar est\u00e1 dispon\u00edvel em 12 cores diferentes, permitindo-lhe escolher a cor que melhor se adapta \u00e0s suas prefer\u00eancias e estilo de jogo. Quer seja um jogador profissional ou casual, este giz de bilhar \u00e9 uma excelente escolha para melhorar o seu jogo e melhorar a sua precis\u00e3o na mesa.","robots":{"index":"index","follow":"follow","max-snippet":"max-snippet:-1","max-image-preview":"max-image-preview:large","max-video-preview":"max-video-preview:-1"},"canonical":"https:\/\/theworldbilliards.com\/pt-pt\/produto\/giz-brunswick-caixa-de-12-unidades\/","og_locale":"pt_PT","og_type":"article","og_title":"Giz Brunswick caixa de 12 unidades - The World Billiards","og_description":"Fabricado com areia da mais alta qualidade, extra\u00edda exclusivamente dos Estados Unidos. O processo de produ\u00e7\u00e3o envolve a adi\u00e7\u00e3o da quantidade certa de humidade e aditivos para garantir a mais alta qualidade do giz de bilhar. O resultado \u00e9 um giz de bilhar de alta qualidade, macio e f\u00e1cil de aplicar, proporcionando uma excelente ader\u00eancia \u00e0s extremidades dos tacos e reduzindo os erros de taco. O giz de bilhar est\u00e1 dispon\u00edvel em 12 cores diferentes, permitindo-lhe escolher a cor que melhor se adapta \u00e0s suas prefer\u00eancias e estilo de jogo. Quer seja um jogador profissional ou casual, este giz de bilhar \u00e9 uma excelente escolha para melhorar o seu jogo e melhorar a sua precis\u00e3o na mesa.","og_url":"https:\/\/theworldbilliards.com\/pt-pt\/produto\/giz-brunswick-caixa-de-12-unidades\/","og_site_name":"The World Billiards","article_publisher":"https:\/\/www.facebook.com\/baby.foot.superbes","article_modified_time":"2025-11-03T12:24:49+00:00","og_image":[{"width":990,"height":990,"url":"https:\/\/theworldbilliards.com\/wp-content\/uploads\/2025\/06\/brunswick-12-piece-billiard-chalk__tournament-green.webp","type":"image\/webp"}],"twitter_card":"summary_large_image","schema":{"@context":"https:\/\/schema.org","@graph":[{"@type":"WebPage","@id":"https:\/\/theworldbilliards.com\/pt-pt\/produto\/giz-brunswick-caixa-de-12-unidades\/","url":"https:\/\/theworldbilliards.com\/pt-pt\/produto\/giz-brunswick-caixa-de-12-unidades\/","name":"Giz Brunswick caixa de 12 unidades - The World Billiards","isPartOf":{"@id":"https:\/\/theworldbilliards.com\/pt-pt\/#website"},"primaryImageOfPage":{"@id":"https:\/\/theworldbilliards.com\/pt-pt\/produto\/giz-brunswick-caixa-de-12-unidades\/#primaryimage"},"image":{"@id":"https:\/\/theworldbilliards.com\/pt-pt\/produto\/giz-brunswick-caixa-de-12-unidades\/#primaryimage"},"thumbnailUrl":"https:\/\/theworldbilliards.com\/wp-content\/uploads\/2025\/06\/brunswick-12-piece-billiard-chalk__tournament-green.webp","datePublished":"2025-06-13T10:35:02+00:00","dateModified":"2025-11-03T12:24:49+00:00","description":"Fabricado com areia da mais alta qualidade, extra\u00edda exclusivamente dos Estados Unidos. O processo de produ\u00e7\u00e3o envolve a adi\u00e7\u00e3o da quantidade certa de humidade e aditivos para garantir a mais alta qualidade do giz de bilhar. O resultado \u00e9 um giz de bilhar de alta qualidade, macio e f\u00e1cil de aplicar, proporcionando uma excelente ader\u00eancia \u00e0s extremidades dos tacos e reduzindo os erros de taco. O giz de bilhar est\u00e1 dispon\u00edvel em 12 cores diferentes, permitindo-lhe escolher a cor que melhor se adapta \u00e0s suas prefer\u00eancias e estilo de jogo. Quer seja um jogador profissional ou casual, este giz de bilhar \u00e9 uma excelente escolha para melhorar o seu jogo e melhorar a sua precis\u00e3o na mesa.","breadcrumb":{"@id":"https:\/\/theworldbilliards.com\/pt-pt\/produto\/giz-brunswick-caixa-de-12-unidades\/#breadcrumb"},"inLanguage":"pt-PT","potentialAction":[{"@type":"ReadAction","target":["https:\/\/theworldbilliards.com\/pt-pt\/produto\/giz-brunswick-caixa-de-12-unidades\/"]}]},{"@type":"ImageObject","inLanguage":"pt-PT","@id":"https:\/\/theworldbilliards.com\/pt-pt\/produto\/giz-brunswick-caixa-de-12-unidades\/#primaryimage","url":"https:\/\/theworldbilliards.com\/wp-content\/uploads\/2025\/06\/brunswick-12-piece-billiard-chalk__tournament-green.webp","contentUrl":"https:\/\/theworldbilliards.com\/wp-content\/uploads\/2025\/06\/brunswick-12-piece-billiard-chalk__tournament-green.webp","width":990,"height":990},{"@type":"BreadcrumbList","@id":"https:\/\/theworldbilliards.com\/pt-pt\/produto\/giz-brunswick-caixa-de-12-unidades\/#breadcrumb","itemListElement":[{"@type":"ListItem","position":1,"name":"In\u00edcio","item":"https:\/\/theworldbilliards.com\/pt-pt\/"},{"@type":"ListItem","position":2,"name":"Loja online","item":"https:\/\/theworldbilliards.com\/pt-pt\/loja-theworldbilliards\/"},{"@type":"ListItem","position":3,"name":"Giz Brunswick caixa de 12 unidades"}]},{"@type":"WebSite","@id":"https:\/\/theworldbilliards.com\/pt-pt\/#website","url":"https:\/\/theworldbilliards.com\/pt-pt\/","name":"TheWorldBilliards","description":"Compre aqui bilhar, matraquilho, t\u00eanis de mesa e bowling","publisher":{"@id":"https:\/\/theworldbilliards.com\/pt-pt\/#organization"},"alternateName":"The world billiards","potentialAction":[{"@type":"SearchAction","target":{"@type":"EntryPoint","urlTemplate":"https:\/\/theworldbilliards.com\/pt-pt\/?s={search_term_string}"},"query-input":{"@type":"PropertyValueSpecification","valueRequired":true,"valueName":"search_term_string"}}],"inLanguage":"pt-PT"},{"@type":"Organization","@id":"https:\/\/theworldbilliards.com\/pt-pt\/#organization","name":"The World Billiards","alternateName":"The World Billiards","url":"https:\/\/theworldbilliards.com\/pt-pt\/","logo":{"@type":"ImageObject","inLanguage":"pt-PT","@id":"https:\/\/theworldbilliards.com\/pt-pt\/#\/schema\/logo\/image\/","url":"","contentUrl":"","caption":"The World Billiards"},"image":{"@id":"https:\/\/theworldbilliards.com\/pt-pt\/#\/schema\/logo\/image\/"},"sameAs":["https:\/\/www.facebook.com\/baby.foot.superbes","https:\/\/www.youtube.com\/channel\/UCIMuOVAaUcH6UpZcsZlH0Tg","https:\/\/www.facebook.com\/people\/Brunswick-Billiards-EspaaPortugal\/100066446264309\/","https:\/\/www.instagram.com\/the_world_billiards\/","https:\/\/www.pinterest.es\/Theworldbilliards\/"]}]}},"_links":{"self":[{"href":"https:\/\/theworldbilliards.com\/pt-pt\/wp-json\/wp\/v2\/product\/107786","targetHints":{"allow":["GET"]}}],"collection":[{"href":"https:\/\/theworldbilliards.com\/pt-pt\/wp-json\/wp\/v2\/product"}],"about":[{"href":"https:\/\/theworldbilliards.com\/pt-pt\/wp-json\/wp\/v2\/types\/product"}],"wp:featuredmedia":[{"embeddable":true,"href":"https:\/\/theworldbilliards.com\/pt-pt\/wp-json\/wp\/v2\/media\/107792"}],"wp:attachment":[{"href":"https:\/\/theworldbilliards.com\/pt-pt\/wp-json\/wp\/v2\/media?parent=107786"}],"wp:term":[{"taxonomy":"product_brand","embeddable":true,"href":"https:\/\/theworldbilliards.com\/pt-pt\/wp-json\/wp\/v2\/product_brand?post=107786"},{"taxonomy":"product_cat","embeddable":true,"href":"https:\/\/theworldbilliards.com\/pt-pt\/wp-json\/wp\/v2\/product_cat?post=107786"},{"taxonomy":"product_tag","embeddable":true,"href":"https:\/\/theworldbilliards.com\/pt-pt\/wp-json\/wp\/v2\/product_tag?post=107786"}],"curies":[{"name":"wp","href":"https:\/\/api.w.org\/{rel}","templated":true}]}}