{"id":107964,"date":"2025-06-23T12:38:17","date_gmt":"2025-06-23T10:38:17","guid":{"rendered":"https:\/\/theworldbilliards.com\/?post_type=product&#038;p=107964"},"modified":"2025-09-17T10:34:16","modified_gmt":"2025-09-17T08:34:16","slug":"matraquilho-garlando-number-1","status":"publish","type":"product","link":"https:\/\/theworldbilliards.com\/pt-pt\/produto\/matraquilho-garlando-number-1\/","title":{"rendered":"Matraquilho Garlando Number 1"},"content":{"rendered":"<p>A ITSF #1 \u00e9 a nova mesa de matraquilhos sem moedas, oficialmente aprovada pela Federa\u00e7\u00e3o Internacional de Matraquilhos para torneios internacionais. Uma evolu\u00e7\u00e3o da World Champion 2.0, foi pensada para os jogadores mais exigentes.<\/p>\n<p>O robusto arm\u00e1rio em MDF de 30 mm, em branco com o log\u00f3tipo da ITSF, possui pernas quadradas em metal de 10 x 10 cm com p\u00e9s ajust\u00e1veis \u200b\u200bpara um campo de jogo perfeitamente nivelado. As hastes de a\u00e7o antiferrugem de 16 mm s\u00e3o altamente resistentes \u00e0 tor\u00e7\u00e3o, enquanto os novos amortecedores e rolamentos de esferas de a\u00e7o proporcionam um movimento suave e absorvem os impactos.<\/p>\n<p>Os jogadores inquebr\u00e1veis \u200b\u200bs\u00e3o moldados diretamente nas hastes para uma ader\u00eancia segura, e o campo de jogo de vidro polido replica realisticamente um campo de futebol. O sistema de recupera\u00e7\u00e3o r\u00e1pida da bola e as balizas refor\u00e7adas em HDP garantem trajet\u00f3rias consistentes da bola. O contador de pontos \u00e1baco com n\u00edvel de bolha e tr\u00eas bolas Speed \u200b\u200b\u200b\u200bControl Plus completam esta mesa pronta para torneios.<\/p>\n<p>Comprimento 143cm<br \/>\nLargura com var\u00f5es maci\u00e7os 125cm<br \/>\nAltura 94 * \/ 96 ** cm<br \/>\nPeso 91Kg<\/p>\n<p>Embalagem 148 x 79 x 39cm<\/p>\n<p>* com niveladores de pernas totalmente para baixo.<br \/>\n** com os niveladores das pernas totalmente para cima.<\/p>\n<p><iframe loading=\"lazy\" title=\"YouTube video player\" src=\"https:\/\/www.youtube.com\/embed\/2mg_mjBGclQ?si=dey3_GRHUg2qQ-df\" width=\"560\" height=\"315\" frameborder=\"0\" allowfullscreen=\"allowfullscreen\"><\/iframe><\/p>\n","protected":false},"excerpt":{"rendered":"<p>A ITSF #1 \u00e9 a nova mesa de matraquilhos sem moedas, oficialmente aprovada pela Federa\u00e7\u00e3o Internacional de Matraquilhos para torneios [&hellip;]<\/p>\n","protected":false},"featured_media":107970,"template":"","meta":{"site-sidebar-layout":"default","site-content-layout":"","ast-site-content-layout":"default","site-content-style":"default","site-sidebar-style":"default","ast-global-header-display":"","ast-banner-title-visibility":"","ast-main-header-display":"","ast-hfb-above-header-display":"","ast-hfb-below-header-display":"","ast-hfb-mobile-header-display":"","site-post-title":"","ast-breadcrumbs-content":"","ast-featured-img":"","footer-sml-layout":"","ast-disable-related-posts":"","theme-transparent-header-meta":"default","adv-header-id-meta":"","stick-header-meta":"","header-above-stick-meta":"","header-main-stick-meta":"","header-below-stick-meta":"","astra-migrate-meta-layouts":"default","ast-page-background-enabled":"default","ast-page-background-meta":{"desktop":{"background-color":"var(--ast-global-color-4)","background-image":"","background-repeat":"repeat","background-position":"center center","background-size":"auto","background-attachment":"scroll","background-type":"","background-media":"","overlay-type":"","overlay-color":"","overlay-opacity":"","overlay-gradient":""},"tablet":{"background-color":"","background-image":"","background-repeat":"repeat","background-position":"center center","background-size":"auto","background-attachment":"scroll","background-type":"","background-media":"","overlay-type":"","overlay-color":"","overlay-opacity":"","overlay-gradient":""},"mobile":{"background-color":"","background-image":"","background-repeat":"repeat","background-position":"center center","background-size":"auto","background-attachment":"scroll","background-type":"","background-media":"","overlay-type":"","overlay-color":"","overlay-opacity":"","overlay-gradient":""}},"ast-content-background-meta":{"desktop":{"background-color":"var(--ast-global-color-5)","background-image":"","background-repeat":"repeat","background-position":"center center","background-size":"auto","background-attachment":"scroll","background-type":"","background-media":"","overlay-type":"","overlay-color":"","overlay-opacity":"","overlay-gradient":""},"tablet":{"background-color":"var(--ast-global-color-5)","background-image":"","background-repeat":"repeat","background-position":"center center","background-size":"auto","background-attachment":"scroll","background-type":"","background-media":"","overlay-type":"","overlay-color":"","overlay-opacity":"","overlay-gradient":""},"mobile":{"background-color":"var(--ast-global-color-5)","background-image":"","background-repeat":"repeat","background-position":"center center","background-size":"auto","background-attachment":"scroll","background-type":"","background-media":"","overlay-type":"","overlay-color":"","overlay-opacity":"","overlay-gradient":""}}},"product_brand":[5231],"product_cat":[1123,1124],"product_tag":[],"class_list":{"0":"post-107964","1":"product","2":"type-product","3":"status-publish","4":"has-post-thumbnail","6":"product_brand-garlando-pt-pt","7":"product_cat-matraquilhos-competicao","8":"product_cat-matraquilhos-sem-moedeiro","9":"product_shipping_class-matraquilhos","10":"desktop-align-center","11":"tablet-align-left","12":"mobile-align-left","14":"first","15":"instock","16":"taxable","17":"shipping-taxable","18":"purchasable","19":"product-type-simple"},"yoast_head":"<!-- This site is optimized with the Yoast SEO plugin v27.4 - https:\/\/yoast.com\/product\/yoast-seo-wordpress\/ -->\n<title>Matraquilho Garlando Number 1 - The World Billiards<\/title>\n<meta name=\"description\" content=\"A ITSF #1 \u00e9 a nova mesa de matraquilhos sem moedas, oficialmente aprovada pela Federa\u00e7\u00e3o Internacional de Matraquilhos para torneios internacionais. Uma evolu\u00e7\u00e3o da World Champion 2.0, foi pensada para os jogadores mais exigentes.  O robusto arm\u00e1rio em MDF de 30 mm, em branco com o log\u00f3tipo da ITSF, possui pernas quadradas em metal de 10 x 10 cm com p\u00e9s ajust\u00e1veis \u200b\u200bpara um campo de jogo perfeitamente nivelado. As hastes de a\u00e7o antiferrugem de 16 mm s\u00e3o altamente resistentes \u00e0 tor\u00e7\u00e3o, enquanto os novos amortecedores e rolamentos de esferas de a\u00e7o proporcionam um movimento suave e absorvem os impactos.  Os jogadores inquebr\u00e1veis \u200b\u200bs\u00e3o moldados diretamente nas hastes para uma ader\u00eancia segura, e o campo de jogo de vidro polido replica realisticamente um campo de futebol. O sistema de recupera\u00e7\u00e3o r\u00e1pida da bola e as balizas refor\u00e7adas em HDP garantem trajet\u00f3rias consistentes da bola. O contador de pontos \u00e1baco com n\u00edvel de bolha e tr\u00eas bolas Speed \u200b\u200b\u200b\u200bControl Plus completam esta mesa pronta para torneios.  Comprimento 143cm Largura com var\u00f5es maci\u00e7os 125cm Altura 94 * \/ 96 ** cm Peso 91Kg  Embalagem 148 x 79 x 39cm  * com niveladores de pernas totalmente para baixo. ** com os niveladores das pernas totalmente para cima.\" \/>\n<meta name=\"robots\" content=\"index, follow, max-snippet:-1, max-image-preview:large, max-video-preview:-1\" \/>\n<link rel=\"canonical\" href=\"https:\/\/theworldbilliards.com\/pt-pt\/produto\/matraquilho-garlando-number-1\/\" \/>\n<meta property=\"og:locale\" content=\"pt_PT\" \/>\n<meta property=\"og:type\" content=\"article\" \/>\n<meta property=\"og:title\" content=\"Matraquilho Garlando Number 1 - The World Billiards\" \/>\n<meta property=\"og:description\" content=\"A ITSF #1 \u00e9 a nova mesa de matraquilhos sem moedas, oficialmente aprovada pela Federa\u00e7\u00e3o Internacional de Matraquilhos para torneios internacionais. Uma evolu\u00e7\u00e3o da World Champion 2.0, foi pensada para os jogadores mais exigentes.  O robusto arm\u00e1rio em MDF de 30 mm, em branco com o log\u00f3tipo da ITSF, possui pernas quadradas em metal de 10 x 10 cm com p\u00e9s ajust\u00e1veis \u200b\u200bpara um campo de jogo perfeitamente nivelado. As hastes de a\u00e7o antiferrugem de 16 mm s\u00e3o altamente resistentes \u00e0 tor\u00e7\u00e3o, enquanto os novos amortecedores e rolamentos de esferas de a\u00e7o proporcionam um movimento suave e absorvem os impactos.  Os jogadores inquebr\u00e1veis \u200b\u200bs\u00e3o moldados diretamente nas hastes para uma ader\u00eancia segura, e o campo de jogo de vidro polido replica realisticamente um campo de futebol. O sistema de recupera\u00e7\u00e3o r\u00e1pida da bola e as balizas refor\u00e7adas em HDP garantem trajet\u00f3rias consistentes da bola. O contador de pontos \u00e1baco com n\u00edvel de bolha e tr\u00eas bolas Speed \u200b\u200b\u200b\u200bControl Plus completam esta mesa pronta para torneios.  Comprimento 143cm Largura com var\u00f5es maci\u00e7os 125cm Altura 94 * \/ 96 ** cm Peso 91Kg  Embalagem 148 x 79 x 39cm  * com niveladores de pernas totalmente para baixo. ** com os niveladores das pernas totalmente para cima.\" \/>\n<meta property=\"og:url\" content=\"https:\/\/theworldbilliards.com\/pt-pt\/produto\/matraquilho-garlando-number-1\/\" \/>\n<meta property=\"og:site_name\" content=\"The World Billiards\" \/>\n<meta property=\"article:publisher\" content=\"https:\/\/www.facebook.com\/baby.foot.superbes\" \/>\n<meta property=\"article:modified_time\" content=\"2025-09-17T08:34:16+00:00\" \/>\n<meta property=\"og:image\" content=\"https:\/\/theworldbilliards.com\/wp-content\/uploads\/2025\/06\/NUMBER-1.jpg\" \/>\n\t<meta property=\"og:image:width\" content=\"1712\" \/>\n\t<meta property=\"og:image:height\" content=\"1713\" \/>\n\t<meta property=\"og:image:type\" content=\"image\/jpeg\" \/>\n<meta name=\"twitter:card\" content=\"summary_large_image\" \/>\n<script type=\"application\/ld+json\" class=\"yoast-schema-graph\">{\"@context\":\"https:\\\/\\\/schema.org\",\"@graph\":[{\"@type\":\"WebPage\",\"@id\":\"https:\\\/\\\/theworldbilliards.com\\\/pt-pt\\\/produto\\\/matraquilho-garlando-number-1\\\/\",\"url\":\"https:\\\/\\\/theworldbilliards.com\\\/pt-pt\\\/produto\\\/matraquilho-garlando-number-1\\\/\",\"name\":\"Matraquilho Garlando Number 1 - The World Billiards\",\"isPartOf\":{\"@id\":\"https:\\\/\\\/theworldbilliards.com\\\/pt-pt\\\/#website\"},\"primaryImageOfPage\":{\"@id\":\"https:\\\/\\\/theworldbilliards.com\\\/pt-pt\\\/produto\\\/matraquilho-garlando-number-1\\\/#primaryimage\"},\"image\":{\"@id\":\"https:\\\/\\\/theworldbilliards.com\\\/pt-pt\\\/produto\\\/matraquilho-garlando-number-1\\\/#primaryimage\"},\"thumbnailUrl\":\"https:\\\/\\\/theworldbilliards.com\\\/wp-content\\\/uploads\\\/2025\\\/06\\\/NUMBER-1.jpg\",\"datePublished\":\"2025-06-23T10:38:17+00:00\",\"dateModified\":\"2025-09-17T08:34:16+00:00\",\"description\":\"A ITSF #1 \u00e9 a nova mesa de matraquilhos sem moedas, oficialmente aprovada pela Federa\u00e7\u00e3o Internacional de Matraquilhos para torneios internacionais. Uma evolu\u00e7\u00e3o da World Champion 2.0, foi pensada para os jogadores mais exigentes. O robusto arm\u00e1rio em MDF de 30 mm, em branco com o log\u00f3tipo da ITSF, possui pernas quadradas em metal de 10 x 10 cm com p\u00e9s ajust\u00e1veis \u200b\u200bpara um campo de jogo perfeitamente nivelado. As hastes de a\u00e7o antiferrugem de 16 mm s\u00e3o altamente resistentes \u00e0 tor\u00e7\u00e3o, enquanto os novos amortecedores e rolamentos de esferas de a\u00e7o proporcionam um movimento suave e absorvem os impactos. Os jogadores inquebr\u00e1veis \u200b\u200bs\u00e3o moldados diretamente nas hastes para uma ader\u00eancia segura, e o campo de jogo de vidro polido replica realisticamente um campo de futebol. O sistema de recupera\u00e7\u00e3o r\u00e1pida da bola e as balizas refor\u00e7adas em HDP garantem trajet\u00f3rias consistentes da bola. O contador de pontos \u00e1baco com n\u00edvel de bolha e tr\u00eas bolas Speed \u200b\u200b\u200b\u200bControl Plus completam esta mesa pronta para torneios. Comprimento 143cm Largura com var\u00f5es maci\u00e7os 125cm Altura 94 * \\\/ 96 ** cm Peso 91Kg Embalagem 148 x 79 x 39cm * com niveladores de pernas totalmente para baixo. ** com os niveladores das pernas totalmente para cima.\",\"breadcrumb\":{\"@id\":\"https:\\\/\\\/theworldbilliards.com\\\/pt-pt\\\/produto\\\/matraquilho-garlando-number-1\\\/#breadcrumb\"},\"inLanguage\":\"pt-PT\",\"potentialAction\":[{\"@type\":\"ReadAction\",\"target\":[\"https:\\\/\\\/theworldbilliards.com\\\/pt-pt\\\/produto\\\/matraquilho-garlando-number-1\\\/\"]}]},{\"@type\":\"ImageObject\",\"inLanguage\":\"pt-PT\",\"@id\":\"https:\\\/\\\/theworldbilliards.com\\\/pt-pt\\\/produto\\\/matraquilho-garlando-number-1\\\/#primaryimage\",\"url\":\"https:\\\/\\\/theworldbilliards.com\\\/wp-content\\\/uploads\\\/2025\\\/06\\\/NUMBER-1.jpg\",\"contentUrl\":\"https:\\\/\\\/theworldbilliards.com\\\/wp-content\\\/uploads\\\/2025\\\/06\\\/NUMBER-1.jpg\",\"width\":1712,\"height\":1713},{\"@type\":\"BreadcrumbList\",\"@id\":\"https:\\\/\\\/theworldbilliards.com\\\/pt-pt\\\/produto\\\/matraquilho-garlando-number-1\\\/#breadcrumb\",\"itemListElement\":[{\"@type\":\"ListItem\",\"position\":1,\"name\":\"In\u00edcio\",\"item\":\"https:\\\/\\\/theworldbilliards.com\\\/pt-pt\\\/\"},{\"@type\":\"ListItem\",\"position\":2,\"name\":\"Loja online\",\"item\":\"https:\\\/\\\/theworldbilliards.com\\\/pt-pt\\\/loja-theworldbilliards\\\/\"},{\"@type\":\"ListItem\",\"position\":3,\"name\":\"Matraquilho Garlando Number 1\"}]},{\"@type\":\"WebSite\",\"@id\":\"https:\\\/\\\/theworldbilliards.com\\\/pt-pt\\\/#website\",\"url\":\"https:\\\/\\\/theworldbilliards.com\\\/pt-pt\\\/\",\"name\":\"TheWorldBilliards\",\"description\":\"Compre aqui bilhar, matraquilho, t\u00eanis de mesa e bowling\",\"publisher\":{\"@id\":\"https:\\\/\\\/theworldbilliards.com\\\/pt-pt\\\/#organization\"},\"alternateName\":\"The world billiards\",\"potentialAction\":[{\"@type\":\"SearchAction\",\"target\":{\"@type\":\"EntryPoint\",\"urlTemplate\":\"https:\\\/\\\/theworldbilliards.com\\\/pt-pt\\\/?s={search_term_string}\"},\"query-input\":{\"@type\":\"PropertyValueSpecification\",\"valueRequired\":true,\"valueName\":\"search_term_string\"}}],\"inLanguage\":\"pt-PT\"},{\"@type\":\"Organization\",\"@id\":\"https:\\\/\\\/theworldbilliards.com\\\/pt-pt\\\/#organization\",\"name\":\"The World Billiards\",\"alternateName\":\"The World Billiards\",\"url\":\"https:\\\/\\\/theworldbilliards.com\\\/pt-pt\\\/\",\"logo\":{\"@type\":\"ImageObject\",\"inLanguage\":\"pt-PT\",\"@id\":\"https:\\\/\\\/theworldbilliards.com\\\/pt-pt\\\/#\\\/schema\\\/logo\\\/image\\\/\",\"url\":\"\",\"contentUrl\":\"\",\"caption\":\"The World Billiards\"},\"image\":{\"@id\":\"https:\\\/\\\/theworldbilliards.com\\\/pt-pt\\\/#\\\/schema\\\/logo\\\/image\\\/\"},\"sameAs\":[\"https:\\\/\\\/www.facebook.com\\\/baby.foot.superbes\",\"https:\\\/\\\/www.youtube.com\\\/channel\\\/UCIMuOVAaUcH6UpZcsZlH0Tg\",\"https:\\\/\\\/www.facebook.com\\\/people\\\/Brunswick-Billiards-EspaaPortugal\\\/100066446264309\\\/\",\"https:\\\/\\\/www.instagram.com\\\/the_world_billiards\\\/\",\"https:\\\/\\\/www.pinterest.es\\\/Theworldbilliards\\\/\"]}]}<\/script>\n<!-- \/ Yoast SEO plugin. -->","yoast_head_json":{"title":"Matraquilho Garlando Number 1 - The World Billiards","description":"A ITSF #1 \u00e9 a nova mesa de matraquilhos sem moedas, oficialmente aprovada pela Federa\u00e7\u00e3o Internacional de Matraquilhos para torneios internacionais. Uma evolu\u00e7\u00e3o da World Champion 2.0, foi pensada para os jogadores mais exigentes.  O robusto arm\u00e1rio em MDF de 30 mm, em branco com o log\u00f3tipo da ITSF, possui pernas quadradas em metal de 10 x 10 cm com p\u00e9s ajust\u00e1veis \u200b\u200bpara um campo de jogo perfeitamente nivelado. As hastes de a\u00e7o antiferrugem de 16 mm s\u00e3o altamente resistentes \u00e0 tor\u00e7\u00e3o, enquanto os novos amortecedores e rolamentos de esferas de a\u00e7o proporcionam um movimento suave e absorvem os impactos.  Os jogadores inquebr\u00e1veis \u200b\u200bs\u00e3o moldados diretamente nas hastes para uma ader\u00eancia segura, e o campo de jogo de vidro polido replica realisticamente um campo de futebol. O sistema de recupera\u00e7\u00e3o r\u00e1pida da bola e as balizas refor\u00e7adas em HDP garantem trajet\u00f3rias consistentes da bola. O contador de pontos \u00e1baco com n\u00edvel de bolha e tr\u00eas bolas Speed \u200b\u200b\u200b\u200bControl Plus completam esta mesa pronta para torneios.  Comprimento 143cm Largura com var\u00f5es maci\u00e7os 125cm Altura 94 * \/ 96 ** cm Peso 91Kg  Embalagem 148 x 79 x 39cm  * com niveladores de pernas totalmente para baixo. ** com os niveladores das pernas totalmente para cima.","robots":{"index":"index","follow":"follow","max-snippet":"max-snippet:-1","max-image-preview":"max-image-preview:large","max-video-preview":"max-video-preview:-1"},"canonical":"https:\/\/theworldbilliards.com\/pt-pt\/produto\/matraquilho-garlando-number-1\/","og_locale":"pt_PT","og_type":"article","og_title":"Matraquilho Garlando Number 1 - The World Billiards","og_description":"A ITSF #1 \u00e9 a nova mesa de matraquilhos sem moedas, oficialmente aprovada pela Federa\u00e7\u00e3o Internacional de Matraquilhos para torneios internacionais. Uma evolu\u00e7\u00e3o da World Champion 2.0, foi pensada para os jogadores mais exigentes.  O robusto arm\u00e1rio em MDF de 30 mm, em branco com o log\u00f3tipo da ITSF, possui pernas quadradas em metal de 10 x 10 cm com p\u00e9s ajust\u00e1veis \u200b\u200bpara um campo de jogo perfeitamente nivelado. As hastes de a\u00e7o antiferrugem de 16 mm s\u00e3o altamente resistentes \u00e0 tor\u00e7\u00e3o, enquanto os novos amortecedores e rolamentos de esferas de a\u00e7o proporcionam um movimento suave e absorvem os impactos.  Os jogadores inquebr\u00e1veis \u200b\u200bs\u00e3o moldados diretamente nas hastes para uma ader\u00eancia segura, e o campo de jogo de vidro polido replica realisticamente um campo de futebol. O sistema de recupera\u00e7\u00e3o r\u00e1pida da bola e as balizas refor\u00e7adas em HDP garantem trajet\u00f3rias consistentes da bola. O contador de pontos \u00e1baco com n\u00edvel de bolha e tr\u00eas bolas Speed \u200b\u200b\u200b\u200bControl Plus completam esta mesa pronta para torneios.  Comprimento 143cm Largura com var\u00f5es maci\u00e7os 125cm Altura 94 * \/ 96 ** cm Peso 91Kg  Embalagem 148 x 79 x 39cm  * com niveladores de pernas totalmente para baixo. ** com os niveladores das pernas totalmente para cima.","og_url":"https:\/\/theworldbilliards.com\/pt-pt\/produto\/matraquilho-garlando-number-1\/","og_site_name":"The World Billiards","article_publisher":"https:\/\/www.facebook.com\/baby.foot.superbes","article_modified_time":"2025-09-17T08:34:16+00:00","og_image":[{"width":1712,"height":1713,"url":"https:\/\/theworldbilliards.com\/wp-content\/uploads\/2025\/06\/NUMBER-1.jpg","type":"image\/jpeg"}],"twitter_card":"summary_large_image","schema":{"@context":"https:\/\/schema.org","@graph":[{"@type":"WebPage","@id":"https:\/\/theworldbilliards.com\/pt-pt\/produto\/matraquilho-garlando-number-1\/","url":"https:\/\/theworldbilliards.com\/pt-pt\/produto\/matraquilho-garlando-number-1\/","name":"Matraquilho Garlando Number 1 - The World Billiards","isPartOf":{"@id":"https:\/\/theworldbilliards.com\/pt-pt\/#website"},"primaryImageOfPage":{"@id":"https:\/\/theworldbilliards.com\/pt-pt\/produto\/matraquilho-garlando-number-1\/#primaryimage"},"image":{"@id":"https:\/\/theworldbilliards.com\/pt-pt\/produto\/matraquilho-garlando-number-1\/#primaryimage"},"thumbnailUrl":"https:\/\/theworldbilliards.com\/wp-content\/uploads\/2025\/06\/NUMBER-1.jpg","datePublished":"2025-06-23T10:38:17+00:00","dateModified":"2025-09-17T08:34:16+00:00","description":"A ITSF #1 \u00e9 a nova mesa de matraquilhos sem moedas, oficialmente aprovada pela Federa\u00e7\u00e3o Internacional de Matraquilhos para torneios internacionais. Uma evolu\u00e7\u00e3o da World Champion 2.0, foi pensada para os jogadores mais exigentes. O robusto arm\u00e1rio em MDF de 30 mm, em branco com o log\u00f3tipo da ITSF, possui pernas quadradas em metal de 10 x 10 cm com p\u00e9s ajust\u00e1veis \u200b\u200bpara um campo de jogo perfeitamente nivelado. As hastes de a\u00e7o antiferrugem de 16 mm s\u00e3o altamente resistentes \u00e0 tor\u00e7\u00e3o, enquanto os novos amortecedores e rolamentos de esferas de a\u00e7o proporcionam um movimento suave e absorvem os impactos. Os jogadores inquebr\u00e1veis \u200b\u200bs\u00e3o moldados diretamente nas hastes para uma ader\u00eancia segura, e o campo de jogo de vidro polido replica realisticamente um campo de futebol. O sistema de recupera\u00e7\u00e3o r\u00e1pida da bola e as balizas refor\u00e7adas em HDP garantem trajet\u00f3rias consistentes da bola. O contador de pontos \u00e1baco com n\u00edvel de bolha e tr\u00eas bolas Speed \u200b\u200b\u200b\u200bControl Plus completam esta mesa pronta para torneios. Comprimento 143cm Largura com var\u00f5es maci\u00e7os 125cm Altura 94 * \/ 96 ** cm Peso 91Kg Embalagem 148 x 79 x 39cm * com niveladores de pernas totalmente para baixo. ** com os niveladores das pernas totalmente para cima.","breadcrumb":{"@id":"https:\/\/theworldbilliards.com\/pt-pt\/produto\/matraquilho-garlando-number-1\/#breadcrumb"},"inLanguage":"pt-PT","potentialAction":[{"@type":"ReadAction","target":["https:\/\/theworldbilliards.com\/pt-pt\/produto\/matraquilho-garlando-number-1\/"]}]},{"@type":"ImageObject","inLanguage":"pt-PT","@id":"https:\/\/theworldbilliards.com\/pt-pt\/produto\/matraquilho-garlando-number-1\/#primaryimage","url":"https:\/\/theworldbilliards.com\/wp-content\/uploads\/2025\/06\/NUMBER-1.jpg","contentUrl":"https:\/\/theworldbilliards.com\/wp-content\/uploads\/2025\/06\/NUMBER-1.jpg","width":1712,"height":1713},{"@type":"BreadcrumbList","@id":"https:\/\/theworldbilliards.com\/pt-pt\/produto\/matraquilho-garlando-number-1\/#breadcrumb","itemListElement":[{"@type":"ListItem","position":1,"name":"In\u00edcio","item":"https:\/\/theworldbilliards.com\/pt-pt\/"},{"@type":"ListItem","position":2,"name":"Loja online","item":"https:\/\/theworldbilliards.com\/pt-pt\/loja-theworldbilliards\/"},{"@type":"ListItem","position":3,"name":"Matraquilho Garlando Number 1"}]},{"@type":"WebSite","@id":"https:\/\/theworldbilliards.com\/pt-pt\/#website","url":"https:\/\/theworldbilliards.com\/pt-pt\/","name":"TheWorldBilliards","description":"Compre aqui bilhar, matraquilho, t\u00eanis de mesa e bowling","publisher":{"@id":"https:\/\/theworldbilliards.com\/pt-pt\/#organization"},"alternateName":"The world billiards","potentialAction":[{"@type":"SearchAction","target":{"@type":"EntryPoint","urlTemplate":"https:\/\/theworldbilliards.com\/pt-pt\/?s={search_term_string}"},"query-input":{"@type":"PropertyValueSpecification","valueRequired":true,"valueName":"search_term_string"}}],"inLanguage":"pt-PT"},{"@type":"Organization","@id":"https:\/\/theworldbilliards.com\/pt-pt\/#organization","name":"The World Billiards","alternateName":"The World Billiards","url":"https:\/\/theworldbilliards.com\/pt-pt\/","logo":{"@type":"ImageObject","inLanguage":"pt-PT","@id":"https:\/\/theworldbilliards.com\/pt-pt\/#\/schema\/logo\/image\/","url":"","contentUrl":"","caption":"The World Billiards"},"image":{"@id":"https:\/\/theworldbilliards.com\/pt-pt\/#\/schema\/logo\/image\/"},"sameAs":["https:\/\/www.facebook.com\/baby.foot.superbes","https:\/\/www.youtube.com\/channel\/UCIMuOVAaUcH6UpZcsZlH0Tg","https:\/\/www.facebook.com\/people\/Brunswick-Billiards-EspaaPortugal\/100066446264309\/","https:\/\/www.instagram.com\/the_world_billiards\/","https:\/\/www.pinterest.es\/Theworldbilliards\/"]}]}},"_links":{"self":[{"href":"https:\/\/theworldbilliards.com\/pt-pt\/wp-json\/wp\/v2\/product\/107964","targetHints":{"allow":["GET"]}}],"collection":[{"href":"https:\/\/theworldbilliards.com\/pt-pt\/wp-json\/wp\/v2\/product"}],"about":[{"href":"https:\/\/theworldbilliards.com\/pt-pt\/wp-json\/wp\/v2\/types\/product"}],"wp:featuredmedia":[{"embeddable":true,"href":"https:\/\/theworldbilliards.com\/pt-pt\/wp-json\/wp\/v2\/media\/107970"}],"wp:attachment":[{"href":"https:\/\/theworldbilliards.com\/pt-pt\/wp-json\/wp\/v2\/media?parent=107964"}],"wp:term":[{"taxonomy":"product_brand","embeddable":true,"href":"https:\/\/theworldbilliards.com\/pt-pt\/wp-json\/wp\/v2\/product_brand?post=107964"},{"taxonomy":"product_cat","embeddable":true,"href":"https:\/\/theworldbilliards.com\/pt-pt\/wp-json\/wp\/v2\/product_cat?post=107964"},{"taxonomy":"product_tag","embeddable":true,"href":"https:\/\/theworldbilliards.com\/pt-pt\/wp-json\/wp\/v2\/product_tag?post=107964"}],"curies":[{"name":"wp","href":"https:\/\/api.w.org\/{rel}","templated":true}]}}