{"id":108330,"date":"2025-07-21T13:28:16","date_gmt":"2025-07-21T11:28:16","guid":{"rendered":"https:\/\/theworldbilliards.com\/?post_type=product&#038;p=108330"},"modified":"2025-07-22T10:40:43","modified_gmt":"2025-07-22T08:40:43","slug":"mesa-de-tenis-de-mesa-busan","status":"publish","type":"product","link":"https:\/\/theworldbilliards.com\/pt-pt\/produto\/mesa-de-tenis-de-mesa-busan\/","title":{"rendered":"Mesa de Tenis de mesa Busan"},"content":{"rendered":"<p>Busan \u00e9 um t\u00e9nis de mesa modular onde a flexibilidade \u00e9 a chave. Dois elementos separados, unidos pela rede, permitem a realiza\u00e7\u00e3o de grandes partidas, al\u00e9m de receber 16 pessoas sentadas e a desfrutar da uni\u00e3o. Um campo de jogo de madeira sustentado por uma base c\u00f3nica branca e uma partida memor\u00e1vel \u00e0 espera de ser jogada.<\/p>\n<p>Estrutura \u2013 Met\u00e1lica<br \/>\nZona de jogo \u2013 Medidas regulamentares: 274 x 152,5 cm, madeira de 25 mm<br \/>\nPeso l\u00edquido \u2013 116 kg<br \/>\nAltura ao solo \u2013 75 cm<br \/>\nUso \u2013 Interno<br \/>\nAcess\u00f3rios inclu\u00eddos: 2 raquetes e 6 bolas<br \/>\nMontagem \u2013 A montar<\/p>\n","protected":false},"excerpt":{"rendered":"<p>Busan \u00e9 um t\u00e9nis de mesa modular onde a flexibilidade \u00e9 a chave. Dois elementos separados, unidos pela rede, permitem [&hellip;]<\/p>\n","protected":false},"featured_media":108359,"template":"","meta":{"site-sidebar-layout":"default","site-content-layout":"","ast-site-content-layout":"default","site-content-style":"default","site-sidebar-style":"default","ast-global-header-display":"","ast-banner-title-visibility":"","ast-main-header-display":"","ast-hfb-above-header-display":"","ast-hfb-below-header-display":"","ast-hfb-mobile-header-display":"","site-post-title":"","ast-breadcrumbs-content":"","ast-featured-img":"","footer-sml-layout":"","ast-disable-related-posts":"","theme-transparent-header-meta":"default","adv-header-id-meta":"","stick-header-meta":"","header-above-stick-meta":"","header-main-stick-meta":"","header-below-stick-meta":"","astra-migrate-meta-layouts":"default","ast-page-background-enabled":"default","ast-page-background-meta":{"desktop":{"background-color":"var(--ast-global-color-4)","background-image":"","background-repeat":"repeat","background-position":"center center","background-size":"auto","background-attachment":"scroll","background-type":"","background-media":"","overlay-type":"","overlay-color":"","overlay-opacity":"","overlay-gradient":""},"tablet":{"background-color":"","background-image":"","background-repeat":"repeat","background-position":"center center","background-size":"auto","background-attachment":"scroll","background-type":"","background-media":"","overlay-type":"","overlay-color":"","overlay-opacity":"","overlay-gradient":""},"mobile":{"background-color":"","background-image":"","background-repeat":"repeat","background-position":"center center","background-size":"auto","background-attachment":"scroll","background-type":"","background-media":"","overlay-type":"","overlay-color":"","overlay-opacity":"","overlay-gradient":""}},"ast-content-background-meta":{"desktop":{"background-color":"var(--ast-global-color-5)","background-image":"","background-repeat":"repeat","background-position":"center center","background-size":"auto","background-attachment":"scroll","background-type":"","background-media":"","overlay-type":"","overlay-color":"","overlay-opacity":"","overlay-gradient":""},"tablet":{"background-color":"var(--ast-global-color-5)","background-image":"","background-repeat":"repeat","background-position":"center center","background-size":"auto","background-attachment":"scroll","background-type":"","background-media":"","overlay-type":"","overlay-color":"","overlay-opacity":"","overlay-gradient":""},"mobile":{"background-color":"var(--ast-global-color-5)","background-image":"","background-repeat":"repeat","background-position":"center center","background-size":"auto","background-attachment":"scroll","background-type":"","background-media":"","overlay-type":"","overlay-color":"","overlay-opacity":"","overlay-gradient":""}}},"product_brand":[],"product_cat":[5305],"product_tag":[],"class_list":{"0":"post-108330","1":"product","2":"type-product","3":"status-publish","4":"has-post-thumbnail","6":"product_cat-mesas-de-tenis-de-mesa-pt-pt","7":"product_shipping_class-tenis-de-mesa","8":"desktop-align-center","9":"tablet-align-left","10":"mobile-align-left","12":"first","13":"instock","14":"taxable","15":"shipping-taxable","16":"purchasable","17":"product-type-simple"},"yoast_head":"<!-- This site is optimized with the Yoast SEO plugin v27.3 - https:\/\/yoast.com\/product\/yoast-seo-wordpress\/ -->\n<title>Mesa de Tenis de mesa Busan - The World Billiards<\/title>\n<meta name=\"description\" content=\"Busan \u00e9 um t\u00e9nis de mesa modular onde a flexibilidade \u00e9 a chave. Dois elementos separados, unidos pela rede, permitem a realiza\u00e7\u00e3o de grandes partidas, al\u00e9m de receber 16 pessoas sentadas e a desfrutar da uni\u00e3o. Um campo de jogo de madeira sustentado por uma base c\u00f3nica branca e uma partida memor\u00e1vel \u00e0 espera de ser jogada.  Estrutura \u2013 Met\u00e1lica Zona de jogo \u2013 Medidas regulamentares: 274 x 152,5 cm, madeira de 25 mm Peso l\u00edquido \u2013 116 kg Altura ao solo \u2013 75 cm Uso \u2013 Interno Acess\u00f3rios inclu\u00eddos: 2 raquetes e 6 bolas Montagem \u2013 A montar\" \/>\n<meta name=\"robots\" content=\"index, follow, max-snippet:-1, max-image-preview:large, max-video-preview:-1\" \/>\n<link rel=\"canonical\" href=\"https:\/\/theworldbilliards.com\/pt-pt\/produto\/mesa-de-tenis-de-mesa-busan\/\" \/>\n<meta property=\"og:locale\" content=\"pt_PT\" \/>\n<meta property=\"og:type\" content=\"article\" \/>\n<meta property=\"og:title\" content=\"Mesa de Tenis de mesa Busan - The World Billiards\" \/>\n<meta property=\"og:description\" content=\"Busan \u00e9 um t\u00e9nis de mesa modular onde a flexibilidade \u00e9 a chave. Dois elementos separados, unidos pela rede, permitem a realiza\u00e7\u00e3o de grandes partidas, al\u00e9m de receber 16 pessoas sentadas e a desfrutar da uni\u00e3o. Um campo de jogo de madeira sustentado por uma base c\u00f3nica branca e uma partida memor\u00e1vel \u00e0 espera de ser jogada.  Estrutura \u2013 Met\u00e1lica Zona de jogo \u2013 Medidas regulamentares: 274 x 152,5 cm, madeira de 25 mm Peso l\u00edquido \u2013 116 kg Altura ao solo \u2013 75 cm Uso \u2013 Interno Acess\u00f3rios inclu\u00eddos: 2 raquetes e 6 bolas Montagem \u2013 A montar\" \/>\n<meta property=\"og:url\" content=\"https:\/\/theworldbilliards.com\/pt-pt\/produto\/mesa-de-tenis-de-mesa-busan\/\" \/>\n<meta property=\"og:site_name\" content=\"The World Billiards\" \/>\n<meta property=\"article:publisher\" content=\"https:\/\/www.facebook.com\/baby.foot.superbes\" \/>\n<meta property=\"article:modified_time\" content=\"2025-07-22T08:40:43+00:00\" \/>\n<meta property=\"og:image\" content=\"https:\/\/theworldbilliards.com\/wp-content\/uploads\/2025\/07\/Busan-Tenis-6.jpg\" \/>\n\t<meta property=\"og:image:width\" content=\"904\" \/>\n\t<meta property=\"og:image:height\" content=\"905\" \/>\n\t<meta property=\"og:image:type\" content=\"image\/jpeg\" \/>\n<meta name=\"twitter:card\" content=\"summary_large_image\" \/>\n<meta name=\"twitter:label1\" content=\"Tempo estimado de leitura\" \/>\n\t<meta name=\"twitter:data1\" content=\"1 minuto\" \/>\n<script type=\"application\/ld+json\" class=\"yoast-schema-graph\">{\"@context\":\"https:\\\/\\\/schema.org\",\"@graph\":[{\"@type\":\"WebPage\",\"@id\":\"https:\\\/\\\/theworldbilliards.com\\\/pt-pt\\\/produto\\\/mesa-de-tenis-de-mesa-busan\\\/\",\"url\":\"https:\\\/\\\/theworldbilliards.com\\\/pt-pt\\\/produto\\\/mesa-de-tenis-de-mesa-busan\\\/\",\"name\":\"Mesa de Tenis de mesa Busan - The World Billiards\",\"isPartOf\":{\"@id\":\"https:\\\/\\\/theworldbilliards.com\\\/pt-pt\\\/#website\"},\"primaryImageOfPage\":{\"@id\":\"https:\\\/\\\/theworldbilliards.com\\\/pt-pt\\\/produto\\\/mesa-de-tenis-de-mesa-busan\\\/#primaryimage\"},\"image\":{\"@id\":\"https:\\\/\\\/theworldbilliards.com\\\/pt-pt\\\/produto\\\/mesa-de-tenis-de-mesa-busan\\\/#primaryimage\"},\"thumbnailUrl\":\"https:\\\/\\\/theworldbilliards.com\\\/wp-content\\\/uploads\\\/2025\\\/07\\\/Busan-Tenis-6.jpg\",\"datePublished\":\"2025-07-21T11:28:16+00:00\",\"dateModified\":\"2025-07-22T08:40:43+00:00\",\"description\":\"Busan \u00e9 um t\u00e9nis de mesa modular onde a flexibilidade \u00e9 a chave. Dois elementos separados, unidos pela rede, permitem a realiza\u00e7\u00e3o de grandes partidas, al\u00e9m de receber 16 pessoas sentadas e a desfrutar da uni\u00e3o. Um campo de jogo de madeira sustentado por uma base c\u00f3nica branca e uma partida memor\u00e1vel \u00e0 espera de ser jogada. Estrutura \u2013 Met\u00e1lica Zona de jogo \u2013 Medidas regulamentares: 274 x 152,5 cm, madeira de 25 mm Peso l\u00edquido \u2013 116 kg Altura ao solo \u2013 75 cm Uso \u2013 Interno Acess\u00f3rios inclu\u00eddos: 2 raquetes e 6 bolas Montagem \u2013 A montar\",\"breadcrumb\":{\"@id\":\"https:\\\/\\\/theworldbilliards.com\\\/pt-pt\\\/produto\\\/mesa-de-tenis-de-mesa-busan\\\/#breadcrumb\"},\"inLanguage\":\"pt-PT\",\"potentialAction\":[{\"@type\":\"ReadAction\",\"target\":[\"https:\\\/\\\/theworldbilliards.com\\\/pt-pt\\\/produto\\\/mesa-de-tenis-de-mesa-busan\\\/\"]}]},{\"@type\":\"ImageObject\",\"inLanguage\":\"pt-PT\",\"@id\":\"https:\\\/\\\/theworldbilliards.com\\\/pt-pt\\\/produto\\\/mesa-de-tenis-de-mesa-busan\\\/#primaryimage\",\"url\":\"https:\\\/\\\/theworldbilliards.com\\\/wp-content\\\/uploads\\\/2025\\\/07\\\/Busan-Tenis-6.jpg\",\"contentUrl\":\"https:\\\/\\\/theworldbilliards.com\\\/wp-content\\\/uploads\\\/2025\\\/07\\\/Busan-Tenis-6.jpg\",\"width\":904,\"height\":905},{\"@type\":\"BreadcrumbList\",\"@id\":\"https:\\\/\\\/theworldbilliards.com\\\/pt-pt\\\/produto\\\/mesa-de-tenis-de-mesa-busan\\\/#breadcrumb\",\"itemListElement\":[{\"@type\":\"ListItem\",\"position\":1,\"name\":\"In\u00edcio\",\"item\":\"https:\\\/\\\/theworldbilliards.com\\\/pt-pt\\\/\"},{\"@type\":\"ListItem\",\"position\":2,\"name\":\"Loja online\",\"item\":\"https:\\\/\\\/theworldbilliards.com\\\/pt-pt\\\/loja-theworldbilliards\\\/\"},{\"@type\":\"ListItem\",\"position\":3,\"name\":\"Mesa de Tenis de mesa Busan\"}]},{\"@type\":\"WebSite\",\"@id\":\"https:\\\/\\\/theworldbilliards.com\\\/pt-pt\\\/#website\",\"url\":\"https:\\\/\\\/theworldbilliards.com\\\/pt-pt\\\/\",\"name\":\"TheWorldBilliards\",\"description\":\"Compre aqui bilhar, matraquilho, t\u00eanis de mesa e bowling\",\"publisher\":{\"@id\":\"https:\\\/\\\/theworldbilliards.com\\\/pt-pt\\\/#organization\"},\"alternateName\":\"The world billiards\",\"potentialAction\":[{\"@type\":\"SearchAction\",\"target\":{\"@type\":\"EntryPoint\",\"urlTemplate\":\"https:\\\/\\\/theworldbilliards.com\\\/pt-pt\\\/?s={search_term_string}\"},\"query-input\":{\"@type\":\"PropertyValueSpecification\",\"valueRequired\":true,\"valueName\":\"search_term_string\"}}],\"inLanguage\":\"pt-PT\"},{\"@type\":\"Organization\",\"@id\":\"https:\\\/\\\/theworldbilliards.com\\\/pt-pt\\\/#organization\",\"name\":\"The World Billiards\",\"alternateName\":\"The World Billiards\",\"url\":\"https:\\\/\\\/theworldbilliards.com\\\/pt-pt\\\/\",\"logo\":{\"@type\":\"ImageObject\",\"inLanguage\":\"pt-PT\",\"@id\":\"https:\\\/\\\/theworldbilliards.com\\\/pt-pt\\\/#\\\/schema\\\/logo\\\/image\\\/\",\"url\":\"https:\\\/\\\/theworldbilliards.com\\\/wp-content\\\/uploads\\\/2023\\\/09\\\/logo-2023-TheWorldBilliards.png\",\"contentUrl\":\"https:\\\/\\\/theworldbilliards.com\\\/wp-content\\\/uploads\\\/2023\\\/09\\\/logo-2023-TheWorldBilliards.png\",\"width\":1103,\"height\":417,\"caption\":\"The World Billiards\"},\"image\":{\"@id\":\"https:\\\/\\\/theworldbilliards.com\\\/pt-pt\\\/#\\\/schema\\\/logo\\\/image\\\/\"},\"sameAs\":[\"https:\\\/\\\/www.facebook.com\\\/baby.foot.superbes\",\"https:\\\/\\\/www.youtube.com\\\/channel\\\/UCIMuOVAaUcH6UpZcsZlH0Tg\",\"https:\\\/\\\/www.facebook.com\\\/people\\\/Brunswick-Billiards-EspaaPortugal\\\/100066446264309\\\/\",\"https:\\\/\\\/www.instagram.com\\\/the_world_billiards\\\/\",\"https:\\\/\\\/www.pinterest.es\\\/Theworldbilliards\\\/\"]}]}<\/script>\n<!-- \/ Yoast SEO plugin. -->","yoast_head_json":{"title":"Mesa de Tenis de mesa Busan - The World Billiards","description":"Busan \u00e9 um t\u00e9nis de mesa modular onde a flexibilidade \u00e9 a chave. Dois elementos separados, unidos pela rede, permitem a realiza\u00e7\u00e3o de grandes partidas, al\u00e9m de receber 16 pessoas sentadas e a desfrutar da uni\u00e3o. Um campo de jogo de madeira sustentado por uma base c\u00f3nica branca e uma partida memor\u00e1vel \u00e0 espera de ser jogada.  Estrutura \u2013 Met\u00e1lica Zona de jogo \u2013 Medidas regulamentares: 274 x 152,5 cm, madeira de 25 mm Peso l\u00edquido \u2013 116 kg Altura ao solo \u2013 75 cm Uso \u2013 Interno Acess\u00f3rios inclu\u00eddos: 2 raquetes e 6 bolas Montagem \u2013 A montar","robots":{"index":"index","follow":"follow","max-snippet":"max-snippet:-1","max-image-preview":"max-image-preview:large","max-video-preview":"max-video-preview:-1"},"canonical":"https:\/\/theworldbilliards.com\/pt-pt\/produto\/mesa-de-tenis-de-mesa-busan\/","og_locale":"pt_PT","og_type":"article","og_title":"Mesa de Tenis de mesa Busan - The World Billiards","og_description":"Busan \u00e9 um t\u00e9nis de mesa modular onde a flexibilidade \u00e9 a chave. Dois elementos separados, unidos pela rede, permitem a realiza\u00e7\u00e3o de grandes partidas, al\u00e9m de receber 16 pessoas sentadas e a desfrutar da uni\u00e3o. Um campo de jogo de madeira sustentado por uma base c\u00f3nica branca e uma partida memor\u00e1vel \u00e0 espera de ser jogada.  Estrutura \u2013 Met\u00e1lica Zona de jogo \u2013 Medidas regulamentares: 274 x 152,5 cm, madeira de 25 mm Peso l\u00edquido \u2013 116 kg Altura ao solo \u2013 75 cm Uso \u2013 Interno Acess\u00f3rios inclu\u00eddos: 2 raquetes e 6 bolas Montagem \u2013 A montar","og_url":"https:\/\/theworldbilliards.com\/pt-pt\/produto\/mesa-de-tenis-de-mesa-busan\/","og_site_name":"The World Billiards","article_publisher":"https:\/\/www.facebook.com\/baby.foot.superbes","article_modified_time":"2025-07-22T08:40:43+00:00","og_image":[{"width":904,"height":905,"url":"https:\/\/theworldbilliards.com\/wp-content\/uploads\/2025\/07\/Busan-Tenis-6.jpg","type":"image\/jpeg"}],"twitter_card":"summary_large_image","twitter_misc":{"Tempo estimado de leitura":"1 minuto"},"schema":{"@context":"https:\/\/schema.org","@graph":[{"@type":"WebPage","@id":"https:\/\/theworldbilliards.com\/pt-pt\/produto\/mesa-de-tenis-de-mesa-busan\/","url":"https:\/\/theworldbilliards.com\/pt-pt\/produto\/mesa-de-tenis-de-mesa-busan\/","name":"Mesa de Tenis de mesa Busan - The World Billiards","isPartOf":{"@id":"https:\/\/theworldbilliards.com\/pt-pt\/#website"},"primaryImageOfPage":{"@id":"https:\/\/theworldbilliards.com\/pt-pt\/produto\/mesa-de-tenis-de-mesa-busan\/#primaryimage"},"image":{"@id":"https:\/\/theworldbilliards.com\/pt-pt\/produto\/mesa-de-tenis-de-mesa-busan\/#primaryimage"},"thumbnailUrl":"https:\/\/theworldbilliards.com\/wp-content\/uploads\/2025\/07\/Busan-Tenis-6.jpg","datePublished":"2025-07-21T11:28:16+00:00","dateModified":"2025-07-22T08:40:43+00:00","description":"Busan \u00e9 um t\u00e9nis de mesa modular onde a flexibilidade \u00e9 a chave. Dois elementos separados, unidos pela rede, permitem a realiza\u00e7\u00e3o de grandes partidas, al\u00e9m de receber 16 pessoas sentadas e a desfrutar da uni\u00e3o. Um campo de jogo de madeira sustentado por uma base c\u00f3nica branca e uma partida memor\u00e1vel \u00e0 espera de ser jogada. Estrutura \u2013 Met\u00e1lica Zona de jogo \u2013 Medidas regulamentares: 274 x 152,5 cm, madeira de 25 mm Peso l\u00edquido \u2013 116 kg Altura ao solo \u2013 75 cm Uso \u2013 Interno Acess\u00f3rios inclu\u00eddos: 2 raquetes e 6 bolas Montagem \u2013 A montar","breadcrumb":{"@id":"https:\/\/theworldbilliards.com\/pt-pt\/produto\/mesa-de-tenis-de-mesa-busan\/#breadcrumb"},"inLanguage":"pt-PT","potentialAction":[{"@type":"ReadAction","target":["https:\/\/theworldbilliards.com\/pt-pt\/produto\/mesa-de-tenis-de-mesa-busan\/"]}]},{"@type":"ImageObject","inLanguage":"pt-PT","@id":"https:\/\/theworldbilliards.com\/pt-pt\/produto\/mesa-de-tenis-de-mesa-busan\/#primaryimage","url":"https:\/\/theworldbilliards.com\/wp-content\/uploads\/2025\/07\/Busan-Tenis-6.jpg","contentUrl":"https:\/\/theworldbilliards.com\/wp-content\/uploads\/2025\/07\/Busan-Tenis-6.jpg","width":904,"height":905},{"@type":"BreadcrumbList","@id":"https:\/\/theworldbilliards.com\/pt-pt\/produto\/mesa-de-tenis-de-mesa-busan\/#breadcrumb","itemListElement":[{"@type":"ListItem","position":1,"name":"In\u00edcio","item":"https:\/\/theworldbilliards.com\/pt-pt\/"},{"@type":"ListItem","position":2,"name":"Loja online","item":"https:\/\/theworldbilliards.com\/pt-pt\/loja-theworldbilliards\/"},{"@type":"ListItem","position":3,"name":"Mesa de Tenis de mesa Busan"}]},{"@type":"WebSite","@id":"https:\/\/theworldbilliards.com\/pt-pt\/#website","url":"https:\/\/theworldbilliards.com\/pt-pt\/","name":"TheWorldBilliards","description":"Compre aqui bilhar, matraquilho, t\u00eanis de mesa e bowling","publisher":{"@id":"https:\/\/theworldbilliards.com\/pt-pt\/#organization"},"alternateName":"The world billiards","potentialAction":[{"@type":"SearchAction","target":{"@type":"EntryPoint","urlTemplate":"https:\/\/theworldbilliards.com\/pt-pt\/?s={search_term_string}"},"query-input":{"@type":"PropertyValueSpecification","valueRequired":true,"valueName":"search_term_string"}}],"inLanguage":"pt-PT"},{"@type":"Organization","@id":"https:\/\/theworldbilliards.com\/pt-pt\/#organization","name":"The World Billiards","alternateName":"The World Billiards","url":"https:\/\/theworldbilliards.com\/pt-pt\/","logo":{"@type":"ImageObject","inLanguage":"pt-PT","@id":"https:\/\/theworldbilliards.com\/pt-pt\/#\/schema\/logo\/image\/","url":"https:\/\/theworldbilliards.com\/wp-content\/uploads\/2023\/09\/logo-2023-TheWorldBilliards.png","contentUrl":"https:\/\/theworldbilliards.com\/wp-content\/uploads\/2023\/09\/logo-2023-TheWorldBilliards.png","width":1103,"height":417,"caption":"The World Billiards"},"image":{"@id":"https:\/\/theworldbilliards.com\/pt-pt\/#\/schema\/logo\/image\/"},"sameAs":["https:\/\/www.facebook.com\/baby.foot.superbes","https:\/\/www.youtube.com\/channel\/UCIMuOVAaUcH6UpZcsZlH0Tg","https:\/\/www.facebook.com\/people\/Brunswick-Billiards-EspaaPortugal\/100066446264309\/","https:\/\/www.instagram.com\/the_world_billiards\/","https:\/\/www.pinterest.es\/Theworldbilliards\/"]}]}},"_links":{"self":[{"href":"https:\/\/theworldbilliards.com\/pt-pt\/wp-json\/wp\/v2\/product\/108330","targetHints":{"allow":["GET"]}}],"collection":[{"href":"https:\/\/theworldbilliards.com\/pt-pt\/wp-json\/wp\/v2\/product"}],"about":[{"href":"https:\/\/theworldbilliards.com\/pt-pt\/wp-json\/wp\/v2\/types\/product"}],"wp:featuredmedia":[{"embeddable":true,"href":"https:\/\/theworldbilliards.com\/pt-pt\/wp-json\/wp\/v2\/media\/108359"}],"wp:attachment":[{"href":"https:\/\/theworldbilliards.com\/pt-pt\/wp-json\/wp\/v2\/media?parent=108330"}],"wp:term":[{"taxonomy":"product_brand","embeddable":true,"href":"https:\/\/theworldbilliards.com\/pt-pt\/wp-json\/wp\/v2\/product_brand?post=108330"},{"taxonomy":"product_cat","embeddable":true,"href":"https:\/\/theworldbilliards.com\/pt-pt\/wp-json\/wp\/v2\/product_cat?post=108330"},{"taxonomy":"product_tag","embeddable":true,"href":"https:\/\/theworldbilliards.com\/pt-pt\/wp-json\/wp\/v2\/product_tag?post=108330"}],"curies":[{"name":"wp","href":"https:\/\/api.w.org\/{rel}","templated":true}]}}