{"id":110965,"date":"2026-02-02T11:46:49","date_gmt":"2026-02-02T10:46:49","guid":{"rendered":"https:\/\/theworldbilliards.com\/?post_type=product&#038;p=110965"},"modified":"2026-02-02T12:17:53","modified_gmt":"2026-02-02T11:17:53","slug":"armario-para-vinhos-american-heritage-fairfield","status":"publish","type":"product","link":"https:\/\/theworldbilliards.com\/pt-pt\/produto\/armario-para-vinhos-american-heritage-fairfield\/","title":{"rendered":"Arm\u00e1rio para vinhos American Heritage Fairfield"},"content":{"rendered":"<p>Beleza e funcionalidade unem-se neste magn\u00edfico aparador, com um impressionante acabamento em tom Glacier e detalhes em bronze carv\u00e3o. Os suportes para copos adornam a parte superior interior, enquanto as prateleiras para vinhos completam a pe\u00e7a. Uma superf\u00edcie de trabalho em vidro preto oferece um amplo espa\u00e7o para prepara\u00e7\u00e3o, mistura de bebidas ou qualquer outra atividade que desejar. As majestosas dobradi\u00e7as de piano conferem \u00e0s portas dos arm\u00e1rios uma resist\u00eancia duradoura e um movimento suave que resiste ao teste do tempo. Diversas luzes iluminam a parte superior do arm\u00e1rio, criando uma montra bem iluminada.<\/p>\n","protected":false},"excerpt":{"rendered":"<p>Beleza e funcionalidade unem-se neste magn\u00edfico aparador, com um impressionante acabamento em tom Glacier e detalhes em bronze carv\u00e3o. Os [&hellip;]<\/p>\n","protected":false},"featured_media":111009,"template":"","meta":{"site-sidebar-layout":"default","site-content-layout":"","ast-site-content-layout":"default","site-content-style":"default","site-sidebar-style":"default","ast-global-header-display":"","ast-banner-title-visibility":"","ast-main-header-display":"","ast-hfb-above-header-display":"","ast-hfb-below-header-display":"","ast-hfb-mobile-header-display":"","site-post-title":"","ast-breadcrumbs-content":"","ast-featured-img":"","footer-sml-layout":"","ast-disable-related-posts":"","theme-transparent-header-meta":"default","adv-header-id-meta":"","stick-header-meta":"","header-above-stick-meta":"","header-main-stick-meta":"","header-below-stick-meta":"","astra-migrate-meta-layouts":"default","ast-page-background-enabled":"default","ast-page-background-meta":{"desktop":{"background-color":"var(--ast-global-color-4)","background-image":"","background-repeat":"repeat","background-position":"center center","background-size":"auto","background-attachment":"scroll","background-type":"","background-media":"","overlay-type":"","overlay-color":"","overlay-opacity":"","overlay-gradient":""},"tablet":{"background-color":"","background-image":"","background-repeat":"repeat","background-position":"center center","background-size":"auto","background-attachment":"scroll","background-type":"","background-media":"","overlay-type":"","overlay-color":"","overlay-opacity":"","overlay-gradient":""},"mobile":{"background-color":"","background-image":"","background-repeat":"repeat","background-position":"center center","background-size":"auto","background-attachment":"scroll","background-type":"","background-media":"","overlay-type":"","overlay-color":"","overlay-opacity":"","overlay-gradient":""}},"ast-content-background-meta":{"desktop":{"background-color":"var(--ast-global-color-5)","background-image":"","background-repeat":"repeat","background-position":"center center","background-size":"auto","background-attachment":"scroll","background-type":"","background-media":"","overlay-type":"","overlay-color":"","overlay-opacity":"","overlay-gradient":""},"tablet":{"background-color":"var(--ast-global-color-5)","background-image":"","background-repeat":"repeat","background-position":"center center","background-size":"auto","background-attachment":"scroll","background-type":"","background-media":"","overlay-type":"","overlay-color":"","overlay-opacity":"","overlay-gradient":""},"mobile":{"background-color":"var(--ast-global-color-5)","background-image":"","background-repeat":"repeat","background-position":"center center","background-size":"auto","background-attachment":"scroll","background-type":"","background-media":"","overlay-type":"","overlay-color":"","overlay-opacity":"","overlay-gradient":""}}},"product_brand":[5211],"product_cat":[4094],"product_tag":[],"class_list":{"0":"post-110965","1":"product","2":"type-product","3":"status-publish","4":"has-post-thumbnail","6":"product_brand-american-heritage-billiards-pt-pt","7":"product_cat-moveis","8":"product_shipping_class-matraquilhos-grandes","9":"desktop-align-center","10":"tablet-align-left","11":"mobile-align-left","13":"first","14":"onbackorder","15":"taxable","16":"shipping-taxable","17":"purchasable","18":"product-type-simple"},"yoast_head":"<!-- This site is optimized with the Yoast SEO plugin v27.5 - https:\/\/yoast.com\/product\/yoast-seo-wordpress\/ -->\n<title>Arm\u00e1rio para vinhos American Heritage Fairfield - The World Billiards<\/title>\n<meta name=\"description\" content=\"Beleza e funcionalidade unem-se neste magn\u00edfico aparador, com um impressionante acabamento em tom Glacier e detalhes em bronze carv\u00e3o. Os suportes para copos adornam a parte superior interior, enquanto as prateleiras para vinhos completam a pe\u00e7a. Uma superf\u00edcie de trabalho em vidro preto oferece um amplo espa\u00e7o para prepara\u00e7\u00e3o, mistura de bebidas ou qualquer outra atividade que desejar. As majestosas dobradi\u00e7as de piano conferem \u00e0s portas dos arm\u00e1rios uma resist\u00eancia duradoura e um movimento suave que resiste ao teste do tempo. Diversas luzes iluminam a parte superior do arm\u00e1rio, criando uma montra bem iluminada.\" \/>\n<meta name=\"robots\" content=\"index, follow, max-snippet:-1, max-image-preview:large, max-video-preview:-1\" \/>\n<link rel=\"canonical\" href=\"https:\/\/theworldbilliards.com\/pt-pt\/produto\/armario-para-vinhos-american-heritage-fairfield\/\" \/>\n<meta property=\"og:locale\" content=\"pt_PT\" \/>\n<meta property=\"og:type\" content=\"article\" \/>\n<meta property=\"og:title\" content=\"Arm\u00e1rio para vinhos American Heritage Fairfield - The World Billiards\" \/>\n<meta property=\"og:description\" content=\"Beleza e funcionalidade unem-se neste magn\u00edfico aparador, com um impressionante acabamento em tom Glacier e detalhes em bronze carv\u00e3o. Os suportes para copos adornam a parte superior interior, enquanto as prateleiras para vinhos completam a pe\u00e7a. Uma superf\u00edcie de trabalho em vidro preto oferece um amplo espa\u00e7o para prepara\u00e7\u00e3o, mistura de bebidas ou qualquer outra atividade que desejar. As majestosas dobradi\u00e7as de piano conferem \u00e0s portas dos arm\u00e1rios uma resist\u00eancia duradoura e um movimento suave que resiste ao teste do tempo. Diversas luzes iluminam a parte superior do arm\u00e1rio, criando uma montra bem iluminada.\" \/>\n<meta property=\"og:url\" content=\"https:\/\/theworldbilliards.com\/pt-pt\/produto\/armario-para-vinhos-american-heritage-fairfield\/\" \/>\n<meta property=\"og:site_name\" content=\"The World Billiards\" \/>\n<meta property=\"article:publisher\" content=\"https:\/\/www.facebook.com\/baby.foot.superbes\" \/>\n<meta property=\"article:modified_time\" content=\"2026-02-02T11:17:53+00:00\" \/>\n<meta property=\"og:image\" content=\"https:\/\/theworldbilliards.com\/wp-content\/uploads\/2026\/02\/fairfield-wine-cabinet.jpg\" \/>\n\t<meta property=\"og:image:width\" content=\"795\" \/>\n\t<meta property=\"og:image:height\" content=\"795\" \/>\n\t<meta property=\"og:image:type\" content=\"image\/jpeg\" \/>\n<meta name=\"twitter:card\" content=\"summary_large_image\" \/>\n<script type=\"application\/ld+json\" class=\"yoast-schema-graph\">{\"@context\":\"https:\\\/\\\/schema.org\",\"@graph\":[{\"@type\":\"WebPage\",\"@id\":\"https:\\\/\\\/theworldbilliards.com\\\/pt-pt\\\/produto\\\/armario-para-vinhos-american-heritage-fairfield\\\/\",\"url\":\"https:\\\/\\\/theworldbilliards.com\\\/pt-pt\\\/produto\\\/armario-para-vinhos-american-heritage-fairfield\\\/\",\"name\":\"Arm\u00e1rio para vinhos American Heritage Fairfield - The World Billiards\",\"isPartOf\":{\"@id\":\"https:\\\/\\\/theworldbilliards.com\\\/pt-pt\\\/#website\"},\"primaryImageOfPage\":{\"@id\":\"https:\\\/\\\/theworldbilliards.com\\\/pt-pt\\\/produto\\\/armario-para-vinhos-american-heritage-fairfield\\\/#primaryimage\"},\"image\":{\"@id\":\"https:\\\/\\\/theworldbilliards.com\\\/pt-pt\\\/produto\\\/armario-para-vinhos-american-heritage-fairfield\\\/#primaryimage\"},\"thumbnailUrl\":\"https:\\\/\\\/theworldbilliards.com\\\/wp-content\\\/uploads\\\/2026\\\/02\\\/fairfield-wine-cabinet.jpg\",\"datePublished\":\"2026-02-02T10:46:49+00:00\",\"dateModified\":\"2026-02-02T11:17:53+00:00\",\"description\":\"Beleza e funcionalidade unem-se neste magn\u00edfico aparador, com um impressionante acabamento em tom Glacier e detalhes em bronze carv\u00e3o. Os suportes para copos adornam a parte superior interior, enquanto as prateleiras para vinhos completam a pe\u00e7a. Uma superf\u00edcie de trabalho em vidro preto oferece um amplo espa\u00e7o para prepara\u00e7\u00e3o, mistura de bebidas ou qualquer outra atividade que desejar. As majestosas dobradi\u00e7as de piano conferem \u00e0s portas dos arm\u00e1rios uma resist\u00eancia duradoura e um movimento suave que resiste ao teste do tempo. Diversas luzes iluminam a parte superior do arm\u00e1rio, criando uma montra bem iluminada.\",\"breadcrumb\":{\"@id\":\"https:\\\/\\\/theworldbilliards.com\\\/pt-pt\\\/produto\\\/armario-para-vinhos-american-heritage-fairfield\\\/#breadcrumb\"},\"inLanguage\":\"pt-PT\",\"potentialAction\":[{\"@type\":\"ReadAction\",\"target\":[\"https:\\\/\\\/theworldbilliards.com\\\/pt-pt\\\/produto\\\/armario-para-vinhos-american-heritage-fairfield\\\/\"]}]},{\"@type\":\"ImageObject\",\"inLanguage\":\"pt-PT\",\"@id\":\"https:\\\/\\\/theworldbilliards.com\\\/pt-pt\\\/produto\\\/armario-para-vinhos-american-heritage-fairfield\\\/#primaryimage\",\"url\":\"https:\\\/\\\/theworldbilliards.com\\\/wp-content\\\/uploads\\\/2026\\\/02\\\/fairfield-wine-cabinet.jpg\",\"contentUrl\":\"https:\\\/\\\/theworldbilliards.com\\\/wp-content\\\/uploads\\\/2026\\\/02\\\/fairfield-wine-cabinet.jpg\",\"width\":795,\"height\":795},{\"@type\":\"BreadcrumbList\",\"@id\":\"https:\\\/\\\/theworldbilliards.com\\\/pt-pt\\\/produto\\\/armario-para-vinhos-american-heritage-fairfield\\\/#breadcrumb\",\"itemListElement\":[{\"@type\":\"ListItem\",\"position\":1,\"name\":\"In\u00edcio\",\"item\":\"https:\\\/\\\/theworldbilliards.com\\\/pt-pt\\\/\"},{\"@type\":\"ListItem\",\"position\":2,\"name\":\"Loja online\",\"item\":\"https:\\\/\\\/theworldbilliards.com\\\/pt-pt\\\/loja-theworldbilliards\\\/\"},{\"@type\":\"ListItem\",\"position\":3,\"name\":\"Arm\u00e1rio para vinhos American Heritage Fairfield\"}]},{\"@type\":\"WebSite\",\"@id\":\"https:\\\/\\\/theworldbilliards.com\\\/pt-pt\\\/#website\",\"url\":\"https:\\\/\\\/theworldbilliards.com\\\/pt-pt\\\/\",\"name\":\"TheWorldBilliards\",\"description\":\"Compre aqui bilhar, matraquilho, t\u00eanis de mesa e bowling\",\"publisher\":{\"@id\":\"https:\\\/\\\/theworldbilliards.com\\\/pt-pt\\\/#organization\"},\"alternateName\":\"The world billiards\",\"potentialAction\":[{\"@type\":\"SearchAction\",\"target\":{\"@type\":\"EntryPoint\",\"urlTemplate\":\"https:\\\/\\\/theworldbilliards.com\\\/pt-pt\\\/?s={search_term_string}\"},\"query-input\":{\"@type\":\"PropertyValueSpecification\",\"valueRequired\":true,\"valueName\":\"search_term_string\"}}],\"inLanguage\":\"pt-PT\"},{\"@type\":\"Organization\",\"@id\":\"https:\\\/\\\/theworldbilliards.com\\\/pt-pt\\\/#organization\",\"name\":\"The World Billiards\",\"alternateName\":\"The World Billiards\",\"url\":\"https:\\\/\\\/theworldbilliards.com\\\/pt-pt\\\/\",\"logo\":{\"@type\":\"ImageObject\",\"inLanguage\":\"pt-PT\",\"@id\":\"https:\\\/\\\/theworldbilliards.com\\\/pt-pt\\\/#\\\/schema\\\/logo\\\/image\\\/\",\"url\":\"\",\"contentUrl\":\"\",\"caption\":\"The World Billiards\"},\"image\":{\"@id\":\"https:\\\/\\\/theworldbilliards.com\\\/pt-pt\\\/#\\\/schema\\\/logo\\\/image\\\/\"},\"sameAs\":[\"https:\\\/\\\/www.facebook.com\\\/baby.foot.superbes\",\"https:\\\/\\\/www.youtube.com\\\/channel\\\/UCIMuOVAaUcH6UpZcsZlH0Tg\",\"https:\\\/\\\/www.facebook.com\\\/people\\\/Brunswick-Billiards-EspaaPortugal\\\/100066446264309\\\/\",\"https:\\\/\\\/www.instagram.com\\\/the_world_billiards\\\/\",\"https:\\\/\\\/www.pinterest.es\\\/Theworldbilliards\\\/\"]}]}<\/script>\n<!-- \/ Yoast SEO plugin. -->","yoast_head_json":{"title":"Arm\u00e1rio para vinhos American Heritage Fairfield - The World Billiards","description":"Beleza e funcionalidade unem-se neste magn\u00edfico aparador, com um impressionante acabamento em tom Glacier e detalhes em bronze carv\u00e3o. Os suportes para copos adornam a parte superior interior, enquanto as prateleiras para vinhos completam a pe\u00e7a. Uma superf\u00edcie de trabalho em vidro preto oferece um amplo espa\u00e7o para prepara\u00e7\u00e3o, mistura de bebidas ou qualquer outra atividade que desejar. As majestosas dobradi\u00e7as de piano conferem \u00e0s portas dos arm\u00e1rios uma resist\u00eancia duradoura e um movimento suave que resiste ao teste do tempo. Diversas luzes iluminam a parte superior do arm\u00e1rio, criando uma montra bem iluminada.","robots":{"index":"index","follow":"follow","max-snippet":"max-snippet:-1","max-image-preview":"max-image-preview:large","max-video-preview":"max-video-preview:-1"},"canonical":"https:\/\/theworldbilliards.com\/pt-pt\/produto\/armario-para-vinhos-american-heritage-fairfield\/","og_locale":"pt_PT","og_type":"article","og_title":"Arm\u00e1rio para vinhos American Heritage Fairfield - The World Billiards","og_description":"Beleza e funcionalidade unem-se neste magn\u00edfico aparador, com um impressionante acabamento em tom Glacier e detalhes em bronze carv\u00e3o. Os suportes para copos adornam a parte superior interior, enquanto as prateleiras para vinhos completam a pe\u00e7a. Uma superf\u00edcie de trabalho em vidro preto oferece um amplo espa\u00e7o para prepara\u00e7\u00e3o, mistura de bebidas ou qualquer outra atividade que desejar. As majestosas dobradi\u00e7as de piano conferem \u00e0s portas dos arm\u00e1rios uma resist\u00eancia duradoura e um movimento suave que resiste ao teste do tempo. Diversas luzes iluminam a parte superior do arm\u00e1rio, criando uma montra bem iluminada.","og_url":"https:\/\/theworldbilliards.com\/pt-pt\/produto\/armario-para-vinhos-american-heritage-fairfield\/","og_site_name":"The World Billiards","article_publisher":"https:\/\/www.facebook.com\/baby.foot.superbes","article_modified_time":"2026-02-02T11:17:53+00:00","og_image":[{"width":795,"height":795,"url":"https:\/\/theworldbilliards.com\/wp-content\/uploads\/2026\/02\/fairfield-wine-cabinet.jpg","type":"image\/jpeg"}],"twitter_card":"summary_large_image","schema":{"@context":"https:\/\/schema.org","@graph":[{"@type":"WebPage","@id":"https:\/\/theworldbilliards.com\/pt-pt\/produto\/armario-para-vinhos-american-heritage-fairfield\/","url":"https:\/\/theworldbilliards.com\/pt-pt\/produto\/armario-para-vinhos-american-heritage-fairfield\/","name":"Arm\u00e1rio para vinhos American Heritage Fairfield - The World Billiards","isPartOf":{"@id":"https:\/\/theworldbilliards.com\/pt-pt\/#website"},"primaryImageOfPage":{"@id":"https:\/\/theworldbilliards.com\/pt-pt\/produto\/armario-para-vinhos-american-heritage-fairfield\/#primaryimage"},"image":{"@id":"https:\/\/theworldbilliards.com\/pt-pt\/produto\/armario-para-vinhos-american-heritage-fairfield\/#primaryimage"},"thumbnailUrl":"https:\/\/theworldbilliards.com\/wp-content\/uploads\/2026\/02\/fairfield-wine-cabinet.jpg","datePublished":"2026-02-02T10:46:49+00:00","dateModified":"2026-02-02T11:17:53+00:00","description":"Beleza e funcionalidade unem-se neste magn\u00edfico aparador, com um impressionante acabamento em tom Glacier e detalhes em bronze carv\u00e3o. Os suportes para copos adornam a parte superior interior, enquanto as prateleiras para vinhos completam a pe\u00e7a. Uma superf\u00edcie de trabalho em vidro preto oferece um amplo espa\u00e7o para prepara\u00e7\u00e3o, mistura de bebidas ou qualquer outra atividade que desejar. As majestosas dobradi\u00e7as de piano conferem \u00e0s portas dos arm\u00e1rios uma resist\u00eancia duradoura e um movimento suave que resiste ao teste do tempo. Diversas luzes iluminam a parte superior do arm\u00e1rio, criando uma montra bem iluminada.","breadcrumb":{"@id":"https:\/\/theworldbilliards.com\/pt-pt\/produto\/armario-para-vinhos-american-heritage-fairfield\/#breadcrumb"},"inLanguage":"pt-PT","potentialAction":[{"@type":"ReadAction","target":["https:\/\/theworldbilliards.com\/pt-pt\/produto\/armario-para-vinhos-american-heritage-fairfield\/"]}]},{"@type":"ImageObject","inLanguage":"pt-PT","@id":"https:\/\/theworldbilliards.com\/pt-pt\/produto\/armario-para-vinhos-american-heritage-fairfield\/#primaryimage","url":"https:\/\/theworldbilliards.com\/wp-content\/uploads\/2026\/02\/fairfield-wine-cabinet.jpg","contentUrl":"https:\/\/theworldbilliards.com\/wp-content\/uploads\/2026\/02\/fairfield-wine-cabinet.jpg","width":795,"height":795},{"@type":"BreadcrumbList","@id":"https:\/\/theworldbilliards.com\/pt-pt\/produto\/armario-para-vinhos-american-heritage-fairfield\/#breadcrumb","itemListElement":[{"@type":"ListItem","position":1,"name":"In\u00edcio","item":"https:\/\/theworldbilliards.com\/pt-pt\/"},{"@type":"ListItem","position":2,"name":"Loja online","item":"https:\/\/theworldbilliards.com\/pt-pt\/loja-theworldbilliards\/"},{"@type":"ListItem","position":3,"name":"Arm\u00e1rio para vinhos American Heritage Fairfield"}]},{"@type":"WebSite","@id":"https:\/\/theworldbilliards.com\/pt-pt\/#website","url":"https:\/\/theworldbilliards.com\/pt-pt\/","name":"TheWorldBilliards","description":"Compre aqui bilhar, matraquilho, t\u00eanis de mesa e bowling","publisher":{"@id":"https:\/\/theworldbilliards.com\/pt-pt\/#organization"},"alternateName":"The world billiards","potentialAction":[{"@type":"SearchAction","target":{"@type":"EntryPoint","urlTemplate":"https:\/\/theworldbilliards.com\/pt-pt\/?s={search_term_string}"},"query-input":{"@type":"PropertyValueSpecification","valueRequired":true,"valueName":"search_term_string"}}],"inLanguage":"pt-PT"},{"@type":"Organization","@id":"https:\/\/theworldbilliards.com\/pt-pt\/#organization","name":"The World Billiards","alternateName":"The World Billiards","url":"https:\/\/theworldbilliards.com\/pt-pt\/","logo":{"@type":"ImageObject","inLanguage":"pt-PT","@id":"https:\/\/theworldbilliards.com\/pt-pt\/#\/schema\/logo\/image\/","url":"","contentUrl":"","caption":"The World Billiards"},"image":{"@id":"https:\/\/theworldbilliards.com\/pt-pt\/#\/schema\/logo\/image\/"},"sameAs":["https:\/\/www.facebook.com\/baby.foot.superbes","https:\/\/www.youtube.com\/channel\/UCIMuOVAaUcH6UpZcsZlH0Tg","https:\/\/www.facebook.com\/people\/Brunswick-Billiards-EspaaPortugal\/100066446264309\/","https:\/\/www.instagram.com\/the_world_billiards\/","https:\/\/www.pinterest.es\/Theworldbilliards\/"]}]}},"_links":{"self":[{"href":"https:\/\/theworldbilliards.com\/pt-pt\/wp-json\/wp\/v2\/product\/110965","targetHints":{"allow":["GET"]}}],"collection":[{"href":"https:\/\/theworldbilliards.com\/pt-pt\/wp-json\/wp\/v2\/product"}],"about":[{"href":"https:\/\/theworldbilliards.com\/pt-pt\/wp-json\/wp\/v2\/types\/product"}],"wp:featuredmedia":[{"embeddable":true,"href":"https:\/\/theworldbilliards.com\/pt-pt\/wp-json\/wp\/v2\/media\/111009"}],"wp:attachment":[{"href":"https:\/\/theworldbilliards.com\/pt-pt\/wp-json\/wp\/v2\/media?parent=110965"}],"wp:term":[{"taxonomy":"product_brand","embeddable":true,"href":"https:\/\/theworldbilliards.com\/pt-pt\/wp-json\/wp\/v2\/product_brand?post=110965"},{"taxonomy":"product_cat","embeddable":true,"href":"https:\/\/theworldbilliards.com\/pt-pt\/wp-json\/wp\/v2\/product_cat?post=110965"},{"taxonomy":"product_tag","embeddable":true,"href":"https:\/\/theworldbilliards.com\/pt-pt\/wp-json\/wp\/v2\/product_tag?post=110965"}],"curies":[{"name":"wp","href":"https:\/\/api.w.org\/{rel}","templated":true}]}}