{"id":111178,"date":"2026-02-03T13:46:36","date_gmt":"2026-02-03T12:46:36","guid":{"rendered":"https:\/\/theworldbilliards.com\/?post_type=product&#038;p=111178"},"modified":"2026-02-03T13:52:01","modified_gmt":"2026-02-03T12:52:01","slug":"armario-de-vinhos-e-bebidas-espirituosas-american-heritage-knoxville","status":"publish","type":"product","link":"https:\/\/theworldbilliards.com\/pt-pt\/produto\/armario-de-vinhos-e-bebidas-espirituosas-american-heritage-knoxville\/","title":{"rendered":"Arm\u00e1rio de vinhos e bebidas espirituosas American Heritage Knoxville"},"content":{"rendered":"<p>Este arm\u00e1rio para vinhos e bebidas, com um design urbano e r\u00fastico, \u00e9 altamente funcional e oferece um amplo espa\u00e7o de arruma\u00e7\u00e3o. O acabamento em ac\u00e1cia com tons quentes e os puxadores em preto mate conferem a esta pe\u00e7a versatilidade a versatilidade ideal para complementar a sua sala de jogos. Uma bancada de vidro preto proporciona um amplo espa\u00e7o para prepara\u00e7\u00e3o, mistura de bebidas ou qualquer outra atividade que desejar. As robustas dobradi\u00e7as tipo piano garantem resist\u00eancia e um funcionamento suave e duradouro das portas dos arm\u00e1rios. Diversas luzes iluminam a parte superior do arm\u00e1rio, criando uma montra bem iluminada.<\/p>\n","protected":false},"excerpt":{"rendered":"<p>Este arm\u00e1rio para vinhos e bebidas, com um design urbano e r\u00fastico, \u00e9 altamente funcional e oferece um amplo espa\u00e7o [&hellip;]<\/p>\n","protected":false},"featured_media":111198,"template":"","meta":{"site-sidebar-layout":"default","site-content-layout":"","ast-site-content-layout":"default","site-content-style":"default","site-sidebar-style":"default","ast-global-header-display":"","ast-banner-title-visibility":"","ast-main-header-display":"","ast-hfb-above-header-display":"","ast-hfb-below-header-display":"","ast-hfb-mobile-header-display":"","site-post-title":"","ast-breadcrumbs-content":"","ast-featured-img":"","footer-sml-layout":"","ast-disable-related-posts":"","theme-transparent-header-meta":"default","adv-header-id-meta":"","stick-header-meta":"","header-above-stick-meta":"","header-main-stick-meta":"","header-below-stick-meta":"","astra-migrate-meta-layouts":"default","ast-page-background-enabled":"default","ast-page-background-meta":{"desktop":{"background-color":"var(--ast-global-color-4)","background-image":"","background-repeat":"repeat","background-position":"center center","background-size":"auto","background-attachment":"scroll","background-type":"","background-media":"","overlay-type":"","overlay-color":"","overlay-opacity":"","overlay-gradient":""},"tablet":{"background-color":"","background-image":"","background-repeat":"repeat","background-position":"center center","background-size":"auto","background-attachment":"scroll","background-type":"","background-media":"","overlay-type":"","overlay-color":"","overlay-opacity":"","overlay-gradient":""},"mobile":{"background-color":"","background-image":"","background-repeat":"repeat","background-position":"center center","background-size":"auto","background-attachment":"scroll","background-type":"","background-media":"","overlay-type":"","overlay-color":"","overlay-opacity":"","overlay-gradient":""}},"ast-content-background-meta":{"desktop":{"background-color":"var(--ast-global-color-5)","background-image":"","background-repeat":"repeat","background-position":"center center","background-size":"auto","background-attachment":"scroll","background-type":"","background-media":"","overlay-type":"","overlay-color":"","overlay-opacity":"","overlay-gradient":""},"tablet":{"background-color":"var(--ast-global-color-5)","background-image":"","background-repeat":"repeat","background-position":"center center","background-size":"auto","background-attachment":"scroll","background-type":"","background-media":"","overlay-type":"","overlay-color":"","overlay-opacity":"","overlay-gradient":""},"mobile":{"background-color":"var(--ast-global-color-5)","background-image":"","background-repeat":"repeat","background-position":"center center","background-size":"auto","background-attachment":"scroll","background-type":"","background-media":"","overlay-type":"","overlay-color":"","overlay-opacity":"","overlay-gradient":""}}},"product_brand":[5211],"product_cat":[4094],"product_tag":[],"class_list":{"0":"post-111178","1":"product","2":"type-product","3":"status-publish","4":"has-post-thumbnail","6":"product_brand-american-heritage-billiards-pt-pt","7":"product_cat-moveis","8":"product_shipping_class-matraquilhos-grandes","9":"desktop-align-center","10":"tablet-align-left","11":"mobile-align-left","13":"first","14":"onbackorder","15":"taxable","16":"shipping-taxable","17":"purchasable","18":"product-type-simple"},"yoast_head":"<!-- This site is optimized with the Yoast SEO plugin v27.4 - https:\/\/yoast.com\/product\/yoast-seo-wordpress\/ -->\n<title>Arm\u00e1rio de vinhos e bebidas espirituosas American Heritage Knoxville - The World Billiards<\/title>\n<meta name=\"description\" content=\"Este arm\u00e1rio para vinhos e bebidas, com um design urbano e r\u00fastico, \u00e9 altamente funcional e oferece um amplo espa\u00e7o de arruma\u00e7\u00e3o. O acabamento em ac\u00e1cia com tons quentes e os puxadores em preto mate conferem a esta pe\u00e7a versatilidade a versatilidade ideal para complementar a sua sala de jogos. Uma bancada de vidro preto proporciona um amplo espa\u00e7o para prepara\u00e7\u00e3o, mistura de bebidas ou qualquer outra atividade que desejar. As robustas dobradi\u00e7as tipo piano garantem resist\u00eancia e um funcionamento suave e duradouro das portas dos arm\u00e1rios. Diversas luzes iluminam a parte superior do arm\u00e1rio, criando uma montra bem iluminada.\" \/>\n<meta name=\"robots\" content=\"index, follow, max-snippet:-1, max-image-preview:large, max-video-preview:-1\" \/>\n<link rel=\"canonical\" href=\"https:\/\/theworldbilliards.com\/pt-pt\/produto\/armario-de-vinhos-e-bebidas-espirituosas-american-heritage-knoxville\/\" \/>\n<meta property=\"og:locale\" content=\"pt_PT\" \/>\n<meta property=\"og:type\" content=\"article\" \/>\n<meta property=\"og:title\" content=\"Arm\u00e1rio de vinhos e bebidas espirituosas American Heritage Knoxville - The World Billiards\" \/>\n<meta property=\"og:description\" content=\"Este arm\u00e1rio para vinhos e bebidas, com um design urbano e r\u00fastico, \u00e9 altamente funcional e oferece um amplo espa\u00e7o de arruma\u00e7\u00e3o. O acabamento em ac\u00e1cia com tons quentes e os puxadores em preto mate conferem a esta pe\u00e7a versatilidade a versatilidade ideal para complementar a sua sala de jogos. Uma bancada de vidro preto proporciona um amplo espa\u00e7o para prepara\u00e7\u00e3o, mistura de bebidas ou qualquer outra atividade que desejar. As robustas dobradi\u00e7as tipo piano garantem resist\u00eancia e um funcionamento suave e duradouro das portas dos arm\u00e1rios. Diversas luzes iluminam a parte superior do arm\u00e1rio, criando uma montra bem iluminada.\" \/>\n<meta property=\"og:url\" content=\"https:\/\/theworldbilliards.com\/pt-pt\/produto\/armario-de-vinhos-e-bebidas-espirituosas-american-heritage-knoxville\/\" \/>\n<meta property=\"og:site_name\" content=\"The World Billiards\" \/>\n<meta property=\"article:publisher\" content=\"https:\/\/www.facebook.com\/baby.foot.superbes\" \/>\n<meta property=\"article:modified_time\" content=\"2026-02-03T12:52:01+00:00\" \/>\n<meta property=\"og:image\" content=\"https:\/\/theworldbilliards.com\/wp-content\/uploads\/2026\/02\/WineCabinet-Knoxville.png\" \/>\n\t<meta property=\"og:image:width\" content=\"990\" \/>\n\t<meta property=\"og:image:height\" content=\"990\" \/>\n\t<meta property=\"og:image:type\" content=\"image\/png\" \/>\n<meta name=\"twitter:card\" content=\"summary_large_image\" \/>\n<script type=\"application\/ld+json\" class=\"yoast-schema-graph\">{\"@context\":\"https:\\\/\\\/schema.org\",\"@graph\":[{\"@type\":\"WebPage\",\"@id\":\"https:\\\/\\\/theworldbilliards.com\\\/pt-pt\\\/produto\\\/armario-de-vinhos-e-bebidas-espirituosas-american-heritage-knoxville\\\/\",\"url\":\"https:\\\/\\\/theworldbilliards.com\\\/pt-pt\\\/produto\\\/armario-de-vinhos-e-bebidas-espirituosas-american-heritage-knoxville\\\/\",\"name\":\"Arm\u00e1rio de vinhos e bebidas espirituosas American Heritage Knoxville - The World Billiards\",\"isPartOf\":{\"@id\":\"https:\\\/\\\/theworldbilliards.com\\\/pt-pt\\\/#website\"},\"primaryImageOfPage\":{\"@id\":\"https:\\\/\\\/theworldbilliards.com\\\/pt-pt\\\/produto\\\/armario-de-vinhos-e-bebidas-espirituosas-american-heritage-knoxville\\\/#primaryimage\"},\"image\":{\"@id\":\"https:\\\/\\\/theworldbilliards.com\\\/pt-pt\\\/produto\\\/armario-de-vinhos-e-bebidas-espirituosas-american-heritage-knoxville\\\/#primaryimage\"},\"thumbnailUrl\":\"https:\\\/\\\/theworldbilliards.com\\\/wp-content\\\/uploads\\\/2026\\\/02\\\/WineCabinet-Knoxville.png\",\"datePublished\":\"2026-02-03T12:46:36+00:00\",\"dateModified\":\"2026-02-03T12:52:01+00:00\",\"description\":\"Este arm\u00e1rio para vinhos e bebidas, com um design urbano e r\u00fastico, \u00e9 altamente funcional e oferece um amplo espa\u00e7o de arruma\u00e7\u00e3o. O acabamento em ac\u00e1cia com tons quentes e os puxadores em preto mate conferem a esta pe\u00e7a versatilidade a versatilidade ideal para complementar a sua sala de jogos. Uma bancada de vidro preto proporciona um amplo espa\u00e7o para prepara\u00e7\u00e3o, mistura de bebidas ou qualquer outra atividade que desejar. As robustas dobradi\u00e7as tipo piano garantem resist\u00eancia e um funcionamento suave e duradouro das portas dos arm\u00e1rios. Diversas luzes iluminam a parte superior do arm\u00e1rio, criando uma montra bem iluminada.\",\"breadcrumb\":{\"@id\":\"https:\\\/\\\/theworldbilliards.com\\\/pt-pt\\\/produto\\\/armario-de-vinhos-e-bebidas-espirituosas-american-heritage-knoxville\\\/#breadcrumb\"},\"inLanguage\":\"pt-PT\",\"potentialAction\":[{\"@type\":\"ReadAction\",\"target\":[\"https:\\\/\\\/theworldbilliards.com\\\/pt-pt\\\/produto\\\/armario-de-vinhos-e-bebidas-espirituosas-american-heritage-knoxville\\\/\"]}]},{\"@type\":\"ImageObject\",\"inLanguage\":\"pt-PT\",\"@id\":\"https:\\\/\\\/theworldbilliards.com\\\/pt-pt\\\/produto\\\/armario-de-vinhos-e-bebidas-espirituosas-american-heritage-knoxville\\\/#primaryimage\",\"url\":\"https:\\\/\\\/theworldbilliards.com\\\/wp-content\\\/uploads\\\/2026\\\/02\\\/WineCabinet-Knoxville.png\",\"contentUrl\":\"https:\\\/\\\/theworldbilliards.com\\\/wp-content\\\/uploads\\\/2026\\\/02\\\/WineCabinet-Knoxville.png\",\"width\":990,\"height\":990},{\"@type\":\"BreadcrumbList\",\"@id\":\"https:\\\/\\\/theworldbilliards.com\\\/pt-pt\\\/produto\\\/armario-de-vinhos-e-bebidas-espirituosas-american-heritage-knoxville\\\/#breadcrumb\",\"itemListElement\":[{\"@type\":\"ListItem\",\"position\":1,\"name\":\"In\u00edcio\",\"item\":\"https:\\\/\\\/theworldbilliards.com\\\/pt-pt\\\/\"},{\"@type\":\"ListItem\",\"position\":2,\"name\":\"Loja online\",\"item\":\"https:\\\/\\\/theworldbilliards.com\\\/pt-pt\\\/loja-theworldbilliards\\\/\"},{\"@type\":\"ListItem\",\"position\":3,\"name\":\"Arm\u00e1rio de vinhos e bebidas espirituosas American Heritage Knoxville\"}]},{\"@type\":\"WebSite\",\"@id\":\"https:\\\/\\\/theworldbilliards.com\\\/pt-pt\\\/#website\",\"url\":\"https:\\\/\\\/theworldbilliards.com\\\/pt-pt\\\/\",\"name\":\"TheWorldBilliards\",\"description\":\"Compre aqui bilhar, matraquilho, t\u00eanis de mesa e bowling\",\"publisher\":{\"@id\":\"https:\\\/\\\/theworldbilliards.com\\\/pt-pt\\\/#organization\"},\"alternateName\":\"The world billiards\",\"potentialAction\":[{\"@type\":\"SearchAction\",\"target\":{\"@type\":\"EntryPoint\",\"urlTemplate\":\"https:\\\/\\\/theworldbilliards.com\\\/pt-pt\\\/?s={search_term_string}\"},\"query-input\":{\"@type\":\"PropertyValueSpecification\",\"valueRequired\":true,\"valueName\":\"search_term_string\"}}],\"inLanguage\":\"pt-PT\"},{\"@type\":\"Organization\",\"@id\":\"https:\\\/\\\/theworldbilliards.com\\\/pt-pt\\\/#organization\",\"name\":\"The World Billiards\",\"alternateName\":\"The World Billiards\",\"url\":\"https:\\\/\\\/theworldbilliards.com\\\/pt-pt\\\/\",\"logo\":{\"@type\":\"ImageObject\",\"inLanguage\":\"pt-PT\",\"@id\":\"https:\\\/\\\/theworldbilliards.com\\\/pt-pt\\\/#\\\/schema\\\/logo\\\/image\\\/\",\"url\":\"\",\"contentUrl\":\"\",\"caption\":\"The World Billiards\"},\"image\":{\"@id\":\"https:\\\/\\\/theworldbilliards.com\\\/pt-pt\\\/#\\\/schema\\\/logo\\\/image\\\/\"},\"sameAs\":[\"https:\\\/\\\/www.facebook.com\\\/baby.foot.superbes\",\"https:\\\/\\\/www.youtube.com\\\/channel\\\/UCIMuOVAaUcH6UpZcsZlH0Tg\",\"https:\\\/\\\/www.facebook.com\\\/people\\\/Brunswick-Billiards-EspaaPortugal\\\/100066446264309\\\/\",\"https:\\\/\\\/www.instagram.com\\\/the_world_billiards\\\/\",\"https:\\\/\\\/www.pinterest.es\\\/Theworldbilliards\\\/\"]}]}<\/script>\n<!-- \/ Yoast SEO plugin. -->","yoast_head_json":{"title":"Arm\u00e1rio de vinhos e bebidas espirituosas American Heritage Knoxville - The World Billiards","description":"Este arm\u00e1rio para vinhos e bebidas, com um design urbano e r\u00fastico, \u00e9 altamente funcional e oferece um amplo espa\u00e7o de arruma\u00e7\u00e3o. O acabamento em ac\u00e1cia com tons quentes e os puxadores em preto mate conferem a esta pe\u00e7a versatilidade a versatilidade ideal para complementar a sua sala de jogos. Uma bancada de vidro preto proporciona um amplo espa\u00e7o para prepara\u00e7\u00e3o, mistura de bebidas ou qualquer outra atividade que desejar. As robustas dobradi\u00e7as tipo piano garantem resist\u00eancia e um funcionamento suave e duradouro das portas dos arm\u00e1rios. Diversas luzes iluminam a parte superior do arm\u00e1rio, criando uma montra bem iluminada.","robots":{"index":"index","follow":"follow","max-snippet":"max-snippet:-1","max-image-preview":"max-image-preview:large","max-video-preview":"max-video-preview:-1"},"canonical":"https:\/\/theworldbilliards.com\/pt-pt\/produto\/armario-de-vinhos-e-bebidas-espirituosas-american-heritage-knoxville\/","og_locale":"pt_PT","og_type":"article","og_title":"Arm\u00e1rio de vinhos e bebidas espirituosas American Heritage Knoxville - The World Billiards","og_description":"Este arm\u00e1rio para vinhos e bebidas, com um design urbano e r\u00fastico, \u00e9 altamente funcional e oferece um amplo espa\u00e7o de arruma\u00e7\u00e3o. O acabamento em ac\u00e1cia com tons quentes e os puxadores em preto mate conferem a esta pe\u00e7a versatilidade a versatilidade ideal para complementar a sua sala de jogos. Uma bancada de vidro preto proporciona um amplo espa\u00e7o para prepara\u00e7\u00e3o, mistura de bebidas ou qualquer outra atividade que desejar. As robustas dobradi\u00e7as tipo piano garantem resist\u00eancia e um funcionamento suave e duradouro das portas dos arm\u00e1rios. Diversas luzes iluminam a parte superior do arm\u00e1rio, criando uma montra bem iluminada.","og_url":"https:\/\/theworldbilliards.com\/pt-pt\/produto\/armario-de-vinhos-e-bebidas-espirituosas-american-heritage-knoxville\/","og_site_name":"The World Billiards","article_publisher":"https:\/\/www.facebook.com\/baby.foot.superbes","article_modified_time":"2026-02-03T12:52:01+00:00","og_image":[{"width":990,"height":990,"url":"https:\/\/theworldbilliards.com\/wp-content\/uploads\/2026\/02\/WineCabinet-Knoxville.png","type":"image\/png"}],"twitter_card":"summary_large_image","schema":{"@context":"https:\/\/schema.org","@graph":[{"@type":"WebPage","@id":"https:\/\/theworldbilliards.com\/pt-pt\/produto\/armario-de-vinhos-e-bebidas-espirituosas-american-heritage-knoxville\/","url":"https:\/\/theworldbilliards.com\/pt-pt\/produto\/armario-de-vinhos-e-bebidas-espirituosas-american-heritage-knoxville\/","name":"Arm\u00e1rio de vinhos e bebidas espirituosas American Heritage Knoxville - The World Billiards","isPartOf":{"@id":"https:\/\/theworldbilliards.com\/pt-pt\/#website"},"primaryImageOfPage":{"@id":"https:\/\/theworldbilliards.com\/pt-pt\/produto\/armario-de-vinhos-e-bebidas-espirituosas-american-heritage-knoxville\/#primaryimage"},"image":{"@id":"https:\/\/theworldbilliards.com\/pt-pt\/produto\/armario-de-vinhos-e-bebidas-espirituosas-american-heritage-knoxville\/#primaryimage"},"thumbnailUrl":"https:\/\/theworldbilliards.com\/wp-content\/uploads\/2026\/02\/WineCabinet-Knoxville.png","datePublished":"2026-02-03T12:46:36+00:00","dateModified":"2026-02-03T12:52:01+00:00","description":"Este arm\u00e1rio para vinhos e bebidas, com um design urbano e r\u00fastico, \u00e9 altamente funcional e oferece um amplo espa\u00e7o de arruma\u00e7\u00e3o. O acabamento em ac\u00e1cia com tons quentes e os puxadores em preto mate conferem a esta pe\u00e7a versatilidade a versatilidade ideal para complementar a sua sala de jogos. Uma bancada de vidro preto proporciona um amplo espa\u00e7o para prepara\u00e7\u00e3o, mistura de bebidas ou qualquer outra atividade que desejar. As robustas dobradi\u00e7as tipo piano garantem resist\u00eancia e um funcionamento suave e duradouro das portas dos arm\u00e1rios. Diversas luzes iluminam a parte superior do arm\u00e1rio, criando uma montra bem iluminada.","breadcrumb":{"@id":"https:\/\/theworldbilliards.com\/pt-pt\/produto\/armario-de-vinhos-e-bebidas-espirituosas-american-heritage-knoxville\/#breadcrumb"},"inLanguage":"pt-PT","potentialAction":[{"@type":"ReadAction","target":["https:\/\/theworldbilliards.com\/pt-pt\/produto\/armario-de-vinhos-e-bebidas-espirituosas-american-heritage-knoxville\/"]}]},{"@type":"ImageObject","inLanguage":"pt-PT","@id":"https:\/\/theworldbilliards.com\/pt-pt\/produto\/armario-de-vinhos-e-bebidas-espirituosas-american-heritage-knoxville\/#primaryimage","url":"https:\/\/theworldbilliards.com\/wp-content\/uploads\/2026\/02\/WineCabinet-Knoxville.png","contentUrl":"https:\/\/theworldbilliards.com\/wp-content\/uploads\/2026\/02\/WineCabinet-Knoxville.png","width":990,"height":990},{"@type":"BreadcrumbList","@id":"https:\/\/theworldbilliards.com\/pt-pt\/produto\/armario-de-vinhos-e-bebidas-espirituosas-american-heritage-knoxville\/#breadcrumb","itemListElement":[{"@type":"ListItem","position":1,"name":"In\u00edcio","item":"https:\/\/theworldbilliards.com\/pt-pt\/"},{"@type":"ListItem","position":2,"name":"Loja online","item":"https:\/\/theworldbilliards.com\/pt-pt\/loja-theworldbilliards\/"},{"@type":"ListItem","position":3,"name":"Arm\u00e1rio de vinhos e bebidas espirituosas American Heritage Knoxville"}]},{"@type":"WebSite","@id":"https:\/\/theworldbilliards.com\/pt-pt\/#website","url":"https:\/\/theworldbilliards.com\/pt-pt\/","name":"TheWorldBilliards","description":"Compre aqui bilhar, matraquilho, t\u00eanis de mesa e bowling","publisher":{"@id":"https:\/\/theworldbilliards.com\/pt-pt\/#organization"},"alternateName":"The world billiards","potentialAction":[{"@type":"SearchAction","target":{"@type":"EntryPoint","urlTemplate":"https:\/\/theworldbilliards.com\/pt-pt\/?s={search_term_string}"},"query-input":{"@type":"PropertyValueSpecification","valueRequired":true,"valueName":"search_term_string"}}],"inLanguage":"pt-PT"},{"@type":"Organization","@id":"https:\/\/theworldbilliards.com\/pt-pt\/#organization","name":"The World Billiards","alternateName":"The World Billiards","url":"https:\/\/theworldbilliards.com\/pt-pt\/","logo":{"@type":"ImageObject","inLanguage":"pt-PT","@id":"https:\/\/theworldbilliards.com\/pt-pt\/#\/schema\/logo\/image\/","url":"","contentUrl":"","caption":"The World Billiards"},"image":{"@id":"https:\/\/theworldbilliards.com\/pt-pt\/#\/schema\/logo\/image\/"},"sameAs":["https:\/\/www.facebook.com\/baby.foot.superbes","https:\/\/www.youtube.com\/channel\/UCIMuOVAaUcH6UpZcsZlH0Tg","https:\/\/www.facebook.com\/people\/Brunswick-Billiards-EspaaPortugal\/100066446264309\/","https:\/\/www.instagram.com\/the_world_billiards\/","https:\/\/www.pinterest.es\/Theworldbilliards\/"]}]}},"_links":{"self":[{"href":"https:\/\/theworldbilliards.com\/pt-pt\/wp-json\/wp\/v2\/product\/111178","targetHints":{"allow":["GET"]}}],"collection":[{"href":"https:\/\/theworldbilliards.com\/pt-pt\/wp-json\/wp\/v2\/product"}],"about":[{"href":"https:\/\/theworldbilliards.com\/pt-pt\/wp-json\/wp\/v2\/types\/product"}],"wp:featuredmedia":[{"embeddable":true,"href":"https:\/\/theworldbilliards.com\/pt-pt\/wp-json\/wp\/v2\/media\/111198"}],"wp:attachment":[{"href":"https:\/\/theworldbilliards.com\/pt-pt\/wp-json\/wp\/v2\/media?parent=111178"}],"wp:term":[{"taxonomy":"product_brand","embeddable":true,"href":"https:\/\/theworldbilliards.com\/pt-pt\/wp-json\/wp\/v2\/product_brand?post=111178"},{"taxonomy":"product_cat","embeddable":true,"href":"https:\/\/theworldbilliards.com\/pt-pt\/wp-json\/wp\/v2\/product_cat?post=111178"},{"taxonomy":"product_tag","embeddable":true,"href":"https:\/\/theworldbilliards.com\/pt-pt\/wp-json\/wp\/v2\/product_tag?post=111178"}],"curies":[{"name":"wp","href":"https:\/\/api.w.org\/{rel}","templated":true}]}}