{"id":111347,"date":"2026-02-04T12:40:49","date_gmt":"2026-02-04T11:40:49","guid":{"rendered":"https:\/\/theworldbilliards.com\/?post_type=product&#038;p=111347"},"modified":"2026-02-04T13:57:45","modified_gmt":"2026-02-04T12:57:45","slug":"tampo-de-jantar-american-heritage-alta","status":"publish","type":"product","link":"https:\/\/theworldbilliards.com\/pt-pt\/produto\/tampo-de-jantar-american-heritage-alta\/","title":{"rendered":"Tampo de jantar American Heritage Alta"},"content":{"rendered":"<p>Transforme a sua mesa de bilhar Alta numa mesa de jantar funcional, numa sala de aula improvisada, numa mesa de confer\u00eancia para trabalho remoto ou numa mesa para servir buffets. Concebida para mesas de bilhar Alta de 2,44 m (8 p\u00e9s), esta mesa de convers\u00e3o \u00e9 composta por 4 extens\u00f5es fixadas por \u00edmanes. A base desta mesa de convers\u00e3o possui feltro protetor para evitar danos na superf\u00edcie de jogo. Acomode at\u00e9 8 a 10 pessoas para jantar com esta pr\u00e1tica mesa de convers\u00e3o. Dispon\u00edvel nos acabamentos Brushed Walnut, Peppercorn, Charcoal e Black Ash<\/p>\n","protected":false},"excerpt":{"rendered":"<p>Transforme a sua mesa de bilhar Alta numa mesa de jantar funcional, numa sala de aula improvisada, numa mesa de [&hellip;]<\/p>\n","protected":false},"featured_media":111407,"template":"","meta":{"site-sidebar-layout":"default","site-content-layout":"","ast-site-content-layout":"default","site-content-style":"default","site-sidebar-style":"default","ast-global-header-display":"","ast-banner-title-visibility":"","ast-main-header-display":"","ast-hfb-above-header-display":"","ast-hfb-below-header-display":"","ast-hfb-mobile-header-display":"","site-post-title":"","ast-breadcrumbs-content":"","ast-featured-img":"","footer-sml-layout":"","ast-disable-related-posts":"","theme-transparent-header-meta":"default","adv-header-id-meta":"","stick-header-meta":"","header-above-stick-meta":"","header-main-stick-meta":"","header-below-stick-meta":"","astra-migrate-meta-layouts":"default","ast-page-background-enabled":"default","ast-page-background-meta":{"desktop":{"background-color":"var(--ast-global-color-4)","background-image":"","background-repeat":"repeat","background-position":"center center","background-size":"auto","background-attachment":"scroll","background-type":"","background-media":"","overlay-type":"","overlay-color":"","overlay-opacity":"","overlay-gradient":""},"tablet":{"background-color":"","background-image":"","background-repeat":"repeat","background-position":"center center","background-size":"auto","background-attachment":"scroll","background-type":"","background-media":"","overlay-type":"","overlay-color":"","overlay-opacity":"","overlay-gradient":""},"mobile":{"background-color":"","background-image":"","background-repeat":"repeat","background-position":"center center","background-size":"auto","background-attachment":"scroll","background-type":"","background-media":"","overlay-type":"","overlay-color":"","overlay-opacity":"","overlay-gradient":""}},"ast-content-background-meta":{"desktop":{"background-color":"var(--ast-global-color-5)","background-image":"","background-repeat":"repeat","background-position":"center center","background-size":"auto","background-attachment":"scroll","background-type":"","background-media":"","overlay-type":"","overlay-color":"","overlay-opacity":"","overlay-gradient":""},"tablet":{"background-color":"var(--ast-global-color-5)","background-image":"","background-repeat":"repeat","background-position":"center center","background-size":"auto","background-attachment":"scroll","background-type":"","background-media":"","overlay-type":"","overlay-color":"","overlay-opacity":"","overlay-gradient":""},"mobile":{"background-color":"var(--ast-global-color-5)","background-image":"","background-repeat":"repeat","background-position":"center center","background-size":"auto","background-attachment":"scroll","background-type":"","background-media":"","overlay-type":"","overlay-color":"","overlay-opacity":"","overlay-gradient":""}}},"product_brand":[5211],"product_cat":[5329,1548],"product_tag":[],"class_list":{"0":"post-111347","1":"product","2":"type-product","3":"status-publish","4":"has-post-thumbnail","6":"product_brand-american-heritage-billiards-pt-pt","7":"product_cat-acessorios-bilhar-american-heritage","8":"product_cat-tampos-para-bilhar","9":"product_shipping_class-matraquilhos-grandes","10":"desktop-align-center","11":"tablet-align-left","12":"mobile-align-left","14":"first","15":"onbackorder","16":"taxable","17":"shipping-taxable","18":"purchasable","19":"product-type-variable"},"yoast_head":"<!-- This site is optimized with the Yoast SEO plugin v27.4 - https:\/\/yoast.com\/product\/yoast-seo-wordpress\/ -->\n<title>Tampo de jantar American Heritage Alta - The World Billiards<\/title>\n<meta name=\"description\" content=\"Transforme a sua mesa de bilhar Alta numa mesa de jantar funcional, numa sala de aula improvisada, numa mesa de confer\u00eancia para trabalho remoto ou numa mesa para servir buffets. Concebida para mesas de bilhar Alta de 2,44 m (8 p\u00e9s), esta mesa de convers\u00e3o \u00e9 composta por 4 extens\u00f5es fixadas por \u00edmanes. A base desta mesa de convers\u00e3o possui feltro protetor para evitar danos na superf\u00edcie de jogo. Acomode at\u00e9 8 a 10 pessoas para jantar com esta pr\u00e1tica mesa de convers\u00e3o. Dispon\u00edvel nos acabamentos Brushed Walnut, Peppercorn, Charcoal e Black Ash\" \/>\n<meta name=\"robots\" content=\"index, follow, max-snippet:-1, max-image-preview:large, max-video-preview:-1\" \/>\n<link rel=\"canonical\" href=\"https:\/\/theworldbilliards.com\/pt-pt\/produto\/tampo-de-jantar-american-heritage-alta\/\" \/>\n<meta property=\"og:locale\" content=\"pt_PT\" \/>\n<meta property=\"og:type\" content=\"article\" \/>\n<meta property=\"og:title\" content=\"Tampo de jantar American Heritage Alta - The World Billiards\" \/>\n<meta property=\"og:description\" content=\"Transforme a sua mesa de bilhar Alta numa mesa de jantar funcional, numa sala de aula improvisada, numa mesa de confer\u00eancia para trabalho remoto ou numa mesa para servir buffets. Concebida para mesas de bilhar Alta de 2,44 m (8 p\u00e9s), esta mesa de convers\u00e3o \u00e9 composta por 4 extens\u00f5es fixadas por \u00edmanes. A base desta mesa de convers\u00e3o possui feltro protetor para evitar danos na superf\u00edcie de jogo. Acomode at\u00e9 8 a 10 pessoas para jantar com esta pr\u00e1tica mesa de convers\u00e3o. Dispon\u00edvel nos acabamentos Brushed Walnut, Peppercorn, Charcoal e Black Ash\" \/>\n<meta property=\"og:url\" content=\"https:\/\/theworldbilliards.com\/pt-pt\/produto\/tampo-de-jantar-american-heritage-alta\/\" \/>\n<meta property=\"og:site_name\" content=\"The World Billiards\" \/>\n<meta property=\"article:publisher\" content=\"https:\/\/www.facebook.com\/baby.foot.superbes\" \/>\n<meta property=\"article:modified_time\" content=\"2026-02-04T12:57:45+00:00\" \/>\n<meta property=\"og:image\" content=\"https:\/\/theworldbilliards.com\/wp-content\/uploads\/2026\/02\/ConversionTop-Alta.png\" \/>\n\t<meta property=\"og:image:width\" content=\"1256\" \/>\n\t<meta property=\"og:image:height\" content=\"1255\" \/>\n\t<meta property=\"og:image:type\" content=\"image\/png\" \/>\n<meta name=\"twitter:card\" content=\"summary_large_image\" \/>\n<meta name=\"twitter:label1\" content=\"Tempo estimado de leitura\" \/>\n\t<meta name=\"twitter:data1\" content=\"1 minuto\" \/>\n<script type=\"application\/ld+json\" class=\"yoast-schema-graph\">{\"@context\":\"https:\\\/\\\/schema.org\",\"@graph\":[{\"@type\":\"WebPage\",\"@id\":\"https:\\\/\\\/theworldbilliards.com\\\/pt-pt\\\/produto\\\/tampo-de-jantar-american-heritage-alta\\\/\",\"url\":\"https:\\\/\\\/theworldbilliards.com\\\/pt-pt\\\/produto\\\/tampo-de-jantar-american-heritage-alta\\\/\",\"name\":\"Tampo de jantar American Heritage Alta - The World Billiards\",\"isPartOf\":{\"@id\":\"https:\\\/\\\/theworldbilliards.com\\\/pt-pt\\\/#website\"},\"primaryImageOfPage\":{\"@id\":\"https:\\\/\\\/theworldbilliards.com\\\/pt-pt\\\/produto\\\/tampo-de-jantar-american-heritage-alta\\\/#primaryimage\"},\"image\":{\"@id\":\"https:\\\/\\\/theworldbilliards.com\\\/pt-pt\\\/produto\\\/tampo-de-jantar-american-heritage-alta\\\/#primaryimage\"},\"thumbnailUrl\":\"https:\\\/\\\/theworldbilliards.com\\\/wp-content\\\/uploads\\\/2026\\\/02\\\/ConversionTop-Alta.png\",\"datePublished\":\"2026-02-04T11:40:49+00:00\",\"dateModified\":\"2026-02-04T12:57:45+00:00\",\"description\":\"Transforme a sua mesa de bilhar Alta numa mesa de jantar funcional, numa sala de aula improvisada, numa mesa de confer\u00eancia para trabalho remoto ou numa mesa para servir buffets. Concebida para mesas de bilhar Alta de 2,44 m (8 p\u00e9s), esta mesa de convers\u00e3o \u00e9 composta por 4 extens\u00f5es fixadas por \u00edmanes. A base desta mesa de convers\u00e3o possui feltro protetor para evitar danos na superf\u00edcie de jogo. Acomode at\u00e9 8 a 10 pessoas para jantar com esta pr\u00e1tica mesa de convers\u00e3o. Dispon\u00edvel nos acabamentos Brushed Walnut, Peppercorn, Charcoal e Black Ash\",\"breadcrumb\":{\"@id\":\"https:\\\/\\\/theworldbilliards.com\\\/pt-pt\\\/produto\\\/tampo-de-jantar-american-heritage-alta\\\/#breadcrumb\"},\"inLanguage\":\"pt-PT\",\"potentialAction\":[{\"@type\":\"ReadAction\",\"target\":[\"https:\\\/\\\/theworldbilliards.com\\\/pt-pt\\\/produto\\\/tampo-de-jantar-american-heritage-alta\\\/\"]}]},{\"@type\":\"ImageObject\",\"inLanguage\":\"pt-PT\",\"@id\":\"https:\\\/\\\/theworldbilliards.com\\\/pt-pt\\\/produto\\\/tampo-de-jantar-american-heritage-alta\\\/#primaryimage\",\"url\":\"https:\\\/\\\/theworldbilliards.com\\\/wp-content\\\/uploads\\\/2026\\\/02\\\/ConversionTop-Alta.png\",\"contentUrl\":\"https:\\\/\\\/theworldbilliards.com\\\/wp-content\\\/uploads\\\/2026\\\/02\\\/ConversionTop-Alta.png\",\"width\":1256,\"height\":1255},{\"@type\":\"BreadcrumbList\",\"@id\":\"https:\\\/\\\/theworldbilliards.com\\\/pt-pt\\\/produto\\\/tampo-de-jantar-american-heritage-alta\\\/#breadcrumb\",\"itemListElement\":[{\"@type\":\"ListItem\",\"position\":1,\"name\":\"In\u00edcio\",\"item\":\"https:\\\/\\\/theworldbilliards.com\\\/pt-pt\\\/\"},{\"@type\":\"ListItem\",\"position\":2,\"name\":\"Loja online\",\"item\":\"https:\\\/\\\/theworldbilliards.com\\\/pt-pt\\\/loja-theworldbilliards\\\/\"},{\"@type\":\"ListItem\",\"position\":3,\"name\":\"Tampo de jantar American Heritage Alta\"}]},{\"@type\":\"WebSite\",\"@id\":\"https:\\\/\\\/theworldbilliards.com\\\/pt-pt\\\/#website\",\"url\":\"https:\\\/\\\/theworldbilliards.com\\\/pt-pt\\\/\",\"name\":\"TheWorldBilliards\",\"description\":\"Compre aqui bilhar, matraquilho, t\u00eanis de mesa e bowling\",\"publisher\":{\"@id\":\"https:\\\/\\\/theworldbilliards.com\\\/pt-pt\\\/#organization\"},\"alternateName\":\"The world billiards\",\"potentialAction\":[{\"@type\":\"SearchAction\",\"target\":{\"@type\":\"EntryPoint\",\"urlTemplate\":\"https:\\\/\\\/theworldbilliards.com\\\/pt-pt\\\/?s={search_term_string}\"},\"query-input\":{\"@type\":\"PropertyValueSpecification\",\"valueRequired\":true,\"valueName\":\"search_term_string\"}}],\"inLanguage\":\"pt-PT\"},{\"@type\":\"Organization\",\"@id\":\"https:\\\/\\\/theworldbilliards.com\\\/pt-pt\\\/#organization\",\"name\":\"The World Billiards\",\"alternateName\":\"The World Billiards\",\"url\":\"https:\\\/\\\/theworldbilliards.com\\\/pt-pt\\\/\",\"logo\":{\"@type\":\"ImageObject\",\"inLanguage\":\"pt-PT\",\"@id\":\"https:\\\/\\\/theworldbilliards.com\\\/pt-pt\\\/#\\\/schema\\\/logo\\\/image\\\/\",\"url\":\"\",\"contentUrl\":\"\",\"caption\":\"The World Billiards\"},\"image\":{\"@id\":\"https:\\\/\\\/theworldbilliards.com\\\/pt-pt\\\/#\\\/schema\\\/logo\\\/image\\\/\"},\"sameAs\":[\"https:\\\/\\\/www.facebook.com\\\/baby.foot.superbes\",\"https:\\\/\\\/www.youtube.com\\\/channel\\\/UCIMuOVAaUcH6UpZcsZlH0Tg\",\"https:\\\/\\\/www.facebook.com\\\/people\\\/Brunswick-Billiards-EspaaPortugal\\\/100066446264309\\\/\",\"https:\\\/\\\/www.instagram.com\\\/the_world_billiards\\\/\",\"https:\\\/\\\/www.pinterest.es\\\/Theworldbilliards\\\/\"]}]}<\/script>\n<!-- \/ Yoast SEO plugin. -->","yoast_head_json":{"title":"Tampo de jantar American Heritage Alta - The World Billiards","description":"Transforme a sua mesa de bilhar Alta numa mesa de jantar funcional, numa sala de aula improvisada, numa mesa de confer\u00eancia para trabalho remoto ou numa mesa para servir buffets. Concebida para mesas de bilhar Alta de 2,44 m (8 p\u00e9s), esta mesa de convers\u00e3o \u00e9 composta por 4 extens\u00f5es fixadas por \u00edmanes. A base desta mesa de convers\u00e3o possui feltro protetor para evitar danos na superf\u00edcie de jogo. Acomode at\u00e9 8 a 10 pessoas para jantar com esta pr\u00e1tica mesa de convers\u00e3o. Dispon\u00edvel nos acabamentos Brushed Walnut, Peppercorn, Charcoal e Black Ash","robots":{"index":"index","follow":"follow","max-snippet":"max-snippet:-1","max-image-preview":"max-image-preview:large","max-video-preview":"max-video-preview:-1"},"canonical":"https:\/\/theworldbilliards.com\/pt-pt\/produto\/tampo-de-jantar-american-heritage-alta\/","og_locale":"pt_PT","og_type":"article","og_title":"Tampo de jantar American Heritage Alta - The World Billiards","og_description":"Transforme a sua mesa de bilhar Alta numa mesa de jantar funcional, numa sala de aula improvisada, numa mesa de confer\u00eancia para trabalho remoto ou numa mesa para servir buffets. Concebida para mesas de bilhar Alta de 2,44 m (8 p\u00e9s), esta mesa de convers\u00e3o \u00e9 composta por 4 extens\u00f5es fixadas por \u00edmanes. A base desta mesa de convers\u00e3o possui feltro protetor para evitar danos na superf\u00edcie de jogo. Acomode at\u00e9 8 a 10 pessoas para jantar com esta pr\u00e1tica mesa de convers\u00e3o. Dispon\u00edvel nos acabamentos Brushed Walnut, Peppercorn, Charcoal e Black Ash","og_url":"https:\/\/theworldbilliards.com\/pt-pt\/produto\/tampo-de-jantar-american-heritage-alta\/","og_site_name":"The World Billiards","article_publisher":"https:\/\/www.facebook.com\/baby.foot.superbes","article_modified_time":"2026-02-04T12:57:45+00:00","og_image":[{"width":1256,"height":1255,"url":"https:\/\/theworldbilliards.com\/wp-content\/uploads\/2026\/02\/ConversionTop-Alta.png","type":"image\/png"}],"twitter_card":"summary_large_image","twitter_misc":{"Tempo estimado de leitura":"1 minuto"},"schema":{"@context":"https:\/\/schema.org","@graph":[{"@type":"WebPage","@id":"https:\/\/theworldbilliards.com\/pt-pt\/produto\/tampo-de-jantar-american-heritage-alta\/","url":"https:\/\/theworldbilliards.com\/pt-pt\/produto\/tampo-de-jantar-american-heritage-alta\/","name":"Tampo de jantar American Heritage Alta - The World Billiards","isPartOf":{"@id":"https:\/\/theworldbilliards.com\/pt-pt\/#website"},"primaryImageOfPage":{"@id":"https:\/\/theworldbilliards.com\/pt-pt\/produto\/tampo-de-jantar-american-heritage-alta\/#primaryimage"},"image":{"@id":"https:\/\/theworldbilliards.com\/pt-pt\/produto\/tampo-de-jantar-american-heritage-alta\/#primaryimage"},"thumbnailUrl":"https:\/\/theworldbilliards.com\/wp-content\/uploads\/2026\/02\/ConversionTop-Alta.png","datePublished":"2026-02-04T11:40:49+00:00","dateModified":"2026-02-04T12:57:45+00:00","description":"Transforme a sua mesa de bilhar Alta numa mesa de jantar funcional, numa sala de aula improvisada, numa mesa de confer\u00eancia para trabalho remoto ou numa mesa para servir buffets. Concebida para mesas de bilhar Alta de 2,44 m (8 p\u00e9s), esta mesa de convers\u00e3o \u00e9 composta por 4 extens\u00f5es fixadas por \u00edmanes. A base desta mesa de convers\u00e3o possui feltro protetor para evitar danos na superf\u00edcie de jogo. Acomode at\u00e9 8 a 10 pessoas para jantar com esta pr\u00e1tica mesa de convers\u00e3o. Dispon\u00edvel nos acabamentos Brushed Walnut, Peppercorn, Charcoal e Black Ash","breadcrumb":{"@id":"https:\/\/theworldbilliards.com\/pt-pt\/produto\/tampo-de-jantar-american-heritage-alta\/#breadcrumb"},"inLanguage":"pt-PT","potentialAction":[{"@type":"ReadAction","target":["https:\/\/theworldbilliards.com\/pt-pt\/produto\/tampo-de-jantar-american-heritage-alta\/"]}]},{"@type":"ImageObject","inLanguage":"pt-PT","@id":"https:\/\/theworldbilliards.com\/pt-pt\/produto\/tampo-de-jantar-american-heritage-alta\/#primaryimage","url":"https:\/\/theworldbilliards.com\/wp-content\/uploads\/2026\/02\/ConversionTop-Alta.png","contentUrl":"https:\/\/theworldbilliards.com\/wp-content\/uploads\/2026\/02\/ConversionTop-Alta.png","width":1256,"height":1255},{"@type":"BreadcrumbList","@id":"https:\/\/theworldbilliards.com\/pt-pt\/produto\/tampo-de-jantar-american-heritage-alta\/#breadcrumb","itemListElement":[{"@type":"ListItem","position":1,"name":"In\u00edcio","item":"https:\/\/theworldbilliards.com\/pt-pt\/"},{"@type":"ListItem","position":2,"name":"Loja online","item":"https:\/\/theworldbilliards.com\/pt-pt\/loja-theworldbilliards\/"},{"@type":"ListItem","position":3,"name":"Tampo de jantar American Heritage Alta"}]},{"@type":"WebSite","@id":"https:\/\/theworldbilliards.com\/pt-pt\/#website","url":"https:\/\/theworldbilliards.com\/pt-pt\/","name":"TheWorldBilliards","description":"Compre aqui bilhar, matraquilho, t\u00eanis de mesa e bowling","publisher":{"@id":"https:\/\/theworldbilliards.com\/pt-pt\/#organization"},"alternateName":"The world billiards","potentialAction":[{"@type":"SearchAction","target":{"@type":"EntryPoint","urlTemplate":"https:\/\/theworldbilliards.com\/pt-pt\/?s={search_term_string}"},"query-input":{"@type":"PropertyValueSpecification","valueRequired":true,"valueName":"search_term_string"}}],"inLanguage":"pt-PT"},{"@type":"Organization","@id":"https:\/\/theworldbilliards.com\/pt-pt\/#organization","name":"The World Billiards","alternateName":"The World Billiards","url":"https:\/\/theworldbilliards.com\/pt-pt\/","logo":{"@type":"ImageObject","inLanguage":"pt-PT","@id":"https:\/\/theworldbilliards.com\/pt-pt\/#\/schema\/logo\/image\/","url":"","contentUrl":"","caption":"The World Billiards"},"image":{"@id":"https:\/\/theworldbilliards.com\/pt-pt\/#\/schema\/logo\/image\/"},"sameAs":["https:\/\/www.facebook.com\/baby.foot.superbes","https:\/\/www.youtube.com\/channel\/UCIMuOVAaUcH6UpZcsZlH0Tg","https:\/\/www.facebook.com\/people\/Brunswick-Billiards-EspaaPortugal\/100066446264309\/","https:\/\/www.instagram.com\/the_world_billiards\/","https:\/\/www.pinterest.es\/Theworldbilliards\/"]}]}},"_links":{"self":[{"href":"https:\/\/theworldbilliards.com\/pt-pt\/wp-json\/wp\/v2\/product\/111347","targetHints":{"allow":["GET"]}}],"collection":[{"href":"https:\/\/theworldbilliards.com\/pt-pt\/wp-json\/wp\/v2\/product"}],"about":[{"href":"https:\/\/theworldbilliards.com\/pt-pt\/wp-json\/wp\/v2\/types\/product"}],"wp:featuredmedia":[{"embeddable":true,"href":"https:\/\/theworldbilliards.com\/pt-pt\/wp-json\/wp\/v2\/media\/111407"}],"wp:attachment":[{"href":"https:\/\/theworldbilliards.com\/pt-pt\/wp-json\/wp\/v2\/media?parent=111347"}],"wp:term":[{"taxonomy":"product_brand","embeddable":true,"href":"https:\/\/theworldbilliards.com\/pt-pt\/wp-json\/wp\/v2\/product_brand?post=111347"},{"taxonomy":"product_cat","embeddable":true,"href":"https:\/\/theworldbilliards.com\/pt-pt\/wp-json\/wp\/v2\/product_cat?post=111347"},{"taxonomy":"product_tag","embeddable":true,"href":"https:\/\/theworldbilliards.com\/pt-pt\/wp-json\/wp\/v2\/product_tag?post=111347"}],"curies":[{"name":"wp","href":"https:\/\/api.w.org\/{rel}","templated":true}]}}