{"id":111768,"date":"2026-02-18T12:30:44","date_gmt":"2026-02-18T11:30:44","guid":{"rendered":"https:\/\/theworldbilliards.com\/?post_type=product&#038;p=111768"},"modified":"2026-02-18T12:49:43","modified_gmt":"2026-02-18T11:49:43","slug":"bilhar-valley-panther-zd-12-com-moedeiro","status":"publish","type":"product","link":"https:\/\/theworldbilliards.com\/pt-pt\/produto\/bilhar-valley-panther-zd-12-com-moedeiro\/","title":{"rendered":"Bilhar VALLEY PANTHER ZD-12 com moedeiro"},"content":{"rendered":"<p>A durabilidade testada pelo tempo ainda pode parecer atraente. Nosso novo laminado Dakar Ebony, trilhos superiores pretos, miras brancas de alta visibilidade, fundi\u00e7\u00f5es de cantos suavemente integradas, forros de bolso de montagem embutida e guarni\u00e7\u00e3o de trilho de parafuso oculto para um visual atemporal e atualizado. As almofadas de dupla densidade de 5 parafusos, gabinete de n\u00facleo s\u00f3lido de sete camadas de \u00be \u201dcom tecido Valley Ultra, bem como o uso de bolas Saluc perfeitamente equilibradas, s\u00e3o todos projetados para melhorar a jogabilidade\u2026 e a lucratividade. O Valley ZD-12 possui um Push Chute embutido que aceita a maioria das moedas.<\/p>\n<p>Bolsos grandes ideais para jogar mais r\u00e1pido e melhor retorno do investimento<br \/>\nArd\u00f3sia brasileira s\u00f3lida de uma pe\u00e7a<br \/>\nSistema de trilho de almofada de cinco parafusos com borracha de dupla densidade para jogo consistente<\/p>\n<p>Laminados dispon\u00edveis: Black Frost, Dakar Ebony<\/p>\n<p>Tamanhos dispon\u00edveis<br \/>\n101&#8243; &#8211; 8 p\u00e9s<br \/>\n93&#8243; &#8211; 7 p\u00e9s<br \/>\n88&#8243; &#8211; 6,5 p\u00e9s<\/p>\n","protected":false},"excerpt":{"rendered":"<p>A durabilidade testada pelo tempo ainda pode parecer atraente. Nosso novo laminado Dakar Ebony, trilhos superiores pretos, miras brancas de [&hellip;]<\/p>\n","protected":false},"featured_media":111776,"template":"","meta":{"site-sidebar-layout":"default","site-content-layout":"","ast-site-content-layout":"default","site-content-style":"default","site-sidebar-style":"default","ast-global-header-display":"","ast-banner-title-visibility":"","ast-main-header-display":"","ast-hfb-above-header-display":"","ast-hfb-below-header-display":"","ast-hfb-mobile-header-display":"","site-post-title":"","ast-breadcrumbs-content":"","ast-featured-img":"","footer-sml-layout":"","ast-disable-related-posts":"","theme-transparent-header-meta":"default","adv-header-id-meta":"","stick-header-meta":"","header-above-stick-meta":"","header-main-stick-meta":"","header-below-stick-meta":"","astra-migrate-meta-layouts":"default","ast-page-background-enabled":"default","ast-page-background-meta":{"desktop":{"background-color":"var(--ast-global-color-4)","background-image":"","background-repeat":"repeat","background-position":"center center","background-size":"auto","background-attachment":"scroll","background-type":"","background-media":"","overlay-type":"","overlay-color":"","overlay-opacity":"","overlay-gradient":""},"tablet":{"background-color":"","background-image":"","background-repeat":"repeat","background-position":"center center","background-size":"auto","background-attachment":"scroll","background-type":"","background-media":"","overlay-type":"","overlay-color":"","overlay-opacity":"","overlay-gradient":""},"mobile":{"background-color":"","background-image":"","background-repeat":"repeat","background-position":"center center","background-size":"auto","background-attachment":"scroll","background-type":"","background-media":"","overlay-type":"","overlay-color":"","overlay-opacity":"","overlay-gradient":""}},"ast-content-background-meta":{"desktop":{"background-color":"var(--ast-global-color-5)","background-image":"","background-repeat":"repeat","background-position":"center center","background-size":"auto","background-attachment":"scroll","background-type":"","background-media":"","overlay-type":"","overlay-color":"","overlay-opacity":"","overlay-gradient":""},"tablet":{"background-color":"var(--ast-global-color-5)","background-image":"","background-repeat":"repeat","background-position":"center center","background-size":"auto","background-attachment":"scroll","background-type":"","background-media":"","overlay-type":"","overlay-color":"","overlay-opacity":"","overlay-gradient":""},"mobile":{"background-color":"var(--ast-global-color-5)","background-image":"","background-repeat":"repeat","background-position":"center center","background-size":"auto","background-attachment":"scroll","background-type":"","background-media":"","overlay-type":"","overlay-color":"","overlay-opacity":"","overlay-gradient":""}}},"product_brand":[5203],"product_cat":[1146,4524],"product_tag":[],"class_list":{"0":"post-111768","1":"product","2":"type-product","3":"status-publish","4":"has-post-thumbnail","6":"product_brand-valley-dynamo-pt-pt","7":"product_cat-bilhares-valley-dynamo","8":"product_cat-produtos-comerciais","9":"product_shipping_class-bilhares-grandes","10":"desktop-align-center","11":"tablet-align-left","12":"mobile-align-left","14":"first","15":"instock","16":"taxable","17":"shipping-taxable","18":"product-type-simple"},"yoast_head":"<!-- This site is optimized with the Yoast SEO plugin v27.4 - https:\/\/yoast.com\/product\/yoast-seo-wordpress\/ -->\n<title>Bilhar VALLEY PANTHER ZD-12 com moedeiro - The World Billiards<\/title>\n<meta name=\"description\" content=\"A durabilidade testada pelo tempo ainda pode parecer atraente. Nosso novo laminado Dakar Ebony, trilhos superiores pretos, miras brancas de alta visibilidade, fundi\u00e7\u00f5es de cantos suavemente integradas, forros de bolso de montagem embutida e guarni\u00e7\u00e3o de trilho de parafuso oculto para um visual atemporal e atualizado. As almofadas de dupla densidade de 5 parafusos, gabinete de n\u00facleo s\u00f3lido de sete camadas de \u00be \u201dcom tecido Valley Ultra, bem como o uso de bolas Saluc perfeitamente equilibradas, s\u00e3o todos projetados para melhorar a jogabilidade\u2026 e a lucratividade. O Valley ZD-12 possui um Push Chute embutido que aceita a maioria das moedas.  Bolsos grandes ideais para jogar mais r\u00e1pido e melhor retorno do investimento Ard\u00f3sia brasileira s\u00f3lida de uma pe\u00e7a Sistema de trilho de almofada de cinco parafusos com borracha de dupla densidade para jogo consistente  Laminados dispon\u00edveis: Black Frost, Dakar Ebony  Tamanhos dispon\u00edveis 101&quot; - 8 p\u00e9s 93&quot; - 7 p\u00e9s 88&quot; - 6,5 p\u00e9s\" \/>\n<meta name=\"robots\" content=\"index, follow, max-snippet:-1, max-image-preview:large, max-video-preview:-1\" \/>\n<link rel=\"canonical\" href=\"https:\/\/theworldbilliards.com\/pt-pt\/produto\/bilhar-valley-panther-zd-12-com-moedeiro\/\" \/>\n<meta property=\"og:locale\" content=\"pt_PT\" \/>\n<meta property=\"og:type\" content=\"article\" \/>\n<meta property=\"og:title\" content=\"Bilhar VALLEY PANTHER ZD-12 com moedeiro - The World Billiards\" \/>\n<meta property=\"og:description\" content=\"A durabilidade testada pelo tempo ainda pode parecer atraente. Nosso novo laminado Dakar Ebony, trilhos superiores pretos, miras brancas de alta visibilidade, fundi\u00e7\u00f5es de cantos suavemente integradas, forros de bolso de montagem embutida e guarni\u00e7\u00e3o de trilho de parafuso oculto para um visual atemporal e atualizado. As almofadas de dupla densidade de 5 parafusos, gabinete de n\u00facleo s\u00f3lido de sete camadas de \u00be \u201dcom tecido Valley Ultra, bem como o uso de bolas Saluc perfeitamente equilibradas, s\u00e3o todos projetados para melhorar a jogabilidade\u2026 e a lucratividade. O Valley ZD-12 possui um Push Chute embutido que aceita a maioria das moedas.  Bolsos grandes ideais para jogar mais r\u00e1pido e melhor retorno do investimento Ard\u00f3sia brasileira s\u00f3lida de uma pe\u00e7a Sistema de trilho de almofada de cinco parafusos com borracha de dupla densidade para jogo consistente  Laminados dispon\u00edveis: Black Frost, Dakar Ebony  Tamanhos dispon\u00edveis 101&quot; - 8 p\u00e9s 93&quot; - 7 p\u00e9s 88&quot; - 6,5 p\u00e9s\" \/>\n<meta property=\"og:url\" content=\"https:\/\/theworldbilliards.com\/pt-pt\/produto\/bilhar-valley-panther-zd-12-com-moedeiro\/\" \/>\n<meta property=\"og:site_name\" content=\"The World Billiards\" \/>\n<meta property=\"article:publisher\" content=\"https:\/\/www.facebook.com\/baby.foot.superbes\" \/>\n<meta property=\"article:modified_time\" content=\"2026-02-18T11:49:43+00:00\" \/>\n<meta property=\"og:image\" content=\"https:\/\/theworldbilliards.com\/wp-content\/uploads\/2026\/02\/ZD-12-dakar-ebony.jpg\" \/>\n\t<meta property=\"og:image:width\" content=\"1000\" \/>\n\t<meta property=\"og:image:height\" content=\"1000\" \/>\n\t<meta property=\"og:image:type\" content=\"image\/jpeg\" \/>\n<meta name=\"twitter:card\" content=\"summary_large_image\" \/>\n<meta name=\"twitter:label1\" content=\"Tempo estimado de leitura\" \/>\n\t<meta name=\"twitter:data1\" content=\"1 minuto\" \/>\n<script type=\"application\/ld+json\" class=\"yoast-schema-graph\">{\"@context\":\"https:\\\/\\\/schema.org\",\"@graph\":[{\"@type\":\"WebPage\",\"@id\":\"https:\\\/\\\/theworldbilliards.com\\\/pt-pt\\\/produto\\\/bilhar-valley-panther-zd-12-com-moedeiro\\\/\",\"url\":\"https:\\\/\\\/theworldbilliards.com\\\/pt-pt\\\/produto\\\/bilhar-valley-panther-zd-12-com-moedeiro\\\/\",\"name\":\"Bilhar VALLEY PANTHER ZD-12 com moedeiro - The World Billiards\",\"isPartOf\":{\"@id\":\"https:\\\/\\\/theworldbilliards.com\\\/pt-pt\\\/#website\"},\"primaryImageOfPage\":{\"@id\":\"https:\\\/\\\/theworldbilliards.com\\\/pt-pt\\\/produto\\\/bilhar-valley-panther-zd-12-com-moedeiro\\\/#primaryimage\"},\"image\":{\"@id\":\"https:\\\/\\\/theworldbilliards.com\\\/pt-pt\\\/produto\\\/bilhar-valley-panther-zd-12-com-moedeiro\\\/#primaryimage\"},\"thumbnailUrl\":\"https:\\\/\\\/theworldbilliards.com\\\/wp-content\\\/uploads\\\/2026\\\/02\\\/ZD-12-dakar-ebony.jpg\",\"datePublished\":\"2026-02-18T11:30:44+00:00\",\"dateModified\":\"2026-02-18T11:49:43+00:00\",\"description\":\"A durabilidade testada pelo tempo ainda pode parecer atraente. Nosso novo laminado Dakar Ebony, trilhos superiores pretos, miras brancas de alta visibilidade, fundi\u00e7\u00f5es de cantos suavemente integradas, forros de bolso de montagem embutida e guarni\u00e7\u00e3o de trilho de parafuso oculto para um visual atemporal e atualizado. As almofadas de dupla densidade de 5 parafusos, gabinete de n\u00facleo s\u00f3lido de sete camadas de \u00be \u201dcom tecido Valley Ultra, bem como o uso de bolas Saluc perfeitamente equilibradas, s\u00e3o todos projetados para melhorar a jogabilidade\u2026 e a lucratividade. O Valley ZD-12 possui um Push Chute embutido que aceita a maioria das moedas. Bolsos grandes ideais para jogar mais r\u00e1pido e melhor retorno do investimento Ard\u00f3sia brasileira s\u00f3lida de uma pe\u00e7a Sistema de trilho de almofada de cinco parafusos com borracha de dupla densidade para jogo consistente Laminados dispon\u00edveis: Black Frost, Dakar Ebony Tamanhos dispon\u00edveis 101\\\" - 8 p\u00e9s 93\\\" - 7 p\u00e9s 88\\\" - 6,5 p\u00e9s\",\"breadcrumb\":{\"@id\":\"https:\\\/\\\/theworldbilliards.com\\\/pt-pt\\\/produto\\\/bilhar-valley-panther-zd-12-com-moedeiro\\\/#breadcrumb\"},\"inLanguage\":\"pt-PT\",\"potentialAction\":[{\"@type\":\"ReadAction\",\"target\":[\"https:\\\/\\\/theworldbilliards.com\\\/pt-pt\\\/produto\\\/bilhar-valley-panther-zd-12-com-moedeiro\\\/\"]}]},{\"@type\":\"ImageObject\",\"inLanguage\":\"pt-PT\",\"@id\":\"https:\\\/\\\/theworldbilliards.com\\\/pt-pt\\\/produto\\\/bilhar-valley-panther-zd-12-com-moedeiro\\\/#primaryimage\",\"url\":\"https:\\\/\\\/theworldbilliards.com\\\/wp-content\\\/uploads\\\/2026\\\/02\\\/ZD-12-dakar-ebony.jpg\",\"contentUrl\":\"https:\\\/\\\/theworldbilliards.com\\\/wp-content\\\/uploads\\\/2026\\\/02\\\/ZD-12-dakar-ebony.jpg\",\"width\":1000,\"height\":1000},{\"@type\":\"BreadcrumbList\",\"@id\":\"https:\\\/\\\/theworldbilliards.com\\\/pt-pt\\\/produto\\\/bilhar-valley-panther-zd-12-com-moedeiro\\\/#breadcrumb\",\"itemListElement\":[{\"@type\":\"ListItem\",\"position\":1,\"name\":\"In\u00edcio\",\"item\":\"https:\\\/\\\/theworldbilliards.com\\\/pt-pt\\\/\"},{\"@type\":\"ListItem\",\"position\":2,\"name\":\"Loja online\",\"item\":\"https:\\\/\\\/theworldbilliards.com\\\/pt-pt\\\/loja-theworldbilliards\\\/\"},{\"@type\":\"ListItem\",\"position\":3,\"name\":\"Bilhar VALLEY PANTHER ZD-12 com moedeiro\"}]},{\"@type\":\"WebSite\",\"@id\":\"https:\\\/\\\/theworldbilliards.com\\\/pt-pt\\\/#website\",\"url\":\"https:\\\/\\\/theworldbilliards.com\\\/pt-pt\\\/\",\"name\":\"TheWorldBilliards\",\"description\":\"Compre aqui bilhar, matraquilho, t\u00eanis de mesa e bowling\",\"publisher\":{\"@id\":\"https:\\\/\\\/theworldbilliards.com\\\/pt-pt\\\/#organization\"},\"alternateName\":\"The world billiards\",\"potentialAction\":[{\"@type\":\"SearchAction\",\"target\":{\"@type\":\"EntryPoint\",\"urlTemplate\":\"https:\\\/\\\/theworldbilliards.com\\\/pt-pt\\\/?s={search_term_string}\"},\"query-input\":{\"@type\":\"PropertyValueSpecification\",\"valueRequired\":true,\"valueName\":\"search_term_string\"}}],\"inLanguage\":\"pt-PT\"},{\"@type\":\"Organization\",\"@id\":\"https:\\\/\\\/theworldbilliards.com\\\/pt-pt\\\/#organization\",\"name\":\"The World Billiards\",\"alternateName\":\"The World Billiards\",\"url\":\"https:\\\/\\\/theworldbilliards.com\\\/pt-pt\\\/\",\"logo\":{\"@type\":\"ImageObject\",\"inLanguage\":\"pt-PT\",\"@id\":\"https:\\\/\\\/theworldbilliards.com\\\/pt-pt\\\/#\\\/schema\\\/logo\\\/image\\\/\",\"url\":\"\",\"contentUrl\":\"\",\"caption\":\"The World Billiards\"},\"image\":{\"@id\":\"https:\\\/\\\/theworldbilliards.com\\\/pt-pt\\\/#\\\/schema\\\/logo\\\/image\\\/\"},\"sameAs\":[\"https:\\\/\\\/www.facebook.com\\\/baby.foot.superbes\",\"https:\\\/\\\/www.youtube.com\\\/channel\\\/UCIMuOVAaUcH6UpZcsZlH0Tg\",\"https:\\\/\\\/www.facebook.com\\\/people\\\/Brunswick-Billiards-EspaaPortugal\\\/100066446264309\\\/\",\"https:\\\/\\\/www.instagram.com\\\/the_world_billiards\\\/\",\"https:\\\/\\\/www.pinterest.es\\\/Theworldbilliards\\\/\"]}]}<\/script>\n<!-- \/ Yoast SEO plugin. -->","yoast_head_json":{"title":"Bilhar VALLEY PANTHER ZD-12 com moedeiro - The World Billiards","description":"A durabilidade testada pelo tempo ainda pode parecer atraente. Nosso novo laminado Dakar Ebony, trilhos superiores pretos, miras brancas de alta visibilidade, fundi\u00e7\u00f5es de cantos suavemente integradas, forros de bolso de montagem embutida e guarni\u00e7\u00e3o de trilho de parafuso oculto para um visual atemporal e atualizado. As almofadas de dupla densidade de 5 parafusos, gabinete de n\u00facleo s\u00f3lido de sete camadas de \u00be \u201dcom tecido Valley Ultra, bem como o uso de bolas Saluc perfeitamente equilibradas, s\u00e3o todos projetados para melhorar a jogabilidade\u2026 e a lucratividade. O Valley ZD-12 possui um Push Chute embutido que aceita a maioria das moedas.  Bolsos grandes ideais para jogar mais r\u00e1pido e melhor retorno do investimento Ard\u00f3sia brasileira s\u00f3lida de uma pe\u00e7a Sistema de trilho de almofada de cinco parafusos com borracha de dupla densidade para jogo consistente  Laminados dispon\u00edveis: Black Frost, Dakar Ebony  Tamanhos dispon\u00edveis 101\" - 8 p\u00e9s 93\" - 7 p\u00e9s 88\" - 6,5 p\u00e9s","robots":{"index":"index","follow":"follow","max-snippet":"max-snippet:-1","max-image-preview":"max-image-preview:large","max-video-preview":"max-video-preview:-1"},"canonical":"https:\/\/theworldbilliards.com\/pt-pt\/produto\/bilhar-valley-panther-zd-12-com-moedeiro\/","og_locale":"pt_PT","og_type":"article","og_title":"Bilhar VALLEY PANTHER ZD-12 com moedeiro - The World Billiards","og_description":"A durabilidade testada pelo tempo ainda pode parecer atraente. Nosso novo laminado Dakar Ebony, trilhos superiores pretos, miras brancas de alta visibilidade, fundi\u00e7\u00f5es de cantos suavemente integradas, forros de bolso de montagem embutida e guarni\u00e7\u00e3o de trilho de parafuso oculto para um visual atemporal e atualizado. As almofadas de dupla densidade de 5 parafusos, gabinete de n\u00facleo s\u00f3lido de sete camadas de \u00be \u201dcom tecido Valley Ultra, bem como o uso de bolas Saluc perfeitamente equilibradas, s\u00e3o todos projetados para melhorar a jogabilidade\u2026 e a lucratividade. O Valley ZD-12 possui um Push Chute embutido que aceita a maioria das moedas.  Bolsos grandes ideais para jogar mais r\u00e1pido e melhor retorno do investimento Ard\u00f3sia brasileira s\u00f3lida de uma pe\u00e7a Sistema de trilho de almofada de cinco parafusos com borracha de dupla densidade para jogo consistente  Laminados dispon\u00edveis: Black Frost, Dakar Ebony  Tamanhos dispon\u00edveis 101\" - 8 p\u00e9s 93\" - 7 p\u00e9s 88\" - 6,5 p\u00e9s","og_url":"https:\/\/theworldbilliards.com\/pt-pt\/produto\/bilhar-valley-panther-zd-12-com-moedeiro\/","og_site_name":"The World Billiards","article_publisher":"https:\/\/www.facebook.com\/baby.foot.superbes","article_modified_time":"2026-02-18T11:49:43+00:00","og_image":[{"width":1000,"height":1000,"url":"https:\/\/theworldbilliards.com\/wp-content\/uploads\/2026\/02\/ZD-12-dakar-ebony.jpg","type":"image\/jpeg"}],"twitter_card":"summary_large_image","twitter_misc":{"Tempo estimado de leitura":"1 minuto"},"schema":{"@context":"https:\/\/schema.org","@graph":[{"@type":"WebPage","@id":"https:\/\/theworldbilliards.com\/pt-pt\/produto\/bilhar-valley-panther-zd-12-com-moedeiro\/","url":"https:\/\/theworldbilliards.com\/pt-pt\/produto\/bilhar-valley-panther-zd-12-com-moedeiro\/","name":"Bilhar VALLEY PANTHER ZD-12 com moedeiro - The World Billiards","isPartOf":{"@id":"https:\/\/theworldbilliards.com\/pt-pt\/#website"},"primaryImageOfPage":{"@id":"https:\/\/theworldbilliards.com\/pt-pt\/produto\/bilhar-valley-panther-zd-12-com-moedeiro\/#primaryimage"},"image":{"@id":"https:\/\/theworldbilliards.com\/pt-pt\/produto\/bilhar-valley-panther-zd-12-com-moedeiro\/#primaryimage"},"thumbnailUrl":"https:\/\/theworldbilliards.com\/wp-content\/uploads\/2026\/02\/ZD-12-dakar-ebony.jpg","datePublished":"2026-02-18T11:30:44+00:00","dateModified":"2026-02-18T11:49:43+00:00","description":"A durabilidade testada pelo tempo ainda pode parecer atraente. Nosso novo laminado Dakar Ebony, trilhos superiores pretos, miras brancas de alta visibilidade, fundi\u00e7\u00f5es de cantos suavemente integradas, forros de bolso de montagem embutida e guarni\u00e7\u00e3o de trilho de parafuso oculto para um visual atemporal e atualizado. As almofadas de dupla densidade de 5 parafusos, gabinete de n\u00facleo s\u00f3lido de sete camadas de \u00be \u201dcom tecido Valley Ultra, bem como o uso de bolas Saluc perfeitamente equilibradas, s\u00e3o todos projetados para melhorar a jogabilidade\u2026 e a lucratividade. O Valley ZD-12 possui um Push Chute embutido que aceita a maioria das moedas. Bolsos grandes ideais para jogar mais r\u00e1pido e melhor retorno do investimento Ard\u00f3sia brasileira s\u00f3lida de uma pe\u00e7a Sistema de trilho de almofada de cinco parafusos com borracha de dupla densidade para jogo consistente Laminados dispon\u00edveis: Black Frost, Dakar Ebony Tamanhos dispon\u00edveis 101\" - 8 p\u00e9s 93\" - 7 p\u00e9s 88\" - 6,5 p\u00e9s","breadcrumb":{"@id":"https:\/\/theworldbilliards.com\/pt-pt\/produto\/bilhar-valley-panther-zd-12-com-moedeiro\/#breadcrumb"},"inLanguage":"pt-PT","potentialAction":[{"@type":"ReadAction","target":["https:\/\/theworldbilliards.com\/pt-pt\/produto\/bilhar-valley-panther-zd-12-com-moedeiro\/"]}]},{"@type":"ImageObject","inLanguage":"pt-PT","@id":"https:\/\/theworldbilliards.com\/pt-pt\/produto\/bilhar-valley-panther-zd-12-com-moedeiro\/#primaryimage","url":"https:\/\/theworldbilliards.com\/wp-content\/uploads\/2026\/02\/ZD-12-dakar-ebony.jpg","contentUrl":"https:\/\/theworldbilliards.com\/wp-content\/uploads\/2026\/02\/ZD-12-dakar-ebony.jpg","width":1000,"height":1000},{"@type":"BreadcrumbList","@id":"https:\/\/theworldbilliards.com\/pt-pt\/produto\/bilhar-valley-panther-zd-12-com-moedeiro\/#breadcrumb","itemListElement":[{"@type":"ListItem","position":1,"name":"In\u00edcio","item":"https:\/\/theworldbilliards.com\/pt-pt\/"},{"@type":"ListItem","position":2,"name":"Loja online","item":"https:\/\/theworldbilliards.com\/pt-pt\/loja-theworldbilliards\/"},{"@type":"ListItem","position":3,"name":"Bilhar VALLEY PANTHER ZD-12 com moedeiro"}]},{"@type":"WebSite","@id":"https:\/\/theworldbilliards.com\/pt-pt\/#website","url":"https:\/\/theworldbilliards.com\/pt-pt\/","name":"TheWorldBilliards","description":"Compre aqui bilhar, matraquilho, t\u00eanis de mesa e bowling","publisher":{"@id":"https:\/\/theworldbilliards.com\/pt-pt\/#organization"},"alternateName":"The world billiards","potentialAction":[{"@type":"SearchAction","target":{"@type":"EntryPoint","urlTemplate":"https:\/\/theworldbilliards.com\/pt-pt\/?s={search_term_string}"},"query-input":{"@type":"PropertyValueSpecification","valueRequired":true,"valueName":"search_term_string"}}],"inLanguage":"pt-PT"},{"@type":"Organization","@id":"https:\/\/theworldbilliards.com\/pt-pt\/#organization","name":"The World Billiards","alternateName":"The World Billiards","url":"https:\/\/theworldbilliards.com\/pt-pt\/","logo":{"@type":"ImageObject","inLanguage":"pt-PT","@id":"https:\/\/theworldbilliards.com\/pt-pt\/#\/schema\/logo\/image\/","url":"","contentUrl":"","caption":"The World Billiards"},"image":{"@id":"https:\/\/theworldbilliards.com\/pt-pt\/#\/schema\/logo\/image\/"},"sameAs":["https:\/\/www.facebook.com\/baby.foot.superbes","https:\/\/www.youtube.com\/channel\/UCIMuOVAaUcH6UpZcsZlH0Tg","https:\/\/www.facebook.com\/people\/Brunswick-Billiards-EspaaPortugal\/100066446264309\/","https:\/\/www.instagram.com\/the_world_billiards\/","https:\/\/www.pinterest.es\/Theworldbilliards\/"]}]}},"_links":{"self":[{"href":"https:\/\/theworldbilliards.com\/pt-pt\/wp-json\/wp\/v2\/product\/111768","targetHints":{"allow":["GET"]}}],"collection":[{"href":"https:\/\/theworldbilliards.com\/pt-pt\/wp-json\/wp\/v2\/product"}],"about":[{"href":"https:\/\/theworldbilliards.com\/pt-pt\/wp-json\/wp\/v2\/types\/product"}],"wp:featuredmedia":[{"embeddable":true,"href":"https:\/\/theworldbilliards.com\/pt-pt\/wp-json\/wp\/v2\/media\/111776"}],"wp:attachment":[{"href":"https:\/\/theworldbilliards.com\/pt-pt\/wp-json\/wp\/v2\/media?parent=111768"}],"wp:term":[{"taxonomy":"product_brand","embeddable":true,"href":"https:\/\/theworldbilliards.com\/pt-pt\/wp-json\/wp\/v2\/product_brand?post=111768"},{"taxonomy":"product_cat","embeddable":true,"href":"https:\/\/theworldbilliards.com\/pt-pt\/wp-json\/wp\/v2\/product_cat?post=111768"},{"taxonomy":"product_tag","embeddable":true,"href":"https:\/\/theworldbilliards.com\/pt-pt\/wp-json\/wp\/v2\/product_tag?post=111768"}],"curies":[{"name":"wp","href":"https:\/\/api.w.org\/{rel}","templated":true}]}}